{"id":42288,"date":"2024-04-13T21:17:00","date_gmt":"2024-04-13T18:17:00","guid":{"rendered":"https:\/\/twinkling.lv\/shop\/novexpert-5-omega-attirosa-ella-sejai-150-ml\/"},"modified":"2025-02-02T02:35:01","modified_gmt":"2025-02-01T23:35:01","slug":"novexpert-5-omega-attirosa-ella-sejai-150-ml","status":"publish","type":"product","link":"https:\/\/twinkling.lv\/ru\/shop\/novexpert-5-omega-attirosa-ella-sejai-150-ml\/","title":{"rendered":"NOVEXPERT 5 Omega \u043e\u0447\u0438\u0449\u0430\u044e\u0449\u0435\u0435 \u043c\u0430\u0441\u043b\u043e \u0434\u043b\u044f \u043b\u0438\u0446\u0430 150 \u043c\u043b"},"content":{"rendered":"<p><strong>\u041e\u041f\u0418\u0421\u0410\u041d\u0418\u0415<\/strong><\/p>\n<p>\u041f\u043e\u0434\u0445\u043e\u0434\u0438\u0442 \u0434\u043b\u044f \u0432\u0441\u0435\u0445 \u0442\u0438\u043f\u043e\u0432 \u043a\u043e\u0436\u0438, \u043a\u0440\u043e\u043c\u0435 \u0436\u0438\u0440\u043d\u043e\u0439. \u0415\u0436\u0435\u0434\u043d\u0435\u0432\u043d\u043e\u0435 \u043e\u0447\u0438\u0449\u0430\u044e\u0449\u0435\u0435 \u0441\u0440\u0435\u0434\u0441\u0442\u0432\u043e \u043d\u0430 \u043c\u0430\u0441\u043b\u044f\u043d\u043e\u0439 \u043e\u0441\u043d\u043e\u0432\u0435 \u0434\u043b\u044f \u043b\u0438\u0446\u0430 \u0438 \u043e\u0441\u043e\u0431\u043e \u0447\u0443\u0432\u0441\u0442\u0432\u0438\u0442\u0435\u043b\u044c\u043d\u044b\u0445 \u0437\u043e\u043d (\u0433\u0443\u0431\u044b, \u0433\u043b\u0430\u0437\u0430). \u041e\u0447\u0438\u0449\u0430\u044e\u0449\u0435\u0435 \u043c\u0430\u0441\u043b\u043e \u043d\u0435 \u0442\u043e\u043b\u044c\u043a\u043e \u043c\u044f\u0433\u043a\u043e \u0443\u0434\u0430\u043b\u044f\u0435\u0442 \u0432\u043e\u0434\u043e\u0441\u0442\u043e\u0439\u043a\u0438\u0439 \u043c\u0430\u043a\u0438\u044f\u0436, \u043d\u043e \u0438 \u043f\u043e\u043b\u043d\u043e\u0441\u0442\u044c\u044e \u0443\u0434\u0430\u043b\u044f\u0435\u0442 \u0441 \u043a\u043e\u0436\u0438 \u0432\u0441\u0435 \u0437\u0430\u0433\u0440\u044f\u0437\u043d\u0435\u043d\u0438\u044f \u043e\u043a\u0440\u0443\u0436\u0430\u044e\u0449\u0435\u0439 \u0441\u0440\u0435\u0434\u044b \u0438 \u0434\u0440\u0443\u0433\u0438\u0435 \u0437\u0430\u0433\u0440\u044f\u0437\u043d\u0435\u043d\u0438\u044f. \u0411\u043b\u0430\u0433\u043e\u0434\u0430\u0440\u044f \u0441\u0432\u043e\u0435\u0439 \u043e\u0441\u043e\u0431\u0435\u043d\u043d\u043e \u043b\u0435\u0433\u043a\u043e\u0439 \u0442\u0435\u043a\u0441\u0442\u0443\u0440\u0435 \u043c\u0430\u0441\u043b\u043e \u043c\u0433\u043d\u043e\u0432\u0435\u043d\u043d\u043e \u0432\u043f\u0438\u0442\u044b\u0432\u0430\u0435\u0442\u0441\u044f \u0432 \u043a\u043e\u0436\u0443 \u0438 \u0434\u0435\u043b\u0430\u0435\u0442 \u0435\u0435 \u0431\u0430\u0440\u0445\u0430\u0442\u0438\u0441\u0442\u043e\u0439. \u0421\u043e\u0434\u0435\u0440\u0436\u0438\u0442 \u043c\u0430\u0441\u043b\u043e \u0441\u0435\u043c\u044f\u043d \u041f\u043e\u0434\u0441\u043e\u043b\u043d\u0435\u0447\u043d\u0438\u043a\u0430, \u041a\u0443\u043d\u0436\u0443\u0442\u0430, \u0421\u0438\u043c\u043e\u043d\u0434\u0441\u0438\u0438, \u0413\u0438\u0434\u0440\u044b, \u0413\u0440\u0430\u043d\u0430\u0442\u0430, \u0410\u0444\u0440\u0438\u043a\u0430\u043d\u0441\u043a\u043e\u0439 \u041c\u0430\u0440\u0443\u043b\u044b, \u0418\u043d\u043a\u0430 \u0418\u043d\u0447\u0438 \u0438 \u041e\u0431\u043b\u0435\u043f\u0438\u0445\u0438, \u0430 \u0442\u0430\u043a\u0436\u0435 \u043f\u044f\u0442\u044c \u0432\u0438\u0434\u043e\u0432 \u041e\u043c\u0435\u0433\u0430 (3, 5, 6, 7, 9) \u043f\u043e\u043b\u043d\u043e\u0446\u0435\u043d\u043d\u043e \u0443\u0445\u0430\u0436\u0438\u0432\u0430\u0435\u0442, \u0443\u0432\u043b\u0430\u0436\u043d\u044f\u0435\u0442 (\u0434\u043e 8 \u0447\u0430\u0441\u043e\u0432), \u0440\u0435\u0433\u0435\u043d\u0435\u0440\u0438\u0440\u0443\u0435\u0442, \u0443\u0441\u043f\u043e\u043a\u0430\u0438\u0432\u0430\u0435\u0442 \u0438 \u0437\u0430\u0449\u0438\u0449\u0430\u0435\u0442 \u043a\u043e\u0436\u0443.<\/p>\n<p><strong>\u0421\u041f\u041e\u0421\u041e\u0411 \u041f\u0420\u0418\u041c\u0415\u041d\u0415\u041d\u0418\u042f<\/strong><\/p>\n<p>\u0421\u043c\u043e\u0447\u0438\u0442\u0435 \u0432\u0430\u0442\u043d\u044b\u0439 \u0434\u0438\u0441\u043a \u0438\u043b\u0438 \u0442\u043a\u0430\u043d\u044c \u0432\u043e\u0434\u043e\u0439, \u043a\u0430\u043f\u043d\u0438\u0442\u0435 \u043d\u0430 \u043d\u0435\u0433\u043e \u0442\u0440\u0438 \u043a\u0430\u043f\u043b\u0438 \u043c\u0430\u0441\u043b\u0430. \u041e\u0447\u0438\u0441\u0442\u0438\u0442\u0435 \u0441\u0443\u0445\u0443\u044e \u043a\u043e\u0436\u0443 \u043e\u0434\u043d\u043e\u0439 \u0441\u0442\u043e\u0440\u043e\u043d\u043e\u0439 \u0442\u043a\u0430\u043d\u0438, \u0437\u0430\u0442\u0435\u043c \u0441\u043d\u043e\u0432\u0430 \u043e\u0447\u0438\u0441\u0442\u0438\u0442\u0435 \u0435\u0435 \u0434\u0440\u0443\u0433\u043e\u0439 \u0441\u0442\u043e\u0440\u043e\u043d\u043e\u0439.<\/p>\n<p><strong>\u0421\u041e\u0421\u0422\u0410\u0412<\/strong><\/p>\n<p>Helianthus Annuus (Sunflower) Seed Oil*\u00b0, Caprylic\/Capric Triglyceride\u00b0, Polyglyceryl-4 Oleate\u00b0, Sesamum Indicum (Sesame) Seed Oil*\u00b0, Simmondsia Chinensis (Jojoba) Seed Oil*\u00b0, Camelina Sativa Seed Oil*\u00b0, Punica Granatum Seed Oil*\u00b0, Sclerocarya Birrea Seed Oil\u00b0, Plukenetia Volubilis Seed Oil*\u00b0, Hippophae Rhamnoides Oil*\u00b0, Tocopherol\u00b0, Parfum (Fragrance)\u00b0, Mauritia Flexuosa Fruit Oil\u00b0.<br \/>\n* Biolo\u0123isk\u0101s lauksaimniec\u012bbas sast\u0101vda\u013cas\u00b0 100% sast\u0101vda\u013cu ir dabiskas izcelsmes<\/p>\n","protected":false},"excerpt":{"rendered":"<p>\u041e\u041f\u0418\u0421\u0410\u041d\u0418\u0415 \u041f\u043e\u0434\u0445\u043e\u0434\u0438\u0442 \u0434\u043b\u044f \u0432\u0441\u0435\u0445 \u0442\u0438\u043f\u043e\u0432 \u043a\u043e\u0436\u0438, \u043a\u0440\u043e\u043c\u0435 \u0436\u0438\u0440\u043d\u043e\u0439. \u0415\u0436\u0435\u0434\u043d\u0435\u0432\u043d\u043e\u0435 \u043e\u0447\u0438\u0449\u0430\u044e\u0449\u0435\u0435 \u0441\u0440\u0435\u0434\u0441\u0442\u0432\u043e \u043d\u0430 \u043c\u0430\u0441\u043b\u044f\u043d\u043e\u0439 \u043e\u0441\u043d\u043e\u0432\u0435 \u0434\u043b\u044f \u043b\u0438\u0446\u0430 \u0438 \u043e\u0441\u043e\u0431\u043e \u0447\u0443\u0432\u0441\u0442\u0432\u0438\u0442\u0435\u043b\u044c\u043d\u044b\u0445 \u0437\u043e\u043d (\u0433\u0443\u0431\u044b, \u0433\u043b\u0430\u0437\u0430). \u041e\u0447\u0438\u0449\u0430\u044e\u0449\u0435\u0435 \u043c\u0430\u0441\u043b\u043e \u043d\u0435 \u0442\u043e\u043b\u044c\u043a\u043e \u043c\u044f\u0433\u043a\u043e \u0443\u0434\u0430\u043b\u044f\u0435\u0442 \u0432\u043e\u0434\u043e\u0441\u0442\u043e\u0439\u043a\u0438\u0439 \u043c\u0430\u043a\u0438\u044f\u0436, \u043d\u043e \u0438 \u043f\u043e\u043b\u043d\u043e\u0441\u0442\u044c\u044e \u0443\u0434\u0430\u043b\u044f\u0435\u0442 \u0441 \u043a\u043e\u0436\u0438 \u0432\u0441\u0435 \u0437\u0430\u0433\u0440\u044f\u0437\u043d\u0435\u043d\u0438\u044f \u043e\u043a\u0440\u0443\u0436\u0430\u044e\u0449\u0435\u0439 \u0441\u0440\u0435\u0434\u044b \u0438 \u0434\u0440\u0443\u0433\u0438\u0435 \u0437\u0430\u0433\u0440\u044f\u0437\u043d\u0435\u043d\u0438\u044f. \u0411\u043b\u0430\u0433\u043e\u0434\u0430\u0440\u044f \u0441\u0432\u043e\u0435\u0439 \u043e\u0441\u043e\u0431\u0435\u043d\u043d\u043e \u043b\u0435\u0433\u043a\u043e\u0439 \u0442\u0435\u043a\u0441\u0442\u0443\u0440\u0435 \u043c\u0430\u0441\u043b\u043e \u043c\u0433\u043d\u043e\u0432\u0435\u043d\u043d\u043e \u0432\u043f\u0438\u0442\u044b\u0432\u0430\u0435\u0442\u0441\u044f \u0432 \u043a\u043e\u0436\u0443 \u0438 \u0434\u0435\u043b\u0430\u0435\u0442 [&#8230;]\n","protected":false},"featured_media":40313,"comment_status":"open","ping_status":"closed","template":"","meta":[],"product_brand":[],"product_cat":[3867,1674,1703,1705,1692],"product_tag":[],"class_list":{"0":"post-42288","1":"product","2":"type-product","3":"status-publish","4":"has-post-thumbnail","6":"product_cat-novexpert-ru","7":"product_cat-zimoli-ru","8":"product_cat-seja-ru","9":"product_cat-attirosie-un-tonizejosie-lidzekli-ru","10":"product_cat-adas-kopsana-ru","12":"first","13":"outofstock","14":"taxable","15":"shipping-taxable","16":"purchasable","17":"product-type-simple"},"yoast_head":"<!-- This site is optimized with the Yoast SEO plugin v27.4 - https:\/\/yoast.com\/product\/yoast-seo-wordpress\/ -->\n<title>NOVEXPERT 5 Omega \u043e\u0447\u0438\u0449\u0430\u044e\u0449\u0435\u0435 \u043c\u0430\u0441\u043b\u043e \u0434\u043b\u044f \u043b\u0438\u0446\u0430 150 \u043c\u043b | Twinkling<\/title>\n<meta name=\"description\" content=\"\u041e\u041f\u0418\u0421\u0410\u041d\u0418\u0415 \u041f\u043e\u0434\u0445\u043e\u0434\u0438\u0442 \u0434\u043b\u044f \u0432\u0441\u0435\u0445 \u0442\u0438\u043f\u043e\u0432 \u043a\u043e\u0436\u0438, \u043a\u0440\u043e\u043c\u0435 \u0436\u0438\u0440\u043d\u043e\u0439. \u0415\u0436\u0435\u0434\u043d\u0435\u0432\u043d\u043e\u0435 \u043e\u0447\u0438\u0449\u0430\u044e\u0449\u0435\u0435 \u0441\u0440\u0435\u0434\u0441\u0442\u0432\u043e \u043d\u0430 \u043c\u0430\u0441\u043b\u044f\u043d\u043e\u0439 \u043e\u0441\u043d\u043e\u0432\u0435 \u0434\u043b\u044f \u043b\u0438\u0446\u0430 \u0438 \u043e\u0441\u043e\u0431\u043e \u0447\u0443\u0432\u0441\u0442\u0432\u0438\u0442\u0435\u043b\u044c\u043d\u044b\u0445 \u0437\u043e\u043d (\u0433\u0443\u0431\u044b, \u0433\u043b\u0430\u0437\u0430).\" \/>\n<meta name=\"robots\" content=\"index, follow, max-snippet:-1, max-image-preview:large, max-video-preview:-1\" \/>\n<link rel=\"canonical\" href=\"https:\/\/twinkling.lv\/ru\/shop\/novexpert-5-omega-attirosa-ella-sejai-150-ml\/\" \/>\n<meta property=\"og:locale\" content=\"ru_RU\" \/>\n<meta property=\"og:type\" content=\"article\" \/>\n<meta property=\"og:title\" content=\"NOVEXPERT 5 Omega \u043e\u0447\u0438\u0449\u0430\u044e\u0449\u0435\u0435 \u043c\u0430\u0441\u043b\u043e \u0434\u043b\u044f \u043b\u0438\u0446\u0430 150 \u043c\u043b | Twinkling\" \/>\n<meta property=\"og:description\" content=\"\u041e\u041f\u0418\u0421\u0410\u041d\u0418\u0415 \u041f\u043e\u0434\u0445\u043e\u0434\u0438\u0442 \u0434\u043b\u044f \u0432\u0441\u0435\u0445 \u0442\u0438\u043f\u043e\u0432 \u043a\u043e\u0436\u0438, \u043a\u0440\u043e\u043c\u0435 \u0436\u0438\u0440\u043d\u043e\u0439. \u0415\u0436\u0435\u0434\u043d\u0435\u0432\u043d\u043e\u0435 \u043e\u0447\u0438\u0449\u0430\u044e\u0449\u0435\u0435 \u0441\u0440\u0435\u0434\u0441\u0442\u0432\u043e \u043d\u0430 \u043c\u0430\u0441\u043b\u044f\u043d\u043e\u0439 \u043e\u0441\u043d\u043e\u0432\u0435 \u0434\u043b\u044f \u043b\u0438\u0446\u0430 \u0438 \u043e\u0441\u043e\u0431\u043e \u0447\u0443\u0432\u0441\u0442\u0432\u0438\u0442\u0435\u043b\u044c\u043d\u044b\u0445 \u0437\u043e\u043d (\u0433\u0443\u0431\u044b, \u0433\u043b\u0430\u0437\u0430).\" \/>\n<meta property=\"og:url\" content=\"https:\/\/twinkling.lv\/ru\/shop\/novexpert-5-omega-attirosa-ella-sejai-150-ml\/\" \/>\n<meta property=\"og:site_name\" content=\"Twinkling\" \/>\n<meta property=\"article:modified_time\" content=\"2025-02-01T23:35:01+00:00\" \/>\n<meta property=\"og:image\" content=\"https:\/\/twinkling.lv\/wp-content\/uploads\/2024\/04\/NOVEXPERT-5-Omega-attirosa-ella-sejai-150-ml.jpg\" \/>\n\t<meta property=\"og:image:width\" content=\"800\" \/>\n\t<meta property=\"og:image:height\" content=\"800\" \/>\n\t<meta property=\"og:image:type\" content=\"image\/jpeg\" \/>\n<meta name=\"twitter:card\" content=\"summary_large_image\" \/>\n<script type=\"application\/ld+json\" class=\"yoast-schema-graph\">{\"@context\":\"https:\\\/\\\/schema.org\",\"@graph\":[{\"@type\":\"WebPage\",\"@id\":\"https:\\\/\\\/twinkling.lv\\\/ru\\\/shop\\\/novexpert-5-omega-attirosa-ella-sejai-150-ml\\\/\",\"url\":\"https:\\\/\\\/twinkling.lv\\\/ru\\\/shop\\\/novexpert-5-omega-attirosa-ella-sejai-150-ml\\\/\",\"name\":\"NOVEXPERT 5 Omega \u043e\u0447\u0438\u0449\u0430\u044e\u0449\u0435\u0435 \u043c\u0430\u0441\u043b\u043e \u0434\u043b\u044f \u043b\u0438\u0446\u0430 150 \u043c\u043b | Twinkling\",\"isPartOf\":{\"@id\":\"https:\\\/\\\/twinkling.lv\\\/ru\\\/#website\"},\"primaryImageOfPage\":{\"@id\":\"https:\\\/\\\/twinkling.lv\\\/ru\\\/shop\\\/novexpert-5-omega-attirosa-ella-sejai-150-ml\\\/#primaryimage\"},\"image\":{\"@id\":\"https:\\\/\\\/twinkling.lv\\\/ru\\\/shop\\\/novexpert-5-omega-attirosa-ella-sejai-150-ml\\\/#primaryimage\"},\"thumbnailUrl\":\"https:\\\/\\\/twinkling.lv\\\/wp-content\\\/uploads\\\/2024\\\/04\\\/NOVEXPERT-5-Omega-attirosa-ella-sejai-150-ml.jpg\",\"datePublished\":\"2024-04-13T18:17:00+00:00\",\"dateModified\":\"2025-02-01T23:35:01+00:00\",\"description\":\"\u041e\u041f\u0418\u0421\u0410\u041d\u0418\u0415 \u041f\u043e\u0434\u0445\u043e\u0434\u0438\u0442 \u0434\u043b\u044f \u0432\u0441\u0435\u0445 \u0442\u0438\u043f\u043e\u0432 \u043a\u043e\u0436\u0438, \u043a\u0440\u043e\u043c\u0435 \u0436\u0438\u0440\u043d\u043e\u0439. \u0415\u0436\u0435\u0434\u043d\u0435\u0432\u043d\u043e\u0435 \u043e\u0447\u0438\u0449\u0430\u044e\u0449\u0435\u0435 \u0441\u0440\u0435\u0434\u0441\u0442\u0432\u043e \u043d\u0430 \u043c\u0430\u0441\u043b\u044f\u043d\u043e\u0439 \u043e\u0441\u043d\u043e\u0432\u0435 \u0434\u043b\u044f \u043b\u0438\u0446\u0430 \u0438 \u043e\u0441\u043e\u0431\u043e \u0447\u0443\u0432\u0441\u0442\u0432\u0438\u0442\u0435\u043b\u044c\u043d\u044b\u0445 \u0437\u043e\u043d (\u0433\u0443\u0431\u044b, \u0433\u043b\u0430\u0437\u0430).\",\"breadcrumb\":{\"@id\":\"https:\\\/\\\/twinkling.lv\\\/ru\\\/shop\\\/novexpert-5-omega-attirosa-ella-sejai-150-ml\\\/#breadcrumb\"},\"inLanguage\":\"ru-RU\",\"potentialAction\":[{\"@type\":\"ReadAction\",\"target\":[\"https:\\\/\\\/twinkling.lv\\\/ru\\\/shop\\\/novexpert-5-omega-attirosa-ella-sejai-150-ml\\\/\"]}]},{\"@type\":\"ImageObject\",\"inLanguage\":\"ru-RU\",\"@id\":\"https:\\\/\\\/twinkling.lv\\\/ru\\\/shop\\\/novexpert-5-omega-attirosa-ella-sejai-150-ml\\\/#primaryimage\",\"url\":\"https:\\\/\\\/twinkling.lv\\\/wp-content\\\/uploads\\\/2024\\\/04\\\/NOVEXPERT-5-Omega-attirosa-ella-sejai-150-ml.jpg\",\"contentUrl\":\"https:\\\/\\\/twinkling.lv\\\/wp-content\\\/uploads\\\/2024\\\/04\\\/NOVEXPERT-5-Omega-attirosa-ella-sejai-150-ml.jpg\",\"width\":800,\"height\":800},{\"@type\":\"BreadcrumbList\",\"@id\":\"https:\\\/\\\/twinkling.lv\\\/ru\\\/shop\\\/novexpert-5-omega-attirosa-ella-sejai-150-ml\\\/#breadcrumb\",\"itemListElement\":[{\"@type\":\"ListItem\",\"position\":1,\"name\":\"\u0413\u043b\u0430\u0432\u043d\u0430\u044f \u0441\u0442\u0440\u0430\u043d\u0438\u0446\u0430\",\"item\":\"https:\\\/\\\/twinkling.lv\\\/ru\\\/\"},{\"@type\":\"ListItem\",\"position\":2,\"name\":\"\u041c\u0430\u0433\u0430\u0437\u0438\u043d\",\"item\":\"https:\\\/\\\/twinkling.lv\\\/ru\\\/shop\\\/\"},{\"@type\":\"ListItem\",\"position\":3,\"name\":\"NOVEXPERT 5 Omega \u043e\u0447\u0438\u0449\u0430\u044e\u0449\u0435\u0435 \u043c\u0430\u0441\u043b\u043e \u0434\u043b\u044f \u043b\u0438\u0446\u0430 150 \u043c\u043b\"}]},{\"@type\":\"WebSite\",\"@id\":\"https:\\\/\\\/twinkling.lv\\\/ru\\\/#website\",\"url\":\"https:\\\/\\\/twinkling.lv\\\/ru\\\/\",\"name\":\"Twinkling\",\"description\":\"\u041a\u0440\u0430\u0441\u043e\u0442\u0430 \u0438 \u0417\u0434\u043e\u0440\u043e\u0432\u044c\u0435\",\"publisher\":{\"@id\":\"https:\\\/\\\/twinkling.lv\\\/ru\\\/#organization\"},\"potentialAction\":[{\"@type\":\"SearchAction\",\"target\":{\"@type\":\"EntryPoint\",\"urlTemplate\":\"https:\\\/\\\/twinkling.lv\\\/ru\\\/?s={search_term_string}\"},\"query-input\":{\"@type\":\"PropertyValueSpecification\",\"valueRequired\":true,\"valueName\":\"search_term_string\"}}],\"inLanguage\":\"ru-RU\"},{\"@type\":\"Organization\",\"@id\":\"https:\\\/\\\/twinkling.lv\\\/ru\\\/#organization\",\"name\":\"SIA TORANS\",\"url\":\"https:\\\/\\\/twinkling.lv\\\/ru\\\/\",\"logo\":{\"@type\":\"ImageObject\",\"inLanguage\":\"ru-RU\",\"@id\":\"https:\\\/\\\/twinkling.lv\\\/ru\\\/#\\\/schema\\\/logo\\\/image\\\/\",\"url\":\"https:\\\/\\\/twinkling.lv\\\/wp-content\\\/uploads\\\/2022\\\/02\\\/twinkling-main-logo.jpg\",\"contentUrl\":\"https:\\\/\\\/twinkling.lv\\\/wp-content\\\/uploads\\\/2022\\\/02\\\/twinkling-main-logo.jpg\",\"width\":250,\"height\":100,\"caption\":\"SIA TORANS\"},\"image\":{\"@id\":\"https:\\\/\\\/twinkling.lv\\\/ru\\\/#\\\/schema\\\/logo\\\/image\\\/\"}}]}<\/script>\n<!-- \/ Yoast SEO plugin. -->","yoast_head_json":{"title":"NOVEXPERT 5 Omega \u043e\u0447\u0438\u0449\u0430\u044e\u0449\u0435\u0435 \u043c\u0430\u0441\u043b\u043e \u0434\u043b\u044f \u043b\u0438\u0446\u0430 150 \u043c\u043b | Twinkling","description":"\u041e\u041f\u0418\u0421\u0410\u041d\u0418\u0415 \u041f\u043e\u0434\u0445\u043e\u0434\u0438\u0442 \u0434\u043b\u044f \u0432\u0441\u0435\u0445 \u0442\u0438\u043f\u043e\u0432 \u043a\u043e\u0436\u0438, \u043a\u0440\u043e\u043c\u0435 \u0436\u0438\u0440\u043d\u043e\u0439. \u0415\u0436\u0435\u0434\u043d\u0435\u0432\u043d\u043e\u0435 \u043e\u0447\u0438\u0449\u0430\u044e\u0449\u0435\u0435 \u0441\u0440\u0435\u0434\u0441\u0442\u0432\u043e \u043d\u0430 \u043c\u0430\u0441\u043b\u044f\u043d\u043e\u0439 \u043e\u0441\u043d\u043e\u0432\u0435 \u0434\u043b\u044f \u043b\u0438\u0446\u0430 \u0438 \u043e\u0441\u043e\u0431\u043e \u0447\u0443\u0432\u0441\u0442\u0432\u0438\u0442\u0435\u043b\u044c\u043d\u044b\u0445 \u0437\u043e\u043d (\u0433\u0443\u0431\u044b, \u0433\u043b\u0430\u0437\u0430).","robots":{"index":"index","follow":"follow","max-snippet":"max-snippet:-1","max-image-preview":"max-image-preview:large","max-video-preview":"max-video-preview:-1"},"canonical":"https:\/\/twinkling.lv\/ru\/shop\/novexpert-5-omega-attirosa-ella-sejai-150-ml\/","og_locale":"ru_RU","og_type":"article","og_title":"NOVEXPERT 5 Omega \u043e\u0447\u0438\u0449\u0430\u044e\u0449\u0435\u0435 \u043c\u0430\u0441\u043b\u043e \u0434\u043b\u044f \u043b\u0438\u0446\u0430 150 \u043c\u043b | Twinkling","og_description":"\u041e\u041f\u0418\u0421\u0410\u041d\u0418\u0415 \u041f\u043e\u0434\u0445\u043e\u0434\u0438\u0442 \u0434\u043b\u044f \u0432\u0441\u0435\u0445 \u0442\u0438\u043f\u043e\u0432 \u043a\u043e\u0436\u0438, \u043a\u0440\u043e\u043c\u0435 \u0436\u0438\u0440\u043d\u043e\u0439. \u0415\u0436\u0435\u0434\u043d\u0435\u0432\u043d\u043e\u0435 \u043e\u0447\u0438\u0449\u0430\u044e\u0449\u0435\u0435 \u0441\u0440\u0435\u0434\u0441\u0442\u0432\u043e \u043d\u0430 \u043c\u0430\u0441\u043b\u044f\u043d\u043e\u0439 \u043e\u0441\u043d\u043e\u0432\u0435 \u0434\u043b\u044f \u043b\u0438\u0446\u0430 \u0438 \u043e\u0441\u043e\u0431\u043e \u0447\u0443\u0432\u0441\u0442\u0432\u0438\u0442\u0435\u043b\u044c\u043d\u044b\u0445 \u0437\u043e\u043d (\u0433\u0443\u0431\u044b, \u0433\u043b\u0430\u0437\u0430).","og_url":"https:\/\/twinkling.lv\/ru\/shop\/novexpert-5-omega-attirosa-ella-sejai-150-ml\/","og_site_name":"Twinkling","article_modified_time":"2025-02-01T23:35:01+00:00","og_image":[{"width":800,"height":800,"url":"https:\/\/twinkling.lv\/wp-content\/uploads\/2024\/04\/NOVEXPERT-5-Omega-attirosa-ella-sejai-150-ml.jpg","type":"image\/jpeg"}],"twitter_card":"summary_large_image","schema":{"@context":"https:\/\/schema.org","@graph":[{"@type":"WebPage","@id":"https:\/\/twinkling.lv\/ru\/shop\/novexpert-5-omega-attirosa-ella-sejai-150-ml\/","url":"https:\/\/twinkling.lv\/ru\/shop\/novexpert-5-omega-attirosa-ella-sejai-150-ml\/","name":"NOVEXPERT 5 Omega \u043e\u0447\u0438\u0449\u0430\u044e\u0449\u0435\u0435 \u043c\u0430\u0441\u043b\u043e \u0434\u043b\u044f \u043b\u0438\u0446\u0430 150 \u043c\u043b | Twinkling","isPartOf":{"@id":"https:\/\/twinkling.lv\/ru\/#website"},"primaryImageOfPage":{"@id":"https:\/\/twinkling.lv\/ru\/shop\/novexpert-5-omega-attirosa-ella-sejai-150-ml\/#primaryimage"},"image":{"@id":"https:\/\/twinkling.lv\/ru\/shop\/novexpert-5-omega-attirosa-ella-sejai-150-ml\/#primaryimage"},"thumbnailUrl":"https:\/\/twinkling.lv\/wp-content\/uploads\/2024\/04\/NOVEXPERT-5-Omega-attirosa-ella-sejai-150-ml.jpg","datePublished":"2024-04-13T18:17:00+00:00","dateModified":"2025-02-01T23:35:01+00:00","description":"\u041e\u041f\u0418\u0421\u0410\u041d\u0418\u0415 \u041f\u043e\u0434\u0445\u043e\u0434\u0438\u0442 \u0434\u043b\u044f \u0432\u0441\u0435\u0445 \u0442\u0438\u043f\u043e\u0432 \u043a\u043e\u0436\u0438, \u043a\u0440\u043e\u043c\u0435 \u0436\u0438\u0440\u043d\u043e\u0439. \u0415\u0436\u0435\u0434\u043d\u0435\u0432\u043d\u043e\u0435 \u043e\u0447\u0438\u0449\u0430\u044e\u0449\u0435\u0435 \u0441\u0440\u0435\u0434\u0441\u0442\u0432\u043e \u043d\u0430 \u043c\u0430\u0441\u043b\u044f\u043d\u043e\u0439 \u043e\u0441\u043d\u043e\u0432\u0435 \u0434\u043b\u044f \u043b\u0438\u0446\u0430 \u0438 \u043e\u0441\u043e\u0431\u043e \u0447\u0443\u0432\u0441\u0442\u0432\u0438\u0442\u0435\u043b\u044c\u043d\u044b\u0445 \u0437\u043e\u043d (\u0433\u0443\u0431\u044b, \u0433\u043b\u0430\u0437\u0430).","breadcrumb":{"@id":"https:\/\/twinkling.lv\/ru\/shop\/novexpert-5-omega-attirosa-ella-sejai-150-ml\/#breadcrumb"},"inLanguage":"ru-RU","potentialAction":[{"@type":"ReadAction","target":["https:\/\/twinkling.lv\/ru\/shop\/novexpert-5-omega-attirosa-ella-sejai-150-ml\/"]}]},{"@type":"ImageObject","inLanguage":"ru-RU","@id":"https:\/\/twinkling.lv\/ru\/shop\/novexpert-5-omega-attirosa-ella-sejai-150-ml\/#primaryimage","url":"https:\/\/twinkling.lv\/wp-content\/uploads\/2024\/04\/NOVEXPERT-5-Omega-attirosa-ella-sejai-150-ml.jpg","contentUrl":"https:\/\/twinkling.lv\/wp-content\/uploads\/2024\/04\/NOVEXPERT-5-Omega-attirosa-ella-sejai-150-ml.jpg","width":800,"height":800},{"@type":"BreadcrumbList","@id":"https:\/\/twinkling.lv\/ru\/shop\/novexpert-5-omega-attirosa-ella-sejai-150-ml\/#breadcrumb","itemListElement":[{"@type":"ListItem","position":1,"name":"\u0413\u043b\u0430\u0432\u043d\u0430\u044f \u0441\u0442\u0440\u0430\u043d\u0438\u0446\u0430","item":"https:\/\/twinkling.lv\/ru\/"},{"@type":"ListItem","position":2,"name":"\u041c\u0430\u0433\u0430\u0437\u0438\u043d","item":"https:\/\/twinkling.lv\/ru\/shop\/"},{"@type":"ListItem","position":3,"name":"NOVEXPERT 5 Omega \u043e\u0447\u0438\u0449\u0430\u044e\u0449\u0435\u0435 \u043c\u0430\u0441\u043b\u043e \u0434\u043b\u044f \u043b\u0438\u0446\u0430 150 \u043c\u043b"}]},{"@type":"WebSite","@id":"https:\/\/twinkling.lv\/ru\/#website","url":"https:\/\/twinkling.lv\/ru\/","name":"Twinkling","description":"\u041a\u0440\u0430\u0441\u043e\u0442\u0430 \u0438 \u0417\u0434\u043e\u0440\u043e\u0432\u044c\u0435","publisher":{"@id":"https:\/\/twinkling.lv\/ru\/#organization"},"potentialAction":[{"@type":"SearchAction","target":{"@type":"EntryPoint","urlTemplate":"https:\/\/twinkling.lv\/ru\/?s={search_term_string}"},"query-input":{"@type":"PropertyValueSpecification","valueRequired":true,"valueName":"search_term_string"}}],"inLanguage":"ru-RU"},{"@type":"Organization","@id":"https:\/\/twinkling.lv\/ru\/#organization","name":"SIA TORANS","url":"https:\/\/twinkling.lv\/ru\/","logo":{"@type":"ImageObject","inLanguage":"ru-RU","@id":"https:\/\/twinkling.lv\/ru\/#\/schema\/logo\/image\/","url":"https:\/\/twinkling.lv\/wp-content\/uploads\/2022\/02\/twinkling-main-logo.jpg","contentUrl":"https:\/\/twinkling.lv\/wp-content\/uploads\/2022\/02\/twinkling-main-logo.jpg","width":250,"height":100,"caption":"SIA TORANS"},"image":{"@id":"https:\/\/twinkling.lv\/ru\/#\/schema\/logo\/image\/"}}]}},"_links":{"self":[{"href":"https:\/\/twinkling.lv\/ru\/wp-json\/wp\/v2\/product\/42288","targetHints":{"allow":["GET"]}}],"collection":[{"href":"https:\/\/twinkling.lv\/ru\/wp-json\/wp\/v2\/product"}],"about":[{"href":"https:\/\/twinkling.lv\/ru\/wp-json\/wp\/v2\/types\/product"}],"replies":[{"embeddable":true,"href":"https:\/\/twinkling.lv\/ru\/wp-json\/wp\/v2\/comments?post=42288"}],"wp:featuredmedia":[{"embeddable":true,"href":"https:\/\/twinkling.lv\/ru\/wp-json\/wp\/v2\/media\/40313"}],"wp:attachment":[{"href":"https:\/\/twinkling.lv\/ru\/wp-json\/wp\/v2\/media?parent=42288"}],"wp:term":[{"taxonomy":"product_brand","embeddable":true,"href":"https:\/\/twinkling.lv\/ru\/wp-json\/wp\/v2\/product_brand?post=42288"},{"taxonomy":"product_cat","embeddable":true,"href":"https:\/\/twinkling.lv\/ru\/wp-json\/wp\/v2\/product_cat?post=42288"},{"taxonomy":"product_tag","embeddable":true,"href":"https:\/\/twinkling.lv\/ru\/wp-json\/wp\/v2\/product_tag?post=42288"}],"curies":[{"name":"wp","href":"https:\/\/api.w.org\/{rel}","templated":true}]}}