{"id":41532,"date":"2024-04-13T21:18:30","date_gmt":"2024-04-13T18:18:30","guid":{"rendered":"https:\/\/twinkling.lv\/shop\/rukisu-teja-priezu-ciekuru-sirups-230-ml\/"},"modified":"2025-02-02T02:37:18","modified_gmt":"2025-02-01T23:37:18","slug":"rukisu-teja-priezu-ciekuru-sirups-230-ml","status":"publish","type":"product","link":"https:\/\/twinkling.lv\/ru\/shop\/rukisu-teja-priezu-ciekuru-sirups-230-ml\/","title":{"rendered":"R\u016a\u0136\u012a\u0160U T\u0112JA \u0441\u0438\u0440\u043e\u043f \u0438\u0437 \u0441\u043e\u0441\u043d\u043e\u0432\u044b\u0445 \u0448\u0438\u0448\u0435\u043a 230 \u043c\u043b"},"content":{"rendered":"<p><strong>\u041e\u041f\u0418\u0421\u0410\u041d\u0418\u0415<\/strong><\/p>\n<p>\u0421\u0438\u0440\u043e\u043f \u0438\u0437 \u0441\u043e\u0441\u043d\u043e\u0432\u044b\u0445 \u0448\u0438\u0448\u0435\u043a. \u041f\u0440\u0438\u0433\u043e\u0442\u043e\u0432\u043b\u0435\u043d\u043e \u043f\u043e \u0442\u0440\u0430\u0434\u0438\u0446\u0438\u043e\u043d\u043d\u043e\u043c\u0443 \u0434\u043e\u043c\u0430\u0448\u043d\u0435\u043c\u0443 \u0440\u0435\u0446\u0435\u043f\u0442\u0443.<\/p>\n<p><strong>\u0421\u041f\u041e\u0421\u041e\u0411 \u041f\u0420\u0418\u041c\u0415\u041d\u0415\u041d\u0418\u042f<\/strong><\/p>\n<p>\u0420\u0435\u043a\u043e\u043c\u0435\u043d\u0434\u0443\u0435\u043c\u0430\u044f \u0441\u0443\u0442\u043e\u0447\u043d\u0430\u044f \u0434\u043e\u0437\u0430:<\/p>\n<p>\u0414\u0435\u0442\u044f\u043c \u043e\u0442 2 \u0434\u043e 10 \u043b\u0435\u0442 \u043f\u043e 3 \u0447\u0430\u0439\u043d\u044b\u0435 \u043b\u043e\u0436\u043a\u0438 \u0432 \u0434\u0435\u043d\u044c (15 \u043c\u043b\/20 \u0433);<br \/>\n\u0414\u0435\u0442\u044f\u043c \u043e\u0442 10 \u043b\u0435\u0442 \u0438 \u0432\u0437\u0440\u043e\u0441\u043b\u044b\u043c \u043f\u043e 3 \u0441\u0442\u043e\u043b\u043e\u0432\u044b\u0435 \u043b\u043e\u0436\u043a\u0438 \u0432 \u0434\u0435\u043d\u044c (45\u043c\u043b\/60\u0433).<\/p>\n<p>\u041d\u0435 \u043f\u0440\u0435\u0432\u044b\u0448\u0430\u0439\u0442\u0435 \u0440\u0435\u043a\u043e\u043c\u0435\u043d\u0434\u0443\u0435\u043c\u0443\u044e \u0441\u0443\u0442\u043e\u0447\u043d\u0443\u044e \u0434\u043e\u0437\u0443. \u041d\u0435 \u0438\u0441\u043f\u043e\u043b\u044c\u0437\u0443\u0439\u0442\u0435 \u043f\u0438\u0449\u0435\u0432\u0443\u044e \u0434\u043e\u0431\u0430\u0432\u043a\u0443 \u0432 \u043a\u0430\u0447\u0435\u0441\u0442\u0432\u0435 \u0437\u0430\u043c\u0435\u043d\u044b \u043f\u043e\u043b\u043d\u043e\u0446\u0435\u043d\u043d\u043e\u0433\u043e \u0438 \u0441\u0431\u0430\u043b\u0430\u043d\u0441\u0438\u0440\u043e\u0432\u0430\u043d\u043d\u043e\u0433\u043e \u043f\u0438\u0442\u0430\u043d\u0438\u044f. \u041d\u0435 \u0440\u0435\u043a\u043e\u043c\u0435\u043d\u0434\u0443\u0435\u0442\u0441\u044f \u0431\u0435\u0440\u0435\u043c\u0435\u043d\u043d\u044b\u043c \u0438 \u043a\u043e\u0440\u043c\u044f\u0449\u0438\u043c \u043c\u0430\u0442\u0435\u0440\u044f\u043c.<\/p>\n<p><strong>\u0421\u041e\u0421\u0422\u0410\u0412<\/strong><\/p>\n<p>\u0412 3 \u0441\u0442\u043e\u043b\u043e\u0432\u044b\u0445 \u043b\u043e\u0436\u043a\u0430\u0445 (45 \u043c\u043b\/60 \u0433): \u0432\u043e\u0434\u0430, \u0441\u0430\u0445\u0430\u0440, \u043c\u043e\u043b\u043e\u0434\u044b\u0435 \u0441\u043e\u0441\u043d\u043e\u0432\u044b\u0435 \u0448\u0438\u0448\u043a\u0438 (Pinus sylvestris), \u0447\u0442\u043e \u0441\u043e\u043e\u0442\u0432\u0435\u0442\u0441\u0442\u0432\u0443\u0435\u0442 12 \u0433 \u0441\u0432\u0435\u0436\u0438\u0445 \u0448\u0438\u0448\u0435\u043a.<\/p>\n","protected":false},"excerpt":{"rendered":"<p><span style=\"color: #0000ff;\"><a style=\"color: #0000ff;\" href=\"https:\/\/registri.pvd.gov.lv\/ub\/dati?p_id=11924\" target=\"_blank\" rel=\"noopener\">\u041f\u043e\u0434\u0440\u043e\u0431\u043d\u0430\u044f \u0438\u043d\u0444\u043e\u0440\u043c\u0430\u0446\u0438\u044f \u043e \u0442\u043e\u0432\u0430\u0440\u0435<\/a><\/span><\/p>\n","protected":false},"featured_media":40588,"comment_status":"open","ping_status":"closed","template":"","meta":[],"product_brand":[],"product_cat":[3755,1674,1645,1651,3654,1635,3736,3735],"product_tag":[],"class_list":{"0":"post-41532","1":"product","2":"type-product","3":"status-publish","4":"has-post-thumbnail","6":"product_cat-rukisu-teja-ru","7":"product_cat-zimoli-ru","8":"product_cat-veselibai-ru","9":"product_cat-imunitatei-ru","10":"product_cat-saaukstesanas-ru","11":"product_cat-uztura-bagatinataji-ru","12":"product_cat-zalu-tejas-ru","13":"product_cat-tejas-ru","15":"first","16":"instock","17":"taxable","18":"shipping-taxable","19":"purchasable","20":"product-type-simple"},"yoast_head":"<!-- This site is optimized with the Yoast SEO plugin v27.4 - https:\/\/yoast.com\/product\/yoast-seo-wordpress\/ -->\n<title>R\u016a\u0136\u012a\u0160U T\u0112JA \u0441\u0438\u0440\u043e\u043f \u0438\u0437 \u0441\u043e\u0441\u043d\u043e\u0432\u044b\u0445 \u0448\u0438\u0448\u0435\u043a 230 \u043c\u043b | Twinkling<\/title>\n<meta name=\"description\" content=\"\u041f\u043e\u0434\u0440\u043e\u0431\u043d\u0430\u044f \u0438\u043d\u0444\u043e\u0440\u043c\u0430\u0446\u0438\u044f \u043e \u0442\u043e\u0432\u0430\u0440\u0435\" \/>\n<meta name=\"robots\" content=\"index, follow, max-snippet:-1, max-image-preview:large, max-video-preview:-1\" \/>\n<link rel=\"canonical\" href=\"https:\/\/twinkling.lv\/ru\/shop\/rukisu-teja-priezu-ciekuru-sirups-230-ml\/\" \/>\n<meta property=\"og:locale\" content=\"ru_RU\" \/>\n<meta property=\"og:type\" content=\"article\" \/>\n<meta property=\"og:title\" content=\"R\u016a\u0136\u012a\u0160U T\u0112JA \u0441\u0438\u0440\u043e\u043f \u0438\u0437 \u0441\u043e\u0441\u043d\u043e\u0432\u044b\u0445 \u0448\u0438\u0448\u0435\u043a 230 \u043c\u043b | Twinkling\" \/>\n<meta property=\"og:description\" content=\"\u041f\u043e\u0434\u0440\u043e\u0431\u043d\u0430\u044f \u0438\u043d\u0444\u043e\u0440\u043c\u0430\u0446\u0438\u044f \u043e \u0442\u043e\u0432\u0430\u0440\u0435\" \/>\n<meta property=\"og:url\" content=\"https:\/\/twinkling.lv\/ru\/shop\/rukisu-teja-priezu-ciekuru-sirups-230-ml\/\" \/>\n<meta property=\"og:site_name\" content=\"Twinkling\" \/>\n<meta property=\"article:modified_time\" content=\"2025-02-01T23:37:18+00:00\" \/>\n<meta property=\"og:image\" content=\"https:\/\/twinkling.lv\/wp-content\/uploads\/2024\/04\/RUKISU-teja-priezu-ciekuru-sirups-230-ml.jpg\" \/>\n\t<meta property=\"og:image:width\" content=\"800\" \/>\n\t<meta property=\"og:image:height\" content=\"800\" \/>\n\t<meta property=\"og:image:type\" content=\"image\/jpeg\" \/>\n<meta name=\"twitter:card\" content=\"summary_large_image\" \/>\n<script type=\"application\/ld+json\" class=\"yoast-schema-graph\">{\"@context\":\"https:\\\/\\\/schema.org\",\"@graph\":[{\"@type\":\"WebPage\",\"@id\":\"https:\\\/\\\/twinkling.lv\\\/ru\\\/shop\\\/rukisu-teja-priezu-ciekuru-sirups-230-ml\\\/\",\"url\":\"https:\\\/\\\/twinkling.lv\\\/ru\\\/shop\\\/rukisu-teja-priezu-ciekuru-sirups-230-ml\\\/\",\"name\":\"R\u016a\u0136\u012a\u0160U T\u0112JA \u0441\u0438\u0440\u043e\u043f \u0438\u0437 \u0441\u043e\u0441\u043d\u043e\u0432\u044b\u0445 \u0448\u0438\u0448\u0435\u043a 230 \u043c\u043b | Twinkling\",\"isPartOf\":{\"@id\":\"https:\\\/\\\/twinkling.lv\\\/ru\\\/#website\"},\"primaryImageOfPage\":{\"@id\":\"https:\\\/\\\/twinkling.lv\\\/ru\\\/shop\\\/rukisu-teja-priezu-ciekuru-sirups-230-ml\\\/#primaryimage\"},\"image\":{\"@id\":\"https:\\\/\\\/twinkling.lv\\\/ru\\\/shop\\\/rukisu-teja-priezu-ciekuru-sirups-230-ml\\\/#primaryimage\"},\"thumbnailUrl\":\"https:\\\/\\\/twinkling.lv\\\/wp-content\\\/uploads\\\/2024\\\/04\\\/RUKISU-teja-priezu-ciekuru-sirups-230-ml.jpg\",\"datePublished\":\"2024-04-13T18:18:30+00:00\",\"dateModified\":\"2025-02-01T23:37:18+00:00\",\"description\":\"\u041f\u043e\u0434\u0440\u043e\u0431\u043d\u0430\u044f \u0438\u043d\u0444\u043e\u0440\u043c\u0430\u0446\u0438\u044f \u043e \u0442\u043e\u0432\u0430\u0440\u0435\",\"breadcrumb\":{\"@id\":\"https:\\\/\\\/twinkling.lv\\\/ru\\\/shop\\\/rukisu-teja-priezu-ciekuru-sirups-230-ml\\\/#breadcrumb\"},\"inLanguage\":\"ru-RU\",\"potentialAction\":[{\"@type\":\"ReadAction\",\"target\":[\"https:\\\/\\\/twinkling.lv\\\/ru\\\/shop\\\/rukisu-teja-priezu-ciekuru-sirups-230-ml\\\/\"]}]},{\"@type\":\"ImageObject\",\"inLanguage\":\"ru-RU\",\"@id\":\"https:\\\/\\\/twinkling.lv\\\/ru\\\/shop\\\/rukisu-teja-priezu-ciekuru-sirups-230-ml\\\/#primaryimage\",\"url\":\"https:\\\/\\\/twinkling.lv\\\/wp-content\\\/uploads\\\/2024\\\/04\\\/RUKISU-teja-priezu-ciekuru-sirups-230-ml.jpg\",\"contentUrl\":\"https:\\\/\\\/twinkling.lv\\\/wp-content\\\/uploads\\\/2024\\\/04\\\/RUKISU-teja-priezu-ciekuru-sirups-230-ml.jpg\",\"width\":800,\"height\":800},{\"@type\":\"BreadcrumbList\",\"@id\":\"https:\\\/\\\/twinkling.lv\\\/ru\\\/shop\\\/rukisu-teja-priezu-ciekuru-sirups-230-ml\\\/#breadcrumb\",\"itemListElement\":[{\"@type\":\"ListItem\",\"position\":1,\"name\":\"\u0413\u043b\u0430\u0432\u043d\u0430\u044f \u0441\u0442\u0440\u0430\u043d\u0438\u0446\u0430\",\"item\":\"https:\\\/\\\/twinkling.lv\\\/ru\\\/\"},{\"@type\":\"ListItem\",\"position\":2,\"name\":\"\u041c\u0430\u0433\u0430\u0437\u0438\u043d\",\"item\":\"https:\\\/\\\/twinkling.lv\\\/ru\\\/shop\\\/\"},{\"@type\":\"ListItem\",\"position\":3,\"name\":\"R\u016a\u0136\u012a\u0160U T\u0112JA \u0441\u0438\u0440\u043e\u043f \u0438\u0437 \u0441\u043e\u0441\u043d\u043e\u0432\u044b\u0445 \u0448\u0438\u0448\u0435\u043a 230 \u043c\u043b\"}]},{\"@type\":\"WebSite\",\"@id\":\"https:\\\/\\\/twinkling.lv\\\/ru\\\/#website\",\"url\":\"https:\\\/\\\/twinkling.lv\\\/ru\\\/\",\"name\":\"Twinkling\",\"description\":\"\u041a\u0440\u0430\u0441\u043e\u0442\u0430 \u0438 \u0417\u0434\u043e\u0440\u043e\u0432\u044c\u0435\",\"publisher\":{\"@id\":\"https:\\\/\\\/twinkling.lv\\\/ru\\\/#organization\"},\"potentialAction\":[{\"@type\":\"SearchAction\",\"target\":{\"@type\":\"EntryPoint\",\"urlTemplate\":\"https:\\\/\\\/twinkling.lv\\\/ru\\\/?s={search_term_string}\"},\"query-input\":{\"@type\":\"PropertyValueSpecification\",\"valueRequired\":true,\"valueName\":\"search_term_string\"}}],\"inLanguage\":\"ru-RU\"},{\"@type\":\"Organization\",\"@id\":\"https:\\\/\\\/twinkling.lv\\\/ru\\\/#organization\",\"name\":\"SIA TORANS\",\"url\":\"https:\\\/\\\/twinkling.lv\\\/ru\\\/\",\"logo\":{\"@type\":\"ImageObject\",\"inLanguage\":\"ru-RU\",\"@id\":\"https:\\\/\\\/twinkling.lv\\\/ru\\\/#\\\/schema\\\/logo\\\/image\\\/\",\"url\":\"https:\\\/\\\/twinkling.lv\\\/wp-content\\\/uploads\\\/2022\\\/02\\\/twinkling-main-logo.jpg\",\"contentUrl\":\"https:\\\/\\\/twinkling.lv\\\/wp-content\\\/uploads\\\/2022\\\/02\\\/twinkling-main-logo.jpg\",\"width\":250,\"height\":100,\"caption\":\"SIA TORANS\"},\"image\":{\"@id\":\"https:\\\/\\\/twinkling.lv\\\/ru\\\/#\\\/schema\\\/logo\\\/image\\\/\"}}]}<\/script>\n<!-- \/ Yoast SEO plugin. -->","yoast_head_json":{"title":"R\u016a\u0136\u012a\u0160U T\u0112JA \u0441\u0438\u0440\u043e\u043f \u0438\u0437 \u0441\u043e\u0441\u043d\u043e\u0432\u044b\u0445 \u0448\u0438\u0448\u0435\u043a 230 \u043c\u043b | Twinkling","description":"\u041f\u043e\u0434\u0440\u043e\u0431\u043d\u0430\u044f \u0438\u043d\u0444\u043e\u0440\u043c\u0430\u0446\u0438\u044f \u043e \u0442\u043e\u0432\u0430\u0440\u0435","robots":{"index":"index","follow":"follow","max-snippet":"max-snippet:-1","max-image-preview":"max-image-preview:large","max-video-preview":"max-video-preview:-1"},"canonical":"https:\/\/twinkling.lv\/ru\/shop\/rukisu-teja-priezu-ciekuru-sirups-230-ml\/","og_locale":"ru_RU","og_type":"article","og_title":"R\u016a\u0136\u012a\u0160U T\u0112JA \u0441\u0438\u0440\u043e\u043f \u0438\u0437 \u0441\u043e\u0441\u043d\u043e\u0432\u044b\u0445 \u0448\u0438\u0448\u0435\u043a 230 \u043c\u043b | Twinkling","og_description":"\u041f\u043e\u0434\u0440\u043e\u0431\u043d\u0430\u044f \u0438\u043d\u0444\u043e\u0440\u043c\u0430\u0446\u0438\u044f \u043e \u0442\u043e\u0432\u0430\u0440\u0435","og_url":"https:\/\/twinkling.lv\/ru\/shop\/rukisu-teja-priezu-ciekuru-sirups-230-ml\/","og_site_name":"Twinkling","article_modified_time":"2025-02-01T23:37:18+00:00","og_image":[{"width":800,"height":800,"url":"https:\/\/twinkling.lv\/wp-content\/uploads\/2024\/04\/RUKISU-teja-priezu-ciekuru-sirups-230-ml.jpg","type":"image\/jpeg"}],"twitter_card":"summary_large_image","schema":{"@context":"https:\/\/schema.org","@graph":[{"@type":"WebPage","@id":"https:\/\/twinkling.lv\/ru\/shop\/rukisu-teja-priezu-ciekuru-sirups-230-ml\/","url":"https:\/\/twinkling.lv\/ru\/shop\/rukisu-teja-priezu-ciekuru-sirups-230-ml\/","name":"R\u016a\u0136\u012a\u0160U T\u0112JA \u0441\u0438\u0440\u043e\u043f \u0438\u0437 \u0441\u043e\u0441\u043d\u043e\u0432\u044b\u0445 \u0448\u0438\u0448\u0435\u043a 230 \u043c\u043b | Twinkling","isPartOf":{"@id":"https:\/\/twinkling.lv\/ru\/#website"},"primaryImageOfPage":{"@id":"https:\/\/twinkling.lv\/ru\/shop\/rukisu-teja-priezu-ciekuru-sirups-230-ml\/#primaryimage"},"image":{"@id":"https:\/\/twinkling.lv\/ru\/shop\/rukisu-teja-priezu-ciekuru-sirups-230-ml\/#primaryimage"},"thumbnailUrl":"https:\/\/twinkling.lv\/wp-content\/uploads\/2024\/04\/RUKISU-teja-priezu-ciekuru-sirups-230-ml.jpg","datePublished":"2024-04-13T18:18:30+00:00","dateModified":"2025-02-01T23:37:18+00:00","description":"\u041f\u043e\u0434\u0440\u043e\u0431\u043d\u0430\u044f \u0438\u043d\u0444\u043e\u0440\u043c\u0430\u0446\u0438\u044f \u043e \u0442\u043e\u0432\u0430\u0440\u0435","breadcrumb":{"@id":"https:\/\/twinkling.lv\/ru\/shop\/rukisu-teja-priezu-ciekuru-sirups-230-ml\/#breadcrumb"},"inLanguage":"ru-RU","potentialAction":[{"@type":"ReadAction","target":["https:\/\/twinkling.lv\/ru\/shop\/rukisu-teja-priezu-ciekuru-sirups-230-ml\/"]}]},{"@type":"ImageObject","inLanguage":"ru-RU","@id":"https:\/\/twinkling.lv\/ru\/shop\/rukisu-teja-priezu-ciekuru-sirups-230-ml\/#primaryimage","url":"https:\/\/twinkling.lv\/wp-content\/uploads\/2024\/04\/RUKISU-teja-priezu-ciekuru-sirups-230-ml.jpg","contentUrl":"https:\/\/twinkling.lv\/wp-content\/uploads\/2024\/04\/RUKISU-teja-priezu-ciekuru-sirups-230-ml.jpg","width":800,"height":800},{"@type":"BreadcrumbList","@id":"https:\/\/twinkling.lv\/ru\/shop\/rukisu-teja-priezu-ciekuru-sirups-230-ml\/#breadcrumb","itemListElement":[{"@type":"ListItem","position":1,"name":"\u0413\u043b\u0430\u0432\u043d\u0430\u044f \u0441\u0442\u0440\u0430\u043d\u0438\u0446\u0430","item":"https:\/\/twinkling.lv\/ru\/"},{"@type":"ListItem","position":2,"name":"\u041c\u0430\u0433\u0430\u0437\u0438\u043d","item":"https:\/\/twinkling.lv\/ru\/shop\/"},{"@type":"ListItem","position":3,"name":"R\u016a\u0136\u012a\u0160U T\u0112JA \u0441\u0438\u0440\u043e\u043f \u0438\u0437 \u0441\u043e\u0441\u043d\u043e\u0432\u044b\u0445 \u0448\u0438\u0448\u0435\u043a 230 \u043c\u043b"}]},{"@type":"WebSite","@id":"https:\/\/twinkling.lv\/ru\/#website","url":"https:\/\/twinkling.lv\/ru\/","name":"Twinkling","description":"\u041a\u0440\u0430\u0441\u043e\u0442\u0430 \u0438 \u0417\u0434\u043e\u0440\u043e\u0432\u044c\u0435","publisher":{"@id":"https:\/\/twinkling.lv\/ru\/#organization"},"potentialAction":[{"@type":"SearchAction","target":{"@type":"EntryPoint","urlTemplate":"https:\/\/twinkling.lv\/ru\/?s={search_term_string}"},"query-input":{"@type":"PropertyValueSpecification","valueRequired":true,"valueName":"search_term_string"}}],"inLanguage":"ru-RU"},{"@type":"Organization","@id":"https:\/\/twinkling.lv\/ru\/#organization","name":"SIA TORANS","url":"https:\/\/twinkling.lv\/ru\/","logo":{"@type":"ImageObject","inLanguage":"ru-RU","@id":"https:\/\/twinkling.lv\/ru\/#\/schema\/logo\/image\/","url":"https:\/\/twinkling.lv\/wp-content\/uploads\/2022\/02\/twinkling-main-logo.jpg","contentUrl":"https:\/\/twinkling.lv\/wp-content\/uploads\/2022\/02\/twinkling-main-logo.jpg","width":250,"height":100,"caption":"SIA TORANS"},"image":{"@id":"https:\/\/twinkling.lv\/ru\/#\/schema\/logo\/image\/"}}]}},"_links":{"self":[{"href":"https:\/\/twinkling.lv\/ru\/wp-json\/wp\/v2\/product\/41532","targetHints":{"allow":["GET"]}}],"collection":[{"href":"https:\/\/twinkling.lv\/ru\/wp-json\/wp\/v2\/product"}],"about":[{"href":"https:\/\/twinkling.lv\/ru\/wp-json\/wp\/v2\/types\/product"}],"replies":[{"embeddable":true,"href":"https:\/\/twinkling.lv\/ru\/wp-json\/wp\/v2\/comments?post=41532"}],"wp:featuredmedia":[{"embeddable":true,"href":"https:\/\/twinkling.lv\/ru\/wp-json\/wp\/v2\/media\/40588"}],"wp:attachment":[{"href":"https:\/\/twinkling.lv\/ru\/wp-json\/wp\/v2\/media?parent=41532"}],"wp:term":[{"taxonomy":"product_brand","embeddable":true,"href":"https:\/\/twinkling.lv\/ru\/wp-json\/wp\/v2\/product_brand?post=41532"},{"taxonomy":"product_cat","embeddable":true,"href":"https:\/\/twinkling.lv\/ru\/wp-json\/wp\/v2\/product_cat?post=41532"},{"taxonomy":"product_tag","embeddable":true,"href":"https:\/\/twinkling.lv\/ru\/wp-json\/wp\/v2\/product_tag?post=41532"}],"curies":[{"name":"wp","href":"https:\/\/api.w.org\/{rel}","templated":true}]}}