{"id":99031,"date":"2024-11-10T14:20:00","date_gmt":"2024-11-10T11:20:00","guid":{"rendered":"https:\/\/twinkling.lv\/shop\/cicasilver-aerosols-125-ml\/"},"modified":"2025-02-02T16:00:18","modified_gmt":"2025-02-02T13:00:18","slug":"cicasilver-aerosols-125-ml","status":"publish","type":"product","link":"https:\/\/twinkling.lv\/lt\/shop\/cicasilver-aerosols-125-ml\/","title":{"rendered":"CICASILVER aerozolis 125 ml"},"content":{"rendered":"<p><strong>APIB\u016aDINIMAS<\/strong><\/p>\n<p>Cicasilver\u00ae yra pur\u0161kiamas milteliai odai. Dr\u0117kinamomis ir pl\u0117vel\u0119 formuojan\u010diomis savyb\u0117mis pasi\u017eyminti hialurono r\u016bg\u0161tis, vitaminas E ir akacijos kolagenas sukuria vandens atsarg\u0173 sistem\u0105, galin\u010di\u0105 u\u017etikrinti pakankam\u0105 hidratacij\u0105 \u017eaizdos mikroaplinkoje, taip padedant atkurti ir palaikyti odos pavir\u0161iaus dr\u0117kinam\u0105sias savybes, taip pat. tur\u0117ti \u012ftakos fiziologiniam audini\u0173 gijimo procesui.<\/p>\n<p><strong>TAIKYMO B\u016aDAS<\/strong><\/p>\n<p>Prie\u0161 naudojim\u0105 gerai suplakti. Buteliuk\u0105 laikykite vertikaliai. Paspauskite dozavimo vo\u017etuv\u0105. Naudokite du ar tris kartus per dien\u0105, suformuodami plon\u0105 pudros sluoksn\u012f. Norint pasiekti optimal\u0173 rezultat\u0105, prie\u0161 tepant preparat\u0105, \u017eaizd\u0105 reikia nuplauti steriliu fiziologiniu tirpalu.<\/p>\n<p><strong>SUD\u0116TIS<\/strong><\/p>\n<p>Hialurono r\u016bg\u0161tis, akacijos kalogas, mikronizuotas sidabras, vitaminas E, migdol\u0173 aliejus, silicis, krakmolo aliuminio druska.<\/p>\n","protected":false},"excerpt":{"rendered":"<p>APIB\u016aDINIMAS Cicasilver\u00ae yra pur\u0161kiamas milteliai odai. Dr\u0117kinamomis ir pl\u0117vel\u0119 formuojan\u010diomis savyb\u0117mis pasi\u017eyminti hialurono r\u016bg\u0161tis, vitaminas E ir akacijos kolagenas sukuria vandens atsarg\u0173 sistem\u0105, galin\u010di\u0105 u\u017etikrinti pakankam\u0105 hidratacij\u0105 \u017eaizdos mikroaplinkoje, taip padedant atkurti ir palaikyti odos pavir\u0161iaus dr\u0117kinam\u0105sias savybes, taip pat. tur\u0117ti \u012ftakos fiziologiniam audini\u0173 gijimo procesui. TAIKYMO B\u016aDAS Prie\u0161 naudojim\u0105 gerai suplakti. Buteliuk\u0105 laikykite vertikaliai. [&#8230;]\n","protected":false},"featured_media":90577,"comment_status":"open","ping_status":"closed","template":"","meta":[],"product_brand":[],"product_cat":[1348],"product_tag":[],"class_list":{"0":"post-99031","1":"product","2":"type-product","3":"status-publish","4":"has-post-thumbnail","6":"product_cat-bez-kategorijas-lt","8":"first","9":"instock","10":"taxable","11":"shipping-taxable","12":"purchasable","13":"product-type-simple"},"yoast_head":"<!-- This site is optimized with the Yoast SEO plugin v27.4 - https:\/\/yoast.com\/product\/yoast-seo-wordpress\/ -->\n<title>CICASILVER aerozolis 125 ml | Twinkling<\/title>\n<meta name=\"description\" content=\"APIB\u016aDINIMAS Cicasilver\u00ae yra pur\u0161kiamas milteliai odai. Dr\u0117kinamomis ir pl\u0117vel\u0119 formuojan\u010diomis savyb\u0117mis pasi\u017eyminti hialurono r\u016bg\u0161tis, vitaminas E ir\" \/>\n<meta name=\"robots\" content=\"index, follow, max-snippet:-1, max-image-preview:large, max-video-preview:-1\" \/>\n<link rel=\"canonical\" href=\"https:\/\/twinkling.lv\/lt\/shop\/cicasilver-aerosols-125-ml\/\" \/>\n<meta property=\"og:locale\" content=\"lt_LT\" \/>\n<meta property=\"og:type\" content=\"article\" \/>\n<meta property=\"og:title\" content=\"CICASILVER aerozolis 125 ml | Twinkling\" \/>\n<meta property=\"og:description\" content=\"APIB\u016aDINIMAS Cicasilver\u00ae yra pur\u0161kiamas milteliai odai. Dr\u0117kinamomis ir pl\u0117vel\u0119 formuojan\u010diomis savyb\u0117mis pasi\u017eyminti hialurono r\u016bg\u0161tis, vitaminas E ir\" \/>\n<meta property=\"og:url\" content=\"https:\/\/twinkling.lv\/lt\/shop\/cicasilver-aerosols-125-ml\/\" \/>\n<meta property=\"og:site_name\" content=\"Twinkling\" \/>\n<meta property=\"article:modified_time\" content=\"2025-02-02T13:00:18+00:00\" \/>\n<meta property=\"og:image\" content=\"https:\/\/twinkling.lv\/wp-content\/uploads\/2024\/11\/CICASILVER-aerosols-125-ml.jpg\" \/>\n\t<meta property=\"og:image:width\" content=\"900\" \/>\n\t<meta property=\"og:image:height\" content=\"900\" \/>\n\t<meta property=\"og:image:type\" content=\"image\/jpeg\" \/>\n<meta name=\"twitter:card\" content=\"summary_large_image\" \/>\n<meta name=\"twitter:label1\" content=\"Est. reading time\" \/>\n\t<meta name=\"twitter:data1\" content=\"1 minut\u0117\" \/>\n<script type=\"application\/ld+json\" class=\"yoast-schema-graph\">{\"@context\":\"https:\\\/\\\/schema.org\",\"@graph\":[{\"@type\":\"WebPage\",\"@id\":\"https:\\\/\\\/twinkling.lv\\\/lt\\\/shop\\\/cicasilver-aerosols-125-ml\\\/\",\"url\":\"https:\\\/\\\/twinkling.lv\\\/lt\\\/shop\\\/cicasilver-aerosols-125-ml\\\/\",\"name\":\"CICASILVER aerozolis 125 ml | Twinkling\",\"isPartOf\":{\"@id\":\"https:\\\/\\\/twinkling.lv\\\/lt\\\/#website\"},\"primaryImageOfPage\":{\"@id\":\"https:\\\/\\\/twinkling.lv\\\/lt\\\/shop\\\/cicasilver-aerosols-125-ml\\\/#primaryimage\"},\"image\":{\"@id\":\"https:\\\/\\\/twinkling.lv\\\/lt\\\/shop\\\/cicasilver-aerosols-125-ml\\\/#primaryimage\"},\"thumbnailUrl\":\"https:\\\/\\\/twinkling.lv\\\/wp-content\\\/uploads\\\/2024\\\/11\\\/CICASILVER-aerosols-125-ml.jpg\",\"datePublished\":\"2024-11-10T11:20:00+00:00\",\"dateModified\":\"2025-02-02T13:00:18+00:00\",\"description\":\"APIB\u016aDINIMAS Cicasilver\u00ae yra pur\u0161kiamas milteliai odai. Dr\u0117kinamomis ir pl\u0117vel\u0119 formuojan\u010diomis savyb\u0117mis pasi\u017eyminti hialurono r\u016bg\u0161tis, vitaminas E ir\",\"breadcrumb\":{\"@id\":\"https:\\\/\\\/twinkling.lv\\\/lt\\\/shop\\\/cicasilver-aerosols-125-ml\\\/#breadcrumb\"},\"inLanguage\":\"lt-LT\",\"potentialAction\":[{\"@type\":\"ReadAction\",\"target\":[\"https:\\\/\\\/twinkling.lv\\\/lt\\\/shop\\\/cicasilver-aerosols-125-ml\\\/\"]}]},{\"@type\":\"ImageObject\",\"inLanguage\":\"lt-LT\",\"@id\":\"https:\\\/\\\/twinkling.lv\\\/lt\\\/shop\\\/cicasilver-aerosols-125-ml\\\/#primaryimage\",\"url\":\"https:\\\/\\\/twinkling.lv\\\/wp-content\\\/uploads\\\/2024\\\/11\\\/CICASILVER-aerosols-125-ml.jpg\",\"contentUrl\":\"https:\\\/\\\/twinkling.lv\\\/wp-content\\\/uploads\\\/2024\\\/11\\\/CICASILVER-aerosols-125-ml.jpg\",\"width\":900,\"height\":900},{\"@type\":\"BreadcrumbList\",\"@id\":\"https:\\\/\\\/twinkling.lv\\\/lt\\\/shop\\\/cicasilver-aerosols-125-ml\\\/#breadcrumb\",\"itemListElement\":[{\"@type\":\"ListItem\",\"position\":1,\"name\":\"\u0413\u043b\u0430\u0432\u043d\u0430\u044f \u0441\u0442\u0440\u0430\u043d\u0438\u0446\u0430\",\"item\":\"https:\\\/\\\/twinkling.lv\\\/lt\\\/\"},{\"@type\":\"ListItem\",\"position\":2,\"name\":\"Parduotuv\u0117\",\"item\":\"https:\\\/\\\/twinkling.lv\\\/lt\\\/shop\\\/\"},{\"@type\":\"ListItem\",\"position\":3,\"name\":\"CICASILVER aerozolis 125 ml\"}]},{\"@type\":\"WebSite\",\"@id\":\"https:\\\/\\\/twinkling.lv\\\/lt\\\/#website\",\"url\":\"https:\\\/\\\/twinkling.lv\\\/lt\\\/\",\"name\":\"Twinkling\",\"description\":\"Health and Beauty\",\"publisher\":{\"@id\":\"https:\\\/\\\/twinkling.lv\\\/lt\\\/#organization\"},\"potentialAction\":[{\"@type\":\"SearchAction\",\"target\":{\"@type\":\"EntryPoint\",\"urlTemplate\":\"https:\\\/\\\/twinkling.lv\\\/lt\\\/?s={search_term_string}\"},\"query-input\":{\"@type\":\"PropertyValueSpecification\",\"valueRequired\":true,\"valueName\":\"search_term_string\"}}],\"inLanguage\":\"lt-LT\"},{\"@type\":\"Organization\",\"@id\":\"https:\\\/\\\/twinkling.lv\\\/lt\\\/#organization\",\"name\":\"SIA TORANS\",\"url\":\"https:\\\/\\\/twinkling.lv\\\/lt\\\/\",\"logo\":{\"@type\":\"ImageObject\",\"inLanguage\":\"lt-LT\",\"@id\":\"https:\\\/\\\/twinkling.lv\\\/lt\\\/#\\\/schema\\\/logo\\\/image\\\/\",\"url\":\"https:\\\/\\\/twinkling.lv\\\/wp-content\\\/uploads\\\/2022\\\/02\\\/twinkling-main-logo.jpg\",\"contentUrl\":\"https:\\\/\\\/twinkling.lv\\\/wp-content\\\/uploads\\\/2022\\\/02\\\/twinkling-main-logo.jpg\",\"width\":250,\"height\":100,\"caption\":\"SIA TORANS\"},\"image\":{\"@id\":\"https:\\\/\\\/twinkling.lv\\\/lt\\\/#\\\/schema\\\/logo\\\/image\\\/\"}}]}<\/script>\n<!-- \/ Yoast SEO plugin. -->","yoast_head_json":{"title":"CICASILVER aerozolis 125 ml | Twinkling","description":"APIB\u016aDINIMAS Cicasilver\u00ae yra pur\u0161kiamas milteliai odai. Dr\u0117kinamomis ir pl\u0117vel\u0119 formuojan\u010diomis savyb\u0117mis pasi\u017eyminti hialurono r\u016bg\u0161tis, vitaminas E ir","robots":{"index":"index","follow":"follow","max-snippet":"max-snippet:-1","max-image-preview":"max-image-preview:large","max-video-preview":"max-video-preview:-1"},"canonical":"https:\/\/twinkling.lv\/lt\/shop\/cicasilver-aerosols-125-ml\/","og_locale":"lt_LT","og_type":"article","og_title":"CICASILVER aerozolis 125 ml | Twinkling","og_description":"APIB\u016aDINIMAS Cicasilver\u00ae yra pur\u0161kiamas milteliai odai. Dr\u0117kinamomis ir pl\u0117vel\u0119 formuojan\u010diomis savyb\u0117mis pasi\u017eyminti hialurono r\u016bg\u0161tis, vitaminas E ir","og_url":"https:\/\/twinkling.lv\/lt\/shop\/cicasilver-aerosols-125-ml\/","og_site_name":"Twinkling","article_modified_time":"2025-02-02T13:00:18+00:00","og_image":[{"width":900,"height":900,"url":"https:\/\/twinkling.lv\/wp-content\/uploads\/2024\/11\/CICASILVER-aerosols-125-ml.jpg","type":"image\/jpeg"}],"twitter_card":"summary_large_image","twitter_misc":{"Est. reading time":"1 minut\u0117"},"schema":{"@context":"https:\/\/schema.org","@graph":[{"@type":"WebPage","@id":"https:\/\/twinkling.lv\/lt\/shop\/cicasilver-aerosols-125-ml\/","url":"https:\/\/twinkling.lv\/lt\/shop\/cicasilver-aerosols-125-ml\/","name":"CICASILVER aerozolis 125 ml | Twinkling","isPartOf":{"@id":"https:\/\/twinkling.lv\/lt\/#website"},"primaryImageOfPage":{"@id":"https:\/\/twinkling.lv\/lt\/shop\/cicasilver-aerosols-125-ml\/#primaryimage"},"image":{"@id":"https:\/\/twinkling.lv\/lt\/shop\/cicasilver-aerosols-125-ml\/#primaryimage"},"thumbnailUrl":"https:\/\/twinkling.lv\/wp-content\/uploads\/2024\/11\/CICASILVER-aerosols-125-ml.jpg","datePublished":"2024-11-10T11:20:00+00:00","dateModified":"2025-02-02T13:00:18+00:00","description":"APIB\u016aDINIMAS Cicasilver\u00ae yra pur\u0161kiamas milteliai odai. Dr\u0117kinamomis ir pl\u0117vel\u0119 formuojan\u010diomis savyb\u0117mis pasi\u017eyminti hialurono r\u016bg\u0161tis, vitaminas E ir","breadcrumb":{"@id":"https:\/\/twinkling.lv\/lt\/shop\/cicasilver-aerosols-125-ml\/#breadcrumb"},"inLanguage":"lt-LT","potentialAction":[{"@type":"ReadAction","target":["https:\/\/twinkling.lv\/lt\/shop\/cicasilver-aerosols-125-ml\/"]}]},{"@type":"ImageObject","inLanguage":"lt-LT","@id":"https:\/\/twinkling.lv\/lt\/shop\/cicasilver-aerosols-125-ml\/#primaryimage","url":"https:\/\/twinkling.lv\/wp-content\/uploads\/2024\/11\/CICASILVER-aerosols-125-ml.jpg","contentUrl":"https:\/\/twinkling.lv\/wp-content\/uploads\/2024\/11\/CICASILVER-aerosols-125-ml.jpg","width":900,"height":900},{"@type":"BreadcrumbList","@id":"https:\/\/twinkling.lv\/lt\/shop\/cicasilver-aerosols-125-ml\/#breadcrumb","itemListElement":[{"@type":"ListItem","position":1,"name":"\u0413\u043b\u0430\u0432\u043d\u0430\u044f \u0441\u0442\u0440\u0430\u043d\u0438\u0446\u0430","item":"https:\/\/twinkling.lv\/lt\/"},{"@type":"ListItem","position":2,"name":"Parduotuv\u0117","item":"https:\/\/twinkling.lv\/lt\/shop\/"},{"@type":"ListItem","position":3,"name":"CICASILVER aerozolis 125 ml"}]},{"@type":"WebSite","@id":"https:\/\/twinkling.lv\/lt\/#website","url":"https:\/\/twinkling.lv\/lt\/","name":"Twinkling","description":"Health and Beauty","publisher":{"@id":"https:\/\/twinkling.lv\/lt\/#organization"},"potentialAction":[{"@type":"SearchAction","target":{"@type":"EntryPoint","urlTemplate":"https:\/\/twinkling.lv\/lt\/?s={search_term_string}"},"query-input":{"@type":"PropertyValueSpecification","valueRequired":true,"valueName":"search_term_string"}}],"inLanguage":"lt-LT"},{"@type":"Organization","@id":"https:\/\/twinkling.lv\/lt\/#organization","name":"SIA TORANS","url":"https:\/\/twinkling.lv\/lt\/","logo":{"@type":"ImageObject","inLanguage":"lt-LT","@id":"https:\/\/twinkling.lv\/lt\/#\/schema\/logo\/image\/","url":"https:\/\/twinkling.lv\/wp-content\/uploads\/2022\/02\/twinkling-main-logo.jpg","contentUrl":"https:\/\/twinkling.lv\/wp-content\/uploads\/2022\/02\/twinkling-main-logo.jpg","width":250,"height":100,"caption":"SIA TORANS"},"image":{"@id":"https:\/\/twinkling.lv\/lt\/#\/schema\/logo\/image\/"}}]}},"_links":{"self":[{"href":"https:\/\/twinkling.lv\/lt\/wp-json\/wp\/v2\/product\/99031","targetHints":{"allow":["GET"]}}],"collection":[{"href":"https:\/\/twinkling.lv\/lt\/wp-json\/wp\/v2\/product"}],"about":[{"href":"https:\/\/twinkling.lv\/lt\/wp-json\/wp\/v2\/types\/product"}],"replies":[{"embeddable":true,"href":"https:\/\/twinkling.lv\/lt\/wp-json\/wp\/v2\/comments?post=99031"}],"wp:featuredmedia":[{"embeddable":true,"href":"https:\/\/twinkling.lv\/lt\/wp-json\/wp\/v2\/media\/90577"}],"wp:attachment":[{"href":"https:\/\/twinkling.lv\/lt\/wp-json\/wp\/v2\/media?parent=99031"}],"wp:term":[{"taxonomy":"product_brand","embeddable":true,"href":"https:\/\/twinkling.lv\/lt\/wp-json\/wp\/v2\/product_brand?post=99031"},{"taxonomy":"product_cat","embeddable":true,"href":"https:\/\/twinkling.lv\/lt\/wp-json\/wp\/v2\/product_cat?post=99031"},{"taxonomy":"product_tag","embeddable":true,"href":"https:\/\/twinkling.lv\/lt\/wp-json\/wp\/v2\/product_tag?post=99031"}],"curies":[{"name":"wp","href":"https:\/\/api.w.org\/{rel}","templated":true}]}}