{"id":97996,"date":"2024-11-10T14:29:57","date_gmt":"2024-11-10T11:29:57","guid":{"rendered":"https:\/\/twinkling.lv\/shop\/labrains-cleansea-skin-perfecting-adu-uzlabojosa-sejas-pilinga-maska-50-ml\/"},"modified":"2025-02-02T16:01:28","modified_gmt":"2025-02-02T13:01:28","slug":"labrains-cleansea-skin-perfecting-adu-uzlabojosa-sejas-pilinga-maska-50-ml","status":"publish","type":"product","link":"https:\/\/twinkling.lv\/lt\/shop\/labrains-cleansea-skin-perfecting-adu-uzlabojosa-sejas-pilinga-maska-50-ml\/","title":{"rendered":"LABRAINS CLEANSEA SKIN PERFECTING Od\u0105 gerinanti veido \u0161veitimo kauk\u0117 50 ml"},"content":{"rendered":"<p><strong>APIB\u016aDINIMAS<\/strong><\/p>\n<p>Visiems odos tipams. Auk\u0161\u010diausios kokyb\u0117s, lengvas jauninantis \u0161veitimas sveikesnei veido odai. \u0160i dr\u0117kinamoji, nedirginanti veido kauk\u0117 suteikia i\u0161skirtin\u012f SPA lygio spindes\u012f namuose. Neu\u017edegiminis sluoksninis vandens gelis tiekia alfa-hidroksir\u016bg\u0161tis (AHA) palaipsniui ir kontroliuojamu b\u016bdu, kad suteikt\u0173 jums AHA naud\u0105 be dirginimo. D\u0117l to \u0161is produktas yra idealus sprendimas i\u0161lyginti ir atgaivinti net jautriausi\u0105 od\u0105. Ma\u017eina matomas d\u0117mes, padeda nuo odos pavir\u0161iaus pa\u0161alinti negyvas l\u0105steles, riebalus, toksinus, bakterijas ir gerina odos strukt\u016bros i\u0161vaizd\u0105. Kitas ypatingas \u0161ios vienkartin\u0117s \u0161velnaus veido \u0161veitimo formul\u0117s ingredientas yra rhizobia derva \u2013 unikalus biopolimeras, \u012fkv\u0117ptas gamtos g\u0117rybi\u0173, palaikantis odos dr\u0117gm\u0119. Suteikia ilgalaik\u012f, gaivinant\u012f raminam\u0105j\u012f poveik\u012f ir \u017eymiai suma\u017eina tamsius ratilus po akimis, kartu dr\u0117kina od\u0105 ir padeda pagerinti linij\u0173 ir rauk\u0161li\u0173 i\u0161vaizd\u0105. Oda atrodo lygesn\u0117, \u0161velnesn\u0117 ir tolygesn\u0117 su jaunatvi\u0161ku \u0161vyt\u0117jimu.<\/p>\n<p><strong>TAIKYMO B\u016aDAS<\/strong><\/p>\n<p>Tolyg\u0173 produkto sluoksn\u012f u\u017etepkite ant \u0161varios, sausos arba dr\u0117gnos odos. Leiskite \u0161iam sluoksniui visi\u0161kai i\u0161d\u017ei\u016bti, tada nuplaukite drungnu vandeniu. Tada, priklausomai nuo norim\u0173 rezultat\u0173 ar specifini\u0173 J\u016bs\u0173 odos poreiki\u0173, naudokite tinkamiausi\u0105 LABRAINS serum\u0105 ir veido krem\u0105 (RESISTAGE arba REDRESS). Geriausia naudoti vakare, du kartus per savait\u0119. Kitus produktus galima tepti ant kauk\u0117s, kai ji i\u0161d\u017eius.<\/p>\n<p><strong>SUD\u0116TIS<\/strong><\/p>\n","protected":false},"excerpt":{"rendered":"<p>APIB\u016aDINIMAS Visiems odos tipams. Auk\u0161\u010diausios kokyb\u0117s, lengvas jauninantis \u0161veitimas sveikesnei veido odai. \u0160i dr\u0117kinamoji, nedirginanti veido kauk\u0117 suteikia i\u0161skirtin\u012f SPA lygio spindes\u012f namuose. Neu\u017edegiminis sluoksninis vandens gelis tiekia alfa-hidroksir\u016bg\u0161tis (AHA) palaipsniui ir kontroliuojamu b\u016bdu, kad suteikt\u0173 jums AHA naud\u0105 be dirginimo. D\u0117l to \u0161is produktas yra idealus sprendimas i\u0161lyginti ir atgaivinti net jautriausi\u0105 od\u0105. Ma\u017eina [&#8230;]\n","protected":false},"featured_media":91927,"comment_status":"open","ping_status":"closed","template":"","meta":[],"product_brand":[],"product_cat":[17],"product_tag":[],"class_list":{"0":"post-97996","1":"product","2":"type-product","3":"status-publish","4":"has-post-thumbnail","6":"product_cat-bez-kategorijas","8":"first","9":"outofstock","10":"taxable","11":"shipping-taxable","12":"purchasable","13":"product-type-simple"},"yoast_head":"<!-- This site is optimized with the Yoast SEO plugin v27.4 - https:\/\/yoast.com\/product\/yoast-seo-wordpress\/ -->\n<title>LABRAINS CLEANSEA SKIN PERFECTING Od\u0105 gerinanti veido \u0161veitimo kauk\u0117 50 ml | Twinkling<\/title>\n<meta name=\"description\" content=\"APIB\u016aDINIMAS Visiems odos tipams. Auk\u0161\u010diausios kokyb\u0117s, lengvas jauninantis \u0161veitimas sveikesnei veido odai. \u0160i dr\u0117kinamoji, nedirginanti veido kauk\u0117\" \/>\n<meta name=\"robots\" content=\"index, follow, max-snippet:-1, max-image-preview:large, max-video-preview:-1\" \/>\n<link rel=\"canonical\" href=\"https:\/\/twinkling.lv\/lt\/shop\/labrains-cleansea-skin-perfecting-adu-uzlabojosa-sejas-pilinga-maska-50-ml\/\" \/>\n<meta property=\"og:locale\" content=\"lt_LT\" \/>\n<meta property=\"og:type\" content=\"article\" \/>\n<meta property=\"og:title\" content=\"LABRAINS CLEANSEA SKIN PERFECTING Od\u0105 gerinanti veido \u0161veitimo kauk\u0117 50 ml | Twinkling\" \/>\n<meta property=\"og:description\" content=\"APIB\u016aDINIMAS Visiems odos tipams. Auk\u0161\u010diausios kokyb\u0117s, lengvas jauninantis \u0161veitimas sveikesnei veido odai. \u0160i dr\u0117kinamoji, nedirginanti veido kauk\u0117\" \/>\n<meta property=\"og:url\" content=\"https:\/\/twinkling.lv\/lt\/shop\/labrains-cleansea-skin-perfecting-adu-uzlabojosa-sejas-pilinga-maska-50-ml\/\" \/>\n<meta property=\"og:site_name\" content=\"Twinkling\" \/>\n<meta property=\"article:modified_time\" content=\"2025-02-02T13:01:28+00:00\" \/>\n<meta property=\"og:image\" content=\"https:\/\/twinkling.lv\/wp-content\/uploads\/2024\/11\/LABRAINS-CLEANSEA-SKIN-PERFECTING-adu-uzlabojosa-sejas-pilinga-maska-50-ml.jpg\" \/>\n\t<meta property=\"og:image:width\" content=\"800\" \/>\n\t<meta property=\"og:image:height\" content=\"800\" \/>\n\t<meta property=\"og:image:type\" content=\"image\/jpeg\" \/>\n<meta name=\"twitter:card\" content=\"summary_large_image\" \/>\n<meta name=\"twitter:label1\" content=\"Est. reading time\" \/>\n\t<meta name=\"twitter:data1\" content=\"1 minut\u0117\" \/>\n<script type=\"application\/ld+json\" class=\"yoast-schema-graph\">{\"@context\":\"https:\\\/\\\/schema.org\",\"@graph\":[{\"@type\":\"WebPage\",\"@id\":\"https:\\\/\\\/twinkling.lv\\\/lt\\\/shop\\\/labrains-cleansea-skin-perfecting-adu-uzlabojosa-sejas-pilinga-maska-50-ml\\\/\",\"url\":\"https:\\\/\\\/twinkling.lv\\\/lt\\\/shop\\\/labrains-cleansea-skin-perfecting-adu-uzlabojosa-sejas-pilinga-maska-50-ml\\\/\",\"name\":\"LABRAINS CLEANSEA SKIN PERFECTING Od\u0105 gerinanti veido \u0161veitimo kauk\u0117 50 ml | Twinkling\",\"isPartOf\":{\"@id\":\"https:\\\/\\\/twinkling.lv\\\/lt\\\/#website\"},\"primaryImageOfPage\":{\"@id\":\"https:\\\/\\\/twinkling.lv\\\/lt\\\/shop\\\/labrains-cleansea-skin-perfecting-adu-uzlabojosa-sejas-pilinga-maska-50-ml\\\/#primaryimage\"},\"image\":{\"@id\":\"https:\\\/\\\/twinkling.lv\\\/lt\\\/shop\\\/labrains-cleansea-skin-perfecting-adu-uzlabojosa-sejas-pilinga-maska-50-ml\\\/#primaryimage\"},\"thumbnailUrl\":\"https:\\\/\\\/twinkling.lv\\\/wp-content\\\/uploads\\\/2024\\\/11\\\/LABRAINS-CLEANSEA-SKIN-PERFECTING-adu-uzlabojosa-sejas-pilinga-maska-50-ml.jpg\",\"datePublished\":\"2024-11-10T11:29:57+00:00\",\"dateModified\":\"2025-02-02T13:01:28+00:00\",\"description\":\"APIB\u016aDINIMAS Visiems odos tipams. Auk\u0161\u010diausios kokyb\u0117s, lengvas jauninantis \u0161veitimas sveikesnei veido odai. \u0160i dr\u0117kinamoji, nedirginanti veido kauk\u0117\",\"breadcrumb\":{\"@id\":\"https:\\\/\\\/twinkling.lv\\\/lt\\\/shop\\\/labrains-cleansea-skin-perfecting-adu-uzlabojosa-sejas-pilinga-maska-50-ml\\\/#breadcrumb\"},\"inLanguage\":\"lt-LT\",\"potentialAction\":[{\"@type\":\"ReadAction\",\"target\":[\"https:\\\/\\\/twinkling.lv\\\/lt\\\/shop\\\/labrains-cleansea-skin-perfecting-adu-uzlabojosa-sejas-pilinga-maska-50-ml\\\/\"]}]},{\"@type\":\"ImageObject\",\"inLanguage\":\"lt-LT\",\"@id\":\"https:\\\/\\\/twinkling.lv\\\/lt\\\/shop\\\/labrains-cleansea-skin-perfecting-adu-uzlabojosa-sejas-pilinga-maska-50-ml\\\/#primaryimage\",\"url\":\"https:\\\/\\\/twinkling.lv\\\/wp-content\\\/uploads\\\/2024\\\/11\\\/LABRAINS-CLEANSEA-SKIN-PERFECTING-adu-uzlabojosa-sejas-pilinga-maska-50-ml.jpg\",\"contentUrl\":\"https:\\\/\\\/twinkling.lv\\\/wp-content\\\/uploads\\\/2024\\\/11\\\/LABRAINS-CLEANSEA-SKIN-PERFECTING-adu-uzlabojosa-sejas-pilinga-maska-50-ml.jpg\",\"width\":800,\"height\":800},{\"@type\":\"BreadcrumbList\",\"@id\":\"https:\\\/\\\/twinkling.lv\\\/lt\\\/shop\\\/labrains-cleansea-skin-perfecting-adu-uzlabojosa-sejas-pilinga-maska-50-ml\\\/#breadcrumb\",\"itemListElement\":[{\"@type\":\"ListItem\",\"position\":1,\"name\":\"\u0413\u043b\u0430\u0432\u043d\u0430\u044f \u0441\u0442\u0440\u0430\u043d\u0438\u0446\u0430\",\"item\":\"https:\\\/\\\/twinkling.lv\\\/lt\\\/\"},{\"@type\":\"ListItem\",\"position\":2,\"name\":\"Parduotuv\u0117\",\"item\":\"https:\\\/\\\/twinkling.lv\\\/lt\\\/shop\\\/\"},{\"@type\":\"ListItem\",\"position\":3,\"name\":\"LABRAINS CLEANSEA SKIN PERFECTING Od\u0105 gerinanti veido \u0161veitimo kauk\u0117 50 ml\"}]},{\"@type\":\"WebSite\",\"@id\":\"https:\\\/\\\/twinkling.lv\\\/lt\\\/#website\",\"url\":\"https:\\\/\\\/twinkling.lv\\\/lt\\\/\",\"name\":\"Twinkling\",\"description\":\"Health and Beauty\",\"publisher\":{\"@id\":\"https:\\\/\\\/twinkling.lv\\\/lt\\\/#organization\"},\"potentialAction\":[{\"@type\":\"SearchAction\",\"target\":{\"@type\":\"EntryPoint\",\"urlTemplate\":\"https:\\\/\\\/twinkling.lv\\\/lt\\\/?s={search_term_string}\"},\"query-input\":{\"@type\":\"PropertyValueSpecification\",\"valueRequired\":true,\"valueName\":\"search_term_string\"}}],\"inLanguage\":\"lt-LT\"},{\"@type\":\"Organization\",\"@id\":\"https:\\\/\\\/twinkling.lv\\\/lt\\\/#organization\",\"name\":\"SIA TORANS\",\"url\":\"https:\\\/\\\/twinkling.lv\\\/lt\\\/\",\"logo\":{\"@type\":\"ImageObject\",\"inLanguage\":\"lt-LT\",\"@id\":\"https:\\\/\\\/twinkling.lv\\\/lt\\\/#\\\/schema\\\/logo\\\/image\\\/\",\"url\":\"https:\\\/\\\/twinkling.lv\\\/wp-content\\\/uploads\\\/2022\\\/02\\\/twinkling-main-logo.jpg\",\"contentUrl\":\"https:\\\/\\\/twinkling.lv\\\/wp-content\\\/uploads\\\/2022\\\/02\\\/twinkling-main-logo.jpg\",\"width\":250,\"height\":100,\"caption\":\"SIA TORANS\"},\"image\":{\"@id\":\"https:\\\/\\\/twinkling.lv\\\/lt\\\/#\\\/schema\\\/logo\\\/image\\\/\"}}]}<\/script>\n<!-- \/ Yoast SEO plugin. -->","yoast_head_json":{"title":"LABRAINS CLEANSEA SKIN PERFECTING Od\u0105 gerinanti veido \u0161veitimo kauk\u0117 50 ml | Twinkling","description":"APIB\u016aDINIMAS Visiems odos tipams. Auk\u0161\u010diausios kokyb\u0117s, lengvas jauninantis \u0161veitimas sveikesnei veido odai. \u0160i dr\u0117kinamoji, nedirginanti veido kauk\u0117","robots":{"index":"index","follow":"follow","max-snippet":"max-snippet:-1","max-image-preview":"max-image-preview:large","max-video-preview":"max-video-preview:-1"},"canonical":"https:\/\/twinkling.lv\/lt\/shop\/labrains-cleansea-skin-perfecting-adu-uzlabojosa-sejas-pilinga-maska-50-ml\/","og_locale":"lt_LT","og_type":"article","og_title":"LABRAINS CLEANSEA SKIN PERFECTING Od\u0105 gerinanti veido \u0161veitimo kauk\u0117 50 ml | Twinkling","og_description":"APIB\u016aDINIMAS Visiems odos tipams. Auk\u0161\u010diausios kokyb\u0117s, lengvas jauninantis \u0161veitimas sveikesnei veido odai. \u0160i dr\u0117kinamoji, nedirginanti veido kauk\u0117","og_url":"https:\/\/twinkling.lv\/lt\/shop\/labrains-cleansea-skin-perfecting-adu-uzlabojosa-sejas-pilinga-maska-50-ml\/","og_site_name":"Twinkling","article_modified_time":"2025-02-02T13:01:28+00:00","og_image":[{"width":800,"height":800,"url":"https:\/\/twinkling.lv\/wp-content\/uploads\/2024\/11\/LABRAINS-CLEANSEA-SKIN-PERFECTING-adu-uzlabojosa-sejas-pilinga-maska-50-ml.jpg","type":"image\/jpeg"}],"twitter_card":"summary_large_image","twitter_misc":{"Est. reading time":"1 minut\u0117"},"schema":{"@context":"https:\/\/schema.org","@graph":[{"@type":"WebPage","@id":"https:\/\/twinkling.lv\/lt\/shop\/labrains-cleansea-skin-perfecting-adu-uzlabojosa-sejas-pilinga-maska-50-ml\/","url":"https:\/\/twinkling.lv\/lt\/shop\/labrains-cleansea-skin-perfecting-adu-uzlabojosa-sejas-pilinga-maska-50-ml\/","name":"LABRAINS CLEANSEA SKIN PERFECTING Od\u0105 gerinanti veido \u0161veitimo kauk\u0117 50 ml | Twinkling","isPartOf":{"@id":"https:\/\/twinkling.lv\/lt\/#website"},"primaryImageOfPage":{"@id":"https:\/\/twinkling.lv\/lt\/shop\/labrains-cleansea-skin-perfecting-adu-uzlabojosa-sejas-pilinga-maska-50-ml\/#primaryimage"},"image":{"@id":"https:\/\/twinkling.lv\/lt\/shop\/labrains-cleansea-skin-perfecting-adu-uzlabojosa-sejas-pilinga-maska-50-ml\/#primaryimage"},"thumbnailUrl":"https:\/\/twinkling.lv\/wp-content\/uploads\/2024\/11\/LABRAINS-CLEANSEA-SKIN-PERFECTING-adu-uzlabojosa-sejas-pilinga-maska-50-ml.jpg","datePublished":"2024-11-10T11:29:57+00:00","dateModified":"2025-02-02T13:01:28+00:00","description":"APIB\u016aDINIMAS Visiems odos tipams. Auk\u0161\u010diausios kokyb\u0117s, lengvas jauninantis \u0161veitimas sveikesnei veido odai. \u0160i dr\u0117kinamoji, nedirginanti veido kauk\u0117","breadcrumb":{"@id":"https:\/\/twinkling.lv\/lt\/shop\/labrains-cleansea-skin-perfecting-adu-uzlabojosa-sejas-pilinga-maska-50-ml\/#breadcrumb"},"inLanguage":"lt-LT","potentialAction":[{"@type":"ReadAction","target":["https:\/\/twinkling.lv\/lt\/shop\/labrains-cleansea-skin-perfecting-adu-uzlabojosa-sejas-pilinga-maska-50-ml\/"]}]},{"@type":"ImageObject","inLanguage":"lt-LT","@id":"https:\/\/twinkling.lv\/lt\/shop\/labrains-cleansea-skin-perfecting-adu-uzlabojosa-sejas-pilinga-maska-50-ml\/#primaryimage","url":"https:\/\/twinkling.lv\/wp-content\/uploads\/2024\/11\/LABRAINS-CLEANSEA-SKIN-PERFECTING-adu-uzlabojosa-sejas-pilinga-maska-50-ml.jpg","contentUrl":"https:\/\/twinkling.lv\/wp-content\/uploads\/2024\/11\/LABRAINS-CLEANSEA-SKIN-PERFECTING-adu-uzlabojosa-sejas-pilinga-maska-50-ml.jpg","width":800,"height":800},{"@type":"BreadcrumbList","@id":"https:\/\/twinkling.lv\/lt\/shop\/labrains-cleansea-skin-perfecting-adu-uzlabojosa-sejas-pilinga-maska-50-ml\/#breadcrumb","itemListElement":[{"@type":"ListItem","position":1,"name":"\u0413\u043b\u0430\u0432\u043d\u0430\u044f \u0441\u0442\u0440\u0430\u043d\u0438\u0446\u0430","item":"https:\/\/twinkling.lv\/lt\/"},{"@type":"ListItem","position":2,"name":"Parduotuv\u0117","item":"https:\/\/twinkling.lv\/lt\/shop\/"},{"@type":"ListItem","position":3,"name":"LABRAINS CLEANSEA SKIN PERFECTING Od\u0105 gerinanti veido \u0161veitimo kauk\u0117 50 ml"}]},{"@type":"WebSite","@id":"https:\/\/twinkling.lv\/lt\/#website","url":"https:\/\/twinkling.lv\/lt\/","name":"Twinkling","description":"Health and Beauty","publisher":{"@id":"https:\/\/twinkling.lv\/lt\/#organization"},"potentialAction":[{"@type":"SearchAction","target":{"@type":"EntryPoint","urlTemplate":"https:\/\/twinkling.lv\/lt\/?s={search_term_string}"},"query-input":{"@type":"PropertyValueSpecification","valueRequired":true,"valueName":"search_term_string"}}],"inLanguage":"lt-LT"},{"@type":"Organization","@id":"https:\/\/twinkling.lv\/lt\/#organization","name":"SIA TORANS","url":"https:\/\/twinkling.lv\/lt\/","logo":{"@type":"ImageObject","inLanguage":"lt-LT","@id":"https:\/\/twinkling.lv\/lt\/#\/schema\/logo\/image\/","url":"https:\/\/twinkling.lv\/wp-content\/uploads\/2022\/02\/twinkling-main-logo.jpg","contentUrl":"https:\/\/twinkling.lv\/wp-content\/uploads\/2022\/02\/twinkling-main-logo.jpg","width":250,"height":100,"caption":"SIA TORANS"},"image":{"@id":"https:\/\/twinkling.lv\/lt\/#\/schema\/logo\/image\/"}}]}},"_links":{"self":[{"href":"https:\/\/twinkling.lv\/lt\/wp-json\/wp\/v2\/product\/97996","targetHints":{"allow":["GET"]}}],"collection":[{"href":"https:\/\/twinkling.lv\/lt\/wp-json\/wp\/v2\/product"}],"about":[{"href":"https:\/\/twinkling.lv\/lt\/wp-json\/wp\/v2\/types\/product"}],"replies":[{"embeddable":true,"href":"https:\/\/twinkling.lv\/lt\/wp-json\/wp\/v2\/comments?post=97996"}],"wp:featuredmedia":[{"embeddable":true,"href":"https:\/\/twinkling.lv\/lt\/wp-json\/wp\/v2\/media\/91927"}],"wp:attachment":[{"href":"https:\/\/twinkling.lv\/lt\/wp-json\/wp\/v2\/media?parent=97996"}],"wp:term":[{"taxonomy":"product_brand","embeddable":true,"href":"https:\/\/twinkling.lv\/lt\/wp-json\/wp\/v2\/product_brand?post=97996"},{"taxonomy":"product_cat","embeddable":true,"href":"https:\/\/twinkling.lv\/lt\/wp-json\/wp\/v2\/product_cat?post=97996"},{"taxonomy":"product_tag","embeddable":true,"href":"https:\/\/twinkling.lv\/lt\/wp-json\/wp\/v2\/product_tag?post=97996"}],"curies":[{"name":"wp","href":"https:\/\/api.w.org\/{rel}","templated":true}]}}