{"id":97356,"date":"2024-11-10T14:58:33","date_gmt":"2024-11-10T11:58:33","guid":{"rendered":"https:\/\/twinkling.lv\/shop\/nailner-treat-colour-nagu-lakas-pret-nagu-seniti-2-x-5-ml\/"},"modified":"2025-02-02T16:01:59","modified_gmt":"2025-02-02T13:01:59","slug":"nailner-treat-colour-nagu-lakas-pret-nagu-seniti-2-x-5-ml","status":"publish","type":"product","link":"https:\/\/twinkling.lv\/lt\/shop\/nailner-treat-colour-nagu-lakas-pret-nagu-seniti-2-x-5-ml\/","title":{"rendered":"NAILNER Treat &#038; Color nag\u0173 lakas nuo nag\u0173 grybelio 2 x 5 ml"},"content":{"rendered":"<p><strong>APIB\u016aDINIMAS<\/strong><\/p>\n<p>Su orui pralaid\u017eiu nag\u0173 laiku, tod\u0117l galite apdoroti ir lakuoti nagus vienu metu<br \/>\n\u012eprasti nag\u0173 lakai gali \u201e\u012fjungti\u201c grybelin\u0119 infekcij\u0105 ir pabloginti situacij\u0105<br \/>\nOrui pralaidus nag\u0173 lakas netrukdo nag\u0173 gijimui, ta\u010diau Treat &#038; Color galima naudoti ant vis\u0173 nag\u0173 \u2013 pa\u017eeist\u0173 ir sveik\u0173<br \/>\nU\u017emaskuoja bet kokius negra\u017eius nag\u0173 spalvos poky\u010dius ir grybelio pa\u017eeist\u0173 nag\u0173 pa\u017eeidimus<\/p>\n<p><strong>TAIKYMO B\u016aDAS<\/strong><\/p>\n<p>Prie\u0161 kiekvien\u0105 naudojim\u0105 nuvalykite nag\u0173 lak\u0105 nuo nag\u0173, kuriuos reikia apdoroti.<br \/>\nU\u017etepkite Nailner Brush (skaidrus skystis) vis\u0105 pa\u017eeisto nago pavir\u0161i\u0173, \u012fskaitant galiuk\u0105.<br \/>\nLeiskite tirpalui i\u0161d\u017ei\u016bti apie 1-2 minutes.<br \/>\nPadenkite nagus Nailner Orui pralaid\u017eiu nag\u0173 laku ir leiskite i\u0161d\u017ei\u016bti (apie 2-3 minutes). Dabar galima da\u017eyti visus nagus.<\/p>\n<p>Prie\u0161 kit\u0105 dengim\u0105 nag\u0173 lak\u0105 nuimkite nag\u0173 lako valikliu (geriausia be acetono) nuo nag\u0173, kuriuos reikia apdoroti, ir pakartokite auk\u0161\u010diau apra\u0161yt\u0105 proced\u016br\u0105. Sveiki nagai gali likti lakuoti (rekomenduojama valyti ir leisti nagams kv\u0117puoti kas 2 savaites).<\/p>\n<p><strong>SUD\u0116TIS<\/strong><\/p>\n<p>Etilo laktatas, glicerinas, vanduo, pieno r\u016bg\u0161tis, citrin\u0173 r\u016bg\u0161tis.<\/p>\n","protected":false},"excerpt":{"rendered":"<p>APIB\u016aDINIMAS Su orui pralaid\u017eiu nag\u0173 laiku, tod\u0117l galite apdoroti ir lakuoti nagus vienu metu \u012eprasti nag\u0173 lakai gali \u201e\u012fjungti\u201c grybelin\u0119 infekcij\u0105 ir pabloginti situacij\u0105 Orui pralaidus nag\u0173 lakas netrukdo nag\u0173 gijimui, ta\u010diau Treat &#038; Color galima naudoti ant vis\u0173 nag\u0173 \u2013 pa\u017eeist\u0173 ir sveik\u0173 U\u017emaskuoja bet kokius negra\u017eius nag\u0173 spalvos poky\u010dius ir grybelio pa\u017eeist\u0173 nag\u0173 [&#8230;]\n","protected":false},"featured_media":92611,"comment_status":"open","ping_status":"closed","template":"","meta":[],"product_brand":[],"product_cat":[17],"product_tag":[],"class_list":{"0":"post-97356","1":"product","2":"type-product","3":"status-publish","4":"has-post-thumbnail","6":"product_cat-bez-kategorijas","8":"first","9":"outofstock","10":"taxable","11":"shipping-taxable","12":"purchasable","13":"product-type-simple"},"yoast_head":"<!-- This site is optimized with the Yoast SEO plugin v27.4 - https:\/\/yoast.com\/product\/yoast-seo-wordpress\/ -->\n<title>NAILNER Treat &amp; Color nag\u0173 lakas nuo nag\u0173 grybelio 2 x 5 ml | Twinkling<\/title>\n<meta name=\"description\" content=\"APIB\u016aDINIMAS Su orui pralaid\u017eiu nag\u0173 laiku, tod\u0117l galite apdoroti ir lakuoti nagus vienu metu \u012eprasti nag\u0173 lakai gali \u201e\u012fjungti\u201c grybelin\u0119 infekcij\u0105 ir\" \/>\n<meta name=\"robots\" content=\"index, follow, max-snippet:-1, max-image-preview:large, max-video-preview:-1\" \/>\n<link rel=\"canonical\" href=\"https:\/\/twinkling.lv\/lt\/shop\/nailner-treat-colour-nagu-lakas-pret-nagu-seniti-2-x-5-ml\/\" \/>\n<meta property=\"og:locale\" content=\"lt_LT\" \/>\n<meta property=\"og:type\" content=\"article\" \/>\n<meta property=\"og:title\" content=\"NAILNER Treat &amp; Color nag\u0173 lakas nuo nag\u0173 grybelio 2 x 5 ml | Twinkling\" \/>\n<meta property=\"og:description\" content=\"APIB\u016aDINIMAS Su orui pralaid\u017eiu nag\u0173 laiku, tod\u0117l galite apdoroti ir lakuoti nagus vienu metu \u012eprasti nag\u0173 lakai gali \u201e\u012fjungti\u201c grybelin\u0119 infekcij\u0105 ir\" \/>\n<meta property=\"og:url\" content=\"https:\/\/twinkling.lv\/lt\/shop\/nailner-treat-colour-nagu-lakas-pret-nagu-seniti-2-x-5-ml\/\" \/>\n<meta property=\"og:site_name\" content=\"Twinkling\" \/>\n<meta property=\"article:modified_time\" content=\"2025-02-02T13:01:59+00:00\" \/>\n<meta property=\"og:image\" content=\"https:\/\/twinkling.lv\/wp-content\/uploads\/2024\/11\/NAILNER-Treat-Colour-nagu-lakas-pret-nagu-seniti-2-x-5-ml.jpg\" \/>\n\t<meta property=\"og:image:width\" content=\"800\" \/>\n\t<meta property=\"og:image:height\" content=\"800\" \/>\n\t<meta property=\"og:image:type\" content=\"image\/jpeg\" \/>\n<meta name=\"twitter:card\" content=\"summary_large_image\" \/>\n<meta name=\"twitter:label1\" content=\"Est. reading time\" \/>\n\t<meta name=\"twitter:data1\" content=\"1 minut\u0117\" \/>\n<script type=\"application\/ld+json\" class=\"yoast-schema-graph\">{\"@context\":\"https:\\\/\\\/schema.org\",\"@graph\":[{\"@type\":\"WebPage\",\"@id\":\"https:\\\/\\\/twinkling.lv\\\/lt\\\/shop\\\/nailner-treat-colour-nagu-lakas-pret-nagu-seniti-2-x-5-ml\\\/\",\"url\":\"https:\\\/\\\/twinkling.lv\\\/lt\\\/shop\\\/nailner-treat-colour-nagu-lakas-pret-nagu-seniti-2-x-5-ml\\\/\",\"name\":\"NAILNER Treat & Color nag\u0173 lakas nuo nag\u0173 grybelio 2 x 5 ml | Twinkling\",\"isPartOf\":{\"@id\":\"https:\\\/\\\/twinkling.lv\\\/lt\\\/#website\"},\"primaryImageOfPage\":{\"@id\":\"https:\\\/\\\/twinkling.lv\\\/lt\\\/shop\\\/nailner-treat-colour-nagu-lakas-pret-nagu-seniti-2-x-5-ml\\\/#primaryimage\"},\"image\":{\"@id\":\"https:\\\/\\\/twinkling.lv\\\/lt\\\/shop\\\/nailner-treat-colour-nagu-lakas-pret-nagu-seniti-2-x-5-ml\\\/#primaryimage\"},\"thumbnailUrl\":\"https:\\\/\\\/twinkling.lv\\\/wp-content\\\/uploads\\\/2024\\\/11\\\/NAILNER-Treat-Colour-nagu-lakas-pret-nagu-seniti-2-x-5-ml.jpg\",\"datePublished\":\"2024-11-10T11:58:33+00:00\",\"dateModified\":\"2025-02-02T13:01:59+00:00\",\"description\":\"APIB\u016aDINIMAS Su orui pralaid\u017eiu nag\u0173 laiku, tod\u0117l galite apdoroti ir lakuoti nagus vienu metu \u012eprasti nag\u0173 lakai gali \u201e\u012fjungti\u201c grybelin\u0119 infekcij\u0105 ir\",\"breadcrumb\":{\"@id\":\"https:\\\/\\\/twinkling.lv\\\/lt\\\/shop\\\/nailner-treat-colour-nagu-lakas-pret-nagu-seniti-2-x-5-ml\\\/#breadcrumb\"},\"inLanguage\":\"lt-LT\",\"potentialAction\":[{\"@type\":\"ReadAction\",\"target\":[\"https:\\\/\\\/twinkling.lv\\\/lt\\\/shop\\\/nailner-treat-colour-nagu-lakas-pret-nagu-seniti-2-x-5-ml\\\/\"]}]},{\"@type\":\"ImageObject\",\"inLanguage\":\"lt-LT\",\"@id\":\"https:\\\/\\\/twinkling.lv\\\/lt\\\/shop\\\/nailner-treat-colour-nagu-lakas-pret-nagu-seniti-2-x-5-ml\\\/#primaryimage\",\"url\":\"https:\\\/\\\/twinkling.lv\\\/wp-content\\\/uploads\\\/2024\\\/11\\\/NAILNER-Treat-Colour-nagu-lakas-pret-nagu-seniti-2-x-5-ml.jpg\",\"contentUrl\":\"https:\\\/\\\/twinkling.lv\\\/wp-content\\\/uploads\\\/2024\\\/11\\\/NAILNER-Treat-Colour-nagu-lakas-pret-nagu-seniti-2-x-5-ml.jpg\",\"width\":800,\"height\":800},{\"@type\":\"BreadcrumbList\",\"@id\":\"https:\\\/\\\/twinkling.lv\\\/lt\\\/shop\\\/nailner-treat-colour-nagu-lakas-pret-nagu-seniti-2-x-5-ml\\\/#breadcrumb\",\"itemListElement\":[{\"@type\":\"ListItem\",\"position\":1,\"name\":\"\u0413\u043b\u0430\u0432\u043d\u0430\u044f \u0441\u0442\u0440\u0430\u043d\u0438\u0446\u0430\",\"item\":\"https:\\\/\\\/twinkling.lv\\\/lt\\\/\"},{\"@type\":\"ListItem\",\"position\":2,\"name\":\"Parduotuv\u0117\",\"item\":\"https:\\\/\\\/twinkling.lv\\\/lt\\\/shop\\\/\"},{\"@type\":\"ListItem\",\"position\":3,\"name\":\"NAILNER Treat &#038; Color nag\u0173 lakas nuo nag\u0173 grybelio 2 x 5 ml\"}]},{\"@type\":\"WebSite\",\"@id\":\"https:\\\/\\\/twinkling.lv\\\/lt\\\/#website\",\"url\":\"https:\\\/\\\/twinkling.lv\\\/lt\\\/\",\"name\":\"Twinkling\",\"description\":\"Health and Beauty\",\"publisher\":{\"@id\":\"https:\\\/\\\/twinkling.lv\\\/lt\\\/#organization\"},\"potentialAction\":[{\"@type\":\"SearchAction\",\"target\":{\"@type\":\"EntryPoint\",\"urlTemplate\":\"https:\\\/\\\/twinkling.lv\\\/lt\\\/?s={search_term_string}\"},\"query-input\":{\"@type\":\"PropertyValueSpecification\",\"valueRequired\":true,\"valueName\":\"search_term_string\"}}],\"inLanguage\":\"lt-LT\"},{\"@type\":\"Organization\",\"@id\":\"https:\\\/\\\/twinkling.lv\\\/lt\\\/#organization\",\"name\":\"SIA TORANS\",\"url\":\"https:\\\/\\\/twinkling.lv\\\/lt\\\/\",\"logo\":{\"@type\":\"ImageObject\",\"inLanguage\":\"lt-LT\",\"@id\":\"https:\\\/\\\/twinkling.lv\\\/lt\\\/#\\\/schema\\\/logo\\\/image\\\/\",\"url\":\"https:\\\/\\\/twinkling.lv\\\/wp-content\\\/uploads\\\/2022\\\/02\\\/twinkling-main-logo.jpg\",\"contentUrl\":\"https:\\\/\\\/twinkling.lv\\\/wp-content\\\/uploads\\\/2022\\\/02\\\/twinkling-main-logo.jpg\",\"width\":250,\"height\":100,\"caption\":\"SIA TORANS\"},\"image\":{\"@id\":\"https:\\\/\\\/twinkling.lv\\\/lt\\\/#\\\/schema\\\/logo\\\/image\\\/\"}}]}<\/script>\n<!-- \/ Yoast SEO plugin. -->","yoast_head_json":{"title":"NAILNER Treat & Color nag\u0173 lakas nuo nag\u0173 grybelio 2 x 5 ml | Twinkling","description":"APIB\u016aDINIMAS Su orui pralaid\u017eiu nag\u0173 laiku, tod\u0117l galite apdoroti ir lakuoti nagus vienu metu \u012eprasti nag\u0173 lakai gali \u201e\u012fjungti\u201c grybelin\u0119 infekcij\u0105 ir","robots":{"index":"index","follow":"follow","max-snippet":"max-snippet:-1","max-image-preview":"max-image-preview:large","max-video-preview":"max-video-preview:-1"},"canonical":"https:\/\/twinkling.lv\/lt\/shop\/nailner-treat-colour-nagu-lakas-pret-nagu-seniti-2-x-5-ml\/","og_locale":"lt_LT","og_type":"article","og_title":"NAILNER Treat & Color nag\u0173 lakas nuo nag\u0173 grybelio 2 x 5 ml | Twinkling","og_description":"APIB\u016aDINIMAS Su orui pralaid\u017eiu nag\u0173 laiku, tod\u0117l galite apdoroti ir lakuoti nagus vienu metu \u012eprasti nag\u0173 lakai gali \u201e\u012fjungti\u201c grybelin\u0119 infekcij\u0105 ir","og_url":"https:\/\/twinkling.lv\/lt\/shop\/nailner-treat-colour-nagu-lakas-pret-nagu-seniti-2-x-5-ml\/","og_site_name":"Twinkling","article_modified_time":"2025-02-02T13:01:59+00:00","og_image":[{"width":800,"height":800,"url":"https:\/\/twinkling.lv\/wp-content\/uploads\/2024\/11\/NAILNER-Treat-Colour-nagu-lakas-pret-nagu-seniti-2-x-5-ml.jpg","type":"image\/jpeg"}],"twitter_card":"summary_large_image","twitter_misc":{"Est. reading time":"1 minut\u0117"},"schema":{"@context":"https:\/\/schema.org","@graph":[{"@type":"WebPage","@id":"https:\/\/twinkling.lv\/lt\/shop\/nailner-treat-colour-nagu-lakas-pret-nagu-seniti-2-x-5-ml\/","url":"https:\/\/twinkling.lv\/lt\/shop\/nailner-treat-colour-nagu-lakas-pret-nagu-seniti-2-x-5-ml\/","name":"NAILNER Treat & Color nag\u0173 lakas nuo nag\u0173 grybelio 2 x 5 ml | Twinkling","isPartOf":{"@id":"https:\/\/twinkling.lv\/lt\/#website"},"primaryImageOfPage":{"@id":"https:\/\/twinkling.lv\/lt\/shop\/nailner-treat-colour-nagu-lakas-pret-nagu-seniti-2-x-5-ml\/#primaryimage"},"image":{"@id":"https:\/\/twinkling.lv\/lt\/shop\/nailner-treat-colour-nagu-lakas-pret-nagu-seniti-2-x-5-ml\/#primaryimage"},"thumbnailUrl":"https:\/\/twinkling.lv\/wp-content\/uploads\/2024\/11\/NAILNER-Treat-Colour-nagu-lakas-pret-nagu-seniti-2-x-5-ml.jpg","datePublished":"2024-11-10T11:58:33+00:00","dateModified":"2025-02-02T13:01:59+00:00","description":"APIB\u016aDINIMAS Su orui pralaid\u017eiu nag\u0173 laiku, tod\u0117l galite apdoroti ir lakuoti nagus vienu metu \u012eprasti nag\u0173 lakai gali \u201e\u012fjungti\u201c grybelin\u0119 infekcij\u0105 ir","breadcrumb":{"@id":"https:\/\/twinkling.lv\/lt\/shop\/nailner-treat-colour-nagu-lakas-pret-nagu-seniti-2-x-5-ml\/#breadcrumb"},"inLanguage":"lt-LT","potentialAction":[{"@type":"ReadAction","target":["https:\/\/twinkling.lv\/lt\/shop\/nailner-treat-colour-nagu-lakas-pret-nagu-seniti-2-x-5-ml\/"]}]},{"@type":"ImageObject","inLanguage":"lt-LT","@id":"https:\/\/twinkling.lv\/lt\/shop\/nailner-treat-colour-nagu-lakas-pret-nagu-seniti-2-x-5-ml\/#primaryimage","url":"https:\/\/twinkling.lv\/wp-content\/uploads\/2024\/11\/NAILNER-Treat-Colour-nagu-lakas-pret-nagu-seniti-2-x-5-ml.jpg","contentUrl":"https:\/\/twinkling.lv\/wp-content\/uploads\/2024\/11\/NAILNER-Treat-Colour-nagu-lakas-pret-nagu-seniti-2-x-5-ml.jpg","width":800,"height":800},{"@type":"BreadcrumbList","@id":"https:\/\/twinkling.lv\/lt\/shop\/nailner-treat-colour-nagu-lakas-pret-nagu-seniti-2-x-5-ml\/#breadcrumb","itemListElement":[{"@type":"ListItem","position":1,"name":"\u0413\u043b\u0430\u0432\u043d\u0430\u044f \u0441\u0442\u0440\u0430\u043d\u0438\u0446\u0430","item":"https:\/\/twinkling.lv\/lt\/"},{"@type":"ListItem","position":2,"name":"Parduotuv\u0117","item":"https:\/\/twinkling.lv\/lt\/shop\/"},{"@type":"ListItem","position":3,"name":"NAILNER Treat &#038; Color nag\u0173 lakas nuo nag\u0173 grybelio 2 x 5 ml"}]},{"@type":"WebSite","@id":"https:\/\/twinkling.lv\/lt\/#website","url":"https:\/\/twinkling.lv\/lt\/","name":"Twinkling","description":"Health and Beauty","publisher":{"@id":"https:\/\/twinkling.lv\/lt\/#organization"},"potentialAction":[{"@type":"SearchAction","target":{"@type":"EntryPoint","urlTemplate":"https:\/\/twinkling.lv\/lt\/?s={search_term_string}"},"query-input":{"@type":"PropertyValueSpecification","valueRequired":true,"valueName":"search_term_string"}}],"inLanguage":"lt-LT"},{"@type":"Organization","@id":"https:\/\/twinkling.lv\/lt\/#organization","name":"SIA TORANS","url":"https:\/\/twinkling.lv\/lt\/","logo":{"@type":"ImageObject","inLanguage":"lt-LT","@id":"https:\/\/twinkling.lv\/lt\/#\/schema\/logo\/image\/","url":"https:\/\/twinkling.lv\/wp-content\/uploads\/2022\/02\/twinkling-main-logo.jpg","contentUrl":"https:\/\/twinkling.lv\/wp-content\/uploads\/2022\/02\/twinkling-main-logo.jpg","width":250,"height":100,"caption":"SIA TORANS"},"image":{"@id":"https:\/\/twinkling.lv\/lt\/#\/schema\/logo\/image\/"}}]}},"_links":{"self":[{"href":"https:\/\/twinkling.lv\/lt\/wp-json\/wp\/v2\/product\/97356","targetHints":{"allow":["GET"]}}],"collection":[{"href":"https:\/\/twinkling.lv\/lt\/wp-json\/wp\/v2\/product"}],"about":[{"href":"https:\/\/twinkling.lv\/lt\/wp-json\/wp\/v2\/types\/product"}],"replies":[{"embeddable":true,"href":"https:\/\/twinkling.lv\/lt\/wp-json\/wp\/v2\/comments?post=97356"}],"wp:featuredmedia":[{"embeddable":true,"href":"https:\/\/twinkling.lv\/lt\/wp-json\/wp\/v2\/media\/92611"}],"wp:attachment":[{"href":"https:\/\/twinkling.lv\/lt\/wp-json\/wp\/v2\/media?parent=97356"}],"wp:term":[{"taxonomy":"product_brand","embeddable":true,"href":"https:\/\/twinkling.lv\/lt\/wp-json\/wp\/v2\/product_brand?post=97356"},{"taxonomy":"product_cat","embeddable":true,"href":"https:\/\/twinkling.lv\/lt\/wp-json\/wp\/v2\/product_cat?post=97356"},{"taxonomy":"product_tag","embeddable":true,"href":"https:\/\/twinkling.lv\/lt\/wp-json\/wp\/v2\/product_tag?post=97356"}],"curies":[{"name":"wp","href":"https:\/\/api.w.org\/{rel}","templated":true}]}}