{"id":95841,"date":"2024-11-10T15:12:46","date_gmt":"2024-11-10T12:12:46","guid":{"rendered":"https:\/\/twinkling.lv\/shop\/veselibas-piramida-ginkgo-biloba-tabletes-ar-d-vitaminu-n30\/"},"modified":"2025-02-02T16:03:27","modified_gmt":"2025-02-02T13:03:27","slug":"veselibas-piramida-ginkgo-biloba-tabletes-ar-d-vitaminu-n30","status":"publish","type":"product","link":"https:\/\/twinkling.lv\/lt\/shop\/veselibas-piramida-ginkgo-biloba-tabletes-ar-d-vitaminu-n30\/","title":{"rendered":"SVEIKATOS PIRAMID\u0116 Ginkgo biloba tablet\u0117s su vitaminu D N30"},"content":{"rendered":"<p><strong>APIB\u016aDINIMAS<\/strong><\/p>\n<p>Veiksmingas ginkmed\u017eio ekstraktas su vitaminu D<br \/>\nGinkmed\u017eio ekstraktas gerina viso organizmo apr\u016bpinim\u0105 krauju, ginkmed\u017eio ekstraktas ypa\u010d svarbus rank\u0173 ir p\u0117d\u0173 apr\u016bpinimui krauju. Pager\u0117jus apr\u016bpinimui krauju, smegen\u0173 veikla taip pat tampa efektyvesn\u0117, pager\u0117ja atmintis. Tyrimai parod\u0117, kad reguliarus ginkmed\u017eio ekstrakto naudojimas suma\u017eina demencij\u0105 ir neuropsichiatrinius simptomus. Vitaminas D3 pagerina ginkmed\u017eio ekstrakto \u012fsisavinim\u0105 ir veikim\u0105 organizme.<br \/>\nReguliariai vartodami Ginkgo biloba tabletes pagerinsite viso k\u016bno apr\u016bpinim\u0105 krauju, su\u0161ildysite rankas ir kojas.<\/p>\n<p>Padeda esant gal\u016bni\u0173 arterinio kraujo tiekimo sutrikimams (\u0161\u0105lan\u010dios rankos ir kojos)<br \/>\nSkatina koj\u0173 ir rank\u0173 apr\u016bpinim\u0105 krauju<br \/>\nTeigiamai veikia smegenis ir vis\u0105 nerv\u0173 sistem\u0105<br \/>\nSuteikia reikiam\u0105 vitamino D3 paros doz\u0119<\/p>\n<p><strong>TAIKYMO B\u016aDAS<\/strong><\/p>\n<p>Vyresniems nei 12 met\u0173 vaikams po 1 tablet\u0119 per dien\u0105 u\u017esigeriant vandeniu.<\/p>\n<p><strong>SUD\u0116TIS<\/strong><\/p>\n<p>Lipnum\u0105 reguliuojanti med\u017eiaga mikrokristalin\u0117 celiulioz\u0117, lipnum\u0105 reguliuojanti med\u017eiaga magnio stearatas, ginkmed\u017eio ekstraktas, lipnum\u0105 reguliuojanti med\u017eiaga amorfinis silicio dioksidas, r\u016bg\u0161tingum\u0105 reguliuojanti med\u017eiaga dikalcio fosfatas, cholekalciferolis, r\u016bg\u0161tingumo stabilizatorius hidroksipropilmetilceliulioz\u0117, stabilizatorius, da\u017eiklis stearino r\u016bg\u0161tis.<\/p>\n","protected":false},"excerpt":{"rendered":"<p><span style=\"color: #0000ff;\"><a style=\"color: #0000ff;\" href=\"https:\/\/registri.pvd.gov.lv\/ub\/dati?p_id=9170&#038;name=Ginkgo+biloba\" target=\"_blank\" rel=\"noopener\">Produkto Apra\u0161ymas<\/a><\/span><\/p>\n","protected":false},"featured_media":94507,"comment_status":"open","ping_status":"closed","template":"","meta":[],"product_brand":[],"product_cat":[17],"product_tag":[],"class_list":{"0":"post-95841","1":"product","2":"type-product","3":"status-publish","4":"has-post-thumbnail","6":"product_cat-bez-kategorijas","8":"first","9":"outofstock","10":"taxable","11":"shipping-taxable","12":"purchasable","13":"product-type-simple"},"yoast_head":"<!-- This site is optimized with the Yoast SEO plugin v27.2 - https:\/\/yoast.com\/product\/yoast-seo-wordpress\/ -->\n<title>SVEIKATOS PIRAMID\u0116 Ginkgo biloba tablet\u0117s su vitaminu D N30 | Twinkling<\/title>\n<meta name=\"description\" content=\"Produkto Apra\u0161ymas\" \/>\n<meta name=\"robots\" content=\"index, follow, max-snippet:-1, max-image-preview:large, max-video-preview:-1\" \/>\n<link rel=\"canonical\" href=\"https:\/\/twinkling.lv\/lt\/shop\/veselibas-piramida-ginkgo-biloba-tabletes-ar-d-vitaminu-n30\/\" \/>\n<meta property=\"og:locale\" content=\"lt_LT\" \/>\n<meta property=\"og:type\" content=\"article\" \/>\n<meta property=\"og:title\" content=\"SVEIKATOS PIRAMID\u0116 Ginkgo biloba tablet\u0117s su vitaminu D N30 | Twinkling\" \/>\n<meta property=\"og:description\" content=\"Produkto Apra\u0161ymas\" \/>\n<meta property=\"og:url\" content=\"https:\/\/twinkling.lv\/lt\/shop\/veselibas-piramida-ginkgo-biloba-tabletes-ar-d-vitaminu-n30\/\" \/>\n<meta property=\"og:site_name\" content=\"Twinkling\" \/>\n<meta property=\"article:modified_time\" content=\"2025-02-02T13:03:27+00:00\" \/>\n<meta property=\"og:image\" content=\"https:\/\/twinkling.lv\/wp-content\/uploads\/2024\/11\/VESELiBAS-PIRAMiDA-Ginkgo-biloba-tabletes-ar-D-vitaminu-N30.jpg\" \/>\n\t<meta property=\"og:image:width\" content=\"1000\" \/>\n\t<meta property=\"og:image:height\" content=\"1000\" \/>\n\t<meta property=\"og:image:type\" content=\"image\/jpeg\" \/>\n<meta name=\"twitter:card\" content=\"summary_large_image\" \/>\n<meta name=\"twitter:label1\" content=\"Est. reading time\" \/>\n\t<meta name=\"twitter:data1\" content=\"1 minut\u0117\" \/>\n<script type=\"application\/ld+json\" class=\"yoast-schema-graph\">{\"@context\":\"https:\/\/schema.org\",\"@graph\":[{\"@type\":\"WebPage\",\"@id\":\"https:\/\/twinkling.lv\/lt\/shop\/veselibas-piramida-ginkgo-biloba-tabletes-ar-d-vitaminu-n30\/\",\"url\":\"https:\/\/twinkling.lv\/lt\/shop\/veselibas-piramida-ginkgo-biloba-tabletes-ar-d-vitaminu-n30\/\",\"name\":\"SVEIKATOS PIRAMID\u0116 Ginkgo biloba tablet\u0117s su vitaminu D N30 | Twinkling\",\"isPartOf\":{\"@id\":\"https:\/\/twinkling.lv\/lt\/#website\"},\"primaryImageOfPage\":{\"@id\":\"https:\/\/twinkling.lv\/lt\/shop\/veselibas-piramida-ginkgo-biloba-tabletes-ar-d-vitaminu-n30\/#primaryimage\"},\"image\":{\"@id\":\"https:\/\/twinkling.lv\/lt\/shop\/veselibas-piramida-ginkgo-biloba-tabletes-ar-d-vitaminu-n30\/#primaryimage\"},\"thumbnailUrl\":\"https:\/\/twinkling.lv\/wp-content\/uploads\/2024\/11\/VESELiBAS-PIRAMiDA-Ginkgo-biloba-tabletes-ar-D-vitaminu-N30.jpg\",\"datePublished\":\"2024-11-10T12:12:46+00:00\",\"dateModified\":\"2025-02-02T13:03:27+00:00\",\"description\":\"Produkto Apra\u0161ymas\",\"breadcrumb\":{\"@id\":\"https:\/\/twinkling.lv\/lt\/shop\/veselibas-piramida-ginkgo-biloba-tabletes-ar-d-vitaminu-n30\/#breadcrumb\"},\"inLanguage\":\"lt-LT\",\"potentialAction\":[{\"@type\":\"ReadAction\",\"target\":[\"https:\/\/twinkling.lv\/lt\/shop\/veselibas-piramida-ginkgo-biloba-tabletes-ar-d-vitaminu-n30\/\"]}]},{\"@type\":\"ImageObject\",\"inLanguage\":\"lt-LT\",\"@id\":\"https:\/\/twinkling.lv\/lt\/shop\/veselibas-piramida-ginkgo-biloba-tabletes-ar-d-vitaminu-n30\/#primaryimage\",\"url\":\"https:\/\/twinkling.lv\/wp-content\/uploads\/2024\/11\/VESELiBAS-PIRAMiDA-Ginkgo-biloba-tabletes-ar-D-vitaminu-N30.jpg\",\"contentUrl\":\"https:\/\/twinkling.lv\/wp-content\/uploads\/2024\/11\/VESELiBAS-PIRAMiDA-Ginkgo-biloba-tabletes-ar-D-vitaminu-N30.jpg\",\"width\":1000,\"height\":1000},{\"@type\":\"BreadcrumbList\",\"@id\":\"https:\/\/twinkling.lv\/lt\/shop\/veselibas-piramida-ginkgo-biloba-tabletes-ar-d-vitaminu-n30\/#breadcrumb\",\"itemListElement\":[{\"@type\":\"ListItem\",\"position\":1,\"name\":\"\u0413\u043b\u0430\u0432\u043d\u0430\u044f \u0441\u0442\u0440\u0430\u043d\u0438\u0446\u0430\",\"item\":\"https:\/\/twinkling.lv\/lt\/\"},{\"@type\":\"ListItem\",\"position\":2,\"name\":\"Parduotuv\u0117\",\"item\":\"https:\/\/twinkling.lv\/lt\/shop\/\"},{\"@type\":\"ListItem\",\"position\":3,\"name\":\"SVEIKATOS PIRAMID\u0116 Ginkgo biloba tablet\u0117s su vitaminu D N30\"}]},{\"@type\":\"WebSite\",\"@id\":\"https:\/\/twinkling.lv\/lt\/#website\",\"url\":\"https:\/\/twinkling.lv\/lt\/\",\"name\":\"Twinkling\",\"description\":\"Health and Beauty\",\"publisher\":{\"@id\":\"https:\/\/twinkling.lv\/lt\/#organization\"},\"potentialAction\":[{\"@type\":\"SearchAction\",\"target\":{\"@type\":\"EntryPoint\",\"urlTemplate\":\"https:\/\/twinkling.lv\/lt\/?s={search_term_string}\"},\"query-input\":{\"@type\":\"PropertyValueSpecification\",\"valueRequired\":true,\"valueName\":\"search_term_string\"}}],\"inLanguage\":\"lt-LT\"},{\"@type\":\"Organization\",\"@id\":\"https:\/\/twinkling.lv\/lt\/#organization\",\"name\":\"SIA TORANS\",\"url\":\"https:\/\/twinkling.lv\/lt\/\",\"logo\":{\"@type\":\"ImageObject\",\"inLanguage\":\"lt-LT\",\"@id\":\"https:\/\/twinkling.lv\/lt\/#\/schema\/logo\/image\/\",\"url\":\"https:\/\/twinkling.lv\/wp-content\/uploads\/2022\/02\/twinkling-main-logo.jpg\",\"contentUrl\":\"https:\/\/twinkling.lv\/wp-content\/uploads\/2022\/02\/twinkling-main-logo.jpg\",\"width\":250,\"height\":100,\"caption\":\"SIA TORANS\"},\"image\":{\"@id\":\"https:\/\/twinkling.lv\/lt\/#\/schema\/logo\/image\/\"}}]}<\/script>\n<!-- \/ Yoast SEO plugin. -->","yoast_head_json":{"title":"SVEIKATOS PIRAMID\u0116 Ginkgo biloba tablet\u0117s su vitaminu D N30 | Twinkling","description":"Produkto Apra\u0161ymas","robots":{"index":"index","follow":"follow","max-snippet":"max-snippet:-1","max-image-preview":"max-image-preview:large","max-video-preview":"max-video-preview:-1"},"canonical":"https:\/\/twinkling.lv\/lt\/shop\/veselibas-piramida-ginkgo-biloba-tabletes-ar-d-vitaminu-n30\/","og_locale":"lt_LT","og_type":"article","og_title":"SVEIKATOS PIRAMID\u0116 Ginkgo biloba tablet\u0117s su vitaminu D N30 | Twinkling","og_description":"Produkto Apra\u0161ymas","og_url":"https:\/\/twinkling.lv\/lt\/shop\/veselibas-piramida-ginkgo-biloba-tabletes-ar-d-vitaminu-n30\/","og_site_name":"Twinkling","article_modified_time":"2025-02-02T13:03:27+00:00","og_image":[{"width":1000,"height":1000,"url":"https:\/\/twinkling.lv\/wp-content\/uploads\/2024\/11\/VESELiBAS-PIRAMiDA-Ginkgo-biloba-tabletes-ar-D-vitaminu-N30.jpg","type":"image\/jpeg"}],"twitter_card":"summary_large_image","twitter_misc":{"Est. reading time":"1 minut\u0117"},"schema":{"@context":"https:\/\/schema.org","@graph":[{"@type":"WebPage","@id":"https:\/\/twinkling.lv\/lt\/shop\/veselibas-piramida-ginkgo-biloba-tabletes-ar-d-vitaminu-n30\/","url":"https:\/\/twinkling.lv\/lt\/shop\/veselibas-piramida-ginkgo-biloba-tabletes-ar-d-vitaminu-n30\/","name":"SVEIKATOS PIRAMID\u0116 Ginkgo biloba tablet\u0117s su vitaminu D N30 | Twinkling","isPartOf":{"@id":"https:\/\/twinkling.lv\/lt\/#website"},"primaryImageOfPage":{"@id":"https:\/\/twinkling.lv\/lt\/shop\/veselibas-piramida-ginkgo-biloba-tabletes-ar-d-vitaminu-n30\/#primaryimage"},"image":{"@id":"https:\/\/twinkling.lv\/lt\/shop\/veselibas-piramida-ginkgo-biloba-tabletes-ar-d-vitaminu-n30\/#primaryimage"},"thumbnailUrl":"https:\/\/twinkling.lv\/wp-content\/uploads\/2024\/11\/VESELiBAS-PIRAMiDA-Ginkgo-biloba-tabletes-ar-D-vitaminu-N30.jpg","datePublished":"2024-11-10T12:12:46+00:00","dateModified":"2025-02-02T13:03:27+00:00","description":"Produkto Apra\u0161ymas","breadcrumb":{"@id":"https:\/\/twinkling.lv\/lt\/shop\/veselibas-piramida-ginkgo-biloba-tabletes-ar-d-vitaminu-n30\/#breadcrumb"},"inLanguage":"lt-LT","potentialAction":[{"@type":"ReadAction","target":["https:\/\/twinkling.lv\/lt\/shop\/veselibas-piramida-ginkgo-biloba-tabletes-ar-d-vitaminu-n30\/"]}]},{"@type":"ImageObject","inLanguage":"lt-LT","@id":"https:\/\/twinkling.lv\/lt\/shop\/veselibas-piramida-ginkgo-biloba-tabletes-ar-d-vitaminu-n30\/#primaryimage","url":"https:\/\/twinkling.lv\/wp-content\/uploads\/2024\/11\/VESELiBAS-PIRAMiDA-Ginkgo-biloba-tabletes-ar-D-vitaminu-N30.jpg","contentUrl":"https:\/\/twinkling.lv\/wp-content\/uploads\/2024\/11\/VESELiBAS-PIRAMiDA-Ginkgo-biloba-tabletes-ar-D-vitaminu-N30.jpg","width":1000,"height":1000},{"@type":"BreadcrumbList","@id":"https:\/\/twinkling.lv\/lt\/shop\/veselibas-piramida-ginkgo-biloba-tabletes-ar-d-vitaminu-n30\/#breadcrumb","itemListElement":[{"@type":"ListItem","position":1,"name":"\u0413\u043b\u0430\u0432\u043d\u0430\u044f \u0441\u0442\u0440\u0430\u043d\u0438\u0446\u0430","item":"https:\/\/twinkling.lv\/lt\/"},{"@type":"ListItem","position":2,"name":"Parduotuv\u0117","item":"https:\/\/twinkling.lv\/lt\/shop\/"},{"@type":"ListItem","position":3,"name":"SVEIKATOS PIRAMID\u0116 Ginkgo biloba tablet\u0117s su vitaminu D N30"}]},{"@type":"WebSite","@id":"https:\/\/twinkling.lv\/lt\/#website","url":"https:\/\/twinkling.lv\/lt\/","name":"Twinkling","description":"Health and Beauty","publisher":{"@id":"https:\/\/twinkling.lv\/lt\/#organization"},"potentialAction":[{"@type":"SearchAction","target":{"@type":"EntryPoint","urlTemplate":"https:\/\/twinkling.lv\/lt\/?s={search_term_string}"},"query-input":{"@type":"PropertyValueSpecification","valueRequired":true,"valueName":"search_term_string"}}],"inLanguage":"lt-LT"},{"@type":"Organization","@id":"https:\/\/twinkling.lv\/lt\/#organization","name":"SIA TORANS","url":"https:\/\/twinkling.lv\/lt\/","logo":{"@type":"ImageObject","inLanguage":"lt-LT","@id":"https:\/\/twinkling.lv\/lt\/#\/schema\/logo\/image\/","url":"https:\/\/twinkling.lv\/wp-content\/uploads\/2022\/02\/twinkling-main-logo.jpg","contentUrl":"https:\/\/twinkling.lv\/wp-content\/uploads\/2022\/02\/twinkling-main-logo.jpg","width":250,"height":100,"caption":"SIA TORANS"},"image":{"@id":"https:\/\/twinkling.lv\/lt\/#\/schema\/logo\/image\/"}}]}},"_links":{"self":[{"href":"https:\/\/twinkling.lv\/lt\/wp-json\/wp\/v2\/product\/95841","targetHints":{"allow":["GET"]}}],"collection":[{"href":"https:\/\/twinkling.lv\/lt\/wp-json\/wp\/v2\/product"}],"about":[{"href":"https:\/\/twinkling.lv\/lt\/wp-json\/wp\/v2\/types\/product"}],"replies":[{"embeddable":true,"href":"https:\/\/twinkling.lv\/lt\/wp-json\/wp\/v2\/comments?post=95841"}],"wp:featuredmedia":[{"embeddable":true,"href":"https:\/\/twinkling.lv\/lt\/wp-json\/wp\/v2\/media\/94507"}],"wp:attachment":[{"href":"https:\/\/twinkling.lv\/lt\/wp-json\/wp\/v2\/media?parent=95841"}],"wp:term":[{"taxonomy":"product_brand","embeddable":true,"href":"https:\/\/twinkling.lv\/lt\/wp-json\/wp\/v2\/product_brand?post=95841"},{"taxonomy":"product_cat","embeddable":true,"href":"https:\/\/twinkling.lv\/lt\/wp-json\/wp\/v2\/product_cat?post=95841"},{"taxonomy":"product_tag","embeddable":true,"href":"https:\/\/twinkling.lv\/lt\/wp-json\/wp\/v2\/product_tag?post=95841"}],"curies":[{"name":"wp","href":"https:\/\/api.w.org\/{rel}","templated":true}]}}