{"id":88651,"date":"2024-08-23T02:03:08","date_gmt":"2024-08-22T23:03:08","guid":{"rendered":"https:\/\/twinkling.lv\/shop\/elmex-ultra-soft-zobu-birste-n1\/"},"modified":"2025-02-02T15:56:47","modified_gmt":"2025-02-02T12:56:47","slug":"elmex-ultra-soft-zobu-birste-n1","status":"publish","type":"product","link":"https:\/\/twinkling.lv\/lt\/shop\/elmex-ultra-soft-zobu-birste-n1\/","title":{"rendered":"ELMEX ypa\u010d mink\u0161tas dant\u0173 \u0161epet\u0117lis N1"},"content":{"rendered":"<p><strong>APIB\u016aDINIMAS<\/strong><\/p>\n<p>ELMEX Ultra Soft dant\u0173 \u0161epet\u0117lis su 0,1 mm ypa\u010d mink\u0161tais \u0161ereliais \u0161velniam valymui. Su itin kompakti\u0161ka galvute, kad b\u016bt\u0173 galima pasiekti sunkiai pasiekiamas vietas.* 1) \u0160velnus dantenoms 2) Pa\u0161alina apna\u0161as 3) Apsaugo nuo pigmentini\u0173 apna\u0161\u0173 4) Padeda apsisaugoti nuo \u0117duonies *U\u017epakaliniai dantys<\/p>\n<p><strong>TAIKYMO B\u016aDAS<\/strong><\/p>\n<p>Odontologai ir higienistai rekomenduoja keisti dant\u0173 \u0161epet\u0117l\u012f kas 3 m\u0117nesius.<\/p>\n<p><strong>SUD\u0116TIS<\/strong><\/p>\n","protected":false},"excerpt":{"rendered":"<p>APIB\u016aDINIMAS ELMEX Ultra Soft dant\u0173 \u0161epet\u0117lis su 0,1 mm ypa\u010d mink\u0161tais \u0161ereliais \u0161velniam valymui. Su itin kompakti\u0161ka galvute, kad b\u016bt\u0173 galima pasiekti sunkiai pasiekiamas vietas.* 1) \u0160velnus dantenoms 2) Pa\u0161alina apna\u0161as 3) Apsaugo nuo pigmentini\u0173 apna\u0161\u0173 4) Padeda apsisaugoti nuo \u0117duonies *U\u017epakaliniai dantys TAIKYMO B\u016aDAS Odontologai ir higienistai rekomenduoja keisti dant\u0173 \u0161epet\u0117l\u012f kas 3 m\u0117nesius. [&#8230;]\n","protected":false},"featured_media":86401,"comment_status":"open","ping_status":"closed","template":"","meta":[],"product_brand":[],"product_cat":[2333,2335,6966,2332,1417],"product_tag":[],"class_list":{"0":"post-88651","1":"product","2":"type-product","3":"status-publish","4":"has-post-thumbnail","6":"product_cat-mutes-dobuma-higiena-lt","7":"product_cat-zobu-birstes-lt","8":"product_cat-elmex-lt","9":"product_cat-higiena-lt","10":"product_cat-zimoli-lt","12":"first","13":"instock","14":"taxable","15":"shipping-taxable","16":"purchasable","17":"product-type-simple"},"yoast_head":"<!-- This site is optimized with the Yoast SEO plugin v27.4 - https:\/\/yoast.com\/product\/yoast-seo-wordpress\/ -->\n<title>ELMEX ypa\u010d mink\u0161tas dant\u0173 \u0161epet\u0117lis N1 | Twinkling<\/title>\n<meta name=\"description\" content=\"APIB\u016aDINIMAS ELMEX Ultra Soft dant\u0173 \u0161epet\u0117lis su 0,1 mm ypa\u010d mink\u0161tais \u0161ereliais \u0161velniam valymui. Su itin kompakti\u0161ka galvute, kad b\u016bt\u0173 galima pasiekti\" \/>\n<meta name=\"robots\" content=\"index, follow, max-snippet:-1, max-image-preview:large, max-video-preview:-1\" \/>\n<link rel=\"canonical\" href=\"https:\/\/twinkling.lv\/lt\/shop\/elmex-ultra-soft-zobu-birste-n1\/\" \/>\n<meta property=\"og:locale\" content=\"lt_LT\" \/>\n<meta property=\"og:type\" content=\"article\" \/>\n<meta property=\"og:title\" content=\"ELMEX ypa\u010d mink\u0161tas dant\u0173 \u0161epet\u0117lis N1 | Twinkling\" \/>\n<meta property=\"og:description\" content=\"APIB\u016aDINIMAS ELMEX Ultra Soft dant\u0173 \u0161epet\u0117lis su 0,1 mm ypa\u010d mink\u0161tais \u0161ereliais \u0161velniam valymui. Su itin kompakti\u0161ka galvute, kad b\u016bt\u0173 galima pasiekti\" \/>\n<meta property=\"og:url\" content=\"https:\/\/twinkling.lv\/lt\/shop\/elmex-ultra-soft-zobu-birste-n1\/\" \/>\n<meta property=\"og:site_name\" content=\"Twinkling\" \/>\n<meta property=\"article:modified_time\" content=\"2025-02-02T12:56:47+00:00\" \/>\n<meta property=\"og:image\" content=\"https:\/\/twinkling.lv\/wp-content\/uploads\/2024\/08\/ELMEX-Ultra-Soft-zobu-birste-N1.webp\" \/>\n\t<meta property=\"og:image:width\" content=\"800\" \/>\n\t<meta property=\"og:image:height\" content=\"800\" \/>\n\t<meta property=\"og:image:type\" content=\"image\/webp\" \/>\n<meta name=\"twitter:card\" content=\"summary_large_image\" \/>\n<script type=\"application\/ld+json\" class=\"yoast-schema-graph\">{\"@context\":\"https:\\\/\\\/schema.org\",\"@graph\":[{\"@type\":\"WebPage\",\"@id\":\"https:\\\/\\\/twinkling.lv\\\/lt\\\/shop\\\/elmex-ultra-soft-zobu-birste-n1\\\/\",\"url\":\"https:\\\/\\\/twinkling.lv\\\/lt\\\/shop\\\/elmex-ultra-soft-zobu-birste-n1\\\/\",\"name\":\"ELMEX ypa\u010d mink\u0161tas dant\u0173 \u0161epet\u0117lis N1 | Twinkling\",\"isPartOf\":{\"@id\":\"https:\\\/\\\/twinkling.lv\\\/lt\\\/#website\"},\"primaryImageOfPage\":{\"@id\":\"https:\\\/\\\/twinkling.lv\\\/lt\\\/shop\\\/elmex-ultra-soft-zobu-birste-n1\\\/#primaryimage\"},\"image\":{\"@id\":\"https:\\\/\\\/twinkling.lv\\\/lt\\\/shop\\\/elmex-ultra-soft-zobu-birste-n1\\\/#primaryimage\"},\"thumbnailUrl\":\"https:\\\/\\\/twinkling.lv\\\/wp-content\\\/uploads\\\/2024\\\/08\\\/ELMEX-Ultra-Soft-zobu-birste-N1.webp\",\"datePublished\":\"2024-08-22T23:03:08+00:00\",\"dateModified\":\"2025-02-02T12:56:47+00:00\",\"description\":\"APIB\u016aDINIMAS ELMEX Ultra Soft dant\u0173 \u0161epet\u0117lis su 0,1 mm ypa\u010d mink\u0161tais \u0161ereliais \u0161velniam valymui. Su itin kompakti\u0161ka galvute, kad b\u016bt\u0173 galima pasiekti\",\"breadcrumb\":{\"@id\":\"https:\\\/\\\/twinkling.lv\\\/lt\\\/shop\\\/elmex-ultra-soft-zobu-birste-n1\\\/#breadcrumb\"},\"inLanguage\":\"lt-LT\",\"potentialAction\":[{\"@type\":\"ReadAction\",\"target\":[\"https:\\\/\\\/twinkling.lv\\\/lt\\\/shop\\\/elmex-ultra-soft-zobu-birste-n1\\\/\"]}]},{\"@type\":\"ImageObject\",\"inLanguage\":\"lt-LT\",\"@id\":\"https:\\\/\\\/twinkling.lv\\\/lt\\\/shop\\\/elmex-ultra-soft-zobu-birste-n1\\\/#primaryimage\",\"url\":\"https:\\\/\\\/twinkling.lv\\\/wp-content\\\/uploads\\\/2024\\\/08\\\/ELMEX-Ultra-Soft-zobu-birste-N1.webp\",\"contentUrl\":\"https:\\\/\\\/twinkling.lv\\\/wp-content\\\/uploads\\\/2024\\\/08\\\/ELMEX-Ultra-Soft-zobu-birste-N1.webp\",\"width\":800,\"height\":800},{\"@type\":\"BreadcrumbList\",\"@id\":\"https:\\\/\\\/twinkling.lv\\\/lt\\\/shop\\\/elmex-ultra-soft-zobu-birste-n1\\\/#breadcrumb\",\"itemListElement\":[{\"@type\":\"ListItem\",\"position\":1,\"name\":\"\u0413\u043b\u0430\u0432\u043d\u0430\u044f \u0441\u0442\u0440\u0430\u043d\u0438\u0446\u0430\",\"item\":\"https:\\\/\\\/twinkling.lv\\\/lt\\\/\"},{\"@type\":\"ListItem\",\"position\":2,\"name\":\"Parduotuv\u0117\",\"item\":\"https:\\\/\\\/twinkling.lv\\\/lt\\\/shop\\\/\"},{\"@type\":\"ListItem\",\"position\":3,\"name\":\"ELMEX ypa\u010d mink\u0161tas dant\u0173 \u0161epet\u0117lis N1\"}]},{\"@type\":\"WebSite\",\"@id\":\"https:\\\/\\\/twinkling.lv\\\/lt\\\/#website\",\"url\":\"https:\\\/\\\/twinkling.lv\\\/lt\\\/\",\"name\":\"Twinkling\",\"description\":\"Health and Beauty\",\"publisher\":{\"@id\":\"https:\\\/\\\/twinkling.lv\\\/lt\\\/#organization\"},\"potentialAction\":[{\"@type\":\"SearchAction\",\"target\":{\"@type\":\"EntryPoint\",\"urlTemplate\":\"https:\\\/\\\/twinkling.lv\\\/lt\\\/?s={search_term_string}\"},\"query-input\":{\"@type\":\"PropertyValueSpecification\",\"valueRequired\":true,\"valueName\":\"search_term_string\"}}],\"inLanguage\":\"lt-LT\"},{\"@type\":\"Organization\",\"@id\":\"https:\\\/\\\/twinkling.lv\\\/lt\\\/#organization\",\"name\":\"SIA TORANS\",\"url\":\"https:\\\/\\\/twinkling.lv\\\/lt\\\/\",\"logo\":{\"@type\":\"ImageObject\",\"inLanguage\":\"lt-LT\",\"@id\":\"https:\\\/\\\/twinkling.lv\\\/lt\\\/#\\\/schema\\\/logo\\\/image\\\/\",\"url\":\"https:\\\/\\\/twinkling.lv\\\/wp-content\\\/uploads\\\/2022\\\/02\\\/twinkling-main-logo.jpg\",\"contentUrl\":\"https:\\\/\\\/twinkling.lv\\\/wp-content\\\/uploads\\\/2022\\\/02\\\/twinkling-main-logo.jpg\",\"width\":250,\"height\":100,\"caption\":\"SIA TORANS\"},\"image\":{\"@id\":\"https:\\\/\\\/twinkling.lv\\\/lt\\\/#\\\/schema\\\/logo\\\/image\\\/\"}}]}<\/script>\n<!-- \/ Yoast SEO plugin. -->","yoast_head_json":{"title":"ELMEX ypa\u010d mink\u0161tas dant\u0173 \u0161epet\u0117lis N1 | Twinkling","description":"APIB\u016aDINIMAS ELMEX Ultra Soft dant\u0173 \u0161epet\u0117lis su 0,1 mm ypa\u010d mink\u0161tais \u0161ereliais \u0161velniam valymui. Su itin kompakti\u0161ka galvute, kad b\u016bt\u0173 galima pasiekti","robots":{"index":"index","follow":"follow","max-snippet":"max-snippet:-1","max-image-preview":"max-image-preview:large","max-video-preview":"max-video-preview:-1"},"canonical":"https:\/\/twinkling.lv\/lt\/shop\/elmex-ultra-soft-zobu-birste-n1\/","og_locale":"lt_LT","og_type":"article","og_title":"ELMEX ypa\u010d mink\u0161tas dant\u0173 \u0161epet\u0117lis N1 | Twinkling","og_description":"APIB\u016aDINIMAS ELMEX Ultra Soft dant\u0173 \u0161epet\u0117lis su 0,1 mm ypa\u010d mink\u0161tais \u0161ereliais \u0161velniam valymui. Su itin kompakti\u0161ka galvute, kad b\u016bt\u0173 galima pasiekti","og_url":"https:\/\/twinkling.lv\/lt\/shop\/elmex-ultra-soft-zobu-birste-n1\/","og_site_name":"Twinkling","article_modified_time":"2025-02-02T12:56:47+00:00","og_image":[{"width":800,"height":800,"url":"https:\/\/twinkling.lv\/wp-content\/uploads\/2024\/08\/ELMEX-Ultra-Soft-zobu-birste-N1.webp","type":"image\/webp"}],"twitter_card":"summary_large_image","schema":{"@context":"https:\/\/schema.org","@graph":[{"@type":"WebPage","@id":"https:\/\/twinkling.lv\/lt\/shop\/elmex-ultra-soft-zobu-birste-n1\/","url":"https:\/\/twinkling.lv\/lt\/shop\/elmex-ultra-soft-zobu-birste-n1\/","name":"ELMEX ypa\u010d mink\u0161tas dant\u0173 \u0161epet\u0117lis N1 | Twinkling","isPartOf":{"@id":"https:\/\/twinkling.lv\/lt\/#website"},"primaryImageOfPage":{"@id":"https:\/\/twinkling.lv\/lt\/shop\/elmex-ultra-soft-zobu-birste-n1\/#primaryimage"},"image":{"@id":"https:\/\/twinkling.lv\/lt\/shop\/elmex-ultra-soft-zobu-birste-n1\/#primaryimage"},"thumbnailUrl":"https:\/\/twinkling.lv\/wp-content\/uploads\/2024\/08\/ELMEX-Ultra-Soft-zobu-birste-N1.webp","datePublished":"2024-08-22T23:03:08+00:00","dateModified":"2025-02-02T12:56:47+00:00","description":"APIB\u016aDINIMAS ELMEX Ultra Soft dant\u0173 \u0161epet\u0117lis su 0,1 mm ypa\u010d mink\u0161tais \u0161ereliais \u0161velniam valymui. Su itin kompakti\u0161ka galvute, kad b\u016bt\u0173 galima pasiekti","breadcrumb":{"@id":"https:\/\/twinkling.lv\/lt\/shop\/elmex-ultra-soft-zobu-birste-n1\/#breadcrumb"},"inLanguage":"lt-LT","potentialAction":[{"@type":"ReadAction","target":["https:\/\/twinkling.lv\/lt\/shop\/elmex-ultra-soft-zobu-birste-n1\/"]}]},{"@type":"ImageObject","inLanguage":"lt-LT","@id":"https:\/\/twinkling.lv\/lt\/shop\/elmex-ultra-soft-zobu-birste-n1\/#primaryimage","url":"https:\/\/twinkling.lv\/wp-content\/uploads\/2024\/08\/ELMEX-Ultra-Soft-zobu-birste-N1.webp","contentUrl":"https:\/\/twinkling.lv\/wp-content\/uploads\/2024\/08\/ELMEX-Ultra-Soft-zobu-birste-N1.webp","width":800,"height":800},{"@type":"BreadcrumbList","@id":"https:\/\/twinkling.lv\/lt\/shop\/elmex-ultra-soft-zobu-birste-n1\/#breadcrumb","itemListElement":[{"@type":"ListItem","position":1,"name":"\u0413\u043b\u0430\u0432\u043d\u0430\u044f \u0441\u0442\u0440\u0430\u043d\u0438\u0446\u0430","item":"https:\/\/twinkling.lv\/lt\/"},{"@type":"ListItem","position":2,"name":"Parduotuv\u0117","item":"https:\/\/twinkling.lv\/lt\/shop\/"},{"@type":"ListItem","position":3,"name":"ELMEX ypa\u010d mink\u0161tas dant\u0173 \u0161epet\u0117lis N1"}]},{"@type":"WebSite","@id":"https:\/\/twinkling.lv\/lt\/#website","url":"https:\/\/twinkling.lv\/lt\/","name":"Twinkling","description":"Health and Beauty","publisher":{"@id":"https:\/\/twinkling.lv\/lt\/#organization"},"potentialAction":[{"@type":"SearchAction","target":{"@type":"EntryPoint","urlTemplate":"https:\/\/twinkling.lv\/lt\/?s={search_term_string}"},"query-input":{"@type":"PropertyValueSpecification","valueRequired":true,"valueName":"search_term_string"}}],"inLanguage":"lt-LT"},{"@type":"Organization","@id":"https:\/\/twinkling.lv\/lt\/#organization","name":"SIA TORANS","url":"https:\/\/twinkling.lv\/lt\/","logo":{"@type":"ImageObject","inLanguage":"lt-LT","@id":"https:\/\/twinkling.lv\/lt\/#\/schema\/logo\/image\/","url":"https:\/\/twinkling.lv\/wp-content\/uploads\/2022\/02\/twinkling-main-logo.jpg","contentUrl":"https:\/\/twinkling.lv\/wp-content\/uploads\/2022\/02\/twinkling-main-logo.jpg","width":250,"height":100,"caption":"SIA TORANS"},"image":{"@id":"https:\/\/twinkling.lv\/lt\/#\/schema\/logo\/image\/"}}]}},"_links":{"self":[{"href":"https:\/\/twinkling.lv\/lt\/wp-json\/wp\/v2\/product\/88651","targetHints":{"allow":["GET"]}}],"collection":[{"href":"https:\/\/twinkling.lv\/lt\/wp-json\/wp\/v2\/product"}],"about":[{"href":"https:\/\/twinkling.lv\/lt\/wp-json\/wp\/v2\/types\/product"}],"replies":[{"embeddable":true,"href":"https:\/\/twinkling.lv\/lt\/wp-json\/wp\/v2\/comments?post=88651"}],"wp:featuredmedia":[{"embeddable":true,"href":"https:\/\/twinkling.lv\/lt\/wp-json\/wp\/v2\/media\/86401"}],"wp:attachment":[{"href":"https:\/\/twinkling.lv\/lt\/wp-json\/wp\/v2\/media?parent=88651"}],"wp:term":[{"taxonomy":"product_brand","embeddable":true,"href":"https:\/\/twinkling.lv\/lt\/wp-json\/wp\/v2\/product_brand?post=88651"},{"taxonomy":"product_cat","embeddable":true,"href":"https:\/\/twinkling.lv\/lt\/wp-json\/wp\/v2\/product_cat?post=88651"},{"taxonomy":"product_tag","embeddable":true,"href":"https:\/\/twinkling.lv\/lt\/wp-json\/wp\/v2\/product_tag?post=88651"}],"curies":[{"name":"wp","href":"https:\/\/api.w.org\/{rel}","templated":true}]}}