{"id":88130,"date":"2024-08-23T02:04:11","date_gmt":"2024-08-22T23:04:11","guid":{"rendered":"https:\/\/twinkling.lv\/shop\/silvanols-cla-80-1000-mg-kapsulas-n60\/"},"modified":"2025-02-02T15:58:31","modified_gmt":"2025-02-02T12:58:31","slug":"silvanols-cla-80-1000-mg-kapsulas-n60","status":"publish","type":"product","link":"https:\/\/twinkling.lv\/lt\/shop\/silvanols-cla-80-1000-mg-kapsulas-n60\/","title":{"rendered":"SILVANOLS CLA 80% 1000 mg kapsul\u0117 N60"},"content":{"rendered":"<p><strong>APIB\u016aDINIMAS<\/strong><\/p>\n<p>Konjuguota linolo r\u016bg\u0161tis (CLA) yra nat\u016brali med\u017eiaga, nat\u016braliai randama tokiuose maisto produktuose kaip pienas, s\u016bris, jautiena ir \u0117riena. CLA turi riebalus ma\u017einan\u010di\u0173 savybi\u0173, tod\u0117l jis yra populiarus priedas tarp sportinink\u0173 ir fitneso entuziast\u0173. Kartu su kalorij\u0173 deficitu CLA maisto papildas gali b\u016bti labai gera pagalba ma\u017einant k\u016bno svor\u012f.<\/p>\n<p>Skatina raumen\u0173 tonus\u0105 ir ma\u017eina k\u016bno riebal\u0173 mas\u0119;<br \/>\nPadeda atsigauti po fizinio kr\u016bvio;<br \/>\nPrisideda prie \u0161irdies ir kraujagysli\u0173 sveikatos gerinimo;<br \/>\nPadeda kovoti su oksidaciniu stresu.<\/p>\n<p><strong>TAIKYMO B\u016aDAS<\/strong><\/p>\n<p>Suaugusiems po 1 kapsul\u0119 per dien\u0105 valgio metu. Nevir\u0161ykite rekomenduojamos paros doz\u0117s.<\/p>\n<p><strong>SUD\u0116TIS<\/strong><\/p>\n<p>Konjuguota linolo r\u016bg\u0161tis 80% (i\u0161 dygmin\u0173 (Carthamus tinctorius) s\u0117kl\u0173 aliejaus), kapsul\u0117s apvalkalas (\u017eelatina, dr\u0117gm\u0119 i\u0161laikantis glicerinas, da\u017eantys gele\u017eies oksidai ir hidroksidai).<\/p>\n<p>Sud\u0117tis rekomenduojamoje paros doz\u0117je<\/p>\n<p>1 kapsul\u0117<\/p>\n<p>Konjuguota linolo r\u016bg\u0161tis 80%<\/p>\n<p>1000 mg<\/p>\n<p>Joki\u0173 prid\u0117tini\u0173 konservant\u0173. Sud\u0117tyje n\u0117ra GMO<\/p>\n","protected":false},"excerpt":{"rendered":"<p><span style=\"color: #0000ff;\"><a style=\"color: #0000ff;\" href=\"https:\/\/registri.pvd.gov.lv\/ub\/dati?p_id=14817\" target=\"_blank\" rel=\"noopener\">Produkto Apra\u0161ymas<\/a><\/span><\/p>\n","protected":false},"featured_media":87235,"comment_status":"open","ping_status":"closed","template":"","meta":[],"product_brand":[],"product_cat":[1395,1382,1417,1991,1405],"product_tag":[],"class_list":{"0":"post-88130","1":"product","2":"type-product","3":"status-publish","4":"has-post-thumbnail","6":"product_cat-skaistumam-lt","7":"product_cat-uztura-bagatinataji-lt","8":"product_cat-zimoli-lt","9":"product_cat-silvanols-lt","10":"product_cat-svara-kontrole-lt","12":"first","13":"instock","14":"taxable","15":"shipping-taxable","16":"purchasable","17":"product-type-simple"},"yoast_head":"<!-- This site is optimized with the Yoast SEO plugin v27.4 - https:\/\/yoast.com\/product\/yoast-seo-wordpress\/ -->\n<title>SILVANOLS CLA 80% 1000 mg kapsul\u0117 N60 | Twinkling<\/title>\n<meta name=\"description\" content=\"Produkto Apra\u0161ymas\" \/>\n<meta name=\"robots\" content=\"index, follow, max-snippet:-1, max-image-preview:large, max-video-preview:-1\" \/>\n<link rel=\"canonical\" href=\"https:\/\/twinkling.lv\/lt\/shop\/silvanols-cla-80-1000-mg-kapsulas-n60\/\" \/>\n<meta property=\"og:locale\" content=\"lt_LT\" \/>\n<meta property=\"og:type\" content=\"article\" \/>\n<meta property=\"og:title\" content=\"SILVANOLS CLA 80% 1000 mg kapsul\u0117 N60 | Twinkling\" \/>\n<meta property=\"og:description\" content=\"Produkto Apra\u0161ymas\" \/>\n<meta property=\"og:url\" content=\"https:\/\/twinkling.lv\/lt\/shop\/silvanols-cla-80-1000-mg-kapsulas-n60\/\" \/>\n<meta property=\"og:site_name\" content=\"Twinkling\" \/>\n<meta property=\"article:modified_time\" content=\"2025-02-02T12:58:31+00:00\" \/>\n<meta property=\"og:image\" content=\"https:\/\/twinkling.lv\/wp-content\/uploads\/2024\/08\/SILVANOLS-CLA-1000-mg-kapsulas-N60.jpg\" \/>\n\t<meta property=\"og:image:width\" content=\"800\" \/>\n\t<meta property=\"og:image:height\" content=\"800\" \/>\n\t<meta property=\"og:image:type\" content=\"image\/jpeg\" \/>\n<meta name=\"twitter:card\" content=\"summary_large_image\" \/>\n<meta name=\"twitter:label1\" content=\"Est. reading time\" \/>\n\t<meta name=\"twitter:data1\" content=\"1 minut\u0117\" \/>\n<script type=\"application\/ld+json\" class=\"yoast-schema-graph\">{\"@context\":\"https:\\\/\\\/schema.org\",\"@graph\":[{\"@type\":\"WebPage\",\"@id\":\"https:\\\/\\\/twinkling.lv\\\/lt\\\/shop\\\/silvanols-cla-80-1000-mg-kapsulas-n60\\\/\",\"url\":\"https:\\\/\\\/twinkling.lv\\\/lt\\\/shop\\\/silvanols-cla-80-1000-mg-kapsulas-n60\\\/\",\"name\":\"SILVANOLS CLA 80% 1000 mg kapsul\u0117 N60 | Twinkling\",\"isPartOf\":{\"@id\":\"https:\\\/\\\/twinkling.lv\\\/lt\\\/#website\"},\"primaryImageOfPage\":{\"@id\":\"https:\\\/\\\/twinkling.lv\\\/lt\\\/shop\\\/silvanols-cla-80-1000-mg-kapsulas-n60\\\/#primaryimage\"},\"image\":{\"@id\":\"https:\\\/\\\/twinkling.lv\\\/lt\\\/shop\\\/silvanols-cla-80-1000-mg-kapsulas-n60\\\/#primaryimage\"},\"thumbnailUrl\":\"https:\\\/\\\/twinkling.lv\\\/wp-content\\\/uploads\\\/2024\\\/08\\\/SILVANOLS-CLA-1000-mg-kapsulas-N60.jpg\",\"datePublished\":\"2024-08-22T23:04:11+00:00\",\"dateModified\":\"2025-02-02T12:58:31+00:00\",\"description\":\"Produkto Apra\u0161ymas\",\"breadcrumb\":{\"@id\":\"https:\\\/\\\/twinkling.lv\\\/lt\\\/shop\\\/silvanols-cla-80-1000-mg-kapsulas-n60\\\/#breadcrumb\"},\"inLanguage\":\"lt-LT\",\"potentialAction\":[{\"@type\":\"ReadAction\",\"target\":[\"https:\\\/\\\/twinkling.lv\\\/lt\\\/shop\\\/silvanols-cla-80-1000-mg-kapsulas-n60\\\/\"]}]},{\"@type\":\"ImageObject\",\"inLanguage\":\"lt-LT\",\"@id\":\"https:\\\/\\\/twinkling.lv\\\/lt\\\/shop\\\/silvanols-cla-80-1000-mg-kapsulas-n60\\\/#primaryimage\",\"url\":\"https:\\\/\\\/twinkling.lv\\\/wp-content\\\/uploads\\\/2024\\\/08\\\/SILVANOLS-CLA-1000-mg-kapsulas-N60.jpg\",\"contentUrl\":\"https:\\\/\\\/twinkling.lv\\\/wp-content\\\/uploads\\\/2024\\\/08\\\/SILVANOLS-CLA-1000-mg-kapsulas-N60.jpg\",\"width\":800,\"height\":800},{\"@type\":\"BreadcrumbList\",\"@id\":\"https:\\\/\\\/twinkling.lv\\\/lt\\\/shop\\\/silvanols-cla-80-1000-mg-kapsulas-n60\\\/#breadcrumb\",\"itemListElement\":[{\"@type\":\"ListItem\",\"position\":1,\"name\":\"\u0413\u043b\u0430\u0432\u043d\u0430\u044f \u0441\u0442\u0440\u0430\u043d\u0438\u0446\u0430\",\"item\":\"https:\\\/\\\/twinkling.lv\\\/lt\\\/\"},{\"@type\":\"ListItem\",\"position\":2,\"name\":\"Parduotuv\u0117\",\"item\":\"https:\\\/\\\/twinkling.lv\\\/lt\\\/shop\\\/\"},{\"@type\":\"ListItem\",\"position\":3,\"name\":\"SILVANOLS CLA 80% 1000 mg kapsul\u0117 N60\"}]},{\"@type\":\"WebSite\",\"@id\":\"https:\\\/\\\/twinkling.lv\\\/lt\\\/#website\",\"url\":\"https:\\\/\\\/twinkling.lv\\\/lt\\\/\",\"name\":\"Twinkling\",\"description\":\"Health and Beauty\",\"publisher\":{\"@id\":\"https:\\\/\\\/twinkling.lv\\\/lt\\\/#organization\"},\"potentialAction\":[{\"@type\":\"SearchAction\",\"target\":{\"@type\":\"EntryPoint\",\"urlTemplate\":\"https:\\\/\\\/twinkling.lv\\\/lt\\\/?s={search_term_string}\"},\"query-input\":{\"@type\":\"PropertyValueSpecification\",\"valueRequired\":true,\"valueName\":\"search_term_string\"}}],\"inLanguage\":\"lt-LT\"},{\"@type\":\"Organization\",\"@id\":\"https:\\\/\\\/twinkling.lv\\\/lt\\\/#organization\",\"name\":\"SIA TORANS\",\"url\":\"https:\\\/\\\/twinkling.lv\\\/lt\\\/\",\"logo\":{\"@type\":\"ImageObject\",\"inLanguage\":\"lt-LT\",\"@id\":\"https:\\\/\\\/twinkling.lv\\\/lt\\\/#\\\/schema\\\/logo\\\/image\\\/\",\"url\":\"https:\\\/\\\/twinkling.lv\\\/wp-content\\\/uploads\\\/2022\\\/02\\\/twinkling-main-logo.jpg\",\"contentUrl\":\"https:\\\/\\\/twinkling.lv\\\/wp-content\\\/uploads\\\/2022\\\/02\\\/twinkling-main-logo.jpg\",\"width\":250,\"height\":100,\"caption\":\"SIA TORANS\"},\"image\":{\"@id\":\"https:\\\/\\\/twinkling.lv\\\/lt\\\/#\\\/schema\\\/logo\\\/image\\\/\"}}]}<\/script>\n<!-- \/ Yoast SEO plugin. -->","yoast_head_json":{"title":"SILVANOLS CLA 80% 1000 mg kapsul\u0117 N60 | Twinkling","description":"Produkto Apra\u0161ymas","robots":{"index":"index","follow":"follow","max-snippet":"max-snippet:-1","max-image-preview":"max-image-preview:large","max-video-preview":"max-video-preview:-1"},"canonical":"https:\/\/twinkling.lv\/lt\/shop\/silvanols-cla-80-1000-mg-kapsulas-n60\/","og_locale":"lt_LT","og_type":"article","og_title":"SILVANOLS CLA 80% 1000 mg kapsul\u0117 N60 | Twinkling","og_description":"Produkto Apra\u0161ymas","og_url":"https:\/\/twinkling.lv\/lt\/shop\/silvanols-cla-80-1000-mg-kapsulas-n60\/","og_site_name":"Twinkling","article_modified_time":"2025-02-02T12:58:31+00:00","og_image":[{"width":800,"height":800,"url":"https:\/\/twinkling.lv\/wp-content\/uploads\/2024\/08\/SILVANOLS-CLA-1000-mg-kapsulas-N60.jpg","type":"image\/jpeg"}],"twitter_card":"summary_large_image","twitter_misc":{"Est. reading time":"1 minut\u0117"},"schema":{"@context":"https:\/\/schema.org","@graph":[{"@type":"WebPage","@id":"https:\/\/twinkling.lv\/lt\/shop\/silvanols-cla-80-1000-mg-kapsulas-n60\/","url":"https:\/\/twinkling.lv\/lt\/shop\/silvanols-cla-80-1000-mg-kapsulas-n60\/","name":"SILVANOLS CLA 80% 1000 mg kapsul\u0117 N60 | Twinkling","isPartOf":{"@id":"https:\/\/twinkling.lv\/lt\/#website"},"primaryImageOfPage":{"@id":"https:\/\/twinkling.lv\/lt\/shop\/silvanols-cla-80-1000-mg-kapsulas-n60\/#primaryimage"},"image":{"@id":"https:\/\/twinkling.lv\/lt\/shop\/silvanols-cla-80-1000-mg-kapsulas-n60\/#primaryimage"},"thumbnailUrl":"https:\/\/twinkling.lv\/wp-content\/uploads\/2024\/08\/SILVANOLS-CLA-1000-mg-kapsulas-N60.jpg","datePublished":"2024-08-22T23:04:11+00:00","dateModified":"2025-02-02T12:58:31+00:00","description":"Produkto Apra\u0161ymas","breadcrumb":{"@id":"https:\/\/twinkling.lv\/lt\/shop\/silvanols-cla-80-1000-mg-kapsulas-n60\/#breadcrumb"},"inLanguage":"lt-LT","potentialAction":[{"@type":"ReadAction","target":["https:\/\/twinkling.lv\/lt\/shop\/silvanols-cla-80-1000-mg-kapsulas-n60\/"]}]},{"@type":"ImageObject","inLanguage":"lt-LT","@id":"https:\/\/twinkling.lv\/lt\/shop\/silvanols-cla-80-1000-mg-kapsulas-n60\/#primaryimage","url":"https:\/\/twinkling.lv\/wp-content\/uploads\/2024\/08\/SILVANOLS-CLA-1000-mg-kapsulas-N60.jpg","contentUrl":"https:\/\/twinkling.lv\/wp-content\/uploads\/2024\/08\/SILVANOLS-CLA-1000-mg-kapsulas-N60.jpg","width":800,"height":800},{"@type":"BreadcrumbList","@id":"https:\/\/twinkling.lv\/lt\/shop\/silvanols-cla-80-1000-mg-kapsulas-n60\/#breadcrumb","itemListElement":[{"@type":"ListItem","position":1,"name":"\u0413\u043b\u0430\u0432\u043d\u0430\u044f \u0441\u0442\u0440\u0430\u043d\u0438\u0446\u0430","item":"https:\/\/twinkling.lv\/lt\/"},{"@type":"ListItem","position":2,"name":"Parduotuv\u0117","item":"https:\/\/twinkling.lv\/lt\/shop\/"},{"@type":"ListItem","position":3,"name":"SILVANOLS CLA 80% 1000 mg kapsul\u0117 N60"}]},{"@type":"WebSite","@id":"https:\/\/twinkling.lv\/lt\/#website","url":"https:\/\/twinkling.lv\/lt\/","name":"Twinkling","description":"Health and Beauty","publisher":{"@id":"https:\/\/twinkling.lv\/lt\/#organization"},"potentialAction":[{"@type":"SearchAction","target":{"@type":"EntryPoint","urlTemplate":"https:\/\/twinkling.lv\/lt\/?s={search_term_string}"},"query-input":{"@type":"PropertyValueSpecification","valueRequired":true,"valueName":"search_term_string"}}],"inLanguage":"lt-LT"},{"@type":"Organization","@id":"https:\/\/twinkling.lv\/lt\/#organization","name":"SIA TORANS","url":"https:\/\/twinkling.lv\/lt\/","logo":{"@type":"ImageObject","inLanguage":"lt-LT","@id":"https:\/\/twinkling.lv\/lt\/#\/schema\/logo\/image\/","url":"https:\/\/twinkling.lv\/wp-content\/uploads\/2022\/02\/twinkling-main-logo.jpg","contentUrl":"https:\/\/twinkling.lv\/wp-content\/uploads\/2022\/02\/twinkling-main-logo.jpg","width":250,"height":100,"caption":"SIA TORANS"},"image":{"@id":"https:\/\/twinkling.lv\/lt\/#\/schema\/logo\/image\/"}}]}},"_links":{"self":[{"href":"https:\/\/twinkling.lv\/lt\/wp-json\/wp\/v2\/product\/88130","targetHints":{"allow":["GET"]}}],"collection":[{"href":"https:\/\/twinkling.lv\/lt\/wp-json\/wp\/v2\/product"}],"about":[{"href":"https:\/\/twinkling.lv\/lt\/wp-json\/wp\/v2\/types\/product"}],"replies":[{"embeddable":true,"href":"https:\/\/twinkling.lv\/lt\/wp-json\/wp\/v2\/comments?post=88130"}],"wp:featuredmedia":[{"embeddable":true,"href":"https:\/\/twinkling.lv\/lt\/wp-json\/wp\/v2\/media\/87235"}],"wp:attachment":[{"href":"https:\/\/twinkling.lv\/lt\/wp-json\/wp\/v2\/media?parent=88130"}],"wp:term":[{"taxonomy":"product_brand","embeddable":true,"href":"https:\/\/twinkling.lv\/lt\/wp-json\/wp\/v2\/product_brand?post=88130"},{"taxonomy":"product_cat","embeddable":true,"href":"https:\/\/twinkling.lv\/lt\/wp-json\/wp\/v2\/product_cat?post=88130"},{"taxonomy":"product_tag","embeddable":true,"href":"https:\/\/twinkling.lv\/lt\/wp-json\/wp\/v2\/product_tag?post=88130"}],"curies":[{"name":"wp","href":"https:\/\/api.w.org\/{rel}","templated":true}]}}