{"id":88115,"date":"2024-08-23T02:04:12","date_gmt":"2024-08-22T23:04:12","guid":{"rendered":"https:\/\/twinkling.lv\/shop\/silvanols-coenzyme-q10-100-mg-kapsulas-n120\/"},"modified":"2025-02-02T15:58:32","modified_gmt":"2025-02-02T12:58:32","slug":"silvanols-coenzyme-q10-100-mg-kapsulas-n120","status":"publish","type":"product","link":"https:\/\/twinkling.lv\/lt\/shop\/silvanols-coenzyme-q10-100-mg-kapsulas-n120\/","title":{"rendered":"SILVANOLS Kofermentas Q10 100 mg kapsul\u0117 N120"},"content":{"rendered":"<p><strong>APIB\u016aDINIMAS<\/strong><\/p>\n<p>Kofermentas Q10 pagerina energijos apykait\u0105 visose organizmo l\u0105stel\u0117se, ta\u010diau ypa\u010d kofermentas Q10 reikalingas \u0161irdies raumeniui. Kofermentas Q10 turi moksliniais tyrimais \u012frodyt\u0105 potencial\u0105 kaip pagalbin\u0119 priemon\u0119 palaikant \u0161irdies sveikat\u0105.  Nors koferment\u0105 Q10 organizmas gamina pats, b\u0117gant metams \u0161i sintez\u0117 l\u0117t\u0117ja, o tai gali b\u016bti jau\u010diama jau sulaukus 40. Mitybos papildymas s\u0117men\u0173 aliejumi, kuriame yra nepakei\u010diam\u0173 riebal\u0173 r\u016bg\u0161\u010di\u0173: linolo ir linoleno r\u016bg\u0161ties (augalin\u0117s omega). 3 ir omega 6 riebal\u0173 r\u016bg\u0161tys), teigiamai veikia \u0161irdies sveikat\u0105, s\u0105nari\u0173 judrum\u0105, sveik\u0105 od\u0105, taip pat padeda suma\u017einti u\u017edegim\u0105.<\/p>\n<p><strong>TAIKYMO B\u016aDAS<\/strong><\/p>\n<p>Suaugusiems po 1 kapsul\u0119 per dien\u0105 valgio metu. Nevir\u0161ykite rekomenduojamos paros doz\u0117s.<\/p>\n<p><strong>SUD\u0116TIS<\/strong><\/p>\n<p>Kapsul\u0117s apvalkalas (\u017eelatina, dr\u0117gm\u0119 i\u0161laikantis glicerinas, da\u017eantys gele\u017eies oksidai ir hidroksidai), s\u0117men\u0173 aliejus (Linum usitatissimum), kofermentas Q10 (ubichinonas), emulsiklis lecitinai, trigliceridai, glaz\u016bravimo med\u017eiaga baltasis ir geltonasis bi\u010di\u0173 va\u0161kas.<\/p>\n<p>Sud\u0117tis rekomenduojamoje paros doz\u0117je<\/p>\n<p>1 kapsul\u0117<\/p>\n<p>s\u0117men\u0173 aliejus,<br \/>\nkuriame alfa-linoleno r\u016bg\u0161tis (omega-3)<\/p>\n<p>130 mg<br \/>\n65 mg<\/p>\n<p>Kofermentas Q10<\/p>\n<p>100 mg<\/p>\n<p>\u00a0Joki\u0173 prid\u0117tini\u0173 konservant\u0173. Sud\u0117tyje n\u0117ra GMO.<\/p>\n","protected":false},"excerpt":{"rendered":"<p><span style=\"color: #0000ff;\"><a style=\"color: #0000ff;\" href=\"https:\/\/registri.pvd.gov.lv\/ub\/dati?p_id=14892\" target=\"_blank\" rel=\"noopener\">Produkto Apra\u0161ymas<\/a><\/span><\/p>\n","protected":false},"featured_media":87241,"comment_status":"open","ping_status":"closed","template":"","meta":[],"product_brand":[],"product_cat":[1381,1382,1417,1991,1469],"product_tag":[],"class_list":{"0":"post-88115","1":"product","2":"type-product","3":"status-publish","4":"has-post-thumbnail","6":"product_cat-veselibai-lt","7":"product_cat-uztura-bagatinataji-lt","8":"product_cat-zimoli-lt","9":"product_cat-silvanols-lt","10":"product_cat-sirdij-un-asinsvadu-sistemai-lt","12":"first","13":"instock","14":"taxable","15":"shipping-taxable","16":"purchasable","17":"product-type-simple"},"yoast_head":"<!-- This site is optimized with the Yoast SEO plugin v27.4 - https:\/\/yoast.com\/product\/yoast-seo-wordpress\/ -->\n<title>SILVANOLS Kofermentas Q10 100 mg kapsul\u0117 N120 | Twinkling<\/title>\n<meta name=\"description\" content=\"Produkto Apra\u0161ymas\" \/>\n<meta name=\"robots\" content=\"index, follow, max-snippet:-1, max-image-preview:large, max-video-preview:-1\" \/>\n<link rel=\"canonical\" href=\"https:\/\/twinkling.lv\/lt\/shop\/silvanols-coenzyme-q10-100-mg-kapsulas-n120\/\" \/>\n<meta property=\"og:locale\" content=\"lt_LT\" \/>\n<meta property=\"og:type\" content=\"article\" \/>\n<meta property=\"og:title\" content=\"SILVANOLS Kofermentas Q10 100 mg kapsul\u0117 N120 | Twinkling\" \/>\n<meta property=\"og:description\" content=\"Produkto Apra\u0161ymas\" \/>\n<meta property=\"og:url\" content=\"https:\/\/twinkling.lv\/lt\/shop\/silvanols-coenzyme-q10-100-mg-kapsulas-n120\/\" \/>\n<meta property=\"og:site_name\" content=\"Twinkling\" \/>\n<meta property=\"article:modified_time\" content=\"2025-02-02T12:58:32+00:00\" \/>\n<meta property=\"og:image\" content=\"https:\/\/twinkling.lv\/wp-content\/uploads\/2024\/08\/SILVANOLS-Coenzyme-Q10-100-mg-kapsulas-N120.webp\" \/>\n\t<meta property=\"og:image:width\" content=\"800\" \/>\n\t<meta property=\"og:image:height\" content=\"800\" \/>\n\t<meta property=\"og:image:type\" content=\"image\/webp\" \/>\n<meta name=\"twitter:card\" content=\"summary_large_image\" \/>\n<meta name=\"twitter:label1\" content=\"Est. reading time\" \/>\n\t<meta name=\"twitter:data1\" content=\"1 minut\u0117\" \/>\n<script type=\"application\/ld+json\" class=\"yoast-schema-graph\">{\"@context\":\"https:\\\/\\\/schema.org\",\"@graph\":[{\"@type\":\"WebPage\",\"@id\":\"https:\\\/\\\/twinkling.lv\\\/lt\\\/shop\\\/silvanols-coenzyme-q10-100-mg-kapsulas-n120\\\/\",\"url\":\"https:\\\/\\\/twinkling.lv\\\/lt\\\/shop\\\/silvanols-coenzyme-q10-100-mg-kapsulas-n120\\\/\",\"name\":\"SILVANOLS Kofermentas Q10 100 mg kapsul\u0117 N120 | Twinkling\",\"isPartOf\":{\"@id\":\"https:\\\/\\\/twinkling.lv\\\/lt\\\/#website\"},\"primaryImageOfPage\":{\"@id\":\"https:\\\/\\\/twinkling.lv\\\/lt\\\/shop\\\/silvanols-coenzyme-q10-100-mg-kapsulas-n120\\\/#primaryimage\"},\"image\":{\"@id\":\"https:\\\/\\\/twinkling.lv\\\/lt\\\/shop\\\/silvanols-coenzyme-q10-100-mg-kapsulas-n120\\\/#primaryimage\"},\"thumbnailUrl\":\"https:\\\/\\\/twinkling.lv\\\/wp-content\\\/uploads\\\/2024\\\/08\\\/SILVANOLS-Coenzyme-Q10-100-mg-kapsulas-N120.webp\",\"datePublished\":\"2024-08-22T23:04:12+00:00\",\"dateModified\":\"2025-02-02T12:58:32+00:00\",\"description\":\"Produkto Apra\u0161ymas\",\"breadcrumb\":{\"@id\":\"https:\\\/\\\/twinkling.lv\\\/lt\\\/shop\\\/silvanols-coenzyme-q10-100-mg-kapsulas-n120\\\/#breadcrumb\"},\"inLanguage\":\"lt-LT\",\"potentialAction\":[{\"@type\":\"ReadAction\",\"target\":[\"https:\\\/\\\/twinkling.lv\\\/lt\\\/shop\\\/silvanols-coenzyme-q10-100-mg-kapsulas-n120\\\/\"]}]},{\"@type\":\"ImageObject\",\"inLanguage\":\"lt-LT\",\"@id\":\"https:\\\/\\\/twinkling.lv\\\/lt\\\/shop\\\/silvanols-coenzyme-q10-100-mg-kapsulas-n120\\\/#primaryimage\",\"url\":\"https:\\\/\\\/twinkling.lv\\\/wp-content\\\/uploads\\\/2024\\\/08\\\/SILVANOLS-Coenzyme-Q10-100-mg-kapsulas-N120.webp\",\"contentUrl\":\"https:\\\/\\\/twinkling.lv\\\/wp-content\\\/uploads\\\/2024\\\/08\\\/SILVANOLS-Coenzyme-Q10-100-mg-kapsulas-N120.webp\",\"width\":800,\"height\":800},{\"@type\":\"BreadcrumbList\",\"@id\":\"https:\\\/\\\/twinkling.lv\\\/lt\\\/shop\\\/silvanols-coenzyme-q10-100-mg-kapsulas-n120\\\/#breadcrumb\",\"itemListElement\":[{\"@type\":\"ListItem\",\"position\":1,\"name\":\"\u0413\u043b\u0430\u0432\u043d\u0430\u044f \u0441\u0442\u0440\u0430\u043d\u0438\u0446\u0430\",\"item\":\"https:\\\/\\\/twinkling.lv\\\/lt\\\/\"},{\"@type\":\"ListItem\",\"position\":2,\"name\":\"Parduotuv\u0117\",\"item\":\"https:\\\/\\\/twinkling.lv\\\/lt\\\/shop\\\/\"},{\"@type\":\"ListItem\",\"position\":3,\"name\":\"SILVANOLS Kofermentas Q10 100 mg kapsul\u0117 N120\"}]},{\"@type\":\"WebSite\",\"@id\":\"https:\\\/\\\/twinkling.lv\\\/lt\\\/#website\",\"url\":\"https:\\\/\\\/twinkling.lv\\\/lt\\\/\",\"name\":\"Twinkling\",\"description\":\"Health and Beauty\",\"publisher\":{\"@id\":\"https:\\\/\\\/twinkling.lv\\\/lt\\\/#organization\"},\"potentialAction\":[{\"@type\":\"SearchAction\",\"target\":{\"@type\":\"EntryPoint\",\"urlTemplate\":\"https:\\\/\\\/twinkling.lv\\\/lt\\\/?s={search_term_string}\"},\"query-input\":{\"@type\":\"PropertyValueSpecification\",\"valueRequired\":true,\"valueName\":\"search_term_string\"}}],\"inLanguage\":\"lt-LT\"},{\"@type\":\"Organization\",\"@id\":\"https:\\\/\\\/twinkling.lv\\\/lt\\\/#organization\",\"name\":\"SIA TORANS\",\"url\":\"https:\\\/\\\/twinkling.lv\\\/lt\\\/\",\"logo\":{\"@type\":\"ImageObject\",\"inLanguage\":\"lt-LT\",\"@id\":\"https:\\\/\\\/twinkling.lv\\\/lt\\\/#\\\/schema\\\/logo\\\/image\\\/\",\"url\":\"https:\\\/\\\/twinkling.lv\\\/wp-content\\\/uploads\\\/2022\\\/02\\\/twinkling-main-logo.jpg\",\"contentUrl\":\"https:\\\/\\\/twinkling.lv\\\/wp-content\\\/uploads\\\/2022\\\/02\\\/twinkling-main-logo.jpg\",\"width\":250,\"height\":100,\"caption\":\"SIA TORANS\"},\"image\":{\"@id\":\"https:\\\/\\\/twinkling.lv\\\/lt\\\/#\\\/schema\\\/logo\\\/image\\\/\"}}]}<\/script>\n<!-- \/ Yoast SEO plugin. -->","yoast_head_json":{"title":"SILVANOLS Kofermentas Q10 100 mg kapsul\u0117 N120 | Twinkling","description":"Produkto Apra\u0161ymas","robots":{"index":"index","follow":"follow","max-snippet":"max-snippet:-1","max-image-preview":"max-image-preview:large","max-video-preview":"max-video-preview:-1"},"canonical":"https:\/\/twinkling.lv\/lt\/shop\/silvanols-coenzyme-q10-100-mg-kapsulas-n120\/","og_locale":"lt_LT","og_type":"article","og_title":"SILVANOLS Kofermentas Q10 100 mg kapsul\u0117 N120 | Twinkling","og_description":"Produkto Apra\u0161ymas","og_url":"https:\/\/twinkling.lv\/lt\/shop\/silvanols-coenzyme-q10-100-mg-kapsulas-n120\/","og_site_name":"Twinkling","article_modified_time":"2025-02-02T12:58:32+00:00","og_image":[{"width":800,"height":800,"url":"https:\/\/twinkling.lv\/wp-content\/uploads\/2024\/08\/SILVANOLS-Coenzyme-Q10-100-mg-kapsulas-N120.webp","type":"image\/webp"}],"twitter_card":"summary_large_image","twitter_misc":{"Est. reading time":"1 minut\u0117"},"schema":{"@context":"https:\/\/schema.org","@graph":[{"@type":"WebPage","@id":"https:\/\/twinkling.lv\/lt\/shop\/silvanols-coenzyme-q10-100-mg-kapsulas-n120\/","url":"https:\/\/twinkling.lv\/lt\/shop\/silvanols-coenzyme-q10-100-mg-kapsulas-n120\/","name":"SILVANOLS Kofermentas Q10 100 mg kapsul\u0117 N120 | Twinkling","isPartOf":{"@id":"https:\/\/twinkling.lv\/lt\/#website"},"primaryImageOfPage":{"@id":"https:\/\/twinkling.lv\/lt\/shop\/silvanols-coenzyme-q10-100-mg-kapsulas-n120\/#primaryimage"},"image":{"@id":"https:\/\/twinkling.lv\/lt\/shop\/silvanols-coenzyme-q10-100-mg-kapsulas-n120\/#primaryimage"},"thumbnailUrl":"https:\/\/twinkling.lv\/wp-content\/uploads\/2024\/08\/SILVANOLS-Coenzyme-Q10-100-mg-kapsulas-N120.webp","datePublished":"2024-08-22T23:04:12+00:00","dateModified":"2025-02-02T12:58:32+00:00","description":"Produkto Apra\u0161ymas","breadcrumb":{"@id":"https:\/\/twinkling.lv\/lt\/shop\/silvanols-coenzyme-q10-100-mg-kapsulas-n120\/#breadcrumb"},"inLanguage":"lt-LT","potentialAction":[{"@type":"ReadAction","target":["https:\/\/twinkling.lv\/lt\/shop\/silvanols-coenzyme-q10-100-mg-kapsulas-n120\/"]}]},{"@type":"ImageObject","inLanguage":"lt-LT","@id":"https:\/\/twinkling.lv\/lt\/shop\/silvanols-coenzyme-q10-100-mg-kapsulas-n120\/#primaryimage","url":"https:\/\/twinkling.lv\/wp-content\/uploads\/2024\/08\/SILVANOLS-Coenzyme-Q10-100-mg-kapsulas-N120.webp","contentUrl":"https:\/\/twinkling.lv\/wp-content\/uploads\/2024\/08\/SILVANOLS-Coenzyme-Q10-100-mg-kapsulas-N120.webp","width":800,"height":800},{"@type":"BreadcrumbList","@id":"https:\/\/twinkling.lv\/lt\/shop\/silvanols-coenzyme-q10-100-mg-kapsulas-n120\/#breadcrumb","itemListElement":[{"@type":"ListItem","position":1,"name":"\u0413\u043b\u0430\u0432\u043d\u0430\u044f \u0441\u0442\u0440\u0430\u043d\u0438\u0446\u0430","item":"https:\/\/twinkling.lv\/lt\/"},{"@type":"ListItem","position":2,"name":"Parduotuv\u0117","item":"https:\/\/twinkling.lv\/lt\/shop\/"},{"@type":"ListItem","position":3,"name":"SILVANOLS Kofermentas Q10 100 mg kapsul\u0117 N120"}]},{"@type":"WebSite","@id":"https:\/\/twinkling.lv\/lt\/#website","url":"https:\/\/twinkling.lv\/lt\/","name":"Twinkling","description":"Health and Beauty","publisher":{"@id":"https:\/\/twinkling.lv\/lt\/#organization"},"potentialAction":[{"@type":"SearchAction","target":{"@type":"EntryPoint","urlTemplate":"https:\/\/twinkling.lv\/lt\/?s={search_term_string}"},"query-input":{"@type":"PropertyValueSpecification","valueRequired":true,"valueName":"search_term_string"}}],"inLanguage":"lt-LT"},{"@type":"Organization","@id":"https:\/\/twinkling.lv\/lt\/#organization","name":"SIA TORANS","url":"https:\/\/twinkling.lv\/lt\/","logo":{"@type":"ImageObject","inLanguage":"lt-LT","@id":"https:\/\/twinkling.lv\/lt\/#\/schema\/logo\/image\/","url":"https:\/\/twinkling.lv\/wp-content\/uploads\/2022\/02\/twinkling-main-logo.jpg","contentUrl":"https:\/\/twinkling.lv\/wp-content\/uploads\/2022\/02\/twinkling-main-logo.jpg","width":250,"height":100,"caption":"SIA TORANS"},"image":{"@id":"https:\/\/twinkling.lv\/lt\/#\/schema\/logo\/image\/"}}]}},"_links":{"self":[{"href":"https:\/\/twinkling.lv\/lt\/wp-json\/wp\/v2\/product\/88115","targetHints":{"allow":["GET"]}}],"collection":[{"href":"https:\/\/twinkling.lv\/lt\/wp-json\/wp\/v2\/product"}],"about":[{"href":"https:\/\/twinkling.lv\/lt\/wp-json\/wp\/v2\/types\/product"}],"replies":[{"embeddable":true,"href":"https:\/\/twinkling.lv\/lt\/wp-json\/wp\/v2\/comments?post=88115"}],"wp:featuredmedia":[{"embeddable":true,"href":"https:\/\/twinkling.lv\/lt\/wp-json\/wp\/v2\/media\/87241"}],"wp:attachment":[{"href":"https:\/\/twinkling.lv\/lt\/wp-json\/wp\/v2\/media?parent=88115"}],"wp:term":[{"taxonomy":"product_brand","embeddable":true,"href":"https:\/\/twinkling.lv\/lt\/wp-json\/wp\/v2\/product_brand?post=88115"},{"taxonomy":"product_cat","embeddable":true,"href":"https:\/\/twinkling.lv\/lt\/wp-json\/wp\/v2\/product_cat?post=88115"},{"taxonomy":"product_tag","embeddable":true,"href":"https:\/\/twinkling.lv\/lt\/wp-json\/wp\/v2\/product_tag?post=88115"}],"curies":[{"name":"wp","href":"https:\/\/api.w.org\/{rel}","templated":true}]}}