{"id":32509,"date":"2024-04-01T02:04:28","date_gmt":"2024-03-31T23:04:28","guid":{"rendered":"https:\/\/twinkling.lv\/shop\/dzintars-kolka-mitrinoss-lupu-balzams-4-g\/"},"modified":"2025-02-02T01:07:43","modified_gmt":"2025-02-01T22:07:43","slug":"dzintars-kolka-mitrinoss-lupu-balzams-4-g","status":"publish","type":"product","link":"https:\/\/twinkling.lv\/lt\/shop\/dzintars-kolka-mitrinoss-lupu-balzams-4-g\/","title":{"rendered":"DZINTARS Kolka dr\u0117kinamasis l\u016bp\u0173 balzamas 4 g"},"content":{"rendered":"<p><strong>APIB\u016aDINIMAS<\/strong><\/p>\n<p>\u0160velniai dr\u0117kinanti formul\u0117 su alavijo ekstraktu, s\u0117men\u0173 aliejumi ir augaliniu va\u0161ku, kartu su vitaminais A ir E, sudaro plon\u0105 apsaugin\u012f sluoksn\u012f ant odos ir apsaugo l\u016bpas nuo dr\u0117gm\u0117s praradimo.<\/p>\n<p><strong>TAIKYMO B\u016aDAS<\/strong><\/p>\n<p>Skystis parafinas, izopropilo palmitatas, Ricinus Communis s\u0117kl\u0173 aliejus, parafinas, polibutenas, kandelij\u0173 cera, kopernicijos ceriferos va\u0161kas, lanolinas, lanolino aliejus, mikrokristalinis va\u0161kas, sintetinis va\u0161kas, teobromos kakavos s\u0117kl\u0173 sviestas, etilheksilo polimetanzobenamatas, etiloksilmetoksiloksinamatas e, etilheksilo salicilatas, Linum Usitatissimum s\u0117kl\u0173 aliejus, Aloe Barbadensis lap\u0173 ekstraktas, tokoferilo acetatas, retinilo palmitatas, tokoferolis, propilparabenas, BHT, kvepalai, limonenas, citralis.<\/p>\n<p><strong>SUD\u0116TIS<\/strong><\/p>\n","protected":false},"excerpt":{"rendered":"<p>APIB\u016aDINIMAS \u0160velniai dr\u0117kinanti formul\u0117 su alavijo ekstraktu, s\u0117men\u0173 aliejumi ir augaliniu va\u0161ku, kartu su vitaminais A ir E, sudaro plon\u0105 apsaugin\u012f sluoksn\u012f ant odos ir apsaugo l\u016bpas nuo dr\u0117gm\u0117s praradimo. TAIKYMO B\u016aDAS Skystis parafinas, izopropilo palmitatas, Ricinus Communis s\u0117kl\u0173 aliejus, parafinas, polibutenas, kandelij\u0173 cera, kopernicijos ceriferos va\u0161kas, lanolinas, lanolino aliejus, mikrokristalinis va\u0161kas, sintetinis va\u0161kas, teobromos [&#8230;]\n","protected":false},"featured_media":30978,"comment_status":"open","ping_status":"closed","template":"","meta":[],"product_brand":[],"product_cat":[3017,1437,1360,1417],"product_tag":[],"class_list":{"0":"post-32509","1":"product","2":"type-product","3":"status-publish","4":"has-post-thumbnail","6":"product_cat-dzintars-lt","7":"product_cat-lupas-lt","8":"product_cat-adas-kopsana-lt","9":"product_cat-zimoli-lt","11":"first","12":"instock","13":"taxable","14":"shipping-taxable","15":"purchasable","16":"product-type-simple"},"yoast_head":"<!-- This site is optimized with the Yoast SEO plugin v27.4 - https:\/\/yoast.com\/product\/yoast-seo-wordpress\/ -->\n<title>DZINTARS Kolka dr\u0117kinamasis l\u016bp\u0173 balzamas 4 g | Twinkling<\/title>\n<meta name=\"description\" content=\"APIB\u016aDINIMAS \u0160velniai dr\u0117kinanti formul\u0117 su alavijo ekstraktu, s\u0117men\u0173 aliejumi ir augaliniu va\u0161ku, kartu su vitaminais A ir E, sudaro plon\u0105 apsaugin\u012f\" \/>\n<meta name=\"robots\" content=\"index, follow, max-snippet:-1, max-image-preview:large, max-video-preview:-1\" \/>\n<link rel=\"canonical\" href=\"https:\/\/twinkling.lv\/lt\/shop\/dzintars-kolka-mitrinoss-lupu-balzams-4-g\/\" \/>\n<meta property=\"og:locale\" content=\"lt_LT\" \/>\n<meta property=\"og:type\" content=\"article\" \/>\n<meta property=\"og:title\" content=\"DZINTARS Kolka dr\u0117kinamasis l\u016bp\u0173 balzamas 4 g | Twinkling\" \/>\n<meta property=\"og:description\" content=\"APIB\u016aDINIMAS \u0160velniai dr\u0117kinanti formul\u0117 su alavijo ekstraktu, s\u0117men\u0173 aliejumi ir augaliniu va\u0161ku, kartu su vitaminais A ir E, sudaro plon\u0105 apsaugin\u012f\" \/>\n<meta property=\"og:url\" content=\"https:\/\/twinkling.lv\/lt\/shop\/dzintars-kolka-mitrinoss-lupu-balzams-4-g\/\" \/>\n<meta property=\"og:site_name\" content=\"Twinkling\" \/>\n<meta property=\"article:modified_time\" content=\"2025-02-01T22:07:43+00:00\" \/>\n<meta property=\"og:image\" content=\"https:\/\/twinkling.lv\/wp-content\/uploads\/2024\/03\/DZINTARS-Kolka-mitrinoss-lupu-balzams-4-g.jpg\" \/>\n\t<meta property=\"og:image:width\" content=\"800\" \/>\n\t<meta property=\"og:image:height\" content=\"800\" \/>\n\t<meta property=\"og:image:type\" content=\"image\/jpeg\" \/>\n<meta name=\"twitter:card\" content=\"summary_large_image\" \/>\n<script type=\"application\/ld+json\" class=\"yoast-schema-graph\">{\"@context\":\"https:\\\/\\\/schema.org\",\"@graph\":[{\"@type\":\"WebPage\",\"@id\":\"https:\\\/\\\/twinkling.lv\\\/lt\\\/shop\\\/dzintars-kolka-mitrinoss-lupu-balzams-4-g\\\/\",\"url\":\"https:\\\/\\\/twinkling.lv\\\/lt\\\/shop\\\/dzintars-kolka-mitrinoss-lupu-balzams-4-g\\\/\",\"name\":\"DZINTARS Kolka dr\u0117kinamasis l\u016bp\u0173 balzamas 4 g | Twinkling\",\"isPartOf\":{\"@id\":\"https:\\\/\\\/twinkling.lv\\\/lt\\\/#website\"},\"primaryImageOfPage\":{\"@id\":\"https:\\\/\\\/twinkling.lv\\\/lt\\\/shop\\\/dzintars-kolka-mitrinoss-lupu-balzams-4-g\\\/#primaryimage\"},\"image\":{\"@id\":\"https:\\\/\\\/twinkling.lv\\\/lt\\\/shop\\\/dzintars-kolka-mitrinoss-lupu-balzams-4-g\\\/#primaryimage\"},\"thumbnailUrl\":\"https:\\\/\\\/twinkling.lv\\\/wp-content\\\/uploads\\\/2024\\\/03\\\/DZINTARS-Kolka-mitrinoss-lupu-balzams-4-g.jpg\",\"datePublished\":\"2024-03-31T23:04:28+00:00\",\"dateModified\":\"2025-02-01T22:07:43+00:00\",\"description\":\"APIB\u016aDINIMAS \u0160velniai dr\u0117kinanti formul\u0117 su alavijo ekstraktu, s\u0117men\u0173 aliejumi ir augaliniu va\u0161ku, kartu su vitaminais A ir E, sudaro plon\u0105 apsaugin\u012f\",\"breadcrumb\":{\"@id\":\"https:\\\/\\\/twinkling.lv\\\/lt\\\/shop\\\/dzintars-kolka-mitrinoss-lupu-balzams-4-g\\\/#breadcrumb\"},\"inLanguage\":\"lt-LT\",\"potentialAction\":[{\"@type\":\"ReadAction\",\"target\":[\"https:\\\/\\\/twinkling.lv\\\/lt\\\/shop\\\/dzintars-kolka-mitrinoss-lupu-balzams-4-g\\\/\"]}]},{\"@type\":\"ImageObject\",\"inLanguage\":\"lt-LT\",\"@id\":\"https:\\\/\\\/twinkling.lv\\\/lt\\\/shop\\\/dzintars-kolka-mitrinoss-lupu-balzams-4-g\\\/#primaryimage\",\"url\":\"https:\\\/\\\/twinkling.lv\\\/wp-content\\\/uploads\\\/2024\\\/03\\\/DZINTARS-Kolka-mitrinoss-lupu-balzams-4-g.jpg\",\"contentUrl\":\"https:\\\/\\\/twinkling.lv\\\/wp-content\\\/uploads\\\/2024\\\/03\\\/DZINTARS-Kolka-mitrinoss-lupu-balzams-4-g.jpg\",\"width\":800,\"height\":800},{\"@type\":\"BreadcrumbList\",\"@id\":\"https:\\\/\\\/twinkling.lv\\\/lt\\\/shop\\\/dzintars-kolka-mitrinoss-lupu-balzams-4-g\\\/#breadcrumb\",\"itemListElement\":[{\"@type\":\"ListItem\",\"position\":1,\"name\":\"\u0413\u043b\u0430\u0432\u043d\u0430\u044f \u0441\u0442\u0440\u0430\u043d\u0438\u0446\u0430\",\"item\":\"https:\\\/\\\/twinkling.lv\\\/lt\\\/\"},{\"@type\":\"ListItem\",\"position\":2,\"name\":\"Parduotuv\u0117\",\"item\":\"https:\\\/\\\/twinkling.lv\\\/lt\\\/shop\\\/\"},{\"@type\":\"ListItem\",\"position\":3,\"name\":\"DZINTARS Kolka dr\u0117kinamasis l\u016bp\u0173 balzamas 4 g\"}]},{\"@type\":\"WebSite\",\"@id\":\"https:\\\/\\\/twinkling.lv\\\/lt\\\/#website\",\"url\":\"https:\\\/\\\/twinkling.lv\\\/lt\\\/\",\"name\":\"Twinkling\",\"description\":\"Health and Beauty\",\"publisher\":{\"@id\":\"https:\\\/\\\/twinkling.lv\\\/lt\\\/#organization\"},\"potentialAction\":[{\"@type\":\"SearchAction\",\"target\":{\"@type\":\"EntryPoint\",\"urlTemplate\":\"https:\\\/\\\/twinkling.lv\\\/lt\\\/?s={search_term_string}\"},\"query-input\":{\"@type\":\"PropertyValueSpecification\",\"valueRequired\":true,\"valueName\":\"search_term_string\"}}],\"inLanguage\":\"lt-LT\"},{\"@type\":\"Organization\",\"@id\":\"https:\\\/\\\/twinkling.lv\\\/lt\\\/#organization\",\"name\":\"SIA TORANS\",\"url\":\"https:\\\/\\\/twinkling.lv\\\/lt\\\/\",\"logo\":{\"@type\":\"ImageObject\",\"inLanguage\":\"lt-LT\",\"@id\":\"https:\\\/\\\/twinkling.lv\\\/lt\\\/#\\\/schema\\\/logo\\\/image\\\/\",\"url\":\"https:\\\/\\\/twinkling.lv\\\/wp-content\\\/uploads\\\/2022\\\/02\\\/twinkling-main-logo.jpg\",\"contentUrl\":\"https:\\\/\\\/twinkling.lv\\\/wp-content\\\/uploads\\\/2022\\\/02\\\/twinkling-main-logo.jpg\",\"width\":250,\"height\":100,\"caption\":\"SIA TORANS\"},\"image\":{\"@id\":\"https:\\\/\\\/twinkling.lv\\\/lt\\\/#\\\/schema\\\/logo\\\/image\\\/\"}}]}<\/script>\n<!-- \/ Yoast SEO plugin. -->","yoast_head_json":{"title":"DZINTARS Kolka dr\u0117kinamasis l\u016bp\u0173 balzamas 4 g | Twinkling","description":"APIB\u016aDINIMAS \u0160velniai dr\u0117kinanti formul\u0117 su alavijo ekstraktu, s\u0117men\u0173 aliejumi ir augaliniu va\u0161ku, kartu su vitaminais A ir E, sudaro plon\u0105 apsaugin\u012f","robots":{"index":"index","follow":"follow","max-snippet":"max-snippet:-1","max-image-preview":"max-image-preview:large","max-video-preview":"max-video-preview:-1"},"canonical":"https:\/\/twinkling.lv\/lt\/shop\/dzintars-kolka-mitrinoss-lupu-balzams-4-g\/","og_locale":"lt_LT","og_type":"article","og_title":"DZINTARS Kolka dr\u0117kinamasis l\u016bp\u0173 balzamas 4 g | Twinkling","og_description":"APIB\u016aDINIMAS \u0160velniai dr\u0117kinanti formul\u0117 su alavijo ekstraktu, s\u0117men\u0173 aliejumi ir augaliniu va\u0161ku, kartu su vitaminais A ir E, sudaro plon\u0105 apsaugin\u012f","og_url":"https:\/\/twinkling.lv\/lt\/shop\/dzintars-kolka-mitrinoss-lupu-balzams-4-g\/","og_site_name":"Twinkling","article_modified_time":"2025-02-01T22:07:43+00:00","og_image":[{"width":800,"height":800,"url":"https:\/\/twinkling.lv\/wp-content\/uploads\/2024\/03\/DZINTARS-Kolka-mitrinoss-lupu-balzams-4-g.jpg","type":"image\/jpeg"}],"twitter_card":"summary_large_image","schema":{"@context":"https:\/\/schema.org","@graph":[{"@type":"WebPage","@id":"https:\/\/twinkling.lv\/lt\/shop\/dzintars-kolka-mitrinoss-lupu-balzams-4-g\/","url":"https:\/\/twinkling.lv\/lt\/shop\/dzintars-kolka-mitrinoss-lupu-balzams-4-g\/","name":"DZINTARS Kolka dr\u0117kinamasis l\u016bp\u0173 balzamas 4 g | Twinkling","isPartOf":{"@id":"https:\/\/twinkling.lv\/lt\/#website"},"primaryImageOfPage":{"@id":"https:\/\/twinkling.lv\/lt\/shop\/dzintars-kolka-mitrinoss-lupu-balzams-4-g\/#primaryimage"},"image":{"@id":"https:\/\/twinkling.lv\/lt\/shop\/dzintars-kolka-mitrinoss-lupu-balzams-4-g\/#primaryimage"},"thumbnailUrl":"https:\/\/twinkling.lv\/wp-content\/uploads\/2024\/03\/DZINTARS-Kolka-mitrinoss-lupu-balzams-4-g.jpg","datePublished":"2024-03-31T23:04:28+00:00","dateModified":"2025-02-01T22:07:43+00:00","description":"APIB\u016aDINIMAS \u0160velniai dr\u0117kinanti formul\u0117 su alavijo ekstraktu, s\u0117men\u0173 aliejumi ir augaliniu va\u0161ku, kartu su vitaminais A ir E, sudaro plon\u0105 apsaugin\u012f","breadcrumb":{"@id":"https:\/\/twinkling.lv\/lt\/shop\/dzintars-kolka-mitrinoss-lupu-balzams-4-g\/#breadcrumb"},"inLanguage":"lt-LT","potentialAction":[{"@type":"ReadAction","target":["https:\/\/twinkling.lv\/lt\/shop\/dzintars-kolka-mitrinoss-lupu-balzams-4-g\/"]}]},{"@type":"ImageObject","inLanguage":"lt-LT","@id":"https:\/\/twinkling.lv\/lt\/shop\/dzintars-kolka-mitrinoss-lupu-balzams-4-g\/#primaryimage","url":"https:\/\/twinkling.lv\/wp-content\/uploads\/2024\/03\/DZINTARS-Kolka-mitrinoss-lupu-balzams-4-g.jpg","contentUrl":"https:\/\/twinkling.lv\/wp-content\/uploads\/2024\/03\/DZINTARS-Kolka-mitrinoss-lupu-balzams-4-g.jpg","width":800,"height":800},{"@type":"BreadcrumbList","@id":"https:\/\/twinkling.lv\/lt\/shop\/dzintars-kolka-mitrinoss-lupu-balzams-4-g\/#breadcrumb","itemListElement":[{"@type":"ListItem","position":1,"name":"\u0413\u043b\u0430\u0432\u043d\u0430\u044f \u0441\u0442\u0440\u0430\u043d\u0438\u0446\u0430","item":"https:\/\/twinkling.lv\/lt\/"},{"@type":"ListItem","position":2,"name":"Parduotuv\u0117","item":"https:\/\/twinkling.lv\/lt\/shop\/"},{"@type":"ListItem","position":3,"name":"DZINTARS Kolka dr\u0117kinamasis l\u016bp\u0173 balzamas 4 g"}]},{"@type":"WebSite","@id":"https:\/\/twinkling.lv\/lt\/#website","url":"https:\/\/twinkling.lv\/lt\/","name":"Twinkling","description":"Health and Beauty","publisher":{"@id":"https:\/\/twinkling.lv\/lt\/#organization"},"potentialAction":[{"@type":"SearchAction","target":{"@type":"EntryPoint","urlTemplate":"https:\/\/twinkling.lv\/lt\/?s={search_term_string}"},"query-input":{"@type":"PropertyValueSpecification","valueRequired":true,"valueName":"search_term_string"}}],"inLanguage":"lt-LT"},{"@type":"Organization","@id":"https:\/\/twinkling.lv\/lt\/#organization","name":"SIA TORANS","url":"https:\/\/twinkling.lv\/lt\/","logo":{"@type":"ImageObject","inLanguage":"lt-LT","@id":"https:\/\/twinkling.lv\/lt\/#\/schema\/logo\/image\/","url":"https:\/\/twinkling.lv\/wp-content\/uploads\/2022\/02\/twinkling-main-logo.jpg","contentUrl":"https:\/\/twinkling.lv\/wp-content\/uploads\/2022\/02\/twinkling-main-logo.jpg","width":250,"height":100,"caption":"SIA TORANS"},"image":{"@id":"https:\/\/twinkling.lv\/lt\/#\/schema\/logo\/image\/"}}]}},"_links":{"self":[{"href":"https:\/\/twinkling.lv\/lt\/wp-json\/wp\/v2\/product\/32509","targetHints":{"allow":["GET"]}}],"collection":[{"href":"https:\/\/twinkling.lv\/lt\/wp-json\/wp\/v2\/product"}],"about":[{"href":"https:\/\/twinkling.lv\/lt\/wp-json\/wp\/v2\/types\/product"}],"replies":[{"embeddable":true,"href":"https:\/\/twinkling.lv\/lt\/wp-json\/wp\/v2\/comments?post=32509"}],"wp:featuredmedia":[{"embeddable":true,"href":"https:\/\/twinkling.lv\/lt\/wp-json\/wp\/v2\/media\/30978"}],"wp:attachment":[{"href":"https:\/\/twinkling.lv\/lt\/wp-json\/wp\/v2\/media?parent=32509"}],"wp:term":[{"taxonomy":"product_brand","embeddable":true,"href":"https:\/\/twinkling.lv\/lt\/wp-json\/wp\/v2\/product_brand?post=32509"},{"taxonomy":"product_cat","embeddable":true,"href":"https:\/\/twinkling.lv\/lt\/wp-json\/wp\/v2\/product_cat?post=32509"},{"taxonomy":"product_tag","embeddable":true,"href":"https:\/\/twinkling.lv\/lt\/wp-json\/wp\/v2\/product_tag?post=32509"}],"curies":[{"name":"wp","href":"https:\/\/api.w.org\/{rel}","templated":true}]}}