{"id":29588,"date":"2024-03-22T18:08:14","date_gmt":"2024-03-22T15:08:14","guid":{"rendered":"https:\/\/twinkling.lv\/shop\/dr-hauschka-lidzeklis-lupu-kopsanai-5-ml\/"},"modified":"2025-02-02T01:04:15","modified_gmt":"2025-02-01T22:04:15","slug":"dr-hauschka-lidzeklis-lupu-kopsanai-5-ml","status":"publish","type":"product","link":"https:\/\/twinkling.lv\/lt\/shop\/dr-hauschka-lidzeklis-lupu-kopsanai-5-ml\/","title":{"rendered":"DR. HAUSCHKA l\u016bp\u0173 prie\u017ei\u016bros priemon\u0117 5 ml"},"content":{"rendered":"<p><strong>APIB\u016aDINIMAS<\/strong><\/p>\n<p>Labimint kremas intensyviai l\u016bp\u0173 prie\u017ei\u016brai \u2013 l\u016bpoms su tempimo, dilg\u010diojimo poj\u016b\u010diu. Kremo sud\u0117tyje yra \u0161vie\u017eiai spaust\u0173 medetk\u0173, ramun\u0117li\u0173 ir bly\u0161kios e\u017eiuol\u0117s sul\u010di\u0173, kurios intensyviai ramina ir regeneruoja l\u016bpas. J\u012f papildo maitinamasis simondsij\u0173 aliejus, antibakterin\u012f poveik\u012f turintis \u0161alavijas ir v\u0117sinantis m\u0117t\u0173 ekstraktas. Savalaikis kremo naudojimas apsaugo nuo l\u016bp\u0173 p\u016bslelin\u0117s susidarymo. V\u0117sina l\u016bpas, ma\u017eina traukimo ir dilg\u010diojimo poj\u016bt\u012f. Padaro l\u016bpas aksomi\u0161kai \u0161velnias.<\/p>\n<p><strong>TAIKYMO B\u016aDAS<\/strong><\/p>\n<p>Naudokite pagal poreik\u012f;<\/p>\n<p><strong>SUD\u0116TIS<\/strong><\/p>\n<p>Water (Aqua), Calendula Officinalis Flower\/Leaf\/Stem Extract, Alcohol, Echinacea Pallida Extract, Glycerin, Salvia Officinalis (Sage) Leaf Extract, Arachis Hypogaea (Peanut) Oil, Lanolin, Cetearyl Alcohol, Mentha Piperita (Peppermint) Oil, Simmondsia Chinensis (Jojoba) Seed Oil, Hectorite, Fragrance (Parfum), Limonene*, Linalool*, Geraniol*, Citronellol*, Xanthan Gum, Lysolecithin<\/p>\n","protected":false},"excerpt":{"rendered":"<p>APIB\u016aDINIMAS Labimint kremas intensyviai l\u016bp\u0173 prie\u017ei\u016brai \u2013 l\u016bpoms su tempimo, dilg\u010diojimo poj\u016b\u010diu. Kremo sud\u0117tyje yra \u0161vie\u017eiai spaust\u0173 medetk\u0173, ramun\u0117li\u0173 ir bly\u0161kios e\u017eiuol\u0117s sul\u010di\u0173, kurios intensyviai ramina ir regeneruoja l\u016bpas. J\u012f papildo maitinamasis simondsij\u0173 aliejus, antibakterin\u012f poveik\u012f turintis \u0161alavijas ir v\u0117sinantis m\u0117t\u0173 ekstraktas. Savalaikis kremo naudojimas apsaugo nuo l\u016bp\u0173 p\u016bslelin\u0117s susidarymo. V\u0117sina l\u016bpas, ma\u017eina traukimo ir [&#8230;]\n","protected":false},"featured_media":27950,"comment_status":"open","ping_status":"closed","template":"","meta":[],"product_brand":[],"product_cat":[2860,1437,1360,1417],"product_tag":[],"class_list":{"0":"post-29588","1":"product","2":"type-product","3":"status-publish","4":"has-post-thumbnail","6":"product_cat-dr-hauschka-lt","7":"product_cat-lupas-lt","8":"product_cat-adas-kopsana-lt","9":"product_cat-zimoli-lt","11":"first","12":"instock","13":"taxable","14":"shipping-taxable","15":"purchasable","16":"product-type-simple"},"yoast_head":"<!-- This site is optimized with the Yoast SEO plugin v27.4 - https:\/\/yoast.com\/product\/yoast-seo-wordpress\/ -->\n<title>DR. HAUSCHKA l\u016bp\u0173 prie\u017ei\u016bros priemon\u0117 5 ml | Twinkling<\/title>\n<meta name=\"description\" content=\"APIB\u016aDINIMAS Labimint kremas intensyviai l\u016bp\u0173 prie\u017ei\u016brai \u2013 l\u016bpoms su tempimo, dilg\u010diojimo poj\u016b\u010diu. Kremo sud\u0117tyje yra \u0161vie\u017eiai spaust\u0173 medetk\u0173, ramun\u0117li\u0173\" \/>\n<meta name=\"robots\" content=\"index, follow, max-snippet:-1, max-image-preview:large, max-video-preview:-1\" \/>\n<link rel=\"canonical\" href=\"https:\/\/twinkling.lv\/lt\/shop\/dr-hauschka-lidzeklis-lupu-kopsanai-5-ml\/\" \/>\n<meta property=\"og:locale\" content=\"lt_LT\" \/>\n<meta property=\"og:type\" content=\"article\" \/>\n<meta property=\"og:title\" content=\"DR. HAUSCHKA l\u016bp\u0173 prie\u017ei\u016bros priemon\u0117 5 ml | Twinkling\" \/>\n<meta property=\"og:description\" content=\"APIB\u016aDINIMAS Labimint kremas intensyviai l\u016bp\u0173 prie\u017ei\u016brai \u2013 l\u016bpoms su tempimo, dilg\u010diojimo poj\u016b\u010diu. Kremo sud\u0117tyje yra \u0161vie\u017eiai spaust\u0173 medetk\u0173, ramun\u0117li\u0173\" \/>\n<meta property=\"og:url\" content=\"https:\/\/twinkling.lv\/lt\/shop\/dr-hauschka-lidzeklis-lupu-kopsanai-5-ml\/\" \/>\n<meta property=\"og:site_name\" content=\"Twinkling\" \/>\n<meta property=\"article:modified_time\" content=\"2025-02-01T22:04:15+00:00\" \/>\n<meta property=\"og:image\" content=\"https:\/\/twinkling.lv\/wp-content\/uploads\/2024\/03\/DR.-HAUSCHKA-lidzeklis-lupu-kopsanai-5-ml.jpg\" \/>\n\t<meta property=\"og:image:width\" content=\"1000\" \/>\n\t<meta property=\"og:image:height\" content=\"1000\" \/>\n\t<meta property=\"og:image:type\" content=\"image\/jpeg\" \/>\n<meta name=\"twitter:card\" content=\"summary_large_image\" \/>\n<meta name=\"twitter:label1\" content=\"Est. reading time\" \/>\n\t<meta name=\"twitter:data1\" content=\"1 minut\u0117\" \/>\n<script type=\"application\/ld+json\" class=\"yoast-schema-graph\">{\"@context\":\"https:\\\/\\\/schema.org\",\"@graph\":[{\"@type\":\"WebPage\",\"@id\":\"https:\\\/\\\/twinkling.lv\\\/lt\\\/shop\\\/dr-hauschka-lidzeklis-lupu-kopsanai-5-ml\\\/\",\"url\":\"https:\\\/\\\/twinkling.lv\\\/lt\\\/shop\\\/dr-hauschka-lidzeklis-lupu-kopsanai-5-ml\\\/\",\"name\":\"DR. HAUSCHKA l\u016bp\u0173 prie\u017ei\u016bros priemon\u0117 5 ml | Twinkling\",\"isPartOf\":{\"@id\":\"https:\\\/\\\/twinkling.lv\\\/lt\\\/#website\"},\"primaryImageOfPage\":{\"@id\":\"https:\\\/\\\/twinkling.lv\\\/lt\\\/shop\\\/dr-hauschka-lidzeklis-lupu-kopsanai-5-ml\\\/#primaryimage\"},\"image\":{\"@id\":\"https:\\\/\\\/twinkling.lv\\\/lt\\\/shop\\\/dr-hauschka-lidzeklis-lupu-kopsanai-5-ml\\\/#primaryimage\"},\"thumbnailUrl\":\"https:\\\/\\\/twinkling.lv\\\/wp-content\\\/uploads\\\/2024\\\/03\\\/DR.-HAUSCHKA-lidzeklis-lupu-kopsanai-5-ml.jpg\",\"datePublished\":\"2024-03-22T15:08:14+00:00\",\"dateModified\":\"2025-02-01T22:04:15+00:00\",\"description\":\"APIB\u016aDINIMAS Labimint kremas intensyviai l\u016bp\u0173 prie\u017ei\u016brai \u2013 l\u016bpoms su tempimo, dilg\u010diojimo poj\u016b\u010diu. Kremo sud\u0117tyje yra \u0161vie\u017eiai spaust\u0173 medetk\u0173, ramun\u0117li\u0173\",\"breadcrumb\":{\"@id\":\"https:\\\/\\\/twinkling.lv\\\/lt\\\/shop\\\/dr-hauschka-lidzeklis-lupu-kopsanai-5-ml\\\/#breadcrumb\"},\"inLanguage\":\"lt-LT\",\"potentialAction\":[{\"@type\":\"ReadAction\",\"target\":[\"https:\\\/\\\/twinkling.lv\\\/lt\\\/shop\\\/dr-hauschka-lidzeklis-lupu-kopsanai-5-ml\\\/\"]}]},{\"@type\":\"ImageObject\",\"inLanguage\":\"lt-LT\",\"@id\":\"https:\\\/\\\/twinkling.lv\\\/lt\\\/shop\\\/dr-hauschka-lidzeklis-lupu-kopsanai-5-ml\\\/#primaryimage\",\"url\":\"https:\\\/\\\/twinkling.lv\\\/wp-content\\\/uploads\\\/2024\\\/03\\\/DR.-HAUSCHKA-lidzeklis-lupu-kopsanai-5-ml.jpg\",\"contentUrl\":\"https:\\\/\\\/twinkling.lv\\\/wp-content\\\/uploads\\\/2024\\\/03\\\/DR.-HAUSCHKA-lidzeklis-lupu-kopsanai-5-ml.jpg\",\"width\":1000,\"height\":1000},{\"@type\":\"BreadcrumbList\",\"@id\":\"https:\\\/\\\/twinkling.lv\\\/lt\\\/shop\\\/dr-hauschka-lidzeklis-lupu-kopsanai-5-ml\\\/#breadcrumb\",\"itemListElement\":[{\"@type\":\"ListItem\",\"position\":1,\"name\":\"\u0413\u043b\u0430\u0432\u043d\u0430\u044f \u0441\u0442\u0440\u0430\u043d\u0438\u0446\u0430\",\"item\":\"https:\\\/\\\/twinkling.lv\\\/lt\\\/\"},{\"@type\":\"ListItem\",\"position\":2,\"name\":\"Parduotuv\u0117\",\"item\":\"https:\\\/\\\/twinkling.lv\\\/lt\\\/shop\\\/\"},{\"@type\":\"ListItem\",\"position\":3,\"name\":\"DR. HAUSCHKA l\u016bp\u0173 prie\u017ei\u016bros priemon\u0117 5 ml\"}]},{\"@type\":\"WebSite\",\"@id\":\"https:\\\/\\\/twinkling.lv\\\/lt\\\/#website\",\"url\":\"https:\\\/\\\/twinkling.lv\\\/lt\\\/\",\"name\":\"Twinkling\",\"description\":\"Health and Beauty\",\"publisher\":{\"@id\":\"https:\\\/\\\/twinkling.lv\\\/lt\\\/#organization\"},\"potentialAction\":[{\"@type\":\"SearchAction\",\"target\":{\"@type\":\"EntryPoint\",\"urlTemplate\":\"https:\\\/\\\/twinkling.lv\\\/lt\\\/?s={search_term_string}\"},\"query-input\":{\"@type\":\"PropertyValueSpecification\",\"valueRequired\":true,\"valueName\":\"search_term_string\"}}],\"inLanguage\":\"lt-LT\"},{\"@type\":\"Organization\",\"@id\":\"https:\\\/\\\/twinkling.lv\\\/lt\\\/#organization\",\"name\":\"SIA TORANS\",\"url\":\"https:\\\/\\\/twinkling.lv\\\/lt\\\/\",\"logo\":{\"@type\":\"ImageObject\",\"inLanguage\":\"lt-LT\",\"@id\":\"https:\\\/\\\/twinkling.lv\\\/lt\\\/#\\\/schema\\\/logo\\\/image\\\/\",\"url\":\"https:\\\/\\\/twinkling.lv\\\/wp-content\\\/uploads\\\/2022\\\/02\\\/twinkling-main-logo.jpg\",\"contentUrl\":\"https:\\\/\\\/twinkling.lv\\\/wp-content\\\/uploads\\\/2022\\\/02\\\/twinkling-main-logo.jpg\",\"width\":250,\"height\":100,\"caption\":\"SIA TORANS\"},\"image\":{\"@id\":\"https:\\\/\\\/twinkling.lv\\\/lt\\\/#\\\/schema\\\/logo\\\/image\\\/\"}}]}<\/script>\n<!-- \/ Yoast SEO plugin. -->","yoast_head_json":{"title":"DR. HAUSCHKA l\u016bp\u0173 prie\u017ei\u016bros priemon\u0117 5 ml | Twinkling","description":"APIB\u016aDINIMAS Labimint kremas intensyviai l\u016bp\u0173 prie\u017ei\u016brai \u2013 l\u016bpoms su tempimo, dilg\u010diojimo poj\u016b\u010diu. Kremo sud\u0117tyje yra \u0161vie\u017eiai spaust\u0173 medetk\u0173, ramun\u0117li\u0173","robots":{"index":"index","follow":"follow","max-snippet":"max-snippet:-1","max-image-preview":"max-image-preview:large","max-video-preview":"max-video-preview:-1"},"canonical":"https:\/\/twinkling.lv\/lt\/shop\/dr-hauschka-lidzeklis-lupu-kopsanai-5-ml\/","og_locale":"lt_LT","og_type":"article","og_title":"DR. HAUSCHKA l\u016bp\u0173 prie\u017ei\u016bros priemon\u0117 5 ml | Twinkling","og_description":"APIB\u016aDINIMAS Labimint kremas intensyviai l\u016bp\u0173 prie\u017ei\u016brai \u2013 l\u016bpoms su tempimo, dilg\u010diojimo poj\u016b\u010diu. Kremo sud\u0117tyje yra \u0161vie\u017eiai spaust\u0173 medetk\u0173, ramun\u0117li\u0173","og_url":"https:\/\/twinkling.lv\/lt\/shop\/dr-hauschka-lidzeklis-lupu-kopsanai-5-ml\/","og_site_name":"Twinkling","article_modified_time":"2025-02-01T22:04:15+00:00","og_image":[{"width":1000,"height":1000,"url":"https:\/\/twinkling.lv\/wp-content\/uploads\/2024\/03\/DR.-HAUSCHKA-lidzeklis-lupu-kopsanai-5-ml.jpg","type":"image\/jpeg"}],"twitter_card":"summary_large_image","twitter_misc":{"Est. reading time":"1 minut\u0117"},"schema":{"@context":"https:\/\/schema.org","@graph":[{"@type":"WebPage","@id":"https:\/\/twinkling.lv\/lt\/shop\/dr-hauschka-lidzeklis-lupu-kopsanai-5-ml\/","url":"https:\/\/twinkling.lv\/lt\/shop\/dr-hauschka-lidzeklis-lupu-kopsanai-5-ml\/","name":"DR. HAUSCHKA l\u016bp\u0173 prie\u017ei\u016bros priemon\u0117 5 ml | Twinkling","isPartOf":{"@id":"https:\/\/twinkling.lv\/lt\/#website"},"primaryImageOfPage":{"@id":"https:\/\/twinkling.lv\/lt\/shop\/dr-hauschka-lidzeklis-lupu-kopsanai-5-ml\/#primaryimage"},"image":{"@id":"https:\/\/twinkling.lv\/lt\/shop\/dr-hauschka-lidzeklis-lupu-kopsanai-5-ml\/#primaryimage"},"thumbnailUrl":"https:\/\/twinkling.lv\/wp-content\/uploads\/2024\/03\/DR.-HAUSCHKA-lidzeklis-lupu-kopsanai-5-ml.jpg","datePublished":"2024-03-22T15:08:14+00:00","dateModified":"2025-02-01T22:04:15+00:00","description":"APIB\u016aDINIMAS Labimint kremas intensyviai l\u016bp\u0173 prie\u017ei\u016brai \u2013 l\u016bpoms su tempimo, dilg\u010diojimo poj\u016b\u010diu. Kremo sud\u0117tyje yra \u0161vie\u017eiai spaust\u0173 medetk\u0173, ramun\u0117li\u0173","breadcrumb":{"@id":"https:\/\/twinkling.lv\/lt\/shop\/dr-hauschka-lidzeklis-lupu-kopsanai-5-ml\/#breadcrumb"},"inLanguage":"lt-LT","potentialAction":[{"@type":"ReadAction","target":["https:\/\/twinkling.lv\/lt\/shop\/dr-hauschka-lidzeklis-lupu-kopsanai-5-ml\/"]}]},{"@type":"ImageObject","inLanguage":"lt-LT","@id":"https:\/\/twinkling.lv\/lt\/shop\/dr-hauschka-lidzeklis-lupu-kopsanai-5-ml\/#primaryimage","url":"https:\/\/twinkling.lv\/wp-content\/uploads\/2024\/03\/DR.-HAUSCHKA-lidzeklis-lupu-kopsanai-5-ml.jpg","contentUrl":"https:\/\/twinkling.lv\/wp-content\/uploads\/2024\/03\/DR.-HAUSCHKA-lidzeklis-lupu-kopsanai-5-ml.jpg","width":1000,"height":1000},{"@type":"BreadcrumbList","@id":"https:\/\/twinkling.lv\/lt\/shop\/dr-hauschka-lidzeklis-lupu-kopsanai-5-ml\/#breadcrumb","itemListElement":[{"@type":"ListItem","position":1,"name":"\u0413\u043b\u0430\u0432\u043d\u0430\u044f \u0441\u0442\u0440\u0430\u043d\u0438\u0446\u0430","item":"https:\/\/twinkling.lv\/lt\/"},{"@type":"ListItem","position":2,"name":"Parduotuv\u0117","item":"https:\/\/twinkling.lv\/lt\/shop\/"},{"@type":"ListItem","position":3,"name":"DR. HAUSCHKA l\u016bp\u0173 prie\u017ei\u016bros priemon\u0117 5 ml"}]},{"@type":"WebSite","@id":"https:\/\/twinkling.lv\/lt\/#website","url":"https:\/\/twinkling.lv\/lt\/","name":"Twinkling","description":"Health and Beauty","publisher":{"@id":"https:\/\/twinkling.lv\/lt\/#organization"},"potentialAction":[{"@type":"SearchAction","target":{"@type":"EntryPoint","urlTemplate":"https:\/\/twinkling.lv\/lt\/?s={search_term_string}"},"query-input":{"@type":"PropertyValueSpecification","valueRequired":true,"valueName":"search_term_string"}}],"inLanguage":"lt-LT"},{"@type":"Organization","@id":"https:\/\/twinkling.lv\/lt\/#organization","name":"SIA TORANS","url":"https:\/\/twinkling.lv\/lt\/","logo":{"@type":"ImageObject","inLanguage":"lt-LT","@id":"https:\/\/twinkling.lv\/lt\/#\/schema\/logo\/image\/","url":"https:\/\/twinkling.lv\/wp-content\/uploads\/2022\/02\/twinkling-main-logo.jpg","contentUrl":"https:\/\/twinkling.lv\/wp-content\/uploads\/2022\/02\/twinkling-main-logo.jpg","width":250,"height":100,"caption":"SIA TORANS"},"image":{"@id":"https:\/\/twinkling.lv\/lt\/#\/schema\/logo\/image\/"}}]}},"_links":{"self":[{"href":"https:\/\/twinkling.lv\/lt\/wp-json\/wp\/v2\/product\/29588","targetHints":{"allow":["GET"]}}],"collection":[{"href":"https:\/\/twinkling.lv\/lt\/wp-json\/wp\/v2\/product"}],"about":[{"href":"https:\/\/twinkling.lv\/lt\/wp-json\/wp\/v2\/types\/product"}],"replies":[{"embeddable":true,"href":"https:\/\/twinkling.lv\/lt\/wp-json\/wp\/v2\/comments?post=29588"}],"wp:featuredmedia":[{"embeddable":true,"href":"https:\/\/twinkling.lv\/lt\/wp-json\/wp\/v2\/media\/27950"}],"wp:attachment":[{"href":"https:\/\/twinkling.lv\/lt\/wp-json\/wp\/v2\/media?parent=29588"}],"wp:term":[{"taxonomy":"product_brand","embeddable":true,"href":"https:\/\/twinkling.lv\/lt\/wp-json\/wp\/v2\/product_brand?post=29588"},{"taxonomy":"product_cat","embeddable":true,"href":"https:\/\/twinkling.lv\/lt\/wp-json\/wp\/v2\/product_cat?post=29588"},{"taxonomy":"product_tag","embeddable":true,"href":"https:\/\/twinkling.lv\/lt\/wp-json\/wp\/v2\/product_tag?post=29588"}],"curies":[{"name":"wp","href":"https:\/\/api.w.org\/{rel}","templated":true}]}}