{"id":26767,"date":"2024-03-06T01:35:01","date_gmt":"2024-03-05T22:35:01","guid":{"rendered":"https:\/\/twinkling.lv\/shop\/biofarmacija-cakmgzn-ar-vit-d3-un-vilkabele-pulveris-n14\/"},"modified":"2025-02-02T00:57:58","modified_gmt":"2025-02-01T21:57:58","slug":"biofarmacija-cakmgzn-ar-vit-d3-un-vilkabele-pulveris-n14","status":"publish","type":"product","link":"https:\/\/twinkling.lv\/lt\/shop\/biofarmacija-cakmgzn-ar-vit-d3-un-vilkabele-pulveris-n14\/","title":{"rendered":"BIOFARMACIJA CA+K+Mg+Zn su Vit.D3 ir Hawthorn milteliai N14"},"content":{"rendered":"<p><strong>APIB\u016aDINIMAS<\/strong><\/p>\n<p>Plataus veikimo maisto papildas su gudobele \u0161ird\u017eiai ir mineralais \u2013 kalciu, kaliu, magniu, cinku ir vitaminu D3.<\/p>\n<p>Kalcis ir magnis yra b\u016btini kaul\u0173 sveikatai palaikyti.<br \/>\nKalis padeda palaikyti normal\u0173 kraujosp\u016bd\u012f, skatina normali\u0105 nerv\u0173 sistemos ir raumen\u0173 veikl\u0105.<br \/>\nMagnis padeda ma\u017einti nuovarg\u012f ir silpnum\u0105, padeda palaikyti normali\u0105 nerv\u0173 sistemos veikl\u0105 ir normalias psichologines funkcijas.<br \/>\nCinkas padeda palaikyti normali\u0105 imunin\u0117s sistemos veikl\u0105, padeda palaikyti normal\u0173 reg\u0117jim\u0105, skatina normal\u0173 vaisingum\u0105 ir reprodukcij\u0105, padeda palaikyti sveikus kaulus, od\u0105, plaukus ir nagus.<br \/>\nVitaminas D3 skatina normal\u0173 kalcio ir fosforo pasisavinim\u0105, padeda palaikyti kaul\u0173 sveikat\u0105.<br \/>\nGudobel\u0117 padeda palaikyti normali\u0105 \u0161irdies ir kraujagysli\u0173 sistemos veikl\u0105.<\/p>\n<p><strong>TAIKYMO B\u016aDAS<\/strong><\/p>\n<p>1 pakelio turin\u012f supilti \u012f stiklin\u0119 (100-250 ml) vandens ar sul\u010di\u0173, gerai i\u0161mai\u0161yti, i\u0161tirpinti ir gerti. Milteli\u0173 galima d\u0117ti \u012f maist\u0105 (ko\u0161\u0119, jogurt\u0105 ir pan.). Suaugusieji vartoja 1 pakel\u012f per dien\u0105 po valgio, vaikai nuo 6 iki 12 met\u0173 \u2013 1\/2 pakelio per dien\u0105, vaikai nuo 2 iki 6 met\u0173 \u2013 \u00bc pakelio per dien\u0105 po valgio.<\/p>\n<p><strong>SUD\u0116TIS<\/strong><\/p>\n<p>Gudobel\u0117s uog\u0173 ekstraktas (lot. Crataegus), kalio citratas, kalcio citratas, magnio citratas, cinko citratas, vitaminas D3 (cholekalciferolis).<\/p>\n","protected":false},"excerpt":{"rendered":"<p><span style=\"color: #0000ff;\"><a style=\"color: #0000ff;\" href=\"https:\/\/registri.pvd.gov.lv\/ub\/dati?p_id=11544\" target=\"_blank\" rel=\"noopener\">Produkto Apra\u0161ymas<\/a><\/span><\/p>\n","protected":false},"featured_media":25391,"comment_status":"open","ping_status":"closed","template":"","meta":[],"product_brand":[],"product_cat":[2742,1381,1457,1382,1458,1417,1469,1407],"product_tag":[],"class_list":{"0":"post-26767","1":"product","2":"type-product","3":"status-publish","4":"has-post-thumbnail","6":"product_cat-biofarmacija-lt","7":"product_cat-veselibai-lt","8":"product_cat-kalcijs-lt","9":"product_cat-uztura-bagatinataji-lt","10":"product_cat-mineralvielas-lt","11":"product_cat-zimoli-lt","12":"product_cat-sirdij-un-asinsvadu-sistemai-lt","13":"product_cat-mineralvielu-un-vitaminu-kompleksi-lt","15":"first","16":"instock","17":"taxable","18":"shipping-taxable","19":"purchasable","20":"product-type-simple"},"yoast_head":"<!-- This site is optimized with the Yoast SEO plugin v27.4 - https:\/\/yoast.com\/product\/yoast-seo-wordpress\/ -->\n<title>BIOFARMACIJA CA+K+Mg+Zn su Vit.D3 ir Hawthorn milteliai N14 | Twinkling<\/title>\n<meta name=\"description\" content=\"Produkto Apra\u0161ymas\" \/>\n<meta name=\"robots\" content=\"index, follow, max-snippet:-1, max-image-preview:large, max-video-preview:-1\" \/>\n<link rel=\"canonical\" href=\"https:\/\/twinkling.lv\/lt\/shop\/biofarmacija-cakmgzn-ar-vit-d3-un-vilkabele-pulveris-n14\/\" \/>\n<meta property=\"og:locale\" content=\"lt_LT\" \/>\n<meta property=\"og:type\" content=\"article\" \/>\n<meta property=\"og:title\" content=\"BIOFARMACIJA CA+K+Mg+Zn su Vit.D3 ir Hawthorn milteliai N14 | Twinkling\" \/>\n<meta property=\"og:description\" content=\"Produkto Apra\u0161ymas\" \/>\n<meta property=\"og:url\" content=\"https:\/\/twinkling.lv\/lt\/shop\/biofarmacija-cakmgzn-ar-vit-d3-un-vilkabele-pulveris-n14\/\" \/>\n<meta property=\"og:site_name\" content=\"Twinkling\" \/>\n<meta property=\"article:modified_time\" content=\"2025-02-01T21:57:58+00:00\" \/>\n<meta property=\"og:image\" content=\"https:\/\/twinkling.lv\/wp-content\/uploads\/2024\/03\/CaKMgZn-ar-vit-D3-un-vilkabele-pulveris-14-gab.jpg\" \/>\n\t<meta property=\"og:image:width\" content=\"1000\" \/>\n\t<meta property=\"og:image:height\" content=\"1000\" \/>\n\t<meta property=\"og:image:type\" content=\"image\/jpeg\" \/>\n<meta name=\"twitter:card\" content=\"summary_large_image\" \/>\n<meta name=\"twitter:label1\" content=\"Est. reading time\" \/>\n\t<meta name=\"twitter:data1\" content=\"1 minut\u0117\" \/>\n<script type=\"application\/ld+json\" class=\"yoast-schema-graph\">{\"@context\":\"https:\\\/\\\/schema.org\",\"@graph\":[{\"@type\":\"WebPage\",\"@id\":\"https:\\\/\\\/twinkling.lv\\\/lt\\\/shop\\\/biofarmacija-cakmgzn-ar-vit-d3-un-vilkabele-pulveris-n14\\\/\",\"url\":\"https:\\\/\\\/twinkling.lv\\\/lt\\\/shop\\\/biofarmacija-cakmgzn-ar-vit-d3-un-vilkabele-pulveris-n14\\\/\",\"name\":\"BIOFARMACIJA CA+K+Mg+Zn su Vit.D3 ir Hawthorn milteliai N14 | Twinkling\",\"isPartOf\":{\"@id\":\"https:\\\/\\\/twinkling.lv\\\/lt\\\/#website\"},\"primaryImageOfPage\":{\"@id\":\"https:\\\/\\\/twinkling.lv\\\/lt\\\/shop\\\/biofarmacija-cakmgzn-ar-vit-d3-un-vilkabele-pulveris-n14\\\/#primaryimage\"},\"image\":{\"@id\":\"https:\\\/\\\/twinkling.lv\\\/lt\\\/shop\\\/biofarmacija-cakmgzn-ar-vit-d3-un-vilkabele-pulveris-n14\\\/#primaryimage\"},\"thumbnailUrl\":\"https:\\\/\\\/twinkling.lv\\\/wp-content\\\/uploads\\\/2024\\\/03\\\/CaKMgZn-ar-vit-D3-un-vilkabele-pulveris-14-gab.jpg\",\"datePublished\":\"2024-03-05T22:35:01+00:00\",\"dateModified\":\"2025-02-01T21:57:58+00:00\",\"description\":\"Produkto Apra\u0161ymas\",\"breadcrumb\":{\"@id\":\"https:\\\/\\\/twinkling.lv\\\/lt\\\/shop\\\/biofarmacija-cakmgzn-ar-vit-d3-un-vilkabele-pulveris-n14\\\/#breadcrumb\"},\"inLanguage\":\"lt-LT\",\"potentialAction\":[{\"@type\":\"ReadAction\",\"target\":[\"https:\\\/\\\/twinkling.lv\\\/lt\\\/shop\\\/biofarmacija-cakmgzn-ar-vit-d3-un-vilkabele-pulveris-n14\\\/\"]}]},{\"@type\":\"ImageObject\",\"inLanguage\":\"lt-LT\",\"@id\":\"https:\\\/\\\/twinkling.lv\\\/lt\\\/shop\\\/biofarmacija-cakmgzn-ar-vit-d3-un-vilkabele-pulveris-n14\\\/#primaryimage\",\"url\":\"https:\\\/\\\/twinkling.lv\\\/wp-content\\\/uploads\\\/2024\\\/03\\\/CaKMgZn-ar-vit-D3-un-vilkabele-pulveris-14-gab.jpg\",\"contentUrl\":\"https:\\\/\\\/twinkling.lv\\\/wp-content\\\/uploads\\\/2024\\\/03\\\/CaKMgZn-ar-vit-D3-un-vilkabele-pulveris-14-gab.jpg\",\"width\":1000,\"height\":1000},{\"@type\":\"BreadcrumbList\",\"@id\":\"https:\\\/\\\/twinkling.lv\\\/lt\\\/shop\\\/biofarmacija-cakmgzn-ar-vit-d3-un-vilkabele-pulveris-n14\\\/#breadcrumb\",\"itemListElement\":[{\"@type\":\"ListItem\",\"position\":1,\"name\":\"\u0413\u043b\u0430\u0432\u043d\u0430\u044f \u0441\u0442\u0440\u0430\u043d\u0438\u0446\u0430\",\"item\":\"https:\\\/\\\/twinkling.lv\\\/lt\\\/\"},{\"@type\":\"ListItem\",\"position\":2,\"name\":\"Parduotuv\u0117\",\"item\":\"https:\\\/\\\/twinkling.lv\\\/lt\\\/shop\\\/\"},{\"@type\":\"ListItem\",\"position\":3,\"name\":\"BIOFARMACIJA CA+K+Mg+Zn su Vit.D3 ir Hawthorn milteliai N14\"}]},{\"@type\":\"WebSite\",\"@id\":\"https:\\\/\\\/twinkling.lv\\\/lt\\\/#website\",\"url\":\"https:\\\/\\\/twinkling.lv\\\/lt\\\/\",\"name\":\"Twinkling\",\"description\":\"Health and Beauty\",\"publisher\":{\"@id\":\"https:\\\/\\\/twinkling.lv\\\/lt\\\/#organization\"},\"potentialAction\":[{\"@type\":\"SearchAction\",\"target\":{\"@type\":\"EntryPoint\",\"urlTemplate\":\"https:\\\/\\\/twinkling.lv\\\/lt\\\/?s={search_term_string}\"},\"query-input\":{\"@type\":\"PropertyValueSpecification\",\"valueRequired\":true,\"valueName\":\"search_term_string\"}}],\"inLanguage\":\"lt-LT\"},{\"@type\":\"Organization\",\"@id\":\"https:\\\/\\\/twinkling.lv\\\/lt\\\/#organization\",\"name\":\"SIA TORANS\",\"url\":\"https:\\\/\\\/twinkling.lv\\\/lt\\\/\",\"logo\":{\"@type\":\"ImageObject\",\"inLanguage\":\"lt-LT\",\"@id\":\"https:\\\/\\\/twinkling.lv\\\/lt\\\/#\\\/schema\\\/logo\\\/image\\\/\",\"url\":\"https:\\\/\\\/twinkling.lv\\\/wp-content\\\/uploads\\\/2022\\\/02\\\/twinkling-main-logo.jpg\",\"contentUrl\":\"https:\\\/\\\/twinkling.lv\\\/wp-content\\\/uploads\\\/2022\\\/02\\\/twinkling-main-logo.jpg\",\"width\":250,\"height\":100,\"caption\":\"SIA TORANS\"},\"image\":{\"@id\":\"https:\\\/\\\/twinkling.lv\\\/lt\\\/#\\\/schema\\\/logo\\\/image\\\/\"}}]}<\/script>\n<!-- \/ Yoast SEO plugin. -->","yoast_head_json":{"title":"BIOFARMACIJA CA+K+Mg+Zn su Vit.D3 ir Hawthorn milteliai N14 | Twinkling","description":"Produkto Apra\u0161ymas","robots":{"index":"index","follow":"follow","max-snippet":"max-snippet:-1","max-image-preview":"max-image-preview:large","max-video-preview":"max-video-preview:-1"},"canonical":"https:\/\/twinkling.lv\/lt\/shop\/biofarmacija-cakmgzn-ar-vit-d3-un-vilkabele-pulveris-n14\/","og_locale":"lt_LT","og_type":"article","og_title":"BIOFARMACIJA CA+K+Mg+Zn su Vit.D3 ir Hawthorn milteliai N14 | Twinkling","og_description":"Produkto Apra\u0161ymas","og_url":"https:\/\/twinkling.lv\/lt\/shop\/biofarmacija-cakmgzn-ar-vit-d3-un-vilkabele-pulveris-n14\/","og_site_name":"Twinkling","article_modified_time":"2025-02-01T21:57:58+00:00","og_image":[{"width":1000,"height":1000,"url":"https:\/\/twinkling.lv\/wp-content\/uploads\/2024\/03\/CaKMgZn-ar-vit-D3-un-vilkabele-pulveris-14-gab.jpg","type":"image\/jpeg"}],"twitter_card":"summary_large_image","twitter_misc":{"Est. reading time":"1 minut\u0117"},"schema":{"@context":"https:\/\/schema.org","@graph":[{"@type":"WebPage","@id":"https:\/\/twinkling.lv\/lt\/shop\/biofarmacija-cakmgzn-ar-vit-d3-un-vilkabele-pulveris-n14\/","url":"https:\/\/twinkling.lv\/lt\/shop\/biofarmacija-cakmgzn-ar-vit-d3-un-vilkabele-pulveris-n14\/","name":"BIOFARMACIJA CA+K+Mg+Zn su Vit.D3 ir Hawthorn milteliai N14 | Twinkling","isPartOf":{"@id":"https:\/\/twinkling.lv\/lt\/#website"},"primaryImageOfPage":{"@id":"https:\/\/twinkling.lv\/lt\/shop\/biofarmacija-cakmgzn-ar-vit-d3-un-vilkabele-pulveris-n14\/#primaryimage"},"image":{"@id":"https:\/\/twinkling.lv\/lt\/shop\/biofarmacija-cakmgzn-ar-vit-d3-un-vilkabele-pulveris-n14\/#primaryimage"},"thumbnailUrl":"https:\/\/twinkling.lv\/wp-content\/uploads\/2024\/03\/CaKMgZn-ar-vit-D3-un-vilkabele-pulveris-14-gab.jpg","datePublished":"2024-03-05T22:35:01+00:00","dateModified":"2025-02-01T21:57:58+00:00","description":"Produkto Apra\u0161ymas","breadcrumb":{"@id":"https:\/\/twinkling.lv\/lt\/shop\/biofarmacija-cakmgzn-ar-vit-d3-un-vilkabele-pulveris-n14\/#breadcrumb"},"inLanguage":"lt-LT","potentialAction":[{"@type":"ReadAction","target":["https:\/\/twinkling.lv\/lt\/shop\/biofarmacija-cakmgzn-ar-vit-d3-un-vilkabele-pulveris-n14\/"]}]},{"@type":"ImageObject","inLanguage":"lt-LT","@id":"https:\/\/twinkling.lv\/lt\/shop\/biofarmacija-cakmgzn-ar-vit-d3-un-vilkabele-pulveris-n14\/#primaryimage","url":"https:\/\/twinkling.lv\/wp-content\/uploads\/2024\/03\/CaKMgZn-ar-vit-D3-un-vilkabele-pulveris-14-gab.jpg","contentUrl":"https:\/\/twinkling.lv\/wp-content\/uploads\/2024\/03\/CaKMgZn-ar-vit-D3-un-vilkabele-pulveris-14-gab.jpg","width":1000,"height":1000},{"@type":"BreadcrumbList","@id":"https:\/\/twinkling.lv\/lt\/shop\/biofarmacija-cakmgzn-ar-vit-d3-un-vilkabele-pulveris-n14\/#breadcrumb","itemListElement":[{"@type":"ListItem","position":1,"name":"\u0413\u043b\u0430\u0432\u043d\u0430\u044f \u0441\u0442\u0440\u0430\u043d\u0438\u0446\u0430","item":"https:\/\/twinkling.lv\/lt\/"},{"@type":"ListItem","position":2,"name":"Parduotuv\u0117","item":"https:\/\/twinkling.lv\/lt\/shop\/"},{"@type":"ListItem","position":3,"name":"BIOFARMACIJA CA+K+Mg+Zn su Vit.D3 ir Hawthorn milteliai N14"}]},{"@type":"WebSite","@id":"https:\/\/twinkling.lv\/lt\/#website","url":"https:\/\/twinkling.lv\/lt\/","name":"Twinkling","description":"Health and Beauty","publisher":{"@id":"https:\/\/twinkling.lv\/lt\/#organization"},"potentialAction":[{"@type":"SearchAction","target":{"@type":"EntryPoint","urlTemplate":"https:\/\/twinkling.lv\/lt\/?s={search_term_string}"},"query-input":{"@type":"PropertyValueSpecification","valueRequired":true,"valueName":"search_term_string"}}],"inLanguage":"lt-LT"},{"@type":"Organization","@id":"https:\/\/twinkling.lv\/lt\/#organization","name":"SIA TORANS","url":"https:\/\/twinkling.lv\/lt\/","logo":{"@type":"ImageObject","inLanguage":"lt-LT","@id":"https:\/\/twinkling.lv\/lt\/#\/schema\/logo\/image\/","url":"https:\/\/twinkling.lv\/wp-content\/uploads\/2022\/02\/twinkling-main-logo.jpg","contentUrl":"https:\/\/twinkling.lv\/wp-content\/uploads\/2022\/02\/twinkling-main-logo.jpg","width":250,"height":100,"caption":"SIA TORANS"},"image":{"@id":"https:\/\/twinkling.lv\/lt\/#\/schema\/logo\/image\/"}}]}},"_links":{"self":[{"href":"https:\/\/twinkling.lv\/lt\/wp-json\/wp\/v2\/product\/26767","targetHints":{"allow":["GET"]}}],"collection":[{"href":"https:\/\/twinkling.lv\/lt\/wp-json\/wp\/v2\/product"}],"about":[{"href":"https:\/\/twinkling.lv\/lt\/wp-json\/wp\/v2\/types\/product"}],"replies":[{"embeddable":true,"href":"https:\/\/twinkling.lv\/lt\/wp-json\/wp\/v2\/comments?post=26767"}],"wp:featuredmedia":[{"embeddable":true,"href":"https:\/\/twinkling.lv\/lt\/wp-json\/wp\/v2\/media\/25391"}],"wp:attachment":[{"href":"https:\/\/twinkling.lv\/lt\/wp-json\/wp\/v2\/media?parent=26767"}],"wp:term":[{"taxonomy":"product_brand","embeddable":true,"href":"https:\/\/twinkling.lv\/lt\/wp-json\/wp\/v2\/product_brand?post=26767"},{"taxonomy":"product_cat","embeddable":true,"href":"https:\/\/twinkling.lv\/lt\/wp-json\/wp\/v2\/product_cat?post=26767"},{"taxonomy":"product_tag","embeddable":true,"href":"https:\/\/twinkling.lv\/lt\/wp-json\/wp\/v2\/product_tag?post=26767"}],"curies":[{"name":"wp","href":"https:\/\/api.w.org\/{rel}","templated":true}]}}