{"id":26533,"date":"2024-03-06T01:35:31","date_gmt":"2024-03-05T22:35:31","guid":{"rendered":"https:\/\/twinkling.lv\/shop\/vplab-coq10-100-mg-mikstas-kapsulas-n60\/"},"modified":"2025-02-02T00:58:59","modified_gmt":"2025-02-01T21:58:59","slug":"vplab-coq10-100-mg-mikstas-kapsulas-n60","status":"publish","type":"product","link":"https:\/\/twinkling.lv\/lt\/shop\/vplab-coq10-100-mg-mikstas-kapsulas-n60\/","title":{"rendered":"VPLAB CoQ10 100 mg mink\u0161tos kapsul\u0117s N60"},"content":{"rendered":"<p><strong>APIB\u016aDINIMAS<\/strong><\/p>\n<p>Kofermentas Q10 skatina optimali\u0105 sveikat\u0105, aktyvindamas nat\u016brali\u0105 organizmo antivirusin\u0119 gynybos sistem\u0105.  &#8211; Skatina l\u0105steli\u0173 energij\u0105 &#8211; Palaiko sveik\u0105 \u0161irdies raumen\u012f &#8211; 60 lengvai nuryjam\u0173 mink\u0161t\u0173j\u0173 geli\u0173 \u0160irdies raumen\u0173 sveikata su m\u016bs\u0173 daugiafunkciu auk\u0161\u010diausios kokyb\u0117s antioksidantu Kiekviena \u0161irdis turi \u0161iek tiek pakelti, o kofermentas Q10 yra b\u016btinas norint skleisti meil\u0119!  Kofermentas Q10 yra labai svarbus j\u016bs\u0173 organizmui sintetinant ATP molekules; biocheminiai energijos ne\u0161\u0117jai palaiko sveik\u0105 \u0161irdies raumen\u012f gerindami jo energijos apykait\u0105. J\u016bs\u0173 \u0161irdies raumeniui reikalingas CoQ10 veiksmingai kraujotakai.  Kofermentas Q10 \u017eengia dar vien\u0105 \u017eingsn\u012f toliau ir veiksmingai slopina cholesterolio oksidacij\u0105. Jis praturtina riebalin\u012f audin\u012f deguonimi, tod\u0117l atlieka svarb\u0173 vaidmen\u012f u\u017ekertant keli\u0105 ateroskleroz\u0117s vystymuisi.  Kaip ir galima tik\u0117tis i\u0161 tokio galingo universalaus antioksidanto, jo nauda neapsiriboja \u0161irdies sveikatai. Kofermentas Q10 taip pat yra labai veiksminga priemon\u0117 nuo sen\u0117jimo. Q10 skatina optimali\u0105 sveikat\u0105, aktyvindamas nat\u016brali\u0105 organizmo antivirusin\u0119 gynybos sistem\u0105. Jis ne tik gydo pa\u017eeistus audinius, bet ir stabdo piktybini\u0173 l\u0105steli\u0173 augim\u0105.  Ne\u017eaisk su \u0161irdimi! Jums reikia patikimo \u0161altinio, kad gautum\u0117te Q10 papildo naud\u0105. Tik 1 kapsul\u0117je per dien\u0105 yra reikiama 100 mg auk\u0161\u010diausios kokyb\u0117s kofermento Q10 doz\u0117. Tai yra b\u016btent tai, ko jums reikia energingai l\u0105steli\u0173 energijai, sveikai \u0161ird\u017eiai ir stipriai imuninei sistemai.<\/p>\n<p><strong>TAIKYMO B\u016aDAS<\/strong><\/p>\n<p>Suaugusiems vartoti po 1 mink\u0161t\u0105 kapsul\u0119 per dien\u0105, u\u017esigeriant skys\u010diu.<\/p>\n<p><strong>SUD\u0116TIS<\/strong><\/p>\n<p>T\u016brin\u0117s med\u017eiagos (soj\u0173 aliejus, bi\u010di\u0173 va\u0161kas), mink\u0161ta kapsul\u0117 (\u017eelatina, dr\u0117gm\u0119 i\u0161laikanti med\u017eiaga (glicerinas), da\u017eiklis (karamel\u0117), vanduo), kofermentas Q10, emulsiklis (soj\u0173 lecitinas).<\/p>\n","protected":false},"excerpt":{"rendered":"<p><span style=\"color: #0000ff;\"><a style=\"color: #0000ff;\" href=\"https:\/\/registri.pvd.gov.lv\/ub\/dati?p_id=12834\" target=\"_blank\" rel=\"noopener\">Produkto Apra\u0161ymas<\/a><\/span><\/p>\n","protected":false},"featured_media":26043,"comment_status":"open","ping_status":"closed","template":"","meta":[],"product_brand":[],"product_cat":[1381,1382,1417,1469,2703],"product_tag":[],"class_list":{"0":"post-26533","1":"product","2":"type-product","3":"status-publish","4":"has-post-thumbnail","6":"product_cat-veselibai-lt","7":"product_cat-uztura-bagatinataji-lt","8":"product_cat-zimoli-lt","9":"product_cat-sirdij-un-asinsvadu-sistemai-lt","10":"product_cat-vplab-lt","12":"first","13":"instock","14":"taxable","15":"shipping-taxable","16":"purchasable","17":"product-type-simple"},"yoast_head":"<!-- This site is optimized with the Yoast SEO plugin v27.4 - https:\/\/yoast.com\/product\/yoast-seo-wordpress\/ -->\n<title>VPLAB CoQ10 100 mg mink\u0161tos kapsul\u0117s N60 | Twinkling<\/title>\n<meta name=\"description\" content=\"Produkto Apra\u0161ymas\" \/>\n<meta name=\"robots\" content=\"index, follow, max-snippet:-1, max-image-preview:large, max-video-preview:-1\" \/>\n<link rel=\"canonical\" href=\"https:\/\/twinkling.lv\/lt\/shop\/vplab-coq10-100-mg-mikstas-kapsulas-n60\/\" \/>\n<meta property=\"og:locale\" content=\"lt_LT\" \/>\n<meta property=\"og:type\" content=\"article\" \/>\n<meta property=\"og:title\" content=\"VPLAB CoQ10 100 mg mink\u0161tos kapsul\u0117s N60 | Twinkling\" \/>\n<meta property=\"og:description\" content=\"Produkto Apra\u0161ymas\" \/>\n<meta property=\"og:url\" content=\"https:\/\/twinkling.lv\/lt\/shop\/vplab-coq10-100-mg-mikstas-kapsulas-n60\/\" \/>\n<meta property=\"og:site_name\" content=\"Twinkling\" \/>\n<meta property=\"article:modified_time\" content=\"2025-02-01T21:58:59+00:00\" \/>\n<meta property=\"og:image\" content=\"https:\/\/twinkling.lv\/wp-content\/uploads\/2024\/03\/VPLAB-CoQ10-100-mg-mikstas-kapsulas-60-gab.jpg\" \/>\n\t<meta property=\"og:image:width\" content=\"800\" \/>\n\t<meta property=\"og:image:height\" content=\"800\" \/>\n\t<meta property=\"og:image:type\" content=\"image\/jpeg\" \/>\n<meta name=\"twitter:card\" content=\"summary_large_image\" \/>\n<meta name=\"twitter:label1\" content=\"Est. reading time\" \/>\n\t<meta name=\"twitter:data1\" content=\"1 minut\u0117\" \/>\n<script type=\"application\/ld+json\" class=\"yoast-schema-graph\">{\"@context\":\"https:\\\/\\\/schema.org\",\"@graph\":[{\"@type\":\"WebPage\",\"@id\":\"https:\\\/\\\/twinkling.lv\\\/lt\\\/shop\\\/vplab-coq10-100-mg-mikstas-kapsulas-n60\\\/\",\"url\":\"https:\\\/\\\/twinkling.lv\\\/lt\\\/shop\\\/vplab-coq10-100-mg-mikstas-kapsulas-n60\\\/\",\"name\":\"VPLAB CoQ10 100 mg mink\u0161tos kapsul\u0117s N60 | Twinkling\",\"isPartOf\":{\"@id\":\"https:\\\/\\\/twinkling.lv\\\/lt\\\/#website\"},\"primaryImageOfPage\":{\"@id\":\"https:\\\/\\\/twinkling.lv\\\/lt\\\/shop\\\/vplab-coq10-100-mg-mikstas-kapsulas-n60\\\/#primaryimage\"},\"image\":{\"@id\":\"https:\\\/\\\/twinkling.lv\\\/lt\\\/shop\\\/vplab-coq10-100-mg-mikstas-kapsulas-n60\\\/#primaryimage\"},\"thumbnailUrl\":\"https:\\\/\\\/twinkling.lv\\\/wp-content\\\/uploads\\\/2024\\\/03\\\/VPLAB-CoQ10-100-mg-mikstas-kapsulas-60-gab.jpg\",\"datePublished\":\"2024-03-05T22:35:31+00:00\",\"dateModified\":\"2025-02-01T21:58:59+00:00\",\"description\":\"Produkto Apra\u0161ymas\",\"breadcrumb\":{\"@id\":\"https:\\\/\\\/twinkling.lv\\\/lt\\\/shop\\\/vplab-coq10-100-mg-mikstas-kapsulas-n60\\\/#breadcrumb\"},\"inLanguage\":\"lt-LT\",\"potentialAction\":[{\"@type\":\"ReadAction\",\"target\":[\"https:\\\/\\\/twinkling.lv\\\/lt\\\/shop\\\/vplab-coq10-100-mg-mikstas-kapsulas-n60\\\/\"]}]},{\"@type\":\"ImageObject\",\"inLanguage\":\"lt-LT\",\"@id\":\"https:\\\/\\\/twinkling.lv\\\/lt\\\/shop\\\/vplab-coq10-100-mg-mikstas-kapsulas-n60\\\/#primaryimage\",\"url\":\"https:\\\/\\\/twinkling.lv\\\/wp-content\\\/uploads\\\/2024\\\/03\\\/VPLAB-CoQ10-100-mg-mikstas-kapsulas-60-gab.jpg\",\"contentUrl\":\"https:\\\/\\\/twinkling.lv\\\/wp-content\\\/uploads\\\/2024\\\/03\\\/VPLAB-CoQ10-100-mg-mikstas-kapsulas-60-gab.jpg\",\"width\":800,\"height\":800},{\"@type\":\"BreadcrumbList\",\"@id\":\"https:\\\/\\\/twinkling.lv\\\/lt\\\/shop\\\/vplab-coq10-100-mg-mikstas-kapsulas-n60\\\/#breadcrumb\",\"itemListElement\":[{\"@type\":\"ListItem\",\"position\":1,\"name\":\"\u0413\u043b\u0430\u0432\u043d\u0430\u044f \u0441\u0442\u0440\u0430\u043d\u0438\u0446\u0430\",\"item\":\"https:\\\/\\\/twinkling.lv\\\/lt\\\/\"},{\"@type\":\"ListItem\",\"position\":2,\"name\":\"Parduotuv\u0117\",\"item\":\"https:\\\/\\\/twinkling.lv\\\/lt\\\/shop\\\/\"},{\"@type\":\"ListItem\",\"position\":3,\"name\":\"VPLAB CoQ10 100 mg mink\u0161tos kapsul\u0117s N60\"}]},{\"@type\":\"WebSite\",\"@id\":\"https:\\\/\\\/twinkling.lv\\\/lt\\\/#website\",\"url\":\"https:\\\/\\\/twinkling.lv\\\/lt\\\/\",\"name\":\"Twinkling\",\"description\":\"Health and Beauty\",\"publisher\":{\"@id\":\"https:\\\/\\\/twinkling.lv\\\/lt\\\/#organization\"},\"potentialAction\":[{\"@type\":\"SearchAction\",\"target\":{\"@type\":\"EntryPoint\",\"urlTemplate\":\"https:\\\/\\\/twinkling.lv\\\/lt\\\/?s={search_term_string}\"},\"query-input\":{\"@type\":\"PropertyValueSpecification\",\"valueRequired\":true,\"valueName\":\"search_term_string\"}}],\"inLanguage\":\"lt-LT\"},{\"@type\":\"Organization\",\"@id\":\"https:\\\/\\\/twinkling.lv\\\/lt\\\/#organization\",\"name\":\"SIA TORANS\",\"url\":\"https:\\\/\\\/twinkling.lv\\\/lt\\\/\",\"logo\":{\"@type\":\"ImageObject\",\"inLanguage\":\"lt-LT\",\"@id\":\"https:\\\/\\\/twinkling.lv\\\/lt\\\/#\\\/schema\\\/logo\\\/image\\\/\",\"url\":\"https:\\\/\\\/twinkling.lv\\\/wp-content\\\/uploads\\\/2022\\\/02\\\/twinkling-main-logo.jpg\",\"contentUrl\":\"https:\\\/\\\/twinkling.lv\\\/wp-content\\\/uploads\\\/2022\\\/02\\\/twinkling-main-logo.jpg\",\"width\":250,\"height\":100,\"caption\":\"SIA TORANS\"},\"image\":{\"@id\":\"https:\\\/\\\/twinkling.lv\\\/lt\\\/#\\\/schema\\\/logo\\\/image\\\/\"}}]}<\/script>\n<!-- \/ Yoast SEO plugin. -->","yoast_head_json":{"title":"VPLAB CoQ10 100 mg mink\u0161tos kapsul\u0117s N60 | Twinkling","description":"Produkto Apra\u0161ymas","robots":{"index":"index","follow":"follow","max-snippet":"max-snippet:-1","max-image-preview":"max-image-preview:large","max-video-preview":"max-video-preview:-1"},"canonical":"https:\/\/twinkling.lv\/lt\/shop\/vplab-coq10-100-mg-mikstas-kapsulas-n60\/","og_locale":"lt_LT","og_type":"article","og_title":"VPLAB CoQ10 100 mg mink\u0161tos kapsul\u0117s N60 | Twinkling","og_description":"Produkto Apra\u0161ymas","og_url":"https:\/\/twinkling.lv\/lt\/shop\/vplab-coq10-100-mg-mikstas-kapsulas-n60\/","og_site_name":"Twinkling","article_modified_time":"2025-02-01T21:58:59+00:00","og_image":[{"width":800,"height":800,"url":"https:\/\/twinkling.lv\/wp-content\/uploads\/2024\/03\/VPLAB-CoQ10-100-mg-mikstas-kapsulas-60-gab.jpg","type":"image\/jpeg"}],"twitter_card":"summary_large_image","twitter_misc":{"Est. reading time":"1 minut\u0117"},"schema":{"@context":"https:\/\/schema.org","@graph":[{"@type":"WebPage","@id":"https:\/\/twinkling.lv\/lt\/shop\/vplab-coq10-100-mg-mikstas-kapsulas-n60\/","url":"https:\/\/twinkling.lv\/lt\/shop\/vplab-coq10-100-mg-mikstas-kapsulas-n60\/","name":"VPLAB CoQ10 100 mg mink\u0161tos kapsul\u0117s N60 | Twinkling","isPartOf":{"@id":"https:\/\/twinkling.lv\/lt\/#website"},"primaryImageOfPage":{"@id":"https:\/\/twinkling.lv\/lt\/shop\/vplab-coq10-100-mg-mikstas-kapsulas-n60\/#primaryimage"},"image":{"@id":"https:\/\/twinkling.lv\/lt\/shop\/vplab-coq10-100-mg-mikstas-kapsulas-n60\/#primaryimage"},"thumbnailUrl":"https:\/\/twinkling.lv\/wp-content\/uploads\/2024\/03\/VPLAB-CoQ10-100-mg-mikstas-kapsulas-60-gab.jpg","datePublished":"2024-03-05T22:35:31+00:00","dateModified":"2025-02-01T21:58:59+00:00","description":"Produkto Apra\u0161ymas","breadcrumb":{"@id":"https:\/\/twinkling.lv\/lt\/shop\/vplab-coq10-100-mg-mikstas-kapsulas-n60\/#breadcrumb"},"inLanguage":"lt-LT","potentialAction":[{"@type":"ReadAction","target":["https:\/\/twinkling.lv\/lt\/shop\/vplab-coq10-100-mg-mikstas-kapsulas-n60\/"]}]},{"@type":"ImageObject","inLanguage":"lt-LT","@id":"https:\/\/twinkling.lv\/lt\/shop\/vplab-coq10-100-mg-mikstas-kapsulas-n60\/#primaryimage","url":"https:\/\/twinkling.lv\/wp-content\/uploads\/2024\/03\/VPLAB-CoQ10-100-mg-mikstas-kapsulas-60-gab.jpg","contentUrl":"https:\/\/twinkling.lv\/wp-content\/uploads\/2024\/03\/VPLAB-CoQ10-100-mg-mikstas-kapsulas-60-gab.jpg","width":800,"height":800},{"@type":"BreadcrumbList","@id":"https:\/\/twinkling.lv\/lt\/shop\/vplab-coq10-100-mg-mikstas-kapsulas-n60\/#breadcrumb","itemListElement":[{"@type":"ListItem","position":1,"name":"\u0413\u043b\u0430\u0432\u043d\u0430\u044f \u0441\u0442\u0440\u0430\u043d\u0438\u0446\u0430","item":"https:\/\/twinkling.lv\/lt\/"},{"@type":"ListItem","position":2,"name":"Parduotuv\u0117","item":"https:\/\/twinkling.lv\/lt\/shop\/"},{"@type":"ListItem","position":3,"name":"VPLAB CoQ10 100 mg mink\u0161tos kapsul\u0117s N60"}]},{"@type":"WebSite","@id":"https:\/\/twinkling.lv\/lt\/#website","url":"https:\/\/twinkling.lv\/lt\/","name":"Twinkling","description":"Health and Beauty","publisher":{"@id":"https:\/\/twinkling.lv\/lt\/#organization"},"potentialAction":[{"@type":"SearchAction","target":{"@type":"EntryPoint","urlTemplate":"https:\/\/twinkling.lv\/lt\/?s={search_term_string}"},"query-input":{"@type":"PropertyValueSpecification","valueRequired":true,"valueName":"search_term_string"}}],"inLanguage":"lt-LT"},{"@type":"Organization","@id":"https:\/\/twinkling.lv\/lt\/#organization","name":"SIA TORANS","url":"https:\/\/twinkling.lv\/lt\/","logo":{"@type":"ImageObject","inLanguage":"lt-LT","@id":"https:\/\/twinkling.lv\/lt\/#\/schema\/logo\/image\/","url":"https:\/\/twinkling.lv\/wp-content\/uploads\/2022\/02\/twinkling-main-logo.jpg","contentUrl":"https:\/\/twinkling.lv\/wp-content\/uploads\/2022\/02\/twinkling-main-logo.jpg","width":250,"height":100,"caption":"SIA TORANS"},"image":{"@id":"https:\/\/twinkling.lv\/lt\/#\/schema\/logo\/image\/"}}]}},"_links":{"self":[{"href":"https:\/\/twinkling.lv\/lt\/wp-json\/wp\/v2\/product\/26533","targetHints":{"allow":["GET"]}}],"collection":[{"href":"https:\/\/twinkling.lv\/lt\/wp-json\/wp\/v2\/product"}],"about":[{"href":"https:\/\/twinkling.lv\/lt\/wp-json\/wp\/v2\/types\/product"}],"replies":[{"embeddable":true,"href":"https:\/\/twinkling.lv\/lt\/wp-json\/wp\/v2\/comments?post=26533"}],"wp:featuredmedia":[{"embeddable":true,"href":"https:\/\/twinkling.lv\/lt\/wp-json\/wp\/v2\/media\/26043"}],"wp:attachment":[{"href":"https:\/\/twinkling.lv\/lt\/wp-json\/wp\/v2\/media?parent=26533"}],"wp:term":[{"taxonomy":"product_brand","embeddable":true,"href":"https:\/\/twinkling.lv\/lt\/wp-json\/wp\/v2\/product_brand?post=26533"},{"taxonomy":"product_cat","embeddable":true,"href":"https:\/\/twinkling.lv\/lt\/wp-json\/wp\/v2\/product_cat?post=26533"},{"taxonomy":"product_tag","embeddable":true,"href":"https:\/\/twinkling.lv\/lt\/wp-json\/wp\/v2\/product_tag?post=26533"}],"curies":[{"name":"wp","href":"https:\/\/api.w.org\/{rel}","templated":true}]}}