{"id":23942,"date":"2023-12-12T04:36:48","date_gmt":"2023-12-12T01:36:48","guid":{"rendered":"https:\/\/twinkling.lv\/shop\/bluem-oral-foam-putas-100-ml\/"},"modified":"2025-02-02T00:54:08","modified_gmt":"2025-02-01T21:54:08","slug":"bluem-oral-foam-putas-100-ml","status":"publish","type":"product","link":"https:\/\/twinkling.lv\/lt\/shop\/bluem-oral-foam-putas-100-ml\/","title":{"rendered":"BLUEM Oral Foam putos 100 ml"},"content":{"rendered":"<p><strong>APIB\u016aDINIMAS<\/strong><\/p>\n<p>Aktyvus sveikatos deguonis sveikatai. Unikali formul\u0117 balsuoja u\u017e aktyv\u0173 deguon\u012f. Teikia dant\u0173 ir danten\u0173 sveikat\u0105. Jame n\u0117ra fluorid\u0173 ir alkoholio. Normalizuoja ir kontroliuoja burnos ertm\u0117s mikroflor\u0105. Idealiai tinka r\u016bpintis ortodontiniais prietaisais, mink\u0161tais protezais ir dant\u0173 tiltais. Tinka jautriems dantims. Burnos ertm\u0117s putos yra specialiai sukurtos, kad b\u016bt\u0173 galima atkurti dantenas ir valyti ortodontinius prietaisus, mink\u0161tus protezus ir \u012fvairias dant\u0173 ertmes. Burnos ertm\u0117s putplas\u010dio formul\u0119 suk\u016br\u0117 pagrindiniai pasaulio odontologai ir yra geriausia burnos ertm\u0117s sveikatai.<\/p>\n<p><strong>TAIKYMO B\u016aDAS<\/strong><\/p>\n<p>D\u0117l danten\u0173 sveikatos &#8211; po dant\u0173 pastos m\u0117lynos \u00aem \u0161epet\u0117lio, du pompa presus i\u0161p\u016bskite putas \u012f burn\u0105. Tegul putos veikia ma\u017eiausiai 1 minut\u0119. Tada putos i\u0161spjauna. Nevalgykite ir negerkite ma\u017edaug 30 minu\u010di\u0173 po put\u0173. Jei turite burnos ertm\u0117s prietais\u0173, toki\u0173 kaip ortodontiniai \u012ftaisai, mink\u0161ti dant\u0173 protezai, \u012fvair\u016bs petne\u0161os ir kt., \u012ed\u0117kite putplas\u010dio \u012f prietais\u0105 ir \u012fd\u0117kite \u012f burn\u0105. I\u0161pjaustykite put\u0173 pertekli\u0173. Naudokite \u012frenginius pagal savo odontologo instrukcijas. Naudojant \u201eBlue\u00aeM\u201c geriam\u0105sias putas 2 kartus per dien\u0105, j\u016bs\u0173 burnos ertm\u0117 visada bus \u0161vari, o dantenos yra sveikos.<\/p>\n<p><strong>SUD\u0116TIS<\/strong><\/p>\n<p>AQUA, GLYCERIN, MEL, SODIUM LAURYL SULFATE, PVP, SODIUM CITRATE, CELLULOSE GUM, AROMA, SODIUM PERBORATE, SODIUM METHYLPARABEN, CITRIC ACID, METHYL SALICYLATE, XYLITOL, LACTOFERRIN, MAGNESIUM SULFATE, LIMONENE, CI 42090.<\/p>\n","protected":false},"excerpt":{"rendered":"<p><span style=\"color: #0000ff;\"><a style=\"color: #0000ff;\" href=\"\" target=\"_blank\" rel=\"noopener\">Produkto Apra\u0161ymas<\/a><\/span><\/p>\n","protected":false},"featured_media":22452,"comment_status":"open","ping_status":"closed","template":"","meta":[],"product_brand":[],"product_cat":[2545,2333,2373,2332,1417],"product_tag":[],"class_list":{"0":"post-23942","1":"product","2":"type-product","3":"status-publish","4":"has-post-thumbnail","6":"product_cat-bluem-lt","7":"product_cat-mutes-dobuma-higiena-lt","8":"product_cat-zobu-pastas-lt","9":"product_cat-higiena-lt","10":"product_cat-zimoli-lt","12":"first","13":"instock","14":"taxable","15":"shipping-taxable","16":"purchasable","17":"product-type-simple"},"yoast_head":"<!-- This site is optimized with the Yoast SEO plugin v27.4 - https:\/\/yoast.com\/product\/yoast-seo-wordpress\/ -->\n<title>BLUEM Oral Foam putos 100 ml | Twinkling<\/title>\n<meta name=\"description\" content=\"Produkto Apra\u0161ymas\" \/>\n<meta name=\"robots\" content=\"index, follow, max-snippet:-1, max-image-preview:large, max-video-preview:-1\" \/>\n<link rel=\"canonical\" href=\"https:\/\/twinkling.lv\/lt\/shop\/bluem-oral-foam-putas-100-ml\/\" \/>\n<meta property=\"og:locale\" content=\"lt_LT\" \/>\n<meta property=\"og:type\" content=\"article\" \/>\n<meta property=\"og:title\" content=\"BLUEM Oral Foam putos 100 ml | Twinkling\" \/>\n<meta property=\"og:description\" content=\"Produkto Apra\u0161ymas\" \/>\n<meta property=\"og:url\" content=\"https:\/\/twinkling.lv\/lt\/shop\/bluem-oral-foam-putas-100-ml\/\" \/>\n<meta property=\"og:site_name\" content=\"Twinkling\" \/>\n<meta property=\"article:modified_time\" content=\"2025-02-01T21:54:08+00:00\" \/>\n<meta property=\"og:image\" content=\"https:\/\/twinkling.lv\/wp-content\/uploads\/2023\/12\/BLUEM-Oral-foam-putas-100-ml.jpg\" \/>\n\t<meta property=\"og:image:width\" content=\"1000\" \/>\n\t<meta property=\"og:image:height\" content=\"1000\" \/>\n\t<meta property=\"og:image:type\" content=\"image\/jpeg\" \/>\n<meta name=\"twitter:card\" content=\"summary_large_image\" \/>\n<meta name=\"twitter:label1\" content=\"Est. reading time\" \/>\n\t<meta name=\"twitter:data1\" content=\"1 minut\u0117\" \/>\n<script type=\"application\/ld+json\" class=\"yoast-schema-graph\">{\"@context\":\"https:\\\/\\\/schema.org\",\"@graph\":[{\"@type\":\"WebPage\",\"@id\":\"https:\\\/\\\/twinkling.lv\\\/lt\\\/shop\\\/bluem-oral-foam-putas-100-ml\\\/\",\"url\":\"https:\\\/\\\/twinkling.lv\\\/lt\\\/shop\\\/bluem-oral-foam-putas-100-ml\\\/\",\"name\":\"BLUEM Oral Foam putos 100 ml | Twinkling\",\"isPartOf\":{\"@id\":\"https:\\\/\\\/twinkling.lv\\\/lt\\\/#website\"},\"primaryImageOfPage\":{\"@id\":\"https:\\\/\\\/twinkling.lv\\\/lt\\\/shop\\\/bluem-oral-foam-putas-100-ml\\\/#primaryimage\"},\"image\":{\"@id\":\"https:\\\/\\\/twinkling.lv\\\/lt\\\/shop\\\/bluem-oral-foam-putas-100-ml\\\/#primaryimage\"},\"thumbnailUrl\":\"https:\\\/\\\/twinkling.lv\\\/wp-content\\\/uploads\\\/2023\\\/12\\\/BLUEM-Oral-foam-putas-100-ml.jpg\",\"datePublished\":\"2023-12-12T01:36:48+00:00\",\"dateModified\":\"2025-02-01T21:54:08+00:00\",\"description\":\"Produkto Apra\u0161ymas\",\"breadcrumb\":{\"@id\":\"https:\\\/\\\/twinkling.lv\\\/lt\\\/shop\\\/bluem-oral-foam-putas-100-ml\\\/#breadcrumb\"},\"inLanguage\":\"lt-LT\",\"potentialAction\":[{\"@type\":\"ReadAction\",\"target\":[\"https:\\\/\\\/twinkling.lv\\\/lt\\\/shop\\\/bluem-oral-foam-putas-100-ml\\\/\"]}]},{\"@type\":\"ImageObject\",\"inLanguage\":\"lt-LT\",\"@id\":\"https:\\\/\\\/twinkling.lv\\\/lt\\\/shop\\\/bluem-oral-foam-putas-100-ml\\\/#primaryimage\",\"url\":\"https:\\\/\\\/twinkling.lv\\\/wp-content\\\/uploads\\\/2023\\\/12\\\/BLUEM-Oral-foam-putas-100-ml.jpg\",\"contentUrl\":\"https:\\\/\\\/twinkling.lv\\\/wp-content\\\/uploads\\\/2023\\\/12\\\/BLUEM-Oral-foam-putas-100-ml.jpg\",\"width\":1000,\"height\":1000},{\"@type\":\"BreadcrumbList\",\"@id\":\"https:\\\/\\\/twinkling.lv\\\/lt\\\/shop\\\/bluem-oral-foam-putas-100-ml\\\/#breadcrumb\",\"itemListElement\":[{\"@type\":\"ListItem\",\"position\":1,\"name\":\"\u0413\u043b\u0430\u0432\u043d\u0430\u044f \u0441\u0442\u0440\u0430\u043d\u0438\u0446\u0430\",\"item\":\"https:\\\/\\\/twinkling.lv\\\/lt\\\/\"},{\"@type\":\"ListItem\",\"position\":2,\"name\":\"Parduotuv\u0117\",\"item\":\"https:\\\/\\\/twinkling.lv\\\/lt\\\/shop\\\/\"},{\"@type\":\"ListItem\",\"position\":3,\"name\":\"BLUEM Oral Foam putos 100 ml\"}]},{\"@type\":\"WebSite\",\"@id\":\"https:\\\/\\\/twinkling.lv\\\/lt\\\/#website\",\"url\":\"https:\\\/\\\/twinkling.lv\\\/lt\\\/\",\"name\":\"Twinkling\",\"description\":\"Health and Beauty\",\"publisher\":{\"@id\":\"https:\\\/\\\/twinkling.lv\\\/lt\\\/#organization\"},\"potentialAction\":[{\"@type\":\"SearchAction\",\"target\":{\"@type\":\"EntryPoint\",\"urlTemplate\":\"https:\\\/\\\/twinkling.lv\\\/lt\\\/?s={search_term_string}\"},\"query-input\":{\"@type\":\"PropertyValueSpecification\",\"valueRequired\":true,\"valueName\":\"search_term_string\"}}],\"inLanguage\":\"lt-LT\"},{\"@type\":\"Organization\",\"@id\":\"https:\\\/\\\/twinkling.lv\\\/lt\\\/#organization\",\"name\":\"SIA TORANS\",\"url\":\"https:\\\/\\\/twinkling.lv\\\/lt\\\/\",\"logo\":{\"@type\":\"ImageObject\",\"inLanguage\":\"lt-LT\",\"@id\":\"https:\\\/\\\/twinkling.lv\\\/lt\\\/#\\\/schema\\\/logo\\\/image\\\/\",\"url\":\"https:\\\/\\\/twinkling.lv\\\/wp-content\\\/uploads\\\/2022\\\/02\\\/twinkling-main-logo.jpg\",\"contentUrl\":\"https:\\\/\\\/twinkling.lv\\\/wp-content\\\/uploads\\\/2022\\\/02\\\/twinkling-main-logo.jpg\",\"width\":250,\"height\":100,\"caption\":\"SIA TORANS\"},\"image\":{\"@id\":\"https:\\\/\\\/twinkling.lv\\\/lt\\\/#\\\/schema\\\/logo\\\/image\\\/\"}}]}<\/script>\n<!-- \/ Yoast SEO plugin. -->","yoast_head_json":{"title":"BLUEM Oral Foam putos 100 ml | Twinkling","description":"Produkto Apra\u0161ymas","robots":{"index":"index","follow":"follow","max-snippet":"max-snippet:-1","max-image-preview":"max-image-preview:large","max-video-preview":"max-video-preview:-1"},"canonical":"https:\/\/twinkling.lv\/lt\/shop\/bluem-oral-foam-putas-100-ml\/","og_locale":"lt_LT","og_type":"article","og_title":"BLUEM Oral Foam putos 100 ml | Twinkling","og_description":"Produkto Apra\u0161ymas","og_url":"https:\/\/twinkling.lv\/lt\/shop\/bluem-oral-foam-putas-100-ml\/","og_site_name":"Twinkling","article_modified_time":"2025-02-01T21:54:08+00:00","og_image":[{"width":1000,"height":1000,"url":"https:\/\/twinkling.lv\/wp-content\/uploads\/2023\/12\/BLUEM-Oral-foam-putas-100-ml.jpg","type":"image\/jpeg"}],"twitter_card":"summary_large_image","twitter_misc":{"Est. reading time":"1 minut\u0117"},"schema":{"@context":"https:\/\/schema.org","@graph":[{"@type":"WebPage","@id":"https:\/\/twinkling.lv\/lt\/shop\/bluem-oral-foam-putas-100-ml\/","url":"https:\/\/twinkling.lv\/lt\/shop\/bluem-oral-foam-putas-100-ml\/","name":"BLUEM Oral Foam putos 100 ml | Twinkling","isPartOf":{"@id":"https:\/\/twinkling.lv\/lt\/#website"},"primaryImageOfPage":{"@id":"https:\/\/twinkling.lv\/lt\/shop\/bluem-oral-foam-putas-100-ml\/#primaryimage"},"image":{"@id":"https:\/\/twinkling.lv\/lt\/shop\/bluem-oral-foam-putas-100-ml\/#primaryimage"},"thumbnailUrl":"https:\/\/twinkling.lv\/wp-content\/uploads\/2023\/12\/BLUEM-Oral-foam-putas-100-ml.jpg","datePublished":"2023-12-12T01:36:48+00:00","dateModified":"2025-02-01T21:54:08+00:00","description":"Produkto Apra\u0161ymas","breadcrumb":{"@id":"https:\/\/twinkling.lv\/lt\/shop\/bluem-oral-foam-putas-100-ml\/#breadcrumb"},"inLanguage":"lt-LT","potentialAction":[{"@type":"ReadAction","target":["https:\/\/twinkling.lv\/lt\/shop\/bluem-oral-foam-putas-100-ml\/"]}]},{"@type":"ImageObject","inLanguage":"lt-LT","@id":"https:\/\/twinkling.lv\/lt\/shop\/bluem-oral-foam-putas-100-ml\/#primaryimage","url":"https:\/\/twinkling.lv\/wp-content\/uploads\/2023\/12\/BLUEM-Oral-foam-putas-100-ml.jpg","contentUrl":"https:\/\/twinkling.lv\/wp-content\/uploads\/2023\/12\/BLUEM-Oral-foam-putas-100-ml.jpg","width":1000,"height":1000},{"@type":"BreadcrumbList","@id":"https:\/\/twinkling.lv\/lt\/shop\/bluem-oral-foam-putas-100-ml\/#breadcrumb","itemListElement":[{"@type":"ListItem","position":1,"name":"\u0413\u043b\u0430\u0432\u043d\u0430\u044f \u0441\u0442\u0440\u0430\u043d\u0438\u0446\u0430","item":"https:\/\/twinkling.lv\/lt\/"},{"@type":"ListItem","position":2,"name":"Parduotuv\u0117","item":"https:\/\/twinkling.lv\/lt\/shop\/"},{"@type":"ListItem","position":3,"name":"BLUEM Oral Foam putos 100 ml"}]},{"@type":"WebSite","@id":"https:\/\/twinkling.lv\/lt\/#website","url":"https:\/\/twinkling.lv\/lt\/","name":"Twinkling","description":"Health and Beauty","publisher":{"@id":"https:\/\/twinkling.lv\/lt\/#organization"},"potentialAction":[{"@type":"SearchAction","target":{"@type":"EntryPoint","urlTemplate":"https:\/\/twinkling.lv\/lt\/?s={search_term_string}"},"query-input":{"@type":"PropertyValueSpecification","valueRequired":true,"valueName":"search_term_string"}}],"inLanguage":"lt-LT"},{"@type":"Organization","@id":"https:\/\/twinkling.lv\/lt\/#organization","name":"SIA TORANS","url":"https:\/\/twinkling.lv\/lt\/","logo":{"@type":"ImageObject","inLanguage":"lt-LT","@id":"https:\/\/twinkling.lv\/lt\/#\/schema\/logo\/image\/","url":"https:\/\/twinkling.lv\/wp-content\/uploads\/2022\/02\/twinkling-main-logo.jpg","contentUrl":"https:\/\/twinkling.lv\/wp-content\/uploads\/2022\/02\/twinkling-main-logo.jpg","width":250,"height":100,"caption":"SIA TORANS"},"image":{"@id":"https:\/\/twinkling.lv\/lt\/#\/schema\/logo\/image\/"}}]}},"_links":{"self":[{"href":"https:\/\/twinkling.lv\/lt\/wp-json\/wp\/v2\/product\/23942","targetHints":{"allow":["GET"]}}],"collection":[{"href":"https:\/\/twinkling.lv\/lt\/wp-json\/wp\/v2\/product"}],"about":[{"href":"https:\/\/twinkling.lv\/lt\/wp-json\/wp\/v2\/types\/product"}],"replies":[{"embeddable":true,"href":"https:\/\/twinkling.lv\/lt\/wp-json\/wp\/v2\/comments?post=23942"}],"wp:featuredmedia":[{"embeddable":true,"href":"https:\/\/twinkling.lv\/lt\/wp-json\/wp\/v2\/media\/22452"}],"wp:attachment":[{"href":"https:\/\/twinkling.lv\/lt\/wp-json\/wp\/v2\/media?parent=23942"}],"wp:term":[{"taxonomy":"product_brand","embeddable":true,"href":"https:\/\/twinkling.lv\/lt\/wp-json\/wp\/v2\/product_brand?post=23942"},{"taxonomy":"product_cat","embeddable":true,"href":"https:\/\/twinkling.lv\/lt\/wp-json\/wp\/v2\/product_cat?post=23942"},{"taxonomy":"product_tag","embeddable":true,"href":"https:\/\/twinkling.lv\/lt\/wp-json\/wp\/v2\/product_tag?post=23942"}],"curies":[{"name":"wp","href":"https:\/\/api.w.org\/{rel}","templated":true}]}}