{"id":23939,"date":"2023-12-12T04:36:48","date_gmt":"2023-12-12T01:36:48","guid":{"rendered":"https:\/\/twinkling.lv\/shop\/bluem-perio-care-fluoride-zobu-pasta-75-ml\/"},"modified":"2025-02-02T00:54:08","modified_gmt":"2025-02-01T21:54:08","slug":"bluem-perio-care-fluoride-zobu-pasta-75-ml","status":"publish","type":"product","link":"https:\/\/twinkling.lv\/lt\/shop\/bluem-perio-care-fluoride-zobu-pasta-75-ml\/","title":{"rendered":"BLUEM Perio Care Fluoride dant\u0173 pasta 75 ml"},"content":{"rendered":"<p><strong>APIB\u016aDINIMAS<\/strong><\/p>\n<p>Inovacijos r\u016bpintis danten\u0173 sveikata. Dant\u0173 pasta, praturtinta deguonimi ir fluoridais. Maksimali dant\u0173 apsauga ir dantenos. Gilus poveikis bakterijoms. Efektyvus danten\u0173 ki\u0161eni\u0173 suma\u017e\u0117jimas. Optimalus danten\u0173 oro kondicionierius. Veiksminga kv\u0117pavimo \u0161vie\u017eumo prie\u017ei\u016bra. Imunin\u0117s sistemos gerinimas. \u017dandikauli\u0173 chirurgai ir odontologai suk\u016br\u0117 \u201eBluem\u201c dant\u0173 past\u0105 &#8211; geriausi\u0105 \u012frank\u012f sveikiems dantims ir danten\u0173 prie\u017ei\u016brai. \u201eBluem\u201c dant\u0173 pastoje yra didel\u0117 praturtinto deguonies koncentracija, gauta i\u0161 medaus ferment\u0173. Kai naudojate \u201eBluem\u201c dant\u0173 past\u0105, deguonis patenka giliai \u012f mink\u0161tuosius audinius ten, kur tai tikrai b\u016btina. Ki\u0161en\u0117s aplink dantis yra \u0161varios ir jose n\u0117ra kenksming\u0173 bakterij\u0173.<\/p>\n<p><strong>TAIKYMO B\u016aDAS<\/strong><\/p>\n<p>Nuvalykite dantis \u201eBluem\u201c dant\u0173 pastas &#8211; rekomenduojama po kiekvieno valgio ar bent du kartus per dien\u0105 bent dvi minutes arba chirurgo ar odontologo kryptimi. Naudokite tik nuo 18 met\u0173. Po naudojimo sandariai u\u017edarykite dangt\u012f.<\/p>\n<p><strong>SUD\u0116TIS<\/strong><\/p>\n<p>GLYCERIN, HYDRATED SILICA, AQUA, MEL, PEG-32, AROMA, COCAMIDOPROPYL BETAINE, CELLULOSE GUM, MAGNESIUM SULFATE, SODIUM CITRATE, LACTOFERRIN, SODIUM SACCHARIN, XYLITOL, CALCIUM FLUORIDE, METHYL SALICYLATE, SODIUM SULFATE, SODIUM CHLORIDE, SODIUM PERBORATE, SODIUM METHYLPARABEN, CITRIC ACID, LIMONENE, CI 42090.<\/p>\n","protected":false},"excerpt":{"rendered":"<p><span style=\"color: #0000ff;\"><a style=\"color: #0000ff;\" href=\"\" target=\"_blank\" rel=\"noopener\">Produkto Apra\u0161ymas<\/a><\/span><\/p>\n","protected":false},"featured_media":22460,"comment_status":"open","ping_status":"closed","template":"","meta":[],"product_brand":[],"product_cat":[2545,2333,2373,2332,1417],"product_tag":[],"class_list":{"0":"post-23939","1":"product","2":"type-product","3":"status-publish","4":"has-post-thumbnail","6":"product_cat-bluem-lt","7":"product_cat-mutes-dobuma-higiena-lt","8":"product_cat-zobu-pastas-lt","9":"product_cat-higiena-lt","10":"product_cat-zimoli-lt","12":"first","13":"instock","14":"taxable","15":"shipping-taxable","16":"purchasable","17":"product-type-simple"},"yoast_head":"<!-- This site is optimized with the Yoast SEO plugin v27.4 - https:\/\/yoast.com\/product\/yoast-seo-wordpress\/ -->\n<title>BLUEM Perio Care Fluoride dant\u0173 pasta 75 ml | Twinkling<\/title>\n<meta name=\"description\" content=\"Produkto Apra\u0161ymas\" \/>\n<meta name=\"robots\" content=\"index, follow, max-snippet:-1, max-image-preview:large, max-video-preview:-1\" \/>\n<link rel=\"canonical\" href=\"https:\/\/twinkling.lv\/lt\/shop\/bluem-perio-care-fluoride-zobu-pasta-75-ml\/\" \/>\n<meta property=\"og:locale\" content=\"lt_LT\" \/>\n<meta property=\"og:type\" content=\"article\" \/>\n<meta property=\"og:title\" content=\"BLUEM Perio Care Fluoride dant\u0173 pasta 75 ml | Twinkling\" \/>\n<meta property=\"og:description\" content=\"Produkto Apra\u0161ymas\" \/>\n<meta property=\"og:url\" content=\"https:\/\/twinkling.lv\/lt\/shop\/bluem-perio-care-fluoride-zobu-pasta-75-ml\/\" \/>\n<meta property=\"og:site_name\" content=\"Twinkling\" \/>\n<meta property=\"article:modified_time\" content=\"2025-02-01T21:54:08+00:00\" \/>\n<meta property=\"og:image\" content=\"https:\/\/twinkling.lv\/wp-content\/uploads\/2023\/12\/BLUEM-Perio-Care-Fluoride-zobu-pasta-75-ml.jpg\" \/>\n\t<meta property=\"og:image:width\" content=\"1000\" \/>\n\t<meta property=\"og:image:height\" content=\"1000\" \/>\n\t<meta property=\"og:image:type\" content=\"image\/jpeg\" \/>\n<meta name=\"twitter:card\" content=\"summary_large_image\" \/>\n<meta name=\"twitter:label1\" content=\"Est. reading time\" \/>\n\t<meta name=\"twitter:data1\" content=\"1 minut\u0117\" \/>\n<script type=\"application\/ld+json\" class=\"yoast-schema-graph\">{\"@context\":\"https:\\\/\\\/schema.org\",\"@graph\":[{\"@type\":\"WebPage\",\"@id\":\"https:\\\/\\\/twinkling.lv\\\/lt\\\/shop\\\/bluem-perio-care-fluoride-zobu-pasta-75-ml\\\/\",\"url\":\"https:\\\/\\\/twinkling.lv\\\/lt\\\/shop\\\/bluem-perio-care-fluoride-zobu-pasta-75-ml\\\/\",\"name\":\"BLUEM Perio Care Fluoride dant\u0173 pasta 75 ml | Twinkling\",\"isPartOf\":{\"@id\":\"https:\\\/\\\/twinkling.lv\\\/lt\\\/#website\"},\"primaryImageOfPage\":{\"@id\":\"https:\\\/\\\/twinkling.lv\\\/lt\\\/shop\\\/bluem-perio-care-fluoride-zobu-pasta-75-ml\\\/#primaryimage\"},\"image\":{\"@id\":\"https:\\\/\\\/twinkling.lv\\\/lt\\\/shop\\\/bluem-perio-care-fluoride-zobu-pasta-75-ml\\\/#primaryimage\"},\"thumbnailUrl\":\"https:\\\/\\\/twinkling.lv\\\/wp-content\\\/uploads\\\/2023\\\/12\\\/BLUEM-Perio-Care-Fluoride-zobu-pasta-75-ml.jpg\",\"datePublished\":\"2023-12-12T01:36:48+00:00\",\"dateModified\":\"2025-02-01T21:54:08+00:00\",\"description\":\"Produkto Apra\u0161ymas\",\"breadcrumb\":{\"@id\":\"https:\\\/\\\/twinkling.lv\\\/lt\\\/shop\\\/bluem-perio-care-fluoride-zobu-pasta-75-ml\\\/#breadcrumb\"},\"inLanguage\":\"lt-LT\",\"potentialAction\":[{\"@type\":\"ReadAction\",\"target\":[\"https:\\\/\\\/twinkling.lv\\\/lt\\\/shop\\\/bluem-perio-care-fluoride-zobu-pasta-75-ml\\\/\"]}]},{\"@type\":\"ImageObject\",\"inLanguage\":\"lt-LT\",\"@id\":\"https:\\\/\\\/twinkling.lv\\\/lt\\\/shop\\\/bluem-perio-care-fluoride-zobu-pasta-75-ml\\\/#primaryimage\",\"url\":\"https:\\\/\\\/twinkling.lv\\\/wp-content\\\/uploads\\\/2023\\\/12\\\/BLUEM-Perio-Care-Fluoride-zobu-pasta-75-ml.jpg\",\"contentUrl\":\"https:\\\/\\\/twinkling.lv\\\/wp-content\\\/uploads\\\/2023\\\/12\\\/BLUEM-Perio-Care-Fluoride-zobu-pasta-75-ml.jpg\",\"width\":1000,\"height\":1000},{\"@type\":\"BreadcrumbList\",\"@id\":\"https:\\\/\\\/twinkling.lv\\\/lt\\\/shop\\\/bluem-perio-care-fluoride-zobu-pasta-75-ml\\\/#breadcrumb\",\"itemListElement\":[{\"@type\":\"ListItem\",\"position\":1,\"name\":\"\u0413\u043b\u0430\u0432\u043d\u0430\u044f \u0441\u0442\u0440\u0430\u043d\u0438\u0446\u0430\",\"item\":\"https:\\\/\\\/twinkling.lv\\\/lt\\\/\"},{\"@type\":\"ListItem\",\"position\":2,\"name\":\"Parduotuv\u0117\",\"item\":\"https:\\\/\\\/twinkling.lv\\\/lt\\\/shop\\\/\"},{\"@type\":\"ListItem\",\"position\":3,\"name\":\"BLUEM Perio Care Fluoride dant\u0173 pasta 75 ml\"}]},{\"@type\":\"WebSite\",\"@id\":\"https:\\\/\\\/twinkling.lv\\\/lt\\\/#website\",\"url\":\"https:\\\/\\\/twinkling.lv\\\/lt\\\/\",\"name\":\"Twinkling\",\"description\":\"Health and Beauty\",\"publisher\":{\"@id\":\"https:\\\/\\\/twinkling.lv\\\/lt\\\/#organization\"},\"potentialAction\":[{\"@type\":\"SearchAction\",\"target\":{\"@type\":\"EntryPoint\",\"urlTemplate\":\"https:\\\/\\\/twinkling.lv\\\/lt\\\/?s={search_term_string}\"},\"query-input\":{\"@type\":\"PropertyValueSpecification\",\"valueRequired\":true,\"valueName\":\"search_term_string\"}}],\"inLanguage\":\"lt-LT\"},{\"@type\":\"Organization\",\"@id\":\"https:\\\/\\\/twinkling.lv\\\/lt\\\/#organization\",\"name\":\"SIA TORANS\",\"url\":\"https:\\\/\\\/twinkling.lv\\\/lt\\\/\",\"logo\":{\"@type\":\"ImageObject\",\"inLanguage\":\"lt-LT\",\"@id\":\"https:\\\/\\\/twinkling.lv\\\/lt\\\/#\\\/schema\\\/logo\\\/image\\\/\",\"url\":\"https:\\\/\\\/twinkling.lv\\\/wp-content\\\/uploads\\\/2022\\\/02\\\/twinkling-main-logo.jpg\",\"contentUrl\":\"https:\\\/\\\/twinkling.lv\\\/wp-content\\\/uploads\\\/2022\\\/02\\\/twinkling-main-logo.jpg\",\"width\":250,\"height\":100,\"caption\":\"SIA TORANS\"},\"image\":{\"@id\":\"https:\\\/\\\/twinkling.lv\\\/lt\\\/#\\\/schema\\\/logo\\\/image\\\/\"}}]}<\/script>\n<!-- \/ Yoast SEO plugin. -->","yoast_head_json":{"title":"BLUEM Perio Care Fluoride dant\u0173 pasta 75 ml | Twinkling","description":"Produkto Apra\u0161ymas","robots":{"index":"index","follow":"follow","max-snippet":"max-snippet:-1","max-image-preview":"max-image-preview:large","max-video-preview":"max-video-preview:-1"},"canonical":"https:\/\/twinkling.lv\/lt\/shop\/bluem-perio-care-fluoride-zobu-pasta-75-ml\/","og_locale":"lt_LT","og_type":"article","og_title":"BLUEM Perio Care Fluoride dant\u0173 pasta 75 ml | Twinkling","og_description":"Produkto Apra\u0161ymas","og_url":"https:\/\/twinkling.lv\/lt\/shop\/bluem-perio-care-fluoride-zobu-pasta-75-ml\/","og_site_name":"Twinkling","article_modified_time":"2025-02-01T21:54:08+00:00","og_image":[{"width":1000,"height":1000,"url":"https:\/\/twinkling.lv\/wp-content\/uploads\/2023\/12\/BLUEM-Perio-Care-Fluoride-zobu-pasta-75-ml.jpg","type":"image\/jpeg"}],"twitter_card":"summary_large_image","twitter_misc":{"Est. reading time":"1 minut\u0117"},"schema":{"@context":"https:\/\/schema.org","@graph":[{"@type":"WebPage","@id":"https:\/\/twinkling.lv\/lt\/shop\/bluem-perio-care-fluoride-zobu-pasta-75-ml\/","url":"https:\/\/twinkling.lv\/lt\/shop\/bluem-perio-care-fluoride-zobu-pasta-75-ml\/","name":"BLUEM Perio Care Fluoride dant\u0173 pasta 75 ml | Twinkling","isPartOf":{"@id":"https:\/\/twinkling.lv\/lt\/#website"},"primaryImageOfPage":{"@id":"https:\/\/twinkling.lv\/lt\/shop\/bluem-perio-care-fluoride-zobu-pasta-75-ml\/#primaryimage"},"image":{"@id":"https:\/\/twinkling.lv\/lt\/shop\/bluem-perio-care-fluoride-zobu-pasta-75-ml\/#primaryimage"},"thumbnailUrl":"https:\/\/twinkling.lv\/wp-content\/uploads\/2023\/12\/BLUEM-Perio-Care-Fluoride-zobu-pasta-75-ml.jpg","datePublished":"2023-12-12T01:36:48+00:00","dateModified":"2025-02-01T21:54:08+00:00","description":"Produkto Apra\u0161ymas","breadcrumb":{"@id":"https:\/\/twinkling.lv\/lt\/shop\/bluem-perio-care-fluoride-zobu-pasta-75-ml\/#breadcrumb"},"inLanguage":"lt-LT","potentialAction":[{"@type":"ReadAction","target":["https:\/\/twinkling.lv\/lt\/shop\/bluem-perio-care-fluoride-zobu-pasta-75-ml\/"]}]},{"@type":"ImageObject","inLanguage":"lt-LT","@id":"https:\/\/twinkling.lv\/lt\/shop\/bluem-perio-care-fluoride-zobu-pasta-75-ml\/#primaryimage","url":"https:\/\/twinkling.lv\/wp-content\/uploads\/2023\/12\/BLUEM-Perio-Care-Fluoride-zobu-pasta-75-ml.jpg","contentUrl":"https:\/\/twinkling.lv\/wp-content\/uploads\/2023\/12\/BLUEM-Perio-Care-Fluoride-zobu-pasta-75-ml.jpg","width":1000,"height":1000},{"@type":"BreadcrumbList","@id":"https:\/\/twinkling.lv\/lt\/shop\/bluem-perio-care-fluoride-zobu-pasta-75-ml\/#breadcrumb","itemListElement":[{"@type":"ListItem","position":1,"name":"\u0413\u043b\u0430\u0432\u043d\u0430\u044f \u0441\u0442\u0440\u0430\u043d\u0438\u0446\u0430","item":"https:\/\/twinkling.lv\/lt\/"},{"@type":"ListItem","position":2,"name":"Parduotuv\u0117","item":"https:\/\/twinkling.lv\/lt\/shop\/"},{"@type":"ListItem","position":3,"name":"BLUEM Perio Care Fluoride dant\u0173 pasta 75 ml"}]},{"@type":"WebSite","@id":"https:\/\/twinkling.lv\/lt\/#website","url":"https:\/\/twinkling.lv\/lt\/","name":"Twinkling","description":"Health and Beauty","publisher":{"@id":"https:\/\/twinkling.lv\/lt\/#organization"},"potentialAction":[{"@type":"SearchAction","target":{"@type":"EntryPoint","urlTemplate":"https:\/\/twinkling.lv\/lt\/?s={search_term_string}"},"query-input":{"@type":"PropertyValueSpecification","valueRequired":true,"valueName":"search_term_string"}}],"inLanguage":"lt-LT"},{"@type":"Organization","@id":"https:\/\/twinkling.lv\/lt\/#organization","name":"SIA TORANS","url":"https:\/\/twinkling.lv\/lt\/","logo":{"@type":"ImageObject","inLanguage":"lt-LT","@id":"https:\/\/twinkling.lv\/lt\/#\/schema\/logo\/image\/","url":"https:\/\/twinkling.lv\/wp-content\/uploads\/2022\/02\/twinkling-main-logo.jpg","contentUrl":"https:\/\/twinkling.lv\/wp-content\/uploads\/2022\/02\/twinkling-main-logo.jpg","width":250,"height":100,"caption":"SIA TORANS"},"image":{"@id":"https:\/\/twinkling.lv\/lt\/#\/schema\/logo\/image\/"}}]}},"_links":{"self":[{"href":"https:\/\/twinkling.lv\/lt\/wp-json\/wp\/v2\/product\/23939","targetHints":{"allow":["GET"]}}],"collection":[{"href":"https:\/\/twinkling.lv\/lt\/wp-json\/wp\/v2\/product"}],"about":[{"href":"https:\/\/twinkling.lv\/lt\/wp-json\/wp\/v2\/types\/product"}],"replies":[{"embeddable":true,"href":"https:\/\/twinkling.lv\/lt\/wp-json\/wp\/v2\/comments?post=23939"}],"wp:featuredmedia":[{"embeddable":true,"href":"https:\/\/twinkling.lv\/lt\/wp-json\/wp\/v2\/media\/22460"}],"wp:attachment":[{"href":"https:\/\/twinkling.lv\/lt\/wp-json\/wp\/v2\/media?parent=23939"}],"wp:term":[{"taxonomy":"product_brand","embeddable":true,"href":"https:\/\/twinkling.lv\/lt\/wp-json\/wp\/v2\/product_brand?post=23939"},{"taxonomy":"product_cat","embeddable":true,"href":"https:\/\/twinkling.lv\/lt\/wp-json\/wp\/v2\/product_cat?post=23939"},{"taxonomy":"product_tag","embeddable":true,"href":"https:\/\/twinkling.lv\/lt\/wp-json\/wp\/v2\/product_tag?post=23939"}],"curies":[{"name":"wp","href":"https:\/\/api.w.org\/{rel}","templated":true}]}}