{"id":23447,"date":"2023-12-12T04:37:59","date_gmt":"2023-12-12T01:37:59","guid":{"rendered":"https:\/\/twinkling.lv\/shop\/zeinpharma-seefischol-omega-3-1000-mg-kapsulas-140-gab\/"},"modified":"2025-02-02T00:55:43","modified_gmt":"2025-02-01T21:55:43","slug":"zeinpharma-seefischol-omega-3-1000-mg-kapsulas-140-gab","status":"publish","type":"product","link":"https:\/\/twinkling.lv\/lt\/shop\/zeinpharma-seefischol-omega-3-1000-mg-kapsulas-140-gab\/","title":{"rendered":"ZEINPHARMA Seefisch\u00f6l Omega-3 1000 mg kapsul\u0117s N140"},"content":{"rendered":"<p><strong>APIB\u016aDINIMAS<\/strong><\/p>\n<p>Auk\u0161tos kokyb\u0117s omega-3 riebal\u0173 r\u016bg\u0161tys triglicerid\u0173, turin\u010di\u0173 180 mg eicopokrantano r\u016bg\u0161ties (EPA) ir 120 mg pre-zahexaen r\u016bg\u0161ties (DHA), pavidalu.<br \/>\n\u017duv\u0173 taukai, kuriuose yra polineso\u010di\u0173j\u0173 riebal\u0173 r\u016bg\u0161\u010di\u0173 omega-3 EPA ir DHA mink\u0161tose kapsul\u0117se. EPA ir DHA prisideda prie normalaus \u0161irdies funkcionavimo. Teigiamas poveikis pasiekiamas kasdien vartojant 250 mg EPA ir DHA.<\/p>\n<p><strong>TAIKYMO B\u016aDAS<\/strong><\/p>\n<p>Suaugusiesiems rekomenduojama vartoti 2 kapsules du kartus per dien\u0105, geriausia valgymo metu, nuplauti pakankamai vandens. Nesuk\u010diauk!<br \/>\nNevir\u0161ykite rekomenduojamos dienos doz\u0117s! \u0160is produktas nepakei\u010dia pilnos ir subalansuotos dietos ir sveikos gyvenimo b\u016bdo. Nenaudokite maisto papildo kaip pakaitalo visi\u0161kos ir subalansuotos dietos bei sveikos gyvenimo b\u016bdo! Nenaudokite produkto, jei padidinote jautrum\u0105 ar alergij\u0105 bet kuriam produkto ingredientams. Laikyti vaikams nepasiekiamoje vietoje! Laikykite sandariai u\u017edaroje pakuot\u0117je, sausoje vietoje, kambario temperat\u016broje iki 30 \u00b0 C.<\/p>\n<p><strong>SUD\u0116TIS<\/strong><\/p>\n<p>\u2022 E 422 &#8211; glicerinas<br \/>\n\u2022 \u017eelatina &#8211; &#8211; mg<br \/>\n\u2022 \u0160varus vanduo &#8211; &#8211; mg<br \/>\n\u2022 \u017duv\u0173 taukai &#8211; 4000 mg<br \/>\n\u2022 Vitaminas E (D-alfa-tokoferolis) -5,3 mg \u03b1-TE<\/p>\n","protected":false},"excerpt":{"rendered":"<p><span style=\"color: #0000ff;\"><a style=\"color: #0000ff;\" href=\"https:\/\/registri.pvd.gov.lv\/ub\/dati?p_id=13518\" target=\"_blank\" rel=\"noopener\">Produkto Apra\u0161ymas<\/a><\/span><\/p>\n","protected":false},"featured_media":23180,"comment_status":"open","ping_status":"closed","template":"","meta":[],"product_brand":[],"product_cat":[1381,1382,1417,2365,1411],"product_tag":[],"class_list":{"0":"post-23447","1":"product","2":"type-product","3":"status-publish","4":"has-post-thumbnail","6":"product_cat-veselibai-lt","7":"product_cat-uztura-bagatinataji-lt","8":"product_cat-zimoli-lt","9":"product_cat-zeinpharma-lt","10":"product_cat-zivju-ella-un-omegas-lt","12":"first","13":"instock","14":"taxable","15":"shipping-taxable","16":"purchasable","17":"product-type-simple"},"yoast_head":"<!-- This site is optimized with the Yoast SEO plugin v27.4 - https:\/\/yoast.com\/product\/yoast-seo-wordpress\/ -->\n<title>ZEINPHARMA Seefisch\u00f6l Omega-3 1000 mg kapsul\u0117s N140 | Twinkling<\/title>\n<meta name=\"description\" content=\"Produkto Apra\u0161ymas\" \/>\n<meta name=\"robots\" content=\"index, follow, max-snippet:-1, max-image-preview:large, max-video-preview:-1\" \/>\n<link rel=\"canonical\" href=\"https:\/\/twinkling.lv\/lt\/shop\/zeinpharma-seefischol-omega-3-1000-mg-kapsulas-140-gab\/\" \/>\n<meta property=\"og:locale\" content=\"lt_LT\" \/>\n<meta property=\"og:type\" content=\"article\" \/>\n<meta property=\"og:title\" content=\"ZEINPHARMA Seefisch\u00f6l Omega-3 1000 mg kapsul\u0117s N140 | Twinkling\" \/>\n<meta property=\"og:description\" content=\"Produkto Apra\u0161ymas\" \/>\n<meta property=\"og:url\" content=\"https:\/\/twinkling.lv\/lt\/shop\/zeinpharma-seefischol-omega-3-1000-mg-kapsulas-140-gab\/\" \/>\n<meta property=\"og:site_name\" content=\"Twinkling\" \/>\n<meta property=\"article:modified_time\" content=\"2025-02-01T21:55:43+00:00\" \/>\n<meta property=\"og:image\" content=\"https:\/\/twinkling.lv\/wp-content\/uploads\/2023\/12\/ZEINPHARMA-Seefischol-Omega-3-1000-mg-kapsulas-140-gab.jpg\" \/>\n\t<meta property=\"og:image:width\" content=\"700\" \/>\n\t<meta property=\"og:image:height\" content=\"700\" \/>\n\t<meta property=\"og:image:type\" content=\"image\/jpeg\" \/>\n<meta name=\"twitter:card\" content=\"summary_large_image\" \/>\n<meta name=\"twitter:label1\" content=\"Est. reading time\" \/>\n\t<meta name=\"twitter:data1\" content=\"1 minut\u0117\" \/>\n<script type=\"application\/ld+json\" class=\"yoast-schema-graph\">{\"@context\":\"https:\\\/\\\/schema.org\",\"@graph\":[{\"@type\":\"WebPage\",\"@id\":\"https:\\\/\\\/twinkling.lv\\\/lt\\\/shop\\\/zeinpharma-seefischol-omega-3-1000-mg-kapsulas-140-gab\\\/\",\"url\":\"https:\\\/\\\/twinkling.lv\\\/lt\\\/shop\\\/zeinpharma-seefischol-omega-3-1000-mg-kapsulas-140-gab\\\/\",\"name\":\"ZEINPHARMA Seefisch\u00f6l Omega-3 1000 mg kapsul\u0117s N140 | Twinkling\",\"isPartOf\":{\"@id\":\"https:\\\/\\\/twinkling.lv\\\/lt\\\/#website\"},\"primaryImageOfPage\":{\"@id\":\"https:\\\/\\\/twinkling.lv\\\/lt\\\/shop\\\/zeinpharma-seefischol-omega-3-1000-mg-kapsulas-140-gab\\\/#primaryimage\"},\"image\":{\"@id\":\"https:\\\/\\\/twinkling.lv\\\/lt\\\/shop\\\/zeinpharma-seefischol-omega-3-1000-mg-kapsulas-140-gab\\\/#primaryimage\"},\"thumbnailUrl\":\"https:\\\/\\\/twinkling.lv\\\/wp-content\\\/uploads\\\/2023\\\/12\\\/ZEINPHARMA-Seefischol-Omega-3-1000-mg-kapsulas-140-gab.jpg\",\"datePublished\":\"2023-12-12T01:37:59+00:00\",\"dateModified\":\"2025-02-01T21:55:43+00:00\",\"description\":\"Produkto Apra\u0161ymas\",\"breadcrumb\":{\"@id\":\"https:\\\/\\\/twinkling.lv\\\/lt\\\/shop\\\/zeinpharma-seefischol-omega-3-1000-mg-kapsulas-140-gab\\\/#breadcrumb\"},\"inLanguage\":\"lt-LT\",\"potentialAction\":[{\"@type\":\"ReadAction\",\"target\":[\"https:\\\/\\\/twinkling.lv\\\/lt\\\/shop\\\/zeinpharma-seefischol-omega-3-1000-mg-kapsulas-140-gab\\\/\"]}]},{\"@type\":\"ImageObject\",\"inLanguage\":\"lt-LT\",\"@id\":\"https:\\\/\\\/twinkling.lv\\\/lt\\\/shop\\\/zeinpharma-seefischol-omega-3-1000-mg-kapsulas-140-gab\\\/#primaryimage\",\"url\":\"https:\\\/\\\/twinkling.lv\\\/wp-content\\\/uploads\\\/2023\\\/12\\\/ZEINPHARMA-Seefischol-Omega-3-1000-mg-kapsulas-140-gab.jpg\",\"contentUrl\":\"https:\\\/\\\/twinkling.lv\\\/wp-content\\\/uploads\\\/2023\\\/12\\\/ZEINPHARMA-Seefischol-Omega-3-1000-mg-kapsulas-140-gab.jpg\",\"width\":700,\"height\":700},{\"@type\":\"BreadcrumbList\",\"@id\":\"https:\\\/\\\/twinkling.lv\\\/lt\\\/shop\\\/zeinpharma-seefischol-omega-3-1000-mg-kapsulas-140-gab\\\/#breadcrumb\",\"itemListElement\":[{\"@type\":\"ListItem\",\"position\":1,\"name\":\"\u0413\u043b\u0430\u0432\u043d\u0430\u044f \u0441\u0442\u0440\u0430\u043d\u0438\u0446\u0430\",\"item\":\"https:\\\/\\\/twinkling.lv\\\/lt\\\/\"},{\"@type\":\"ListItem\",\"position\":2,\"name\":\"Parduotuv\u0117\",\"item\":\"https:\\\/\\\/twinkling.lv\\\/lt\\\/shop\\\/\"},{\"@type\":\"ListItem\",\"position\":3,\"name\":\"ZEINPHARMA Seefisch\u00f6l Omega-3 1000 mg kapsul\u0117s N140\"}]},{\"@type\":\"WebSite\",\"@id\":\"https:\\\/\\\/twinkling.lv\\\/lt\\\/#website\",\"url\":\"https:\\\/\\\/twinkling.lv\\\/lt\\\/\",\"name\":\"Twinkling\",\"description\":\"Health and Beauty\",\"publisher\":{\"@id\":\"https:\\\/\\\/twinkling.lv\\\/lt\\\/#organization\"},\"potentialAction\":[{\"@type\":\"SearchAction\",\"target\":{\"@type\":\"EntryPoint\",\"urlTemplate\":\"https:\\\/\\\/twinkling.lv\\\/lt\\\/?s={search_term_string}\"},\"query-input\":{\"@type\":\"PropertyValueSpecification\",\"valueRequired\":true,\"valueName\":\"search_term_string\"}}],\"inLanguage\":\"lt-LT\"},{\"@type\":\"Organization\",\"@id\":\"https:\\\/\\\/twinkling.lv\\\/lt\\\/#organization\",\"name\":\"SIA TORANS\",\"url\":\"https:\\\/\\\/twinkling.lv\\\/lt\\\/\",\"logo\":{\"@type\":\"ImageObject\",\"inLanguage\":\"lt-LT\",\"@id\":\"https:\\\/\\\/twinkling.lv\\\/lt\\\/#\\\/schema\\\/logo\\\/image\\\/\",\"url\":\"https:\\\/\\\/twinkling.lv\\\/wp-content\\\/uploads\\\/2022\\\/02\\\/twinkling-main-logo.jpg\",\"contentUrl\":\"https:\\\/\\\/twinkling.lv\\\/wp-content\\\/uploads\\\/2022\\\/02\\\/twinkling-main-logo.jpg\",\"width\":250,\"height\":100,\"caption\":\"SIA TORANS\"},\"image\":{\"@id\":\"https:\\\/\\\/twinkling.lv\\\/lt\\\/#\\\/schema\\\/logo\\\/image\\\/\"}}]}<\/script>\n<!-- \/ Yoast SEO plugin. -->","yoast_head_json":{"title":"ZEINPHARMA Seefisch\u00f6l Omega-3 1000 mg kapsul\u0117s N140 | Twinkling","description":"Produkto Apra\u0161ymas","robots":{"index":"index","follow":"follow","max-snippet":"max-snippet:-1","max-image-preview":"max-image-preview:large","max-video-preview":"max-video-preview:-1"},"canonical":"https:\/\/twinkling.lv\/lt\/shop\/zeinpharma-seefischol-omega-3-1000-mg-kapsulas-140-gab\/","og_locale":"lt_LT","og_type":"article","og_title":"ZEINPHARMA Seefisch\u00f6l Omega-3 1000 mg kapsul\u0117s N140 | Twinkling","og_description":"Produkto Apra\u0161ymas","og_url":"https:\/\/twinkling.lv\/lt\/shop\/zeinpharma-seefischol-omega-3-1000-mg-kapsulas-140-gab\/","og_site_name":"Twinkling","article_modified_time":"2025-02-01T21:55:43+00:00","og_image":[{"width":700,"height":700,"url":"https:\/\/twinkling.lv\/wp-content\/uploads\/2023\/12\/ZEINPHARMA-Seefischol-Omega-3-1000-mg-kapsulas-140-gab.jpg","type":"image\/jpeg"}],"twitter_card":"summary_large_image","twitter_misc":{"Est. reading time":"1 minut\u0117"},"schema":{"@context":"https:\/\/schema.org","@graph":[{"@type":"WebPage","@id":"https:\/\/twinkling.lv\/lt\/shop\/zeinpharma-seefischol-omega-3-1000-mg-kapsulas-140-gab\/","url":"https:\/\/twinkling.lv\/lt\/shop\/zeinpharma-seefischol-omega-3-1000-mg-kapsulas-140-gab\/","name":"ZEINPHARMA Seefisch\u00f6l Omega-3 1000 mg kapsul\u0117s N140 | Twinkling","isPartOf":{"@id":"https:\/\/twinkling.lv\/lt\/#website"},"primaryImageOfPage":{"@id":"https:\/\/twinkling.lv\/lt\/shop\/zeinpharma-seefischol-omega-3-1000-mg-kapsulas-140-gab\/#primaryimage"},"image":{"@id":"https:\/\/twinkling.lv\/lt\/shop\/zeinpharma-seefischol-omega-3-1000-mg-kapsulas-140-gab\/#primaryimage"},"thumbnailUrl":"https:\/\/twinkling.lv\/wp-content\/uploads\/2023\/12\/ZEINPHARMA-Seefischol-Omega-3-1000-mg-kapsulas-140-gab.jpg","datePublished":"2023-12-12T01:37:59+00:00","dateModified":"2025-02-01T21:55:43+00:00","description":"Produkto Apra\u0161ymas","breadcrumb":{"@id":"https:\/\/twinkling.lv\/lt\/shop\/zeinpharma-seefischol-omega-3-1000-mg-kapsulas-140-gab\/#breadcrumb"},"inLanguage":"lt-LT","potentialAction":[{"@type":"ReadAction","target":["https:\/\/twinkling.lv\/lt\/shop\/zeinpharma-seefischol-omega-3-1000-mg-kapsulas-140-gab\/"]}]},{"@type":"ImageObject","inLanguage":"lt-LT","@id":"https:\/\/twinkling.lv\/lt\/shop\/zeinpharma-seefischol-omega-3-1000-mg-kapsulas-140-gab\/#primaryimage","url":"https:\/\/twinkling.lv\/wp-content\/uploads\/2023\/12\/ZEINPHARMA-Seefischol-Omega-3-1000-mg-kapsulas-140-gab.jpg","contentUrl":"https:\/\/twinkling.lv\/wp-content\/uploads\/2023\/12\/ZEINPHARMA-Seefischol-Omega-3-1000-mg-kapsulas-140-gab.jpg","width":700,"height":700},{"@type":"BreadcrumbList","@id":"https:\/\/twinkling.lv\/lt\/shop\/zeinpharma-seefischol-omega-3-1000-mg-kapsulas-140-gab\/#breadcrumb","itemListElement":[{"@type":"ListItem","position":1,"name":"\u0413\u043b\u0430\u0432\u043d\u0430\u044f \u0441\u0442\u0440\u0430\u043d\u0438\u0446\u0430","item":"https:\/\/twinkling.lv\/lt\/"},{"@type":"ListItem","position":2,"name":"Parduotuv\u0117","item":"https:\/\/twinkling.lv\/lt\/shop\/"},{"@type":"ListItem","position":3,"name":"ZEINPHARMA Seefisch\u00f6l Omega-3 1000 mg kapsul\u0117s N140"}]},{"@type":"WebSite","@id":"https:\/\/twinkling.lv\/lt\/#website","url":"https:\/\/twinkling.lv\/lt\/","name":"Twinkling","description":"Health and Beauty","publisher":{"@id":"https:\/\/twinkling.lv\/lt\/#organization"},"potentialAction":[{"@type":"SearchAction","target":{"@type":"EntryPoint","urlTemplate":"https:\/\/twinkling.lv\/lt\/?s={search_term_string}"},"query-input":{"@type":"PropertyValueSpecification","valueRequired":true,"valueName":"search_term_string"}}],"inLanguage":"lt-LT"},{"@type":"Organization","@id":"https:\/\/twinkling.lv\/lt\/#organization","name":"SIA TORANS","url":"https:\/\/twinkling.lv\/lt\/","logo":{"@type":"ImageObject","inLanguage":"lt-LT","@id":"https:\/\/twinkling.lv\/lt\/#\/schema\/logo\/image\/","url":"https:\/\/twinkling.lv\/wp-content\/uploads\/2022\/02\/twinkling-main-logo.jpg","contentUrl":"https:\/\/twinkling.lv\/wp-content\/uploads\/2022\/02\/twinkling-main-logo.jpg","width":250,"height":100,"caption":"SIA TORANS"},"image":{"@id":"https:\/\/twinkling.lv\/lt\/#\/schema\/logo\/image\/"}}]}},"_links":{"self":[{"href":"https:\/\/twinkling.lv\/lt\/wp-json\/wp\/v2\/product\/23447","targetHints":{"allow":["GET"]}}],"collection":[{"href":"https:\/\/twinkling.lv\/lt\/wp-json\/wp\/v2\/product"}],"about":[{"href":"https:\/\/twinkling.lv\/lt\/wp-json\/wp\/v2\/types\/product"}],"replies":[{"embeddable":true,"href":"https:\/\/twinkling.lv\/lt\/wp-json\/wp\/v2\/comments?post=23447"}],"wp:featuredmedia":[{"embeddable":true,"href":"https:\/\/twinkling.lv\/lt\/wp-json\/wp\/v2\/media\/23180"}],"wp:attachment":[{"href":"https:\/\/twinkling.lv\/lt\/wp-json\/wp\/v2\/media?parent=23447"}],"wp:term":[{"taxonomy":"product_brand","embeddable":true,"href":"https:\/\/twinkling.lv\/lt\/wp-json\/wp\/v2\/product_brand?post=23447"},{"taxonomy":"product_cat","embeddable":true,"href":"https:\/\/twinkling.lv\/lt\/wp-json\/wp\/v2\/product_cat?post=23447"},{"taxonomy":"product_tag","embeddable":true,"href":"https:\/\/twinkling.lv\/lt\/wp-json\/wp\/v2\/product_tag?post=23447"}],"curies":[{"name":"wp","href":"https:\/\/api.w.org\/{rel}","templated":true}]}}