{"id":21552,"date":"2023-11-06T20:59:13","date_gmt":"2023-11-06T17:59:13","guid":{"rendered":"https:\/\/twinkling.lv\/shop\/zenyth-coenzyme-q10-100-mg-kapsulas-60-gab\/"},"modified":"2025-02-02T00:53:50","modified_gmt":"2025-02-01T21:53:50","slug":"zenyth-coenzyme-q10-100-mg-kapsulas-60-gab","status":"publish","type":"product","link":"https:\/\/twinkling.lv\/lt\/shop\/zenyth-coenzyme-q10-100-mg-kapsulas-60-gab\/","title":{"rendered":"ZENYTH Coenzyme Q10 100 mg kapsul\u0117s N60"},"content":{"rendered":"<p><strong>APIB\u016aDINIMAS<\/strong><\/p>\n<p>Nat\u016bralus antioksidantas. Skatina \u0161irdies raumen\u0173 sveikat\u0105. Skatina energijos gamyb\u0105 l\u0105stel\u0117se. Skatina \u0161irdies ir kraujagysli\u0173 sistemos sveikat\u0105.<\/p>\n<p><strong>TAIKYMO B\u016aDAS<\/strong><\/p>\n<p>Suaugusiesiems rekomenduojama vartoti 1 kapsul\u0119 1\u20132 kartus per dien\u0105 valgymo metu. Vienoje kapsul\u0117je\/dvi kapsul\u0117se yra 100 mg\/200 mg Q10 koenzimo.<br \/>\nNenaudokite produkto, jei esate n\u0117\u0161\u010dia, maitinate kr\u016btimi, sergate rimta liga (pavyzd\u017eiui, naviku) arba padid\u0117j\u0119s jautrumas bet kuriam produkto ingredientams.<br \/>\n\u0160alutinis poveikis ir s\u0105veika: Kai vartojant rekomenduojamas nepageidaujamo poveikio dozes, Nr.<br \/>\nJis gali s\u0105veikauti su geriamaisiais antidiabetiniais agentais, beta adrenoblokatoriais arba 5-HTP arba 5-hidroksiriptofanais tuo pa\u010diu metu.<br \/>\nBiologi\u0161kai aktyvaus priedo perdozavimas gali sukelti viduriavim\u0105, pykinim\u0105, b\u0117rim\u0105, dirglum\u0105, nuovarg\u012f ar nemig\u0105 (jei produktas priimamas vakare).<br \/>\n\u012esp\u0117jimas: nevir\u0161ykite rekomenduojamos dienos doz\u0117s! Nenaudokite maisto pried\u0173, kad pakeistum\u0117te vis\u0105 ir subalansuot\u0105 diet\u0105! Laikyti vaikams nepasiekiamoje vietoje!<br \/>\nSand\u0117liavimas: laikykite sandariai u\u017edaroje originalioje pakuot\u0117je, kambario temperat\u016broje, sausoje vietoje. Apsaugokite nuo tiesiogini\u0173 saul\u0117s spinduli\u0173 ir \u0161ilumos.<\/p>\n<p><strong>SUD\u0116TIS<\/strong><\/p>\n<p>\u2022 E 464 &#8211; hidroksipropilmetil -celiulioz\u0117<br \/>\n\u2022 Ry\u017ei\u0173 miltai &#8211; &#8211; mg<br \/>\n\u2022 Coenzyme Q 10 &#8211; 200 mg<\/p>\n","protected":false},"excerpt":{"rendered":"<p><span style=\"color: #0000ff;\"><a style=\"color: #0000ff;\" href=\"https:\/\/registri.pvd.gov.lv\/ub\/dati?p_id=13696\" target=\"_blank\" rel=\"noopener\">Produkto Apra\u0161ymas<\/a><\/span><\/p>\n","protected":false},"featured_media":20982,"comment_status":"open","ping_status":"closed","template":"","meta":[],"product_brand":[],"product_cat":[1381,1382,1417,1469,2165],"product_tag":[],"class_list":{"0":"post-21552","1":"product","2":"type-product","3":"status-publish","4":"has-post-thumbnail","6":"product_cat-veselibai-lt","7":"product_cat-uztura-bagatinataji-lt","8":"product_cat-zimoli-lt","9":"product_cat-sirdij-un-asinsvadu-sistemai-lt","10":"product_cat-zenyth-lt","12":"first","13":"instock","14":"taxable","15":"shipping-taxable","16":"purchasable","17":"product-type-simple"},"yoast_head":"<!-- This site is optimized with the Yoast SEO plugin v27.4 - https:\/\/yoast.com\/product\/yoast-seo-wordpress\/ -->\n<title>ZENYTH Coenzyme Q10 100 mg kapsul\u0117s N60 | Twinkling<\/title>\n<meta name=\"description\" content=\"Produkto Apra\u0161ymas\" \/>\n<meta name=\"robots\" content=\"index, follow, max-snippet:-1, max-image-preview:large, max-video-preview:-1\" \/>\n<link rel=\"canonical\" href=\"https:\/\/twinkling.lv\/lt\/shop\/zenyth-coenzyme-q10-100-mg-kapsulas-60-gab\/\" \/>\n<meta property=\"og:locale\" content=\"lt_LT\" \/>\n<meta property=\"og:type\" content=\"article\" \/>\n<meta property=\"og:title\" content=\"ZENYTH Coenzyme Q10 100 mg kapsul\u0117s N60 | Twinkling\" \/>\n<meta property=\"og:description\" content=\"Produkto Apra\u0161ymas\" \/>\n<meta property=\"og:url\" content=\"https:\/\/twinkling.lv\/lt\/shop\/zenyth-coenzyme-q10-100-mg-kapsulas-60-gab\/\" \/>\n<meta property=\"og:site_name\" content=\"Twinkling\" \/>\n<meta property=\"article:modified_time\" content=\"2025-02-01T21:53:50+00:00\" \/>\n<meta property=\"og:image\" content=\"https:\/\/twinkling.lv\/wp-content\/uploads\/2023\/11\/ZENYTH-Coenzyme-Q10-100-mg-kapsulas-60-gab.jpg\" \/>\n\t<meta property=\"og:image:width\" content=\"800\" \/>\n\t<meta property=\"og:image:height\" content=\"800\" \/>\n\t<meta property=\"og:image:type\" content=\"image\/jpeg\" \/>\n<meta name=\"twitter:card\" content=\"summary_large_image\" \/>\n<meta name=\"twitter:label1\" content=\"Est. reading time\" \/>\n\t<meta name=\"twitter:data1\" content=\"1 minut\u0117\" \/>\n<script type=\"application\/ld+json\" class=\"yoast-schema-graph\">{\"@context\":\"https:\\\/\\\/schema.org\",\"@graph\":[{\"@type\":\"WebPage\",\"@id\":\"https:\\\/\\\/twinkling.lv\\\/lt\\\/shop\\\/zenyth-coenzyme-q10-100-mg-kapsulas-60-gab\\\/\",\"url\":\"https:\\\/\\\/twinkling.lv\\\/lt\\\/shop\\\/zenyth-coenzyme-q10-100-mg-kapsulas-60-gab\\\/\",\"name\":\"ZENYTH Coenzyme Q10 100 mg kapsul\u0117s N60 | Twinkling\",\"isPartOf\":{\"@id\":\"https:\\\/\\\/twinkling.lv\\\/lt\\\/#website\"},\"primaryImageOfPage\":{\"@id\":\"https:\\\/\\\/twinkling.lv\\\/lt\\\/shop\\\/zenyth-coenzyme-q10-100-mg-kapsulas-60-gab\\\/#primaryimage\"},\"image\":{\"@id\":\"https:\\\/\\\/twinkling.lv\\\/lt\\\/shop\\\/zenyth-coenzyme-q10-100-mg-kapsulas-60-gab\\\/#primaryimage\"},\"thumbnailUrl\":\"https:\\\/\\\/twinkling.lv\\\/wp-content\\\/uploads\\\/2023\\\/11\\\/ZENYTH-Coenzyme-Q10-100-mg-kapsulas-60-gab.jpg\",\"datePublished\":\"2023-11-06T17:59:13+00:00\",\"dateModified\":\"2025-02-01T21:53:50+00:00\",\"description\":\"Produkto Apra\u0161ymas\",\"breadcrumb\":{\"@id\":\"https:\\\/\\\/twinkling.lv\\\/lt\\\/shop\\\/zenyth-coenzyme-q10-100-mg-kapsulas-60-gab\\\/#breadcrumb\"},\"inLanguage\":\"lt-LT\",\"potentialAction\":[{\"@type\":\"ReadAction\",\"target\":[\"https:\\\/\\\/twinkling.lv\\\/lt\\\/shop\\\/zenyth-coenzyme-q10-100-mg-kapsulas-60-gab\\\/\"]}]},{\"@type\":\"ImageObject\",\"inLanguage\":\"lt-LT\",\"@id\":\"https:\\\/\\\/twinkling.lv\\\/lt\\\/shop\\\/zenyth-coenzyme-q10-100-mg-kapsulas-60-gab\\\/#primaryimage\",\"url\":\"https:\\\/\\\/twinkling.lv\\\/wp-content\\\/uploads\\\/2023\\\/11\\\/ZENYTH-Coenzyme-Q10-100-mg-kapsulas-60-gab.jpg\",\"contentUrl\":\"https:\\\/\\\/twinkling.lv\\\/wp-content\\\/uploads\\\/2023\\\/11\\\/ZENYTH-Coenzyme-Q10-100-mg-kapsulas-60-gab.jpg\",\"width\":800,\"height\":800},{\"@type\":\"BreadcrumbList\",\"@id\":\"https:\\\/\\\/twinkling.lv\\\/lt\\\/shop\\\/zenyth-coenzyme-q10-100-mg-kapsulas-60-gab\\\/#breadcrumb\",\"itemListElement\":[{\"@type\":\"ListItem\",\"position\":1,\"name\":\"\u0413\u043b\u0430\u0432\u043d\u0430\u044f \u0441\u0442\u0440\u0430\u043d\u0438\u0446\u0430\",\"item\":\"https:\\\/\\\/twinkling.lv\\\/lt\\\/\"},{\"@type\":\"ListItem\",\"position\":2,\"name\":\"Parduotuv\u0117\",\"item\":\"https:\\\/\\\/twinkling.lv\\\/lt\\\/shop\\\/\"},{\"@type\":\"ListItem\",\"position\":3,\"name\":\"ZENYTH Coenzyme Q10 100 mg kapsul\u0117s N60\"}]},{\"@type\":\"WebSite\",\"@id\":\"https:\\\/\\\/twinkling.lv\\\/lt\\\/#website\",\"url\":\"https:\\\/\\\/twinkling.lv\\\/lt\\\/\",\"name\":\"Twinkling\",\"description\":\"Health and Beauty\",\"publisher\":{\"@id\":\"https:\\\/\\\/twinkling.lv\\\/lt\\\/#organization\"},\"potentialAction\":[{\"@type\":\"SearchAction\",\"target\":{\"@type\":\"EntryPoint\",\"urlTemplate\":\"https:\\\/\\\/twinkling.lv\\\/lt\\\/?s={search_term_string}\"},\"query-input\":{\"@type\":\"PropertyValueSpecification\",\"valueRequired\":true,\"valueName\":\"search_term_string\"}}],\"inLanguage\":\"lt-LT\"},{\"@type\":\"Organization\",\"@id\":\"https:\\\/\\\/twinkling.lv\\\/lt\\\/#organization\",\"name\":\"SIA TORANS\",\"url\":\"https:\\\/\\\/twinkling.lv\\\/lt\\\/\",\"logo\":{\"@type\":\"ImageObject\",\"inLanguage\":\"lt-LT\",\"@id\":\"https:\\\/\\\/twinkling.lv\\\/lt\\\/#\\\/schema\\\/logo\\\/image\\\/\",\"url\":\"https:\\\/\\\/twinkling.lv\\\/wp-content\\\/uploads\\\/2022\\\/02\\\/twinkling-main-logo.jpg\",\"contentUrl\":\"https:\\\/\\\/twinkling.lv\\\/wp-content\\\/uploads\\\/2022\\\/02\\\/twinkling-main-logo.jpg\",\"width\":250,\"height\":100,\"caption\":\"SIA TORANS\"},\"image\":{\"@id\":\"https:\\\/\\\/twinkling.lv\\\/lt\\\/#\\\/schema\\\/logo\\\/image\\\/\"}}]}<\/script>\n<!-- \/ Yoast SEO plugin. -->","yoast_head_json":{"title":"ZENYTH Coenzyme Q10 100 mg kapsul\u0117s N60 | Twinkling","description":"Produkto Apra\u0161ymas","robots":{"index":"index","follow":"follow","max-snippet":"max-snippet:-1","max-image-preview":"max-image-preview:large","max-video-preview":"max-video-preview:-1"},"canonical":"https:\/\/twinkling.lv\/lt\/shop\/zenyth-coenzyme-q10-100-mg-kapsulas-60-gab\/","og_locale":"lt_LT","og_type":"article","og_title":"ZENYTH Coenzyme Q10 100 mg kapsul\u0117s N60 | Twinkling","og_description":"Produkto Apra\u0161ymas","og_url":"https:\/\/twinkling.lv\/lt\/shop\/zenyth-coenzyme-q10-100-mg-kapsulas-60-gab\/","og_site_name":"Twinkling","article_modified_time":"2025-02-01T21:53:50+00:00","og_image":[{"width":800,"height":800,"url":"https:\/\/twinkling.lv\/wp-content\/uploads\/2023\/11\/ZENYTH-Coenzyme-Q10-100-mg-kapsulas-60-gab.jpg","type":"image\/jpeg"}],"twitter_card":"summary_large_image","twitter_misc":{"Est. reading time":"1 minut\u0117"},"schema":{"@context":"https:\/\/schema.org","@graph":[{"@type":"WebPage","@id":"https:\/\/twinkling.lv\/lt\/shop\/zenyth-coenzyme-q10-100-mg-kapsulas-60-gab\/","url":"https:\/\/twinkling.lv\/lt\/shop\/zenyth-coenzyme-q10-100-mg-kapsulas-60-gab\/","name":"ZENYTH Coenzyme Q10 100 mg kapsul\u0117s N60 | Twinkling","isPartOf":{"@id":"https:\/\/twinkling.lv\/lt\/#website"},"primaryImageOfPage":{"@id":"https:\/\/twinkling.lv\/lt\/shop\/zenyth-coenzyme-q10-100-mg-kapsulas-60-gab\/#primaryimage"},"image":{"@id":"https:\/\/twinkling.lv\/lt\/shop\/zenyth-coenzyme-q10-100-mg-kapsulas-60-gab\/#primaryimage"},"thumbnailUrl":"https:\/\/twinkling.lv\/wp-content\/uploads\/2023\/11\/ZENYTH-Coenzyme-Q10-100-mg-kapsulas-60-gab.jpg","datePublished":"2023-11-06T17:59:13+00:00","dateModified":"2025-02-01T21:53:50+00:00","description":"Produkto Apra\u0161ymas","breadcrumb":{"@id":"https:\/\/twinkling.lv\/lt\/shop\/zenyth-coenzyme-q10-100-mg-kapsulas-60-gab\/#breadcrumb"},"inLanguage":"lt-LT","potentialAction":[{"@type":"ReadAction","target":["https:\/\/twinkling.lv\/lt\/shop\/zenyth-coenzyme-q10-100-mg-kapsulas-60-gab\/"]}]},{"@type":"ImageObject","inLanguage":"lt-LT","@id":"https:\/\/twinkling.lv\/lt\/shop\/zenyth-coenzyme-q10-100-mg-kapsulas-60-gab\/#primaryimage","url":"https:\/\/twinkling.lv\/wp-content\/uploads\/2023\/11\/ZENYTH-Coenzyme-Q10-100-mg-kapsulas-60-gab.jpg","contentUrl":"https:\/\/twinkling.lv\/wp-content\/uploads\/2023\/11\/ZENYTH-Coenzyme-Q10-100-mg-kapsulas-60-gab.jpg","width":800,"height":800},{"@type":"BreadcrumbList","@id":"https:\/\/twinkling.lv\/lt\/shop\/zenyth-coenzyme-q10-100-mg-kapsulas-60-gab\/#breadcrumb","itemListElement":[{"@type":"ListItem","position":1,"name":"\u0413\u043b\u0430\u0432\u043d\u0430\u044f \u0441\u0442\u0440\u0430\u043d\u0438\u0446\u0430","item":"https:\/\/twinkling.lv\/lt\/"},{"@type":"ListItem","position":2,"name":"Parduotuv\u0117","item":"https:\/\/twinkling.lv\/lt\/shop\/"},{"@type":"ListItem","position":3,"name":"ZENYTH Coenzyme Q10 100 mg kapsul\u0117s N60"}]},{"@type":"WebSite","@id":"https:\/\/twinkling.lv\/lt\/#website","url":"https:\/\/twinkling.lv\/lt\/","name":"Twinkling","description":"Health and Beauty","publisher":{"@id":"https:\/\/twinkling.lv\/lt\/#organization"},"potentialAction":[{"@type":"SearchAction","target":{"@type":"EntryPoint","urlTemplate":"https:\/\/twinkling.lv\/lt\/?s={search_term_string}"},"query-input":{"@type":"PropertyValueSpecification","valueRequired":true,"valueName":"search_term_string"}}],"inLanguage":"lt-LT"},{"@type":"Organization","@id":"https:\/\/twinkling.lv\/lt\/#organization","name":"SIA TORANS","url":"https:\/\/twinkling.lv\/lt\/","logo":{"@type":"ImageObject","inLanguage":"lt-LT","@id":"https:\/\/twinkling.lv\/lt\/#\/schema\/logo\/image\/","url":"https:\/\/twinkling.lv\/wp-content\/uploads\/2022\/02\/twinkling-main-logo.jpg","contentUrl":"https:\/\/twinkling.lv\/wp-content\/uploads\/2022\/02\/twinkling-main-logo.jpg","width":250,"height":100,"caption":"SIA TORANS"},"image":{"@id":"https:\/\/twinkling.lv\/lt\/#\/schema\/logo\/image\/"}}]}},"_links":{"self":[{"href":"https:\/\/twinkling.lv\/lt\/wp-json\/wp\/v2\/product\/21552","targetHints":{"allow":["GET"]}}],"collection":[{"href":"https:\/\/twinkling.lv\/lt\/wp-json\/wp\/v2\/product"}],"about":[{"href":"https:\/\/twinkling.lv\/lt\/wp-json\/wp\/v2\/types\/product"}],"replies":[{"embeddable":true,"href":"https:\/\/twinkling.lv\/lt\/wp-json\/wp\/v2\/comments?post=21552"}],"wp:featuredmedia":[{"embeddable":true,"href":"https:\/\/twinkling.lv\/lt\/wp-json\/wp\/v2\/media\/20982"}],"wp:attachment":[{"href":"https:\/\/twinkling.lv\/lt\/wp-json\/wp\/v2\/media?parent=21552"}],"wp:term":[{"taxonomy":"product_brand","embeddable":true,"href":"https:\/\/twinkling.lv\/lt\/wp-json\/wp\/v2\/product_brand?post=21552"},{"taxonomy":"product_cat","embeddable":true,"href":"https:\/\/twinkling.lv\/lt\/wp-json\/wp\/v2\/product_cat?post=21552"},{"taxonomy":"product_tag","embeddable":true,"href":"https:\/\/twinkling.lv\/lt\/wp-json\/wp\/v2\/product_tag?post=21552"}],"curies":[{"name":"wp","href":"https:\/\/api.w.org\/{rel}","templated":true}]}}