{"id":17989,"date":"2023-03-03T00:59:41","date_gmt":"2023-03-02T21:59:41","guid":{"rendered":"https:\/\/twinkling.lv\/product\/vichy-dercos-energising-sampuns-pret-matu-izkrisanu-200-ml\/"},"modified":"2025-02-02T00:36:06","modified_gmt":"2025-02-01T21:36:06","slug":"vichy-dercos-energising-sampuns-pret-matu-izkrisanu-200-ml","status":"publish","type":"product","link":"https:\/\/twinkling.lv\/lt\/shop\/vichy-dercos-energising-sampuns-pret-matu-izkrisanu-200-ml\/","title":{"rendered":"VICHY DERCOS Energising \u0161amp\u016bnas nuo plauk\u0173 slinkimo 200 ml"},"content":{"rendered":"<p><strong>APIB\u016aDINIMAS<\/strong><\/p>\n<p>Dercos stimuliuojantis \u0161amp\u016bn\u0105 su amineksiliu yra tinkamas susilpnintiems, trapiems plaukams. Vis\u0173 tip\u0173 plaukams. Gali b\u016bti naudojamas vienu metu su amineksili\u0173 klinikiniu 5, kuris skatina plauk\u0173 augim\u0105. Vitaminai PP, B5 ir B6 suteikia plauk\u0173 energij\u0105 ir juos sustiprina.<\/p>\n<p><strong>TAIKYMO B\u016aDAS<\/strong><\/p>\n<p>Tepkite ant \u0161lapi\u0173 plauk\u0173 ir galvos odos, putplas\u010dio, palikite 2\u20133 minutes ir nuplaukite.<\/p>\n<p><strong>SUD\u0116TIS<\/strong><\/p>\n<p>AQUA \/ WATER- SODIUM LAURETH SULFATE- CITRIC ACID-DISODIUM COCOAMPHODIACETATE- GLYCOL DISTEARATE- SODIUM CHLORIDE- AMMONIUM HYDROXIDE- CARBOMER- DIAMINOPYRIMIDINE OXIDE- DISODIUM RICINOLEAMIDO MEA SULFOSUCCINATE- HEXYLENE GLYCOL &#8211; NIACINAMIDE- PANTHENOL- PEG-55 PROPYLENE GLYCOL OLEATE- POLYQUATERNIUM-10 &#8211; PROPYLENE GLYCOL &#8211; PYRIDOXINE HCl- SALICYLIC ACID &#8211; SODIUM BENZOATE &#8211; SODIUM GLYCOLATE- SODIUM HYDROXIDE- PARFUM \/ FRAGRANCE.<\/p>\n","protected":false},"excerpt":{"rendered":"<p>APIB\u016aDINIMAS Dercos stimuliuojantis \u0161amp\u016bn\u0105 su amineksiliu yra tinkamas susilpnintiems, trapiems plaukams. Vis\u0173 tip\u0173 plaukams. Gali b\u016bti naudojamas vienu metu su amineksili\u0173 klinikiniu 5, kuris skatina plauk\u0173 augim\u0105. Vitaminai PP, B5 ir B6 suteikia plauk\u0173 energij\u0105 ir juos sustiprina. TAIKYMO B\u016aDAS Tepkite ant \u0161lapi\u0173 plauk\u0173 ir galvos odos, putplas\u010dio, palikite 2\u20133 minutes ir nuplaukite. SUD\u0116TIS AQUA [&#8230;]\n","protected":false},"featured_media":17801,"comment_status":"closed","ping_status":"closed","template":"","meta":[],"product_brand":[],"product_cat":[1349,1417,1351,1448],"product_tag":[],"class_list":{"0":"post-17989","1":"product","2":"type-product","3":"status-publish","4":"has-post-thumbnail","6":"product_cat-matiem-lt","7":"product_cat-zimoli-lt","8":"product_cat-sampuni-lt","9":"product_cat-vichy-lt","10":"pa_adas-tips-normala-lt","11":"pa_adas-tips-sausa-lt","12":"pa_adas-tips-taukaina-lt","13":"pa_adas-tips-visiem-adas-tipiem-lt","15":"first","16":"instock","17":"taxable","18":"shipping-taxable","19":"purchasable","20":"product-type-simple"},"yoast_head":"<!-- This site is optimized with the Yoast SEO plugin v27.4 - https:\/\/yoast.com\/product\/yoast-seo-wordpress\/ -->\n<title>VICHY DERCOS Energising \u0161amp\u016bnas nuo plauk\u0173 slinkimo 200 ml | Twinkling<\/title>\n<meta name=\"description\" content=\"APIB\u016aDINIMAS Dercos stimuliuojantis \u0161amp\u016bn\u0105 su amineksiliu yra tinkamas susilpnintiems, trapiems plaukams. Vis\u0173 tip\u0173 plaukams. Gali b\u016bti naudojamas vienu\" \/>\n<meta name=\"robots\" content=\"index, follow, max-snippet:-1, max-image-preview:large, max-video-preview:-1\" \/>\n<link rel=\"canonical\" href=\"https:\/\/twinkling.lv\/lt\/shop\/vichy-dercos-energising-sampuns-pret-matu-izkrisanu-200-ml\/\" \/>\n<meta property=\"og:locale\" content=\"lt_LT\" \/>\n<meta property=\"og:type\" content=\"article\" \/>\n<meta property=\"og:title\" content=\"VICHY DERCOS Energising \u0161amp\u016bnas nuo plauk\u0173 slinkimo 200 ml | Twinkling\" \/>\n<meta property=\"og:description\" content=\"APIB\u016aDINIMAS Dercos stimuliuojantis \u0161amp\u016bn\u0105 su amineksiliu yra tinkamas susilpnintiems, trapiems plaukams. Vis\u0173 tip\u0173 plaukams. Gali b\u016bti naudojamas vienu\" \/>\n<meta property=\"og:url\" content=\"https:\/\/twinkling.lv\/lt\/shop\/vichy-dercos-energising-sampuns-pret-matu-izkrisanu-200-ml\/\" \/>\n<meta property=\"og:site_name\" content=\"Twinkling\" \/>\n<meta property=\"article:modified_time\" content=\"2025-02-01T21:36:06+00:00\" \/>\n<meta property=\"og:image\" content=\"https:\/\/twinkling.lv\/wp-content\/uploads\/2023\/03\/VICHY-DERCOS-Energising-sampuns-pret-matu-izkrisanu-200-ml-1.jpg\" \/>\n\t<meta property=\"og:image:width\" content=\"900\" \/>\n\t<meta property=\"og:image:height\" content=\"900\" \/>\n\t<meta property=\"og:image:type\" content=\"image\/jpeg\" \/>\n<meta name=\"twitter:card\" content=\"summary_large_image\" \/>\n<meta name=\"twitter:label1\" content=\"Est. reading time\" \/>\n\t<meta name=\"twitter:data1\" content=\"1 minut\u0117\" \/>\n<script type=\"application\/ld+json\" class=\"yoast-schema-graph\">{\"@context\":\"https:\\\/\\\/schema.org\",\"@graph\":[{\"@type\":\"WebPage\",\"@id\":\"https:\\\/\\\/twinkling.lv\\\/lt\\\/shop\\\/vichy-dercos-energising-sampuns-pret-matu-izkrisanu-200-ml\\\/\",\"url\":\"https:\\\/\\\/twinkling.lv\\\/lt\\\/shop\\\/vichy-dercos-energising-sampuns-pret-matu-izkrisanu-200-ml\\\/\",\"name\":\"VICHY DERCOS Energising \u0161amp\u016bnas nuo plauk\u0173 slinkimo 200 ml | Twinkling\",\"isPartOf\":{\"@id\":\"https:\\\/\\\/twinkling.lv\\\/lt\\\/#website\"},\"primaryImageOfPage\":{\"@id\":\"https:\\\/\\\/twinkling.lv\\\/lt\\\/shop\\\/vichy-dercos-energising-sampuns-pret-matu-izkrisanu-200-ml\\\/#primaryimage\"},\"image\":{\"@id\":\"https:\\\/\\\/twinkling.lv\\\/lt\\\/shop\\\/vichy-dercos-energising-sampuns-pret-matu-izkrisanu-200-ml\\\/#primaryimage\"},\"thumbnailUrl\":\"https:\\\/\\\/twinkling.lv\\\/wp-content\\\/uploads\\\/2023\\\/03\\\/VICHY-DERCOS-Energising-sampuns-pret-matu-izkrisanu-200-ml-1.jpg\",\"datePublished\":\"2023-03-02T21:59:41+00:00\",\"dateModified\":\"2025-02-01T21:36:06+00:00\",\"description\":\"APIB\u016aDINIMAS Dercos stimuliuojantis \u0161amp\u016bn\u0105 su amineksiliu yra tinkamas susilpnintiems, trapiems plaukams. Vis\u0173 tip\u0173 plaukams. Gali b\u016bti naudojamas vienu\",\"breadcrumb\":{\"@id\":\"https:\\\/\\\/twinkling.lv\\\/lt\\\/shop\\\/vichy-dercos-energising-sampuns-pret-matu-izkrisanu-200-ml\\\/#breadcrumb\"},\"inLanguage\":\"lt-LT\",\"potentialAction\":[{\"@type\":\"ReadAction\",\"target\":[\"https:\\\/\\\/twinkling.lv\\\/lt\\\/shop\\\/vichy-dercos-energising-sampuns-pret-matu-izkrisanu-200-ml\\\/\"]}]},{\"@type\":\"ImageObject\",\"inLanguage\":\"lt-LT\",\"@id\":\"https:\\\/\\\/twinkling.lv\\\/lt\\\/shop\\\/vichy-dercos-energising-sampuns-pret-matu-izkrisanu-200-ml\\\/#primaryimage\",\"url\":\"https:\\\/\\\/twinkling.lv\\\/wp-content\\\/uploads\\\/2023\\\/03\\\/VICHY-DERCOS-Energising-sampuns-pret-matu-izkrisanu-200-ml-1.jpg\",\"contentUrl\":\"https:\\\/\\\/twinkling.lv\\\/wp-content\\\/uploads\\\/2023\\\/03\\\/VICHY-DERCOS-Energising-sampuns-pret-matu-izkrisanu-200-ml-1.jpg\",\"width\":900,\"height\":900,\"caption\":\"VICHY DERCOS Energising sampuns pret matu izkrisanu 200 ml\"},{\"@type\":\"BreadcrumbList\",\"@id\":\"https:\\\/\\\/twinkling.lv\\\/lt\\\/shop\\\/vichy-dercos-energising-sampuns-pret-matu-izkrisanu-200-ml\\\/#breadcrumb\",\"itemListElement\":[{\"@type\":\"ListItem\",\"position\":1,\"name\":\"\u0413\u043b\u0430\u0432\u043d\u0430\u044f \u0441\u0442\u0440\u0430\u043d\u0438\u0446\u0430\",\"item\":\"https:\\\/\\\/twinkling.lv\\\/lt\\\/\"},{\"@type\":\"ListItem\",\"position\":2,\"name\":\"Parduotuv\u0117\",\"item\":\"https:\\\/\\\/twinkling.lv\\\/lt\\\/shop\\\/\"},{\"@type\":\"ListItem\",\"position\":3,\"name\":\"VICHY DERCOS Energising \u0161amp\u016bnas nuo plauk\u0173 slinkimo 200 ml\"}]},{\"@type\":\"WebSite\",\"@id\":\"https:\\\/\\\/twinkling.lv\\\/lt\\\/#website\",\"url\":\"https:\\\/\\\/twinkling.lv\\\/lt\\\/\",\"name\":\"Twinkling\",\"description\":\"Health and Beauty\",\"publisher\":{\"@id\":\"https:\\\/\\\/twinkling.lv\\\/lt\\\/#organization\"},\"potentialAction\":[{\"@type\":\"SearchAction\",\"target\":{\"@type\":\"EntryPoint\",\"urlTemplate\":\"https:\\\/\\\/twinkling.lv\\\/lt\\\/?s={search_term_string}\"},\"query-input\":{\"@type\":\"PropertyValueSpecification\",\"valueRequired\":true,\"valueName\":\"search_term_string\"}}],\"inLanguage\":\"lt-LT\"},{\"@type\":\"Organization\",\"@id\":\"https:\\\/\\\/twinkling.lv\\\/lt\\\/#organization\",\"name\":\"SIA TORANS\",\"url\":\"https:\\\/\\\/twinkling.lv\\\/lt\\\/\",\"logo\":{\"@type\":\"ImageObject\",\"inLanguage\":\"lt-LT\",\"@id\":\"https:\\\/\\\/twinkling.lv\\\/lt\\\/#\\\/schema\\\/logo\\\/image\\\/\",\"url\":\"https:\\\/\\\/twinkling.lv\\\/wp-content\\\/uploads\\\/2022\\\/02\\\/twinkling-main-logo.jpg\",\"contentUrl\":\"https:\\\/\\\/twinkling.lv\\\/wp-content\\\/uploads\\\/2022\\\/02\\\/twinkling-main-logo.jpg\",\"width\":250,\"height\":100,\"caption\":\"SIA TORANS\"},\"image\":{\"@id\":\"https:\\\/\\\/twinkling.lv\\\/lt\\\/#\\\/schema\\\/logo\\\/image\\\/\"}}]}<\/script>\n<!-- \/ Yoast SEO plugin. -->","yoast_head_json":{"title":"VICHY DERCOS Energising \u0161amp\u016bnas nuo plauk\u0173 slinkimo 200 ml | Twinkling","description":"APIB\u016aDINIMAS Dercos stimuliuojantis \u0161amp\u016bn\u0105 su amineksiliu yra tinkamas susilpnintiems, trapiems plaukams. Vis\u0173 tip\u0173 plaukams. Gali b\u016bti naudojamas vienu","robots":{"index":"index","follow":"follow","max-snippet":"max-snippet:-1","max-image-preview":"max-image-preview:large","max-video-preview":"max-video-preview:-1"},"canonical":"https:\/\/twinkling.lv\/lt\/shop\/vichy-dercos-energising-sampuns-pret-matu-izkrisanu-200-ml\/","og_locale":"lt_LT","og_type":"article","og_title":"VICHY DERCOS Energising \u0161amp\u016bnas nuo plauk\u0173 slinkimo 200 ml | Twinkling","og_description":"APIB\u016aDINIMAS Dercos stimuliuojantis \u0161amp\u016bn\u0105 su amineksiliu yra tinkamas susilpnintiems, trapiems plaukams. Vis\u0173 tip\u0173 plaukams. Gali b\u016bti naudojamas vienu","og_url":"https:\/\/twinkling.lv\/lt\/shop\/vichy-dercos-energising-sampuns-pret-matu-izkrisanu-200-ml\/","og_site_name":"Twinkling","article_modified_time":"2025-02-01T21:36:06+00:00","og_image":[{"width":900,"height":900,"url":"https:\/\/twinkling.lv\/wp-content\/uploads\/2023\/03\/VICHY-DERCOS-Energising-sampuns-pret-matu-izkrisanu-200-ml-1.jpg","type":"image\/jpeg"}],"twitter_card":"summary_large_image","twitter_misc":{"Est. reading time":"1 minut\u0117"},"schema":{"@context":"https:\/\/schema.org","@graph":[{"@type":"WebPage","@id":"https:\/\/twinkling.lv\/lt\/shop\/vichy-dercos-energising-sampuns-pret-matu-izkrisanu-200-ml\/","url":"https:\/\/twinkling.lv\/lt\/shop\/vichy-dercos-energising-sampuns-pret-matu-izkrisanu-200-ml\/","name":"VICHY DERCOS Energising \u0161amp\u016bnas nuo plauk\u0173 slinkimo 200 ml | Twinkling","isPartOf":{"@id":"https:\/\/twinkling.lv\/lt\/#website"},"primaryImageOfPage":{"@id":"https:\/\/twinkling.lv\/lt\/shop\/vichy-dercos-energising-sampuns-pret-matu-izkrisanu-200-ml\/#primaryimage"},"image":{"@id":"https:\/\/twinkling.lv\/lt\/shop\/vichy-dercos-energising-sampuns-pret-matu-izkrisanu-200-ml\/#primaryimage"},"thumbnailUrl":"https:\/\/twinkling.lv\/wp-content\/uploads\/2023\/03\/VICHY-DERCOS-Energising-sampuns-pret-matu-izkrisanu-200-ml-1.jpg","datePublished":"2023-03-02T21:59:41+00:00","dateModified":"2025-02-01T21:36:06+00:00","description":"APIB\u016aDINIMAS Dercos stimuliuojantis \u0161amp\u016bn\u0105 su amineksiliu yra tinkamas susilpnintiems, trapiems plaukams. Vis\u0173 tip\u0173 plaukams. Gali b\u016bti naudojamas vienu","breadcrumb":{"@id":"https:\/\/twinkling.lv\/lt\/shop\/vichy-dercos-energising-sampuns-pret-matu-izkrisanu-200-ml\/#breadcrumb"},"inLanguage":"lt-LT","potentialAction":[{"@type":"ReadAction","target":["https:\/\/twinkling.lv\/lt\/shop\/vichy-dercos-energising-sampuns-pret-matu-izkrisanu-200-ml\/"]}]},{"@type":"ImageObject","inLanguage":"lt-LT","@id":"https:\/\/twinkling.lv\/lt\/shop\/vichy-dercos-energising-sampuns-pret-matu-izkrisanu-200-ml\/#primaryimage","url":"https:\/\/twinkling.lv\/wp-content\/uploads\/2023\/03\/VICHY-DERCOS-Energising-sampuns-pret-matu-izkrisanu-200-ml-1.jpg","contentUrl":"https:\/\/twinkling.lv\/wp-content\/uploads\/2023\/03\/VICHY-DERCOS-Energising-sampuns-pret-matu-izkrisanu-200-ml-1.jpg","width":900,"height":900,"caption":"VICHY DERCOS Energising sampuns pret matu izkrisanu 200 ml"},{"@type":"BreadcrumbList","@id":"https:\/\/twinkling.lv\/lt\/shop\/vichy-dercos-energising-sampuns-pret-matu-izkrisanu-200-ml\/#breadcrumb","itemListElement":[{"@type":"ListItem","position":1,"name":"\u0413\u043b\u0430\u0432\u043d\u0430\u044f \u0441\u0442\u0440\u0430\u043d\u0438\u0446\u0430","item":"https:\/\/twinkling.lv\/lt\/"},{"@type":"ListItem","position":2,"name":"Parduotuv\u0117","item":"https:\/\/twinkling.lv\/lt\/shop\/"},{"@type":"ListItem","position":3,"name":"VICHY DERCOS Energising \u0161amp\u016bnas nuo plauk\u0173 slinkimo 200 ml"}]},{"@type":"WebSite","@id":"https:\/\/twinkling.lv\/lt\/#website","url":"https:\/\/twinkling.lv\/lt\/","name":"Twinkling","description":"Health and Beauty","publisher":{"@id":"https:\/\/twinkling.lv\/lt\/#organization"},"potentialAction":[{"@type":"SearchAction","target":{"@type":"EntryPoint","urlTemplate":"https:\/\/twinkling.lv\/lt\/?s={search_term_string}"},"query-input":{"@type":"PropertyValueSpecification","valueRequired":true,"valueName":"search_term_string"}}],"inLanguage":"lt-LT"},{"@type":"Organization","@id":"https:\/\/twinkling.lv\/lt\/#organization","name":"SIA TORANS","url":"https:\/\/twinkling.lv\/lt\/","logo":{"@type":"ImageObject","inLanguage":"lt-LT","@id":"https:\/\/twinkling.lv\/lt\/#\/schema\/logo\/image\/","url":"https:\/\/twinkling.lv\/wp-content\/uploads\/2022\/02\/twinkling-main-logo.jpg","contentUrl":"https:\/\/twinkling.lv\/wp-content\/uploads\/2022\/02\/twinkling-main-logo.jpg","width":250,"height":100,"caption":"SIA TORANS"},"image":{"@id":"https:\/\/twinkling.lv\/lt\/#\/schema\/logo\/image\/"}}]}},"_links":{"self":[{"href":"https:\/\/twinkling.lv\/lt\/wp-json\/wp\/v2\/product\/17989","targetHints":{"allow":["GET"]}}],"collection":[{"href":"https:\/\/twinkling.lv\/lt\/wp-json\/wp\/v2\/product"}],"about":[{"href":"https:\/\/twinkling.lv\/lt\/wp-json\/wp\/v2\/types\/product"}],"replies":[{"embeddable":true,"href":"https:\/\/twinkling.lv\/lt\/wp-json\/wp\/v2\/comments?post=17989"}],"wp:featuredmedia":[{"embeddable":true,"href":"https:\/\/twinkling.lv\/lt\/wp-json\/wp\/v2\/media\/17801"}],"wp:attachment":[{"href":"https:\/\/twinkling.lv\/lt\/wp-json\/wp\/v2\/media?parent=17989"}],"wp:term":[{"taxonomy":"product_brand","embeddable":true,"href":"https:\/\/twinkling.lv\/lt\/wp-json\/wp\/v2\/product_brand?post=17989"},{"taxonomy":"product_cat","embeddable":true,"href":"https:\/\/twinkling.lv\/lt\/wp-json\/wp\/v2\/product_cat?post=17989"},{"taxonomy":"product_tag","embeddable":true,"href":"https:\/\/twinkling.lv\/lt\/wp-json\/wp\/v2\/product_tag?post=17989"}],"curies":[{"name":"wp","href":"https:\/\/api.w.org\/{rel}","templated":true}]}}