{"id":14259,"date":"2021-06-24T21:14:32","date_gmt":"2021-06-24T18:14:32","guid":{"rendered":"https:\/\/twinkling.lv\/shop\/institut-esthederm-osmoclean-kosmetikas-nonemejs-udensnoturigam-grimam-125-ml\/"},"modified":"2025-02-02T00:31:57","modified_gmt":"2025-02-01T21:31:57","slug":"institut-esthederm-osmoclean-kosmetikas-nonemejs-udensnoturigam-grimam-125-ml","status":"publish","type":"product","link":"https:\/\/twinkling.lv\/lt\/shop\/institut-esthederm-osmoclean-kosmetikas-nonemejs-udensnoturigam-grimam-125-ml\/","title":{"rendered":"Institut Esthederm Osmoclean Kosmetikos valiklis \u2013 vandeniui atspariam makia\u017eui 125 ml"},"content":{"rendered":"<p><strong>APIB\u016aDINIMAS<\/strong><\/p>\n<p>Dviej\u0173 fazi\u0173 vaistas nuo kosmetikos pa\u0161alinimo visi\u0161kai harmonijoje su oda, leid\u017eianti net ir sunkiausi\u0105 ir subtiliausi\u0105 od\u0105 nesijaudinti pa\u0161alinant vandeniui atspar\u0173 makia\u017e\u0105: jautrioms akims, kontaktini\u0173 l\u0119\u0161i\u0173 ne\u0161\u0117jams, trapioms ir u\u017edegimoms l\u016bpoms. Patentuotas odos balanso sistemos kompleksas skatina nat\u016bralaus odos antiseptik\u0105 ir nauding\u0173 bakterij\u0173 dauginimosi aktyvavim\u0105, kuris atkuria nat\u016bral\u0173 epidermio mikroflor\u0105 ir sustiprina jo apsaugines funkcijas; Auk\u0161tos tolerancijos valymo pagrindas atsargiai i\u0161valo od\u0105, i\u0161laikydama optimal\u0173 dr\u0117gm\u0117s lyg\u012f. Lengvai ir atsargiai i\u0161valo net stabiliausi\u0105 kosmetik\u0105.<\/p>\n<p><strong>TAIKYMO B\u016aDAS<\/strong><\/p>\n<p>Prie\u0161 naudojim\u0105 purtykite, kol visi\u0161kai susimai\u0161ys! Tepkite akis ir l\u016bpas, naudodami medvilninius trinkeles, skirtas de-Makijuga. Kelias sekundes laik\u0119s, prinok\u0119s netgi ypa\u010d stabili kosmetika su keliais lengvaisiais judesiais. Siekdami optimalaus efekto &#8211; prie\u0161 tepdami dviej\u0173 fazi\u0173 valymo priemon\u0119 ant medviln\u0117s pado, pabarstykite j\u012f su esthederm su l\u0105steli\u0173 vandeniu.<\/p>\n<p><strong>SUD\u0116TIS<\/strong><\/p>\n<p>AQUA\/WATER\/EAU*, ISOHEXADECANE, BUTYLENE GLYCOL, CYCLOPENTASILOXANE, CYCLOHEXASILOXANE, SODIUM CHLORIDE, FRUCTOOLIGOSACCHARIDES, CAPRYLYL\/CAPRYL GLUCOSIDE, DIPOTASSIUM PHOSPHATE, PROPYLENE GLYCOL, GLYCERIN, AMINOETHANESULFINIC ACID, CARNOSINE, PEUMUS BOLDUS LEAF EXTRACT, ALGAE EXTRACT, DISODIUM ADENOSINE TRIPHOSPHATE, PENTYLENE GLYCOL, 1,2-HEXANEDIOL, CAPRYLYL GLYCOL, POTASSIUM PHOSPHATE, COPPER GLUCONATE, XANTHAN GUM, DISODIUM EDTA, PHENOXYETHANOL. [ES011+ES012]* CELLULAR WATER (AQUA\/DISODIUM ADENOSINE TRIPHOSPHATE\/CARNOSINE\/MINERAL SALTS)<\/p>\n","protected":false},"excerpt":{"rendered":"<p>APIB\u016aDINIMAS Dviej\u0173 fazi\u0173 vaistas nuo kosmetikos pa\u0161alinimo visi\u0161kai harmonijoje su oda, leid\u017eianti net ir sunkiausi\u0105 ir subtiliausi\u0105 od\u0105 nesijaudinti pa\u0161alinant vandeniui atspar\u0173 makia\u017e\u0105: jautrioms akims, kontaktini\u0173 l\u0119\u0161i\u0173 ne\u0161\u0117jams, trapioms ir u\u017edegimoms l\u016bpoms. Patentuotas odos balanso sistemos kompleksas skatina nat\u016bralaus odos antiseptik\u0105 ir nauding\u0173 bakterij\u0173 dauginimosi aktyvavim\u0105, kuris atkuria nat\u016bral\u0173 epidermio mikroflor\u0105 ir sustiprina jo apsaugines [&#8230;]\n","protected":false},"featured_media":11733,"comment_status":"closed","ping_status":"closed","template":"","meta":[],"product_brand":[],"product_cat":[1376,1521,1360,1417,1439],"product_tag":[],"class_list":{"0":"post-14259","1":"product","2":"type-product","3":"status-publish","4":"has-post-thumbnail","6":"product_cat-acis-lt","7":"product_cat-institut-esthederm-lt","8":"product_cat-adas-kopsana-lt","9":"product_cat-zimoli-lt","10":"product_cat-attirosie-lidzekli-lt","11":"pa_adas-tips-jutiga-lt","12":"pa_adas-tips-kombineta-lt","13":"pa_adas-tips-normala-lt","14":"pa_adas-tips-sausa-lt","16":"first","17":"instock","18":"taxable","19":"shipping-taxable","20":"purchasable","21":"product-type-simple"},"yoast_head":"<!-- This site is optimized with the Yoast SEO plugin v27.4 - https:\/\/yoast.com\/product\/yoast-seo-wordpress\/ -->\n<title>Institut Esthederm Osmoclean Kosmetikos valiklis \u2013 vandeniui atspariam makia\u017eui 125 ml | Twinkling<\/title>\n<meta name=\"description\" content=\"APIB\u016aDINIMAS Dviej\u0173 fazi\u0173 vaistas nuo kosmetikos pa\u0161alinimo visi\u0161kai harmonijoje su oda, leid\u017eianti net ir sunkiausi\u0105 ir subtiliausi\u0105 od\u0105 nesijaudinti\" \/>\n<meta name=\"robots\" content=\"index, follow, max-snippet:-1, max-image-preview:large, max-video-preview:-1\" \/>\n<link rel=\"canonical\" href=\"https:\/\/twinkling.lv\/lt\/shop\/institut-esthederm-osmoclean-kosmetikas-nonemejs-udensnoturigam-grimam-125-ml\/\" \/>\n<meta property=\"og:locale\" content=\"lt_LT\" \/>\n<meta property=\"og:type\" content=\"article\" \/>\n<meta property=\"og:title\" content=\"Institut Esthederm Osmoclean Kosmetikos valiklis \u2013 vandeniui atspariam makia\u017eui 125 ml | Twinkling\" \/>\n<meta property=\"og:description\" content=\"APIB\u016aDINIMAS Dviej\u0173 fazi\u0173 vaistas nuo kosmetikos pa\u0161alinimo visi\u0161kai harmonijoje su oda, leid\u017eianti net ir sunkiausi\u0105 ir subtiliausi\u0105 od\u0105 nesijaudinti\" \/>\n<meta property=\"og:url\" content=\"https:\/\/twinkling.lv\/lt\/shop\/institut-esthederm-osmoclean-kosmetikas-nonemejs-udensnoturigam-grimam-125-ml\/\" \/>\n<meta property=\"og:site_name\" content=\"Twinkling\" \/>\n<meta property=\"article:modified_time\" content=\"2025-02-01T21:31:57+00:00\" \/>\n<meta property=\"og:image\" content=\"https:\/\/twinkling.lv\/wp-content\/uploads\/2021\/06\/Institut-Esthederm-Osmoclean-Kosmetikas-nonemejs-udensnoturigam-grimam-125-ml.jpg\" \/>\n\t<meta property=\"og:image:width\" content=\"1000\" \/>\n\t<meta property=\"og:image:height\" content=\"1000\" \/>\n\t<meta property=\"og:image:type\" content=\"image\/jpeg\" \/>\n<meta name=\"twitter:card\" content=\"summary_large_image\" \/>\n<meta name=\"twitter:label1\" content=\"Est. reading time\" \/>\n\t<meta name=\"twitter:data1\" content=\"1 minut\u0117\" \/>\n<script type=\"application\/ld+json\" class=\"yoast-schema-graph\">{\"@context\":\"https:\\\/\\\/schema.org\",\"@graph\":[{\"@type\":\"WebPage\",\"@id\":\"https:\\\/\\\/twinkling.lv\\\/lt\\\/shop\\\/institut-esthederm-osmoclean-kosmetikas-nonemejs-udensnoturigam-grimam-125-ml\\\/\",\"url\":\"https:\\\/\\\/twinkling.lv\\\/lt\\\/shop\\\/institut-esthederm-osmoclean-kosmetikas-nonemejs-udensnoturigam-grimam-125-ml\\\/\",\"name\":\"Institut Esthederm Osmoclean Kosmetikos valiklis \u2013 vandeniui atspariam makia\u017eui 125 ml | Twinkling\",\"isPartOf\":{\"@id\":\"https:\\\/\\\/twinkling.lv\\\/lt\\\/#website\"},\"primaryImageOfPage\":{\"@id\":\"https:\\\/\\\/twinkling.lv\\\/lt\\\/shop\\\/institut-esthederm-osmoclean-kosmetikas-nonemejs-udensnoturigam-grimam-125-ml\\\/#primaryimage\"},\"image\":{\"@id\":\"https:\\\/\\\/twinkling.lv\\\/lt\\\/shop\\\/institut-esthederm-osmoclean-kosmetikas-nonemejs-udensnoturigam-grimam-125-ml\\\/#primaryimage\"},\"thumbnailUrl\":\"https:\\\/\\\/twinkling.lv\\\/wp-content\\\/uploads\\\/2021\\\/06\\\/Institut-Esthederm-Osmoclean-Kosmetikas-nonemejs-udensnoturigam-grimam-125-ml.jpg\",\"datePublished\":\"2021-06-24T18:14:32+00:00\",\"dateModified\":\"2025-02-01T21:31:57+00:00\",\"description\":\"APIB\u016aDINIMAS Dviej\u0173 fazi\u0173 vaistas nuo kosmetikos pa\u0161alinimo visi\u0161kai harmonijoje su oda, leid\u017eianti net ir sunkiausi\u0105 ir subtiliausi\u0105 od\u0105 nesijaudinti\",\"breadcrumb\":{\"@id\":\"https:\\\/\\\/twinkling.lv\\\/lt\\\/shop\\\/institut-esthederm-osmoclean-kosmetikas-nonemejs-udensnoturigam-grimam-125-ml\\\/#breadcrumb\"},\"inLanguage\":\"lt-LT\",\"potentialAction\":[{\"@type\":\"ReadAction\",\"target\":[\"https:\\\/\\\/twinkling.lv\\\/lt\\\/shop\\\/institut-esthederm-osmoclean-kosmetikas-nonemejs-udensnoturigam-grimam-125-ml\\\/\"]}]},{\"@type\":\"ImageObject\",\"inLanguage\":\"lt-LT\",\"@id\":\"https:\\\/\\\/twinkling.lv\\\/lt\\\/shop\\\/institut-esthederm-osmoclean-kosmetikas-nonemejs-udensnoturigam-grimam-125-ml\\\/#primaryimage\",\"url\":\"https:\\\/\\\/twinkling.lv\\\/wp-content\\\/uploads\\\/2021\\\/06\\\/Institut-Esthederm-Osmoclean-Kosmetikas-nonemejs-udensnoturigam-grimam-125-ml.jpg\",\"contentUrl\":\"https:\\\/\\\/twinkling.lv\\\/wp-content\\\/uploads\\\/2021\\\/06\\\/Institut-Esthederm-Osmoclean-Kosmetikas-nonemejs-udensnoturigam-grimam-125-ml.jpg\",\"width\":1000,\"height\":1000,\"caption\":\"Institut Esthederm Osmoclean \u041aosmetikas nonemejs udensnoturigam grimam 125 ml\"},{\"@type\":\"BreadcrumbList\",\"@id\":\"https:\\\/\\\/twinkling.lv\\\/lt\\\/shop\\\/institut-esthederm-osmoclean-kosmetikas-nonemejs-udensnoturigam-grimam-125-ml\\\/#breadcrumb\",\"itemListElement\":[{\"@type\":\"ListItem\",\"position\":1,\"name\":\"\u0413\u043b\u0430\u0432\u043d\u0430\u044f \u0441\u0442\u0440\u0430\u043d\u0438\u0446\u0430\",\"item\":\"https:\\\/\\\/twinkling.lv\\\/lt\\\/\"},{\"@type\":\"ListItem\",\"position\":2,\"name\":\"Parduotuv\u0117\",\"item\":\"https:\\\/\\\/twinkling.lv\\\/lt\\\/shop\\\/\"},{\"@type\":\"ListItem\",\"position\":3,\"name\":\"Institut Esthederm Osmoclean Kosmetikos valiklis \u2013 vandeniui atspariam makia\u017eui 125 ml\"}]},{\"@type\":\"WebSite\",\"@id\":\"https:\\\/\\\/twinkling.lv\\\/lt\\\/#website\",\"url\":\"https:\\\/\\\/twinkling.lv\\\/lt\\\/\",\"name\":\"Twinkling\",\"description\":\"Health and Beauty\",\"publisher\":{\"@id\":\"https:\\\/\\\/twinkling.lv\\\/lt\\\/#organization\"},\"potentialAction\":[{\"@type\":\"SearchAction\",\"target\":{\"@type\":\"EntryPoint\",\"urlTemplate\":\"https:\\\/\\\/twinkling.lv\\\/lt\\\/?s={search_term_string}\"},\"query-input\":{\"@type\":\"PropertyValueSpecification\",\"valueRequired\":true,\"valueName\":\"search_term_string\"}}],\"inLanguage\":\"lt-LT\"},{\"@type\":\"Organization\",\"@id\":\"https:\\\/\\\/twinkling.lv\\\/lt\\\/#organization\",\"name\":\"SIA TORANS\",\"url\":\"https:\\\/\\\/twinkling.lv\\\/lt\\\/\",\"logo\":{\"@type\":\"ImageObject\",\"inLanguage\":\"lt-LT\",\"@id\":\"https:\\\/\\\/twinkling.lv\\\/lt\\\/#\\\/schema\\\/logo\\\/image\\\/\",\"url\":\"https:\\\/\\\/twinkling.lv\\\/wp-content\\\/uploads\\\/2022\\\/02\\\/twinkling-main-logo.jpg\",\"contentUrl\":\"https:\\\/\\\/twinkling.lv\\\/wp-content\\\/uploads\\\/2022\\\/02\\\/twinkling-main-logo.jpg\",\"width\":250,\"height\":100,\"caption\":\"SIA TORANS\"},\"image\":{\"@id\":\"https:\\\/\\\/twinkling.lv\\\/lt\\\/#\\\/schema\\\/logo\\\/image\\\/\"}}]}<\/script>\n<!-- \/ Yoast SEO plugin. -->","yoast_head_json":{"title":"Institut Esthederm Osmoclean Kosmetikos valiklis \u2013 vandeniui atspariam makia\u017eui 125 ml | Twinkling","description":"APIB\u016aDINIMAS Dviej\u0173 fazi\u0173 vaistas nuo kosmetikos pa\u0161alinimo visi\u0161kai harmonijoje su oda, leid\u017eianti net ir sunkiausi\u0105 ir subtiliausi\u0105 od\u0105 nesijaudinti","robots":{"index":"index","follow":"follow","max-snippet":"max-snippet:-1","max-image-preview":"max-image-preview:large","max-video-preview":"max-video-preview:-1"},"canonical":"https:\/\/twinkling.lv\/lt\/shop\/institut-esthederm-osmoclean-kosmetikas-nonemejs-udensnoturigam-grimam-125-ml\/","og_locale":"lt_LT","og_type":"article","og_title":"Institut Esthederm Osmoclean Kosmetikos valiklis \u2013 vandeniui atspariam makia\u017eui 125 ml | Twinkling","og_description":"APIB\u016aDINIMAS Dviej\u0173 fazi\u0173 vaistas nuo kosmetikos pa\u0161alinimo visi\u0161kai harmonijoje su oda, leid\u017eianti net ir sunkiausi\u0105 ir subtiliausi\u0105 od\u0105 nesijaudinti","og_url":"https:\/\/twinkling.lv\/lt\/shop\/institut-esthederm-osmoclean-kosmetikas-nonemejs-udensnoturigam-grimam-125-ml\/","og_site_name":"Twinkling","article_modified_time":"2025-02-01T21:31:57+00:00","og_image":[{"width":1000,"height":1000,"url":"https:\/\/twinkling.lv\/wp-content\/uploads\/2021\/06\/Institut-Esthederm-Osmoclean-Kosmetikas-nonemejs-udensnoturigam-grimam-125-ml.jpg","type":"image\/jpeg"}],"twitter_card":"summary_large_image","twitter_misc":{"Est. reading time":"1 minut\u0117"},"schema":{"@context":"https:\/\/schema.org","@graph":[{"@type":"WebPage","@id":"https:\/\/twinkling.lv\/lt\/shop\/institut-esthederm-osmoclean-kosmetikas-nonemejs-udensnoturigam-grimam-125-ml\/","url":"https:\/\/twinkling.lv\/lt\/shop\/institut-esthederm-osmoclean-kosmetikas-nonemejs-udensnoturigam-grimam-125-ml\/","name":"Institut Esthederm Osmoclean Kosmetikos valiklis \u2013 vandeniui atspariam makia\u017eui 125 ml | Twinkling","isPartOf":{"@id":"https:\/\/twinkling.lv\/lt\/#website"},"primaryImageOfPage":{"@id":"https:\/\/twinkling.lv\/lt\/shop\/institut-esthederm-osmoclean-kosmetikas-nonemejs-udensnoturigam-grimam-125-ml\/#primaryimage"},"image":{"@id":"https:\/\/twinkling.lv\/lt\/shop\/institut-esthederm-osmoclean-kosmetikas-nonemejs-udensnoturigam-grimam-125-ml\/#primaryimage"},"thumbnailUrl":"https:\/\/twinkling.lv\/wp-content\/uploads\/2021\/06\/Institut-Esthederm-Osmoclean-Kosmetikas-nonemejs-udensnoturigam-grimam-125-ml.jpg","datePublished":"2021-06-24T18:14:32+00:00","dateModified":"2025-02-01T21:31:57+00:00","description":"APIB\u016aDINIMAS Dviej\u0173 fazi\u0173 vaistas nuo kosmetikos pa\u0161alinimo visi\u0161kai harmonijoje su oda, leid\u017eianti net ir sunkiausi\u0105 ir subtiliausi\u0105 od\u0105 nesijaudinti","breadcrumb":{"@id":"https:\/\/twinkling.lv\/lt\/shop\/institut-esthederm-osmoclean-kosmetikas-nonemejs-udensnoturigam-grimam-125-ml\/#breadcrumb"},"inLanguage":"lt-LT","potentialAction":[{"@type":"ReadAction","target":["https:\/\/twinkling.lv\/lt\/shop\/institut-esthederm-osmoclean-kosmetikas-nonemejs-udensnoturigam-grimam-125-ml\/"]}]},{"@type":"ImageObject","inLanguage":"lt-LT","@id":"https:\/\/twinkling.lv\/lt\/shop\/institut-esthederm-osmoclean-kosmetikas-nonemejs-udensnoturigam-grimam-125-ml\/#primaryimage","url":"https:\/\/twinkling.lv\/wp-content\/uploads\/2021\/06\/Institut-Esthederm-Osmoclean-Kosmetikas-nonemejs-udensnoturigam-grimam-125-ml.jpg","contentUrl":"https:\/\/twinkling.lv\/wp-content\/uploads\/2021\/06\/Institut-Esthederm-Osmoclean-Kosmetikas-nonemejs-udensnoturigam-grimam-125-ml.jpg","width":1000,"height":1000,"caption":"Institut Esthederm Osmoclean \u041aosmetikas nonemejs udensnoturigam grimam 125 ml"},{"@type":"BreadcrumbList","@id":"https:\/\/twinkling.lv\/lt\/shop\/institut-esthederm-osmoclean-kosmetikas-nonemejs-udensnoturigam-grimam-125-ml\/#breadcrumb","itemListElement":[{"@type":"ListItem","position":1,"name":"\u0413\u043b\u0430\u0432\u043d\u0430\u044f \u0441\u0442\u0440\u0430\u043d\u0438\u0446\u0430","item":"https:\/\/twinkling.lv\/lt\/"},{"@type":"ListItem","position":2,"name":"Parduotuv\u0117","item":"https:\/\/twinkling.lv\/lt\/shop\/"},{"@type":"ListItem","position":3,"name":"Institut Esthederm Osmoclean Kosmetikos valiklis \u2013 vandeniui atspariam makia\u017eui 125 ml"}]},{"@type":"WebSite","@id":"https:\/\/twinkling.lv\/lt\/#website","url":"https:\/\/twinkling.lv\/lt\/","name":"Twinkling","description":"Health and Beauty","publisher":{"@id":"https:\/\/twinkling.lv\/lt\/#organization"},"potentialAction":[{"@type":"SearchAction","target":{"@type":"EntryPoint","urlTemplate":"https:\/\/twinkling.lv\/lt\/?s={search_term_string}"},"query-input":{"@type":"PropertyValueSpecification","valueRequired":true,"valueName":"search_term_string"}}],"inLanguage":"lt-LT"},{"@type":"Organization","@id":"https:\/\/twinkling.lv\/lt\/#organization","name":"SIA TORANS","url":"https:\/\/twinkling.lv\/lt\/","logo":{"@type":"ImageObject","inLanguage":"lt-LT","@id":"https:\/\/twinkling.lv\/lt\/#\/schema\/logo\/image\/","url":"https:\/\/twinkling.lv\/wp-content\/uploads\/2022\/02\/twinkling-main-logo.jpg","contentUrl":"https:\/\/twinkling.lv\/wp-content\/uploads\/2022\/02\/twinkling-main-logo.jpg","width":250,"height":100,"caption":"SIA TORANS"},"image":{"@id":"https:\/\/twinkling.lv\/lt\/#\/schema\/logo\/image\/"}}]}},"_links":{"self":[{"href":"https:\/\/twinkling.lv\/lt\/wp-json\/wp\/v2\/product\/14259","targetHints":{"allow":["GET"]}}],"collection":[{"href":"https:\/\/twinkling.lv\/lt\/wp-json\/wp\/v2\/product"}],"about":[{"href":"https:\/\/twinkling.lv\/lt\/wp-json\/wp\/v2\/types\/product"}],"replies":[{"embeddable":true,"href":"https:\/\/twinkling.lv\/lt\/wp-json\/wp\/v2\/comments?post=14259"}],"wp:featuredmedia":[{"embeddable":true,"href":"https:\/\/twinkling.lv\/lt\/wp-json\/wp\/v2\/media\/11733"}],"wp:attachment":[{"href":"https:\/\/twinkling.lv\/lt\/wp-json\/wp\/v2\/media?parent=14259"}],"wp:term":[{"taxonomy":"product_brand","embeddable":true,"href":"https:\/\/twinkling.lv\/lt\/wp-json\/wp\/v2\/product_brand?post=14259"},{"taxonomy":"product_cat","embeddable":true,"href":"https:\/\/twinkling.lv\/lt\/wp-json\/wp\/v2\/product_cat?post=14259"},{"taxonomy":"product_tag","embeddable":true,"href":"https:\/\/twinkling.lv\/lt\/wp-json\/wp\/v2\/product_tag?post=14259"}],"curies":[{"name":"wp","href":"https:\/\/api.w.org\/{rel}","templated":true}]}}