{"id":14035,"date":"2021-08-15T19:32:03","date_gmt":"2021-08-15T16:32:03","guid":{"rendered":"https:\/\/twinkling.lv\/shop\/vichy-aqualia-thermal-rich-mitrinoss-krems-sausai-adai-50-ml\/"},"modified":"2025-02-02T00:35:26","modified_gmt":"2025-02-01T21:35:26","slug":"vichy-aqualia-thermal-rich-mitrinoss-krems-sausai-adai-50-ml","status":"publish","type":"product","link":"https:\/\/twinkling.lv\/lt\/shop\/vichy-aqualia-thermal-rich-mitrinoss-krems-sausai-adai-50-ml\/","title":{"rendered":"VICHY Aqualia Thermal Rich dr\u0117kinantis kremas  sausas oda 50 ml"},"content":{"rendered":"<p><strong>APIB\u016aDINIMAS<\/strong><\/p>\n<p>D\u0117l atnaujintos formul\u0117s \u201eVichy Aqualia\u201c \u0161iluminis turtingas kremas prisotina saus\u0105 ir labai saus\u0105 od\u0105, reikaling\u0105 dr\u0117gm\u0119, ramina ir su\u0161velnina. Suteikia 48 valandas odos dr\u0117gm\u0117s. 97% nat\u016bralios kilm\u0117s \u201eAqualia\u201c \u0161iluminis prisotintas kremas, kurio kompetentingas derinys suteikia odai komforto poj\u016bt\u012f ir i\u0161lygina ma\u017eas rauk\u0161les. Lik\u0119 3% u\u017etikrina produkto kokyb\u0117s ir \u0161viesos tekst\u016bros i\u0161saugojim\u0105. Hialurono r\u016bg\u0161tis ilg\u0105 laik\u0105 dr\u0117kina od\u0105 ir padidina jos barjerines savybes; Mannoz\u0117s cukrus yra nat\u016bralus dr\u0117kinamasis komponentas, skatinantis l\u0105steli\u0173 regeneracij\u0105; \u0160iluminis vulkanin\u0117s kilm\u0117s vanduo efektyviai sustiprina od\u0105, ramina ir padeda odai kovoti su agresyviais aplinkos veiksniais. Hipoalerginis. Dermatologi\u0161kai patikrintas. Tinka jautriai odai.<\/p>\n<p><strong>TAIKYMO B\u016aDAS<\/strong><\/p>\n<p>Tepkite ryte ir (arba) vakare, kad i\u0161valytum\u0117te veido od\u0105 kaip nepriklausom\u0105 \u012frank\u012f arba po \u201eAqualia\u201c \u0161iluminio serumo.<\/p>\n<p><strong>SUD\u0116TIS<\/strong><\/p>\n<p>AQUA \/ WATER &#8211; GLYCERIN &#8211; DIMETHICONE- CAPRYLIC\/CAPRIC TRIGLYCERIDE &#8211; PENTAERYTHRITYL TETRAISOSTEARATE &#8211; SYNTHETIC WAX -BUTYROSPERMUM PARKII BUTTER \/ SHEA BUTTER -ALCOHOL DENAT. -HYDROGENATED POLYISOBUTENE -AMMONIUM POLYACRYLDIMETHYLTAURAMIDE \/ AMMONIUM POLYACRYLOYLDIMETHYL TAURATE -PENTYLENE GLYCOL- GLYCERYL STEARATE &#8211; BEHENYL ALCOHOL &#8211; STEARYL DIMETHICONE &#8211; GLYCERYL STEARATE CITRATE &#8211; SODIUM HYALURONATE -PHENOXYETHANOL &#8211; CHONDRUS CRISPUS (CARRAGEENAN) &#8211; DISODIUM ETHYLENE DICOCAMIDE PEG-15 DISULFATE &#8211; DISODIUM EDTA &#8211; CAPRYLYL GLYCOL &#8211; CITRIC ACID- BIOSACCHARIDE GUM-1 -PARFUM \/ FRAGRANCE<\/p>\n","protected":false},"excerpt":{"rendered":"<p>APIB\u016aDINIMAS D\u0117l atnaujintos formul\u0117s \u201eVichy Aqualia\u201c \u0161iluminis turtingas kremas prisotina saus\u0105 ir labai saus\u0105 od\u0105, reikaling\u0105 dr\u0117gm\u0119, ramina ir su\u0161velnina. Suteikia 48 valandas odos dr\u0117gm\u0117s. 97% nat\u016bralios kilm\u0117s \u201eAqualia\u201c \u0161iluminis prisotintas kremas, kurio kompetentingas derinys suteikia odai komforto poj\u016bt\u012f ir i\u0161lygina ma\u017eas rauk\u0161les. Lik\u0119 3% u\u017etikrina produkto kokyb\u0117s ir \u0161viesos tekst\u016bros i\u0161saugojim\u0105. Hialurono r\u016bg\u0161tis ilg\u0105 [&#8230;]\n","protected":false},"featured_media":11912,"comment_status":"closed","ping_status":"closed","template":"","meta":[],"product_brand":[],"product_cat":[1374,1360,1417,1364,1448],"product_tag":[],"class_list":{"0":"post-14035","1":"product","2":"type-product","3":"status-publish","4":"has-post-thumbnail","6":"product_cat-kremi-geli-lt","7":"product_cat-adas-kopsana-lt","8":"product_cat-zimoli-lt","9":"product_cat-seja-lt","10":"product_cat-vichy-lt","11":"pa_adas-tips-sausa-lt","13":"first","14":"instock","15":"taxable","16":"shipping-taxable","17":"purchasable","18":"product-type-simple"},"yoast_head":"<!-- This site is optimized with the Yoast SEO plugin v27.4 - https:\/\/yoast.com\/product\/yoast-seo-wordpress\/ -->\n<title>VICHY Aqualia Thermal Rich dr\u0117kinantis kremas sausas oda 50 ml | Twinkling<\/title>\n<meta name=\"description\" content=\"APIB\u016aDINIMAS D\u0117l atnaujintos formul\u0117s \u201eVichy Aqualia\u201c \u0161iluminis turtingas kremas prisotina saus\u0105 ir labai saus\u0105 od\u0105, reikaling\u0105 dr\u0117gm\u0119, ramina ir\" \/>\n<meta name=\"robots\" content=\"index, follow, max-snippet:-1, max-image-preview:large, max-video-preview:-1\" \/>\n<link rel=\"canonical\" href=\"https:\/\/twinkling.lv\/lt\/shop\/vichy-aqualia-thermal-rich-mitrinoss-krems-sausai-adai-50-ml\/\" \/>\n<meta property=\"og:locale\" content=\"lt_LT\" \/>\n<meta property=\"og:type\" content=\"article\" \/>\n<meta property=\"og:title\" content=\"VICHY Aqualia Thermal Rich dr\u0117kinantis kremas sausas oda 50 ml | Twinkling\" \/>\n<meta property=\"og:description\" content=\"APIB\u016aDINIMAS D\u0117l atnaujintos formul\u0117s \u201eVichy Aqualia\u201c \u0161iluminis turtingas kremas prisotina saus\u0105 ir labai saus\u0105 od\u0105, reikaling\u0105 dr\u0117gm\u0119, ramina ir\" \/>\n<meta property=\"og:url\" content=\"https:\/\/twinkling.lv\/lt\/shop\/vichy-aqualia-thermal-rich-mitrinoss-krems-sausai-adai-50-ml\/\" \/>\n<meta property=\"og:site_name\" content=\"Twinkling\" \/>\n<meta property=\"article:modified_time\" content=\"2025-02-01T21:35:26+00:00\" \/>\n<meta property=\"og:image\" content=\"https:\/\/twinkling.lv\/wp-content\/uploads\/2021\/08\/VICHY-Aqualia-Thermal-Rich-Mitrinoss-krems-sausai-adai-50-ml.jpg\" \/>\n\t<meta property=\"og:image:width\" content=\"1000\" \/>\n\t<meta property=\"og:image:height\" content=\"1000\" \/>\n\t<meta property=\"og:image:type\" content=\"image\/jpeg\" \/>\n<meta name=\"twitter:card\" content=\"summary_large_image\" \/>\n<meta name=\"twitter:label1\" content=\"Est. reading time\" \/>\n\t<meta name=\"twitter:data1\" content=\"1 minut\u0117\" \/>\n<script type=\"application\/ld+json\" class=\"yoast-schema-graph\">{\"@context\":\"https:\\\/\\\/schema.org\",\"@graph\":[{\"@type\":\"WebPage\",\"@id\":\"https:\\\/\\\/twinkling.lv\\\/lt\\\/shop\\\/vichy-aqualia-thermal-rich-mitrinoss-krems-sausai-adai-50-ml\\\/\",\"url\":\"https:\\\/\\\/twinkling.lv\\\/lt\\\/shop\\\/vichy-aqualia-thermal-rich-mitrinoss-krems-sausai-adai-50-ml\\\/\",\"name\":\"VICHY Aqualia Thermal Rich dr\u0117kinantis kremas sausas oda 50 ml | Twinkling\",\"isPartOf\":{\"@id\":\"https:\\\/\\\/twinkling.lv\\\/lt\\\/#website\"},\"primaryImageOfPage\":{\"@id\":\"https:\\\/\\\/twinkling.lv\\\/lt\\\/shop\\\/vichy-aqualia-thermal-rich-mitrinoss-krems-sausai-adai-50-ml\\\/#primaryimage\"},\"image\":{\"@id\":\"https:\\\/\\\/twinkling.lv\\\/lt\\\/shop\\\/vichy-aqualia-thermal-rich-mitrinoss-krems-sausai-adai-50-ml\\\/#primaryimage\"},\"thumbnailUrl\":\"https:\\\/\\\/twinkling.lv\\\/wp-content\\\/uploads\\\/2021\\\/08\\\/VICHY-Aqualia-Thermal-Rich-Mitrinoss-krems-sausai-adai-50-ml.jpg\",\"datePublished\":\"2021-08-15T16:32:03+00:00\",\"dateModified\":\"2025-02-01T21:35:26+00:00\",\"description\":\"APIB\u016aDINIMAS D\u0117l atnaujintos formul\u0117s \u201eVichy Aqualia\u201c \u0161iluminis turtingas kremas prisotina saus\u0105 ir labai saus\u0105 od\u0105, reikaling\u0105 dr\u0117gm\u0119, ramina ir\",\"breadcrumb\":{\"@id\":\"https:\\\/\\\/twinkling.lv\\\/lt\\\/shop\\\/vichy-aqualia-thermal-rich-mitrinoss-krems-sausai-adai-50-ml\\\/#breadcrumb\"},\"inLanguage\":\"lt-LT\",\"potentialAction\":[{\"@type\":\"ReadAction\",\"target\":[\"https:\\\/\\\/twinkling.lv\\\/lt\\\/shop\\\/vichy-aqualia-thermal-rich-mitrinoss-krems-sausai-adai-50-ml\\\/\"]}]},{\"@type\":\"ImageObject\",\"inLanguage\":\"lt-LT\",\"@id\":\"https:\\\/\\\/twinkling.lv\\\/lt\\\/shop\\\/vichy-aqualia-thermal-rich-mitrinoss-krems-sausai-adai-50-ml\\\/#primaryimage\",\"url\":\"https:\\\/\\\/twinkling.lv\\\/wp-content\\\/uploads\\\/2021\\\/08\\\/VICHY-Aqualia-Thermal-Rich-Mitrinoss-krems-sausai-adai-50-ml.jpg\",\"contentUrl\":\"https:\\\/\\\/twinkling.lv\\\/wp-content\\\/uploads\\\/2021\\\/08\\\/VICHY-Aqualia-Thermal-Rich-Mitrinoss-krems-sausai-adai-50-ml.jpg\",\"width\":1000,\"height\":1000,\"caption\":\"VICHY Aqualia Thermal Rich Mitrinoss krems sausai adai 50 ml\"},{\"@type\":\"BreadcrumbList\",\"@id\":\"https:\\\/\\\/twinkling.lv\\\/lt\\\/shop\\\/vichy-aqualia-thermal-rich-mitrinoss-krems-sausai-adai-50-ml\\\/#breadcrumb\",\"itemListElement\":[{\"@type\":\"ListItem\",\"position\":1,\"name\":\"\u0413\u043b\u0430\u0432\u043d\u0430\u044f \u0441\u0442\u0440\u0430\u043d\u0438\u0446\u0430\",\"item\":\"https:\\\/\\\/twinkling.lv\\\/lt\\\/\"},{\"@type\":\"ListItem\",\"position\":2,\"name\":\"Parduotuv\u0117\",\"item\":\"https:\\\/\\\/twinkling.lv\\\/lt\\\/shop\\\/\"},{\"@type\":\"ListItem\",\"position\":3,\"name\":\"VICHY Aqualia Thermal Rich dr\u0117kinantis kremas sausas oda 50 ml\"}]},{\"@type\":\"WebSite\",\"@id\":\"https:\\\/\\\/twinkling.lv\\\/lt\\\/#website\",\"url\":\"https:\\\/\\\/twinkling.lv\\\/lt\\\/\",\"name\":\"Twinkling\",\"description\":\"Health and Beauty\",\"publisher\":{\"@id\":\"https:\\\/\\\/twinkling.lv\\\/lt\\\/#organization\"},\"potentialAction\":[{\"@type\":\"SearchAction\",\"target\":{\"@type\":\"EntryPoint\",\"urlTemplate\":\"https:\\\/\\\/twinkling.lv\\\/lt\\\/?s={search_term_string}\"},\"query-input\":{\"@type\":\"PropertyValueSpecification\",\"valueRequired\":true,\"valueName\":\"search_term_string\"}}],\"inLanguage\":\"lt-LT\"},{\"@type\":\"Organization\",\"@id\":\"https:\\\/\\\/twinkling.lv\\\/lt\\\/#organization\",\"name\":\"SIA TORANS\",\"url\":\"https:\\\/\\\/twinkling.lv\\\/lt\\\/\",\"logo\":{\"@type\":\"ImageObject\",\"inLanguage\":\"lt-LT\",\"@id\":\"https:\\\/\\\/twinkling.lv\\\/lt\\\/#\\\/schema\\\/logo\\\/image\\\/\",\"url\":\"https:\\\/\\\/twinkling.lv\\\/wp-content\\\/uploads\\\/2022\\\/02\\\/twinkling-main-logo.jpg\",\"contentUrl\":\"https:\\\/\\\/twinkling.lv\\\/wp-content\\\/uploads\\\/2022\\\/02\\\/twinkling-main-logo.jpg\",\"width\":250,\"height\":100,\"caption\":\"SIA TORANS\"},\"image\":{\"@id\":\"https:\\\/\\\/twinkling.lv\\\/lt\\\/#\\\/schema\\\/logo\\\/image\\\/\"}}]}<\/script>\n<!-- \/ Yoast SEO plugin. -->","yoast_head_json":{"title":"VICHY Aqualia Thermal Rich dr\u0117kinantis kremas sausas oda 50 ml | Twinkling","description":"APIB\u016aDINIMAS D\u0117l atnaujintos formul\u0117s \u201eVichy Aqualia\u201c \u0161iluminis turtingas kremas prisotina saus\u0105 ir labai saus\u0105 od\u0105, reikaling\u0105 dr\u0117gm\u0119, ramina ir","robots":{"index":"index","follow":"follow","max-snippet":"max-snippet:-1","max-image-preview":"max-image-preview:large","max-video-preview":"max-video-preview:-1"},"canonical":"https:\/\/twinkling.lv\/lt\/shop\/vichy-aqualia-thermal-rich-mitrinoss-krems-sausai-adai-50-ml\/","og_locale":"lt_LT","og_type":"article","og_title":"VICHY Aqualia Thermal Rich dr\u0117kinantis kremas sausas oda 50 ml | Twinkling","og_description":"APIB\u016aDINIMAS D\u0117l atnaujintos formul\u0117s \u201eVichy Aqualia\u201c \u0161iluminis turtingas kremas prisotina saus\u0105 ir labai saus\u0105 od\u0105, reikaling\u0105 dr\u0117gm\u0119, ramina ir","og_url":"https:\/\/twinkling.lv\/lt\/shop\/vichy-aqualia-thermal-rich-mitrinoss-krems-sausai-adai-50-ml\/","og_site_name":"Twinkling","article_modified_time":"2025-02-01T21:35:26+00:00","og_image":[{"width":1000,"height":1000,"url":"https:\/\/twinkling.lv\/wp-content\/uploads\/2021\/08\/VICHY-Aqualia-Thermal-Rich-Mitrinoss-krems-sausai-adai-50-ml.jpg","type":"image\/jpeg"}],"twitter_card":"summary_large_image","twitter_misc":{"Est. reading time":"1 minut\u0117"},"schema":{"@context":"https:\/\/schema.org","@graph":[{"@type":"WebPage","@id":"https:\/\/twinkling.lv\/lt\/shop\/vichy-aqualia-thermal-rich-mitrinoss-krems-sausai-adai-50-ml\/","url":"https:\/\/twinkling.lv\/lt\/shop\/vichy-aqualia-thermal-rich-mitrinoss-krems-sausai-adai-50-ml\/","name":"VICHY Aqualia Thermal Rich dr\u0117kinantis kremas sausas oda 50 ml | Twinkling","isPartOf":{"@id":"https:\/\/twinkling.lv\/lt\/#website"},"primaryImageOfPage":{"@id":"https:\/\/twinkling.lv\/lt\/shop\/vichy-aqualia-thermal-rich-mitrinoss-krems-sausai-adai-50-ml\/#primaryimage"},"image":{"@id":"https:\/\/twinkling.lv\/lt\/shop\/vichy-aqualia-thermal-rich-mitrinoss-krems-sausai-adai-50-ml\/#primaryimage"},"thumbnailUrl":"https:\/\/twinkling.lv\/wp-content\/uploads\/2021\/08\/VICHY-Aqualia-Thermal-Rich-Mitrinoss-krems-sausai-adai-50-ml.jpg","datePublished":"2021-08-15T16:32:03+00:00","dateModified":"2025-02-01T21:35:26+00:00","description":"APIB\u016aDINIMAS D\u0117l atnaujintos formul\u0117s \u201eVichy Aqualia\u201c \u0161iluminis turtingas kremas prisotina saus\u0105 ir labai saus\u0105 od\u0105, reikaling\u0105 dr\u0117gm\u0119, ramina ir","breadcrumb":{"@id":"https:\/\/twinkling.lv\/lt\/shop\/vichy-aqualia-thermal-rich-mitrinoss-krems-sausai-adai-50-ml\/#breadcrumb"},"inLanguage":"lt-LT","potentialAction":[{"@type":"ReadAction","target":["https:\/\/twinkling.lv\/lt\/shop\/vichy-aqualia-thermal-rich-mitrinoss-krems-sausai-adai-50-ml\/"]}]},{"@type":"ImageObject","inLanguage":"lt-LT","@id":"https:\/\/twinkling.lv\/lt\/shop\/vichy-aqualia-thermal-rich-mitrinoss-krems-sausai-adai-50-ml\/#primaryimage","url":"https:\/\/twinkling.lv\/wp-content\/uploads\/2021\/08\/VICHY-Aqualia-Thermal-Rich-Mitrinoss-krems-sausai-adai-50-ml.jpg","contentUrl":"https:\/\/twinkling.lv\/wp-content\/uploads\/2021\/08\/VICHY-Aqualia-Thermal-Rich-Mitrinoss-krems-sausai-adai-50-ml.jpg","width":1000,"height":1000,"caption":"VICHY Aqualia Thermal Rich Mitrinoss krems sausai adai 50 ml"},{"@type":"BreadcrumbList","@id":"https:\/\/twinkling.lv\/lt\/shop\/vichy-aqualia-thermal-rich-mitrinoss-krems-sausai-adai-50-ml\/#breadcrumb","itemListElement":[{"@type":"ListItem","position":1,"name":"\u0413\u043b\u0430\u0432\u043d\u0430\u044f \u0441\u0442\u0440\u0430\u043d\u0438\u0446\u0430","item":"https:\/\/twinkling.lv\/lt\/"},{"@type":"ListItem","position":2,"name":"Parduotuv\u0117","item":"https:\/\/twinkling.lv\/lt\/shop\/"},{"@type":"ListItem","position":3,"name":"VICHY Aqualia Thermal Rich dr\u0117kinantis kremas sausas oda 50 ml"}]},{"@type":"WebSite","@id":"https:\/\/twinkling.lv\/lt\/#website","url":"https:\/\/twinkling.lv\/lt\/","name":"Twinkling","description":"Health and Beauty","publisher":{"@id":"https:\/\/twinkling.lv\/lt\/#organization"},"potentialAction":[{"@type":"SearchAction","target":{"@type":"EntryPoint","urlTemplate":"https:\/\/twinkling.lv\/lt\/?s={search_term_string}"},"query-input":{"@type":"PropertyValueSpecification","valueRequired":true,"valueName":"search_term_string"}}],"inLanguage":"lt-LT"},{"@type":"Organization","@id":"https:\/\/twinkling.lv\/lt\/#organization","name":"SIA TORANS","url":"https:\/\/twinkling.lv\/lt\/","logo":{"@type":"ImageObject","inLanguage":"lt-LT","@id":"https:\/\/twinkling.lv\/lt\/#\/schema\/logo\/image\/","url":"https:\/\/twinkling.lv\/wp-content\/uploads\/2022\/02\/twinkling-main-logo.jpg","contentUrl":"https:\/\/twinkling.lv\/wp-content\/uploads\/2022\/02\/twinkling-main-logo.jpg","width":250,"height":100,"caption":"SIA TORANS"},"image":{"@id":"https:\/\/twinkling.lv\/lt\/#\/schema\/logo\/image\/"}}]}},"_links":{"self":[{"href":"https:\/\/twinkling.lv\/lt\/wp-json\/wp\/v2\/product\/14035","targetHints":{"allow":["GET"]}}],"collection":[{"href":"https:\/\/twinkling.lv\/lt\/wp-json\/wp\/v2\/product"}],"about":[{"href":"https:\/\/twinkling.lv\/lt\/wp-json\/wp\/v2\/types\/product"}],"replies":[{"embeddable":true,"href":"https:\/\/twinkling.lv\/lt\/wp-json\/wp\/v2\/comments?post=14035"}],"wp:featuredmedia":[{"embeddable":true,"href":"https:\/\/twinkling.lv\/lt\/wp-json\/wp\/v2\/media\/11912"}],"wp:attachment":[{"href":"https:\/\/twinkling.lv\/lt\/wp-json\/wp\/v2\/media?parent=14035"}],"wp:term":[{"taxonomy":"product_brand","embeddable":true,"href":"https:\/\/twinkling.lv\/lt\/wp-json\/wp\/v2\/product_brand?post=14035"},{"taxonomy":"product_cat","embeddable":true,"href":"https:\/\/twinkling.lv\/lt\/wp-json\/wp\/v2\/product_cat?post=14035"},{"taxonomy":"product_tag","embeddable":true,"href":"https:\/\/twinkling.lv\/lt\/wp-json\/wp\/v2\/product_tag?post=14035"}],"curies":[{"name":"wp","href":"https:\/\/api.w.org\/{rel}","templated":true}]}}