{"id":13940,"date":"2021-09-23T20:39:47","date_gmt":"2021-09-23T17:39:47","guid":{"rendered":"https:\/\/twinkling.lv\/shop\/eucerin-lip-active-lupu-balzams-4-8-g\/"},"modified":"2025-02-02T00:37:17","modified_gmt":"2025-02-01T21:37:17","slug":"eucerin-lip-active-lupu-balzams-4-8-g","status":"publish","type":"product","link":"https:\/\/twinkling.lv\/lt\/shop\/eucerin-lip-active-lupu-balzams-4-8-g\/","title":{"rendered":"EUCERIN Lip Active l\u016bp\u0173 balzamas 4.8 g"},"content":{"rendered":"<p><strong>APIB\u016aDINIMAS<\/strong><\/p>\n<p>Eucerino l\u016bp\u0173 aktyvus balzamas su momentiniu raminamuoju ir atkuriamu poveikiu sausoms, \u012ftr\u016bkusioms l\u016bpoms. Su koncentruotu dekspantenoliu ir vitaminu E, kuris ramina, dr\u0117kina ir apsaugo l\u016bpas nuo kasdieni\u0173 i\u0161orini\u0173 veiksni\u0173, toki\u0173 kaip saul\u0117s \u0161viesa ir dehidratacija. Su SPF15 apsauga nuo saul\u0117s.<\/p>\n<p><strong>TAIKYMO B\u016aDAS<\/strong><\/p>\n<p>Jei reikia, naudokite \u201eEucerin\u201c l\u016bp\u0173 aktyv\u0173 l\u016bp\u0173 balzam\u0105.<\/p>\n<p><strong>SUD\u0116TIS<\/strong><\/p>\n<p>CERA MICROCRISTALLINA, OCTYLDODECANOL, HYDROGENATED POLYDECENE, RICINUS COMMUNIS SEED OIL, CETYL PALMITATE, POLYGLYCERYL-3 DIISOSTEARATE, PANTHENOL, ETHYLHEXYL TRIAZONE, BUTYL METHOXYDIBENZOYLMETHANE, CETEARYL ALCOHOL, BIS-DIGLYCERYL POLYACYLADIPATE-2, MYRISTYL MYRISTATE, C20-40 ALKYL STEARATE, GLYCERIN, COPERNICIA CERIFERA CERA, AQUA, TOCOPHERYL ACETATE, SIMMONDSIA CHINENSIS SEED OIL, SIMMONDSIA CHINENSIS, BISABOLOL, CERA ALBA.<\/p>\n","protected":false},"excerpt":{"rendered":"<p>APIB\u016aDINIMAS Eucerino l\u016bp\u0173 aktyvus balzamas su momentiniu raminamuoju ir atkuriamu poveikiu sausoms, \u012ftr\u016bkusioms l\u016bpoms. Su koncentruotu dekspantenoliu ir vitaminu E, kuris ramina, dr\u0117kina ir apsaugo l\u016bpas nuo kasdieni\u0173 i\u0161orini\u0173 veiksni\u0173, toki\u0173 kaip saul\u0117s \u0161viesa ir dehidratacija. Su SPF15 apsauga nuo saul\u0117s. TAIKYMO B\u016aDAS Jei reikia, naudokite \u201eEucerin\u201c l\u016bp\u0173 aktyv\u0173 l\u016bp\u0173 balzam\u0105. SUD\u0116TIS CERA MICROCRISTALLINA, OCTYLDODECANOL, [&#8230;]\n","protected":false},"featured_media":12043,"comment_status":"closed","ping_status":"closed","template":"","meta":[],"product_brand":[],"product_cat":[1511,1437,1360,1417],"product_tag":[],"class_list":{"0":"post-13940","1":"product","2":"type-product","3":"status-publish","4":"has-post-thumbnail","6":"product_cat-eucerin-lt","7":"product_cat-lupas-lt","8":"product_cat-adas-kopsana-lt","9":"product_cat-zimoli-lt","10":"pa_adas-tips-jutiga-lt","11":"pa_adas-tips-sausa-lt","13":"first","14":"instock","15":"taxable","16":"shipping-taxable","17":"purchasable","18":"product-type-simple"},"yoast_head":"<!-- This site is optimized with the Yoast SEO plugin v27.4 - https:\/\/yoast.com\/product\/yoast-seo-wordpress\/ -->\n<title>EUCERIN Lip Active l\u016bp\u0173 balzamas 4.8 g | Twinkling<\/title>\n<meta name=\"description\" content=\"APIB\u016aDINIMAS Eucerino l\u016bp\u0173 aktyvus balzamas su momentiniu raminamuoju ir atkuriamu poveikiu sausoms, \u012ftr\u016bkusioms l\u016bpoms. Su koncentruotu dekspantenoliu ir\" \/>\n<meta name=\"robots\" content=\"index, follow, max-snippet:-1, max-image-preview:large, max-video-preview:-1\" \/>\n<link rel=\"canonical\" href=\"https:\/\/twinkling.lv\/lt\/shop\/eucerin-lip-active-lupu-balzams-4-8-g\/\" \/>\n<meta property=\"og:locale\" content=\"lt_LT\" \/>\n<meta property=\"og:type\" content=\"article\" \/>\n<meta property=\"og:title\" content=\"EUCERIN Lip Active l\u016bp\u0173 balzamas 4.8 g | Twinkling\" \/>\n<meta property=\"og:description\" content=\"APIB\u016aDINIMAS Eucerino l\u016bp\u0173 aktyvus balzamas su momentiniu raminamuoju ir atkuriamu poveikiu sausoms, \u012ftr\u016bkusioms l\u016bpoms. Su koncentruotu dekspantenoliu ir\" \/>\n<meta property=\"og:url\" content=\"https:\/\/twinkling.lv\/lt\/shop\/eucerin-lip-active-lupu-balzams-4-8-g\/\" \/>\n<meta property=\"og:site_name\" content=\"Twinkling\" \/>\n<meta property=\"article:modified_time\" content=\"2025-02-01T21:37:17+00:00\" \/>\n<meta property=\"og:image\" content=\"https:\/\/twinkling.lv\/wp-content\/uploads\/2021\/09\/EUCERIN-Lip-Active-lupu-balzams-4.8-g.jpg\" \/>\n\t<meta property=\"og:image:width\" content=\"1000\" \/>\n\t<meta property=\"og:image:height\" content=\"1000\" \/>\n\t<meta property=\"og:image:type\" content=\"image\/jpeg\" \/>\n<meta name=\"twitter:card\" content=\"summary_large_image\" \/>\n<meta name=\"twitter:label1\" content=\"Est. reading time\" \/>\n\t<meta name=\"twitter:data1\" content=\"1 minut\u0117\" \/>\n<script type=\"application\/ld+json\" class=\"yoast-schema-graph\">{\"@context\":\"https:\\\/\\\/schema.org\",\"@graph\":[{\"@type\":\"WebPage\",\"@id\":\"https:\\\/\\\/twinkling.lv\\\/lt\\\/shop\\\/eucerin-lip-active-lupu-balzams-4-8-g\\\/\",\"url\":\"https:\\\/\\\/twinkling.lv\\\/lt\\\/shop\\\/eucerin-lip-active-lupu-balzams-4-8-g\\\/\",\"name\":\"EUCERIN Lip Active l\u016bp\u0173 balzamas 4.8 g | Twinkling\",\"isPartOf\":{\"@id\":\"https:\\\/\\\/twinkling.lv\\\/lt\\\/#website\"},\"primaryImageOfPage\":{\"@id\":\"https:\\\/\\\/twinkling.lv\\\/lt\\\/shop\\\/eucerin-lip-active-lupu-balzams-4-8-g\\\/#primaryimage\"},\"image\":{\"@id\":\"https:\\\/\\\/twinkling.lv\\\/lt\\\/shop\\\/eucerin-lip-active-lupu-balzams-4-8-g\\\/#primaryimage\"},\"thumbnailUrl\":\"https:\\\/\\\/twinkling.lv\\\/wp-content\\\/uploads\\\/2021\\\/09\\\/EUCERIN-Lip-Active-lupu-balzams-4.8-g.jpg\",\"datePublished\":\"2021-09-23T17:39:47+00:00\",\"dateModified\":\"2025-02-01T21:37:17+00:00\",\"description\":\"APIB\u016aDINIMAS Eucerino l\u016bp\u0173 aktyvus balzamas su momentiniu raminamuoju ir atkuriamu poveikiu sausoms, \u012ftr\u016bkusioms l\u016bpoms. Su koncentruotu dekspantenoliu ir\",\"breadcrumb\":{\"@id\":\"https:\\\/\\\/twinkling.lv\\\/lt\\\/shop\\\/eucerin-lip-active-lupu-balzams-4-8-g\\\/#breadcrumb\"},\"inLanguage\":\"lt-LT\",\"potentialAction\":[{\"@type\":\"ReadAction\",\"target\":[\"https:\\\/\\\/twinkling.lv\\\/lt\\\/shop\\\/eucerin-lip-active-lupu-balzams-4-8-g\\\/\"]}]},{\"@type\":\"ImageObject\",\"inLanguage\":\"lt-LT\",\"@id\":\"https:\\\/\\\/twinkling.lv\\\/lt\\\/shop\\\/eucerin-lip-active-lupu-balzams-4-8-g\\\/#primaryimage\",\"url\":\"https:\\\/\\\/twinkling.lv\\\/wp-content\\\/uploads\\\/2021\\\/09\\\/EUCERIN-Lip-Active-lupu-balzams-4.8-g.jpg\",\"contentUrl\":\"https:\\\/\\\/twinkling.lv\\\/wp-content\\\/uploads\\\/2021\\\/09\\\/EUCERIN-Lip-Active-lupu-balzams-4.8-g.jpg\",\"width\":1000,\"height\":1000,\"caption\":\"EUCERIN Lip Active lupu balzams 4.8 g\"},{\"@type\":\"BreadcrumbList\",\"@id\":\"https:\\\/\\\/twinkling.lv\\\/lt\\\/shop\\\/eucerin-lip-active-lupu-balzams-4-8-g\\\/#breadcrumb\",\"itemListElement\":[{\"@type\":\"ListItem\",\"position\":1,\"name\":\"\u0413\u043b\u0430\u0432\u043d\u0430\u044f \u0441\u0442\u0440\u0430\u043d\u0438\u0446\u0430\",\"item\":\"https:\\\/\\\/twinkling.lv\\\/lt\\\/\"},{\"@type\":\"ListItem\",\"position\":2,\"name\":\"Parduotuv\u0117\",\"item\":\"https:\\\/\\\/twinkling.lv\\\/lt\\\/shop\\\/\"},{\"@type\":\"ListItem\",\"position\":3,\"name\":\"EUCERIN Lip Active l\u016bp\u0173 balzamas 4.8 g\"}]},{\"@type\":\"WebSite\",\"@id\":\"https:\\\/\\\/twinkling.lv\\\/lt\\\/#website\",\"url\":\"https:\\\/\\\/twinkling.lv\\\/lt\\\/\",\"name\":\"Twinkling\",\"description\":\"Health and Beauty\",\"publisher\":{\"@id\":\"https:\\\/\\\/twinkling.lv\\\/lt\\\/#organization\"},\"potentialAction\":[{\"@type\":\"SearchAction\",\"target\":{\"@type\":\"EntryPoint\",\"urlTemplate\":\"https:\\\/\\\/twinkling.lv\\\/lt\\\/?s={search_term_string}\"},\"query-input\":{\"@type\":\"PropertyValueSpecification\",\"valueRequired\":true,\"valueName\":\"search_term_string\"}}],\"inLanguage\":\"lt-LT\"},{\"@type\":\"Organization\",\"@id\":\"https:\\\/\\\/twinkling.lv\\\/lt\\\/#organization\",\"name\":\"SIA TORANS\",\"url\":\"https:\\\/\\\/twinkling.lv\\\/lt\\\/\",\"logo\":{\"@type\":\"ImageObject\",\"inLanguage\":\"lt-LT\",\"@id\":\"https:\\\/\\\/twinkling.lv\\\/lt\\\/#\\\/schema\\\/logo\\\/image\\\/\",\"url\":\"https:\\\/\\\/twinkling.lv\\\/wp-content\\\/uploads\\\/2022\\\/02\\\/twinkling-main-logo.jpg\",\"contentUrl\":\"https:\\\/\\\/twinkling.lv\\\/wp-content\\\/uploads\\\/2022\\\/02\\\/twinkling-main-logo.jpg\",\"width\":250,\"height\":100,\"caption\":\"SIA TORANS\"},\"image\":{\"@id\":\"https:\\\/\\\/twinkling.lv\\\/lt\\\/#\\\/schema\\\/logo\\\/image\\\/\"}}]}<\/script>\n<!-- \/ Yoast SEO plugin. -->","yoast_head_json":{"title":"EUCERIN Lip Active l\u016bp\u0173 balzamas 4.8 g | Twinkling","description":"APIB\u016aDINIMAS Eucerino l\u016bp\u0173 aktyvus balzamas su momentiniu raminamuoju ir atkuriamu poveikiu sausoms, \u012ftr\u016bkusioms l\u016bpoms. Su koncentruotu dekspantenoliu ir","robots":{"index":"index","follow":"follow","max-snippet":"max-snippet:-1","max-image-preview":"max-image-preview:large","max-video-preview":"max-video-preview:-1"},"canonical":"https:\/\/twinkling.lv\/lt\/shop\/eucerin-lip-active-lupu-balzams-4-8-g\/","og_locale":"lt_LT","og_type":"article","og_title":"EUCERIN Lip Active l\u016bp\u0173 balzamas 4.8 g | Twinkling","og_description":"APIB\u016aDINIMAS Eucerino l\u016bp\u0173 aktyvus balzamas su momentiniu raminamuoju ir atkuriamu poveikiu sausoms, \u012ftr\u016bkusioms l\u016bpoms. Su koncentruotu dekspantenoliu ir","og_url":"https:\/\/twinkling.lv\/lt\/shop\/eucerin-lip-active-lupu-balzams-4-8-g\/","og_site_name":"Twinkling","article_modified_time":"2025-02-01T21:37:17+00:00","og_image":[{"width":1000,"height":1000,"url":"https:\/\/twinkling.lv\/wp-content\/uploads\/2021\/09\/EUCERIN-Lip-Active-lupu-balzams-4.8-g.jpg","type":"image\/jpeg"}],"twitter_card":"summary_large_image","twitter_misc":{"Est. reading time":"1 minut\u0117"},"schema":{"@context":"https:\/\/schema.org","@graph":[{"@type":"WebPage","@id":"https:\/\/twinkling.lv\/lt\/shop\/eucerin-lip-active-lupu-balzams-4-8-g\/","url":"https:\/\/twinkling.lv\/lt\/shop\/eucerin-lip-active-lupu-balzams-4-8-g\/","name":"EUCERIN Lip Active l\u016bp\u0173 balzamas 4.8 g | Twinkling","isPartOf":{"@id":"https:\/\/twinkling.lv\/lt\/#website"},"primaryImageOfPage":{"@id":"https:\/\/twinkling.lv\/lt\/shop\/eucerin-lip-active-lupu-balzams-4-8-g\/#primaryimage"},"image":{"@id":"https:\/\/twinkling.lv\/lt\/shop\/eucerin-lip-active-lupu-balzams-4-8-g\/#primaryimage"},"thumbnailUrl":"https:\/\/twinkling.lv\/wp-content\/uploads\/2021\/09\/EUCERIN-Lip-Active-lupu-balzams-4.8-g.jpg","datePublished":"2021-09-23T17:39:47+00:00","dateModified":"2025-02-01T21:37:17+00:00","description":"APIB\u016aDINIMAS Eucerino l\u016bp\u0173 aktyvus balzamas su momentiniu raminamuoju ir atkuriamu poveikiu sausoms, \u012ftr\u016bkusioms l\u016bpoms. Su koncentruotu dekspantenoliu ir","breadcrumb":{"@id":"https:\/\/twinkling.lv\/lt\/shop\/eucerin-lip-active-lupu-balzams-4-8-g\/#breadcrumb"},"inLanguage":"lt-LT","potentialAction":[{"@type":"ReadAction","target":["https:\/\/twinkling.lv\/lt\/shop\/eucerin-lip-active-lupu-balzams-4-8-g\/"]}]},{"@type":"ImageObject","inLanguage":"lt-LT","@id":"https:\/\/twinkling.lv\/lt\/shop\/eucerin-lip-active-lupu-balzams-4-8-g\/#primaryimage","url":"https:\/\/twinkling.lv\/wp-content\/uploads\/2021\/09\/EUCERIN-Lip-Active-lupu-balzams-4.8-g.jpg","contentUrl":"https:\/\/twinkling.lv\/wp-content\/uploads\/2021\/09\/EUCERIN-Lip-Active-lupu-balzams-4.8-g.jpg","width":1000,"height":1000,"caption":"EUCERIN Lip Active lupu balzams 4.8 g"},{"@type":"BreadcrumbList","@id":"https:\/\/twinkling.lv\/lt\/shop\/eucerin-lip-active-lupu-balzams-4-8-g\/#breadcrumb","itemListElement":[{"@type":"ListItem","position":1,"name":"\u0413\u043b\u0430\u0432\u043d\u0430\u044f \u0441\u0442\u0440\u0430\u043d\u0438\u0446\u0430","item":"https:\/\/twinkling.lv\/lt\/"},{"@type":"ListItem","position":2,"name":"Parduotuv\u0117","item":"https:\/\/twinkling.lv\/lt\/shop\/"},{"@type":"ListItem","position":3,"name":"EUCERIN Lip Active l\u016bp\u0173 balzamas 4.8 g"}]},{"@type":"WebSite","@id":"https:\/\/twinkling.lv\/lt\/#website","url":"https:\/\/twinkling.lv\/lt\/","name":"Twinkling","description":"Health and Beauty","publisher":{"@id":"https:\/\/twinkling.lv\/lt\/#organization"},"potentialAction":[{"@type":"SearchAction","target":{"@type":"EntryPoint","urlTemplate":"https:\/\/twinkling.lv\/lt\/?s={search_term_string}"},"query-input":{"@type":"PropertyValueSpecification","valueRequired":true,"valueName":"search_term_string"}}],"inLanguage":"lt-LT"},{"@type":"Organization","@id":"https:\/\/twinkling.lv\/lt\/#organization","name":"SIA TORANS","url":"https:\/\/twinkling.lv\/lt\/","logo":{"@type":"ImageObject","inLanguage":"lt-LT","@id":"https:\/\/twinkling.lv\/lt\/#\/schema\/logo\/image\/","url":"https:\/\/twinkling.lv\/wp-content\/uploads\/2022\/02\/twinkling-main-logo.jpg","contentUrl":"https:\/\/twinkling.lv\/wp-content\/uploads\/2022\/02\/twinkling-main-logo.jpg","width":250,"height":100,"caption":"SIA TORANS"},"image":{"@id":"https:\/\/twinkling.lv\/lt\/#\/schema\/logo\/image\/"}}]}},"_links":{"self":[{"href":"https:\/\/twinkling.lv\/lt\/wp-json\/wp\/v2\/product\/13940","targetHints":{"allow":["GET"]}}],"collection":[{"href":"https:\/\/twinkling.lv\/lt\/wp-json\/wp\/v2\/product"}],"about":[{"href":"https:\/\/twinkling.lv\/lt\/wp-json\/wp\/v2\/types\/product"}],"replies":[{"embeddable":true,"href":"https:\/\/twinkling.lv\/lt\/wp-json\/wp\/v2\/comments?post=13940"}],"wp:featuredmedia":[{"embeddable":true,"href":"https:\/\/twinkling.lv\/lt\/wp-json\/wp\/v2\/media\/12043"}],"wp:attachment":[{"href":"https:\/\/twinkling.lv\/lt\/wp-json\/wp\/v2\/media?parent=13940"}],"wp:term":[{"taxonomy":"product_brand","embeddable":true,"href":"https:\/\/twinkling.lv\/lt\/wp-json\/wp\/v2\/product_brand?post=13940"},{"taxonomy":"product_cat","embeddable":true,"href":"https:\/\/twinkling.lv\/lt\/wp-json\/wp\/v2\/product_cat?post=13940"},{"taxonomy":"product_tag","embeddable":true,"href":"https:\/\/twinkling.lv\/lt\/wp-json\/wp\/v2\/product_tag?post=13940"}],"curies":[{"name":"wp","href":"https:\/\/api.w.org\/{rel}","templated":true}]}}