{"id":13917,"date":"2021-09-23T20:39:54","date_gmt":"2021-09-23T17:39:54","guid":{"rendered":"https:\/\/twinkling.lv\/shop\/eucerin-atopicontrol-roku-krems-75-ml\/"},"modified":"2025-02-02T00:37:36","modified_gmt":"2025-02-01T21:37:36","slug":"eucerin-atopicontrol-roku-krems-75-ml","status":"publish","type":"product","link":"https:\/\/twinkling.lv\/lt\/shop\/eucerin-atopicontrol-roku-krems-75-ml\/","title":{"rendered":"EUCERIN AtopiControl kremas rankoms 75 ml"},"content":{"rendered":"<p><strong>APIB\u016aDINIMAS<\/strong><\/p>\n<p>Tinka odos prie\u017ei\u016brai su egzema. Spar\u010diai sugeriantis ma\u017eai riebal\u0173 rank\u0173 kremas, kuris r\u016bpinasi sausa, sudirgusi ir nie\u017etinga atopine oda. Rankos yra veikiamos da\u017eno vandens ir valymo priemoni\u0173 poveikio. Priklausomai nuo atliktos u\u017eduoties, jie taip pat gali b\u016bti veikiami kit\u0173 chemini\u0173 med\u017eiag\u0173. \u0160ie veiksniai gali paveikti odos barjer\u0105 ir skatinti odos d\u017eiovinim\u0105. Jis tampa \u0161iurk\u0161tus ir link\u0119s raudonuoti, luptis ir nie\u017eti. Rank\u0173 kremo eucerino atopikontrol\u0117s smals ir ramina od\u0105.<br \/>\n Spar\u010diai sugerian\u010dioje ir ma\u017eai riebal\u0173 formul\u0117je yra unikalus aktyvi\u0173j\u0173 med\u017eiag\u0173 kompleksas: raminamasis lycohalcon A, antibakterinis dekandiolis ir mentoksitpropandiolis prie\u0161 nie\u017e\u0117jim\u0105 (MPD). \u0160is kompleksas kartu su didele keramido ir avena sativa (avi\u017eini\u0173 dribsni\u0173) koncentracija sustiprina odos barjer\u0105, palengvina sausum\u0105 ir suma\u017eina nie\u017e\u0117jimo jausm\u0105. Formul\u0117 be kvapo.<\/p>\n<p><strong>TAIKYMO B\u016aDAS<\/strong><\/p>\n<p>Nuvalykite od\u0105 mink\u0161tu plovikliu be muilo. Jei reikia, naudokite kasdien.<\/p>\n<p><strong>SUD\u0116TIS<\/strong><\/p>\n<p>AQUA, GLYCERIN, PARAFFINUM LIQUIDUM, CETYL ALCOHOL, GLYCERYL STEARATE, STEARYL ALCOHOL, HYDROGENATED COCO-GLYCERIDES, CAPRYLIC\/CAPRIC TRIGLYCERIDE, OCTYLDODECANOL, BUTYROSPERMUM PARKII BUTTER, CETYL PALMITATE, COLLOIDAL OATMEAL, PEG-40 STEARATE, GLYCYRRHIZA INFLATA ROOT EXTRACT, CERAMIDE NP, MENTHOXYPROPANEDIOL, CITRIC ACID, SODIUM CITRATE, DECYLENE GLYCOL, PHENOXYETHANOL, CAPRYLYL GLYCOL, BENZYL ALCOHOL.<\/p>\n","protected":false},"excerpt":{"rendered":"<p>APIB\u016aDINIMAS Tinka odos prie\u017ei\u016brai su egzema. Spar\u010diai sugeriantis ma\u017eai riebal\u0173 rank\u0173 kremas, kuris r\u016bpinasi sausa, sudirgusi ir nie\u017etinga atopine oda. Rankos yra veikiamos da\u017eno vandens ir valymo priemoni\u0173 poveikio. Priklausomai nuo atliktos u\u017eduoties, jie taip pat gali b\u016bti veikiami kit\u0173 chemini\u0173 med\u017eiag\u0173. \u0160ie veiksniai gali paveikti odos barjer\u0105 ir skatinti odos d\u017eiovinim\u0105. Jis tampa \u0161iurk\u0161tus [&#8230;]\n","protected":false},"featured_media":11996,"comment_status":"closed","ping_status":"closed","template":"","meta":[],"product_brand":[],"product_cat":[1511,1360,1417,1427],"product_tag":[],"class_list":{"0":"post-13917","1":"product","2":"type-product","3":"status-publish","4":"has-post-thumbnail","6":"product_cat-eucerin-lt","7":"product_cat-adas-kopsana-lt","8":"product_cat-zimoli-lt","9":"product_cat-rokas-lt","10":"pa_adas-tips-atopiska-lt","11":"pa_adas-tips-sausa-lt","13":"first","14":"instock","15":"taxable","16":"shipping-taxable","17":"purchasable","18":"product-type-simple"},"yoast_head":"<!-- This site is optimized with the Yoast SEO plugin v27.4 - https:\/\/yoast.com\/product\/yoast-seo-wordpress\/ -->\n<title>EUCERIN AtopiControl kremas rankoms 75 ml | Twinkling<\/title>\n<meta name=\"description\" content=\"APIB\u016aDINIMAS Tinka odos prie\u017ei\u016brai su egzema. Spar\u010diai sugeriantis ma\u017eai riebal\u0173 rank\u0173 kremas, kuris r\u016bpinasi sausa, sudirgusi ir nie\u017etinga atopine oda.\" \/>\n<meta name=\"robots\" content=\"index, follow, max-snippet:-1, max-image-preview:large, max-video-preview:-1\" \/>\n<link rel=\"canonical\" href=\"https:\/\/twinkling.lv\/lt\/shop\/eucerin-atopicontrol-roku-krems-75-ml\/\" \/>\n<meta property=\"og:locale\" content=\"lt_LT\" \/>\n<meta property=\"og:type\" content=\"article\" \/>\n<meta property=\"og:title\" content=\"EUCERIN AtopiControl kremas rankoms 75 ml | Twinkling\" \/>\n<meta property=\"og:description\" content=\"APIB\u016aDINIMAS Tinka odos prie\u017ei\u016brai su egzema. Spar\u010diai sugeriantis ma\u017eai riebal\u0173 rank\u0173 kremas, kuris r\u016bpinasi sausa, sudirgusi ir nie\u017etinga atopine oda.\" \/>\n<meta property=\"og:url\" content=\"https:\/\/twinkling.lv\/lt\/shop\/eucerin-atopicontrol-roku-krems-75-ml\/\" \/>\n<meta property=\"og:site_name\" content=\"Twinkling\" \/>\n<meta property=\"article:modified_time\" content=\"2025-02-01T21:37:36+00:00\" \/>\n<meta property=\"og:image\" content=\"https:\/\/twinkling.lv\/wp-content\/uploads\/2021\/09\/EUCERIN-AtopiControl-Roku-krems-75-ml.jpg\" \/>\n\t<meta property=\"og:image:width\" content=\"1000\" \/>\n\t<meta property=\"og:image:height\" content=\"1000\" \/>\n\t<meta property=\"og:image:type\" content=\"image\/jpeg\" \/>\n<meta name=\"twitter:card\" content=\"summary_large_image\" \/>\n<meta name=\"twitter:label1\" content=\"Est. reading time\" \/>\n\t<meta name=\"twitter:data1\" content=\"1 minut\u0117\" \/>\n<script type=\"application\/ld+json\" class=\"yoast-schema-graph\">{\"@context\":\"https:\\\/\\\/schema.org\",\"@graph\":[{\"@type\":\"WebPage\",\"@id\":\"https:\\\/\\\/twinkling.lv\\\/lt\\\/shop\\\/eucerin-atopicontrol-roku-krems-75-ml\\\/\",\"url\":\"https:\\\/\\\/twinkling.lv\\\/lt\\\/shop\\\/eucerin-atopicontrol-roku-krems-75-ml\\\/\",\"name\":\"EUCERIN AtopiControl kremas rankoms 75 ml | Twinkling\",\"isPartOf\":{\"@id\":\"https:\\\/\\\/twinkling.lv\\\/lt\\\/#website\"},\"primaryImageOfPage\":{\"@id\":\"https:\\\/\\\/twinkling.lv\\\/lt\\\/shop\\\/eucerin-atopicontrol-roku-krems-75-ml\\\/#primaryimage\"},\"image\":{\"@id\":\"https:\\\/\\\/twinkling.lv\\\/lt\\\/shop\\\/eucerin-atopicontrol-roku-krems-75-ml\\\/#primaryimage\"},\"thumbnailUrl\":\"https:\\\/\\\/twinkling.lv\\\/wp-content\\\/uploads\\\/2021\\\/09\\\/EUCERIN-AtopiControl-Roku-krems-75-ml.jpg\",\"datePublished\":\"2021-09-23T17:39:54+00:00\",\"dateModified\":\"2025-02-01T21:37:36+00:00\",\"description\":\"APIB\u016aDINIMAS Tinka odos prie\u017ei\u016brai su egzema. Spar\u010diai sugeriantis ma\u017eai riebal\u0173 rank\u0173 kremas, kuris r\u016bpinasi sausa, sudirgusi ir nie\u017etinga atopine oda.\",\"breadcrumb\":{\"@id\":\"https:\\\/\\\/twinkling.lv\\\/lt\\\/shop\\\/eucerin-atopicontrol-roku-krems-75-ml\\\/#breadcrumb\"},\"inLanguage\":\"lt-LT\",\"potentialAction\":[{\"@type\":\"ReadAction\",\"target\":[\"https:\\\/\\\/twinkling.lv\\\/lt\\\/shop\\\/eucerin-atopicontrol-roku-krems-75-ml\\\/\"]}]},{\"@type\":\"ImageObject\",\"inLanguage\":\"lt-LT\",\"@id\":\"https:\\\/\\\/twinkling.lv\\\/lt\\\/shop\\\/eucerin-atopicontrol-roku-krems-75-ml\\\/#primaryimage\",\"url\":\"https:\\\/\\\/twinkling.lv\\\/wp-content\\\/uploads\\\/2021\\\/09\\\/EUCERIN-AtopiControl-Roku-krems-75-ml.jpg\",\"contentUrl\":\"https:\\\/\\\/twinkling.lv\\\/wp-content\\\/uploads\\\/2021\\\/09\\\/EUCERIN-AtopiControl-Roku-krems-75-ml.jpg\",\"width\":1000,\"height\":1000,\"caption\":\"EUCERIN AtopiControl Roku krems 75 ml\"},{\"@type\":\"BreadcrumbList\",\"@id\":\"https:\\\/\\\/twinkling.lv\\\/lt\\\/shop\\\/eucerin-atopicontrol-roku-krems-75-ml\\\/#breadcrumb\",\"itemListElement\":[{\"@type\":\"ListItem\",\"position\":1,\"name\":\"\u0413\u043b\u0430\u0432\u043d\u0430\u044f \u0441\u0442\u0440\u0430\u043d\u0438\u0446\u0430\",\"item\":\"https:\\\/\\\/twinkling.lv\\\/lt\\\/\"},{\"@type\":\"ListItem\",\"position\":2,\"name\":\"Parduotuv\u0117\",\"item\":\"https:\\\/\\\/twinkling.lv\\\/lt\\\/shop\\\/\"},{\"@type\":\"ListItem\",\"position\":3,\"name\":\"EUCERIN AtopiControl kremas rankoms 75 ml\"}]},{\"@type\":\"WebSite\",\"@id\":\"https:\\\/\\\/twinkling.lv\\\/lt\\\/#website\",\"url\":\"https:\\\/\\\/twinkling.lv\\\/lt\\\/\",\"name\":\"Twinkling\",\"description\":\"Health and Beauty\",\"publisher\":{\"@id\":\"https:\\\/\\\/twinkling.lv\\\/lt\\\/#organization\"},\"potentialAction\":[{\"@type\":\"SearchAction\",\"target\":{\"@type\":\"EntryPoint\",\"urlTemplate\":\"https:\\\/\\\/twinkling.lv\\\/lt\\\/?s={search_term_string}\"},\"query-input\":{\"@type\":\"PropertyValueSpecification\",\"valueRequired\":true,\"valueName\":\"search_term_string\"}}],\"inLanguage\":\"lt-LT\"},{\"@type\":\"Organization\",\"@id\":\"https:\\\/\\\/twinkling.lv\\\/lt\\\/#organization\",\"name\":\"SIA TORANS\",\"url\":\"https:\\\/\\\/twinkling.lv\\\/lt\\\/\",\"logo\":{\"@type\":\"ImageObject\",\"inLanguage\":\"lt-LT\",\"@id\":\"https:\\\/\\\/twinkling.lv\\\/lt\\\/#\\\/schema\\\/logo\\\/image\\\/\",\"url\":\"https:\\\/\\\/twinkling.lv\\\/wp-content\\\/uploads\\\/2022\\\/02\\\/twinkling-main-logo.jpg\",\"contentUrl\":\"https:\\\/\\\/twinkling.lv\\\/wp-content\\\/uploads\\\/2022\\\/02\\\/twinkling-main-logo.jpg\",\"width\":250,\"height\":100,\"caption\":\"SIA TORANS\"},\"image\":{\"@id\":\"https:\\\/\\\/twinkling.lv\\\/lt\\\/#\\\/schema\\\/logo\\\/image\\\/\"}}]}<\/script>\n<!-- \/ Yoast SEO plugin. -->","yoast_head_json":{"title":"EUCERIN AtopiControl kremas rankoms 75 ml | Twinkling","description":"APIB\u016aDINIMAS Tinka odos prie\u017ei\u016brai su egzema. Spar\u010diai sugeriantis ma\u017eai riebal\u0173 rank\u0173 kremas, kuris r\u016bpinasi sausa, sudirgusi ir nie\u017etinga atopine oda.","robots":{"index":"index","follow":"follow","max-snippet":"max-snippet:-1","max-image-preview":"max-image-preview:large","max-video-preview":"max-video-preview:-1"},"canonical":"https:\/\/twinkling.lv\/lt\/shop\/eucerin-atopicontrol-roku-krems-75-ml\/","og_locale":"lt_LT","og_type":"article","og_title":"EUCERIN AtopiControl kremas rankoms 75 ml | Twinkling","og_description":"APIB\u016aDINIMAS Tinka odos prie\u017ei\u016brai su egzema. Spar\u010diai sugeriantis ma\u017eai riebal\u0173 rank\u0173 kremas, kuris r\u016bpinasi sausa, sudirgusi ir nie\u017etinga atopine oda.","og_url":"https:\/\/twinkling.lv\/lt\/shop\/eucerin-atopicontrol-roku-krems-75-ml\/","og_site_name":"Twinkling","article_modified_time":"2025-02-01T21:37:36+00:00","og_image":[{"width":1000,"height":1000,"url":"https:\/\/twinkling.lv\/wp-content\/uploads\/2021\/09\/EUCERIN-AtopiControl-Roku-krems-75-ml.jpg","type":"image\/jpeg"}],"twitter_card":"summary_large_image","twitter_misc":{"Est. reading time":"1 minut\u0117"},"schema":{"@context":"https:\/\/schema.org","@graph":[{"@type":"WebPage","@id":"https:\/\/twinkling.lv\/lt\/shop\/eucerin-atopicontrol-roku-krems-75-ml\/","url":"https:\/\/twinkling.lv\/lt\/shop\/eucerin-atopicontrol-roku-krems-75-ml\/","name":"EUCERIN AtopiControl kremas rankoms 75 ml | Twinkling","isPartOf":{"@id":"https:\/\/twinkling.lv\/lt\/#website"},"primaryImageOfPage":{"@id":"https:\/\/twinkling.lv\/lt\/shop\/eucerin-atopicontrol-roku-krems-75-ml\/#primaryimage"},"image":{"@id":"https:\/\/twinkling.lv\/lt\/shop\/eucerin-atopicontrol-roku-krems-75-ml\/#primaryimage"},"thumbnailUrl":"https:\/\/twinkling.lv\/wp-content\/uploads\/2021\/09\/EUCERIN-AtopiControl-Roku-krems-75-ml.jpg","datePublished":"2021-09-23T17:39:54+00:00","dateModified":"2025-02-01T21:37:36+00:00","description":"APIB\u016aDINIMAS Tinka odos prie\u017ei\u016brai su egzema. Spar\u010diai sugeriantis ma\u017eai riebal\u0173 rank\u0173 kremas, kuris r\u016bpinasi sausa, sudirgusi ir nie\u017etinga atopine oda.","breadcrumb":{"@id":"https:\/\/twinkling.lv\/lt\/shop\/eucerin-atopicontrol-roku-krems-75-ml\/#breadcrumb"},"inLanguage":"lt-LT","potentialAction":[{"@type":"ReadAction","target":["https:\/\/twinkling.lv\/lt\/shop\/eucerin-atopicontrol-roku-krems-75-ml\/"]}]},{"@type":"ImageObject","inLanguage":"lt-LT","@id":"https:\/\/twinkling.lv\/lt\/shop\/eucerin-atopicontrol-roku-krems-75-ml\/#primaryimage","url":"https:\/\/twinkling.lv\/wp-content\/uploads\/2021\/09\/EUCERIN-AtopiControl-Roku-krems-75-ml.jpg","contentUrl":"https:\/\/twinkling.lv\/wp-content\/uploads\/2021\/09\/EUCERIN-AtopiControl-Roku-krems-75-ml.jpg","width":1000,"height":1000,"caption":"EUCERIN AtopiControl Roku krems 75 ml"},{"@type":"BreadcrumbList","@id":"https:\/\/twinkling.lv\/lt\/shop\/eucerin-atopicontrol-roku-krems-75-ml\/#breadcrumb","itemListElement":[{"@type":"ListItem","position":1,"name":"\u0413\u043b\u0430\u0432\u043d\u0430\u044f \u0441\u0442\u0440\u0430\u043d\u0438\u0446\u0430","item":"https:\/\/twinkling.lv\/lt\/"},{"@type":"ListItem","position":2,"name":"Parduotuv\u0117","item":"https:\/\/twinkling.lv\/lt\/shop\/"},{"@type":"ListItem","position":3,"name":"EUCERIN AtopiControl kremas rankoms 75 ml"}]},{"@type":"WebSite","@id":"https:\/\/twinkling.lv\/lt\/#website","url":"https:\/\/twinkling.lv\/lt\/","name":"Twinkling","description":"Health and Beauty","publisher":{"@id":"https:\/\/twinkling.lv\/lt\/#organization"},"potentialAction":[{"@type":"SearchAction","target":{"@type":"EntryPoint","urlTemplate":"https:\/\/twinkling.lv\/lt\/?s={search_term_string}"},"query-input":{"@type":"PropertyValueSpecification","valueRequired":true,"valueName":"search_term_string"}}],"inLanguage":"lt-LT"},{"@type":"Organization","@id":"https:\/\/twinkling.lv\/lt\/#organization","name":"SIA TORANS","url":"https:\/\/twinkling.lv\/lt\/","logo":{"@type":"ImageObject","inLanguage":"lt-LT","@id":"https:\/\/twinkling.lv\/lt\/#\/schema\/logo\/image\/","url":"https:\/\/twinkling.lv\/wp-content\/uploads\/2022\/02\/twinkling-main-logo.jpg","contentUrl":"https:\/\/twinkling.lv\/wp-content\/uploads\/2022\/02\/twinkling-main-logo.jpg","width":250,"height":100,"caption":"SIA TORANS"},"image":{"@id":"https:\/\/twinkling.lv\/lt\/#\/schema\/logo\/image\/"}}]}},"_links":{"self":[{"href":"https:\/\/twinkling.lv\/lt\/wp-json\/wp\/v2\/product\/13917","targetHints":{"allow":["GET"]}}],"collection":[{"href":"https:\/\/twinkling.lv\/lt\/wp-json\/wp\/v2\/product"}],"about":[{"href":"https:\/\/twinkling.lv\/lt\/wp-json\/wp\/v2\/types\/product"}],"replies":[{"embeddable":true,"href":"https:\/\/twinkling.lv\/lt\/wp-json\/wp\/v2\/comments?post=13917"}],"wp:featuredmedia":[{"embeddable":true,"href":"https:\/\/twinkling.lv\/lt\/wp-json\/wp\/v2\/media\/11996"}],"wp:attachment":[{"href":"https:\/\/twinkling.lv\/lt\/wp-json\/wp\/v2\/media?parent=13917"}],"wp:term":[{"taxonomy":"product_brand","embeddable":true,"href":"https:\/\/twinkling.lv\/lt\/wp-json\/wp\/v2\/product_brand?post=13917"},{"taxonomy":"product_cat","embeddable":true,"href":"https:\/\/twinkling.lv\/lt\/wp-json\/wp\/v2\/product_cat?post=13917"},{"taxonomy":"product_tag","embeddable":true,"href":"https:\/\/twinkling.lv\/lt\/wp-json\/wp\/v2\/product_tag?post=13917"}],"curies":[{"name":"wp","href":"https:\/\/api.w.org\/{rel}","templated":true}]}}