{"id":13916,"date":"2021-09-23T20:39:54","date_gmt":"2021-09-23T17:39:54","guid":{"rendered":"https:\/\/twinkling.lv\/shop\/eucerin-atopicontrol-pretniezes-aerosols-50-ml\/"},"modified":"2025-02-02T00:37:35","modified_gmt":"2025-02-01T21:37:35","slug":"eucerin-atopicontrol-pretniezes-aerosols-50-ml","status":"publish","type":"product","link":"https:\/\/twinkling.lv\/lt\/shop\/eucerin-atopicontrol-pretniezes-aerosols-50-ml\/","title":{"rendered":"EUCERIN AtopiControl Aerozolis nuo nie\u017e\u0117jimo 50 ml"},"content":{"rendered":"<p><strong>APIB\u016aDINIMAS<\/strong><\/p>\n<p>Atopin\u0117 oda sudirgusi, sausa ir nie\u017etinama. \u0160is nie\u017e\u0117jimas sukelia nie\u017e\u0117jimo nie\u017e\u0117jim\u0105, kuris trukdo gerai miegoti ir gali neigiamai paveikti gyvenimo kokyb\u0119. Eucerino atopikontrolio formul\u0117 prie\u0161 nie\u017e\u0117jim\u0105 yra specialiai sukurta siekiant u\u017etikrinti nedelsiant ir ilg\u0105 nie\u017e\u0117jimo suma\u017e\u0117jim\u0105. Klini\u0161kai \u012frodyta, kad odos simptomai suma\u017e\u0117ja per 60 sekund\u017ei\u0173, o rezultatai trunka iki \u0161e\u0161i\u0173 valand\u0173. Novatori\u0161kame pur\u0161kikliuose yra unikalus antipritikini\u0173 ingredient\u0173 rinkinys, kuris neleid\u017eia nie\u017etintis keliais lygmenimis (nuo i\u0161orini\u0173 odos sluoksni\u0173 iki nervinio galo), kad akimirksniu atv\u0117st\u0173, atsipalaiduot\u0173 ir nuramint\u0173 sudirgint\u0105 od\u0105: mentOxyspanediolis v\u0117sina od\u0105 ir veikia poj\u016b\u010dius. ma\u017einantis nie\u017e\u0117jim\u0105; Simsity ramina od\u0105, sustabdo bet kok\u012f deginimo poj\u016bt\u012f ir suma\u017eina paraudim\u0105; Polidokanolio ramina od\u0105, suma\u017eindama nie\u017e\u0117jimo signalus l\u0105steli\u0173 lygyje. Eucerino atopikontrolio aerozolio nuo nie\u017e\u0117jimo idealiai tinka lokalizuoti nie\u017e\u0117jim\u0105, kur\u012f sukelia atopinis dermatitas, ir gali b\u016bti naudojamas atliekant pa\u016bm\u0117jim\u0105 ir tarp j\u0173. Jis yra patogus kelyje ir gali b\u016bti naudojamas naudojant greit\u0105 \u201eEucerin\u201c atopikontrol\u0117s ir (arba) su \u012fprastais vaistais krem\u0105. \u0160is \u0161aunus pur\u0161kiklis be kvapo greitai absorbuojamas, ma\u017eai riebal\u0173 ir n\u0117ra lipnus.<\/p>\n<p><strong>TAIKYMO B\u016aDAS<\/strong><\/p>\n<p>Naudokite tiek da\u017enai, kiek reikia. Pur\u0161kite \u012f paveiktas vietas 15\u201320 cm atstumu. Nepur\u0161kite tiesiai \u012f veid\u0105. Venkite \u012fkv\u0117pimo ir kontakto su akimis. Nenaudokite ant \u017eaizd\u0173, u\u017edegt\u0173 viet\u0173 ar atvir\u0173 pa\u017eeidim\u0173. Nor\u0117dami pasiekti geriausius rezultatus, naudokite juos su eucerino atopikontrol\u0117s plovikliais ir prie\u017ei\u016bros priemon\u0117mis.<\/p>\n<p><strong>SUD\u0116TIS<\/strong><\/p>\n<p>AQUA, GLYCERIN, PARAFFINUM LIQUIDUM, VITIS VINIFERA SEED OIL, OENOTHERA BIENNIS OIL, OCTYLDODECANOL, PEG-7 HYDROGENATED CASTOR OIL, DIMETHICONE, GLYCYRRHIZA INFLATA ROOT EXTRACT, CERAMIDE NP, TOCOPHEROL, OZOKERITE, SORBITAN ISOSTEARATE, METHOXY PEG-22-DODECYL GLYCOL COPOLYMER, PEG-45-DODECYL GLYCOL COPOLYMER, PEG-2 HYDROGENATED CASTOR OIL, HYDROGENATED CASTOR OIL, ASCORBYL PALMITATE, CITRIC ACID, SODIUM CITRATE, MAGNESIUM SULFATE, BHT, 1-2-HEXANEDIOL, PHENOXYETHANOL, POTASSIUM SORBATE.<\/p>\n","protected":false},"excerpt":{"rendered":"<p>APIB\u016aDINIMAS Atopin\u0117 oda sudirgusi, sausa ir nie\u017etinama. \u0160is nie\u017e\u0117jimas sukelia nie\u017e\u0117jimo nie\u017e\u0117jim\u0105, kuris trukdo gerai miegoti ir gali neigiamai paveikti gyvenimo kokyb\u0119. Eucerino atopikontrolio formul\u0117 prie\u0161 nie\u017e\u0117jim\u0105 yra specialiai sukurta siekiant u\u017etikrinti nedelsiant ir ilg\u0105 nie\u017e\u0117jimo suma\u017e\u0117jim\u0105. Klini\u0161kai \u012frodyta, kad odos simptomai suma\u017e\u0117ja per 60 sekund\u017ei\u0173, o rezultatai trunka iki \u0161e\u0161i\u0173 valand\u0173. Novatori\u0161kame pur\u0161kikliuose yra [&#8230;]\n","protected":false},"featured_media":11995,"comment_status":"closed","ping_status":"closed","template":"","meta":[],"product_brand":[],"product_cat":[1511,1428,1360,1417],"product_tag":[],"class_list":{"0":"post-13916","1":"product","2":"type-product","3":"status-publish","4":"has-post-thumbnail","6":"product_cat-eucerin-lt","7":"product_cat-kermenis-lt","8":"product_cat-adas-kopsana-lt","9":"product_cat-zimoli-lt","10":"pa_adas-tips-atopiska-lt","11":"pa_adas-tips-sausa-lt","13":"first","14":"instock","15":"taxable","16":"shipping-taxable","17":"purchasable","18":"product-type-simple"},"yoast_head":"<!-- This site is optimized with the Yoast SEO plugin v27.4 - https:\/\/yoast.com\/product\/yoast-seo-wordpress\/ -->\n<title>EUCERIN AtopiControl Aerozolis nuo nie\u017e\u0117jimo 50 ml | Twinkling<\/title>\n<meta name=\"description\" content=\"APIB\u016aDINIMAS Atopin\u0117 oda sudirgusi, sausa ir nie\u017etinama. \u0160is nie\u017e\u0117jimas sukelia nie\u017e\u0117jimo nie\u017e\u0117jim\u0105, kuris trukdo gerai miegoti ir gali neigiamai paveikti\" \/>\n<meta name=\"robots\" content=\"index, follow, max-snippet:-1, max-image-preview:large, max-video-preview:-1\" \/>\n<link rel=\"canonical\" href=\"https:\/\/twinkling.lv\/lt\/shop\/eucerin-atopicontrol-pretniezes-aerosols-50-ml\/\" \/>\n<meta property=\"og:locale\" content=\"lt_LT\" \/>\n<meta property=\"og:type\" content=\"article\" \/>\n<meta property=\"og:title\" content=\"EUCERIN AtopiControl Aerozolis nuo nie\u017e\u0117jimo 50 ml | Twinkling\" \/>\n<meta property=\"og:description\" content=\"APIB\u016aDINIMAS Atopin\u0117 oda sudirgusi, sausa ir nie\u017etinama. \u0160is nie\u017e\u0117jimas sukelia nie\u017e\u0117jimo nie\u017e\u0117jim\u0105, kuris trukdo gerai miegoti ir gali neigiamai paveikti\" \/>\n<meta property=\"og:url\" content=\"https:\/\/twinkling.lv\/lt\/shop\/eucerin-atopicontrol-pretniezes-aerosols-50-ml\/\" \/>\n<meta property=\"og:site_name\" content=\"Twinkling\" \/>\n<meta property=\"article:modified_time\" content=\"2025-02-01T21:37:35+00:00\" \/>\n<meta property=\"og:image\" content=\"https:\/\/twinkling.lv\/wp-content\/uploads\/2021\/09\/EUCERIN-Atopicontrol-Pretniezes-aerosols-50-ml.jpg\" \/>\n\t<meta property=\"og:image:width\" content=\"1000\" \/>\n\t<meta property=\"og:image:height\" content=\"1000\" \/>\n\t<meta property=\"og:image:type\" content=\"image\/jpeg\" \/>\n<meta name=\"twitter:card\" content=\"summary_large_image\" \/>\n<meta name=\"twitter:label1\" content=\"Est. reading time\" \/>\n\t<meta name=\"twitter:data1\" content=\"2 minut\u0117s\" \/>\n<script type=\"application\/ld+json\" class=\"yoast-schema-graph\">{\"@context\":\"https:\\\/\\\/schema.org\",\"@graph\":[{\"@type\":\"WebPage\",\"@id\":\"https:\\\/\\\/twinkling.lv\\\/lt\\\/shop\\\/eucerin-atopicontrol-pretniezes-aerosols-50-ml\\\/\",\"url\":\"https:\\\/\\\/twinkling.lv\\\/lt\\\/shop\\\/eucerin-atopicontrol-pretniezes-aerosols-50-ml\\\/\",\"name\":\"EUCERIN AtopiControl Aerozolis nuo nie\u017e\u0117jimo 50 ml | Twinkling\",\"isPartOf\":{\"@id\":\"https:\\\/\\\/twinkling.lv\\\/lt\\\/#website\"},\"primaryImageOfPage\":{\"@id\":\"https:\\\/\\\/twinkling.lv\\\/lt\\\/shop\\\/eucerin-atopicontrol-pretniezes-aerosols-50-ml\\\/#primaryimage\"},\"image\":{\"@id\":\"https:\\\/\\\/twinkling.lv\\\/lt\\\/shop\\\/eucerin-atopicontrol-pretniezes-aerosols-50-ml\\\/#primaryimage\"},\"thumbnailUrl\":\"https:\\\/\\\/twinkling.lv\\\/wp-content\\\/uploads\\\/2021\\\/09\\\/EUCERIN-Atopicontrol-Pretniezes-aerosols-50-ml.jpg\",\"datePublished\":\"2021-09-23T17:39:54+00:00\",\"dateModified\":\"2025-02-01T21:37:35+00:00\",\"description\":\"APIB\u016aDINIMAS Atopin\u0117 oda sudirgusi, sausa ir nie\u017etinama. \u0160is nie\u017e\u0117jimas sukelia nie\u017e\u0117jimo nie\u017e\u0117jim\u0105, kuris trukdo gerai miegoti ir gali neigiamai paveikti\",\"breadcrumb\":{\"@id\":\"https:\\\/\\\/twinkling.lv\\\/lt\\\/shop\\\/eucerin-atopicontrol-pretniezes-aerosols-50-ml\\\/#breadcrumb\"},\"inLanguage\":\"lt-LT\",\"potentialAction\":[{\"@type\":\"ReadAction\",\"target\":[\"https:\\\/\\\/twinkling.lv\\\/lt\\\/shop\\\/eucerin-atopicontrol-pretniezes-aerosols-50-ml\\\/\"]}]},{\"@type\":\"ImageObject\",\"inLanguage\":\"lt-LT\",\"@id\":\"https:\\\/\\\/twinkling.lv\\\/lt\\\/shop\\\/eucerin-atopicontrol-pretniezes-aerosols-50-ml\\\/#primaryimage\",\"url\":\"https:\\\/\\\/twinkling.lv\\\/wp-content\\\/uploads\\\/2021\\\/09\\\/EUCERIN-Atopicontrol-Pretniezes-aerosols-50-ml.jpg\",\"contentUrl\":\"https:\\\/\\\/twinkling.lv\\\/wp-content\\\/uploads\\\/2021\\\/09\\\/EUCERIN-Atopicontrol-Pretniezes-aerosols-50-ml.jpg\",\"width\":1000,\"height\":1000,\"caption\":\"EUCERIN Atopicontrol Pretniezes aerosols 50 ml\"},{\"@type\":\"BreadcrumbList\",\"@id\":\"https:\\\/\\\/twinkling.lv\\\/lt\\\/shop\\\/eucerin-atopicontrol-pretniezes-aerosols-50-ml\\\/#breadcrumb\",\"itemListElement\":[{\"@type\":\"ListItem\",\"position\":1,\"name\":\"\u0413\u043b\u0430\u0432\u043d\u0430\u044f \u0441\u0442\u0440\u0430\u043d\u0438\u0446\u0430\",\"item\":\"https:\\\/\\\/twinkling.lv\\\/lt\\\/\"},{\"@type\":\"ListItem\",\"position\":2,\"name\":\"Parduotuv\u0117\",\"item\":\"https:\\\/\\\/twinkling.lv\\\/lt\\\/shop\\\/\"},{\"@type\":\"ListItem\",\"position\":3,\"name\":\"EUCERIN AtopiControl Aerozolis nuo nie\u017e\u0117jimo 50 ml\"}]},{\"@type\":\"WebSite\",\"@id\":\"https:\\\/\\\/twinkling.lv\\\/lt\\\/#website\",\"url\":\"https:\\\/\\\/twinkling.lv\\\/lt\\\/\",\"name\":\"Twinkling\",\"description\":\"Health and Beauty\",\"publisher\":{\"@id\":\"https:\\\/\\\/twinkling.lv\\\/lt\\\/#organization\"},\"potentialAction\":[{\"@type\":\"SearchAction\",\"target\":{\"@type\":\"EntryPoint\",\"urlTemplate\":\"https:\\\/\\\/twinkling.lv\\\/lt\\\/?s={search_term_string}\"},\"query-input\":{\"@type\":\"PropertyValueSpecification\",\"valueRequired\":true,\"valueName\":\"search_term_string\"}}],\"inLanguage\":\"lt-LT\"},{\"@type\":\"Organization\",\"@id\":\"https:\\\/\\\/twinkling.lv\\\/lt\\\/#organization\",\"name\":\"SIA TORANS\",\"url\":\"https:\\\/\\\/twinkling.lv\\\/lt\\\/\",\"logo\":{\"@type\":\"ImageObject\",\"inLanguage\":\"lt-LT\",\"@id\":\"https:\\\/\\\/twinkling.lv\\\/lt\\\/#\\\/schema\\\/logo\\\/image\\\/\",\"url\":\"https:\\\/\\\/twinkling.lv\\\/wp-content\\\/uploads\\\/2022\\\/02\\\/twinkling-main-logo.jpg\",\"contentUrl\":\"https:\\\/\\\/twinkling.lv\\\/wp-content\\\/uploads\\\/2022\\\/02\\\/twinkling-main-logo.jpg\",\"width\":250,\"height\":100,\"caption\":\"SIA TORANS\"},\"image\":{\"@id\":\"https:\\\/\\\/twinkling.lv\\\/lt\\\/#\\\/schema\\\/logo\\\/image\\\/\"}}]}<\/script>\n<!-- \/ Yoast SEO plugin. -->","yoast_head_json":{"title":"EUCERIN AtopiControl Aerozolis nuo nie\u017e\u0117jimo 50 ml | Twinkling","description":"APIB\u016aDINIMAS Atopin\u0117 oda sudirgusi, sausa ir nie\u017etinama. \u0160is nie\u017e\u0117jimas sukelia nie\u017e\u0117jimo nie\u017e\u0117jim\u0105, kuris trukdo gerai miegoti ir gali neigiamai paveikti","robots":{"index":"index","follow":"follow","max-snippet":"max-snippet:-1","max-image-preview":"max-image-preview:large","max-video-preview":"max-video-preview:-1"},"canonical":"https:\/\/twinkling.lv\/lt\/shop\/eucerin-atopicontrol-pretniezes-aerosols-50-ml\/","og_locale":"lt_LT","og_type":"article","og_title":"EUCERIN AtopiControl Aerozolis nuo nie\u017e\u0117jimo 50 ml | Twinkling","og_description":"APIB\u016aDINIMAS Atopin\u0117 oda sudirgusi, sausa ir nie\u017etinama. \u0160is nie\u017e\u0117jimas sukelia nie\u017e\u0117jimo nie\u017e\u0117jim\u0105, kuris trukdo gerai miegoti ir gali neigiamai paveikti","og_url":"https:\/\/twinkling.lv\/lt\/shop\/eucerin-atopicontrol-pretniezes-aerosols-50-ml\/","og_site_name":"Twinkling","article_modified_time":"2025-02-01T21:37:35+00:00","og_image":[{"width":1000,"height":1000,"url":"https:\/\/twinkling.lv\/wp-content\/uploads\/2021\/09\/EUCERIN-Atopicontrol-Pretniezes-aerosols-50-ml.jpg","type":"image\/jpeg"}],"twitter_card":"summary_large_image","twitter_misc":{"Est. reading time":"2 minut\u0117s"},"schema":{"@context":"https:\/\/schema.org","@graph":[{"@type":"WebPage","@id":"https:\/\/twinkling.lv\/lt\/shop\/eucerin-atopicontrol-pretniezes-aerosols-50-ml\/","url":"https:\/\/twinkling.lv\/lt\/shop\/eucerin-atopicontrol-pretniezes-aerosols-50-ml\/","name":"EUCERIN AtopiControl Aerozolis nuo nie\u017e\u0117jimo 50 ml | Twinkling","isPartOf":{"@id":"https:\/\/twinkling.lv\/lt\/#website"},"primaryImageOfPage":{"@id":"https:\/\/twinkling.lv\/lt\/shop\/eucerin-atopicontrol-pretniezes-aerosols-50-ml\/#primaryimage"},"image":{"@id":"https:\/\/twinkling.lv\/lt\/shop\/eucerin-atopicontrol-pretniezes-aerosols-50-ml\/#primaryimage"},"thumbnailUrl":"https:\/\/twinkling.lv\/wp-content\/uploads\/2021\/09\/EUCERIN-Atopicontrol-Pretniezes-aerosols-50-ml.jpg","datePublished":"2021-09-23T17:39:54+00:00","dateModified":"2025-02-01T21:37:35+00:00","description":"APIB\u016aDINIMAS Atopin\u0117 oda sudirgusi, sausa ir nie\u017etinama. \u0160is nie\u017e\u0117jimas sukelia nie\u017e\u0117jimo nie\u017e\u0117jim\u0105, kuris trukdo gerai miegoti ir gali neigiamai paveikti","breadcrumb":{"@id":"https:\/\/twinkling.lv\/lt\/shop\/eucerin-atopicontrol-pretniezes-aerosols-50-ml\/#breadcrumb"},"inLanguage":"lt-LT","potentialAction":[{"@type":"ReadAction","target":["https:\/\/twinkling.lv\/lt\/shop\/eucerin-atopicontrol-pretniezes-aerosols-50-ml\/"]}]},{"@type":"ImageObject","inLanguage":"lt-LT","@id":"https:\/\/twinkling.lv\/lt\/shop\/eucerin-atopicontrol-pretniezes-aerosols-50-ml\/#primaryimage","url":"https:\/\/twinkling.lv\/wp-content\/uploads\/2021\/09\/EUCERIN-Atopicontrol-Pretniezes-aerosols-50-ml.jpg","contentUrl":"https:\/\/twinkling.lv\/wp-content\/uploads\/2021\/09\/EUCERIN-Atopicontrol-Pretniezes-aerosols-50-ml.jpg","width":1000,"height":1000,"caption":"EUCERIN Atopicontrol Pretniezes aerosols 50 ml"},{"@type":"BreadcrumbList","@id":"https:\/\/twinkling.lv\/lt\/shop\/eucerin-atopicontrol-pretniezes-aerosols-50-ml\/#breadcrumb","itemListElement":[{"@type":"ListItem","position":1,"name":"\u0413\u043b\u0430\u0432\u043d\u0430\u044f \u0441\u0442\u0440\u0430\u043d\u0438\u0446\u0430","item":"https:\/\/twinkling.lv\/lt\/"},{"@type":"ListItem","position":2,"name":"Parduotuv\u0117","item":"https:\/\/twinkling.lv\/lt\/shop\/"},{"@type":"ListItem","position":3,"name":"EUCERIN AtopiControl Aerozolis nuo nie\u017e\u0117jimo 50 ml"}]},{"@type":"WebSite","@id":"https:\/\/twinkling.lv\/lt\/#website","url":"https:\/\/twinkling.lv\/lt\/","name":"Twinkling","description":"Health and Beauty","publisher":{"@id":"https:\/\/twinkling.lv\/lt\/#organization"},"potentialAction":[{"@type":"SearchAction","target":{"@type":"EntryPoint","urlTemplate":"https:\/\/twinkling.lv\/lt\/?s={search_term_string}"},"query-input":{"@type":"PropertyValueSpecification","valueRequired":true,"valueName":"search_term_string"}}],"inLanguage":"lt-LT"},{"@type":"Organization","@id":"https:\/\/twinkling.lv\/lt\/#organization","name":"SIA TORANS","url":"https:\/\/twinkling.lv\/lt\/","logo":{"@type":"ImageObject","inLanguage":"lt-LT","@id":"https:\/\/twinkling.lv\/lt\/#\/schema\/logo\/image\/","url":"https:\/\/twinkling.lv\/wp-content\/uploads\/2022\/02\/twinkling-main-logo.jpg","contentUrl":"https:\/\/twinkling.lv\/wp-content\/uploads\/2022\/02\/twinkling-main-logo.jpg","width":250,"height":100,"caption":"SIA TORANS"},"image":{"@id":"https:\/\/twinkling.lv\/lt\/#\/schema\/logo\/image\/"}}]}},"_links":{"self":[{"href":"https:\/\/twinkling.lv\/lt\/wp-json\/wp\/v2\/product\/13916","targetHints":{"allow":["GET"]}}],"collection":[{"href":"https:\/\/twinkling.lv\/lt\/wp-json\/wp\/v2\/product"}],"about":[{"href":"https:\/\/twinkling.lv\/lt\/wp-json\/wp\/v2\/types\/product"}],"replies":[{"embeddable":true,"href":"https:\/\/twinkling.lv\/lt\/wp-json\/wp\/v2\/comments?post=13916"}],"wp:featuredmedia":[{"embeddable":true,"href":"https:\/\/twinkling.lv\/lt\/wp-json\/wp\/v2\/media\/11995"}],"wp:attachment":[{"href":"https:\/\/twinkling.lv\/lt\/wp-json\/wp\/v2\/media?parent=13916"}],"wp:term":[{"taxonomy":"product_brand","embeddable":true,"href":"https:\/\/twinkling.lv\/lt\/wp-json\/wp\/v2\/product_brand?post=13916"},{"taxonomy":"product_cat","embeddable":true,"href":"https:\/\/twinkling.lv\/lt\/wp-json\/wp\/v2\/product_cat?post=13916"},{"taxonomy":"product_tag","embeddable":true,"href":"https:\/\/twinkling.lv\/lt\/wp-json\/wp\/v2\/product_tag?post=13916"}],"curies":[{"name":"wp","href":"https:\/\/api.w.org\/{rel}","templated":true}]}}