{"id":13623,"date":"2022-02-09T17:51:42","date_gmt":"2022-02-09T14:51:42","guid":{"rendered":"https:\/\/twinkling.lv\/shop\/immunace-ar-ehinaciju-tabletes-30-gab\/"},"modified":"2025-02-02T00:42:08","modified_gmt":"2025-02-01T21:42:08","slug":"immunace-ar-ehinaciju-tabletes-30-gab","status":"publish","type":"product","link":"https:\/\/twinkling.lv\/lt\/shop\/immunace-ar-ehinaciju-tabletes-30-gab\/","title":{"rendered":"IMMUNACE su e\u017eiuol\u0117s tablet\u0117mis N30"},"content":{"rendered":"<p><strong>APIB\u016aDINIMAS<\/strong><\/p>\n<p>\u201eImmunace\u00ae\u201c suk\u016br\u0117 vitabiotik\u0173 ekspertai, kad suteikt\u0173 patobulint\u0105 mikroelement\u0173 formul\u0119, kuri pad\u0117s i\u0161laikyti bendr\u0105 sveikat\u0105. \u201eImmunace\u00ae\u201c yra maistini\u0173 med\u017eiag\u0173, stimuliuojan\u010di\u0173 normali\u0105 imunin\u0119 sistem\u0105: Echinacea stimuliuoja nat\u016brali\u0105 k\u016bno imunin\u0119 sistem\u0105, vitamin\u0105 D, cink\u0105 ir selen\u0105, kuris stimuliuoja imunin\u0119 sistem\u0105, ir foles, stimuliuojan\u010dias normal\u0173 kraujo gamyb\u0105. Vitaminai C ir E padeda apsaugoti l\u0105steles nuo oksidacinio streso. Suteikite b\u016btin\u0105 dienos vitamino C doz\u0119<\/p>\n<p><strong>TAIKYMO B\u016aDAS<\/strong><\/p>\n<p>Paimkite 1 tablet\u0119 per dien\u0105, pagrindinio patiekalo metu gerkite stiklin\u0119 vandens, pieno ar sul\u010di\u0173.<br \/>\n Nekramtykite. Nevir\u0161ykite rekomenduojamos dienos doz\u0117s. Neimkite tu\u0161\u010dio skrand\u017eio. Maisto papildai nepakei\u010dia pilnos, subalansuotos mitybos. Prie\u0161 naudodamiesi gydytoju ar vaistininku, jei esate pri\u017ei\u016brimi gydytojo, n\u0117\u0161\u010di\u0173, \u017eindymo ar ken\u010diate nuo maisto alergijos. Laikykite iki +25 \u00b0 C temperat\u016broje sausoje vietoje, neprieinam\u0105 vaikams. Apsaugokite nuo saul\u0117s ir tiesiogini\u0173 \u0161ilumos \u0161altini\u0173.<\/p>\n<p><strong>SUD\u0116TIS<\/strong><\/p>\n<p>Gele\u017eis &#8211; 8 mg, cinkas &#8211; 15 mg, vario &#8211; 500 mcg, manganas &#8211; 4 mg, selenas &#8211; 180 \u03bcg, chromo &#8211; 100 \u03bcg, magnis &#8211; 60 mg calcium phosphate (E 341), potato starch, microcrystalline cellulose (E 460), talc (E 553B), polyvinylpyrrolidon (E 1201), hydroxypropylmethyl cellulose (E 464), titanium dioxide (E 171), polyvinyl polypyrrolidon (E 1202), Magnio riebal\u0173 r\u016bg\u0161\u010di\u0173 (E470B), silicio dioksido (E551), L -cisteino &#8211; 40 mg, etilo celiulioz\u0117s (E 462), propileno glikolio (E 1520), L -karnitin &#8211; 30 mg, akacin\u0117s dervos (E410), acacia dezinin\u0117s dervos (E551) magnio druskos (E551). , iron oxides (E 172), alpha oxides -tocopherol (E307), corn starch, sucrose, maltodextrin, triglycerides with an average length of the chain, butylhydroxianizol (BHA) (E320), water, extract of leaves and colors of the purple (Echinacea Purpure) &#8211; 112,5 mg, vitamino A &#8211; 800 \u03bcg RE, vitamino D &#8211; 10 \u03bcg, vitamino E &#8211; 40 mg alfa -te, vitamino C &#8211; 150 mg, vitamino B1 &#8211; 18 mg, vitamino B2 &#8211; 6 mg, vitamino B6 B6 vitaminas B6. Vitaminas B6 B6 vitaminas B6. &#8211; 10 mg, vitaminas B12 &#8211; 14 \u03bcg, niacinas &#8211; 27 m G NE, pantoteno r\u016bg\u0161tis &#8211; 20 mg, folio r\u016bg\u0161tis &#8211; 400 \u03bcg.<\/p>\n","protected":false},"excerpt":{"rendered":"<p><span style=\"color: #0000ff;\"><a style=\"color: #0000ff;\" href=\"https:\/\/registri.pvd.gov.lv\/ub\/dati?p_id=4778\" target=\"_blank\" rel=\"noopener\">Produkto Apra\u0161ymas<\/a><\/span><\/p>\n","protected":false},"featured_media":12416,"comment_status":"closed","ping_status":"closed","template":"","meta":[],"product_brand":[],"product_cat":[1473,1381,1382,1417,1901,1407],"product_tag":[],"class_list":{"0":"post-13623","1":"product","2":"type-product","3":"status-publish","4":"has-post-thumbnail","6":"product_cat-imunitatei-lt","7":"product_cat-veselibai-lt","8":"product_cat-uztura-bagatinataji-lt","9":"product_cat-zimoli-lt","10":"product_cat-vitabiotics-lt","11":"product_cat-mineralvielu-un-vitaminu-kompleksi-lt","13":"first","14":"instock","15":"taxable","16":"shipping-taxable","17":"purchasable","18":"product-type-simple"},"yoast_head":"<!-- This site is optimized with the Yoast SEO plugin v27.4 - https:\/\/yoast.com\/product\/yoast-seo-wordpress\/ -->\n<title>IMMUNACE su e\u017eiuol\u0117s tablet\u0117mis N30 | Twinkling<\/title>\n<meta name=\"description\" content=\"Produkto Apra\u0161ymas\" \/>\n<meta name=\"robots\" content=\"index, follow, max-snippet:-1, max-image-preview:large, max-video-preview:-1\" \/>\n<link rel=\"canonical\" href=\"https:\/\/twinkling.lv\/lt\/shop\/immunace-ar-ehinaciju-tabletes-30-gab\/\" \/>\n<meta property=\"og:locale\" content=\"lt_LT\" \/>\n<meta property=\"og:type\" content=\"article\" \/>\n<meta property=\"og:title\" content=\"IMMUNACE su e\u017eiuol\u0117s tablet\u0117mis N30 | Twinkling\" \/>\n<meta property=\"og:description\" content=\"Produkto Apra\u0161ymas\" \/>\n<meta property=\"og:url\" content=\"https:\/\/twinkling.lv\/lt\/shop\/immunace-ar-ehinaciju-tabletes-30-gab\/\" \/>\n<meta property=\"og:site_name\" content=\"Twinkling\" \/>\n<meta property=\"article:modified_time\" content=\"2025-02-01T21:42:08+00:00\" \/>\n<meta property=\"og:image\" content=\"https:\/\/twinkling.lv\/wp-content\/uploads\/2022\/02\/IMMUNACE-ar-ehinaciju-tabletes-30-gab.jpg\" \/>\n\t<meta property=\"og:image:width\" content=\"1000\" \/>\n\t<meta property=\"og:image:height\" content=\"1000\" \/>\n\t<meta property=\"og:image:type\" content=\"image\/jpeg\" \/>\n<meta name=\"twitter:card\" content=\"summary_large_image\" \/>\n<meta name=\"twitter:label1\" content=\"Est. reading time\" \/>\n\t<meta name=\"twitter:data1\" content=\"2 minut\u0117s\" \/>\n<script type=\"application\/ld+json\" class=\"yoast-schema-graph\">{\"@context\":\"https:\\\/\\\/schema.org\",\"@graph\":[{\"@type\":\"WebPage\",\"@id\":\"https:\\\/\\\/twinkling.lv\\\/lt\\\/shop\\\/immunace-ar-ehinaciju-tabletes-30-gab\\\/\",\"url\":\"https:\\\/\\\/twinkling.lv\\\/lt\\\/shop\\\/immunace-ar-ehinaciju-tabletes-30-gab\\\/\",\"name\":\"IMMUNACE su e\u017eiuol\u0117s tablet\u0117mis N30 | Twinkling\",\"isPartOf\":{\"@id\":\"https:\\\/\\\/twinkling.lv\\\/lt\\\/#website\"},\"primaryImageOfPage\":{\"@id\":\"https:\\\/\\\/twinkling.lv\\\/lt\\\/shop\\\/immunace-ar-ehinaciju-tabletes-30-gab\\\/#primaryimage\"},\"image\":{\"@id\":\"https:\\\/\\\/twinkling.lv\\\/lt\\\/shop\\\/immunace-ar-ehinaciju-tabletes-30-gab\\\/#primaryimage\"},\"thumbnailUrl\":\"https:\\\/\\\/twinkling.lv\\\/wp-content\\\/uploads\\\/2022\\\/02\\\/IMMUNACE-ar-ehinaciju-tabletes-30-gab.jpg\",\"datePublished\":\"2022-02-09T14:51:42+00:00\",\"dateModified\":\"2025-02-01T21:42:08+00:00\",\"description\":\"Produkto Apra\u0161ymas\",\"breadcrumb\":{\"@id\":\"https:\\\/\\\/twinkling.lv\\\/lt\\\/shop\\\/immunace-ar-ehinaciju-tabletes-30-gab\\\/#breadcrumb\"},\"inLanguage\":\"lt-LT\",\"potentialAction\":[{\"@type\":\"ReadAction\",\"target\":[\"https:\\\/\\\/twinkling.lv\\\/lt\\\/shop\\\/immunace-ar-ehinaciju-tabletes-30-gab\\\/\"]}]},{\"@type\":\"ImageObject\",\"inLanguage\":\"lt-LT\",\"@id\":\"https:\\\/\\\/twinkling.lv\\\/lt\\\/shop\\\/immunace-ar-ehinaciju-tabletes-30-gab\\\/#primaryimage\",\"url\":\"https:\\\/\\\/twinkling.lv\\\/wp-content\\\/uploads\\\/2022\\\/02\\\/IMMUNACE-ar-ehinaciju-tabletes-30-gab.jpg\",\"contentUrl\":\"https:\\\/\\\/twinkling.lv\\\/wp-content\\\/uploads\\\/2022\\\/02\\\/IMMUNACE-ar-ehinaciju-tabletes-30-gab.jpg\",\"width\":1000,\"height\":1000},{\"@type\":\"BreadcrumbList\",\"@id\":\"https:\\\/\\\/twinkling.lv\\\/lt\\\/shop\\\/immunace-ar-ehinaciju-tabletes-30-gab\\\/#breadcrumb\",\"itemListElement\":[{\"@type\":\"ListItem\",\"position\":1,\"name\":\"\u0413\u043b\u0430\u0432\u043d\u0430\u044f \u0441\u0442\u0440\u0430\u043d\u0438\u0446\u0430\",\"item\":\"https:\\\/\\\/twinkling.lv\\\/lt\\\/\"},{\"@type\":\"ListItem\",\"position\":2,\"name\":\"Parduotuv\u0117\",\"item\":\"https:\\\/\\\/twinkling.lv\\\/lt\\\/shop\\\/\"},{\"@type\":\"ListItem\",\"position\":3,\"name\":\"IMMUNACE su e\u017eiuol\u0117s tablet\u0117mis N30\"}]},{\"@type\":\"WebSite\",\"@id\":\"https:\\\/\\\/twinkling.lv\\\/lt\\\/#website\",\"url\":\"https:\\\/\\\/twinkling.lv\\\/lt\\\/\",\"name\":\"Twinkling\",\"description\":\"Health and Beauty\",\"publisher\":{\"@id\":\"https:\\\/\\\/twinkling.lv\\\/lt\\\/#organization\"},\"potentialAction\":[{\"@type\":\"SearchAction\",\"target\":{\"@type\":\"EntryPoint\",\"urlTemplate\":\"https:\\\/\\\/twinkling.lv\\\/lt\\\/?s={search_term_string}\"},\"query-input\":{\"@type\":\"PropertyValueSpecification\",\"valueRequired\":true,\"valueName\":\"search_term_string\"}}],\"inLanguage\":\"lt-LT\"},{\"@type\":\"Organization\",\"@id\":\"https:\\\/\\\/twinkling.lv\\\/lt\\\/#organization\",\"name\":\"SIA TORANS\",\"url\":\"https:\\\/\\\/twinkling.lv\\\/lt\\\/\",\"logo\":{\"@type\":\"ImageObject\",\"inLanguage\":\"lt-LT\",\"@id\":\"https:\\\/\\\/twinkling.lv\\\/lt\\\/#\\\/schema\\\/logo\\\/image\\\/\",\"url\":\"https:\\\/\\\/twinkling.lv\\\/wp-content\\\/uploads\\\/2022\\\/02\\\/twinkling-main-logo.jpg\",\"contentUrl\":\"https:\\\/\\\/twinkling.lv\\\/wp-content\\\/uploads\\\/2022\\\/02\\\/twinkling-main-logo.jpg\",\"width\":250,\"height\":100,\"caption\":\"SIA TORANS\"},\"image\":{\"@id\":\"https:\\\/\\\/twinkling.lv\\\/lt\\\/#\\\/schema\\\/logo\\\/image\\\/\"}}]}<\/script>\n<!-- \/ Yoast SEO plugin. -->","yoast_head_json":{"title":"IMMUNACE su e\u017eiuol\u0117s tablet\u0117mis N30 | Twinkling","description":"Produkto Apra\u0161ymas","robots":{"index":"index","follow":"follow","max-snippet":"max-snippet:-1","max-image-preview":"max-image-preview:large","max-video-preview":"max-video-preview:-1"},"canonical":"https:\/\/twinkling.lv\/lt\/shop\/immunace-ar-ehinaciju-tabletes-30-gab\/","og_locale":"lt_LT","og_type":"article","og_title":"IMMUNACE su e\u017eiuol\u0117s tablet\u0117mis N30 | Twinkling","og_description":"Produkto Apra\u0161ymas","og_url":"https:\/\/twinkling.lv\/lt\/shop\/immunace-ar-ehinaciju-tabletes-30-gab\/","og_site_name":"Twinkling","article_modified_time":"2025-02-01T21:42:08+00:00","og_image":[{"width":1000,"height":1000,"url":"https:\/\/twinkling.lv\/wp-content\/uploads\/2022\/02\/IMMUNACE-ar-ehinaciju-tabletes-30-gab.jpg","type":"image\/jpeg"}],"twitter_card":"summary_large_image","twitter_misc":{"Est. reading time":"2 minut\u0117s"},"schema":{"@context":"https:\/\/schema.org","@graph":[{"@type":"WebPage","@id":"https:\/\/twinkling.lv\/lt\/shop\/immunace-ar-ehinaciju-tabletes-30-gab\/","url":"https:\/\/twinkling.lv\/lt\/shop\/immunace-ar-ehinaciju-tabletes-30-gab\/","name":"IMMUNACE su e\u017eiuol\u0117s tablet\u0117mis N30 | Twinkling","isPartOf":{"@id":"https:\/\/twinkling.lv\/lt\/#website"},"primaryImageOfPage":{"@id":"https:\/\/twinkling.lv\/lt\/shop\/immunace-ar-ehinaciju-tabletes-30-gab\/#primaryimage"},"image":{"@id":"https:\/\/twinkling.lv\/lt\/shop\/immunace-ar-ehinaciju-tabletes-30-gab\/#primaryimage"},"thumbnailUrl":"https:\/\/twinkling.lv\/wp-content\/uploads\/2022\/02\/IMMUNACE-ar-ehinaciju-tabletes-30-gab.jpg","datePublished":"2022-02-09T14:51:42+00:00","dateModified":"2025-02-01T21:42:08+00:00","description":"Produkto Apra\u0161ymas","breadcrumb":{"@id":"https:\/\/twinkling.lv\/lt\/shop\/immunace-ar-ehinaciju-tabletes-30-gab\/#breadcrumb"},"inLanguage":"lt-LT","potentialAction":[{"@type":"ReadAction","target":["https:\/\/twinkling.lv\/lt\/shop\/immunace-ar-ehinaciju-tabletes-30-gab\/"]}]},{"@type":"ImageObject","inLanguage":"lt-LT","@id":"https:\/\/twinkling.lv\/lt\/shop\/immunace-ar-ehinaciju-tabletes-30-gab\/#primaryimage","url":"https:\/\/twinkling.lv\/wp-content\/uploads\/2022\/02\/IMMUNACE-ar-ehinaciju-tabletes-30-gab.jpg","contentUrl":"https:\/\/twinkling.lv\/wp-content\/uploads\/2022\/02\/IMMUNACE-ar-ehinaciju-tabletes-30-gab.jpg","width":1000,"height":1000},{"@type":"BreadcrumbList","@id":"https:\/\/twinkling.lv\/lt\/shop\/immunace-ar-ehinaciju-tabletes-30-gab\/#breadcrumb","itemListElement":[{"@type":"ListItem","position":1,"name":"\u0413\u043b\u0430\u0432\u043d\u0430\u044f \u0441\u0442\u0440\u0430\u043d\u0438\u0446\u0430","item":"https:\/\/twinkling.lv\/lt\/"},{"@type":"ListItem","position":2,"name":"Parduotuv\u0117","item":"https:\/\/twinkling.lv\/lt\/shop\/"},{"@type":"ListItem","position":3,"name":"IMMUNACE su e\u017eiuol\u0117s tablet\u0117mis N30"}]},{"@type":"WebSite","@id":"https:\/\/twinkling.lv\/lt\/#website","url":"https:\/\/twinkling.lv\/lt\/","name":"Twinkling","description":"Health and Beauty","publisher":{"@id":"https:\/\/twinkling.lv\/lt\/#organization"},"potentialAction":[{"@type":"SearchAction","target":{"@type":"EntryPoint","urlTemplate":"https:\/\/twinkling.lv\/lt\/?s={search_term_string}"},"query-input":{"@type":"PropertyValueSpecification","valueRequired":true,"valueName":"search_term_string"}}],"inLanguage":"lt-LT"},{"@type":"Organization","@id":"https:\/\/twinkling.lv\/lt\/#organization","name":"SIA TORANS","url":"https:\/\/twinkling.lv\/lt\/","logo":{"@type":"ImageObject","inLanguage":"lt-LT","@id":"https:\/\/twinkling.lv\/lt\/#\/schema\/logo\/image\/","url":"https:\/\/twinkling.lv\/wp-content\/uploads\/2022\/02\/twinkling-main-logo.jpg","contentUrl":"https:\/\/twinkling.lv\/wp-content\/uploads\/2022\/02\/twinkling-main-logo.jpg","width":250,"height":100,"caption":"SIA TORANS"},"image":{"@id":"https:\/\/twinkling.lv\/lt\/#\/schema\/logo\/image\/"}}]}},"_links":{"self":[{"href":"https:\/\/twinkling.lv\/lt\/wp-json\/wp\/v2\/product\/13623","targetHints":{"allow":["GET"]}}],"collection":[{"href":"https:\/\/twinkling.lv\/lt\/wp-json\/wp\/v2\/product"}],"about":[{"href":"https:\/\/twinkling.lv\/lt\/wp-json\/wp\/v2\/types\/product"}],"replies":[{"embeddable":true,"href":"https:\/\/twinkling.lv\/lt\/wp-json\/wp\/v2\/comments?post=13623"}],"wp:featuredmedia":[{"embeddable":true,"href":"https:\/\/twinkling.lv\/lt\/wp-json\/wp\/v2\/media\/12416"}],"wp:attachment":[{"href":"https:\/\/twinkling.lv\/lt\/wp-json\/wp\/v2\/media?parent=13623"}],"wp:term":[{"taxonomy":"product_brand","embeddable":true,"href":"https:\/\/twinkling.lv\/lt\/wp-json\/wp\/v2\/product_brand?post=13623"},{"taxonomy":"product_cat","embeddable":true,"href":"https:\/\/twinkling.lv\/lt\/wp-json\/wp\/v2\/product_cat?post=13623"},{"taxonomy":"product_tag","embeddable":true,"href":"https:\/\/twinkling.lv\/lt\/wp-json\/wp\/v2\/product_tag?post=13623"}],"curies":[{"name":"wp","href":"https:\/\/api.w.org\/{rel}","templated":true}]}}