{"id":99030,"date":"2024-11-10T14:20:00","date_gmt":"2024-11-10T11:20:00","guid":{"rendered":"https:\/\/twinkling.lv\/shop\/cicasilver-aerosols-125-ml\/"},"modified":"2025-02-02T15:06:08","modified_gmt":"2025-02-02T12:06:08","slug":"cicasilver-aerosols-125-ml","status":"publish","type":"product","link":"https:\/\/twinkling.lv\/et\/shop\/cicasilver-aerosols-125-ml\/","title":{"rendered":"CICASILVER aerosool 125 ml"},"content":{"rendered":"<p><strong>KIRJELDUS<\/strong><\/p>\n<p>Cicasilver\u00ae on nahale m\u00f5eldud puudrisprei. Niisutavate ja kilet moodustavate omadustega h\u00fcaluroonhape, E-vitamiin ja akaatsia kollageen loovad veevarus\u00fcsteemi, mis on v\u00f5imeline tagama piisava niisutuse haava mikrokeskkonnas, aidates seel\u00e4bi taastada ja s\u00e4ilitada nahapinna niisutavaid omadusi, samuti m\u00f5jutada kudede paranemise f\u00fcsioloogilist protsessi.<\/p>\n<p><strong>RAKENDUSVIIS<\/strong><\/p>\n<p>Enne kasutamist loksutage korralikult. Hoidke pudelit p\u00fcsti. Vajutage doseerimisklappi. Kasutage kaks v\u00f5i kolm korda p\u00e4evas, moodustades \u00f5hukese pulbrikihi. Optimaalse tulemuse saavutamiseks tuleb haav enne preparaadi pealekandmist pesta steriilse f\u00fcsioloogilise lahusega.<\/p>\n<p><strong>TOOTE KOOSTIS<\/strong><\/p>\n<p>H\u00fcaluroonhape, akaatsiakalogeen, mikroniseeritud h\u00f5be, E-vitamiin, mandli\u00f5li, r\u00e4ni, t\u00e4rklise alumiiniumsool.<\/p>\n","protected":false},"excerpt":{"rendered":"<p>KIRJELDUS Cicasilver\u00ae on nahale m\u00f5eldud puudrisprei. Niisutavate ja kilet moodustavate omadustega h\u00fcaluroonhape, E-vitamiin ja akaatsia kollageen loovad veevarus\u00fcsteemi, mis on v\u00f5imeline tagama piisava niisutuse haava mikrokeskkonnas, aidates seel\u00e4bi taastada ja s\u00e4ilitada nahapinna niisutavaid omadusi, samuti m\u00f5jutada kudede paranemise f\u00fcsioloogilist protsessi. RAKENDUSVIIS Enne kasutamist loksutage korralikult. Hoidke pudelit p\u00fcsti. Vajutage doseerimisklappi. Kasutage kaks v\u00f5i kolm korda [&#8230;]\n","protected":false},"featured_media":90576,"comment_status":"open","ping_status":"closed","template":"","meta":[],"product_brand":[],"product_cat":[3074],"product_tag":[],"class_list":{"0":"post-99030","1":"product","2":"type-product","3":"status-publish","4":"has-post-thumbnail","6":"product_cat-bez-kategorijas-et","8":"first","9":"instock","10":"taxable","11":"shipping-taxable","12":"purchasable","13":"product-type-simple"},"yoast_head":"<!-- This site is optimized with the Yoast SEO plugin v27.4 - https:\/\/yoast.com\/product\/yoast-seo-wordpress\/ -->\n<title>CICASILVER aerosool 125 ml | Twinkling<\/title>\n<meta name=\"description\" content=\"KIRJELDUS Cicasilver\u00ae on nahale m\u00f5eldud puudrisprei. Niisutavate ja kilet moodustavate omadustega h\u00fcaluroonhape, E-vitamiin ja akaatsia kollageen loovad\" \/>\n<meta name=\"robots\" content=\"index, follow, max-snippet:-1, max-image-preview:large, max-video-preview:-1\" \/>\n<link rel=\"canonical\" href=\"https:\/\/twinkling.lv\/et\/shop\/cicasilver-aerosols-125-ml\/\" \/>\n<meta property=\"og:locale\" content=\"et_EE\" \/>\n<meta property=\"og:type\" content=\"article\" \/>\n<meta property=\"og:title\" content=\"CICASILVER aerosool 125 ml | Twinkling\" \/>\n<meta property=\"og:description\" content=\"KIRJELDUS Cicasilver\u00ae on nahale m\u00f5eldud puudrisprei. Niisutavate ja kilet moodustavate omadustega h\u00fcaluroonhape, E-vitamiin ja akaatsia kollageen loovad\" \/>\n<meta property=\"og:url\" content=\"https:\/\/twinkling.lv\/et\/shop\/cicasilver-aerosols-125-ml\/\" \/>\n<meta property=\"og:site_name\" content=\"Twinkling\" \/>\n<meta property=\"article:modified_time\" content=\"2025-02-02T12:06:08+00:00\" \/>\n<meta property=\"og:image\" content=\"https:\/\/twinkling.lv\/wp-content\/uploads\/2024\/11\/CICASILVER-aerosols-125-ml.jpg\" \/>\n\t<meta property=\"og:image:width\" content=\"900\" \/>\n\t<meta property=\"og:image:height\" content=\"900\" \/>\n\t<meta property=\"og:image:type\" content=\"image\/jpeg\" \/>\n<meta name=\"twitter:card\" content=\"summary_large_image\" \/>\n<script type=\"application\/ld+json\" class=\"yoast-schema-graph\">{\"@context\":\"https:\\\/\\\/schema.org\",\"@graph\":[{\"@type\":\"WebPage\",\"@id\":\"https:\\\/\\\/twinkling.lv\\\/et\\\/shop\\\/cicasilver-aerosols-125-ml\\\/\",\"url\":\"https:\\\/\\\/twinkling.lv\\\/et\\\/shop\\\/cicasilver-aerosols-125-ml\\\/\",\"name\":\"CICASILVER aerosool 125 ml | Twinkling\",\"isPartOf\":{\"@id\":\"https:\\\/\\\/twinkling.lv\\\/et\\\/#website\"},\"primaryImageOfPage\":{\"@id\":\"https:\\\/\\\/twinkling.lv\\\/et\\\/shop\\\/cicasilver-aerosols-125-ml\\\/#primaryimage\"},\"image\":{\"@id\":\"https:\\\/\\\/twinkling.lv\\\/et\\\/shop\\\/cicasilver-aerosols-125-ml\\\/#primaryimage\"},\"thumbnailUrl\":\"https:\\\/\\\/twinkling.lv\\\/wp-content\\\/uploads\\\/2024\\\/11\\\/CICASILVER-aerosols-125-ml.jpg\",\"datePublished\":\"2024-11-10T11:20:00+00:00\",\"dateModified\":\"2025-02-02T12:06:08+00:00\",\"description\":\"KIRJELDUS Cicasilver\u00ae on nahale m\u00f5eldud puudrisprei. Niisutavate ja kilet moodustavate omadustega h\u00fcaluroonhape, E-vitamiin ja akaatsia kollageen loovad\",\"breadcrumb\":{\"@id\":\"https:\\\/\\\/twinkling.lv\\\/et\\\/shop\\\/cicasilver-aerosols-125-ml\\\/#breadcrumb\"},\"inLanguage\":\"et\",\"potentialAction\":[{\"@type\":\"ReadAction\",\"target\":[\"https:\\\/\\\/twinkling.lv\\\/et\\\/shop\\\/cicasilver-aerosols-125-ml\\\/\"]}]},{\"@type\":\"ImageObject\",\"inLanguage\":\"et\",\"@id\":\"https:\\\/\\\/twinkling.lv\\\/et\\\/shop\\\/cicasilver-aerosols-125-ml\\\/#primaryimage\",\"url\":\"https:\\\/\\\/twinkling.lv\\\/wp-content\\\/uploads\\\/2024\\\/11\\\/CICASILVER-aerosols-125-ml.jpg\",\"contentUrl\":\"https:\\\/\\\/twinkling.lv\\\/wp-content\\\/uploads\\\/2024\\\/11\\\/CICASILVER-aerosols-125-ml.jpg\",\"width\":900,\"height\":900},{\"@type\":\"BreadcrumbList\",\"@id\":\"https:\\\/\\\/twinkling.lv\\\/et\\\/shop\\\/cicasilver-aerosols-125-ml\\\/#breadcrumb\",\"itemListElement\":[{\"@type\":\"ListItem\",\"position\":1,\"name\":\"\u0413\u043b\u0430\u0432\u043d\u0430\u044f \u0441\u0442\u0440\u0430\u043d\u0438\u0446\u0430\",\"item\":\"https:\\\/\\\/twinkling.lv\\\/et\\\/\"},{\"@type\":\"ListItem\",\"position\":2,\"name\":\"Pood\",\"item\":\"https:\\\/\\\/twinkling.lv\\\/pood\\\/\"},{\"@type\":\"ListItem\",\"position\":3,\"name\":\"CICASILVER aerosool 125 ml\"}]},{\"@type\":\"WebSite\",\"@id\":\"https:\\\/\\\/twinkling.lv\\\/et\\\/#website\",\"url\":\"https:\\\/\\\/twinkling.lv\\\/et\\\/\",\"name\":\"Twinkling\",\"description\":\"\u041a\u0440\u0430\u0441\u043e\u0442\u0430 \u0438 \u0417\u0434\u043e\u0440\u043e\u0432\u044c\u0435\",\"publisher\":{\"@id\":\"https:\\\/\\\/twinkling.lv\\\/et\\\/#organization\"},\"potentialAction\":[{\"@type\":\"SearchAction\",\"target\":{\"@type\":\"EntryPoint\",\"urlTemplate\":\"https:\\\/\\\/twinkling.lv\\\/et\\\/?s={search_term_string}\"},\"query-input\":{\"@type\":\"PropertyValueSpecification\",\"valueRequired\":true,\"valueName\":\"search_term_string\"}}],\"inLanguage\":\"et\"},{\"@type\":\"Organization\",\"@id\":\"https:\\\/\\\/twinkling.lv\\\/et\\\/#organization\",\"name\":\"SIA TORANS\",\"url\":\"https:\\\/\\\/twinkling.lv\\\/et\\\/\",\"logo\":{\"@type\":\"ImageObject\",\"inLanguage\":\"et\",\"@id\":\"https:\\\/\\\/twinkling.lv\\\/et\\\/#\\\/schema\\\/logo\\\/image\\\/\",\"url\":\"https:\\\/\\\/twinkling.lv\\\/wp-content\\\/uploads\\\/2022\\\/02\\\/twinkling-main-logo.jpg\",\"contentUrl\":\"https:\\\/\\\/twinkling.lv\\\/wp-content\\\/uploads\\\/2022\\\/02\\\/twinkling-main-logo.jpg\",\"width\":250,\"height\":100,\"caption\":\"SIA TORANS\"},\"image\":{\"@id\":\"https:\\\/\\\/twinkling.lv\\\/et\\\/#\\\/schema\\\/logo\\\/image\\\/\"}}]}<\/script>\n<!-- \/ Yoast SEO plugin. -->","yoast_head_json":{"title":"CICASILVER aerosool 125 ml | Twinkling","description":"KIRJELDUS Cicasilver\u00ae on nahale m\u00f5eldud puudrisprei. Niisutavate ja kilet moodustavate omadustega h\u00fcaluroonhape, E-vitamiin ja akaatsia kollageen loovad","robots":{"index":"index","follow":"follow","max-snippet":"max-snippet:-1","max-image-preview":"max-image-preview:large","max-video-preview":"max-video-preview:-1"},"canonical":"https:\/\/twinkling.lv\/et\/shop\/cicasilver-aerosols-125-ml\/","og_locale":"et_EE","og_type":"article","og_title":"CICASILVER aerosool 125 ml | Twinkling","og_description":"KIRJELDUS Cicasilver\u00ae on nahale m\u00f5eldud puudrisprei. Niisutavate ja kilet moodustavate omadustega h\u00fcaluroonhape, E-vitamiin ja akaatsia kollageen loovad","og_url":"https:\/\/twinkling.lv\/et\/shop\/cicasilver-aerosols-125-ml\/","og_site_name":"Twinkling","article_modified_time":"2025-02-02T12:06:08+00:00","og_image":[{"width":900,"height":900,"url":"https:\/\/twinkling.lv\/wp-content\/uploads\/2024\/11\/CICASILVER-aerosols-125-ml.jpg","type":"image\/jpeg"}],"twitter_card":"summary_large_image","schema":{"@context":"https:\/\/schema.org","@graph":[{"@type":"WebPage","@id":"https:\/\/twinkling.lv\/et\/shop\/cicasilver-aerosols-125-ml\/","url":"https:\/\/twinkling.lv\/et\/shop\/cicasilver-aerosols-125-ml\/","name":"CICASILVER aerosool 125 ml | Twinkling","isPartOf":{"@id":"https:\/\/twinkling.lv\/et\/#website"},"primaryImageOfPage":{"@id":"https:\/\/twinkling.lv\/et\/shop\/cicasilver-aerosols-125-ml\/#primaryimage"},"image":{"@id":"https:\/\/twinkling.lv\/et\/shop\/cicasilver-aerosols-125-ml\/#primaryimage"},"thumbnailUrl":"https:\/\/twinkling.lv\/wp-content\/uploads\/2024\/11\/CICASILVER-aerosols-125-ml.jpg","datePublished":"2024-11-10T11:20:00+00:00","dateModified":"2025-02-02T12:06:08+00:00","description":"KIRJELDUS Cicasilver\u00ae on nahale m\u00f5eldud puudrisprei. Niisutavate ja kilet moodustavate omadustega h\u00fcaluroonhape, E-vitamiin ja akaatsia kollageen loovad","breadcrumb":{"@id":"https:\/\/twinkling.lv\/et\/shop\/cicasilver-aerosols-125-ml\/#breadcrumb"},"inLanguage":"et","potentialAction":[{"@type":"ReadAction","target":["https:\/\/twinkling.lv\/et\/shop\/cicasilver-aerosols-125-ml\/"]}]},{"@type":"ImageObject","inLanguage":"et","@id":"https:\/\/twinkling.lv\/et\/shop\/cicasilver-aerosols-125-ml\/#primaryimage","url":"https:\/\/twinkling.lv\/wp-content\/uploads\/2024\/11\/CICASILVER-aerosols-125-ml.jpg","contentUrl":"https:\/\/twinkling.lv\/wp-content\/uploads\/2024\/11\/CICASILVER-aerosols-125-ml.jpg","width":900,"height":900},{"@type":"BreadcrumbList","@id":"https:\/\/twinkling.lv\/et\/shop\/cicasilver-aerosols-125-ml\/#breadcrumb","itemListElement":[{"@type":"ListItem","position":1,"name":"\u0413\u043b\u0430\u0432\u043d\u0430\u044f \u0441\u0442\u0440\u0430\u043d\u0438\u0446\u0430","item":"https:\/\/twinkling.lv\/et\/"},{"@type":"ListItem","position":2,"name":"Pood","item":"https:\/\/twinkling.lv\/pood\/"},{"@type":"ListItem","position":3,"name":"CICASILVER aerosool 125 ml"}]},{"@type":"WebSite","@id":"https:\/\/twinkling.lv\/et\/#website","url":"https:\/\/twinkling.lv\/et\/","name":"Twinkling","description":"\u041a\u0440\u0430\u0441\u043e\u0442\u0430 \u0438 \u0417\u0434\u043e\u0440\u043e\u0432\u044c\u0435","publisher":{"@id":"https:\/\/twinkling.lv\/et\/#organization"},"potentialAction":[{"@type":"SearchAction","target":{"@type":"EntryPoint","urlTemplate":"https:\/\/twinkling.lv\/et\/?s={search_term_string}"},"query-input":{"@type":"PropertyValueSpecification","valueRequired":true,"valueName":"search_term_string"}}],"inLanguage":"et"},{"@type":"Organization","@id":"https:\/\/twinkling.lv\/et\/#organization","name":"SIA TORANS","url":"https:\/\/twinkling.lv\/et\/","logo":{"@type":"ImageObject","inLanguage":"et","@id":"https:\/\/twinkling.lv\/et\/#\/schema\/logo\/image\/","url":"https:\/\/twinkling.lv\/wp-content\/uploads\/2022\/02\/twinkling-main-logo.jpg","contentUrl":"https:\/\/twinkling.lv\/wp-content\/uploads\/2022\/02\/twinkling-main-logo.jpg","width":250,"height":100,"caption":"SIA TORANS"},"image":{"@id":"https:\/\/twinkling.lv\/et\/#\/schema\/logo\/image\/"}}]}},"_links":{"self":[{"href":"https:\/\/twinkling.lv\/et\/wp-json\/wp\/v2\/product\/99030","targetHints":{"allow":["GET"]}}],"collection":[{"href":"https:\/\/twinkling.lv\/et\/wp-json\/wp\/v2\/product"}],"about":[{"href":"https:\/\/twinkling.lv\/et\/wp-json\/wp\/v2\/types\/product"}],"replies":[{"embeddable":true,"href":"https:\/\/twinkling.lv\/et\/wp-json\/wp\/v2\/comments?post=99030"}],"wp:featuredmedia":[{"embeddable":true,"href":"https:\/\/twinkling.lv\/et\/wp-json\/wp\/v2\/media\/90576"}],"wp:attachment":[{"href":"https:\/\/twinkling.lv\/et\/wp-json\/wp\/v2\/media?parent=99030"}],"wp:term":[{"taxonomy":"product_brand","embeddable":true,"href":"https:\/\/twinkling.lv\/et\/wp-json\/wp\/v2\/product_brand?post=99030"},{"taxonomy":"product_cat","embeddable":true,"href":"https:\/\/twinkling.lv\/et\/wp-json\/wp\/v2\/product_cat?post=99030"},{"taxonomy":"product_tag","embeddable":true,"href":"https:\/\/twinkling.lv\/et\/wp-json\/wp\/v2\/product_tag?post=99030"}],"curies":[{"name":"wp","href":"https:\/\/api.w.org\/{rel}","templated":true}]}}