{"id":95840,"date":"2024-11-10T15:12:46","date_gmt":"2024-11-10T12:12:46","guid":{"rendered":"https:\/\/twinkling.lv\/shop\/veselibas-piramida-ginkgo-biloba-tabletes-ar-d-vitaminu-n30\/"},"modified":"2025-02-02T15:09:17","modified_gmt":"2025-02-02T12:09:17","slug":"veselibas-piramida-ginkgo-biloba-tabletes-ar-d-vitaminu-n30","status":"publish","type":"product","link":"https:\/\/twinkling.lv\/et\/shop\/veselibas-piramida-ginkgo-biloba-tabletes-ar-d-vitaminu-n30\/","title":{"rendered":"TERVISEP\u00dcRAMID Ginkgo biloba tabletid D-vitamiiniga N30"},"content":{"rendered":"<p><strong>KIRJELDUS<\/strong><\/p>\n<p>T\u00f5hus h\u00f5lmikpuu ekstrakt D-vitamiiniga<br \/>\nH\u00f5lmikpuu ekstrakt parandab kogu keha verevarustust, h\u00f5lmikpuu ekstrakt on eriti oluline k\u00e4te ja jalgade verevarustuseks. Verevarustuse parandamisega muutub t\u00f5husamaks ka ajutegevus ja paraneb m\u00e4lu. Uuringud on n\u00e4idanud, et h\u00f5lmikpuu ekstrakti regulaarne kasutamine v\u00e4hendab dementsust ja neurops\u00fchhiaatrilisi s\u00fcmptomeid. D3-vitamiin parandab h\u00f5lmikpuu ekstrakti imendumist ja toimet organismis.<br \/>\nGinkgo biloba tablette regulaarselt kasutades parandate kogu keha verevarustust ning hoiate k\u00e4ed-jalad soojas.<\/p>\n<p>Aitab j\u00e4semete arteriaalse verevarustuse h\u00e4irete korral (k\u00fclmuvad k\u00e4ed ja jalad)<br \/>\nSoodustab jalgade ja k\u00e4te verevarustust<br \/>\nM\u00f5jub soodsalt ajule ja kogu n\u00e4rvis\u00fcsteemile<br \/>\nTagab vajaliku p\u00e4evaannuse D3-vitamiini<\/p>\n<p><strong>RAKENDUSVIIS<\/strong><\/p>\n<p>\u00dcle 12-aastastele lastele 1 tablett p\u00e4evas koos veega.<\/p>\n<p><strong>TOOTE KOOSTIS<\/strong><\/p>\n<p>Paakumisvastane aine mikrokristalliline tselluloos, paakumisvastane aine magneesiumstearaat, h\u00f5lmikpuu ekstrakt, paakumisvastane aine amorfne r\u00e4nidioksiid, happesuse regulaator dikaltsiumfosfaat, kolekaltsiferool, happesuse stabilisaator h\u00fcdroks\u00fcprop\u00fc\u00fclmet\u00fc\u00fcltselluloos, stabilisaator steariinhape, toiduv\u00e4rv steariinhape.<\/p>\n","protected":false},"excerpt":{"rendered":"<p><span style=\"color: #0000ff;\"><a style=\"color: #0000ff;\" href=\"https:\/\/registri.pvd.gov.lv\/ub\/dati?p_id=9170&#038;name=Ginkgo+biloba\" target=\"_blank\" rel=\"noopener\">Toote \u00fcksikasjad<\/a><\/span><\/p>\n","protected":false},"featured_media":94506,"comment_status":"open","ping_status":"closed","template":"","meta":[],"product_brand":[],"product_cat":[3074],"product_tag":[],"class_list":{"0":"post-95840","1":"product","2":"type-product","3":"status-publish","4":"has-post-thumbnail","6":"product_cat-bez-kategorijas-et","8":"first","9":"outofstock","10":"taxable","11":"shipping-taxable","12":"purchasable","13":"product-type-simple"},"yoast_head":"<!-- This site is optimized with the Yoast SEO plugin v27.2 - https:\/\/yoast.com\/product\/yoast-seo-wordpress\/ -->\n<title>TERVISEP\u00dcRAMID Ginkgo biloba tabletid D-vitamiiniga N30 | Twinkling<\/title>\n<meta name=\"description\" content=\"Toote \u00fcksikasjad\" \/>\n<meta name=\"robots\" content=\"index, follow, max-snippet:-1, max-image-preview:large, max-video-preview:-1\" \/>\n<link rel=\"canonical\" href=\"https:\/\/twinkling.lv\/et\/shop\/veselibas-piramida-ginkgo-biloba-tabletes-ar-d-vitaminu-n30\/\" \/>\n<meta property=\"og:locale\" content=\"et_EE\" \/>\n<meta property=\"og:type\" content=\"article\" \/>\n<meta property=\"og:title\" content=\"TERVISEP\u00dcRAMID Ginkgo biloba tabletid D-vitamiiniga N30 | Twinkling\" \/>\n<meta property=\"og:description\" content=\"Toote \u00fcksikasjad\" \/>\n<meta property=\"og:url\" content=\"https:\/\/twinkling.lv\/et\/shop\/veselibas-piramida-ginkgo-biloba-tabletes-ar-d-vitaminu-n30\/\" \/>\n<meta property=\"og:site_name\" content=\"Twinkling\" \/>\n<meta property=\"article:modified_time\" content=\"2025-02-02T12:09:17+00:00\" \/>\n<meta property=\"og:image\" content=\"https:\/\/twinkling.lv\/wp-content\/uploads\/2024\/11\/VESELiBAS-PIRAMiDA-Ginkgo-biloba-tabletes-ar-D-vitaminu-N30.jpg\" \/>\n\t<meta property=\"og:image:width\" content=\"1000\" \/>\n\t<meta property=\"og:image:height\" content=\"1000\" \/>\n\t<meta property=\"og:image:type\" content=\"image\/jpeg\" \/>\n<meta name=\"twitter:card\" content=\"summary_large_image\" \/>\n<meta name=\"twitter:label1\" content=\"Est. reading time\" \/>\n\t<meta name=\"twitter:data1\" content=\"1 minut\" \/>\n<script type=\"application\/ld+json\" class=\"yoast-schema-graph\">{\"@context\":\"https:\/\/schema.org\",\"@graph\":[{\"@type\":\"WebPage\",\"@id\":\"https:\/\/twinkling.lv\/et\/shop\/veselibas-piramida-ginkgo-biloba-tabletes-ar-d-vitaminu-n30\/\",\"url\":\"https:\/\/twinkling.lv\/et\/shop\/veselibas-piramida-ginkgo-biloba-tabletes-ar-d-vitaminu-n30\/\",\"name\":\"TERVISEP\u00dcRAMID Ginkgo biloba tabletid D-vitamiiniga N30 | Twinkling\",\"isPartOf\":{\"@id\":\"https:\/\/twinkling.lv\/et\/#website\"},\"primaryImageOfPage\":{\"@id\":\"https:\/\/twinkling.lv\/et\/shop\/veselibas-piramida-ginkgo-biloba-tabletes-ar-d-vitaminu-n30\/#primaryimage\"},\"image\":{\"@id\":\"https:\/\/twinkling.lv\/et\/shop\/veselibas-piramida-ginkgo-biloba-tabletes-ar-d-vitaminu-n30\/#primaryimage\"},\"thumbnailUrl\":\"https:\/\/twinkling.lv\/wp-content\/uploads\/2024\/11\/VESELiBAS-PIRAMiDA-Ginkgo-biloba-tabletes-ar-D-vitaminu-N30.jpg\",\"datePublished\":\"2024-11-10T12:12:46+00:00\",\"dateModified\":\"2025-02-02T12:09:17+00:00\",\"description\":\"Toote \u00fcksikasjad\",\"breadcrumb\":{\"@id\":\"https:\/\/twinkling.lv\/et\/shop\/veselibas-piramida-ginkgo-biloba-tabletes-ar-d-vitaminu-n30\/#breadcrumb\"},\"inLanguage\":\"et\",\"potentialAction\":[{\"@type\":\"ReadAction\",\"target\":[\"https:\/\/twinkling.lv\/et\/shop\/veselibas-piramida-ginkgo-biloba-tabletes-ar-d-vitaminu-n30\/\"]}]},{\"@type\":\"ImageObject\",\"inLanguage\":\"et\",\"@id\":\"https:\/\/twinkling.lv\/et\/shop\/veselibas-piramida-ginkgo-biloba-tabletes-ar-d-vitaminu-n30\/#primaryimage\",\"url\":\"https:\/\/twinkling.lv\/wp-content\/uploads\/2024\/11\/VESELiBAS-PIRAMiDA-Ginkgo-biloba-tabletes-ar-D-vitaminu-N30.jpg\",\"contentUrl\":\"https:\/\/twinkling.lv\/wp-content\/uploads\/2024\/11\/VESELiBAS-PIRAMiDA-Ginkgo-biloba-tabletes-ar-D-vitaminu-N30.jpg\",\"width\":1000,\"height\":1000},{\"@type\":\"BreadcrumbList\",\"@id\":\"https:\/\/twinkling.lv\/et\/shop\/veselibas-piramida-ginkgo-biloba-tabletes-ar-d-vitaminu-n30\/#breadcrumb\",\"itemListElement\":[{\"@type\":\"ListItem\",\"position\":1,\"name\":\"\u0413\u043b\u0430\u0432\u043d\u0430\u044f \u0441\u0442\u0440\u0430\u043d\u0438\u0446\u0430\",\"item\":\"https:\/\/twinkling.lv\/et\/\"},{\"@type\":\"ListItem\",\"position\":2,\"name\":\"Pood\",\"item\":\"https:\/\/twinkling.lv\/pood\/\"},{\"@type\":\"ListItem\",\"position\":3,\"name\":\"TERVISEP\u00dcRAMID Ginkgo biloba tabletid D-vitamiiniga N30\"}]},{\"@type\":\"WebSite\",\"@id\":\"https:\/\/twinkling.lv\/et\/#website\",\"url\":\"https:\/\/twinkling.lv\/et\/\",\"name\":\"Twinkling\",\"description\":\"\u041a\u0440\u0430\u0441\u043e\u0442\u0430 \u0438 \u0417\u0434\u043e\u0440\u043e\u0432\u044c\u0435\",\"publisher\":{\"@id\":\"https:\/\/twinkling.lv\/et\/#organization\"},\"potentialAction\":[{\"@type\":\"SearchAction\",\"target\":{\"@type\":\"EntryPoint\",\"urlTemplate\":\"https:\/\/twinkling.lv\/et\/?s={search_term_string}\"},\"query-input\":{\"@type\":\"PropertyValueSpecification\",\"valueRequired\":true,\"valueName\":\"search_term_string\"}}],\"inLanguage\":\"et\"},{\"@type\":\"Organization\",\"@id\":\"https:\/\/twinkling.lv\/et\/#organization\",\"name\":\"SIA TORANS\",\"url\":\"https:\/\/twinkling.lv\/et\/\",\"logo\":{\"@type\":\"ImageObject\",\"inLanguage\":\"et\",\"@id\":\"https:\/\/twinkling.lv\/et\/#\/schema\/logo\/image\/\",\"url\":\"https:\/\/twinkling.lv\/wp-content\/uploads\/2022\/02\/twinkling-main-logo.jpg\",\"contentUrl\":\"https:\/\/twinkling.lv\/wp-content\/uploads\/2022\/02\/twinkling-main-logo.jpg\",\"width\":250,\"height\":100,\"caption\":\"SIA TORANS\"},\"image\":{\"@id\":\"https:\/\/twinkling.lv\/et\/#\/schema\/logo\/image\/\"}}]}<\/script>\n<!-- \/ Yoast SEO plugin. -->","yoast_head_json":{"title":"TERVISEP\u00dcRAMID Ginkgo biloba tabletid D-vitamiiniga N30 | Twinkling","description":"Toote \u00fcksikasjad","robots":{"index":"index","follow":"follow","max-snippet":"max-snippet:-1","max-image-preview":"max-image-preview:large","max-video-preview":"max-video-preview:-1"},"canonical":"https:\/\/twinkling.lv\/et\/shop\/veselibas-piramida-ginkgo-biloba-tabletes-ar-d-vitaminu-n30\/","og_locale":"et_EE","og_type":"article","og_title":"TERVISEP\u00dcRAMID Ginkgo biloba tabletid D-vitamiiniga N30 | Twinkling","og_description":"Toote \u00fcksikasjad","og_url":"https:\/\/twinkling.lv\/et\/shop\/veselibas-piramida-ginkgo-biloba-tabletes-ar-d-vitaminu-n30\/","og_site_name":"Twinkling","article_modified_time":"2025-02-02T12:09:17+00:00","og_image":[{"width":1000,"height":1000,"url":"https:\/\/twinkling.lv\/wp-content\/uploads\/2024\/11\/VESELiBAS-PIRAMiDA-Ginkgo-biloba-tabletes-ar-D-vitaminu-N30.jpg","type":"image\/jpeg"}],"twitter_card":"summary_large_image","twitter_misc":{"Est. reading time":"1 minut"},"schema":{"@context":"https:\/\/schema.org","@graph":[{"@type":"WebPage","@id":"https:\/\/twinkling.lv\/et\/shop\/veselibas-piramida-ginkgo-biloba-tabletes-ar-d-vitaminu-n30\/","url":"https:\/\/twinkling.lv\/et\/shop\/veselibas-piramida-ginkgo-biloba-tabletes-ar-d-vitaminu-n30\/","name":"TERVISEP\u00dcRAMID Ginkgo biloba tabletid D-vitamiiniga N30 | Twinkling","isPartOf":{"@id":"https:\/\/twinkling.lv\/et\/#website"},"primaryImageOfPage":{"@id":"https:\/\/twinkling.lv\/et\/shop\/veselibas-piramida-ginkgo-biloba-tabletes-ar-d-vitaminu-n30\/#primaryimage"},"image":{"@id":"https:\/\/twinkling.lv\/et\/shop\/veselibas-piramida-ginkgo-biloba-tabletes-ar-d-vitaminu-n30\/#primaryimage"},"thumbnailUrl":"https:\/\/twinkling.lv\/wp-content\/uploads\/2024\/11\/VESELiBAS-PIRAMiDA-Ginkgo-biloba-tabletes-ar-D-vitaminu-N30.jpg","datePublished":"2024-11-10T12:12:46+00:00","dateModified":"2025-02-02T12:09:17+00:00","description":"Toote \u00fcksikasjad","breadcrumb":{"@id":"https:\/\/twinkling.lv\/et\/shop\/veselibas-piramida-ginkgo-biloba-tabletes-ar-d-vitaminu-n30\/#breadcrumb"},"inLanguage":"et","potentialAction":[{"@type":"ReadAction","target":["https:\/\/twinkling.lv\/et\/shop\/veselibas-piramida-ginkgo-biloba-tabletes-ar-d-vitaminu-n30\/"]}]},{"@type":"ImageObject","inLanguage":"et","@id":"https:\/\/twinkling.lv\/et\/shop\/veselibas-piramida-ginkgo-biloba-tabletes-ar-d-vitaminu-n30\/#primaryimage","url":"https:\/\/twinkling.lv\/wp-content\/uploads\/2024\/11\/VESELiBAS-PIRAMiDA-Ginkgo-biloba-tabletes-ar-D-vitaminu-N30.jpg","contentUrl":"https:\/\/twinkling.lv\/wp-content\/uploads\/2024\/11\/VESELiBAS-PIRAMiDA-Ginkgo-biloba-tabletes-ar-D-vitaminu-N30.jpg","width":1000,"height":1000},{"@type":"BreadcrumbList","@id":"https:\/\/twinkling.lv\/et\/shop\/veselibas-piramida-ginkgo-biloba-tabletes-ar-d-vitaminu-n30\/#breadcrumb","itemListElement":[{"@type":"ListItem","position":1,"name":"\u0413\u043b\u0430\u0432\u043d\u0430\u044f \u0441\u0442\u0440\u0430\u043d\u0438\u0446\u0430","item":"https:\/\/twinkling.lv\/et\/"},{"@type":"ListItem","position":2,"name":"Pood","item":"https:\/\/twinkling.lv\/pood\/"},{"@type":"ListItem","position":3,"name":"TERVISEP\u00dcRAMID Ginkgo biloba tabletid D-vitamiiniga N30"}]},{"@type":"WebSite","@id":"https:\/\/twinkling.lv\/et\/#website","url":"https:\/\/twinkling.lv\/et\/","name":"Twinkling","description":"\u041a\u0440\u0430\u0441\u043e\u0442\u0430 \u0438 \u0417\u0434\u043e\u0440\u043e\u0432\u044c\u0435","publisher":{"@id":"https:\/\/twinkling.lv\/et\/#organization"},"potentialAction":[{"@type":"SearchAction","target":{"@type":"EntryPoint","urlTemplate":"https:\/\/twinkling.lv\/et\/?s={search_term_string}"},"query-input":{"@type":"PropertyValueSpecification","valueRequired":true,"valueName":"search_term_string"}}],"inLanguage":"et"},{"@type":"Organization","@id":"https:\/\/twinkling.lv\/et\/#organization","name":"SIA TORANS","url":"https:\/\/twinkling.lv\/et\/","logo":{"@type":"ImageObject","inLanguage":"et","@id":"https:\/\/twinkling.lv\/et\/#\/schema\/logo\/image\/","url":"https:\/\/twinkling.lv\/wp-content\/uploads\/2022\/02\/twinkling-main-logo.jpg","contentUrl":"https:\/\/twinkling.lv\/wp-content\/uploads\/2022\/02\/twinkling-main-logo.jpg","width":250,"height":100,"caption":"SIA TORANS"},"image":{"@id":"https:\/\/twinkling.lv\/et\/#\/schema\/logo\/image\/"}}]}},"_links":{"self":[{"href":"https:\/\/twinkling.lv\/et\/wp-json\/wp\/v2\/product\/95840","targetHints":{"allow":["GET"]}}],"collection":[{"href":"https:\/\/twinkling.lv\/et\/wp-json\/wp\/v2\/product"}],"about":[{"href":"https:\/\/twinkling.lv\/et\/wp-json\/wp\/v2\/types\/product"}],"replies":[{"embeddable":true,"href":"https:\/\/twinkling.lv\/et\/wp-json\/wp\/v2\/comments?post=95840"}],"wp:featuredmedia":[{"embeddable":true,"href":"https:\/\/twinkling.lv\/et\/wp-json\/wp\/v2\/media\/94506"}],"wp:attachment":[{"href":"https:\/\/twinkling.lv\/et\/wp-json\/wp\/v2\/media?parent=95840"}],"wp:term":[{"taxonomy":"product_brand","embeddable":true,"href":"https:\/\/twinkling.lv\/et\/wp-json\/wp\/v2\/product_brand?post=95840"},{"taxonomy":"product_cat","embeddable":true,"href":"https:\/\/twinkling.lv\/et\/wp-json\/wp\/v2\/product_cat?post=95840"},{"taxonomy":"product_tag","embeddable":true,"href":"https:\/\/twinkling.lv\/et\/wp-json\/wp\/v2\/product_tag?post=95840"}],"curies":[{"name":"wp","href":"https:\/\/api.w.org\/{rel}","templated":true}]}}