{"id":88399,"date":"2024-08-23T02:03:40","date_gmt":"2024-08-22T23:03:40","guid":{"rendered":"https:\/\/twinkling.lv\/shop\/apivita-shine-revitalizing-sampuns-matu-spidumam-250-ml\/"},"modified":"2025-02-02T15:03:47","modified_gmt":"2025-02-02T12:03:47","slug":"apivita-shine-revitalizing-sampuns-matu-spidumam-250-ml","status":"publish","type":"product","link":"https:\/\/twinkling.lv\/et\/shop\/apivita-shine-revitalizing-sampuns-matu-spidumam-250-ml\/","title":{"rendered":"APIVITA SHINE &#038; REVITALIZING \u0161ampoon juustele s\u00e4ra lisamiseks 250 ml"},"content":{"rendered":"<p><strong>KIRJELDUS<\/strong><\/p>\n<p>Terved juuksed on l\u00e4ikivad ja l\u00e4ikivad. Koostises olevad 4 vitamiini koos apelsini, sidruni ja greibi eeterlike \u00f5lidega taastavad juukseid ja annavad neile s\u00e4ra, samas kui l\u00f5hn parandab tuju. T\u00e4nu oma elustavale valemile: apelsini, sidruni ja greibi looduslikud eeterlikud \u00f5lid, \u017een\u0161enni ekstrakt, 4 vitamiini ja mineraalainet (tsink, vask, magneesiumaspartaat) taastavad juukseid, annavad neile s\u00e4ra ja tugevdavad juukseid. Mesi kaitseb enneaegse vananemise eest ja taastab juuste loomuliku niiskuse. V\u00e4ldib kahjustusi ja otste l\u00f5henemist APISHIELD HS kompleksiga. Apelsini, sidruni ja greibi orgaanilised eeterlikud \u00f5lid taaselustavad peanahka ja parandavad meeleolu.<\/p>\n<p><strong>RAKENDUSVIIS<\/strong><\/p>\n<p>Kanna v\u00e4ike kogus \u0161ampooni m\u00e4rgadele juustele, masseeri peanahasse ja aja vahule. Loputage hoolikalt veega. V\u00e4ltida silma sattumist. Ainult v\u00e4lispidiseks kasutamiseks. V\u00f5ib kasutada koos hom\u00f6opaatiliste ravimitega.<\/p>\n<p><strong>TOOTE KOOSTIS<\/strong><\/p>\n<p>* apelsin*, sidrun*, greip* eeterlikud \u00f5lid * \u017een\u0161enni ja rohelise tee* ekstraktid * 4 vitamiini * mineraalaineid (tsink, vask, mangaani aspartaat) * mesi* * pantenool * saponaria * apishield hs * rosmariini infusioon*<\/p>\n","protected":false},"excerpt":{"rendered":"<p>KIRJELDUS Terved juuksed on l\u00e4ikivad ja l\u00e4ikivad. Koostises olevad 4 vitamiini koos apelsini, sidruni ja greibi eeterlike \u00f5lidega taastavad juukseid ja annavad neile s\u00e4ra, samas kui l\u00f5hn parandab tuju. T\u00e4nu oma elustavale valemile: apelsini, sidruni ja greibi looduslikud eeterlikud \u00f5lid, \u017een\u0161enni ekstrakt, 4 vitamiini ja mineraalainet (tsink, vask, magneesiumaspartaat) taastavad juukseid, annavad neile s\u00e4ra ja [&#8230;]\n","protected":false},"featured_media":86058,"comment_status":"open","ping_status":"closed","template":"","meta":[],"product_brand":[],"product_cat":[6934,3089,3135,3094],"product_tag":[],"class_list":{"0":"post-88399","1":"product","2":"type-product","3":"status-publish","4":"has-post-thumbnail","6":"product_cat-apivita-et","7":"product_cat-matiem-et","8":"product_cat-zimoli-et","9":"product_cat-sampuni-et","11":"first","12":"instock","13":"taxable","14":"shipping-taxable","15":"purchasable","16":"product-type-simple"},"yoast_head":"<!-- This site is optimized with the Yoast SEO plugin v27.4 - https:\/\/yoast.com\/product\/yoast-seo-wordpress\/ -->\n<title>APIVITA SHINE &amp; REVITALIZING \u0161ampoon juustele s\u00e4ra lisamiseks 250 ml | Twinkling<\/title>\n<meta name=\"description\" content=\"KIRJELDUS Terved juuksed on l\u00e4ikivad ja l\u00e4ikivad. Koostises olevad 4 vitamiini koos apelsini, sidruni ja greibi eeterlike \u00f5lidega taastavad juukseid ja\" \/>\n<meta name=\"robots\" content=\"index, follow, max-snippet:-1, max-image-preview:large, max-video-preview:-1\" \/>\n<link rel=\"canonical\" href=\"https:\/\/twinkling.lv\/et\/shop\/apivita-shine-revitalizing-sampuns-matu-spidumam-250-ml\/\" \/>\n<meta property=\"og:locale\" content=\"et_EE\" \/>\n<meta property=\"og:type\" content=\"article\" \/>\n<meta property=\"og:title\" content=\"APIVITA SHINE &amp; REVITALIZING \u0161ampoon juustele s\u00e4ra lisamiseks 250 ml | Twinkling\" \/>\n<meta property=\"og:description\" content=\"KIRJELDUS Terved juuksed on l\u00e4ikivad ja l\u00e4ikivad. Koostises olevad 4 vitamiini koos apelsini, sidruni ja greibi eeterlike \u00f5lidega taastavad juukseid ja\" \/>\n<meta property=\"og:url\" content=\"https:\/\/twinkling.lv\/et\/shop\/apivita-shine-revitalizing-sampuns-matu-spidumam-250-ml\/\" \/>\n<meta property=\"og:site_name\" content=\"Twinkling\" \/>\n<meta property=\"article:modified_time\" content=\"2025-02-02T12:03:47+00:00\" \/>\n<meta property=\"og:image\" content=\"https:\/\/twinkling.lv\/wp-content\/uploads\/2024\/08\/APIVITA-SHINE-and-REVITALIZING-sampuns-matu-spidumam-250-ml.jpg\" \/>\n\t<meta property=\"og:image:width\" content=\"1000\" \/>\n\t<meta property=\"og:image:height\" content=\"1000\" \/>\n\t<meta property=\"og:image:type\" content=\"image\/jpeg\" \/>\n<meta name=\"twitter:card\" content=\"summary_large_image\" \/>\n<meta name=\"twitter:label1\" content=\"Est. reading time\" \/>\n\t<meta name=\"twitter:data1\" content=\"1 minut\" \/>\n<script type=\"application\/ld+json\" class=\"yoast-schema-graph\">{\"@context\":\"https:\\\/\\\/schema.org\",\"@graph\":[{\"@type\":\"WebPage\",\"@id\":\"https:\\\/\\\/twinkling.lv\\\/et\\\/shop\\\/apivita-shine-revitalizing-sampuns-matu-spidumam-250-ml\\\/\",\"url\":\"https:\\\/\\\/twinkling.lv\\\/et\\\/shop\\\/apivita-shine-revitalizing-sampuns-matu-spidumam-250-ml\\\/\",\"name\":\"APIVITA SHINE & REVITALIZING \u0161ampoon juustele s\u00e4ra lisamiseks 250 ml | Twinkling\",\"isPartOf\":{\"@id\":\"https:\\\/\\\/twinkling.lv\\\/et\\\/#website\"},\"primaryImageOfPage\":{\"@id\":\"https:\\\/\\\/twinkling.lv\\\/et\\\/shop\\\/apivita-shine-revitalizing-sampuns-matu-spidumam-250-ml\\\/#primaryimage\"},\"image\":{\"@id\":\"https:\\\/\\\/twinkling.lv\\\/et\\\/shop\\\/apivita-shine-revitalizing-sampuns-matu-spidumam-250-ml\\\/#primaryimage\"},\"thumbnailUrl\":\"https:\\\/\\\/twinkling.lv\\\/wp-content\\\/uploads\\\/2024\\\/08\\\/APIVITA-SHINE-and-REVITALIZING-sampuns-matu-spidumam-250-ml.jpg\",\"datePublished\":\"2024-08-22T23:03:40+00:00\",\"dateModified\":\"2025-02-02T12:03:47+00:00\",\"description\":\"KIRJELDUS Terved juuksed on l\u00e4ikivad ja l\u00e4ikivad. Koostises olevad 4 vitamiini koos apelsini, sidruni ja greibi eeterlike \u00f5lidega taastavad juukseid ja\",\"breadcrumb\":{\"@id\":\"https:\\\/\\\/twinkling.lv\\\/et\\\/shop\\\/apivita-shine-revitalizing-sampuns-matu-spidumam-250-ml\\\/#breadcrumb\"},\"inLanguage\":\"et\",\"potentialAction\":[{\"@type\":\"ReadAction\",\"target\":[\"https:\\\/\\\/twinkling.lv\\\/et\\\/shop\\\/apivita-shine-revitalizing-sampuns-matu-spidumam-250-ml\\\/\"]}]},{\"@type\":\"ImageObject\",\"inLanguage\":\"et\",\"@id\":\"https:\\\/\\\/twinkling.lv\\\/et\\\/shop\\\/apivita-shine-revitalizing-sampuns-matu-spidumam-250-ml\\\/#primaryimage\",\"url\":\"https:\\\/\\\/twinkling.lv\\\/wp-content\\\/uploads\\\/2024\\\/08\\\/APIVITA-SHINE-and-REVITALIZING-sampuns-matu-spidumam-250-ml.jpg\",\"contentUrl\":\"https:\\\/\\\/twinkling.lv\\\/wp-content\\\/uploads\\\/2024\\\/08\\\/APIVITA-SHINE-and-REVITALIZING-sampuns-matu-spidumam-250-ml.jpg\",\"width\":1000,\"height\":1000},{\"@type\":\"BreadcrumbList\",\"@id\":\"https:\\\/\\\/twinkling.lv\\\/et\\\/shop\\\/apivita-shine-revitalizing-sampuns-matu-spidumam-250-ml\\\/#breadcrumb\",\"itemListElement\":[{\"@type\":\"ListItem\",\"position\":1,\"name\":\"\u0413\u043b\u0430\u0432\u043d\u0430\u044f \u0441\u0442\u0440\u0430\u043d\u0438\u0446\u0430\",\"item\":\"https:\\\/\\\/twinkling.lv\\\/et\\\/\"},{\"@type\":\"ListItem\",\"position\":2,\"name\":\"Pood\",\"item\":\"https:\\\/\\\/twinkling.lv\\\/pood\\\/\"},{\"@type\":\"ListItem\",\"position\":3,\"name\":\"APIVITA SHINE &#038; REVITALIZING \u0161ampoon juustele s\u00e4ra lisamiseks 250 ml\"}]},{\"@type\":\"WebSite\",\"@id\":\"https:\\\/\\\/twinkling.lv\\\/et\\\/#website\",\"url\":\"https:\\\/\\\/twinkling.lv\\\/et\\\/\",\"name\":\"Twinkling\",\"description\":\"\u041a\u0440\u0430\u0441\u043e\u0442\u0430 \u0438 \u0417\u0434\u043e\u0440\u043e\u0432\u044c\u0435\",\"publisher\":{\"@id\":\"https:\\\/\\\/twinkling.lv\\\/et\\\/#organization\"},\"potentialAction\":[{\"@type\":\"SearchAction\",\"target\":{\"@type\":\"EntryPoint\",\"urlTemplate\":\"https:\\\/\\\/twinkling.lv\\\/et\\\/?s={search_term_string}\"},\"query-input\":{\"@type\":\"PropertyValueSpecification\",\"valueRequired\":true,\"valueName\":\"search_term_string\"}}],\"inLanguage\":\"et\"},{\"@type\":\"Organization\",\"@id\":\"https:\\\/\\\/twinkling.lv\\\/et\\\/#organization\",\"name\":\"SIA TORANS\",\"url\":\"https:\\\/\\\/twinkling.lv\\\/et\\\/\",\"logo\":{\"@type\":\"ImageObject\",\"inLanguage\":\"et\",\"@id\":\"https:\\\/\\\/twinkling.lv\\\/et\\\/#\\\/schema\\\/logo\\\/image\\\/\",\"url\":\"https:\\\/\\\/twinkling.lv\\\/wp-content\\\/uploads\\\/2022\\\/02\\\/twinkling-main-logo.jpg\",\"contentUrl\":\"https:\\\/\\\/twinkling.lv\\\/wp-content\\\/uploads\\\/2022\\\/02\\\/twinkling-main-logo.jpg\",\"width\":250,\"height\":100,\"caption\":\"SIA TORANS\"},\"image\":{\"@id\":\"https:\\\/\\\/twinkling.lv\\\/et\\\/#\\\/schema\\\/logo\\\/image\\\/\"}}]}<\/script>\n<!-- \/ Yoast SEO plugin. -->","yoast_head_json":{"title":"APIVITA SHINE & REVITALIZING \u0161ampoon juustele s\u00e4ra lisamiseks 250 ml | Twinkling","description":"KIRJELDUS Terved juuksed on l\u00e4ikivad ja l\u00e4ikivad. Koostises olevad 4 vitamiini koos apelsini, sidruni ja greibi eeterlike \u00f5lidega taastavad juukseid ja","robots":{"index":"index","follow":"follow","max-snippet":"max-snippet:-1","max-image-preview":"max-image-preview:large","max-video-preview":"max-video-preview:-1"},"canonical":"https:\/\/twinkling.lv\/et\/shop\/apivita-shine-revitalizing-sampuns-matu-spidumam-250-ml\/","og_locale":"et_EE","og_type":"article","og_title":"APIVITA SHINE & REVITALIZING \u0161ampoon juustele s\u00e4ra lisamiseks 250 ml | Twinkling","og_description":"KIRJELDUS Terved juuksed on l\u00e4ikivad ja l\u00e4ikivad. Koostises olevad 4 vitamiini koos apelsini, sidruni ja greibi eeterlike \u00f5lidega taastavad juukseid ja","og_url":"https:\/\/twinkling.lv\/et\/shop\/apivita-shine-revitalizing-sampuns-matu-spidumam-250-ml\/","og_site_name":"Twinkling","article_modified_time":"2025-02-02T12:03:47+00:00","og_image":[{"width":1000,"height":1000,"url":"https:\/\/twinkling.lv\/wp-content\/uploads\/2024\/08\/APIVITA-SHINE-and-REVITALIZING-sampuns-matu-spidumam-250-ml.jpg","type":"image\/jpeg"}],"twitter_card":"summary_large_image","twitter_misc":{"Est. reading time":"1 minut"},"schema":{"@context":"https:\/\/schema.org","@graph":[{"@type":"WebPage","@id":"https:\/\/twinkling.lv\/et\/shop\/apivita-shine-revitalizing-sampuns-matu-spidumam-250-ml\/","url":"https:\/\/twinkling.lv\/et\/shop\/apivita-shine-revitalizing-sampuns-matu-spidumam-250-ml\/","name":"APIVITA SHINE & REVITALIZING \u0161ampoon juustele s\u00e4ra lisamiseks 250 ml | Twinkling","isPartOf":{"@id":"https:\/\/twinkling.lv\/et\/#website"},"primaryImageOfPage":{"@id":"https:\/\/twinkling.lv\/et\/shop\/apivita-shine-revitalizing-sampuns-matu-spidumam-250-ml\/#primaryimage"},"image":{"@id":"https:\/\/twinkling.lv\/et\/shop\/apivita-shine-revitalizing-sampuns-matu-spidumam-250-ml\/#primaryimage"},"thumbnailUrl":"https:\/\/twinkling.lv\/wp-content\/uploads\/2024\/08\/APIVITA-SHINE-and-REVITALIZING-sampuns-matu-spidumam-250-ml.jpg","datePublished":"2024-08-22T23:03:40+00:00","dateModified":"2025-02-02T12:03:47+00:00","description":"KIRJELDUS Terved juuksed on l\u00e4ikivad ja l\u00e4ikivad. Koostises olevad 4 vitamiini koos apelsini, sidruni ja greibi eeterlike \u00f5lidega taastavad juukseid ja","breadcrumb":{"@id":"https:\/\/twinkling.lv\/et\/shop\/apivita-shine-revitalizing-sampuns-matu-spidumam-250-ml\/#breadcrumb"},"inLanguage":"et","potentialAction":[{"@type":"ReadAction","target":["https:\/\/twinkling.lv\/et\/shop\/apivita-shine-revitalizing-sampuns-matu-spidumam-250-ml\/"]}]},{"@type":"ImageObject","inLanguage":"et","@id":"https:\/\/twinkling.lv\/et\/shop\/apivita-shine-revitalizing-sampuns-matu-spidumam-250-ml\/#primaryimage","url":"https:\/\/twinkling.lv\/wp-content\/uploads\/2024\/08\/APIVITA-SHINE-and-REVITALIZING-sampuns-matu-spidumam-250-ml.jpg","contentUrl":"https:\/\/twinkling.lv\/wp-content\/uploads\/2024\/08\/APIVITA-SHINE-and-REVITALIZING-sampuns-matu-spidumam-250-ml.jpg","width":1000,"height":1000},{"@type":"BreadcrumbList","@id":"https:\/\/twinkling.lv\/et\/shop\/apivita-shine-revitalizing-sampuns-matu-spidumam-250-ml\/#breadcrumb","itemListElement":[{"@type":"ListItem","position":1,"name":"\u0413\u043b\u0430\u0432\u043d\u0430\u044f \u0441\u0442\u0440\u0430\u043d\u0438\u0446\u0430","item":"https:\/\/twinkling.lv\/et\/"},{"@type":"ListItem","position":2,"name":"Pood","item":"https:\/\/twinkling.lv\/pood\/"},{"@type":"ListItem","position":3,"name":"APIVITA SHINE &#038; REVITALIZING \u0161ampoon juustele s\u00e4ra lisamiseks 250 ml"}]},{"@type":"WebSite","@id":"https:\/\/twinkling.lv\/et\/#website","url":"https:\/\/twinkling.lv\/et\/","name":"Twinkling","description":"\u041a\u0440\u0430\u0441\u043e\u0442\u0430 \u0438 \u0417\u0434\u043e\u0440\u043e\u0432\u044c\u0435","publisher":{"@id":"https:\/\/twinkling.lv\/et\/#organization"},"potentialAction":[{"@type":"SearchAction","target":{"@type":"EntryPoint","urlTemplate":"https:\/\/twinkling.lv\/et\/?s={search_term_string}"},"query-input":{"@type":"PropertyValueSpecification","valueRequired":true,"valueName":"search_term_string"}}],"inLanguage":"et"},{"@type":"Organization","@id":"https:\/\/twinkling.lv\/et\/#organization","name":"SIA TORANS","url":"https:\/\/twinkling.lv\/et\/","logo":{"@type":"ImageObject","inLanguage":"et","@id":"https:\/\/twinkling.lv\/et\/#\/schema\/logo\/image\/","url":"https:\/\/twinkling.lv\/wp-content\/uploads\/2022\/02\/twinkling-main-logo.jpg","contentUrl":"https:\/\/twinkling.lv\/wp-content\/uploads\/2022\/02\/twinkling-main-logo.jpg","width":250,"height":100,"caption":"SIA TORANS"},"image":{"@id":"https:\/\/twinkling.lv\/et\/#\/schema\/logo\/image\/"}}]}},"_links":{"self":[{"href":"https:\/\/twinkling.lv\/et\/wp-json\/wp\/v2\/product\/88399","targetHints":{"allow":["GET"]}}],"collection":[{"href":"https:\/\/twinkling.lv\/et\/wp-json\/wp\/v2\/product"}],"about":[{"href":"https:\/\/twinkling.lv\/et\/wp-json\/wp\/v2\/types\/product"}],"replies":[{"embeddable":true,"href":"https:\/\/twinkling.lv\/et\/wp-json\/wp\/v2\/comments?post=88399"}],"wp:featuredmedia":[{"embeddable":true,"href":"https:\/\/twinkling.lv\/et\/wp-json\/wp\/v2\/media\/86058"}],"wp:attachment":[{"href":"https:\/\/twinkling.lv\/et\/wp-json\/wp\/v2\/media?parent=88399"}],"wp:term":[{"taxonomy":"product_brand","embeddable":true,"href":"https:\/\/twinkling.lv\/et\/wp-json\/wp\/v2\/product_brand?post=88399"},{"taxonomy":"product_cat","embeddable":true,"href":"https:\/\/twinkling.lv\/et\/wp-json\/wp\/v2\/product_cat?post=88399"},{"taxonomy":"product_tag","embeddable":true,"href":"https:\/\/twinkling.lv\/et\/wp-json\/wp\/v2\/product_tag?post=88399"}],"curies":[{"name":"wp","href":"https:\/\/api.w.org\/{rel}","templated":true}]}}