{"id":52133,"date":"2024-05-29T23:29:49","date_gmt":"2024-05-29T20:29:49","guid":{"rendered":"https:\/\/twinkling.lv\/shop\/aptiekas-produkcija-healinature-mellenu-ekstrakts-cieta-zelatina-kapsulas-n32\/"},"modified":"2025-02-02T00:21:04","modified_gmt":"2025-02-01T21:21:04","slug":"aptiekas-produkcija-healinature-mellenu-ekstrakts-cieta-zelatina-kapsulas-n32","status":"publish","type":"product","link":"https:\/\/twinkling.lv\/et\/shop\/aptiekas-produkcija-healinature-mellenu-ekstrakts-cieta-zelatina-kapsulas-n32\/","title":{"rendered":"APTIEKAS PRODUKCIJA Healinature Mustika ekstrakt &#8211; k\u00f5vad \u017eelatiinkapslid N32"},"content":{"rendered":"<p><strong>KIRJELDUS<\/strong><\/p>\n<p>Mustikaekstrakt aitab s\u00e4ilitada silmade tervist.<\/p>\n<p><strong>RAKENDUSVIIS<\/strong><\/p>\n<p>T\u00e4iskasvanutele 1-2 kapslit p\u00e4evas.<\/p>\n<p><strong>TOOTE KOOSTIS<\/strong><\/p>\n<p>1 k\u00f5va \u017eelatiinkapsli koostis: mustika (Vaccinium myrtillus) ekstrakt 5:1 &#8211; 420 mg.<\/p>\n","protected":false},"excerpt":{"rendered":"<p><span style=\"color: #0000ff;\"><a style=\"color: #0000ff;\" href=\"https:\/\/registri.pvd.gov.lv\/ub\/dati?p_id=4861\" target=\"_blank\" rel=\"noopener\">Toote \u00fcksikasjad<\/a><\/span><\/p>\n","protected":false},"featured_media":51225,"comment_status":"open","ping_status":"closed","template":"","meta":[],"product_brand":[],"product_cat":[4821,3135,3107,3106,3095],"product_tag":[],"class_list":{"0":"post-52133","1":"product","2":"type-product","3":"status-publish","4":"has-post-thumbnail","6":"product_cat-aptiekas-produkcija-et","7":"product_cat-zimoli-et","8":"product_cat-acim-et","9":"product_cat-veselibai-et","10":"product_cat-uztura-bagatinataji-et","12":"first","13":"instock","14":"taxable","15":"shipping-taxable","16":"purchasable","17":"product-type-simple"},"yoast_head":"<!-- This site is optimized with the Yoast SEO plugin v27.4 - https:\/\/yoast.com\/product\/yoast-seo-wordpress\/ -->\n<title>APTIEKAS PRODUKCIJA Healinature Mustika ekstrakt - k\u00f5vad \u017eelatiinkapslid N32 | Twinkling<\/title>\n<meta name=\"description\" content=\"Toote \u00fcksikasjad\" \/>\n<meta name=\"robots\" content=\"index, follow, max-snippet:-1, max-image-preview:large, max-video-preview:-1\" \/>\n<link rel=\"canonical\" href=\"https:\/\/twinkling.lv\/et\/shop\/aptiekas-produkcija-healinature-mellenu-ekstrakts-cieta-zelatina-kapsulas-n32\/\" \/>\n<meta property=\"og:locale\" content=\"et_EE\" \/>\n<meta property=\"og:type\" content=\"article\" \/>\n<meta property=\"og:title\" content=\"APTIEKAS PRODUKCIJA Healinature Mustika ekstrakt - k\u00f5vad \u017eelatiinkapslid N32 | Twinkling\" \/>\n<meta property=\"og:description\" content=\"Toote \u00fcksikasjad\" \/>\n<meta property=\"og:url\" content=\"https:\/\/twinkling.lv\/et\/shop\/aptiekas-produkcija-healinature-mellenu-ekstrakts-cieta-zelatina-kapsulas-n32\/\" \/>\n<meta property=\"og:site_name\" content=\"Twinkling\" \/>\n<meta property=\"article:modified_time\" content=\"2025-02-01T21:21:04+00:00\" \/>\n<meta property=\"og:image\" content=\"https:\/\/twinkling.lv\/wp-content\/uploads\/2024\/05\/APTIEKAS-PRODUKCIJA-Healinature-Mellenu-Ekstrakts-0.52-g-cieta-zelatina-kapsulas-N32.jpg\" \/>\n\t<meta property=\"og:image:width\" content=\"1000\" \/>\n\t<meta property=\"og:image:height\" content=\"1000\" \/>\n\t<meta property=\"og:image:type\" content=\"image\/jpeg\" \/>\n<meta name=\"twitter:card\" content=\"summary_large_image\" \/>\n<script type=\"application\/ld+json\" class=\"yoast-schema-graph\">{\"@context\":\"https:\\\/\\\/schema.org\",\"@graph\":[{\"@type\":\"WebPage\",\"@id\":\"https:\\\/\\\/twinkling.lv\\\/et\\\/shop\\\/aptiekas-produkcija-healinature-mellenu-ekstrakts-cieta-zelatina-kapsulas-n32\\\/\",\"url\":\"https:\\\/\\\/twinkling.lv\\\/et\\\/shop\\\/aptiekas-produkcija-healinature-mellenu-ekstrakts-cieta-zelatina-kapsulas-n32\\\/\",\"name\":\"APTIEKAS PRODUKCIJA Healinature Mustika ekstrakt - k\u00f5vad \u017eelatiinkapslid N32 | Twinkling\",\"isPartOf\":{\"@id\":\"https:\\\/\\\/twinkling.lv\\\/et\\\/#website\"},\"primaryImageOfPage\":{\"@id\":\"https:\\\/\\\/twinkling.lv\\\/et\\\/shop\\\/aptiekas-produkcija-healinature-mellenu-ekstrakts-cieta-zelatina-kapsulas-n32\\\/#primaryimage\"},\"image\":{\"@id\":\"https:\\\/\\\/twinkling.lv\\\/et\\\/shop\\\/aptiekas-produkcija-healinature-mellenu-ekstrakts-cieta-zelatina-kapsulas-n32\\\/#primaryimage\"},\"thumbnailUrl\":\"https:\\\/\\\/twinkling.lv\\\/wp-content\\\/uploads\\\/2024\\\/05\\\/APTIEKAS-PRODUKCIJA-Healinature-Mellenu-Ekstrakts-0.52-g-cieta-zelatina-kapsulas-N32.jpg\",\"datePublished\":\"2024-05-29T20:29:49+00:00\",\"dateModified\":\"2025-02-01T21:21:04+00:00\",\"description\":\"Toote \u00fcksikasjad\",\"breadcrumb\":{\"@id\":\"https:\\\/\\\/twinkling.lv\\\/et\\\/shop\\\/aptiekas-produkcija-healinature-mellenu-ekstrakts-cieta-zelatina-kapsulas-n32\\\/#breadcrumb\"},\"inLanguage\":\"et\",\"potentialAction\":[{\"@type\":\"ReadAction\",\"target\":[\"https:\\\/\\\/twinkling.lv\\\/et\\\/shop\\\/aptiekas-produkcija-healinature-mellenu-ekstrakts-cieta-zelatina-kapsulas-n32\\\/\"]}]},{\"@type\":\"ImageObject\",\"inLanguage\":\"et\",\"@id\":\"https:\\\/\\\/twinkling.lv\\\/et\\\/shop\\\/aptiekas-produkcija-healinature-mellenu-ekstrakts-cieta-zelatina-kapsulas-n32\\\/#primaryimage\",\"url\":\"https:\\\/\\\/twinkling.lv\\\/wp-content\\\/uploads\\\/2024\\\/05\\\/APTIEKAS-PRODUKCIJA-Healinature-Mellenu-Ekstrakts-0.52-g-cieta-zelatina-kapsulas-N32.jpg\",\"contentUrl\":\"https:\\\/\\\/twinkling.lv\\\/wp-content\\\/uploads\\\/2024\\\/05\\\/APTIEKAS-PRODUKCIJA-Healinature-Mellenu-Ekstrakts-0.52-g-cieta-zelatina-kapsulas-N32.jpg\",\"width\":1000,\"height\":1000},{\"@type\":\"BreadcrumbList\",\"@id\":\"https:\\\/\\\/twinkling.lv\\\/et\\\/shop\\\/aptiekas-produkcija-healinature-mellenu-ekstrakts-cieta-zelatina-kapsulas-n32\\\/#breadcrumb\",\"itemListElement\":[{\"@type\":\"ListItem\",\"position\":1,\"name\":\"\u0413\u043b\u0430\u0432\u043d\u0430\u044f \u0441\u0442\u0440\u0430\u043d\u0438\u0446\u0430\",\"item\":\"https:\\\/\\\/twinkling.lv\\\/et\\\/\"},{\"@type\":\"ListItem\",\"position\":2,\"name\":\"Pood\",\"item\":\"https:\\\/\\\/twinkling.lv\\\/pood\\\/\"},{\"@type\":\"ListItem\",\"position\":3,\"name\":\"APTIEKAS PRODUKCIJA Healinature Mustika ekstrakt &#8211; k\u00f5vad \u017eelatiinkapslid N32\"}]},{\"@type\":\"WebSite\",\"@id\":\"https:\\\/\\\/twinkling.lv\\\/et\\\/#website\",\"url\":\"https:\\\/\\\/twinkling.lv\\\/et\\\/\",\"name\":\"Twinkling\",\"description\":\"\u041a\u0440\u0430\u0441\u043e\u0442\u0430 \u0438 \u0417\u0434\u043e\u0440\u043e\u0432\u044c\u0435\",\"publisher\":{\"@id\":\"https:\\\/\\\/twinkling.lv\\\/et\\\/#organization\"},\"potentialAction\":[{\"@type\":\"SearchAction\",\"target\":{\"@type\":\"EntryPoint\",\"urlTemplate\":\"https:\\\/\\\/twinkling.lv\\\/et\\\/?s={search_term_string}\"},\"query-input\":{\"@type\":\"PropertyValueSpecification\",\"valueRequired\":true,\"valueName\":\"search_term_string\"}}],\"inLanguage\":\"et\"},{\"@type\":\"Organization\",\"@id\":\"https:\\\/\\\/twinkling.lv\\\/et\\\/#organization\",\"name\":\"SIA TORANS\",\"url\":\"https:\\\/\\\/twinkling.lv\\\/et\\\/\",\"logo\":{\"@type\":\"ImageObject\",\"inLanguage\":\"et\",\"@id\":\"https:\\\/\\\/twinkling.lv\\\/et\\\/#\\\/schema\\\/logo\\\/image\\\/\",\"url\":\"https:\\\/\\\/twinkling.lv\\\/wp-content\\\/uploads\\\/2022\\\/02\\\/twinkling-main-logo.jpg\",\"contentUrl\":\"https:\\\/\\\/twinkling.lv\\\/wp-content\\\/uploads\\\/2022\\\/02\\\/twinkling-main-logo.jpg\",\"width\":250,\"height\":100,\"caption\":\"SIA TORANS\"},\"image\":{\"@id\":\"https:\\\/\\\/twinkling.lv\\\/et\\\/#\\\/schema\\\/logo\\\/image\\\/\"}}]}<\/script>\n<!-- \/ Yoast SEO plugin. -->","yoast_head_json":{"title":"APTIEKAS PRODUKCIJA Healinature Mustika ekstrakt - k\u00f5vad \u017eelatiinkapslid N32 | Twinkling","description":"Toote \u00fcksikasjad","robots":{"index":"index","follow":"follow","max-snippet":"max-snippet:-1","max-image-preview":"max-image-preview:large","max-video-preview":"max-video-preview:-1"},"canonical":"https:\/\/twinkling.lv\/et\/shop\/aptiekas-produkcija-healinature-mellenu-ekstrakts-cieta-zelatina-kapsulas-n32\/","og_locale":"et_EE","og_type":"article","og_title":"APTIEKAS PRODUKCIJA Healinature Mustika ekstrakt - k\u00f5vad \u017eelatiinkapslid N32 | Twinkling","og_description":"Toote \u00fcksikasjad","og_url":"https:\/\/twinkling.lv\/et\/shop\/aptiekas-produkcija-healinature-mellenu-ekstrakts-cieta-zelatina-kapsulas-n32\/","og_site_name":"Twinkling","article_modified_time":"2025-02-01T21:21:04+00:00","og_image":[{"width":1000,"height":1000,"url":"https:\/\/twinkling.lv\/wp-content\/uploads\/2024\/05\/APTIEKAS-PRODUKCIJA-Healinature-Mellenu-Ekstrakts-0.52-g-cieta-zelatina-kapsulas-N32.jpg","type":"image\/jpeg"}],"twitter_card":"summary_large_image","schema":{"@context":"https:\/\/schema.org","@graph":[{"@type":"WebPage","@id":"https:\/\/twinkling.lv\/et\/shop\/aptiekas-produkcija-healinature-mellenu-ekstrakts-cieta-zelatina-kapsulas-n32\/","url":"https:\/\/twinkling.lv\/et\/shop\/aptiekas-produkcija-healinature-mellenu-ekstrakts-cieta-zelatina-kapsulas-n32\/","name":"APTIEKAS PRODUKCIJA Healinature Mustika ekstrakt - k\u00f5vad \u017eelatiinkapslid N32 | Twinkling","isPartOf":{"@id":"https:\/\/twinkling.lv\/et\/#website"},"primaryImageOfPage":{"@id":"https:\/\/twinkling.lv\/et\/shop\/aptiekas-produkcija-healinature-mellenu-ekstrakts-cieta-zelatina-kapsulas-n32\/#primaryimage"},"image":{"@id":"https:\/\/twinkling.lv\/et\/shop\/aptiekas-produkcija-healinature-mellenu-ekstrakts-cieta-zelatina-kapsulas-n32\/#primaryimage"},"thumbnailUrl":"https:\/\/twinkling.lv\/wp-content\/uploads\/2024\/05\/APTIEKAS-PRODUKCIJA-Healinature-Mellenu-Ekstrakts-0.52-g-cieta-zelatina-kapsulas-N32.jpg","datePublished":"2024-05-29T20:29:49+00:00","dateModified":"2025-02-01T21:21:04+00:00","description":"Toote \u00fcksikasjad","breadcrumb":{"@id":"https:\/\/twinkling.lv\/et\/shop\/aptiekas-produkcija-healinature-mellenu-ekstrakts-cieta-zelatina-kapsulas-n32\/#breadcrumb"},"inLanguage":"et","potentialAction":[{"@type":"ReadAction","target":["https:\/\/twinkling.lv\/et\/shop\/aptiekas-produkcija-healinature-mellenu-ekstrakts-cieta-zelatina-kapsulas-n32\/"]}]},{"@type":"ImageObject","inLanguage":"et","@id":"https:\/\/twinkling.lv\/et\/shop\/aptiekas-produkcija-healinature-mellenu-ekstrakts-cieta-zelatina-kapsulas-n32\/#primaryimage","url":"https:\/\/twinkling.lv\/wp-content\/uploads\/2024\/05\/APTIEKAS-PRODUKCIJA-Healinature-Mellenu-Ekstrakts-0.52-g-cieta-zelatina-kapsulas-N32.jpg","contentUrl":"https:\/\/twinkling.lv\/wp-content\/uploads\/2024\/05\/APTIEKAS-PRODUKCIJA-Healinature-Mellenu-Ekstrakts-0.52-g-cieta-zelatina-kapsulas-N32.jpg","width":1000,"height":1000},{"@type":"BreadcrumbList","@id":"https:\/\/twinkling.lv\/et\/shop\/aptiekas-produkcija-healinature-mellenu-ekstrakts-cieta-zelatina-kapsulas-n32\/#breadcrumb","itemListElement":[{"@type":"ListItem","position":1,"name":"\u0413\u043b\u0430\u0432\u043d\u0430\u044f \u0441\u0442\u0440\u0430\u043d\u0438\u0446\u0430","item":"https:\/\/twinkling.lv\/et\/"},{"@type":"ListItem","position":2,"name":"Pood","item":"https:\/\/twinkling.lv\/pood\/"},{"@type":"ListItem","position":3,"name":"APTIEKAS PRODUKCIJA Healinature Mustika ekstrakt &#8211; k\u00f5vad \u017eelatiinkapslid N32"}]},{"@type":"WebSite","@id":"https:\/\/twinkling.lv\/et\/#website","url":"https:\/\/twinkling.lv\/et\/","name":"Twinkling","description":"\u041a\u0440\u0430\u0441\u043e\u0442\u0430 \u0438 \u0417\u0434\u043e\u0440\u043e\u0432\u044c\u0435","publisher":{"@id":"https:\/\/twinkling.lv\/et\/#organization"},"potentialAction":[{"@type":"SearchAction","target":{"@type":"EntryPoint","urlTemplate":"https:\/\/twinkling.lv\/et\/?s={search_term_string}"},"query-input":{"@type":"PropertyValueSpecification","valueRequired":true,"valueName":"search_term_string"}}],"inLanguage":"et"},{"@type":"Organization","@id":"https:\/\/twinkling.lv\/et\/#organization","name":"SIA TORANS","url":"https:\/\/twinkling.lv\/et\/","logo":{"@type":"ImageObject","inLanguage":"et","@id":"https:\/\/twinkling.lv\/et\/#\/schema\/logo\/image\/","url":"https:\/\/twinkling.lv\/wp-content\/uploads\/2022\/02\/twinkling-main-logo.jpg","contentUrl":"https:\/\/twinkling.lv\/wp-content\/uploads\/2022\/02\/twinkling-main-logo.jpg","width":250,"height":100,"caption":"SIA TORANS"},"image":{"@id":"https:\/\/twinkling.lv\/et\/#\/schema\/logo\/image\/"}}]}},"_links":{"self":[{"href":"https:\/\/twinkling.lv\/et\/wp-json\/wp\/v2\/product\/52133","targetHints":{"allow":["GET"]}}],"collection":[{"href":"https:\/\/twinkling.lv\/et\/wp-json\/wp\/v2\/product"}],"about":[{"href":"https:\/\/twinkling.lv\/et\/wp-json\/wp\/v2\/types\/product"}],"replies":[{"embeddable":true,"href":"https:\/\/twinkling.lv\/et\/wp-json\/wp\/v2\/comments?post=52133"}],"wp:featuredmedia":[{"embeddable":true,"href":"https:\/\/twinkling.lv\/et\/wp-json\/wp\/v2\/media\/51225"}],"wp:attachment":[{"href":"https:\/\/twinkling.lv\/et\/wp-json\/wp\/v2\/media?parent=52133"}],"wp:term":[{"taxonomy":"product_brand","embeddable":true,"href":"https:\/\/twinkling.lv\/et\/wp-json\/wp\/v2\/product_brand?post=52133"},{"taxonomy":"product_cat","embeddable":true,"href":"https:\/\/twinkling.lv\/et\/wp-json\/wp\/v2\/product_cat?post=52133"},{"taxonomy":"product_tag","embeddable":true,"href":"https:\/\/twinkling.lv\/et\/wp-json\/wp\/v2\/product_tag?post=52133"}],"curies":[{"name":"wp","href":"https:\/\/api.w.org\/{rel}","templated":true}]}}