{"id":51813,"date":"2024-05-29T23:30:20","date_gmt":"2024-05-29T20:30:20","guid":{"rendered":"https:\/\/twinkling.lv\/shop\/acorus-balance-shape-gummies-koslajamas-pastilas-svara-kontrolei-ar-glikomannanu-n36\/"},"modified":"2025-02-02T00:21:59","modified_gmt":"2025-02-01T21:21:59","slug":"acorus-balance-shape-gummies-koslajamas-pastilas-svara-kontrolei-ar-glikomannanu-n36","status":"publish","type":"product","link":"https:\/\/twinkling.lv\/et\/shop\/acorus-balance-shape-gummies-koslajamas-pastilas-svara-kontrolei-ar-glikomannanu-n36\/","title":{"rendered":"ACORUS BALANCE vormivad n\u00e4rimistabletid kaalu kontrollimiseks gl\u00fckomannaani N36 abil"},"content":{"rendered":"<p><strong>KIRJELDUS<\/strong><\/p>\n<p>Kellele sobivad SHAPE KUMMID?<\/p>\n<p>Neile, kes soovivad kaalust alla v\u00f5tta, pikendada k\u00fcllastustunnet v\u00f5i neile, kes otsivad sn\u00e4kkidele sobivaid alternatiive.<\/p>\n<p>Peamised koostisosad:<\/p>\n<p>Gl\u00fckomannaan (k\u00f5rge kiudainesisaldus). Gl\u00fckomannaan on vees lahustuv kiudaine, mis suudab absorbeerida suures koguses vett ja pakkuda k\u00fcllastustunnet.<\/p>\n<p>Miks valida SHAPE KUMMID?<\/p>\n<p>Vaarikamaitselised kummikommid on suurep\u00e4rane alternatiiv suupistetele, mis v\u00f5ivad tekitada k\u00fcllastustunde.<\/p>\n<p><strong>RAKENDUSVIIS<\/strong><\/p>\n<p>T\u00e4iskasvanutele kasutage 4 kummikommi p\u00e4evas, n\u00e4rides neid p\u00f5hjalikult. Kasutage 20-30 minutit enne iga s\u00f6\u00f6ki, jooge kindlasti 1-2 klaasi sooja vett.<\/p>\n<p><strong>TOOTE KOOSTIS<\/strong><\/p>\n<p>Toidu magusaine, \u017eelatiin, konjaki juure gl\u00fckomannaan (Amorphophallus konjac), happesuse regulaator sidrunhape, maitseaine (maasikas), kookos- ja\/v\u00f5i palmi\u00f5li, glasuuriaine karnaubavaha, v\u00e4rvained karmiinid ja antots\u00fcaniinid.<\/p>\n","protected":false},"excerpt":{"rendered":"<p><span style=\"color: #0000ff;\"><a style=\"color: #0000ff;\" href=\"https:\/\/registri.pvd.gov.lv\/ub\/dati?p_id=13246\" target=\"_blank\" rel=\"noopener\">Toote \u00fcksikasjad<\/a><\/span><\/p>\n","protected":false},"featured_media":51087,"comment_status":"open","ping_status":"closed","template":"","meta":[],"product_brand":[],"product_cat":[4791,3105,3135,3102,3095],"product_tag":[],"class_list":{"0":"post-51813","1":"product","2":"type-product","3":"status-publish","4":"has-post-thumbnail","6":"product_cat-acorus-balance-et","7":"product_cat-svara-kontrole-et","8":"product_cat-zimoli-et","9":"product_cat-skaistumam-et","10":"product_cat-uztura-bagatinataji-et","12":"first","13":"outofstock","14":"taxable","15":"shipping-taxable","16":"purchasable","17":"product-type-simple"},"yoast_head":"<!-- This site is optimized with the Yoast SEO plugin v27.4 - https:\/\/yoast.com\/product\/yoast-seo-wordpress\/ -->\n<title>ACORUS BALANCE vormivad n\u00e4rimistabletid kaalu kontrollimiseks gl\u00fckomannaani N36 abil | Twinkling<\/title>\n<meta name=\"description\" content=\"Toote \u00fcksikasjad\" \/>\n<meta name=\"robots\" content=\"index, follow, max-snippet:-1, max-image-preview:large, max-video-preview:-1\" \/>\n<link rel=\"canonical\" href=\"https:\/\/twinkling.lv\/et\/shop\/acorus-balance-shape-gummies-koslajamas-pastilas-svara-kontrolei-ar-glikomannanu-n36\/\" \/>\n<meta property=\"og:locale\" content=\"et_EE\" \/>\n<meta property=\"og:type\" content=\"article\" \/>\n<meta property=\"og:title\" content=\"ACORUS BALANCE vormivad n\u00e4rimistabletid kaalu kontrollimiseks gl\u00fckomannaani N36 abil | Twinkling\" \/>\n<meta property=\"og:description\" content=\"Toote \u00fcksikasjad\" \/>\n<meta property=\"og:url\" content=\"https:\/\/twinkling.lv\/et\/shop\/acorus-balance-shape-gummies-koslajamas-pastilas-svara-kontrolei-ar-glikomannanu-n36\/\" \/>\n<meta property=\"og:site_name\" content=\"Twinkling\" \/>\n<meta property=\"article:modified_time\" content=\"2025-02-01T21:21:59+00:00\" \/>\n<meta property=\"og:image\" content=\"https:\/\/twinkling.lv\/wp-content\/uploads\/2024\/05\/ACORUS-BALANCE-Shape-Gummies-koslajamas-pastilas-svara-kontrolei-ar-glikomannanu-N36.jpg\" \/>\n\t<meta property=\"og:image:width\" content=\"800\" \/>\n\t<meta property=\"og:image:height\" content=\"800\" \/>\n\t<meta property=\"og:image:type\" content=\"image\/jpeg\" \/>\n<meta name=\"twitter:card\" content=\"summary_large_image\" \/>\n<meta name=\"twitter:label1\" content=\"Est. reading time\" \/>\n\t<meta name=\"twitter:data1\" content=\"1 minut\" \/>\n<script type=\"application\/ld+json\" class=\"yoast-schema-graph\">{\"@context\":\"https:\\\/\\\/schema.org\",\"@graph\":[{\"@type\":\"WebPage\",\"@id\":\"https:\\\/\\\/twinkling.lv\\\/et\\\/shop\\\/acorus-balance-shape-gummies-koslajamas-pastilas-svara-kontrolei-ar-glikomannanu-n36\\\/\",\"url\":\"https:\\\/\\\/twinkling.lv\\\/et\\\/shop\\\/acorus-balance-shape-gummies-koslajamas-pastilas-svara-kontrolei-ar-glikomannanu-n36\\\/\",\"name\":\"ACORUS BALANCE vormivad n\u00e4rimistabletid kaalu kontrollimiseks gl\u00fckomannaani N36 abil | Twinkling\",\"isPartOf\":{\"@id\":\"https:\\\/\\\/twinkling.lv\\\/et\\\/#website\"},\"primaryImageOfPage\":{\"@id\":\"https:\\\/\\\/twinkling.lv\\\/et\\\/shop\\\/acorus-balance-shape-gummies-koslajamas-pastilas-svara-kontrolei-ar-glikomannanu-n36\\\/#primaryimage\"},\"image\":{\"@id\":\"https:\\\/\\\/twinkling.lv\\\/et\\\/shop\\\/acorus-balance-shape-gummies-koslajamas-pastilas-svara-kontrolei-ar-glikomannanu-n36\\\/#primaryimage\"},\"thumbnailUrl\":\"https:\\\/\\\/twinkling.lv\\\/wp-content\\\/uploads\\\/2024\\\/05\\\/ACORUS-BALANCE-Shape-Gummies-koslajamas-pastilas-svara-kontrolei-ar-glikomannanu-N36.jpg\",\"datePublished\":\"2024-05-29T20:30:20+00:00\",\"dateModified\":\"2025-02-01T21:21:59+00:00\",\"description\":\"Toote \u00fcksikasjad\",\"breadcrumb\":{\"@id\":\"https:\\\/\\\/twinkling.lv\\\/et\\\/shop\\\/acorus-balance-shape-gummies-koslajamas-pastilas-svara-kontrolei-ar-glikomannanu-n36\\\/#breadcrumb\"},\"inLanguage\":\"et\",\"potentialAction\":[{\"@type\":\"ReadAction\",\"target\":[\"https:\\\/\\\/twinkling.lv\\\/et\\\/shop\\\/acorus-balance-shape-gummies-koslajamas-pastilas-svara-kontrolei-ar-glikomannanu-n36\\\/\"]}]},{\"@type\":\"ImageObject\",\"inLanguage\":\"et\",\"@id\":\"https:\\\/\\\/twinkling.lv\\\/et\\\/shop\\\/acorus-balance-shape-gummies-koslajamas-pastilas-svara-kontrolei-ar-glikomannanu-n36\\\/#primaryimage\",\"url\":\"https:\\\/\\\/twinkling.lv\\\/wp-content\\\/uploads\\\/2024\\\/05\\\/ACORUS-BALANCE-Shape-Gummies-koslajamas-pastilas-svara-kontrolei-ar-glikomannanu-N36.jpg\",\"contentUrl\":\"https:\\\/\\\/twinkling.lv\\\/wp-content\\\/uploads\\\/2024\\\/05\\\/ACORUS-BALANCE-Shape-Gummies-koslajamas-pastilas-svara-kontrolei-ar-glikomannanu-N36.jpg\",\"width\":800,\"height\":800},{\"@type\":\"BreadcrumbList\",\"@id\":\"https:\\\/\\\/twinkling.lv\\\/et\\\/shop\\\/acorus-balance-shape-gummies-koslajamas-pastilas-svara-kontrolei-ar-glikomannanu-n36\\\/#breadcrumb\",\"itemListElement\":[{\"@type\":\"ListItem\",\"position\":1,\"name\":\"\u0413\u043b\u0430\u0432\u043d\u0430\u044f \u0441\u0442\u0440\u0430\u043d\u0438\u0446\u0430\",\"item\":\"https:\\\/\\\/twinkling.lv\\\/et\\\/\"},{\"@type\":\"ListItem\",\"position\":2,\"name\":\"Pood\",\"item\":\"https:\\\/\\\/twinkling.lv\\\/pood\\\/\"},{\"@type\":\"ListItem\",\"position\":3,\"name\":\"ACORUS BALANCE vormivad n\u00e4rimistabletid kaalu kontrollimiseks gl\u00fckomannaani N36 abil\"}]},{\"@type\":\"WebSite\",\"@id\":\"https:\\\/\\\/twinkling.lv\\\/et\\\/#website\",\"url\":\"https:\\\/\\\/twinkling.lv\\\/et\\\/\",\"name\":\"Twinkling\",\"description\":\"\u041a\u0440\u0430\u0441\u043e\u0442\u0430 \u0438 \u0417\u0434\u043e\u0440\u043e\u0432\u044c\u0435\",\"publisher\":{\"@id\":\"https:\\\/\\\/twinkling.lv\\\/et\\\/#organization\"},\"potentialAction\":[{\"@type\":\"SearchAction\",\"target\":{\"@type\":\"EntryPoint\",\"urlTemplate\":\"https:\\\/\\\/twinkling.lv\\\/et\\\/?s={search_term_string}\"},\"query-input\":{\"@type\":\"PropertyValueSpecification\",\"valueRequired\":true,\"valueName\":\"search_term_string\"}}],\"inLanguage\":\"et\"},{\"@type\":\"Organization\",\"@id\":\"https:\\\/\\\/twinkling.lv\\\/et\\\/#organization\",\"name\":\"SIA TORANS\",\"url\":\"https:\\\/\\\/twinkling.lv\\\/et\\\/\",\"logo\":{\"@type\":\"ImageObject\",\"inLanguage\":\"et\",\"@id\":\"https:\\\/\\\/twinkling.lv\\\/et\\\/#\\\/schema\\\/logo\\\/image\\\/\",\"url\":\"https:\\\/\\\/twinkling.lv\\\/wp-content\\\/uploads\\\/2022\\\/02\\\/twinkling-main-logo.jpg\",\"contentUrl\":\"https:\\\/\\\/twinkling.lv\\\/wp-content\\\/uploads\\\/2022\\\/02\\\/twinkling-main-logo.jpg\",\"width\":250,\"height\":100,\"caption\":\"SIA TORANS\"},\"image\":{\"@id\":\"https:\\\/\\\/twinkling.lv\\\/et\\\/#\\\/schema\\\/logo\\\/image\\\/\"}}]}<\/script>\n<!-- \/ Yoast SEO plugin. -->","yoast_head_json":{"title":"ACORUS BALANCE vormivad n\u00e4rimistabletid kaalu kontrollimiseks gl\u00fckomannaani N36 abil | Twinkling","description":"Toote \u00fcksikasjad","robots":{"index":"index","follow":"follow","max-snippet":"max-snippet:-1","max-image-preview":"max-image-preview:large","max-video-preview":"max-video-preview:-1"},"canonical":"https:\/\/twinkling.lv\/et\/shop\/acorus-balance-shape-gummies-koslajamas-pastilas-svara-kontrolei-ar-glikomannanu-n36\/","og_locale":"et_EE","og_type":"article","og_title":"ACORUS BALANCE vormivad n\u00e4rimistabletid kaalu kontrollimiseks gl\u00fckomannaani N36 abil | Twinkling","og_description":"Toote \u00fcksikasjad","og_url":"https:\/\/twinkling.lv\/et\/shop\/acorus-balance-shape-gummies-koslajamas-pastilas-svara-kontrolei-ar-glikomannanu-n36\/","og_site_name":"Twinkling","article_modified_time":"2025-02-01T21:21:59+00:00","og_image":[{"width":800,"height":800,"url":"https:\/\/twinkling.lv\/wp-content\/uploads\/2024\/05\/ACORUS-BALANCE-Shape-Gummies-koslajamas-pastilas-svara-kontrolei-ar-glikomannanu-N36.jpg","type":"image\/jpeg"}],"twitter_card":"summary_large_image","twitter_misc":{"Est. reading time":"1 minut"},"schema":{"@context":"https:\/\/schema.org","@graph":[{"@type":"WebPage","@id":"https:\/\/twinkling.lv\/et\/shop\/acorus-balance-shape-gummies-koslajamas-pastilas-svara-kontrolei-ar-glikomannanu-n36\/","url":"https:\/\/twinkling.lv\/et\/shop\/acorus-balance-shape-gummies-koslajamas-pastilas-svara-kontrolei-ar-glikomannanu-n36\/","name":"ACORUS BALANCE vormivad n\u00e4rimistabletid kaalu kontrollimiseks gl\u00fckomannaani N36 abil | Twinkling","isPartOf":{"@id":"https:\/\/twinkling.lv\/et\/#website"},"primaryImageOfPage":{"@id":"https:\/\/twinkling.lv\/et\/shop\/acorus-balance-shape-gummies-koslajamas-pastilas-svara-kontrolei-ar-glikomannanu-n36\/#primaryimage"},"image":{"@id":"https:\/\/twinkling.lv\/et\/shop\/acorus-balance-shape-gummies-koslajamas-pastilas-svara-kontrolei-ar-glikomannanu-n36\/#primaryimage"},"thumbnailUrl":"https:\/\/twinkling.lv\/wp-content\/uploads\/2024\/05\/ACORUS-BALANCE-Shape-Gummies-koslajamas-pastilas-svara-kontrolei-ar-glikomannanu-N36.jpg","datePublished":"2024-05-29T20:30:20+00:00","dateModified":"2025-02-01T21:21:59+00:00","description":"Toote \u00fcksikasjad","breadcrumb":{"@id":"https:\/\/twinkling.lv\/et\/shop\/acorus-balance-shape-gummies-koslajamas-pastilas-svara-kontrolei-ar-glikomannanu-n36\/#breadcrumb"},"inLanguage":"et","potentialAction":[{"@type":"ReadAction","target":["https:\/\/twinkling.lv\/et\/shop\/acorus-balance-shape-gummies-koslajamas-pastilas-svara-kontrolei-ar-glikomannanu-n36\/"]}]},{"@type":"ImageObject","inLanguage":"et","@id":"https:\/\/twinkling.lv\/et\/shop\/acorus-balance-shape-gummies-koslajamas-pastilas-svara-kontrolei-ar-glikomannanu-n36\/#primaryimage","url":"https:\/\/twinkling.lv\/wp-content\/uploads\/2024\/05\/ACORUS-BALANCE-Shape-Gummies-koslajamas-pastilas-svara-kontrolei-ar-glikomannanu-N36.jpg","contentUrl":"https:\/\/twinkling.lv\/wp-content\/uploads\/2024\/05\/ACORUS-BALANCE-Shape-Gummies-koslajamas-pastilas-svara-kontrolei-ar-glikomannanu-N36.jpg","width":800,"height":800},{"@type":"BreadcrumbList","@id":"https:\/\/twinkling.lv\/et\/shop\/acorus-balance-shape-gummies-koslajamas-pastilas-svara-kontrolei-ar-glikomannanu-n36\/#breadcrumb","itemListElement":[{"@type":"ListItem","position":1,"name":"\u0413\u043b\u0430\u0432\u043d\u0430\u044f \u0441\u0442\u0440\u0430\u043d\u0438\u0446\u0430","item":"https:\/\/twinkling.lv\/et\/"},{"@type":"ListItem","position":2,"name":"Pood","item":"https:\/\/twinkling.lv\/pood\/"},{"@type":"ListItem","position":3,"name":"ACORUS BALANCE vormivad n\u00e4rimistabletid kaalu kontrollimiseks gl\u00fckomannaani N36 abil"}]},{"@type":"WebSite","@id":"https:\/\/twinkling.lv\/et\/#website","url":"https:\/\/twinkling.lv\/et\/","name":"Twinkling","description":"\u041a\u0440\u0430\u0441\u043e\u0442\u0430 \u0438 \u0417\u0434\u043e\u0440\u043e\u0432\u044c\u0435","publisher":{"@id":"https:\/\/twinkling.lv\/et\/#organization"},"potentialAction":[{"@type":"SearchAction","target":{"@type":"EntryPoint","urlTemplate":"https:\/\/twinkling.lv\/et\/?s={search_term_string}"},"query-input":{"@type":"PropertyValueSpecification","valueRequired":true,"valueName":"search_term_string"}}],"inLanguage":"et"},{"@type":"Organization","@id":"https:\/\/twinkling.lv\/et\/#organization","name":"SIA TORANS","url":"https:\/\/twinkling.lv\/et\/","logo":{"@type":"ImageObject","inLanguage":"et","@id":"https:\/\/twinkling.lv\/et\/#\/schema\/logo\/image\/","url":"https:\/\/twinkling.lv\/wp-content\/uploads\/2022\/02\/twinkling-main-logo.jpg","contentUrl":"https:\/\/twinkling.lv\/wp-content\/uploads\/2022\/02\/twinkling-main-logo.jpg","width":250,"height":100,"caption":"SIA TORANS"},"image":{"@id":"https:\/\/twinkling.lv\/et\/#\/schema\/logo\/image\/"}}]}},"_links":{"self":[{"href":"https:\/\/twinkling.lv\/et\/wp-json\/wp\/v2\/product\/51813","targetHints":{"allow":["GET"]}}],"collection":[{"href":"https:\/\/twinkling.lv\/et\/wp-json\/wp\/v2\/product"}],"about":[{"href":"https:\/\/twinkling.lv\/et\/wp-json\/wp\/v2\/types\/product"}],"replies":[{"embeddable":true,"href":"https:\/\/twinkling.lv\/et\/wp-json\/wp\/v2\/comments?post=51813"}],"wp:featuredmedia":[{"embeddable":true,"href":"https:\/\/twinkling.lv\/et\/wp-json\/wp\/v2\/media\/51087"}],"wp:attachment":[{"href":"https:\/\/twinkling.lv\/et\/wp-json\/wp\/v2\/media?parent=51813"}],"wp:term":[{"taxonomy":"product_brand","embeddable":true,"href":"https:\/\/twinkling.lv\/et\/wp-json\/wp\/v2\/product_brand?post=51813"},{"taxonomy":"product_cat","embeddable":true,"href":"https:\/\/twinkling.lv\/et\/wp-json\/wp\/v2\/product_cat?post=51813"},{"taxonomy":"product_tag","embeddable":true,"href":"https:\/\/twinkling.lv\/et\/wp-json\/wp\/v2\/product_tag?post=51813"}],"curies":[{"name":"wp","href":"https:\/\/api.w.org\/{rel}","templated":true}]}}