{"id":42398,"date":"2024-04-13T21:16:47","date_gmt":"2024-04-13T18:16:47","guid":{"rendered":"https:\/\/twinkling.lv\/shop\/ellips-hair-treatment-vitamini-bojatiem-matiem-kapsulas-1-ml-x-n50\/"},"modified":"2025-02-02T00:14:56","modified_gmt":"2025-02-01T21:14:56","slug":"ellips-hair-treatment-vitamini-bojatiem-matiem-kapsulas-1-ml-x-n50","status":"publish","type":"product","link":"https:\/\/twinkling.lv\/et\/shop\/ellips-hair-treatment-vitamini-bojatiem-matiem-kapsulas-1-ml-x-n50\/","title":{"rendered":"ELLIPS Hair Treatment vitamiinid kahjustatud juustele, kapslid 1 ml x N50"},"content":{"rendered":"<p><strong>KIRJELDUS<\/strong><\/p>\n<p>Ellips Hair Treatment argaaniaseemnete, jojoba\u00f5li ning A-, C-, E- ja Pro B5-vitamiinidega aitab taastada n\u00f5rgestatud, kuivade, rabedate ja l\u00f5henemisohtlike juuste v\u00e4ljan\u00e4gemise.<br \/>\nSpetsiaalselt v\u00e4lja t\u00f6\u00f6tatud keemiliselt kahjustatud juustele, n\u00e4iteks p\u00e4rast keemilist sirgendamist v\u00f5i lokkimist, p\u00e4rast intensiivset v\u00e4rvimist, eriti pleegitamist. Ka juustele, mis sageli kuumaseadmetega kokku puutuvad.<br \/>\nKoostises sisalduv argaaniaseemne- ja jojoobi\u00f5li tandem tugevdab juukseid, kaitseb neid kuivuse eest, loob kaitse murdumise ja l\u00f5henemise eest ning aitab taastada ka kahjustatud juuksepiirkondi. Ennetav toime juuste v\u00e4ljalangemise vastu.<br \/>\nKaitseb juukseid kuumuse eest (kuni 220 \u00b0C), mida kiirgavad f\u00f6\u00f6nid, juuksesirgendajad v\u00f5i lokitangid, ning kaitseb ultraviolettkiirte (UV) eest.<br \/>\nT\u00e4nu uuenduslikule valemile ei l\u00e4he toode rasvaseks ja juuksed ei muutu raskeks. Ei j\u00e4ta kleepuvat tunnet ja imendub kiiresti.<br \/>\nSobib eriti h\u00e4sti \u00f5hukestele ja keskmise paksusega juustele.<br \/>\nGMO-de, gluteeni, parabeenide, alkoholi ja s\u00e4ilitusainete vaba.<br \/>\n100% vegan. Ei ole testitud loomadel ja ei sisalda loomset p\u00e4ritolu koostisosi.<br \/>\nLagunev kapsel on keskkonnas\u00f5bralik.<br \/>\n\u00c4\u00e4rmiselt lihtne kasutada: 1 kapsel &#8211; 1 kord &#8211; 1 ml. Toode sobib igap\u00e4evaseks kasutamiseks ja reisimiseks.<br \/>\nSobib nii meestele kui naistele.<\/p>\n<p><strong>RAKENDUSVIIS<\/strong><\/p>\n<p>See iluhooldus kestab vaid 30 sekundit.<\/p>\n<p>Pese juukseid nagu tavaliselt, kasutades oma lemmiktooteid.<br \/>\nKuivatage juukseid veidi, j\u00e4ttes need niiskeks.<br \/>\nT\u00fchjendage kapsli sisu oma peopessa.<br \/>\nKanna \u00f5rnalt kuivadele, kuid siiski niisketele juustele kogu pikkuses. Kandke vitamiine \u00fchtlaselt kogu juuste pikkuses, alustades otstest. \u00c4rge kandke juuksejuurtele.<br \/>\nLaske juustel umbes 10 minutit loomulikult kuivada. Seej\u00e4rel kuivatage f\u00f6\u00f6niga nagu tavaliselt ja kujundage oma lemmiksoeng.<\/p>\n<p>S\u00e4ilitage vitamiine soojas ja kuivas kohas, et kapsel muutuks pehmeks ja seda saaks k\u00e4sitsi eemaldada. Kui kapsel on k\u00f5va, saab selle otsa kosmeetiliste k\u00e4\u00e4ridega \u00e4ra l\u00f5igata.<\/p>\n<p><strong>TOOTE KOOSTIS<\/strong><\/p>\n<p>Cyclopentasiloxane, Cyclotetrasiloxane, Dimethiconol, Fragrance, Tocopheryl Acetate, Simmondsia Chinensis Seed Oil, Polysilicone-15, Soybean (Glycine Soja) Oil, Panteheryl Ethyl Ether, Retinyl Palmitate, Argania Spinosa Oil, Ascorbyl Palmitate.<\/p>\n","protected":false},"excerpt":{"rendered":"<p>KIRJELDUS Ellips Hair Treatment argaaniaseemnete, jojoba\u00f5li ning A-, C-, E- ja Pro B5-vitamiinidega aitab taastada n\u00f5rgestatud, kuivade, rabedate ja l\u00f5henemisohtlike juuste v\u00e4ljan\u00e4gemise. Spetsiaalselt v\u00e4lja t\u00f6\u00f6tatud keemiliselt kahjustatud juustele, n\u00e4iteks p\u00e4rast keemilist sirgendamist v\u00f5i lokkimist, p\u00e4rast intensiivset v\u00e4rvimist, eriti pleegitamist. Ka juustele, mis sageli kuumaseadmetega kokku puutuvad. Koostises sisalduv argaaniaseemne- ja jojoobi\u00f5li tandem tugevdab juukseid, kaitseb [&#8230;]\n","protected":false},"featured_media":39521,"comment_status":"open","ping_status":"closed","template":"","meta":[],"product_brand":[],"product_cat":[3871,3089,3135,3092],"product_tag":[],"class_list":{"0":"post-42398","1":"product","2":"type-product","3":"status-publish","4":"has-post-thumbnail","6":"product_cat-ellips-et","7":"product_cat-matiem-et","8":"product_cat-zimoli-et","9":"product_cat-maskas-serumi-et","11":"first","12":"instock","13":"taxable","14":"shipping-taxable","15":"purchasable","16":"product-type-simple"},"yoast_head":"<!-- This site is optimized with the Yoast SEO plugin v27.4 - https:\/\/yoast.com\/product\/yoast-seo-wordpress\/ -->\n<title>ELLIPS Hair Treatment vitamiinid kahjustatud juustele, kapslid 1 ml x N50 | Twinkling<\/title>\n<meta name=\"description\" content=\"KIRJELDUS Ellips Hair Treatment argaaniaseemnete, jojoba\u00f5li ning A-, C-, E- ja Pro B5-vitamiinidega aitab taastada n\u00f5rgestatud, kuivade, rabedate ja\" \/>\n<meta name=\"robots\" content=\"index, follow, max-snippet:-1, max-image-preview:large, max-video-preview:-1\" \/>\n<link rel=\"canonical\" href=\"https:\/\/twinkling.lv\/et\/shop\/ellips-hair-treatment-vitamini-bojatiem-matiem-kapsulas-1-ml-x-n50\/\" \/>\n<meta property=\"og:locale\" content=\"et_EE\" \/>\n<meta property=\"og:type\" content=\"article\" \/>\n<meta property=\"og:title\" content=\"ELLIPS Hair Treatment vitamiinid kahjustatud juustele, kapslid 1 ml x N50 | Twinkling\" \/>\n<meta property=\"og:description\" content=\"KIRJELDUS Ellips Hair Treatment argaaniaseemnete, jojoba\u00f5li ning A-, C-, E- ja Pro B5-vitamiinidega aitab taastada n\u00f5rgestatud, kuivade, rabedate ja\" \/>\n<meta property=\"og:url\" content=\"https:\/\/twinkling.lv\/et\/shop\/ellips-hair-treatment-vitamini-bojatiem-matiem-kapsulas-1-ml-x-n50\/\" \/>\n<meta property=\"og:site_name\" content=\"Twinkling\" \/>\n<meta property=\"article:modified_time\" content=\"2025-02-01T21:14:56+00:00\" \/>\n<meta property=\"og:image\" content=\"https:\/\/twinkling.lv\/wp-content\/uploads\/2024\/04\/ELLIPS-Hair-Treatment-vitamini-bojatiem-matiem-kapsulas-1-ml-x-N50.jpg\" \/>\n\t<meta property=\"og:image:width\" content=\"800\" \/>\n\t<meta property=\"og:image:height\" content=\"800\" \/>\n\t<meta property=\"og:image:type\" content=\"image\/jpeg\" \/>\n<meta name=\"twitter:card\" content=\"summary_large_image\" \/>\n<meta name=\"twitter:label1\" content=\"Est. reading time\" \/>\n\t<meta name=\"twitter:data1\" content=\"2 minutit\" \/>\n<script type=\"application\/ld+json\" class=\"yoast-schema-graph\">{\"@context\":\"https:\\\/\\\/schema.org\",\"@graph\":[{\"@type\":\"WebPage\",\"@id\":\"https:\\\/\\\/twinkling.lv\\\/et\\\/shop\\\/ellips-hair-treatment-vitamini-bojatiem-matiem-kapsulas-1-ml-x-n50\\\/\",\"url\":\"https:\\\/\\\/twinkling.lv\\\/et\\\/shop\\\/ellips-hair-treatment-vitamini-bojatiem-matiem-kapsulas-1-ml-x-n50\\\/\",\"name\":\"ELLIPS Hair Treatment vitamiinid kahjustatud juustele, kapslid 1 ml x N50 | Twinkling\",\"isPartOf\":{\"@id\":\"https:\\\/\\\/twinkling.lv\\\/et\\\/#website\"},\"primaryImageOfPage\":{\"@id\":\"https:\\\/\\\/twinkling.lv\\\/et\\\/shop\\\/ellips-hair-treatment-vitamini-bojatiem-matiem-kapsulas-1-ml-x-n50\\\/#primaryimage\"},\"image\":{\"@id\":\"https:\\\/\\\/twinkling.lv\\\/et\\\/shop\\\/ellips-hair-treatment-vitamini-bojatiem-matiem-kapsulas-1-ml-x-n50\\\/#primaryimage\"},\"thumbnailUrl\":\"https:\\\/\\\/twinkling.lv\\\/wp-content\\\/uploads\\\/2024\\\/04\\\/ELLIPS-Hair-Treatment-vitamini-bojatiem-matiem-kapsulas-1-ml-x-N50.jpg\",\"datePublished\":\"2024-04-13T18:16:47+00:00\",\"dateModified\":\"2025-02-01T21:14:56+00:00\",\"description\":\"KIRJELDUS Ellips Hair Treatment argaaniaseemnete, jojoba\u00f5li ning A-, C-, E- ja Pro B5-vitamiinidega aitab taastada n\u00f5rgestatud, kuivade, rabedate ja\",\"breadcrumb\":{\"@id\":\"https:\\\/\\\/twinkling.lv\\\/et\\\/shop\\\/ellips-hair-treatment-vitamini-bojatiem-matiem-kapsulas-1-ml-x-n50\\\/#breadcrumb\"},\"inLanguage\":\"et\",\"potentialAction\":[{\"@type\":\"ReadAction\",\"target\":[\"https:\\\/\\\/twinkling.lv\\\/et\\\/shop\\\/ellips-hair-treatment-vitamini-bojatiem-matiem-kapsulas-1-ml-x-n50\\\/\"]}]},{\"@type\":\"ImageObject\",\"inLanguage\":\"et\",\"@id\":\"https:\\\/\\\/twinkling.lv\\\/et\\\/shop\\\/ellips-hair-treatment-vitamini-bojatiem-matiem-kapsulas-1-ml-x-n50\\\/#primaryimage\",\"url\":\"https:\\\/\\\/twinkling.lv\\\/wp-content\\\/uploads\\\/2024\\\/04\\\/ELLIPS-Hair-Treatment-vitamini-bojatiem-matiem-kapsulas-1-ml-x-N50.jpg\",\"contentUrl\":\"https:\\\/\\\/twinkling.lv\\\/wp-content\\\/uploads\\\/2024\\\/04\\\/ELLIPS-Hair-Treatment-vitamini-bojatiem-matiem-kapsulas-1-ml-x-N50.jpg\",\"width\":800,\"height\":800},{\"@type\":\"BreadcrumbList\",\"@id\":\"https:\\\/\\\/twinkling.lv\\\/et\\\/shop\\\/ellips-hair-treatment-vitamini-bojatiem-matiem-kapsulas-1-ml-x-n50\\\/#breadcrumb\",\"itemListElement\":[{\"@type\":\"ListItem\",\"position\":1,\"name\":\"\u0413\u043b\u0430\u0432\u043d\u0430\u044f \u0441\u0442\u0440\u0430\u043d\u0438\u0446\u0430\",\"item\":\"https:\\\/\\\/twinkling.lv\\\/et\\\/\"},{\"@type\":\"ListItem\",\"position\":2,\"name\":\"Pood\",\"item\":\"https:\\\/\\\/twinkling.lv\\\/pood\\\/\"},{\"@type\":\"ListItem\",\"position\":3,\"name\":\"ELLIPS Hair Treatment vitamiinid kahjustatud juustele, kapslid 1 ml x N50\"}]},{\"@type\":\"WebSite\",\"@id\":\"https:\\\/\\\/twinkling.lv\\\/et\\\/#website\",\"url\":\"https:\\\/\\\/twinkling.lv\\\/et\\\/\",\"name\":\"Twinkling\",\"description\":\"\u041a\u0440\u0430\u0441\u043e\u0442\u0430 \u0438 \u0417\u0434\u043e\u0440\u043e\u0432\u044c\u0435\",\"publisher\":{\"@id\":\"https:\\\/\\\/twinkling.lv\\\/et\\\/#organization\"},\"potentialAction\":[{\"@type\":\"SearchAction\",\"target\":{\"@type\":\"EntryPoint\",\"urlTemplate\":\"https:\\\/\\\/twinkling.lv\\\/et\\\/?s={search_term_string}\"},\"query-input\":{\"@type\":\"PropertyValueSpecification\",\"valueRequired\":true,\"valueName\":\"search_term_string\"}}],\"inLanguage\":\"et\"},{\"@type\":\"Organization\",\"@id\":\"https:\\\/\\\/twinkling.lv\\\/et\\\/#organization\",\"name\":\"SIA TORANS\",\"url\":\"https:\\\/\\\/twinkling.lv\\\/et\\\/\",\"logo\":{\"@type\":\"ImageObject\",\"inLanguage\":\"et\",\"@id\":\"https:\\\/\\\/twinkling.lv\\\/et\\\/#\\\/schema\\\/logo\\\/image\\\/\",\"url\":\"https:\\\/\\\/twinkling.lv\\\/wp-content\\\/uploads\\\/2022\\\/02\\\/twinkling-main-logo.jpg\",\"contentUrl\":\"https:\\\/\\\/twinkling.lv\\\/wp-content\\\/uploads\\\/2022\\\/02\\\/twinkling-main-logo.jpg\",\"width\":250,\"height\":100,\"caption\":\"SIA TORANS\"},\"image\":{\"@id\":\"https:\\\/\\\/twinkling.lv\\\/et\\\/#\\\/schema\\\/logo\\\/image\\\/\"}}]}<\/script>\n<!-- \/ Yoast SEO plugin. -->","yoast_head_json":{"title":"ELLIPS Hair Treatment vitamiinid kahjustatud juustele, kapslid 1 ml x N50 | Twinkling","description":"KIRJELDUS Ellips Hair Treatment argaaniaseemnete, jojoba\u00f5li ning A-, C-, E- ja Pro B5-vitamiinidega aitab taastada n\u00f5rgestatud, kuivade, rabedate ja","robots":{"index":"index","follow":"follow","max-snippet":"max-snippet:-1","max-image-preview":"max-image-preview:large","max-video-preview":"max-video-preview:-1"},"canonical":"https:\/\/twinkling.lv\/et\/shop\/ellips-hair-treatment-vitamini-bojatiem-matiem-kapsulas-1-ml-x-n50\/","og_locale":"et_EE","og_type":"article","og_title":"ELLIPS Hair Treatment vitamiinid kahjustatud juustele, kapslid 1 ml x N50 | Twinkling","og_description":"KIRJELDUS Ellips Hair Treatment argaaniaseemnete, jojoba\u00f5li ning A-, C-, E- ja Pro B5-vitamiinidega aitab taastada n\u00f5rgestatud, kuivade, rabedate ja","og_url":"https:\/\/twinkling.lv\/et\/shop\/ellips-hair-treatment-vitamini-bojatiem-matiem-kapsulas-1-ml-x-n50\/","og_site_name":"Twinkling","article_modified_time":"2025-02-01T21:14:56+00:00","og_image":[{"width":800,"height":800,"url":"https:\/\/twinkling.lv\/wp-content\/uploads\/2024\/04\/ELLIPS-Hair-Treatment-vitamini-bojatiem-matiem-kapsulas-1-ml-x-N50.jpg","type":"image\/jpeg"}],"twitter_card":"summary_large_image","twitter_misc":{"Est. reading time":"2 minutit"},"schema":{"@context":"https:\/\/schema.org","@graph":[{"@type":"WebPage","@id":"https:\/\/twinkling.lv\/et\/shop\/ellips-hair-treatment-vitamini-bojatiem-matiem-kapsulas-1-ml-x-n50\/","url":"https:\/\/twinkling.lv\/et\/shop\/ellips-hair-treatment-vitamini-bojatiem-matiem-kapsulas-1-ml-x-n50\/","name":"ELLIPS Hair Treatment vitamiinid kahjustatud juustele, kapslid 1 ml x N50 | Twinkling","isPartOf":{"@id":"https:\/\/twinkling.lv\/et\/#website"},"primaryImageOfPage":{"@id":"https:\/\/twinkling.lv\/et\/shop\/ellips-hair-treatment-vitamini-bojatiem-matiem-kapsulas-1-ml-x-n50\/#primaryimage"},"image":{"@id":"https:\/\/twinkling.lv\/et\/shop\/ellips-hair-treatment-vitamini-bojatiem-matiem-kapsulas-1-ml-x-n50\/#primaryimage"},"thumbnailUrl":"https:\/\/twinkling.lv\/wp-content\/uploads\/2024\/04\/ELLIPS-Hair-Treatment-vitamini-bojatiem-matiem-kapsulas-1-ml-x-N50.jpg","datePublished":"2024-04-13T18:16:47+00:00","dateModified":"2025-02-01T21:14:56+00:00","description":"KIRJELDUS Ellips Hair Treatment argaaniaseemnete, jojoba\u00f5li ning A-, C-, E- ja Pro B5-vitamiinidega aitab taastada n\u00f5rgestatud, kuivade, rabedate ja","breadcrumb":{"@id":"https:\/\/twinkling.lv\/et\/shop\/ellips-hair-treatment-vitamini-bojatiem-matiem-kapsulas-1-ml-x-n50\/#breadcrumb"},"inLanguage":"et","potentialAction":[{"@type":"ReadAction","target":["https:\/\/twinkling.lv\/et\/shop\/ellips-hair-treatment-vitamini-bojatiem-matiem-kapsulas-1-ml-x-n50\/"]}]},{"@type":"ImageObject","inLanguage":"et","@id":"https:\/\/twinkling.lv\/et\/shop\/ellips-hair-treatment-vitamini-bojatiem-matiem-kapsulas-1-ml-x-n50\/#primaryimage","url":"https:\/\/twinkling.lv\/wp-content\/uploads\/2024\/04\/ELLIPS-Hair-Treatment-vitamini-bojatiem-matiem-kapsulas-1-ml-x-N50.jpg","contentUrl":"https:\/\/twinkling.lv\/wp-content\/uploads\/2024\/04\/ELLIPS-Hair-Treatment-vitamini-bojatiem-matiem-kapsulas-1-ml-x-N50.jpg","width":800,"height":800},{"@type":"BreadcrumbList","@id":"https:\/\/twinkling.lv\/et\/shop\/ellips-hair-treatment-vitamini-bojatiem-matiem-kapsulas-1-ml-x-n50\/#breadcrumb","itemListElement":[{"@type":"ListItem","position":1,"name":"\u0413\u043b\u0430\u0432\u043d\u0430\u044f \u0441\u0442\u0440\u0430\u043d\u0438\u0446\u0430","item":"https:\/\/twinkling.lv\/et\/"},{"@type":"ListItem","position":2,"name":"Pood","item":"https:\/\/twinkling.lv\/pood\/"},{"@type":"ListItem","position":3,"name":"ELLIPS Hair Treatment vitamiinid kahjustatud juustele, kapslid 1 ml x N50"}]},{"@type":"WebSite","@id":"https:\/\/twinkling.lv\/et\/#website","url":"https:\/\/twinkling.lv\/et\/","name":"Twinkling","description":"\u041a\u0440\u0430\u0441\u043e\u0442\u0430 \u0438 \u0417\u0434\u043e\u0440\u043e\u0432\u044c\u0435","publisher":{"@id":"https:\/\/twinkling.lv\/et\/#organization"},"potentialAction":[{"@type":"SearchAction","target":{"@type":"EntryPoint","urlTemplate":"https:\/\/twinkling.lv\/et\/?s={search_term_string}"},"query-input":{"@type":"PropertyValueSpecification","valueRequired":true,"valueName":"search_term_string"}}],"inLanguage":"et"},{"@type":"Organization","@id":"https:\/\/twinkling.lv\/et\/#organization","name":"SIA TORANS","url":"https:\/\/twinkling.lv\/et\/","logo":{"@type":"ImageObject","inLanguage":"et","@id":"https:\/\/twinkling.lv\/et\/#\/schema\/logo\/image\/","url":"https:\/\/twinkling.lv\/wp-content\/uploads\/2022\/02\/twinkling-main-logo.jpg","contentUrl":"https:\/\/twinkling.lv\/wp-content\/uploads\/2022\/02\/twinkling-main-logo.jpg","width":250,"height":100,"caption":"SIA TORANS"},"image":{"@id":"https:\/\/twinkling.lv\/et\/#\/schema\/logo\/image\/"}}]}},"_links":{"self":[{"href":"https:\/\/twinkling.lv\/et\/wp-json\/wp\/v2\/product\/42398","targetHints":{"allow":["GET"]}}],"collection":[{"href":"https:\/\/twinkling.lv\/et\/wp-json\/wp\/v2\/product"}],"about":[{"href":"https:\/\/twinkling.lv\/et\/wp-json\/wp\/v2\/types\/product"}],"replies":[{"embeddable":true,"href":"https:\/\/twinkling.lv\/et\/wp-json\/wp\/v2\/comments?post=42398"}],"wp:featuredmedia":[{"embeddable":true,"href":"https:\/\/twinkling.lv\/et\/wp-json\/wp\/v2\/media\/39521"}],"wp:attachment":[{"href":"https:\/\/twinkling.lv\/et\/wp-json\/wp\/v2\/media?parent=42398"}],"wp:term":[{"taxonomy":"product_brand","embeddable":true,"href":"https:\/\/twinkling.lv\/et\/wp-json\/wp\/v2\/product_brand?post=42398"},{"taxonomy":"product_cat","embeddable":true,"href":"https:\/\/twinkling.lv\/et\/wp-json\/wp\/v2\/product_cat?post=42398"},{"taxonomy":"product_tag","embeddable":true,"href":"https:\/\/twinkling.lv\/et\/wp-json\/wp\/v2\/product_tag?post=42398"}],"curies":[{"name":"wp","href":"https:\/\/api.w.org\/{rel}","templated":true}]}}