{"id":42286,"date":"2024-04-13T21:17:00","date_gmt":"2024-04-13T18:17:00","guid":{"rendered":"https:\/\/twinkling.lv\/shop\/novexpert-5-omega-attirosa-ella-sejai-150-ml\/"},"modified":"2025-02-02T00:15:20","modified_gmt":"2025-02-01T21:15:20","slug":"novexpert-5-omega-attirosa-ella-sejai-150-ml","status":"publish","type":"product","link":"https:\/\/twinkling.lv\/et\/shop\/novexpert-5-omega-attirosa-ella-sejai-150-ml\/","title":{"rendered":"NOVEXPERT 5 Omega n\u00e4opuhastus\u00f5li 150 ml"},"content":{"rendered":"<p><strong>KIRJELDUS<\/strong><\/p>\n<p>Sobib k\u00f5ikidele nahat\u00fc\u00fcpidele peale rasuse naha. Igap\u00e4evane \u00f5lip\u00f5hine puhastusvahend n\u00e4ole ja eriti tundlikele piirkondadele (huuled, silmad). Puhastus\u00f5li ei eemalda mitte ainult \u00f5rnalt veekindlat meigi, vaid eemaldab nahalt t\u00e4ielikult ka k\u00f5ik keskkonna saasteained ja muud naha ebapuhtused. T\u00e4nu oma eriti kergele tekstuurile imendub \u00f5li koheselt nahka ja muudab selle sametiselt pehmeks. Sisaldab p\u00e4evalille-, seesami-, symondsia-, h\u00fcdra-, granaat\u00f5una-, Aafrika marula-, Inca inchi- ja astelpajuseemne\u00f5li ning viit t\u00fc\u00fcpi Omega-d (3, 5, 6, 7, 9) hooldab, niisutab (kuni 8 tundi), taastab, rahustab ja kaitseb nahka.<\/p>\n<p><strong>RAKENDUSVIIS<\/strong><\/p>\n<p>Niisutage vatipadja v\u00f5i lappi veega, tilgutage sellele kolm tilka \u00f5li. Puhastage kuiv nahk riide \u00fche poolega, seej\u00e4rel puhastage uuesti teise poolega.<\/p>\n<p><strong>TOOTE KOOSTIS<\/strong><\/p>\n<p>Helianthus Annuus (Sunflower) Seed Oil*\u00b0, Caprylic\/Capric Triglyceride\u00b0, Polyglyceryl-4 Oleate\u00b0, Sesamum Indicum (Sesame) Seed Oil*\u00b0, Simmondsia Chinensis (Jojoba) Seed Oil*\u00b0, Camelina Sativa Seed Oil*\u00b0, Punica Granatum Seed Oil*\u00b0, Sclerocarya Birrea Seed Oil\u00b0, Plukenetia Volubilis Seed Oil*\u00b0, Hippophae Rhamnoides Oil*\u00b0, Tocopherol\u00b0, Parfum (Fragrance)\u00b0, Mauritia Flexuosa Fruit Oil\u00b0.<br \/>\n* Biolo\u0123isk\u0101s lauksaimniec\u012bbas sast\u0101vda\u013cas\u00b0 100% sast\u0101vda\u013cu ir dabiskas izcelsmes<\/p>\n","protected":false},"excerpt":{"rendered":"<p>KIRJELDUS Sobib k\u00f5ikidele nahat\u00fc\u00fcpidele peale rasuse naha. Igap\u00e4evane \u00f5lip\u00f5hine puhastusvahend n\u00e4ole ja eriti tundlikele piirkondadele (huuled, silmad). Puhastus\u00f5li ei eemalda mitte ainult \u00f5rnalt veekindlat meigi, vaid eemaldab nahalt t\u00e4ielikult ka k\u00f5ik keskkonna saasteained ja muud naha ebapuhtused. T\u00e4nu oma eriti kergele tekstuurile imendub \u00f5li koheselt nahka ja muudab selle sametiselt pehmeks. Sisaldab p\u00e4evalille-, seesami-, symondsia-, [&#8230;]\n","protected":false},"featured_media":40311,"comment_status":"open","ping_status":"closed","template":"","meta":[],"product_brand":[],"product_cat":[3135,3313,3302,3863,3314],"product_tag":[],"class_list":{"0":"post-42286","1":"product","2":"type-product","3":"status-publish","4":"has-post-thumbnail","6":"product_cat-zimoli-et","7":"product_cat-seja-et","8":"product_cat-adas-kopsana-et","9":"product_cat-novexpert-et","10":"product_cat-attirosie-un-tonizejosie-lidzekli-et","12":"first","13":"outofstock","14":"taxable","15":"shipping-taxable","16":"purchasable","17":"product-type-simple"},"yoast_head":"<!-- This site is optimized with the Yoast SEO plugin v27.4 - https:\/\/yoast.com\/product\/yoast-seo-wordpress\/ -->\n<title>NOVEXPERT 5 Omega n\u00e4opuhastus\u00f5li 150 ml | Twinkling<\/title>\n<meta name=\"description\" content=\"KIRJELDUS Sobib k\u00f5ikidele nahat\u00fc\u00fcpidele peale rasuse naha. Igap\u00e4evane \u00f5lip\u00f5hine puhastusvahend n\u00e4ole ja eriti tundlikele piirkondadele (huuled, silmad).\" \/>\n<meta name=\"robots\" content=\"index, follow, max-snippet:-1, max-image-preview:large, max-video-preview:-1\" \/>\n<link rel=\"canonical\" href=\"https:\/\/twinkling.lv\/et\/shop\/novexpert-5-omega-attirosa-ella-sejai-150-ml\/\" \/>\n<meta property=\"og:locale\" content=\"et_EE\" \/>\n<meta property=\"og:type\" content=\"article\" \/>\n<meta property=\"og:title\" content=\"NOVEXPERT 5 Omega n\u00e4opuhastus\u00f5li 150 ml | Twinkling\" \/>\n<meta property=\"og:description\" content=\"KIRJELDUS Sobib k\u00f5ikidele nahat\u00fc\u00fcpidele peale rasuse naha. Igap\u00e4evane \u00f5lip\u00f5hine puhastusvahend n\u00e4ole ja eriti tundlikele piirkondadele (huuled, silmad).\" \/>\n<meta property=\"og:url\" content=\"https:\/\/twinkling.lv\/et\/shop\/novexpert-5-omega-attirosa-ella-sejai-150-ml\/\" \/>\n<meta property=\"og:site_name\" content=\"Twinkling\" \/>\n<meta property=\"article:modified_time\" content=\"2025-02-01T21:15:20+00:00\" \/>\n<meta property=\"og:image\" content=\"https:\/\/twinkling.lv\/wp-content\/uploads\/2024\/04\/NOVEXPERT-5-Omega-attirosa-ella-sejai-150-ml.jpg\" \/>\n\t<meta property=\"og:image:width\" content=\"800\" \/>\n\t<meta property=\"og:image:height\" content=\"800\" \/>\n\t<meta property=\"og:image:type\" content=\"image\/jpeg\" \/>\n<meta name=\"twitter:card\" content=\"summary_large_image\" \/>\n<meta name=\"twitter:label1\" content=\"Est. reading time\" \/>\n\t<meta name=\"twitter:data1\" content=\"1 minut\" \/>\n<script type=\"application\/ld+json\" class=\"yoast-schema-graph\">{\"@context\":\"https:\\\/\\\/schema.org\",\"@graph\":[{\"@type\":\"WebPage\",\"@id\":\"https:\\\/\\\/twinkling.lv\\\/et\\\/shop\\\/novexpert-5-omega-attirosa-ella-sejai-150-ml\\\/\",\"url\":\"https:\\\/\\\/twinkling.lv\\\/et\\\/shop\\\/novexpert-5-omega-attirosa-ella-sejai-150-ml\\\/\",\"name\":\"NOVEXPERT 5 Omega n\u00e4opuhastus\u00f5li 150 ml | Twinkling\",\"isPartOf\":{\"@id\":\"https:\\\/\\\/twinkling.lv\\\/et\\\/#website\"},\"primaryImageOfPage\":{\"@id\":\"https:\\\/\\\/twinkling.lv\\\/et\\\/shop\\\/novexpert-5-omega-attirosa-ella-sejai-150-ml\\\/#primaryimage\"},\"image\":{\"@id\":\"https:\\\/\\\/twinkling.lv\\\/et\\\/shop\\\/novexpert-5-omega-attirosa-ella-sejai-150-ml\\\/#primaryimage\"},\"thumbnailUrl\":\"https:\\\/\\\/twinkling.lv\\\/wp-content\\\/uploads\\\/2024\\\/04\\\/NOVEXPERT-5-Omega-attirosa-ella-sejai-150-ml.jpg\",\"datePublished\":\"2024-04-13T18:17:00+00:00\",\"dateModified\":\"2025-02-01T21:15:20+00:00\",\"description\":\"KIRJELDUS Sobib k\u00f5ikidele nahat\u00fc\u00fcpidele peale rasuse naha. Igap\u00e4evane \u00f5lip\u00f5hine puhastusvahend n\u00e4ole ja eriti tundlikele piirkondadele (huuled, silmad).\",\"breadcrumb\":{\"@id\":\"https:\\\/\\\/twinkling.lv\\\/et\\\/shop\\\/novexpert-5-omega-attirosa-ella-sejai-150-ml\\\/#breadcrumb\"},\"inLanguage\":\"et\",\"potentialAction\":[{\"@type\":\"ReadAction\",\"target\":[\"https:\\\/\\\/twinkling.lv\\\/et\\\/shop\\\/novexpert-5-omega-attirosa-ella-sejai-150-ml\\\/\"]}]},{\"@type\":\"ImageObject\",\"inLanguage\":\"et\",\"@id\":\"https:\\\/\\\/twinkling.lv\\\/et\\\/shop\\\/novexpert-5-omega-attirosa-ella-sejai-150-ml\\\/#primaryimage\",\"url\":\"https:\\\/\\\/twinkling.lv\\\/wp-content\\\/uploads\\\/2024\\\/04\\\/NOVEXPERT-5-Omega-attirosa-ella-sejai-150-ml.jpg\",\"contentUrl\":\"https:\\\/\\\/twinkling.lv\\\/wp-content\\\/uploads\\\/2024\\\/04\\\/NOVEXPERT-5-Omega-attirosa-ella-sejai-150-ml.jpg\",\"width\":800,\"height\":800},{\"@type\":\"BreadcrumbList\",\"@id\":\"https:\\\/\\\/twinkling.lv\\\/et\\\/shop\\\/novexpert-5-omega-attirosa-ella-sejai-150-ml\\\/#breadcrumb\",\"itemListElement\":[{\"@type\":\"ListItem\",\"position\":1,\"name\":\"\u0413\u043b\u0430\u0432\u043d\u0430\u044f \u0441\u0442\u0440\u0430\u043d\u0438\u0446\u0430\",\"item\":\"https:\\\/\\\/twinkling.lv\\\/et\\\/\"},{\"@type\":\"ListItem\",\"position\":2,\"name\":\"Pood\",\"item\":\"https:\\\/\\\/twinkling.lv\\\/pood\\\/\"},{\"@type\":\"ListItem\",\"position\":3,\"name\":\"NOVEXPERT 5 Omega n\u00e4opuhastus\u00f5li 150 ml\"}]},{\"@type\":\"WebSite\",\"@id\":\"https:\\\/\\\/twinkling.lv\\\/et\\\/#website\",\"url\":\"https:\\\/\\\/twinkling.lv\\\/et\\\/\",\"name\":\"Twinkling\",\"description\":\"\u041a\u0440\u0430\u0441\u043e\u0442\u0430 \u0438 \u0417\u0434\u043e\u0440\u043e\u0432\u044c\u0435\",\"publisher\":{\"@id\":\"https:\\\/\\\/twinkling.lv\\\/et\\\/#organization\"},\"potentialAction\":[{\"@type\":\"SearchAction\",\"target\":{\"@type\":\"EntryPoint\",\"urlTemplate\":\"https:\\\/\\\/twinkling.lv\\\/et\\\/?s={search_term_string}\"},\"query-input\":{\"@type\":\"PropertyValueSpecification\",\"valueRequired\":true,\"valueName\":\"search_term_string\"}}],\"inLanguage\":\"et\"},{\"@type\":\"Organization\",\"@id\":\"https:\\\/\\\/twinkling.lv\\\/et\\\/#organization\",\"name\":\"SIA TORANS\",\"url\":\"https:\\\/\\\/twinkling.lv\\\/et\\\/\",\"logo\":{\"@type\":\"ImageObject\",\"inLanguage\":\"et\",\"@id\":\"https:\\\/\\\/twinkling.lv\\\/et\\\/#\\\/schema\\\/logo\\\/image\\\/\",\"url\":\"https:\\\/\\\/twinkling.lv\\\/wp-content\\\/uploads\\\/2022\\\/02\\\/twinkling-main-logo.jpg\",\"contentUrl\":\"https:\\\/\\\/twinkling.lv\\\/wp-content\\\/uploads\\\/2022\\\/02\\\/twinkling-main-logo.jpg\",\"width\":250,\"height\":100,\"caption\":\"SIA TORANS\"},\"image\":{\"@id\":\"https:\\\/\\\/twinkling.lv\\\/et\\\/#\\\/schema\\\/logo\\\/image\\\/\"}}]}<\/script>\n<!-- \/ Yoast SEO plugin. -->","yoast_head_json":{"title":"NOVEXPERT 5 Omega n\u00e4opuhastus\u00f5li 150 ml | Twinkling","description":"KIRJELDUS Sobib k\u00f5ikidele nahat\u00fc\u00fcpidele peale rasuse naha. Igap\u00e4evane \u00f5lip\u00f5hine puhastusvahend n\u00e4ole ja eriti tundlikele piirkondadele (huuled, silmad).","robots":{"index":"index","follow":"follow","max-snippet":"max-snippet:-1","max-image-preview":"max-image-preview:large","max-video-preview":"max-video-preview:-1"},"canonical":"https:\/\/twinkling.lv\/et\/shop\/novexpert-5-omega-attirosa-ella-sejai-150-ml\/","og_locale":"et_EE","og_type":"article","og_title":"NOVEXPERT 5 Omega n\u00e4opuhastus\u00f5li 150 ml | Twinkling","og_description":"KIRJELDUS Sobib k\u00f5ikidele nahat\u00fc\u00fcpidele peale rasuse naha. Igap\u00e4evane \u00f5lip\u00f5hine puhastusvahend n\u00e4ole ja eriti tundlikele piirkondadele (huuled, silmad).","og_url":"https:\/\/twinkling.lv\/et\/shop\/novexpert-5-omega-attirosa-ella-sejai-150-ml\/","og_site_name":"Twinkling","article_modified_time":"2025-02-01T21:15:20+00:00","og_image":[{"width":800,"height":800,"url":"https:\/\/twinkling.lv\/wp-content\/uploads\/2024\/04\/NOVEXPERT-5-Omega-attirosa-ella-sejai-150-ml.jpg","type":"image\/jpeg"}],"twitter_card":"summary_large_image","twitter_misc":{"Est. reading time":"1 minut"},"schema":{"@context":"https:\/\/schema.org","@graph":[{"@type":"WebPage","@id":"https:\/\/twinkling.lv\/et\/shop\/novexpert-5-omega-attirosa-ella-sejai-150-ml\/","url":"https:\/\/twinkling.lv\/et\/shop\/novexpert-5-omega-attirosa-ella-sejai-150-ml\/","name":"NOVEXPERT 5 Omega n\u00e4opuhastus\u00f5li 150 ml | Twinkling","isPartOf":{"@id":"https:\/\/twinkling.lv\/et\/#website"},"primaryImageOfPage":{"@id":"https:\/\/twinkling.lv\/et\/shop\/novexpert-5-omega-attirosa-ella-sejai-150-ml\/#primaryimage"},"image":{"@id":"https:\/\/twinkling.lv\/et\/shop\/novexpert-5-omega-attirosa-ella-sejai-150-ml\/#primaryimage"},"thumbnailUrl":"https:\/\/twinkling.lv\/wp-content\/uploads\/2024\/04\/NOVEXPERT-5-Omega-attirosa-ella-sejai-150-ml.jpg","datePublished":"2024-04-13T18:17:00+00:00","dateModified":"2025-02-01T21:15:20+00:00","description":"KIRJELDUS Sobib k\u00f5ikidele nahat\u00fc\u00fcpidele peale rasuse naha. Igap\u00e4evane \u00f5lip\u00f5hine puhastusvahend n\u00e4ole ja eriti tundlikele piirkondadele (huuled, silmad).","breadcrumb":{"@id":"https:\/\/twinkling.lv\/et\/shop\/novexpert-5-omega-attirosa-ella-sejai-150-ml\/#breadcrumb"},"inLanguage":"et","potentialAction":[{"@type":"ReadAction","target":["https:\/\/twinkling.lv\/et\/shop\/novexpert-5-omega-attirosa-ella-sejai-150-ml\/"]}]},{"@type":"ImageObject","inLanguage":"et","@id":"https:\/\/twinkling.lv\/et\/shop\/novexpert-5-omega-attirosa-ella-sejai-150-ml\/#primaryimage","url":"https:\/\/twinkling.lv\/wp-content\/uploads\/2024\/04\/NOVEXPERT-5-Omega-attirosa-ella-sejai-150-ml.jpg","contentUrl":"https:\/\/twinkling.lv\/wp-content\/uploads\/2024\/04\/NOVEXPERT-5-Omega-attirosa-ella-sejai-150-ml.jpg","width":800,"height":800},{"@type":"BreadcrumbList","@id":"https:\/\/twinkling.lv\/et\/shop\/novexpert-5-omega-attirosa-ella-sejai-150-ml\/#breadcrumb","itemListElement":[{"@type":"ListItem","position":1,"name":"\u0413\u043b\u0430\u0432\u043d\u0430\u044f \u0441\u0442\u0440\u0430\u043d\u0438\u0446\u0430","item":"https:\/\/twinkling.lv\/et\/"},{"@type":"ListItem","position":2,"name":"Pood","item":"https:\/\/twinkling.lv\/pood\/"},{"@type":"ListItem","position":3,"name":"NOVEXPERT 5 Omega n\u00e4opuhastus\u00f5li 150 ml"}]},{"@type":"WebSite","@id":"https:\/\/twinkling.lv\/et\/#website","url":"https:\/\/twinkling.lv\/et\/","name":"Twinkling","description":"\u041a\u0440\u0430\u0441\u043e\u0442\u0430 \u0438 \u0417\u0434\u043e\u0440\u043e\u0432\u044c\u0435","publisher":{"@id":"https:\/\/twinkling.lv\/et\/#organization"},"potentialAction":[{"@type":"SearchAction","target":{"@type":"EntryPoint","urlTemplate":"https:\/\/twinkling.lv\/et\/?s={search_term_string}"},"query-input":{"@type":"PropertyValueSpecification","valueRequired":true,"valueName":"search_term_string"}}],"inLanguage":"et"},{"@type":"Organization","@id":"https:\/\/twinkling.lv\/et\/#organization","name":"SIA TORANS","url":"https:\/\/twinkling.lv\/et\/","logo":{"@type":"ImageObject","inLanguage":"et","@id":"https:\/\/twinkling.lv\/et\/#\/schema\/logo\/image\/","url":"https:\/\/twinkling.lv\/wp-content\/uploads\/2022\/02\/twinkling-main-logo.jpg","contentUrl":"https:\/\/twinkling.lv\/wp-content\/uploads\/2022\/02\/twinkling-main-logo.jpg","width":250,"height":100,"caption":"SIA TORANS"},"image":{"@id":"https:\/\/twinkling.lv\/et\/#\/schema\/logo\/image\/"}}]}},"_links":{"self":[{"href":"https:\/\/twinkling.lv\/et\/wp-json\/wp\/v2\/product\/42286","targetHints":{"allow":["GET"]}}],"collection":[{"href":"https:\/\/twinkling.lv\/et\/wp-json\/wp\/v2\/product"}],"about":[{"href":"https:\/\/twinkling.lv\/et\/wp-json\/wp\/v2\/types\/product"}],"replies":[{"embeddable":true,"href":"https:\/\/twinkling.lv\/et\/wp-json\/wp\/v2\/comments?post=42286"}],"wp:featuredmedia":[{"embeddable":true,"href":"https:\/\/twinkling.lv\/et\/wp-json\/wp\/v2\/media\/40311"}],"wp:attachment":[{"href":"https:\/\/twinkling.lv\/et\/wp-json\/wp\/v2\/media?parent=42286"}],"wp:term":[{"taxonomy":"product_brand","embeddable":true,"href":"https:\/\/twinkling.lv\/et\/wp-json\/wp\/v2\/product_brand?post=42286"},{"taxonomy":"product_cat","embeddable":true,"href":"https:\/\/twinkling.lv\/et\/wp-json\/wp\/v2\/product_cat?post=42286"},{"taxonomy":"product_tag","embeddable":true,"href":"https:\/\/twinkling.lv\/et\/wp-json\/wp\/v2\/product_tag?post=42286"}],"curies":[{"name":"wp","href":"https:\/\/api.w.org\/{rel}","templated":true}]}}