{"id":41786,"date":"2024-04-13T21:17:59","date_gmt":"2024-04-13T18:17:59","guid":{"rendered":"https:\/\/twinkling.lv\/shop\/nateja-miltenes-teja-urinceliem-50-g\/"},"modified":"2025-02-02T00:17:03","modified_gmt":"2025-02-01T21:17:03","slug":"nateja-miltenes-teja-urinceliem-50-g","status":"publish","type":"product","link":"https:\/\/twinkling.lv\/et\/shop\/nateja-miltenes-teja-urinceliem-50-g\/","title":{"rendered":"NAT\u0112JA Karulaugu lehtede tee kuseteede jaoks 50 g"},"content":{"rendered":"<p><strong>KIRJELDUS<\/strong><\/p>\n<p>Fenugreek lehed v\u00f5ivad aidata toetada p\u00f5ie ja kuseteede funktsiooni.<\/p>\n<p><strong>RAKENDUSVIIS<\/strong><\/p>\n<p>Vala 1-2 kotikesele 200 ml keeva veega, kata kaanega ja lase t\u00f5mmata 10 minutit. \u00c4rge kasutage raseduse ja imetamise ajal. Mitte kasutada neerukahjustuse korral. Ei soovitata alla 12-aastastele lastele.<\/p>\n<p><strong>TOOTE KOOSTIS<\/strong><\/p>\n<p>Miltenesi lehed &#8211; 100%<\/p>\n","protected":false},"excerpt":{"rendered":"<p>KIRJELDUS Fenugreek lehed v\u00f5ivad aidata toetada p\u00f5ie ja kuseteede funktsiooni. RAKENDUSVIIS Vala 1-2 kotikesele 200 ml keeva veega, kata kaanega ja lase t\u00f5mmata 10 minutit. \u00c4rge kasutage raseduse ja imetamise ajal. Mitte kasutada neerukahjustuse korral. Ei soovitata alla 12-aastastele lastele. TOOTE KOOSTIS Miltenesi lehed &#8211; 100%<\/p>\n","protected":false},"featured_media":39996,"comment_status":"open","ping_status":"closed","template":"","meta":[],"product_brand":[],"product_cat":[3135,3767,3732,3731,3095],"product_tag":[],"class_list":{"0":"post-41786","1":"product","2":"type-product","3":"status-publish","4":"has-post-thumbnail","6":"product_cat-zimoli-et","7":"product_cat-nateja-et","8":"product_cat-zalu-tejas-et","9":"product_cat-tejas-et","10":"product_cat-uztura-bagatinataji-et","12":"first","13":"instock","14":"taxable","15":"shipping-taxable","16":"purchasable","17":"product-type-simple"},"yoast_head":"<!-- This site is optimized with the Yoast SEO plugin v27.4 - https:\/\/yoast.com\/product\/yoast-seo-wordpress\/ -->\n<title>NAT\u0112JA Karulaugu lehtede tee kuseteede jaoks 50 g | Twinkling<\/title>\n<meta name=\"description\" content=\"KIRJELDUS Fenugreek lehed v\u00f5ivad aidata toetada p\u00f5ie ja kuseteede funktsiooni. RAKENDUSVIIS Vala 1-2 kotikesele 200 ml keeva veega, kata kaanega ja lase\" \/>\n<meta name=\"robots\" content=\"index, follow, max-snippet:-1, max-image-preview:large, max-video-preview:-1\" \/>\n<link rel=\"canonical\" href=\"https:\/\/twinkling.lv\/et\/shop\/nateja-miltenes-teja-urinceliem-50-g\/\" \/>\n<meta property=\"og:locale\" content=\"et_EE\" \/>\n<meta property=\"og:type\" content=\"article\" \/>\n<meta property=\"og:title\" content=\"NAT\u0112JA Karulaugu lehtede tee kuseteede jaoks 50 g | Twinkling\" \/>\n<meta property=\"og:description\" content=\"KIRJELDUS Fenugreek lehed v\u00f5ivad aidata toetada p\u00f5ie ja kuseteede funktsiooni. RAKENDUSVIIS Vala 1-2 kotikesele 200 ml keeva veega, kata kaanega ja lase\" \/>\n<meta property=\"og:url\" content=\"https:\/\/twinkling.lv\/et\/shop\/nateja-miltenes-teja-urinceliem-50-g\/\" \/>\n<meta property=\"og:site_name\" content=\"Twinkling\" \/>\n<meta property=\"article:modified_time\" content=\"2025-02-01T21:17:03+00:00\" \/>\n<meta property=\"og:image\" content=\"https:\/\/twinkling.lv\/wp-content\/uploads\/2024\/04\/NATEJA-Miltenes-teja-urinceliem-50-g.webp\" \/>\n\t<meta property=\"og:image:width\" content=\"800\" \/>\n\t<meta property=\"og:image:height\" content=\"800\" \/>\n\t<meta property=\"og:image:type\" content=\"image\/webp\" \/>\n<meta name=\"twitter:card\" content=\"summary_large_image\" \/>\n<script type=\"application\/ld+json\" class=\"yoast-schema-graph\">{\"@context\":\"https:\\\/\\\/schema.org\",\"@graph\":[{\"@type\":\"WebPage\",\"@id\":\"https:\\\/\\\/twinkling.lv\\\/et\\\/shop\\\/nateja-miltenes-teja-urinceliem-50-g\\\/\",\"url\":\"https:\\\/\\\/twinkling.lv\\\/et\\\/shop\\\/nateja-miltenes-teja-urinceliem-50-g\\\/\",\"name\":\"NAT\u0112JA Karulaugu lehtede tee kuseteede jaoks 50 g | Twinkling\",\"isPartOf\":{\"@id\":\"https:\\\/\\\/twinkling.lv\\\/et\\\/#website\"},\"primaryImageOfPage\":{\"@id\":\"https:\\\/\\\/twinkling.lv\\\/et\\\/shop\\\/nateja-miltenes-teja-urinceliem-50-g\\\/#primaryimage\"},\"image\":{\"@id\":\"https:\\\/\\\/twinkling.lv\\\/et\\\/shop\\\/nateja-miltenes-teja-urinceliem-50-g\\\/#primaryimage\"},\"thumbnailUrl\":\"https:\\\/\\\/twinkling.lv\\\/wp-content\\\/uploads\\\/2024\\\/04\\\/NATEJA-Miltenes-teja-urinceliem-50-g.webp\",\"datePublished\":\"2024-04-13T18:17:59+00:00\",\"dateModified\":\"2025-02-01T21:17:03+00:00\",\"description\":\"KIRJELDUS Fenugreek lehed v\u00f5ivad aidata toetada p\u00f5ie ja kuseteede funktsiooni. RAKENDUSVIIS Vala 1-2 kotikesele 200 ml keeva veega, kata kaanega ja lase\",\"breadcrumb\":{\"@id\":\"https:\\\/\\\/twinkling.lv\\\/et\\\/shop\\\/nateja-miltenes-teja-urinceliem-50-g\\\/#breadcrumb\"},\"inLanguage\":\"et\",\"potentialAction\":[{\"@type\":\"ReadAction\",\"target\":[\"https:\\\/\\\/twinkling.lv\\\/et\\\/shop\\\/nateja-miltenes-teja-urinceliem-50-g\\\/\"]}]},{\"@type\":\"ImageObject\",\"inLanguage\":\"et\",\"@id\":\"https:\\\/\\\/twinkling.lv\\\/et\\\/shop\\\/nateja-miltenes-teja-urinceliem-50-g\\\/#primaryimage\",\"url\":\"https:\\\/\\\/twinkling.lv\\\/wp-content\\\/uploads\\\/2024\\\/04\\\/NATEJA-Miltenes-teja-urinceliem-50-g.webp\",\"contentUrl\":\"https:\\\/\\\/twinkling.lv\\\/wp-content\\\/uploads\\\/2024\\\/04\\\/NATEJA-Miltenes-teja-urinceliem-50-g.webp\",\"width\":800,\"height\":800},{\"@type\":\"BreadcrumbList\",\"@id\":\"https:\\\/\\\/twinkling.lv\\\/et\\\/shop\\\/nateja-miltenes-teja-urinceliem-50-g\\\/#breadcrumb\",\"itemListElement\":[{\"@type\":\"ListItem\",\"position\":1,\"name\":\"\u0413\u043b\u0430\u0432\u043d\u0430\u044f \u0441\u0442\u0440\u0430\u043d\u0438\u0446\u0430\",\"item\":\"https:\\\/\\\/twinkling.lv\\\/et\\\/\"},{\"@type\":\"ListItem\",\"position\":2,\"name\":\"Pood\",\"item\":\"https:\\\/\\\/twinkling.lv\\\/pood\\\/\"},{\"@type\":\"ListItem\",\"position\":3,\"name\":\"NAT\u0112JA Karulaugu lehtede tee kuseteede jaoks 50 g\"}]},{\"@type\":\"WebSite\",\"@id\":\"https:\\\/\\\/twinkling.lv\\\/et\\\/#website\",\"url\":\"https:\\\/\\\/twinkling.lv\\\/et\\\/\",\"name\":\"Twinkling\",\"description\":\"\u041a\u0440\u0430\u0441\u043e\u0442\u0430 \u0438 \u0417\u0434\u043e\u0440\u043e\u0432\u044c\u0435\",\"publisher\":{\"@id\":\"https:\\\/\\\/twinkling.lv\\\/et\\\/#organization\"},\"potentialAction\":[{\"@type\":\"SearchAction\",\"target\":{\"@type\":\"EntryPoint\",\"urlTemplate\":\"https:\\\/\\\/twinkling.lv\\\/et\\\/?s={search_term_string}\"},\"query-input\":{\"@type\":\"PropertyValueSpecification\",\"valueRequired\":true,\"valueName\":\"search_term_string\"}}],\"inLanguage\":\"et\"},{\"@type\":\"Organization\",\"@id\":\"https:\\\/\\\/twinkling.lv\\\/et\\\/#organization\",\"name\":\"SIA TORANS\",\"url\":\"https:\\\/\\\/twinkling.lv\\\/et\\\/\",\"logo\":{\"@type\":\"ImageObject\",\"inLanguage\":\"et\",\"@id\":\"https:\\\/\\\/twinkling.lv\\\/et\\\/#\\\/schema\\\/logo\\\/image\\\/\",\"url\":\"https:\\\/\\\/twinkling.lv\\\/wp-content\\\/uploads\\\/2022\\\/02\\\/twinkling-main-logo.jpg\",\"contentUrl\":\"https:\\\/\\\/twinkling.lv\\\/wp-content\\\/uploads\\\/2022\\\/02\\\/twinkling-main-logo.jpg\",\"width\":250,\"height\":100,\"caption\":\"SIA TORANS\"},\"image\":{\"@id\":\"https:\\\/\\\/twinkling.lv\\\/et\\\/#\\\/schema\\\/logo\\\/image\\\/\"}}]}<\/script>\n<!-- \/ Yoast SEO plugin. -->","yoast_head_json":{"title":"NAT\u0112JA Karulaugu lehtede tee kuseteede jaoks 50 g | Twinkling","description":"KIRJELDUS Fenugreek lehed v\u00f5ivad aidata toetada p\u00f5ie ja kuseteede funktsiooni. RAKENDUSVIIS Vala 1-2 kotikesele 200 ml keeva veega, kata kaanega ja lase","robots":{"index":"index","follow":"follow","max-snippet":"max-snippet:-1","max-image-preview":"max-image-preview:large","max-video-preview":"max-video-preview:-1"},"canonical":"https:\/\/twinkling.lv\/et\/shop\/nateja-miltenes-teja-urinceliem-50-g\/","og_locale":"et_EE","og_type":"article","og_title":"NAT\u0112JA Karulaugu lehtede tee kuseteede jaoks 50 g | Twinkling","og_description":"KIRJELDUS Fenugreek lehed v\u00f5ivad aidata toetada p\u00f5ie ja kuseteede funktsiooni. RAKENDUSVIIS Vala 1-2 kotikesele 200 ml keeva veega, kata kaanega ja lase","og_url":"https:\/\/twinkling.lv\/et\/shop\/nateja-miltenes-teja-urinceliem-50-g\/","og_site_name":"Twinkling","article_modified_time":"2025-02-01T21:17:03+00:00","og_image":[{"width":800,"height":800,"url":"https:\/\/twinkling.lv\/wp-content\/uploads\/2024\/04\/NATEJA-Miltenes-teja-urinceliem-50-g.webp","type":"image\/webp"}],"twitter_card":"summary_large_image","schema":{"@context":"https:\/\/schema.org","@graph":[{"@type":"WebPage","@id":"https:\/\/twinkling.lv\/et\/shop\/nateja-miltenes-teja-urinceliem-50-g\/","url":"https:\/\/twinkling.lv\/et\/shop\/nateja-miltenes-teja-urinceliem-50-g\/","name":"NAT\u0112JA Karulaugu lehtede tee kuseteede jaoks 50 g | Twinkling","isPartOf":{"@id":"https:\/\/twinkling.lv\/et\/#website"},"primaryImageOfPage":{"@id":"https:\/\/twinkling.lv\/et\/shop\/nateja-miltenes-teja-urinceliem-50-g\/#primaryimage"},"image":{"@id":"https:\/\/twinkling.lv\/et\/shop\/nateja-miltenes-teja-urinceliem-50-g\/#primaryimage"},"thumbnailUrl":"https:\/\/twinkling.lv\/wp-content\/uploads\/2024\/04\/NATEJA-Miltenes-teja-urinceliem-50-g.webp","datePublished":"2024-04-13T18:17:59+00:00","dateModified":"2025-02-01T21:17:03+00:00","description":"KIRJELDUS Fenugreek lehed v\u00f5ivad aidata toetada p\u00f5ie ja kuseteede funktsiooni. RAKENDUSVIIS Vala 1-2 kotikesele 200 ml keeva veega, kata kaanega ja lase","breadcrumb":{"@id":"https:\/\/twinkling.lv\/et\/shop\/nateja-miltenes-teja-urinceliem-50-g\/#breadcrumb"},"inLanguage":"et","potentialAction":[{"@type":"ReadAction","target":["https:\/\/twinkling.lv\/et\/shop\/nateja-miltenes-teja-urinceliem-50-g\/"]}]},{"@type":"ImageObject","inLanguage":"et","@id":"https:\/\/twinkling.lv\/et\/shop\/nateja-miltenes-teja-urinceliem-50-g\/#primaryimage","url":"https:\/\/twinkling.lv\/wp-content\/uploads\/2024\/04\/NATEJA-Miltenes-teja-urinceliem-50-g.webp","contentUrl":"https:\/\/twinkling.lv\/wp-content\/uploads\/2024\/04\/NATEJA-Miltenes-teja-urinceliem-50-g.webp","width":800,"height":800},{"@type":"BreadcrumbList","@id":"https:\/\/twinkling.lv\/et\/shop\/nateja-miltenes-teja-urinceliem-50-g\/#breadcrumb","itemListElement":[{"@type":"ListItem","position":1,"name":"\u0413\u043b\u0430\u0432\u043d\u0430\u044f \u0441\u0442\u0440\u0430\u043d\u0438\u0446\u0430","item":"https:\/\/twinkling.lv\/et\/"},{"@type":"ListItem","position":2,"name":"Pood","item":"https:\/\/twinkling.lv\/pood\/"},{"@type":"ListItem","position":3,"name":"NAT\u0112JA Karulaugu lehtede tee kuseteede jaoks 50 g"}]},{"@type":"WebSite","@id":"https:\/\/twinkling.lv\/et\/#website","url":"https:\/\/twinkling.lv\/et\/","name":"Twinkling","description":"\u041a\u0440\u0430\u0441\u043e\u0442\u0430 \u0438 \u0417\u0434\u043e\u0440\u043e\u0432\u044c\u0435","publisher":{"@id":"https:\/\/twinkling.lv\/et\/#organization"},"potentialAction":[{"@type":"SearchAction","target":{"@type":"EntryPoint","urlTemplate":"https:\/\/twinkling.lv\/et\/?s={search_term_string}"},"query-input":{"@type":"PropertyValueSpecification","valueRequired":true,"valueName":"search_term_string"}}],"inLanguage":"et"},{"@type":"Organization","@id":"https:\/\/twinkling.lv\/et\/#organization","name":"SIA TORANS","url":"https:\/\/twinkling.lv\/et\/","logo":{"@type":"ImageObject","inLanguage":"et","@id":"https:\/\/twinkling.lv\/et\/#\/schema\/logo\/image\/","url":"https:\/\/twinkling.lv\/wp-content\/uploads\/2022\/02\/twinkling-main-logo.jpg","contentUrl":"https:\/\/twinkling.lv\/wp-content\/uploads\/2022\/02\/twinkling-main-logo.jpg","width":250,"height":100,"caption":"SIA TORANS"},"image":{"@id":"https:\/\/twinkling.lv\/et\/#\/schema\/logo\/image\/"}}]}},"_links":{"self":[{"href":"https:\/\/twinkling.lv\/et\/wp-json\/wp\/v2\/product\/41786","targetHints":{"allow":["GET"]}}],"collection":[{"href":"https:\/\/twinkling.lv\/et\/wp-json\/wp\/v2\/product"}],"about":[{"href":"https:\/\/twinkling.lv\/et\/wp-json\/wp\/v2\/types\/product"}],"replies":[{"embeddable":true,"href":"https:\/\/twinkling.lv\/et\/wp-json\/wp\/v2\/comments?post=41786"}],"wp:featuredmedia":[{"embeddable":true,"href":"https:\/\/twinkling.lv\/et\/wp-json\/wp\/v2\/media\/39996"}],"wp:attachment":[{"href":"https:\/\/twinkling.lv\/et\/wp-json\/wp\/v2\/media?parent=41786"}],"wp:term":[{"taxonomy":"product_brand","embeddable":true,"href":"https:\/\/twinkling.lv\/et\/wp-json\/wp\/v2\/product_brand?post=41786"},{"taxonomy":"product_cat","embeddable":true,"href":"https:\/\/twinkling.lv\/et\/wp-json\/wp\/v2\/product_cat?post=41786"},{"taxonomy":"product_tag","embeddable":true,"href":"https:\/\/twinkling.lv\/et\/wp-json\/wp\/v2\/product_tag?post=41786"}],"curies":[{"name":"wp","href":"https:\/\/api.w.org\/{rel}","templated":true}]}}