{"id":38362,"date":"2021-11-05T01:42:35","date_gmt":"2021-11-04T22:42:35","guid":{"rendered":"https:\/\/twinkling.lv\/shop\/babe-extra-mild-ipasi-maigs-sampuns-500-ml\/"},"modified":"2025-02-01T23:45:35","modified_gmt":"2025-02-01T20:45:35","slug":"babe-extra-mild-ipasi-maigs-sampuns-500-ml","status":"publish","type":"product","link":"https:\/\/twinkling.lv\/et\/shop\/babe-extra-mild-ipasi-maigs-sampuns-500-ml\/","title":{"rendered":"BABE Extra Mild Extra Mild Shampoo 500 ml"},"content":{"rendered":"<p><strong>KIRJELDUS<\/strong><\/p>\n<p>BABE Extra Mild on eriti mahe \u0161ampoon igap\u00e4evaseks peanaha- ja juuksehoolduseks. \u0160ampoon puhastab \u00f5rnalt peanahka, hoolitsedes hoolikalt juuste eest. Niisutab ja kaitseb juuksefolliikuli ja juukset\u00fcve. Ei \u00e4rrita peanahka ega muuda loomulikku pH taset. Juuksepalsam pehmendab ja niisutab juukseid, andes neile terve s\u00e4ra. Tagab lihtsa ja \u00f5rna kammimise. Sobib igap\u00e4evaseks kasutamiseks v\u00f5i vaheldumisi ravim\u0161ampooniga. Ei mingeid parabeene. H\u00fcpoallergeenne.<\/p>\n<p><strong>RAKENDUSVIIS<\/strong><\/p>\n<p>Kandke niiskele peanahale, masseerige, vahutage. Loputage hoolikalt. V\u00e4ltida silma sattumist.<\/p>\n<p><strong>TOOTE KOOSTIS<\/strong><\/p>\n<p>AQUA, SODIUM LAURETH SULFATE, PEG-200 HYDROGENATED GLYCERYL PALMITATE, POLYQUATERNIUM-7, LAURYL GLUCOSIDE, SODIUM CHLORIDE, SODIUM PCA, PEG-7 GLYCERYL COCOATE, PANTHENOL, PHENOXYETHANOL, PARFUM (FRAGRANCE), COCAMIDOPROPYL BETAINE, HYDROXYPROPYL GUAR HYDROXYPROPYLTRIMONIUM CHLORIDE, MEL (HONEY) EXTRACT, CITRIC ACID, BENZOIC ACID, TETRASODIUM GLUTAMATE DIACETATE, SODIUM HYRDOXIDE, PROPYLENE GLYCOL, DEHYDROACETIC ACID, ETHYLHEXYL, GLYCERIN, POLYAMINOPROPYL BIGUANIDE.<\/p>\n","protected":false},"excerpt":{"rendered":"<p>KIRJELDUS BABE Extra Mild on eriti mahe \u0161ampoon igap\u00e4evaseks peanaha- ja juuksehoolduseks. \u0160ampoon puhastab \u00f5rnalt peanahka, hoolitsedes hoolikalt juuste eest. Niisutab ja kaitseb juuksefolliikuli ja juukset\u00fcve. Ei \u00e4rrita peanahka ega muuda loomulikku pH taset. Juuksepalsam pehmendab ja niisutab juukseid, andes neile terve s\u00e4ra. Tagab lihtsa ja \u00f5rna kammimise. Sobib igap\u00e4evaseks kasutamiseks v\u00f5i vaheldumisi ravim\u0161ampooniga. Ei [&#8230;]\n","protected":false},"featured_media":38363,"comment_status":"closed","ping_status":"closed","template":"","meta":[],"product_brand":[],"product_cat":[3157,3089,3135,3094],"product_tag":[],"class_list":{"0":"post-38362","1":"product","2":"type-product","3":"status-publish","4":"has-post-thumbnail","6":"product_cat-babe-et","7":"product_cat-matiem-et","8":"product_cat-zimoli-et","9":"product_cat-sampuni-et","10":"pa_adas-tips-visiem-adas-tipiem-et","11":"pa_adas-tips-sausa-et","12":"pa_adas-tips-normala-et","13":"pa_adas-tips-jutiga-et","15":"first","16":"instock","17":"taxable","18":"shipping-taxable","19":"purchasable","20":"product-type-simple"},"yoast_head":"<!-- This site is optimized with the Yoast SEO plugin v27.4 - https:\/\/yoast.com\/product\/yoast-seo-wordpress\/ -->\n<title>BABE Extra Mild Extra Mild Shampoo 500 ml | Twinkling<\/title>\n<meta name=\"description\" content=\"KIRJELDUS BABE Extra Mild on eriti mahe \u0161ampoon igap\u00e4evaseks peanaha- ja juuksehoolduseks. \u0160ampoon puhastab \u00f5rnalt peanahka, hoolitsedes hoolikalt juuste\" \/>\n<meta name=\"robots\" content=\"index, follow, max-snippet:-1, max-image-preview:large, max-video-preview:-1\" \/>\n<link rel=\"canonical\" href=\"https:\/\/twinkling.lv\/et\/shop\/babe-extra-mild-ipasi-maigs-sampuns-500-ml\/\" \/>\n<meta property=\"og:locale\" content=\"et_EE\" \/>\n<meta property=\"og:type\" content=\"article\" \/>\n<meta property=\"og:title\" content=\"BABE Extra Mild Extra Mild Shampoo 500 ml | Twinkling\" \/>\n<meta property=\"og:description\" content=\"KIRJELDUS BABE Extra Mild on eriti mahe \u0161ampoon igap\u00e4evaseks peanaha- ja juuksehoolduseks. \u0160ampoon puhastab \u00f5rnalt peanahka, hoolitsedes hoolikalt juuste\" \/>\n<meta property=\"og:url\" content=\"https:\/\/twinkling.lv\/et\/shop\/babe-extra-mild-ipasi-maigs-sampuns-500-ml\/\" \/>\n<meta property=\"og:site_name\" content=\"Twinkling\" \/>\n<meta property=\"article:modified_time\" content=\"2025-02-01T20:45:35+00:00\" \/>\n<meta property=\"og:image\" content=\"https:\/\/twinkling.lv\/wp-content\/uploads\/2021\/11\/babe-extra-mild-ipasi-maigs-sampuns-500-ml.jpg\" \/>\n\t<meta property=\"og:image:width\" content=\"1000\" \/>\n\t<meta property=\"og:image:height\" content=\"1000\" \/>\n\t<meta property=\"og:image:type\" content=\"image\/jpeg\" \/>\n<meta name=\"twitter:card\" content=\"summary_large_image\" \/>\n<meta name=\"twitter:label1\" content=\"Est. reading time\" \/>\n\t<meta name=\"twitter:data1\" content=\"1 minut\" \/>\n<script type=\"application\/ld+json\" class=\"yoast-schema-graph\">{\"@context\":\"https:\\\/\\\/schema.org\",\"@graph\":[{\"@type\":\"WebPage\",\"@id\":\"https:\\\/\\\/twinkling.lv\\\/et\\\/shop\\\/babe-extra-mild-ipasi-maigs-sampuns-500-ml\\\/\",\"url\":\"https:\\\/\\\/twinkling.lv\\\/et\\\/shop\\\/babe-extra-mild-ipasi-maigs-sampuns-500-ml\\\/\",\"name\":\"BABE Extra Mild Extra Mild Shampoo 500 ml | Twinkling\",\"isPartOf\":{\"@id\":\"https:\\\/\\\/twinkling.lv\\\/et\\\/#website\"},\"primaryImageOfPage\":{\"@id\":\"https:\\\/\\\/twinkling.lv\\\/et\\\/shop\\\/babe-extra-mild-ipasi-maigs-sampuns-500-ml\\\/#primaryimage\"},\"image\":{\"@id\":\"https:\\\/\\\/twinkling.lv\\\/et\\\/shop\\\/babe-extra-mild-ipasi-maigs-sampuns-500-ml\\\/#primaryimage\"},\"thumbnailUrl\":\"https:\\\/\\\/twinkling.lv\\\/wp-content\\\/uploads\\\/2021\\\/11\\\/babe-extra-mild-ipasi-maigs-sampuns-500-ml.jpg\",\"datePublished\":\"2021-11-04T22:42:35+00:00\",\"dateModified\":\"2025-02-01T20:45:35+00:00\",\"description\":\"KIRJELDUS BABE Extra Mild on eriti mahe \u0161ampoon igap\u00e4evaseks peanaha- ja juuksehoolduseks. \u0160ampoon puhastab \u00f5rnalt peanahka, hoolitsedes hoolikalt juuste\",\"breadcrumb\":{\"@id\":\"https:\\\/\\\/twinkling.lv\\\/et\\\/shop\\\/babe-extra-mild-ipasi-maigs-sampuns-500-ml\\\/#breadcrumb\"},\"inLanguage\":\"et\",\"potentialAction\":[{\"@type\":\"ReadAction\",\"target\":[\"https:\\\/\\\/twinkling.lv\\\/et\\\/shop\\\/babe-extra-mild-ipasi-maigs-sampuns-500-ml\\\/\"]}]},{\"@type\":\"ImageObject\",\"inLanguage\":\"et\",\"@id\":\"https:\\\/\\\/twinkling.lv\\\/et\\\/shop\\\/babe-extra-mild-ipasi-maigs-sampuns-500-ml\\\/#primaryimage\",\"url\":\"https:\\\/\\\/twinkling.lv\\\/wp-content\\\/uploads\\\/2021\\\/11\\\/babe-extra-mild-ipasi-maigs-sampuns-500-ml.jpg\",\"contentUrl\":\"https:\\\/\\\/twinkling.lv\\\/wp-content\\\/uploads\\\/2021\\\/11\\\/babe-extra-mild-ipasi-maigs-sampuns-500-ml.jpg\",\"width\":1000,\"height\":1000},{\"@type\":\"BreadcrumbList\",\"@id\":\"https:\\\/\\\/twinkling.lv\\\/et\\\/shop\\\/babe-extra-mild-ipasi-maigs-sampuns-500-ml\\\/#breadcrumb\",\"itemListElement\":[{\"@type\":\"ListItem\",\"position\":1,\"name\":\"\u0413\u043b\u0430\u0432\u043d\u0430\u044f \u0441\u0442\u0440\u0430\u043d\u0438\u0446\u0430\",\"item\":\"https:\\\/\\\/twinkling.lv\\\/et\\\/\"},{\"@type\":\"ListItem\",\"position\":2,\"name\":\"Pood\",\"item\":\"https:\\\/\\\/twinkling.lv\\\/pood\\\/\"},{\"@type\":\"ListItem\",\"position\":3,\"name\":\"BABE Extra Mild Extra Mild Shampoo 500 ml\"}]},{\"@type\":\"WebSite\",\"@id\":\"https:\\\/\\\/twinkling.lv\\\/et\\\/#website\",\"url\":\"https:\\\/\\\/twinkling.lv\\\/et\\\/\",\"name\":\"Twinkling\",\"description\":\"\u041a\u0440\u0430\u0441\u043e\u0442\u0430 \u0438 \u0417\u0434\u043e\u0440\u043e\u0432\u044c\u0435\",\"publisher\":{\"@id\":\"https:\\\/\\\/twinkling.lv\\\/et\\\/#organization\"},\"potentialAction\":[{\"@type\":\"SearchAction\",\"target\":{\"@type\":\"EntryPoint\",\"urlTemplate\":\"https:\\\/\\\/twinkling.lv\\\/et\\\/?s={search_term_string}\"},\"query-input\":{\"@type\":\"PropertyValueSpecification\",\"valueRequired\":true,\"valueName\":\"search_term_string\"}}],\"inLanguage\":\"et\"},{\"@type\":\"Organization\",\"@id\":\"https:\\\/\\\/twinkling.lv\\\/et\\\/#organization\",\"name\":\"SIA TORANS\",\"url\":\"https:\\\/\\\/twinkling.lv\\\/et\\\/\",\"logo\":{\"@type\":\"ImageObject\",\"inLanguage\":\"et\",\"@id\":\"https:\\\/\\\/twinkling.lv\\\/et\\\/#\\\/schema\\\/logo\\\/image\\\/\",\"url\":\"https:\\\/\\\/twinkling.lv\\\/wp-content\\\/uploads\\\/2022\\\/02\\\/twinkling-main-logo.jpg\",\"contentUrl\":\"https:\\\/\\\/twinkling.lv\\\/wp-content\\\/uploads\\\/2022\\\/02\\\/twinkling-main-logo.jpg\",\"width\":250,\"height\":100,\"caption\":\"SIA TORANS\"},\"image\":{\"@id\":\"https:\\\/\\\/twinkling.lv\\\/et\\\/#\\\/schema\\\/logo\\\/image\\\/\"}}]}<\/script>\n<!-- \/ Yoast SEO plugin. -->","yoast_head_json":{"title":"BABE Extra Mild Extra Mild Shampoo 500 ml | Twinkling","description":"KIRJELDUS BABE Extra Mild on eriti mahe \u0161ampoon igap\u00e4evaseks peanaha- ja juuksehoolduseks. \u0160ampoon puhastab \u00f5rnalt peanahka, hoolitsedes hoolikalt juuste","robots":{"index":"index","follow":"follow","max-snippet":"max-snippet:-1","max-image-preview":"max-image-preview:large","max-video-preview":"max-video-preview:-1"},"canonical":"https:\/\/twinkling.lv\/et\/shop\/babe-extra-mild-ipasi-maigs-sampuns-500-ml\/","og_locale":"et_EE","og_type":"article","og_title":"BABE Extra Mild Extra Mild Shampoo 500 ml | Twinkling","og_description":"KIRJELDUS BABE Extra Mild on eriti mahe \u0161ampoon igap\u00e4evaseks peanaha- ja juuksehoolduseks. \u0160ampoon puhastab \u00f5rnalt peanahka, hoolitsedes hoolikalt juuste","og_url":"https:\/\/twinkling.lv\/et\/shop\/babe-extra-mild-ipasi-maigs-sampuns-500-ml\/","og_site_name":"Twinkling","article_modified_time":"2025-02-01T20:45:35+00:00","og_image":[{"width":1000,"height":1000,"url":"https:\/\/twinkling.lv\/wp-content\/uploads\/2021\/11\/babe-extra-mild-ipasi-maigs-sampuns-500-ml.jpg","type":"image\/jpeg"}],"twitter_card":"summary_large_image","twitter_misc":{"Est. reading time":"1 minut"},"schema":{"@context":"https:\/\/schema.org","@graph":[{"@type":"WebPage","@id":"https:\/\/twinkling.lv\/et\/shop\/babe-extra-mild-ipasi-maigs-sampuns-500-ml\/","url":"https:\/\/twinkling.lv\/et\/shop\/babe-extra-mild-ipasi-maigs-sampuns-500-ml\/","name":"BABE Extra Mild Extra Mild Shampoo 500 ml | Twinkling","isPartOf":{"@id":"https:\/\/twinkling.lv\/et\/#website"},"primaryImageOfPage":{"@id":"https:\/\/twinkling.lv\/et\/shop\/babe-extra-mild-ipasi-maigs-sampuns-500-ml\/#primaryimage"},"image":{"@id":"https:\/\/twinkling.lv\/et\/shop\/babe-extra-mild-ipasi-maigs-sampuns-500-ml\/#primaryimage"},"thumbnailUrl":"https:\/\/twinkling.lv\/wp-content\/uploads\/2021\/11\/babe-extra-mild-ipasi-maigs-sampuns-500-ml.jpg","datePublished":"2021-11-04T22:42:35+00:00","dateModified":"2025-02-01T20:45:35+00:00","description":"KIRJELDUS BABE Extra Mild on eriti mahe \u0161ampoon igap\u00e4evaseks peanaha- ja juuksehoolduseks. \u0160ampoon puhastab \u00f5rnalt peanahka, hoolitsedes hoolikalt juuste","breadcrumb":{"@id":"https:\/\/twinkling.lv\/et\/shop\/babe-extra-mild-ipasi-maigs-sampuns-500-ml\/#breadcrumb"},"inLanguage":"et","potentialAction":[{"@type":"ReadAction","target":["https:\/\/twinkling.lv\/et\/shop\/babe-extra-mild-ipasi-maigs-sampuns-500-ml\/"]}]},{"@type":"ImageObject","inLanguage":"et","@id":"https:\/\/twinkling.lv\/et\/shop\/babe-extra-mild-ipasi-maigs-sampuns-500-ml\/#primaryimage","url":"https:\/\/twinkling.lv\/wp-content\/uploads\/2021\/11\/babe-extra-mild-ipasi-maigs-sampuns-500-ml.jpg","contentUrl":"https:\/\/twinkling.lv\/wp-content\/uploads\/2021\/11\/babe-extra-mild-ipasi-maigs-sampuns-500-ml.jpg","width":1000,"height":1000},{"@type":"BreadcrumbList","@id":"https:\/\/twinkling.lv\/et\/shop\/babe-extra-mild-ipasi-maigs-sampuns-500-ml\/#breadcrumb","itemListElement":[{"@type":"ListItem","position":1,"name":"\u0413\u043b\u0430\u0432\u043d\u0430\u044f \u0441\u0442\u0440\u0430\u043d\u0438\u0446\u0430","item":"https:\/\/twinkling.lv\/et\/"},{"@type":"ListItem","position":2,"name":"Pood","item":"https:\/\/twinkling.lv\/pood\/"},{"@type":"ListItem","position":3,"name":"BABE Extra Mild Extra Mild Shampoo 500 ml"}]},{"@type":"WebSite","@id":"https:\/\/twinkling.lv\/et\/#website","url":"https:\/\/twinkling.lv\/et\/","name":"Twinkling","description":"\u041a\u0440\u0430\u0441\u043e\u0442\u0430 \u0438 \u0417\u0434\u043e\u0440\u043e\u0432\u044c\u0435","publisher":{"@id":"https:\/\/twinkling.lv\/et\/#organization"},"potentialAction":[{"@type":"SearchAction","target":{"@type":"EntryPoint","urlTemplate":"https:\/\/twinkling.lv\/et\/?s={search_term_string}"},"query-input":{"@type":"PropertyValueSpecification","valueRequired":true,"valueName":"search_term_string"}}],"inLanguage":"et"},{"@type":"Organization","@id":"https:\/\/twinkling.lv\/et\/#organization","name":"SIA TORANS","url":"https:\/\/twinkling.lv\/et\/","logo":{"@type":"ImageObject","inLanguage":"et","@id":"https:\/\/twinkling.lv\/et\/#\/schema\/logo\/image\/","url":"https:\/\/twinkling.lv\/wp-content\/uploads\/2022\/02\/twinkling-main-logo.jpg","contentUrl":"https:\/\/twinkling.lv\/wp-content\/uploads\/2022\/02\/twinkling-main-logo.jpg","width":250,"height":100,"caption":"SIA TORANS"},"image":{"@id":"https:\/\/twinkling.lv\/et\/#\/schema\/logo\/image\/"}}]}},"_links":{"self":[{"href":"https:\/\/twinkling.lv\/et\/wp-json\/wp\/v2\/product\/38362","targetHints":{"allow":["GET"]}}],"collection":[{"href":"https:\/\/twinkling.lv\/et\/wp-json\/wp\/v2\/product"}],"about":[{"href":"https:\/\/twinkling.lv\/et\/wp-json\/wp\/v2\/types\/product"}],"replies":[{"embeddable":true,"href":"https:\/\/twinkling.lv\/et\/wp-json\/wp\/v2\/comments?post=38362"}],"wp:featuredmedia":[{"embeddable":true,"href":"https:\/\/twinkling.lv\/et\/wp-json\/wp\/v2\/media\/38363"}],"wp:attachment":[{"href":"https:\/\/twinkling.lv\/et\/wp-json\/wp\/v2\/media?parent=38362"}],"wp:term":[{"taxonomy":"product_brand","embeddable":true,"href":"https:\/\/twinkling.lv\/et\/wp-json\/wp\/v2\/product_brand?post=38362"},{"taxonomy":"product_cat","embeddable":true,"href":"https:\/\/twinkling.lv\/et\/wp-json\/wp\/v2\/product_cat?post=38362"},{"taxonomy":"product_tag","embeddable":true,"href":"https:\/\/twinkling.lv\/et\/wp-json\/wp\/v2\/product_tag?post=38362"}],"curies":[{"name":"wp","href":"https:\/\/api.w.org\/{rel}","templated":true}]}}