{"id":37964,"date":"2022-02-26T17:38:22","date_gmt":"2022-02-26T14:38:22","guid":{"rendered":"https:\/\/twinkling.lv\/shop\/bioderma-photoderm-bronz-spf-30-sausa-ella-aizsardzibai-no-saules-200-ml\/"},"modified":"2025-02-01T23:40:16","modified_gmt":"2025-02-01T20:40:16","slug":"bioderma-photoderm-bronz-spf-30-sausa-ella-aizsardzibai-no-saules-200-ml","status":"publish","type":"product","link":"https:\/\/twinkling.lv\/et\/shop\/bioderma-photoderm-bronz-spf-30-sausa-ella-aizsardzibai-no-saules-200-ml\/","title":{"rendered":"BIODERMA Photoderm BRONZ SPF 30+ kuiv\u00f5li p\u00e4ikesekaitseks 200 ml"},"content":{"rendered":"<p><strong>KIRJELDUS<\/strong><\/p>\n<p>BIODERMA Photoderm BRONZ SPF 30+ k\u00f5rge p\u00e4ikesekaitsega kuiv\u00f5li n\u00e4ole, kehale ja juustele. T\u00e4nu eksklusiivsele UVA\/UVB-filtrite kombinatsioonile pakub Photoderm BRONZ optimaalset UV-kaitset koos E-vitamiini pakutava rakukaitsega. Uuenduslik p\u00e4evituskompleks stimuleerib, tugevdab ja pikendab loomulikku p\u00e4evitust. Alkoholi puudumise t\u00f5ttu on see h\u00e4sti talutav ega kuivata nahka.<br \/>\n H\u00fcpoallergeenne, ei sisalda parabeene. V\u00e4ga kerge, l\u00e4bipaistva, mitterasvase tekstuuriga. Ei ummista poore, fotostabiilne, veekindel.<\/p>\n<p><strong>RAKENDUSVIIS<\/strong><\/p>\n<p>Kandke n\u00e4ole ja kehale 20 minutit enne \u00f5ue minekut. Uuendage iga 2 tunni j\u00e4rel, enne ja p\u00e4rast ujumist, r\u00e4tikute eemaldamist v\u00f5i treeningut.<\/p>\n<p><strong>TOOTE KOOSTIS<\/strong><\/p>\n<p>C12-15 ALKYL BENZOATE, CYCLOPENTASILOXANE, DICAPRYLYL CARBONATE, HOMOSALATE, ETHYLHEXYL METHOXYCINNAMATE, CYCLOHEXASILOXANE, DIETHYLAMINO HYDROXYBENZOYL HEXYL BENZOATE, ETHYLHEXYL SALICYLATE, BIS-ETHYLHEXYLOXYPHENOL METHOXYPHENYL TRIAZINE, TOCOPHERYL ACETATE, OLEOYL TYROSINE, LUFFA CYLINDRICA SEED OIL, OLEIC ACID, TOCOPHEROL, BHT, FRAGRANCE (PARFUM). [BI 658]\n","protected":false},"excerpt":{"rendered":"<p>KIRJELDUS BIODERMA Photoderm BRONZ SPF 30+ k\u00f5rge p\u00e4ikesekaitsega kuiv\u00f5li n\u00e4ole, kehale ja juustele. T\u00e4nu eksklusiivsele UVA\/UVB-filtrite kombinatsioonile pakub Photoderm BRONZ optimaalset UV-kaitset koos E-vitamiini pakutava rakukaitsega. Uuenduslik p\u00e4evituskompleks stimuleerib, tugevdab ja pikendab loomulikku p\u00e4evitust. Alkoholi puudumise t\u00f5ttu on see h\u00e4sti talutav ega kuivata nahka. H\u00fcpoallergeenne, ei sisalda parabeene. V\u00e4ga kerge, l\u00e4bipaistva, mitterasvase tekstuuriga. Ei ummista [&#8230;]\n","protected":false},"featured_media":37965,"comment_status":"closed","ping_status":"closed","template":"","meta":[],"product_brand":[],"product_cat":[3158,3135,3069,3067],"product_tag":[],"class_list":{"0":"post-37964","1":"product","2":"type-product","3":"status-publish","4":"has-post-thumbnail","6":"product_cat-bioderma-et","7":"product_cat-zimoli-et","8":"product_cat-iedegumam-et","9":"product_cat-aizsardziba-no-saules-et","10":"pa_adas-tips-sausa-et","11":"pa_adas-tips-normala-et","12":"pa_adas-tips-jutiga-et","14":"first","15":"outofstock","16":"taxable","17":"shipping-taxable","18":"purchasable","19":"product-type-simple"},"yoast_head":"<!-- This site is optimized with the Yoast SEO plugin v27.4 - https:\/\/yoast.com\/product\/yoast-seo-wordpress\/ -->\n<title>BIODERMA Photoderm BRONZ SPF 30+ kuiv\u00f5li p\u00e4ikesekaitseks 200 ml | Twinkling<\/title>\n<meta name=\"description\" content=\"KIRJELDUS BIODERMA Photoderm BRONZ SPF 30+ k\u00f5rge p\u00e4ikesekaitsega kuiv\u00f5li n\u00e4ole, kehale ja juustele. T\u00e4nu eksklusiivsele UVA\/UVB-filtrite kombinatsioonile\" \/>\n<meta name=\"robots\" content=\"index, follow, max-snippet:-1, max-image-preview:large, max-video-preview:-1\" \/>\n<link rel=\"canonical\" href=\"https:\/\/twinkling.lv\/et\/shop\/bioderma-photoderm-bronz-spf-30-sausa-ella-aizsardzibai-no-saules-200-ml\/\" \/>\n<meta property=\"og:locale\" content=\"et_EE\" \/>\n<meta property=\"og:type\" content=\"article\" \/>\n<meta property=\"og:title\" content=\"BIODERMA Photoderm BRONZ SPF 30+ kuiv\u00f5li p\u00e4ikesekaitseks 200 ml | Twinkling\" \/>\n<meta property=\"og:description\" content=\"KIRJELDUS BIODERMA Photoderm BRONZ SPF 30+ k\u00f5rge p\u00e4ikesekaitsega kuiv\u00f5li n\u00e4ole, kehale ja juustele. T\u00e4nu eksklusiivsele UVA\/UVB-filtrite kombinatsioonile\" \/>\n<meta property=\"og:url\" content=\"https:\/\/twinkling.lv\/et\/shop\/bioderma-photoderm-bronz-spf-30-sausa-ella-aizsardzibai-no-saules-200-ml\/\" \/>\n<meta property=\"og:site_name\" content=\"Twinkling\" \/>\n<meta property=\"article:modified_time\" content=\"2025-02-01T20:40:16+00:00\" \/>\n<meta property=\"og:image\" content=\"https:\/\/twinkling.lv\/wp-content\/uploads\/2022\/02\/BIODERMA-Photoderm-BRONZ-SPF-30-sausa-ella-aizsardzibai-no-saules-200-ml.jpg\" \/>\n\t<meta property=\"og:image:width\" content=\"1000\" \/>\n\t<meta property=\"og:image:height\" content=\"1000\" \/>\n\t<meta property=\"og:image:type\" content=\"image\/jpeg\" \/>\n<meta name=\"twitter:card\" content=\"summary_large_image\" \/>\n<meta name=\"twitter:label1\" content=\"Est. reading time\" \/>\n\t<meta name=\"twitter:data1\" content=\"1 minut\" \/>\n<script type=\"application\/ld+json\" class=\"yoast-schema-graph\">{\"@context\":\"https:\\\/\\\/schema.org\",\"@graph\":[{\"@type\":\"WebPage\",\"@id\":\"https:\\\/\\\/twinkling.lv\\\/et\\\/shop\\\/bioderma-photoderm-bronz-spf-30-sausa-ella-aizsardzibai-no-saules-200-ml\\\/\",\"url\":\"https:\\\/\\\/twinkling.lv\\\/et\\\/shop\\\/bioderma-photoderm-bronz-spf-30-sausa-ella-aizsardzibai-no-saules-200-ml\\\/\",\"name\":\"BIODERMA Photoderm BRONZ SPF 30+ kuiv\u00f5li p\u00e4ikesekaitseks 200 ml | Twinkling\",\"isPartOf\":{\"@id\":\"https:\\\/\\\/twinkling.lv\\\/et\\\/#website\"},\"primaryImageOfPage\":{\"@id\":\"https:\\\/\\\/twinkling.lv\\\/et\\\/shop\\\/bioderma-photoderm-bronz-spf-30-sausa-ella-aizsardzibai-no-saules-200-ml\\\/#primaryimage\"},\"image\":{\"@id\":\"https:\\\/\\\/twinkling.lv\\\/et\\\/shop\\\/bioderma-photoderm-bronz-spf-30-sausa-ella-aizsardzibai-no-saules-200-ml\\\/#primaryimage\"},\"thumbnailUrl\":\"https:\\\/\\\/twinkling.lv\\\/wp-content\\\/uploads\\\/2022\\\/02\\\/BIODERMA-Photoderm-BRONZ-SPF-30-sausa-ella-aizsardzibai-no-saules-200-ml.jpg\",\"datePublished\":\"2022-02-26T14:38:22+00:00\",\"dateModified\":\"2025-02-01T20:40:16+00:00\",\"description\":\"KIRJELDUS BIODERMA Photoderm BRONZ SPF 30+ k\u00f5rge p\u00e4ikesekaitsega kuiv\u00f5li n\u00e4ole, kehale ja juustele. T\u00e4nu eksklusiivsele UVA\\\/UVB-filtrite kombinatsioonile\",\"breadcrumb\":{\"@id\":\"https:\\\/\\\/twinkling.lv\\\/et\\\/shop\\\/bioderma-photoderm-bronz-spf-30-sausa-ella-aizsardzibai-no-saules-200-ml\\\/#breadcrumb\"},\"inLanguage\":\"et\",\"potentialAction\":[{\"@type\":\"ReadAction\",\"target\":[\"https:\\\/\\\/twinkling.lv\\\/et\\\/shop\\\/bioderma-photoderm-bronz-spf-30-sausa-ella-aizsardzibai-no-saules-200-ml\\\/\"]}]},{\"@type\":\"ImageObject\",\"inLanguage\":\"et\",\"@id\":\"https:\\\/\\\/twinkling.lv\\\/et\\\/shop\\\/bioderma-photoderm-bronz-spf-30-sausa-ella-aizsardzibai-no-saules-200-ml\\\/#primaryimage\",\"url\":\"https:\\\/\\\/twinkling.lv\\\/wp-content\\\/uploads\\\/2022\\\/02\\\/BIODERMA-Photoderm-BRONZ-SPF-30-sausa-ella-aizsardzibai-no-saules-200-ml.jpg\",\"contentUrl\":\"https:\\\/\\\/twinkling.lv\\\/wp-content\\\/uploads\\\/2022\\\/02\\\/BIODERMA-Photoderm-BRONZ-SPF-30-sausa-ella-aizsardzibai-no-saules-200-ml.jpg\",\"width\":1000,\"height\":1000},{\"@type\":\"BreadcrumbList\",\"@id\":\"https:\\\/\\\/twinkling.lv\\\/et\\\/shop\\\/bioderma-photoderm-bronz-spf-30-sausa-ella-aizsardzibai-no-saules-200-ml\\\/#breadcrumb\",\"itemListElement\":[{\"@type\":\"ListItem\",\"position\":1,\"name\":\"\u0413\u043b\u0430\u0432\u043d\u0430\u044f \u0441\u0442\u0440\u0430\u043d\u0438\u0446\u0430\",\"item\":\"https:\\\/\\\/twinkling.lv\\\/et\\\/\"},{\"@type\":\"ListItem\",\"position\":2,\"name\":\"Pood\",\"item\":\"https:\\\/\\\/twinkling.lv\\\/pood\\\/\"},{\"@type\":\"ListItem\",\"position\":3,\"name\":\"BIODERMA Photoderm BRONZ SPF 30+ kuiv\u00f5li p\u00e4ikesekaitseks 200 ml\"}]},{\"@type\":\"WebSite\",\"@id\":\"https:\\\/\\\/twinkling.lv\\\/et\\\/#website\",\"url\":\"https:\\\/\\\/twinkling.lv\\\/et\\\/\",\"name\":\"Twinkling\",\"description\":\"\u041a\u0440\u0430\u0441\u043e\u0442\u0430 \u0438 \u0417\u0434\u043e\u0440\u043e\u0432\u044c\u0435\",\"publisher\":{\"@id\":\"https:\\\/\\\/twinkling.lv\\\/et\\\/#organization\"},\"potentialAction\":[{\"@type\":\"SearchAction\",\"target\":{\"@type\":\"EntryPoint\",\"urlTemplate\":\"https:\\\/\\\/twinkling.lv\\\/et\\\/?s={search_term_string}\"},\"query-input\":{\"@type\":\"PropertyValueSpecification\",\"valueRequired\":true,\"valueName\":\"search_term_string\"}}],\"inLanguage\":\"et\"},{\"@type\":\"Organization\",\"@id\":\"https:\\\/\\\/twinkling.lv\\\/et\\\/#organization\",\"name\":\"SIA TORANS\",\"url\":\"https:\\\/\\\/twinkling.lv\\\/et\\\/\",\"logo\":{\"@type\":\"ImageObject\",\"inLanguage\":\"et\",\"@id\":\"https:\\\/\\\/twinkling.lv\\\/et\\\/#\\\/schema\\\/logo\\\/image\\\/\",\"url\":\"https:\\\/\\\/twinkling.lv\\\/wp-content\\\/uploads\\\/2022\\\/02\\\/twinkling-main-logo.jpg\",\"contentUrl\":\"https:\\\/\\\/twinkling.lv\\\/wp-content\\\/uploads\\\/2022\\\/02\\\/twinkling-main-logo.jpg\",\"width\":250,\"height\":100,\"caption\":\"SIA TORANS\"},\"image\":{\"@id\":\"https:\\\/\\\/twinkling.lv\\\/et\\\/#\\\/schema\\\/logo\\\/image\\\/\"}}]}<\/script>\n<!-- \/ Yoast SEO plugin. -->","yoast_head_json":{"title":"BIODERMA Photoderm BRONZ SPF 30+ kuiv\u00f5li p\u00e4ikesekaitseks 200 ml | Twinkling","description":"KIRJELDUS BIODERMA Photoderm BRONZ SPF 30+ k\u00f5rge p\u00e4ikesekaitsega kuiv\u00f5li n\u00e4ole, kehale ja juustele. T\u00e4nu eksklusiivsele UVA\/UVB-filtrite kombinatsioonile","robots":{"index":"index","follow":"follow","max-snippet":"max-snippet:-1","max-image-preview":"max-image-preview:large","max-video-preview":"max-video-preview:-1"},"canonical":"https:\/\/twinkling.lv\/et\/shop\/bioderma-photoderm-bronz-spf-30-sausa-ella-aizsardzibai-no-saules-200-ml\/","og_locale":"et_EE","og_type":"article","og_title":"BIODERMA Photoderm BRONZ SPF 30+ kuiv\u00f5li p\u00e4ikesekaitseks 200 ml | Twinkling","og_description":"KIRJELDUS BIODERMA Photoderm BRONZ SPF 30+ k\u00f5rge p\u00e4ikesekaitsega kuiv\u00f5li n\u00e4ole, kehale ja juustele. T\u00e4nu eksklusiivsele UVA\/UVB-filtrite kombinatsioonile","og_url":"https:\/\/twinkling.lv\/et\/shop\/bioderma-photoderm-bronz-spf-30-sausa-ella-aizsardzibai-no-saules-200-ml\/","og_site_name":"Twinkling","article_modified_time":"2025-02-01T20:40:16+00:00","og_image":[{"width":1000,"height":1000,"url":"https:\/\/twinkling.lv\/wp-content\/uploads\/2022\/02\/BIODERMA-Photoderm-BRONZ-SPF-30-sausa-ella-aizsardzibai-no-saules-200-ml.jpg","type":"image\/jpeg"}],"twitter_card":"summary_large_image","twitter_misc":{"Est. reading time":"1 minut"},"schema":{"@context":"https:\/\/schema.org","@graph":[{"@type":"WebPage","@id":"https:\/\/twinkling.lv\/et\/shop\/bioderma-photoderm-bronz-spf-30-sausa-ella-aizsardzibai-no-saules-200-ml\/","url":"https:\/\/twinkling.lv\/et\/shop\/bioderma-photoderm-bronz-spf-30-sausa-ella-aizsardzibai-no-saules-200-ml\/","name":"BIODERMA Photoderm BRONZ SPF 30+ kuiv\u00f5li p\u00e4ikesekaitseks 200 ml | Twinkling","isPartOf":{"@id":"https:\/\/twinkling.lv\/et\/#website"},"primaryImageOfPage":{"@id":"https:\/\/twinkling.lv\/et\/shop\/bioderma-photoderm-bronz-spf-30-sausa-ella-aizsardzibai-no-saules-200-ml\/#primaryimage"},"image":{"@id":"https:\/\/twinkling.lv\/et\/shop\/bioderma-photoderm-bronz-spf-30-sausa-ella-aizsardzibai-no-saules-200-ml\/#primaryimage"},"thumbnailUrl":"https:\/\/twinkling.lv\/wp-content\/uploads\/2022\/02\/BIODERMA-Photoderm-BRONZ-SPF-30-sausa-ella-aizsardzibai-no-saules-200-ml.jpg","datePublished":"2022-02-26T14:38:22+00:00","dateModified":"2025-02-01T20:40:16+00:00","description":"KIRJELDUS BIODERMA Photoderm BRONZ SPF 30+ k\u00f5rge p\u00e4ikesekaitsega kuiv\u00f5li n\u00e4ole, kehale ja juustele. T\u00e4nu eksklusiivsele UVA\/UVB-filtrite kombinatsioonile","breadcrumb":{"@id":"https:\/\/twinkling.lv\/et\/shop\/bioderma-photoderm-bronz-spf-30-sausa-ella-aizsardzibai-no-saules-200-ml\/#breadcrumb"},"inLanguage":"et","potentialAction":[{"@type":"ReadAction","target":["https:\/\/twinkling.lv\/et\/shop\/bioderma-photoderm-bronz-spf-30-sausa-ella-aizsardzibai-no-saules-200-ml\/"]}]},{"@type":"ImageObject","inLanguage":"et","@id":"https:\/\/twinkling.lv\/et\/shop\/bioderma-photoderm-bronz-spf-30-sausa-ella-aizsardzibai-no-saules-200-ml\/#primaryimage","url":"https:\/\/twinkling.lv\/wp-content\/uploads\/2022\/02\/BIODERMA-Photoderm-BRONZ-SPF-30-sausa-ella-aizsardzibai-no-saules-200-ml.jpg","contentUrl":"https:\/\/twinkling.lv\/wp-content\/uploads\/2022\/02\/BIODERMA-Photoderm-BRONZ-SPF-30-sausa-ella-aizsardzibai-no-saules-200-ml.jpg","width":1000,"height":1000},{"@type":"BreadcrumbList","@id":"https:\/\/twinkling.lv\/et\/shop\/bioderma-photoderm-bronz-spf-30-sausa-ella-aizsardzibai-no-saules-200-ml\/#breadcrumb","itemListElement":[{"@type":"ListItem","position":1,"name":"\u0413\u043b\u0430\u0432\u043d\u0430\u044f \u0441\u0442\u0440\u0430\u043d\u0438\u0446\u0430","item":"https:\/\/twinkling.lv\/et\/"},{"@type":"ListItem","position":2,"name":"Pood","item":"https:\/\/twinkling.lv\/pood\/"},{"@type":"ListItem","position":3,"name":"BIODERMA Photoderm BRONZ SPF 30+ kuiv\u00f5li p\u00e4ikesekaitseks 200 ml"}]},{"@type":"WebSite","@id":"https:\/\/twinkling.lv\/et\/#website","url":"https:\/\/twinkling.lv\/et\/","name":"Twinkling","description":"\u041a\u0440\u0430\u0441\u043e\u0442\u0430 \u0438 \u0417\u0434\u043e\u0440\u043e\u0432\u044c\u0435","publisher":{"@id":"https:\/\/twinkling.lv\/et\/#organization"},"potentialAction":[{"@type":"SearchAction","target":{"@type":"EntryPoint","urlTemplate":"https:\/\/twinkling.lv\/et\/?s={search_term_string}"},"query-input":{"@type":"PropertyValueSpecification","valueRequired":true,"valueName":"search_term_string"}}],"inLanguage":"et"},{"@type":"Organization","@id":"https:\/\/twinkling.lv\/et\/#organization","name":"SIA TORANS","url":"https:\/\/twinkling.lv\/et\/","logo":{"@type":"ImageObject","inLanguage":"et","@id":"https:\/\/twinkling.lv\/et\/#\/schema\/logo\/image\/","url":"https:\/\/twinkling.lv\/wp-content\/uploads\/2022\/02\/twinkling-main-logo.jpg","contentUrl":"https:\/\/twinkling.lv\/wp-content\/uploads\/2022\/02\/twinkling-main-logo.jpg","width":250,"height":100,"caption":"SIA TORANS"},"image":{"@id":"https:\/\/twinkling.lv\/et\/#\/schema\/logo\/image\/"}}]}},"_links":{"self":[{"href":"https:\/\/twinkling.lv\/et\/wp-json\/wp\/v2\/product\/37964","targetHints":{"allow":["GET"]}}],"collection":[{"href":"https:\/\/twinkling.lv\/et\/wp-json\/wp\/v2\/product"}],"about":[{"href":"https:\/\/twinkling.lv\/et\/wp-json\/wp\/v2\/types\/product"}],"replies":[{"embeddable":true,"href":"https:\/\/twinkling.lv\/et\/wp-json\/wp\/v2\/comments?post=37964"}],"wp:featuredmedia":[{"embeddable":true,"href":"https:\/\/twinkling.lv\/et\/wp-json\/wp\/v2\/media\/37965"}],"wp:attachment":[{"href":"https:\/\/twinkling.lv\/et\/wp-json\/wp\/v2\/media?parent=37964"}],"wp:term":[{"taxonomy":"product_brand","embeddable":true,"href":"https:\/\/twinkling.lv\/et\/wp-json\/wp\/v2\/product_brand?post=37964"},{"taxonomy":"product_cat","embeddable":true,"href":"https:\/\/twinkling.lv\/et\/wp-json\/wp\/v2\/product_cat?post=37964"},{"taxonomy":"product_tag","embeddable":true,"href":"https:\/\/twinkling.lv\/et\/wp-json\/wp\/v2\/product_tag?post=37964"}],"curies":[{"name":"wp","href":"https:\/\/api.w.org\/{rel}","templated":true}]}}