{"id":35712,"date":"2023-11-06T20:59:10","date_gmt":"2023-11-06T17:59:10","guid":{"rendered":"https:\/\/twinkling.lv\/shop\/nizoral-expert-daily-care-sampuns-200-ml\/"},"modified":"2025-02-01T23:58:57","modified_gmt":"2025-02-01T20:58:57","slug":"nizoral-expert-daily-care-sampuns-200-ml","status":"publish","type":"product","link":"https:\/\/twinkling.lv\/et\/shop\/nizoral-expert-daily-care-sampuns-200-ml\/","title":{"rendered":"NIZORAL Expert Daily Care \u0161ampoon 200 ml"},"content":{"rendered":"<p><strong>KIRJELDUS<\/strong><\/p>\n<p>Nizoral Expert Daily Care \u0161ampoon aitab taastada peanaha ja juuste loomulikku seisundit. Spetsialistide poolt v\u00e4lja t\u00f6\u00f6tatud k\u00f5\u00f5ma k\u00f5ige levinumate s\u00fcmptomite, nagu s\u00fcgelus ja ketendus, leevendamiseks. Peanahk on rahustatud ja v\u00e4rskendatud ning juuksed muutuvad pehmeks ja siledaks.<\/p>\n<p><strong>RAKENDUSVIIS<\/strong><\/p>\n<p>Kanna rohkelt niisketele juustele, masseeri peanahasse ja juustesse, seej\u00e4rel loputa. Ainult v\u00e4lispidiseks kasutamiseks. Kasutage juustele ja peanahale.<\/p>\n<p><strong>TOOTE KOOSTIS<\/strong><\/p>\n<p>AQUA, SODIUM LAUROYL SARCOSINATE, COCAMIDOPROPYL BETAINE, COCAMIDOPROPYL HYDROXYSULTAINE, GLYCERIN, DIMETHICONE PG DIETHYLMONIUM CHLORIDE AND CETRIMONIUM CHLORIDE, PROPANEDIOL, DI-PPG-2 MYRETH-10 ADIPATE, PEG-150 PENTAERYTHRITYL TETRASTEARATE, PPG-2 HYDROXYETHYL COCAMIDE, PROPANEDIOL CAPRYLATE, SODIUM CHLORIDE, SALICYLIC ACID, CITRIC ACID, PARFUM, POTASSIUM SORBATE, SODIUM BENZOATE.<\/p>\n","protected":false},"excerpt":{"rendered":"<p>KIRJELDUS Nizoral Expert Daily Care \u0161ampoon aitab taastada peanaha ja juuste loomulikku seisundit. Spetsialistide poolt v\u00e4lja t\u00f6\u00f6tatud k\u00f5\u00f5ma k\u00f5ige levinumate s\u00fcmptomite, nagu s\u00fcgelus ja ketendus, leevendamiseks. Peanahk on rahustatud ja v\u00e4rskendatud ning juuksed muutuvad pehmeks ja siledaks. RAKENDUSVIIS Kanna rohkelt niisketele juustele, masseeri peanahasse ja juustesse, seej\u00e4rel loputa. Ainult v\u00e4lispidiseks kasutamiseks. Kasutage juustele ja peanahale. [&#8230;]\n","protected":false},"featured_media":35713,"comment_status":"open","ping_status":"closed","template":"","meta":[],"product_brand":[],"product_cat":[3089,3135,3256,3094],"product_tag":[],"class_list":{"0":"post-35712","1":"product","2":"type-product","3":"status-publish","4":"has-post-thumbnail","6":"product_cat-matiem-et","7":"product_cat-zimoli-et","8":"product_cat-nizoral-et","9":"product_cat-sampuni-et","11":"first","12":"instock","13":"taxable","14":"shipping-taxable","15":"purchasable","16":"product-type-simple"},"yoast_head":"<!-- This site is optimized with the Yoast SEO plugin v27.4 - https:\/\/yoast.com\/product\/yoast-seo-wordpress\/ -->\n<title>NIZORAL Expert Daily Care \u0161ampoon 200 ml | Twinkling<\/title>\n<meta name=\"description\" content=\"KIRJELDUS Nizoral Expert Daily Care \u0161ampoon aitab taastada peanaha ja juuste loomulikku seisundit. Spetsialistide poolt v\u00e4lja t\u00f6\u00f6tatud k\u00f5\u00f5ma k\u00f5ige\" \/>\n<meta name=\"robots\" content=\"index, follow, max-snippet:-1, max-image-preview:large, max-video-preview:-1\" \/>\n<link rel=\"canonical\" href=\"https:\/\/twinkling.lv\/et\/shop\/nizoral-expert-daily-care-sampuns-200-ml\/\" \/>\n<meta property=\"og:locale\" content=\"et_EE\" \/>\n<meta property=\"og:type\" content=\"article\" \/>\n<meta property=\"og:title\" content=\"NIZORAL Expert Daily Care \u0161ampoon 200 ml | Twinkling\" \/>\n<meta property=\"og:description\" content=\"KIRJELDUS Nizoral Expert Daily Care \u0161ampoon aitab taastada peanaha ja juuste loomulikku seisundit. Spetsialistide poolt v\u00e4lja t\u00f6\u00f6tatud k\u00f5\u00f5ma k\u00f5ige\" \/>\n<meta property=\"og:url\" content=\"https:\/\/twinkling.lv\/et\/shop\/nizoral-expert-daily-care-sampuns-200-ml\/\" \/>\n<meta property=\"og:site_name\" content=\"Twinkling\" \/>\n<meta property=\"article:modified_time\" content=\"2025-02-01T20:58:57+00:00\" \/>\n<meta property=\"og:image\" content=\"https:\/\/twinkling.lv\/wp-content\/uploads\/2023\/11\/NIZORAL-Expert-Daily-Care-sampuns-200-ml.jpg\" \/>\n\t<meta property=\"og:image:width\" content=\"800\" \/>\n\t<meta property=\"og:image:height\" content=\"800\" \/>\n\t<meta property=\"og:image:type\" content=\"image\/jpeg\" \/>\n<meta name=\"twitter:card\" content=\"summary_large_image\" \/>\n<meta name=\"twitter:label1\" content=\"Est. reading time\" \/>\n\t<meta name=\"twitter:data1\" content=\"1 minut\" \/>\n<script type=\"application\/ld+json\" class=\"yoast-schema-graph\">{\"@context\":\"https:\\\/\\\/schema.org\",\"@graph\":[{\"@type\":\"WebPage\",\"@id\":\"https:\\\/\\\/twinkling.lv\\\/et\\\/shop\\\/nizoral-expert-daily-care-sampuns-200-ml\\\/\",\"url\":\"https:\\\/\\\/twinkling.lv\\\/et\\\/shop\\\/nizoral-expert-daily-care-sampuns-200-ml\\\/\",\"name\":\"NIZORAL Expert Daily Care \u0161ampoon 200 ml | Twinkling\",\"isPartOf\":{\"@id\":\"https:\\\/\\\/twinkling.lv\\\/et\\\/#website\"},\"primaryImageOfPage\":{\"@id\":\"https:\\\/\\\/twinkling.lv\\\/et\\\/shop\\\/nizoral-expert-daily-care-sampuns-200-ml\\\/#primaryimage\"},\"image\":{\"@id\":\"https:\\\/\\\/twinkling.lv\\\/et\\\/shop\\\/nizoral-expert-daily-care-sampuns-200-ml\\\/#primaryimage\"},\"thumbnailUrl\":\"https:\\\/\\\/twinkling.lv\\\/wp-content\\\/uploads\\\/2023\\\/11\\\/NIZORAL-Expert-Daily-Care-sampuns-200-ml.jpg\",\"datePublished\":\"2023-11-06T17:59:10+00:00\",\"dateModified\":\"2025-02-01T20:58:57+00:00\",\"description\":\"KIRJELDUS Nizoral Expert Daily Care \u0161ampoon aitab taastada peanaha ja juuste loomulikku seisundit. Spetsialistide poolt v\u00e4lja t\u00f6\u00f6tatud k\u00f5\u00f5ma k\u00f5ige\",\"breadcrumb\":{\"@id\":\"https:\\\/\\\/twinkling.lv\\\/et\\\/shop\\\/nizoral-expert-daily-care-sampuns-200-ml\\\/#breadcrumb\"},\"inLanguage\":\"et\",\"potentialAction\":[{\"@type\":\"ReadAction\",\"target\":[\"https:\\\/\\\/twinkling.lv\\\/et\\\/shop\\\/nizoral-expert-daily-care-sampuns-200-ml\\\/\"]}]},{\"@type\":\"ImageObject\",\"inLanguage\":\"et\",\"@id\":\"https:\\\/\\\/twinkling.lv\\\/et\\\/shop\\\/nizoral-expert-daily-care-sampuns-200-ml\\\/#primaryimage\",\"url\":\"https:\\\/\\\/twinkling.lv\\\/wp-content\\\/uploads\\\/2023\\\/11\\\/NIZORAL-Expert-Daily-Care-sampuns-200-ml.jpg\",\"contentUrl\":\"https:\\\/\\\/twinkling.lv\\\/wp-content\\\/uploads\\\/2023\\\/11\\\/NIZORAL-Expert-Daily-Care-sampuns-200-ml.jpg\",\"width\":800,\"height\":800},{\"@type\":\"BreadcrumbList\",\"@id\":\"https:\\\/\\\/twinkling.lv\\\/et\\\/shop\\\/nizoral-expert-daily-care-sampuns-200-ml\\\/#breadcrumb\",\"itemListElement\":[{\"@type\":\"ListItem\",\"position\":1,\"name\":\"\u0413\u043b\u0430\u0432\u043d\u0430\u044f \u0441\u0442\u0440\u0430\u043d\u0438\u0446\u0430\",\"item\":\"https:\\\/\\\/twinkling.lv\\\/et\\\/\"},{\"@type\":\"ListItem\",\"position\":2,\"name\":\"Pood\",\"item\":\"https:\\\/\\\/twinkling.lv\\\/pood\\\/\"},{\"@type\":\"ListItem\",\"position\":3,\"name\":\"NIZORAL Expert Daily Care \u0161ampoon 200 ml\"}]},{\"@type\":\"WebSite\",\"@id\":\"https:\\\/\\\/twinkling.lv\\\/et\\\/#website\",\"url\":\"https:\\\/\\\/twinkling.lv\\\/et\\\/\",\"name\":\"Twinkling\",\"description\":\"\u041a\u0440\u0430\u0441\u043e\u0442\u0430 \u0438 \u0417\u0434\u043e\u0440\u043e\u0432\u044c\u0435\",\"publisher\":{\"@id\":\"https:\\\/\\\/twinkling.lv\\\/et\\\/#organization\"},\"potentialAction\":[{\"@type\":\"SearchAction\",\"target\":{\"@type\":\"EntryPoint\",\"urlTemplate\":\"https:\\\/\\\/twinkling.lv\\\/et\\\/?s={search_term_string}\"},\"query-input\":{\"@type\":\"PropertyValueSpecification\",\"valueRequired\":true,\"valueName\":\"search_term_string\"}}],\"inLanguage\":\"et\"},{\"@type\":\"Organization\",\"@id\":\"https:\\\/\\\/twinkling.lv\\\/et\\\/#organization\",\"name\":\"SIA TORANS\",\"url\":\"https:\\\/\\\/twinkling.lv\\\/et\\\/\",\"logo\":{\"@type\":\"ImageObject\",\"inLanguage\":\"et\",\"@id\":\"https:\\\/\\\/twinkling.lv\\\/et\\\/#\\\/schema\\\/logo\\\/image\\\/\",\"url\":\"https:\\\/\\\/twinkling.lv\\\/wp-content\\\/uploads\\\/2022\\\/02\\\/twinkling-main-logo.jpg\",\"contentUrl\":\"https:\\\/\\\/twinkling.lv\\\/wp-content\\\/uploads\\\/2022\\\/02\\\/twinkling-main-logo.jpg\",\"width\":250,\"height\":100,\"caption\":\"SIA TORANS\"},\"image\":{\"@id\":\"https:\\\/\\\/twinkling.lv\\\/et\\\/#\\\/schema\\\/logo\\\/image\\\/\"}}]}<\/script>\n<!-- \/ Yoast SEO plugin. -->","yoast_head_json":{"title":"NIZORAL Expert Daily Care \u0161ampoon 200 ml | Twinkling","description":"KIRJELDUS Nizoral Expert Daily Care \u0161ampoon aitab taastada peanaha ja juuste loomulikku seisundit. Spetsialistide poolt v\u00e4lja t\u00f6\u00f6tatud k\u00f5\u00f5ma k\u00f5ige","robots":{"index":"index","follow":"follow","max-snippet":"max-snippet:-1","max-image-preview":"max-image-preview:large","max-video-preview":"max-video-preview:-1"},"canonical":"https:\/\/twinkling.lv\/et\/shop\/nizoral-expert-daily-care-sampuns-200-ml\/","og_locale":"et_EE","og_type":"article","og_title":"NIZORAL Expert Daily Care \u0161ampoon 200 ml | Twinkling","og_description":"KIRJELDUS Nizoral Expert Daily Care \u0161ampoon aitab taastada peanaha ja juuste loomulikku seisundit. Spetsialistide poolt v\u00e4lja t\u00f6\u00f6tatud k\u00f5\u00f5ma k\u00f5ige","og_url":"https:\/\/twinkling.lv\/et\/shop\/nizoral-expert-daily-care-sampuns-200-ml\/","og_site_name":"Twinkling","article_modified_time":"2025-02-01T20:58:57+00:00","og_image":[{"width":800,"height":800,"url":"https:\/\/twinkling.lv\/wp-content\/uploads\/2023\/11\/NIZORAL-Expert-Daily-Care-sampuns-200-ml.jpg","type":"image\/jpeg"}],"twitter_card":"summary_large_image","twitter_misc":{"Est. reading time":"1 minut"},"schema":{"@context":"https:\/\/schema.org","@graph":[{"@type":"WebPage","@id":"https:\/\/twinkling.lv\/et\/shop\/nizoral-expert-daily-care-sampuns-200-ml\/","url":"https:\/\/twinkling.lv\/et\/shop\/nizoral-expert-daily-care-sampuns-200-ml\/","name":"NIZORAL Expert Daily Care \u0161ampoon 200 ml | Twinkling","isPartOf":{"@id":"https:\/\/twinkling.lv\/et\/#website"},"primaryImageOfPage":{"@id":"https:\/\/twinkling.lv\/et\/shop\/nizoral-expert-daily-care-sampuns-200-ml\/#primaryimage"},"image":{"@id":"https:\/\/twinkling.lv\/et\/shop\/nizoral-expert-daily-care-sampuns-200-ml\/#primaryimage"},"thumbnailUrl":"https:\/\/twinkling.lv\/wp-content\/uploads\/2023\/11\/NIZORAL-Expert-Daily-Care-sampuns-200-ml.jpg","datePublished":"2023-11-06T17:59:10+00:00","dateModified":"2025-02-01T20:58:57+00:00","description":"KIRJELDUS Nizoral Expert Daily Care \u0161ampoon aitab taastada peanaha ja juuste loomulikku seisundit. Spetsialistide poolt v\u00e4lja t\u00f6\u00f6tatud k\u00f5\u00f5ma k\u00f5ige","breadcrumb":{"@id":"https:\/\/twinkling.lv\/et\/shop\/nizoral-expert-daily-care-sampuns-200-ml\/#breadcrumb"},"inLanguage":"et","potentialAction":[{"@type":"ReadAction","target":["https:\/\/twinkling.lv\/et\/shop\/nizoral-expert-daily-care-sampuns-200-ml\/"]}]},{"@type":"ImageObject","inLanguage":"et","@id":"https:\/\/twinkling.lv\/et\/shop\/nizoral-expert-daily-care-sampuns-200-ml\/#primaryimage","url":"https:\/\/twinkling.lv\/wp-content\/uploads\/2023\/11\/NIZORAL-Expert-Daily-Care-sampuns-200-ml.jpg","contentUrl":"https:\/\/twinkling.lv\/wp-content\/uploads\/2023\/11\/NIZORAL-Expert-Daily-Care-sampuns-200-ml.jpg","width":800,"height":800},{"@type":"BreadcrumbList","@id":"https:\/\/twinkling.lv\/et\/shop\/nizoral-expert-daily-care-sampuns-200-ml\/#breadcrumb","itemListElement":[{"@type":"ListItem","position":1,"name":"\u0413\u043b\u0430\u0432\u043d\u0430\u044f \u0441\u0442\u0440\u0430\u043d\u0438\u0446\u0430","item":"https:\/\/twinkling.lv\/et\/"},{"@type":"ListItem","position":2,"name":"Pood","item":"https:\/\/twinkling.lv\/pood\/"},{"@type":"ListItem","position":3,"name":"NIZORAL Expert Daily Care \u0161ampoon 200 ml"}]},{"@type":"WebSite","@id":"https:\/\/twinkling.lv\/et\/#website","url":"https:\/\/twinkling.lv\/et\/","name":"Twinkling","description":"\u041a\u0440\u0430\u0441\u043e\u0442\u0430 \u0438 \u0417\u0434\u043e\u0440\u043e\u0432\u044c\u0435","publisher":{"@id":"https:\/\/twinkling.lv\/et\/#organization"},"potentialAction":[{"@type":"SearchAction","target":{"@type":"EntryPoint","urlTemplate":"https:\/\/twinkling.lv\/et\/?s={search_term_string}"},"query-input":{"@type":"PropertyValueSpecification","valueRequired":true,"valueName":"search_term_string"}}],"inLanguage":"et"},{"@type":"Organization","@id":"https:\/\/twinkling.lv\/et\/#organization","name":"SIA TORANS","url":"https:\/\/twinkling.lv\/et\/","logo":{"@type":"ImageObject","inLanguage":"et","@id":"https:\/\/twinkling.lv\/et\/#\/schema\/logo\/image\/","url":"https:\/\/twinkling.lv\/wp-content\/uploads\/2022\/02\/twinkling-main-logo.jpg","contentUrl":"https:\/\/twinkling.lv\/wp-content\/uploads\/2022\/02\/twinkling-main-logo.jpg","width":250,"height":100,"caption":"SIA TORANS"},"image":{"@id":"https:\/\/twinkling.lv\/et\/#\/schema\/logo\/image\/"}}]}},"_links":{"self":[{"href":"https:\/\/twinkling.lv\/et\/wp-json\/wp\/v2\/product\/35712","targetHints":{"allow":["GET"]}}],"collection":[{"href":"https:\/\/twinkling.lv\/et\/wp-json\/wp\/v2\/product"}],"about":[{"href":"https:\/\/twinkling.lv\/et\/wp-json\/wp\/v2\/types\/product"}],"replies":[{"embeddable":true,"href":"https:\/\/twinkling.lv\/et\/wp-json\/wp\/v2\/comments?post=35712"}],"wp:featuredmedia":[{"embeddable":true,"href":"https:\/\/twinkling.lv\/et\/wp-json\/wp\/v2\/media\/35713"}],"wp:attachment":[{"href":"https:\/\/twinkling.lv\/et\/wp-json\/wp\/v2\/media?parent=35712"}],"wp:term":[{"taxonomy":"product_brand","embeddable":true,"href":"https:\/\/twinkling.lv\/et\/wp-json\/wp\/v2\/product_brand?post=35712"},{"taxonomy":"product_cat","embeddable":true,"href":"https:\/\/twinkling.lv\/et\/wp-json\/wp\/v2\/product_cat?post=35712"},{"taxonomy":"product_tag","embeddable":true,"href":"https:\/\/twinkling.lv\/et\/wp-json\/wp\/v2\/product_tag?post=35712"}],"curies":[{"name":"wp","href":"https:\/\/api.w.org\/{rel}","templated":true}]}}