{"id":35413,"date":"2023-12-12T04:37:37","date_gmt":"2023-12-12T01:37:37","guid":{"rendered":"https:\/\/twinkling.lv\/shop\/o-b-extraprotect-super-tamponi-16-gab\/"},"modified":"2025-02-02T00:00:50","modified_gmt":"2025-02-01T21:00:50","slug":"o-b-extraprotect-super-tamponi-16-gab","status":"publish","type":"product","link":"https:\/\/twinkling.lv\/et\/shop\/o-b-extraprotect-super-tamponi-16-gab\/","title":{"rendered":"O.B. ExtraProtect Super tampoonid N16"},"content":{"rendered":"<p><strong>KIRJELDUS<\/strong><\/p>\n<p>\u00dchendades kaks juhtivat tampoonitehnoloogiat, pakub O.B.\u00ae ExtraProtect kuni 100% lekkekaitset* nii p\u00e4eval kui \u00f6\u00f6sel:<br \/>\nExtraProtectioni ventiilid avanevad \u00f5rnalt, et koguda vedelikku, mis tavalistel tampoonidel v\u00f5ib puududa.<br \/>\nT\u00e4nu ainulaadsele Dynamic FitTM tehnoloogiale, mis kohandub teie kehaga, aitavad kumerad sooned juhtida voolu t\u00f5husalt tampooni sees.<br \/>\nIlma kahjulike keemiliste \u00fchendite ja l\u00f5hnaaineteta ei pleegitata seda klooriga.<\/p>\n<p><strong>RAKENDUSVIIS<\/strong><\/p>\n<p><strong>TOOTE KOOSTIS<\/strong><\/p>\n<p>100% orgaaniline puuvill.<\/p>\n","protected":false},"excerpt":{"rendered":"<p>KIRJELDUS \u00dchendades kaks juhtivat tampoonitehnoloogiat, pakub O.B.\u00ae ExtraProtect kuni 100% lekkekaitset* nii p\u00e4eval kui \u00f6\u00f6sel: ExtraProtectioni ventiilid avanevad \u00f5rnalt, et koguda vedelikku, mis tavalistel tampoonidel v\u00f5ib puududa. T\u00e4nu ainulaadsele Dynamic FitTM tehnoloogiale, mis kohandub teie kehaga, aitavad kumerad sooned juhtida voolu t\u00f5husalt tampooni sees. Ilma kahjulike keemiliste \u00fchendite ja l\u00f5hnaaineteta ei pleegitata seda klooriga. RAKENDUSVIIS [&#8230;]\n","protected":false},"featured_media":35394,"comment_status":"open","ping_status":"closed","template":"","meta":[],"product_brand":[],"product_cat":[3075,3076,3135,3258,3080],"product_tag":[],"class_list":{"0":"post-35413","1":"product","2":"type-product","3":"status-publish","4":"has-post-thumbnail","6":"product_cat-higiena-et","7":"product_cat-intima-higiena-et","8":"product_cat-zimoli-et","9":"product_cat-o-b-et","10":"product_cat-paketes-tamponi-et","12":"first","13":"instock","14":"taxable","15":"shipping-taxable","16":"purchasable","17":"product-type-simple"},"yoast_head":"<!-- This site is optimized with the Yoast SEO plugin v27.4 - https:\/\/yoast.com\/product\/yoast-seo-wordpress\/ -->\n<title>O.B. ExtraProtect Super tampoonid N16 | Twinkling<\/title>\n<meta name=\"description\" content=\"KIRJELDUS \u00dchendades kaks juhtivat tampoonitehnoloogiat, pakub O.B.\u00ae ExtraProtect kuni 100% lekkekaitset* nii p\u00e4eval kui \u00f6\u00f6sel: ExtraProtectioni ventiilid\" \/>\n<meta name=\"robots\" content=\"index, follow, max-snippet:-1, max-image-preview:large, max-video-preview:-1\" \/>\n<link rel=\"canonical\" href=\"https:\/\/twinkling.lv\/et\/shop\/o-b-extraprotect-super-tamponi-16-gab\/\" \/>\n<meta property=\"og:locale\" content=\"et_EE\" \/>\n<meta property=\"og:type\" content=\"article\" \/>\n<meta property=\"og:title\" content=\"O.B. ExtraProtect Super tampoonid N16 | Twinkling\" \/>\n<meta property=\"og:description\" content=\"KIRJELDUS \u00dchendades kaks juhtivat tampoonitehnoloogiat, pakub O.B.\u00ae ExtraProtect kuni 100% lekkekaitset* nii p\u00e4eval kui \u00f6\u00f6sel: ExtraProtectioni ventiilid\" \/>\n<meta property=\"og:url\" content=\"https:\/\/twinkling.lv\/et\/shop\/o-b-extraprotect-super-tamponi-16-gab\/\" \/>\n<meta property=\"og:site_name\" content=\"Twinkling\" \/>\n<meta property=\"article:modified_time\" content=\"2025-02-01T21:00:50+00:00\" \/>\n<meta property=\"og:image\" content=\"https:\/\/twinkling.lv\/wp-content\/uploads\/2023\/12\/O.B.-ExtraProtect-Super-tamponi-16-gab.jpg\" \/>\n\t<meta property=\"og:image:width\" content=\"800\" \/>\n\t<meta property=\"og:image:height\" content=\"800\" \/>\n\t<meta property=\"og:image:type\" content=\"image\/jpeg\" \/>\n<meta name=\"twitter:card\" content=\"summary_large_image\" \/>\n<script type=\"application\/ld+json\" class=\"yoast-schema-graph\">{\"@context\":\"https:\\\/\\\/schema.org\",\"@graph\":[{\"@type\":\"WebPage\",\"@id\":\"https:\\\/\\\/twinkling.lv\\\/et\\\/shop\\\/o-b-extraprotect-super-tamponi-16-gab\\\/\",\"url\":\"https:\\\/\\\/twinkling.lv\\\/et\\\/shop\\\/o-b-extraprotect-super-tamponi-16-gab\\\/\",\"name\":\"O.B. ExtraProtect Super tampoonid N16 | Twinkling\",\"isPartOf\":{\"@id\":\"https:\\\/\\\/twinkling.lv\\\/et\\\/#website\"},\"primaryImageOfPage\":{\"@id\":\"https:\\\/\\\/twinkling.lv\\\/et\\\/shop\\\/o-b-extraprotect-super-tamponi-16-gab\\\/#primaryimage\"},\"image\":{\"@id\":\"https:\\\/\\\/twinkling.lv\\\/et\\\/shop\\\/o-b-extraprotect-super-tamponi-16-gab\\\/#primaryimage\"},\"thumbnailUrl\":\"https:\\\/\\\/twinkling.lv\\\/wp-content\\\/uploads\\\/2023\\\/12\\\/O.B.-ExtraProtect-Super-tamponi-16-gab.jpg\",\"datePublished\":\"2023-12-12T01:37:37+00:00\",\"dateModified\":\"2025-02-01T21:00:50+00:00\",\"description\":\"KIRJELDUS \u00dchendades kaks juhtivat tampoonitehnoloogiat, pakub O.B.\u00ae ExtraProtect kuni 100% lekkekaitset* nii p\u00e4eval kui \u00f6\u00f6sel: ExtraProtectioni ventiilid\",\"breadcrumb\":{\"@id\":\"https:\\\/\\\/twinkling.lv\\\/et\\\/shop\\\/o-b-extraprotect-super-tamponi-16-gab\\\/#breadcrumb\"},\"inLanguage\":\"et\",\"potentialAction\":[{\"@type\":\"ReadAction\",\"target\":[\"https:\\\/\\\/twinkling.lv\\\/et\\\/shop\\\/o-b-extraprotect-super-tamponi-16-gab\\\/\"]}]},{\"@type\":\"ImageObject\",\"inLanguage\":\"et\",\"@id\":\"https:\\\/\\\/twinkling.lv\\\/et\\\/shop\\\/o-b-extraprotect-super-tamponi-16-gab\\\/#primaryimage\",\"url\":\"https:\\\/\\\/twinkling.lv\\\/wp-content\\\/uploads\\\/2023\\\/12\\\/O.B.-ExtraProtect-Super-tamponi-16-gab.jpg\",\"contentUrl\":\"https:\\\/\\\/twinkling.lv\\\/wp-content\\\/uploads\\\/2023\\\/12\\\/O.B.-ExtraProtect-Super-tamponi-16-gab.jpg\",\"width\":800,\"height\":800},{\"@type\":\"BreadcrumbList\",\"@id\":\"https:\\\/\\\/twinkling.lv\\\/et\\\/shop\\\/o-b-extraprotect-super-tamponi-16-gab\\\/#breadcrumb\",\"itemListElement\":[{\"@type\":\"ListItem\",\"position\":1,\"name\":\"\u0413\u043b\u0430\u0432\u043d\u0430\u044f \u0441\u0442\u0440\u0430\u043d\u0438\u0446\u0430\",\"item\":\"https:\\\/\\\/twinkling.lv\\\/et\\\/\"},{\"@type\":\"ListItem\",\"position\":2,\"name\":\"Pood\",\"item\":\"https:\\\/\\\/twinkling.lv\\\/pood\\\/\"},{\"@type\":\"ListItem\",\"position\":3,\"name\":\"O.B. ExtraProtect Super tampoonid N16\"}]},{\"@type\":\"WebSite\",\"@id\":\"https:\\\/\\\/twinkling.lv\\\/et\\\/#website\",\"url\":\"https:\\\/\\\/twinkling.lv\\\/et\\\/\",\"name\":\"Twinkling\",\"description\":\"\u041a\u0440\u0430\u0441\u043e\u0442\u0430 \u0438 \u0417\u0434\u043e\u0440\u043e\u0432\u044c\u0435\",\"publisher\":{\"@id\":\"https:\\\/\\\/twinkling.lv\\\/et\\\/#organization\"},\"potentialAction\":[{\"@type\":\"SearchAction\",\"target\":{\"@type\":\"EntryPoint\",\"urlTemplate\":\"https:\\\/\\\/twinkling.lv\\\/et\\\/?s={search_term_string}\"},\"query-input\":{\"@type\":\"PropertyValueSpecification\",\"valueRequired\":true,\"valueName\":\"search_term_string\"}}],\"inLanguage\":\"et\"},{\"@type\":\"Organization\",\"@id\":\"https:\\\/\\\/twinkling.lv\\\/et\\\/#organization\",\"name\":\"SIA TORANS\",\"url\":\"https:\\\/\\\/twinkling.lv\\\/et\\\/\",\"logo\":{\"@type\":\"ImageObject\",\"inLanguage\":\"et\",\"@id\":\"https:\\\/\\\/twinkling.lv\\\/et\\\/#\\\/schema\\\/logo\\\/image\\\/\",\"url\":\"https:\\\/\\\/twinkling.lv\\\/wp-content\\\/uploads\\\/2022\\\/02\\\/twinkling-main-logo.jpg\",\"contentUrl\":\"https:\\\/\\\/twinkling.lv\\\/wp-content\\\/uploads\\\/2022\\\/02\\\/twinkling-main-logo.jpg\",\"width\":250,\"height\":100,\"caption\":\"SIA TORANS\"},\"image\":{\"@id\":\"https:\\\/\\\/twinkling.lv\\\/et\\\/#\\\/schema\\\/logo\\\/image\\\/\"}}]}<\/script>\n<!-- \/ Yoast SEO plugin. -->","yoast_head_json":{"title":"O.B. ExtraProtect Super tampoonid N16 | Twinkling","description":"KIRJELDUS \u00dchendades kaks juhtivat tampoonitehnoloogiat, pakub O.B.\u00ae ExtraProtect kuni 100% lekkekaitset* nii p\u00e4eval kui \u00f6\u00f6sel: ExtraProtectioni ventiilid","robots":{"index":"index","follow":"follow","max-snippet":"max-snippet:-1","max-image-preview":"max-image-preview:large","max-video-preview":"max-video-preview:-1"},"canonical":"https:\/\/twinkling.lv\/et\/shop\/o-b-extraprotect-super-tamponi-16-gab\/","og_locale":"et_EE","og_type":"article","og_title":"O.B. ExtraProtect Super tampoonid N16 | Twinkling","og_description":"KIRJELDUS \u00dchendades kaks juhtivat tampoonitehnoloogiat, pakub O.B.\u00ae ExtraProtect kuni 100% lekkekaitset* nii p\u00e4eval kui \u00f6\u00f6sel: ExtraProtectioni ventiilid","og_url":"https:\/\/twinkling.lv\/et\/shop\/o-b-extraprotect-super-tamponi-16-gab\/","og_site_name":"Twinkling","article_modified_time":"2025-02-01T21:00:50+00:00","og_image":[{"width":800,"height":800,"url":"https:\/\/twinkling.lv\/wp-content\/uploads\/2023\/12\/O.B.-ExtraProtect-Super-tamponi-16-gab.jpg","type":"image\/jpeg"}],"twitter_card":"summary_large_image","schema":{"@context":"https:\/\/schema.org","@graph":[{"@type":"WebPage","@id":"https:\/\/twinkling.lv\/et\/shop\/o-b-extraprotect-super-tamponi-16-gab\/","url":"https:\/\/twinkling.lv\/et\/shop\/o-b-extraprotect-super-tamponi-16-gab\/","name":"O.B. ExtraProtect Super tampoonid N16 | Twinkling","isPartOf":{"@id":"https:\/\/twinkling.lv\/et\/#website"},"primaryImageOfPage":{"@id":"https:\/\/twinkling.lv\/et\/shop\/o-b-extraprotect-super-tamponi-16-gab\/#primaryimage"},"image":{"@id":"https:\/\/twinkling.lv\/et\/shop\/o-b-extraprotect-super-tamponi-16-gab\/#primaryimage"},"thumbnailUrl":"https:\/\/twinkling.lv\/wp-content\/uploads\/2023\/12\/O.B.-ExtraProtect-Super-tamponi-16-gab.jpg","datePublished":"2023-12-12T01:37:37+00:00","dateModified":"2025-02-01T21:00:50+00:00","description":"KIRJELDUS \u00dchendades kaks juhtivat tampoonitehnoloogiat, pakub O.B.\u00ae ExtraProtect kuni 100% lekkekaitset* nii p\u00e4eval kui \u00f6\u00f6sel: ExtraProtectioni ventiilid","breadcrumb":{"@id":"https:\/\/twinkling.lv\/et\/shop\/o-b-extraprotect-super-tamponi-16-gab\/#breadcrumb"},"inLanguage":"et","potentialAction":[{"@type":"ReadAction","target":["https:\/\/twinkling.lv\/et\/shop\/o-b-extraprotect-super-tamponi-16-gab\/"]}]},{"@type":"ImageObject","inLanguage":"et","@id":"https:\/\/twinkling.lv\/et\/shop\/o-b-extraprotect-super-tamponi-16-gab\/#primaryimage","url":"https:\/\/twinkling.lv\/wp-content\/uploads\/2023\/12\/O.B.-ExtraProtect-Super-tamponi-16-gab.jpg","contentUrl":"https:\/\/twinkling.lv\/wp-content\/uploads\/2023\/12\/O.B.-ExtraProtect-Super-tamponi-16-gab.jpg","width":800,"height":800},{"@type":"BreadcrumbList","@id":"https:\/\/twinkling.lv\/et\/shop\/o-b-extraprotect-super-tamponi-16-gab\/#breadcrumb","itemListElement":[{"@type":"ListItem","position":1,"name":"\u0413\u043b\u0430\u0432\u043d\u0430\u044f \u0441\u0442\u0440\u0430\u043d\u0438\u0446\u0430","item":"https:\/\/twinkling.lv\/et\/"},{"@type":"ListItem","position":2,"name":"Pood","item":"https:\/\/twinkling.lv\/pood\/"},{"@type":"ListItem","position":3,"name":"O.B. ExtraProtect Super tampoonid N16"}]},{"@type":"WebSite","@id":"https:\/\/twinkling.lv\/et\/#website","url":"https:\/\/twinkling.lv\/et\/","name":"Twinkling","description":"\u041a\u0440\u0430\u0441\u043e\u0442\u0430 \u0438 \u0417\u0434\u043e\u0440\u043e\u0432\u044c\u0435","publisher":{"@id":"https:\/\/twinkling.lv\/et\/#organization"},"potentialAction":[{"@type":"SearchAction","target":{"@type":"EntryPoint","urlTemplate":"https:\/\/twinkling.lv\/et\/?s={search_term_string}"},"query-input":{"@type":"PropertyValueSpecification","valueRequired":true,"valueName":"search_term_string"}}],"inLanguage":"et"},{"@type":"Organization","@id":"https:\/\/twinkling.lv\/et\/#organization","name":"SIA TORANS","url":"https:\/\/twinkling.lv\/et\/","logo":{"@type":"ImageObject","inLanguage":"et","@id":"https:\/\/twinkling.lv\/et\/#\/schema\/logo\/image\/","url":"https:\/\/twinkling.lv\/wp-content\/uploads\/2022\/02\/twinkling-main-logo.jpg","contentUrl":"https:\/\/twinkling.lv\/wp-content\/uploads\/2022\/02\/twinkling-main-logo.jpg","width":250,"height":100,"caption":"SIA TORANS"},"image":{"@id":"https:\/\/twinkling.lv\/et\/#\/schema\/logo\/image\/"}}]}},"_links":{"self":[{"href":"https:\/\/twinkling.lv\/et\/wp-json\/wp\/v2\/product\/35413","targetHints":{"allow":["GET"]}}],"collection":[{"href":"https:\/\/twinkling.lv\/et\/wp-json\/wp\/v2\/product"}],"about":[{"href":"https:\/\/twinkling.lv\/et\/wp-json\/wp\/v2\/types\/product"}],"replies":[{"embeddable":true,"href":"https:\/\/twinkling.lv\/et\/wp-json\/wp\/v2\/comments?post=35413"}],"wp:featuredmedia":[{"embeddable":true,"href":"https:\/\/twinkling.lv\/et\/wp-json\/wp\/v2\/media\/35394"}],"wp:attachment":[{"href":"https:\/\/twinkling.lv\/et\/wp-json\/wp\/v2\/media?parent=35413"}],"wp:term":[{"taxonomy":"product_brand","embeddable":true,"href":"https:\/\/twinkling.lv\/et\/wp-json\/wp\/v2\/product_brand?post=35413"},{"taxonomy":"product_cat","embeddable":true,"href":"https:\/\/twinkling.lv\/et\/wp-json\/wp\/v2\/product_cat?post=35413"},{"taxonomy":"product_tag","embeddable":true,"href":"https:\/\/twinkling.lv\/et\/wp-json\/wp\/v2\/product_tag?post=35413"}],"curies":[{"name":"wp","href":"https:\/\/api.w.org\/{rel}","templated":true}]}}