{"id":35301,"date":"2023-12-12T04:37:59","date_gmt":"2023-12-12T01:37:59","guid":{"rendered":"https:\/\/twinkling.lv\/shop\/zeinpharma-seefischol-omega-3-1000-mg-kapsulas-140-gab\/"},"modified":"2025-02-02T00:01:29","modified_gmt":"2025-02-01T21:01:29","slug":"zeinpharma-seefischol-omega-3-1000-mg-kapsulas-140-gab","status":"publish","type":"product","link":"https:\/\/twinkling.lv\/et\/shop\/zeinpharma-seefischol-omega-3-1000-mg-kapsulas-140-gab\/","title":{"rendered":"ZEINPHARMA Seefisch\u00f6l Omega-3 1000 mg kapsel N140"},"content":{"rendered":"<p><strong>KIRJELDUS<\/strong><\/p>\n<p>Kvaliteetsed oomega-3 rasvhapped trigl\u00fctseriidi kujul, mis sisaldavad 180 mg eikosapentaeenhapet (EPA) ja 120 mg dokosaheksaeenhapet (DHA).<br \/>\nOomega-3 rasvhappeid EPA ja DHA sisaldav kala\u00f5li pehmetes geelkapslites. EPA ja DHA aitavad kaasa normaalsele s\u00fcdametalitlusele. Positiivne efekt saavutatakse 250 mg EPA ja DHA p\u00e4evase tarbimisega.<\/p>\n<p><strong>RAKENDUSVIIS<\/strong><\/p>\n<p>T\u00e4iskasvanutel soovitatakse v\u00f5tta 2 kapslit kaks korda p\u00e4evas, eelistatavalt koos toiduga, koos rohke veega. \u00c4rge n\u00e4rige!<br \/>\n\u00c4rge \u00fcletage soovitatavat \u00f6\u00f6p\u00e4evast annust! See toode ei asenda toitvat ja tasakaalustatud toitumist ning tervislikku eluviisi. \u00c4rge kasutage seda toidulisandit toitva ja tasakaalustatud toitumise ning tervislike eluviiside asendajana! \u00c4rge kasutage toodet, kui olete \u00fclitundlik v\u00f5i allergiline m\u00f5ne toote koostisaine suhtes. Hoida lastele k\u00e4ttesaamatus kohas! Hoida tihedalt suletud anumates, kuivas kohas, toatemperatuuril kuni 30\u00b0C.<\/p>\n<p><strong>TOOTE KOOSTIS<\/strong><\/p>\n<p>\u2022 E 422 \u2013 Gl\u00fctseriin<br \/>\n\u2022 \u017delatiin &#8211; &#8211; mg<br \/>\n\u2022 Puhastatud vesi &#8211; &#8211; mg<br \/>\n\u2022 Kala\u00f5li &#8211; 4000 mg<br \/>\n\u2022 VITAMIIN E (D-alfa tokoferool) &#8211; 5,3 mg \u03b1-TE<\/p>\n","protected":false},"excerpt":{"rendered":"<p><span style=\"color: #0000ff;\"><a style=\"color: #0000ff;\" href=\"https:\/\/registri.pvd.gov.lv\/ub\/dati?p_id=13518\" target=\"_blank\" rel=\"noopener\">Toote \u00fcksikasjad<\/a><\/span><\/p>\n","protected":false},"featured_media":35302,"comment_status":"open","ping_status":"closed","template":"","meta":[],"product_brand":[],"product_cat":[3118,3135,3106,3095,3300],"product_tag":[],"class_list":{"0":"post-35301","1":"product","2":"type-product","3":"status-publish","4":"has-post-thumbnail","6":"product_cat-zivju-ella-un-omegas-et","7":"product_cat-zimoli-et","8":"product_cat-veselibai-et","9":"product_cat-uztura-bagatinataji-et","10":"product_cat-zeinpharma-et","12":"first","13":"instock","14":"taxable","15":"shipping-taxable","16":"purchasable","17":"product-type-simple"},"yoast_head":"<!-- This site is optimized with the Yoast SEO plugin v27.4 - https:\/\/yoast.com\/product\/yoast-seo-wordpress\/ -->\n<title>ZEINPHARMA Seefisch\u00f6l Omega-3 1000 mg kapsel N140 | Twinkling<\/title>\n<meta name=\"description\" content=\"Toote \u00fcksikasjad\" \/>\n<meta name=\"robots\" content=\"index, follow, max-snippet:-1, max-image-preview:large, max-video-preview:-1\" \/>\n<link rel=\"canonical\" href=\"https:\/\/twinkling.lv\/et\/shop\/zeinpharma-seefischol-omega-3-1000-mg-kapsulas-140-gab\/\" \/>\n<meta property=\"og:locale\" content=\"et_EE\" \/>\n<meta property=\"og:type\" content=\"article\" \/>\n<meta property=\"og:title\" content=\"ZEINPHARMA Seefisch\u00f6l Omega-3 1000 mg kapsel N140 | Twinkling\" \/>\n<meta property=\"og:description\" content=\"Toote \u00fcksikasjad\" \/>\n<meta property=\"og:url\" content=\"https:\/\/twinkling.lv\/et\/shop\/zeinpharma-seefischol-omega-3-1000-mg-kapsulas-140-gab\/\" \/>\n<meta property=\"og:site_name\" content=\"Twinkling\" \/>\n<meta property=\"article:modified_time\" content=\"2025-02-01T21:01:29+00:00\" \/>\n<meta property=\"og:image\" content=\"https:\/\/twinkling.lv\/wp-content\/uploads\/2023\/12\/ZEINPHARMA-Seefischol-Omega-3-1000-mg-kapsulas-140-gab.jpg\" \/>\n\t<meta property=\"og:image:width\" content=\"700\" \/>\n\t<meta property=\"og:image:height\" content=\"700\" \/>\n\t<meta property=\"og:image:type\" content=\"image\/jpeg\" \/>\n<meta name=\"twitter:card\" content=\"summary_large_image\" \/>\n<meta name=\"twitter:label1\" content=\"Est. reading time\" \/>\n\t<meta name=\"twitter:data1\" content=\"1 minut\" \/>\n<script type=\"application\/ld+json\" class=\"yoast-schema-graph\">{\"@context\":\"https:\\\/\\\/schema.org\",\"@graph\":[{\"@type\":\"WebPage\",\"@id\":\"https:\\\/\\\/twinkling.lv\\\/et\\\/shop\\\/zeinpharma-seefischol-omega-3-1000-mg-kapsulas-140-gab\\\/\",\"url\":\"https:\\\/\\\/twinkling.lv\\\/et\\\/shop\\\/zeinpharma-seefischol-omega-3-1000-mg-kapsulas-140-gab\\\/\",\"name\":\"ZEINPHARMA Seefisch\u00f6l Omega-3 1000 mg kapsel N140 | Twinkling\",\"isPartOf\":{\"@id\":\"https:\\\/\\\/twinkling.lv\\\/et\\\/#website\"},\"primaryImageOfPage\":{\"@id\":\"https:\\\/\\\/twinkling.lv\\\/et\\\/shop\\\/zeinpharma-seefischol-omega-3-1000-mg-kapsulas-140-gab\\\/#primaryimage\"},\"image\":{\"@id\":\"https:\\\/\\\/twinkling.lv\\\/et\\\/shop\\\/zeinpharma-seefischol-omega-3-1000-mg-kapsulas-140-gab\\\/#primaryimage\"},\"thumbnailUrl\":\"https:\\\/\\\/twinkling.lv\\\/wp-content\\\/uploads\\\/2023\\\/12\\\/ZEINPHARMA-Seefischol-Omega-3-1000-mg-kapsulas-140-gab.jpg\",\"datePublished\":\"2023-12-12T01:37:59+00:00\",\"dateModified\":\"2025-02-01T21:01:29+00:00\",\"description\":\"Toote \u00fcksikasjad\",\"breadcrumb\":{\"@id\":\"https:\\\/\\\/twinkling.lv\\\/et\\\/shop\\\/zeinpharma-seefischol-omega-3-1000-mg-kapsulas-140-gab\\\/#breadcrumb\"},\"inLanguage\":\"et\",\"potentialAction\":[{\"@type\":\"ReadAction\",\"target\":[\"https:\\\/\\\/twinkling.lv\\\/et\\\/shop\\\/zeinpharma-seefischol-omega-3-1000-mg-kapsulas-140-gab\\\/\"]}]},{\"@type\":\"ImageObject\",\"inLanguage\":\"et\",\"@id\":\"https:\\\/\\\/twinkling.lv\\\/et\\\/shop\\\/zeinpharma-seefischol-omega-3-1000-mg-kapsulas-140-gab\\\/#primaryimage\",\"url\":\"https:\\\/\\\/twinkling.lv\\\/wp-content\\\/uploads\\\/2023\\\/12\\\/ZEINPHARMA-Seefischol-Omega-3-1000-mg-kapsulas-140-gab.jpg\",\"contentUrl\":\"https:\\\/\\\/twinkling.lv\\\/wp-content\\\/uploads\\\/2023\\\/12\\\/ZEINPHARMA-Seefischol-Omega-3-1000-mg-kapsulas-140-gab.jpg\",\"width\":700,\"height\":700},{\"@type\":\"BreadcrumbList\",\"@id\":\"https:\\\/\\\/twinkling.lv\\\/et\\\/shop\\\/zeinpharma-seefischol-omega-3-1000-mg-kapsulas-140-gab\\\/#breadcrumb\",\"itemListElement\":[{\"@type\":\"ListItem\",\"position\":1,\"name\":\"\u0413\u043b\u0430\u0432\u043d\u0430\u044f \u0441\u0442\u0440\u0430\u043d\u0438\u0446\u0430\",\"item\":\"https:\\\/\\\/twinkling.lv\\\/et\\\/\"},{\"@type\":\"ListItem\",\"position\":2,\"name\":\"Pood\",\"item\":\"https:\\\/\\\/twinkling.lv\\\/pood\\\/\"},{\"@type\":\"ListItem\",\"position\":3,\"name\":\"ZEINPHARMA Seefisch\u00f6l Omega-3 1000 mg kapsel N140\"}]},{\"@type\":\"WebSite\",\"@id\":\"https:\\\/\\\/twinkling.lv\\\/et\\\/#website\",\"url\":\"https:\\\/\\\/twinkling.lv\\\/et\\\/\",\"name\":\"Twinkling\",\"description\":\"\u041a\u0440\u0430\u0441\u043e\u0442\u0430 \u0438 \u0417\u0434\u043e\u0440\u043e\u0432\u044c\u0435\",\"publisher\":{\"@id\":\"https:\\\/\\\/twinkling.lv\\\/et\\\/#organization\"},\"potentialAction\":[{\"@type\":\"SearchAction\",\"target\":{\"@type\":\"EntryPoint\",\"urlTemplate\":\"https:\\\/\\\/twinkling.lv\\\/et\\\/?s={search_term_string}\"},\"query-input\":{\"@type\":\"PropertyValueSpecification\",\"valueRequired\":true,\"valueName\":\"search_term_string\"}}],\"inLanguage\":\"et\"},{\"@type\":\"Organization\",\"@id\":\"https:\\\/\\\/twinkling.lv\\\/et\\\/#organization\",\"name\":\"SIA TORANS\",\"url\":\"https:\\\/\\\/twinkling.lv\\\/et\\\/\",\"logo\":{\"@type\":\"ImageObject\",\"inLanguage\":\"et\",\"@id\":\"https:\\\/\\\/twinkling.lv\\\/et\\\/#\\\/schema\\\/logo\\\/image\\\/\",\"url\":\"https:\\\/\\\/twinkling.lv\\\/wp-content\\\/uploads\\\/2022\\\/02\\\/twinkling-main-logo.jpg\",\"contentUrl\":\"https:\\\/\\\/twinkling.lv\\\/wp-content\\\/uploads\\\/2022\\\/02\\\/twinkling-main-logo.jpg\",\"width\":250,\"height\":100,\"caption\":\"SIA TORANS\"},\"image\":{\"@id\":\"https:\\\/\\\/twinkling.lv\\\/et\\\/#\\\/schema\\\/logo\\\/image\\\/\"}}]}<\/script>\n<!-- \/ Yoast SEO plugin. -->","yoast_head_json":{"title":"ZEINPHARMA Seefisch\u00f6l Omega-3 1000 mg kapsel N140 | Twinkling","description":"Toote \u00fcksikasjad","robots":{"index":"index","follow":"follow","max-snippet":"max-snippet:-1","max-image-preview":"max-image-preview:large","max-video-preview":"max-video-preview:-1"},"canonical":"https:\/\/twinkling.lv\/et\/shop\/zeinpharma-seefischol-omega-3-1000-mg-kapsulas-140-gab\/","og_locale":"et_EE","og_type":"article","og_title":"ZEINPHARMA Seefisch\u00f6l Omega-3 1000 mg kapsel N140 | Twinkling","og_description":"Toote \u00fcksikasjad","og_url":"https:\/\/twinkling.lv\/et\/shop\/zeinpharma-seefischol-omega-3-1000-mg-kapsulas-140-gab\/","og_site_name":"Twinkling","article_modified_time":"2025-02-01T21:01:29+00:00","og_image":[{"width":700,"height":700,"url":"https:\/\/twinkling.lv\/wp-content\/uploads\/2023\/12\/ZEINPHARMA-Seefischol-Omega-3-1000-mg-kapsulas-140-gab.jpg","type":"image\/jpeg"}],"twitter_card":"summary_large_image","twitter_misc":{"Est. reading time":"1 minut"},"schema":{"@context":"https:\/\/schema.org","@graph":[{"@type":"WebPage","@id":"https:\/\/twinkling.lv\/et\/shop\/zeinpharma-seefischol-omega-3-1000-mg-kapsulas-140-gab\/","url":"https:\/\/twinkling.lv\/et\/shop\/zeinpharma-seefischol-omega-3-1000-mg-kapsulas-140-gab\/","name":"ZEINPHARMA Seefisch\u00f6l Omega-3 1000 mg kapsel N140 | Twinkling","isPartOf":{"@id":"https:\/\/twinkling.lv\/et\/#website"},"primaryImageOfPage":{"@id":"https:\/\/twinkling.lv\/et\/shop\/zeinpharma-seefischol-omega-3-1000-mg-kapsulas-140-gab\/#primaryimage"},"image":{"@id":"https:\/\/twinkling.lv\/et\/shop\/zeinpharma-seefischol-omega-3-1000-mg-kapsulas-140-gab\/#primaryimage"},"thumbnailUrl":"https:\/\/twinkling.lv\/wp-content\/uploads\/2023\/12\/ZEINPHARMA-Seefischol-Omega-3-1000-mg-kapsulas-140-gab.jpg","datePublished":"2023-12-12T01:37:59+00:00","dateModified":"2025-02-01T21:01:29+00:00","description":"Toote \u00fcksikasjad","breadcrumb":{"@id":"https:\/\/twinkling.lv\/et\/shop\/zeinpharma-seefischol-omega-3-1000-mg-kapsulas-140-gab\/#breadcrumb"},"inLanguage":"et","potentialAction":[{"@type":"ReadAction","target":["https:\/\/twinkling.lv\/et\/shop\/zeinpharma-seefischol-omega-3-1000-mg-kapsulas-140-gab\/"]}]},{"@type":"ImageObject","inLanguage":"et","@id":"https:\/\/twinkling.lv\/et\/shop\/zeinpharma-seefischol-omega-3-1000-mg-kapsulas-140-gab\/#primaryimage","url":"https:\/\/twinkling.lv\/wp-content\/uploads\/2023\/12\/ZEINPHARMA-Seefischol-Omega-3-1000-mg-kapsulas-140-gab.jpg","contentUrl":"https:\/\/twinkling.lv\/wp-content\/uploads\/2023\/12\/ZEINPHARMA-Seefischol-Omega-3-1000-mg-kapsulas-140-gab.jpg","width":700,"height":700},{"@type":"BreadcrumbList","@id":"https:\/\/twinkling.lv\/et\/shop\/zeinpharma-seefischol-omega-3-1000-mg-kapsulas-140-gab\/#breadcrumb","itemListElement":[{"@type":"ListItem","position":1,"name":"\u0413\u043b\u0430\u0432\u043d\u0430\u044f \u0441\u0442\u0440\u0430\u043d\u0438\u0446\u0430","item":"https:\/\/twinkling.lv\/et\/"},{"@type":"ListItem","position":2,"name":"Pood","item":"https:\/\/twinkling.lv\/pood\/"},{"@type":"ListItem","position":3,"name":"ZEINPHARMA Seefisch\u00f6l Omega-3 1000 mg kapsel N140"}]},{"@type":"WebSite","@id":"https:\/\/twinkling.lv\/et\/#website","url":"https:\/\/twinkling.lv\/et\/","name":"Twinkling","description":"\u041a\u0440\u0430\u0441\u043e\u0442\u0430 \u0438 \u0417\u0434\u043e\u0440\u043e\u0432\u044c\u0435","publisher":{"@id":"https:\/\/twinkling.lv\/et\/#organization"},"potentialAction":[{"@type":"SearchAction","target":{"@type":"EntryPoint","urlTemplate":"https:\/\/twinkling.lv\/et\/?s={search_term_string}"},"query-input":{"@type":"PropertyValueSpecification","valueRequired":true,"valueName":"search_term_string"}}],"inLanguage":"et"},{"@type":"Organization","@id":"https:\/\/twinkling.lv\/et\/#organization","name":"SIA TORANS","url":"https:\/\/twinkling.lv\/et\/","logo":{"@type":"ImageObject","inLanguage":"et","@id":"https:\/\/twinkling.lv\/et\/#\/schema\/logo\/image\/","url":"https:\/\/twinkling.lv\/wp-content\/uploads\/2022\/02\/twinkling-main-logo.jpg","contentUrl":"https:\/\/twinkling.lv\/wp-content\/uploads\/2022\/02\/twinkling-main-logo.jpg","width":250,"height":100,"caption":"SIA TORANS"},"image":{"@id":"https:\/\/twinkling.lv\/et\/#\/schema\/logo\/image\/"}}]}},"_links":{"self":[{"href":"https:\/\/twinkling.lv\/et\/wp-json\/wp\/v2\/product\/35301","targetHints":{"allow":["GET"]}}],"collection":[{"href":"https:\/\/twinkling.lv\/et\/wp-json\/wp\/v2\/product"}],"about":[{"href":"https:\/\/twinkling.lv\/et\/wp-json\/wp\/v2\/types\/product"}],"replies":[{"embeddable":true,"href":"https:\/\/twinkling.lv\/et\/wp-json\/wp\/v2\/comments?post=35301"}],"wp:featuredmedia":[{"embeddable":true,"href":"https:\/\/twinkling.lv\/et\/wp-json\/wp\/v2\/media\/35302"}],"wp:attachment":[{"href":"https:\/\/twinkling.lv\/et\/wp-json\/wp\/v2\/media?parent=35301"}],"wp:term":[{"taxonomy":"product_brand","embeddable":true,"href":"https:\/\/twinkling.lv\/et\/wp-json\/wp\/v2\/product_brand?post=35301"},{"taxonomy":"product_cat","embeddable":true,"href":"https:\/\/twinkling.lv\/et\/wp-json\/wp\/v2\/product_cat?post=35301"},{"taxonomy":"product_tag","embeddable":true,"href":"https:\/\/twinkling.lv\/et\/wp-json\/wp\/v2\/product_tag?post=35301"}],"curies":[{"name":"wp","href":"https:\/\/api.w.org\/{rel}","templated":true}]}}