{"id":34883,"date":"2024-03-06T01:35:17","date_gmt":"2024-03-05T22:35:17","guid":{"rendered":"https:\/\/twinkling.lv\/shop\/biofarmacija-rehair-atjaunojoss-sampuns-ar-biotinu-b7-pret-matu-izkrisanu-250-ml\/"},"modified":"2025-02-02T00:04:25","modified_gmt":"2025-02-01T21:04:25","slug":"biofarmacija-rehair-atjaunojoss-sampuns-ar-biotinu-b7-pret-matu-izkrisanu-250-ml","status":"publish","type":"product","link":"https:\/\/twinkling.lv\/et\/shop\/biofarmacija-rehair-atjaunojoss-sampuns-ar-biotinu-b7-pret-matu-izkrisanu-250-ml\/","title":{"rendered":"BIOFARMACIJA REHAIR taastav \u0161ampoon biotiiniga (B7), juuste v\u00e4ljalangemise vastu 250 ml"},"content":{"rendered":"<p><strong>KIRJELDUS<\/strong><\/p>\n<p>reHAIR \u0161ampoon t\u00e4nu oma ainulaadsele koostisele, mis sisaldab biotiini, korte, n\u00f5gese, s\u00f5najala ja sibula ekstrakte, tagab juuste ja peanaha tervise, samuti soodustab juuste kasvu ja hoiab \u00e4ra juuste v\u00e4ljalangemise. Valem p\u00f5hineb k\u00f5rgeima kvaliteediga taimeekstraktidel.<br \/>\nM\u00e4dar\u00f5igas on suurep\u00e4rane r\u00e4nidioksiidi allikas, mineraal, mis on vajalik tervete juuste s\u00e4ilitamiseks. Selle taime ekstrakt soodustab kollageeni ja elastiini s\u00fcnteesi, mille tulemuseks on paranenud juuste struktuur ja s\u00e4ra. Tiruma ko\u0161\u0161eris ja sibulas leiduvad aktiivsed elemendid soodustavad juuste kasvu, v\u00e4hendavad juuste v\u00e4ljalangemist ja hoiavad \u00e4ra juukseotste l\u00f5henemise.<br \/>\nN\u00f5geseekstrakt, t\u00e4nu selles sisalduvatele tanniinidele, tagab peanaha ja juuste s\u00fcgava, kuid \u00f5rna puhastuse, reguleerides rasun\u00e4\u00e4rmete tegevust.<br \/>\nAdiante s\u00f5najala ekstrakt on rikas flavonoidide ja v\u00e4\u00e4vli\u00fchendite poolest. T\u00e4nu sellele stimuleeritakse juuste kasvu kohtades, kus need on n\u00f5rgenenud ja nende kvaliteet paraneb.<br \/>\nIgap\u00e4evaseks kasutamiseks sobiv \u0161ampoon, soovitatav ka \u00f5rna, kuiva ja tundliku peanaha hooldamiseks.<\/p>\n<p><strong>RAKENDUSVIIS<\/strong><\/p>\n<p>Kandke niisketele juustele. Tehke masseerivaid liigutusi, kuni moodustub pehme vaht. Oodake 2-5 minutit ja loputage hoolikalt veega.<\/p>\n<p><strong>TOOTE KOOSTIS<\/strong><\/p>\n<p>Aqua, Sodium Lauroyl Methyl Isethionate, Cocamidopropyl Betaine, Disodium Laureth Sulfosuccinate, Lauryl Glucoside, Glycerin, Acrylates Copolymer, PEG-7 Glyceryl cocoate, Polyquaternium 22, Phenoxyethanol, Coco- Glucoside, Glyceryl Oleate, Sodium Hydroxyde, Styrene\/Acrylate Copolymer , Propylene Glycol, Urtica Dioica Leaf Extract, Trisodium Ethylendiamine Dissuccinate, Trietanolamine, Citric Acid, Parfum, AlliumCepa Bulb Extract, Adiandium Capilus\u00a0 Veneris Extract, Guar Hydroxypropyl Trimonium Choride, Ethylhexylglycerin, Caramel, Phantenol, Equisetum Arvense Extract, Potassium Sorbate, Benzoic Acid, Sodium Benzoate, Biotin, Tocopherol, Hydrogenated Palm Glycerides Citrate.<\/p>\n","protected":false},"excerpt":{"rendered":"<p>KIRJELDUS reHAIR \u0161ampoon t\u00e4nu oma ainulaadsele koostisele, mis sisaldab biotiini, korte, n\u00f5gese, s\u00f5najala ja sibula ekstrakte, tagab juuste ja peanaha tervise, samuti soodustab juuste kasvu ja hoiab \u00e4ra juuste v\u00e4ljalangemise. Valem p\u00f5hineb k\u00f5rgeima kvaliteediga taimeekstraktidel. M\u00e4dar\u00f5igas on suurep\u00e4rane r\u00e4nidioksiidi allikas, mineraal, mis on vajalik tervete juuste s\u00e4ilitamiseks. Selle taime ekstrakt soodustab kollageeni ja elastiini s\u00fcnteesi, [&#8230;]\n","protected":false},"featured_media":34884,"comment_status":"open","ping_status":"closed","template":"","meta":[],"product_brand":[],"product_cat":[3149,3089,3135,3094],"product_tag":[],"class_list":{"0":"post-34883","1":"product","2":"type-product","3":"status-publish","4":"has-post-thumbnail","6":"product_cat-biofarmacija-et","7":"product_cat-matiem-et","8":"product_cat-zimoli-et","9":"product_cat-sampuni-et","11":"first","12":"outofstock","13":"taxable","14":"shipping-taxable","15":"purchasable","16":"product-type-simple"},"yoast_head":"<!-- This site is optimized with the Yoast SEO plugin v27.4 - https:\/\/yoast.com\/product\/yoast-seo-wordpress\/ -->\n<title>BIOFARMACIJA REHAIR taastav \u0161ampoon biotiiniga (B7), juuste v\u00e4ljalangemise vastu 250 ml | Twinkling<\/title>\n<meta name=\"description\" content=\"KIRJELDUS reHAIR \u0161ampoon t\u00e4nu oma ainulaadsele koostisele, mis sisaldab biotiini, korte, n\u00f5gese, s\u00f5najala ja sibula ekstrakte, tagab juuste ja peanaha\" \/>\n<meta name=\"robots\" content=\"index, follow, max-snippet:-1, max-image-preview:large, max-video-preview:-1\" \/>\n<link rel=\"canonical\" href=\"https:\/\/twinkling.lv\/et\/shop\/biofarmacija-rehair-atjaunojoss-sampuns-ar-biotinu-b7-pret-matu-izkrisanu-250-ml\/\" \/>\n<meta property=\"og:locale\" content=\"et_EE\" \/>\n<meta property=\"og:type\" content=\"article\" \/>\n<meta property=\"og:title\" content=\"BIOFARMACIJA REHAIR taastav \u0161ampoon biotiiniga (B7), juuste v\u00e4ljalangemise vastu 250 ml | Twinkling\" \/>\n<meta property=\"og:description\" content=\"KIRJELDUS reHAIR \u0161ampoon t\u00e4nu oma ainulaadsele koostisele, mis sisaldab biotiini, korte, n\u00f5gese, s\u00f5najala ja sibula ekstrakte, tagab juuste ja peanaha\" \/>\n<meta property=\"og:url\" content=\"https:\/\/twinkling.lv\/et\/shop\/biofarmacija-rehair-atjaunojoss-sampuns-ar-biotinu-b7-pret-matu-izkrisanu-250-ml\/\" \/>\n<meta property=\"og:site_name\" content=\"Twinkling\" \/>\n<meta property=\"article:modified_time\" content=\"2025-02-01T21:04:25+00:00\" \/>\n<meta property=\"og:image\" content=\"https:\/\/twinkling.lv\/wp-content\/uploads\/2024\/03\/REHAIR-atjaunojoss-sampuns-ar-biotinu-B7-pret-matu-izkrisanu-250-ml.jpg\" \/>\n\t<meta property=\"og:image:width\" content=\"800\" \/>\n\t<meta property=\"og:image:height\" content=\"800\" \/>\n\t<meta property=\"og:image:type\" content=\"image\/jpeg\" \/>\n<meta name=\"twitter:card\" content=\"summary_large_image\" \/>\n<meta name=\"twitter:label1\" content=\"Est. reading time\" \/>\n\t<meta name=\"twitter:data1\" content=\"1 minut\" \/>\n<script type=\"application\/ld+json\" class=\"yoast-schema-graph\">{\"@context\":\"https:\\\/\\\/schema.org\",\"@graph\":[{\"@type\":\"WebPage\",\"@id\":\"https:\\\/\\\/twinkling.lv\\\/et\\\/shop\\\/biofarmacija-rehair-atjaunojoss-sampuns-ar-biotinu-b7-pret-matu-izkrisanu-250-ml\\\/\",\"url\":\"https:\\\/\\\/twinkling.lv\\\/et\\\/shop\\\/biofarmacija-rehair-atjaunojoss-sampuns-ar-biotinu-b7-pret-matu-izkrisanu-250-ml\\\/\",\"name\":\"BIOFARMACIJA REHAIR taastav \u0161ampoon biotiiniga (B7), juuste v\u00e4ljalangemise vastu 250 ml | Twinkling\",\"isPartOf\":{\"@id\":\"https:\\\/\\\/twinkling.lv\\\/et\\\/#website\"},\"primaryImageOfPage\":{\"@id\":\"https:\\\/\\\/twinkling.lv\\\/et\\\/shop\\\/biofarmacija-rehair-atjaunojoss-sampuns-ar-biotinu-b7-pret-matu-izkrisanu-250-ml\\\/#primaryimage\"},\"image\":{\"@id\":\"https:\\\/\\\/twinkling.lv\\\/et\\\/shop\\\/biofarmacija-rehair-atjaunojoss-sampuns-ar-biotinu-b7-pret-matu-izkrisanu-250-ml\\\/#primaryimage\"},\"thumbnailUrl\":\"https:\\\/\\\/twinkling.lv\\\/wp-content\\\/uploads\\\/2024\\\/03\\\/REHAIR-atjaunojoss-sampuns-ar-biotinu-B7-pret-matu-izkrisanu-250-ml.jpg\",\"datePublished\":\"2024-03-05T22:35:17+00:00\",\"dateModified\":\"2025-02-01T21:04:25+00:00\",\"description\":\"KIRJELDUS reHAIR \u0161ampoon t\u00e4nu oma ainulaadsele koostisele, mis sisaldab biotiini, korte, n\u00f5gese, s\u00f5najala ja sibula ekstrakte, tagab juuste ja peanaha\",\"breadcrumb\":{\"@id\":\"https:\\\/\\\/twinkling.lv\\\/et\\\/shop\\\/biofarmacija-rehair-atjaunojoss-sampuns-ar-biotinu-b7-pret-matu-izkrisanu-250-ml\\\/#breadcrumb\"},\"inLanguage\":\"et\",\"potentialAction\":[{\"@type\":\"ReadAction\",\"target\":[\"https:\\\/\\\/twinkling.lv\\\/et\\\/shop\\\/biofarmacija-rehair-atjaunojoss-sampuns-ar-biotinu-b7-pret-matu-izkrisanu-250-ml\\\/\"]}]},{\"@type\":\"ImageObject\",\"inLanguage\":\"et\",\"@id\":\"https:\\\/\\\/twinkling.lv\\\/et\\\/shop\\\/biofarmacija-rehair-atjaunojoss-sampuns-ar-biotinu-b7-pret-matu-izkrisanu-250-ml\\\/#primaryimage\",\"url\":\"https:\\\/\\\/twinkling.lv\\\/wp-content\\\/uploads\\\/2024\\\/03\\\/REHAIR-atjaunojoss-sampuns-ar-biotinu-B7-pret-matu-izkrisanu-250-ml.jpg\",\"contentUrl\":\"https:\\\/\\\/twinkling.lv\\\/wp-content\\\/uploads\\\/2024\\\/03\\\/REHAIR-atjaunojoss-sampuns-ar-biotinu-B7-pret-matu-izkrisanu-250-ml.jpg\",\"width\":800,\"height\":800},{\"@type\":\"BreadcrumbList\",\"@id\":\"https:\\\/\\\/twinkling.lv\\\/et\\\/shop\\\/biofarmacija-rehair-atjaunojoss-sampuns-ar-biotinu-b7-pret-matu-izkrisanu-250-ml\\\/#breadcrumb\",\"itemListElement\":[{\"@type\":\"ListItem\",\"position\":1,\"name\":\"\u0413\u043b\u0430\u0432\u043d\u0430\u044f \u0441\u0442\u0440\u0430\u043d\u0438\u0446\u0430\",\"item\":\"https:\\\/\\\/twinkling.lv\\\/et\\\/\"},{\"@type\":\"ListItem\",\"position\":2,\"name\":\"Pood\",\"item\":\"https:\\\/\\\/twinkling.lv\\\/pood\\\/\"},{\"@type\":\"ListItem\",\"position\":3,\"name\":\"BIOFARMACIJA REHAIR taastav \u0161ampoon biotiiniga (B7), juuste v\u00e4ljalangemise vastu 250 ml\"}]},{\"@type\":\"WebSite\",\"@id\":\"https:\\\/\\\/twinkling.lv\\\/et\\\/#website\",\"url\":\"https:\\\/\\\/twinkling.lv\\\/et\\\/\",\"name\":\"Twinkling\",\"description\":\"\u041a\u0440\u0430\u0441\u043e\u0442\u0430 \u0438 \u0417\u0434\u043e\u0440\u043e\u0432\u044c\u0435\",\"publisher\":{\"@id\":\"https:\\\/\\\/twinkling.lv\\\/et\\\/#organization\"},\"potentialAction\":[{\"@type\":\"SearchAction\",\"target\":{\"@type\":\"EntryPoint\",\"urlTemplate\":\"https:\\\/\\\/twinkling.lv\\\/et\\\/?s={search_term_string}\"},\"query-input\":{\"@type\":\"PropertyValueSpecification\",\"valueRequired\":true,\"valueName\":\"search_term_string\"}}],\"inLanguage\":\"et\"},{\"@type\":\"Organization\",\"@id\":\"https:\\\/\\\/twinkling.lv\\\/et\\\/#organization\",\"name\":\"SIA TORANS\",\"url\":\"https:\\\/\\\/twinkling.lv\\\/et\\\/\",\"logo\":{\"@type\":\"ImageObject\",\"inLanguage\":\"et\",\"@id\":\"https:\\\/\\\/twinkling.lv\\\/et\\\/#\\\/schema\\\/logo\\\/image\\\/\",\"url\":\"https:\\\/\\\/twinkling.lv\\\/wp-content\\\/uploads\\\/2022\\\/02\\\/twinkling-main-logo.jpg\",\"contentUrl\":\"https:\\\/\\\/twinkling.lv\\\/wp-content\\\/uploads\\\/2022\\\/02\\\/twinkling-main-logo.jpg\",\"width\":250,\"height\":100,\"caption\":\"SIA TORANS\"},\"image\":{\"@id\":\"https:\\\/\\\/twinkling.lv\\\/et\\\/#\\\/schema\\\/logo\\\/image\\\/\"}}]}<\/script>\n<!-- \/ Yoast SEO plugin. -->","yoast_head_json":{"title":"BIOFARMACIJA REHAIR taastav \u0161ampoon biotiiniga (B7), juuste v\u00e4ljalangemise vastu 250 ml | Twinkling","description":"KIRJELDUS reHAIR \u0161ampoon t\u00e4nu oma ainulaadsele koostisele, mis sisaldab biotiini, korte, n\u00f5gese, s\u00f5najala ja sibula ekstrakte, tagab juuste ja peanaha","robots":{"index":"index","follow":"follow","max-snippet":"max-snippet:-1","max-image-preview":"max-image-preview:large","max-video-preview":"max-video-preview:-1"},"canonical":"https:\/\/twinkling.lv\/et\/shop\/biofarmacija-rehair-atjaunojoss-sampuns-ar-biotinu-b7-pret-matu-izkrisanu-250-ml\/","og_locale":"et_EE","og_type":"article","og_title":"BIOFARMACIJA REHAIR taastav \u0161ampoon biotiiniga (B7), juuste v\u00e4ljalangemise vastu 250 ml | Twinkling","og_description":"KIRJELDUS reHAIR \u0161ampoon t\u00e4nu oma ainulaadsele koostisele, mis sisaldab biotiini, korte, n\u00f5gese, s\u00f5najala ja sibula ekstrakte, tagab juuste ja peanaha","og_url":"https:\/\/twinkling.lv\/et\/shop\/biofarmacija-rehair-atjaunojoss-sampuns-ar-biotinu-b7-pret-matu-izkrisanu-250-ml\/","og_site_name":"Twinkling","article_modified_time":"2025-02-01T21:04:25+00:00","og_image":[{"width":800,"height":800,"url":"https:\/\/twinkling.lv\/wp-content\/uploads\/2024\/03\/REHAIR-atjaunojoss-sampuns-ar-biotinu-B7-pret-matu-izkrisanu-250-ml.jpg","type":"image\/jpeg"}],"twitter_card":"summary_large_image","twitter_misc":{"Est. reading time":"1 minut"},"schema":{"@context":"https:\/\/schema.org","@graph":[{"@type":"WebPage","@id":"https:\/\/twinkling.lv\/et\/shop\/biofarmacija-rehair-atjaunojoss-sampuns-ar-biotinu-b7-pret-matu-izkrisanu-250-ml\/","url":"https:\/\/twinkling.lv\/et\/shop\/biofarmacija-rehair-atjaunojoss-sampuns-ar-biotinu-b7-pret-matu-izkrisanu-250-ml\/","name":"BIOFARMACIJA REHAIR taastav \u0161ampoon biotiiniga (B7), juuste v\u00e4ljalangemise vastu 250 ml | Twinkling","isPartOf":{"@id":"https:\/\/twinkling.lv\/et\/#website"},"primaryImageOfPage":{"@id":"https:\/\/twinkling.lv\/et\/shop\/biofarmacija-rehair-atjaunojoss-sampuns-ar-biotinu-b7-pret-matu-izkrisanu-250-ml\/#primaryimage"},"image":{"@id":"https:\/\/twinkling.lv\/et\/shop\/biofarmacija-rehair-atjaunojoss-sampuns-ar-biotinu-b7-pret-matu-izkrisanu-250-ml\/#primaryimage"},"thumbnailUrl":"https:\/\/twinkling.lv\/wp-content\/uploads\/2024\/03\/REHAIR-atjaunojoss-sampuns-ar-biotinu-B7-pret-matu-izkrisanu-250-ml.jpg","datePublished":"2024-03-05T22:35:17+00:00","dateModified":"2025-02-01T21:04:25+00:00","description":"KIRJELDUS reHAIR \u0161ampoon t\u00e4nu oma ainulaadsele koostisele, mis sisaldab biotiini, korte, n\u00f5gese, s\u00f5najala ja sibula ekstrakte, tagab juuste ja peanaha","breadcrumb":{"@id":"https:\/\/twinkling.lv\/et\/shop\/biofarmacija-rehair-atjaunojoss-sampuns-ar-biotinu-b7-pret-matu-izkrisanu-250-ml\/#breadcrumb"},"inLanguage":"et","potentialAction":[{"@type":"ReadAction","target":["https:\/\/twinkling.lv\/et\/shop\/biofarmacija-rehair-atjaunojoss-sampuns-ar-biotinu-b7-pret-matu-izkrisanu-250-ml\/"]}]},{"@type":"ImageObject","inLanguage":"et","@id":"https:\/\/twinkling.lv\/et\/shop\/biofarmacija-rehair-atjaunojoss-sampuns-ar-biotinu-b7-pret-matu-izkrisanu-250-ml\/#primaryimage","url":"https:\/\/twinkling.lv\/wp-content\/uploads\/2024\/03\/REHAIR-atjaunojoss-sampuns-ar-biotinu-B7-pret-matu-izkrisanu-250-ml.jpg","contentUrl":"https:\/\/twinkling.lv\/wp-content\/uploads\/2024\/03\/REHAIR-atjaunojoss-sampuns-ar-biotinu-B7-pret-matu-izkrisanu-250-ml.jpg","width":800,"height":800},{"@type":"BreadcrumbList","@id":"https:\/\/twinkling.lv\/et\/shop\/biofarmacija-rehair-atjaunojoss-sampuns-ar-biotinu-b7-pret-matu-izkrisanu-250-ml\/#breadcrumb","itemListElement":[{"@type":"ListItem","position":1,"name":"\u0413\u043b\u0430\u0432\u043d\u0430\u044f \u0441\u0442\u0440\u0430\u043d\u0438\u0446\u0430","item":"https:\/\/twinkling.lv\/et\/"},{"@type":"ListItem","position":2,"name":"Pood","item":"https:\/\/twinkling.lv\/pood\/"},{"@type":"ListItem","position":3,"name":"BIOFARMACIJA REHAIR taastav \u0161ampoon biotiiniga (B7), juuste v\u00e4ljalangemise vastu 250 ml"}]},{"@type":"WebSite","@id":"https:\/\/twinkling.lv\/et\/#website","url":"https:\/\/twinkling.lv\/et\/","name":"Twinkling","description":"\u041a\u0440\u0430\u0441\u043e\u0442\u0430 \u0438 \u0417\u0434\u043e\u0440\u043e\u0432\u044c\u0435","publisher":{"@id":"https:\/\/twinkling.lv\/et\/#organization"},"potentialAction":[{"@type":"SearchAction","target":{"@type":"EntryPoint","urlTemplate":"https:\/\/twinkling.lv\/et\/?s={search_term_string}"},"query-input":{"@type":"PropertyValueSpecification","valueRequired":true,"valueName":"search_term_string"}}],"inLanguage":"et"},{"@type":"Organization","@id":"https:\/\/twinkling.lv\/et\/#organization","name":"SIA TORANS","url":"https:\/\/twinkling.lv\/et\/","logo":{"@type":"ImageObject","inLanguage":"et","@id":"https:\/\/twinkling.lv\/et\/#\/schema\/logo\/image\/","url":"https:\/\/twinkling.lv\/wp-content\/uploads\/2022\/02\/twinkling-main-logo.jpg","contentUrl":"https:\/\/twinkling.lv\/wp-content\/uploads\/2022\/02\/twinkling-main-logo.jpg","width":250,"height":100,"caption":"SIA TORANS"},"image":{"@id":"https:\/\/twinkling.lv\/et\/#\/schema\/logo\/image\/"}}]}},"_links":{"self":[{"href":"https:\/\/twinkling.lv\/et\/wp-json\/wp\/v2\/product\/34883","targetHints":{"allow":["GET"]}}],"collection":[{"href":"https:\/\/twinkling.lv\/et\/wp-json\/wp\/v2\/product"}],"about":[{"href":"https:\/\/twinkling.lv\/et\/wp-json\/wp\/v2\/types\/product"}],"replies":[{"embeddable":true,"href":"https:\/\/twinkling.lv\/et\/wp-json\/wp\/v2\/comments?post=34883"}],"wp:featuredmedia":[{"embeddable":true,"href":"https:\/\/twinkling.lv\/et\/wp-json\/wp\/v2\/media\/34884"}],"wp:attachment":[{"href":"https:\/\/twinkling.lv\/et\/wp-json\/wp\/v2\/media?parent=34883"}],"wp:term":[{"taxonomy":"product_brand","embeddable":true,"href":"https:\/\/twinkling.lv\/et\/wp-json\/wp\/v2\/product_brand?post=34883"},{"taxonomy":"product_cat","embeddable":true,"href":"https:\/\/twinkling.lv\/et\/wp-json\/wp\/v2\/product_cat?post=34883"},{"taxonomy":"product_tag","embeddable":true,"href":"https:\/\/twinkling.lv\/et\/wp-json\/wp\/v2\/product_tag?post=34883"}],"curies":[{"name":"wp","href":"https:\/\/api.w.org\/{rel}","templated":true}]}}