{"id":34657,"date":"2024-03-22T18:06:04","date_gmt":"2024-03-22T15:06:04","guid":{"rendered":"https:\/\/twinkling.lv\/shop\/wella-professionals-eimi-perfect-setting-losjons-matu-apjomam-150-ml\/"},"modified":"2025-02-02T00:05:46","modified_gmt":"2025-02-01T21:05:46","slug":"wella-professionals-eimi-perfect-setting-losjons-matu-apjomam-150-ml","status":"publish","type":"product","link":"https:\/\/twinkling.lv\/et\/shop\/wella-professionals-eimi-perfect-setting-losjons-matu-apjomam-150-ml\/","title":{"rendered":"WELLA Professionals Eimi Perfect Setting juuksekreem 150 ml"},"content":{"rendered":"<p><strong>KIRJELDUS<\/strong><\/p>\n<p>Wella Professionals Eimi Perfect Setting losjoon juuste kujundamiseks koos f\u00f6\u00f6niga. Tugevdab vol\u00fc\u00fcmilist juuste struktuuri t\u00e4iusliku s\u00e4raga. Loodud pakkuma f\u00f6\u00f6nitamisel \u00f5iget hooldust ja kuumakaitset.<\/p>\n<p><strong>RAKENDUSVIIS<\/strong><\/p>\n<p>Pihustage \u00fchtlaselt niisketesse juustesse ja kuivatage f\u00f6\u00f6niga. Hoiatus: Mitte pihustada silma ega lahtisele tulele. Kui toode satub kogemata silma, loputage koheselt veega. V\u00e4ltige toote kokkupuudet lakitud v\u00f5i v\u00e4rvitud pindade ja imavate materjalidega. Tuleohtlik.<\/p>\n<p><strong>TOOTE KOOSTIS<\/strong><\/p>\n<p>Water, Alcohol, Denat, VP?VA Copolymer, Panthenol, PEG-40, Hydogenated Castrol Oil, Frangrance, Cetrimonium Chloride, Blue1, BCC12-Base.<\/p>\n","protected":false},"excerpt":{"rendered":"<p>KIRJELDUS Wella Professionals Eimi Perfect Setting losjoon juuste kujundamiseks koos f\u00f6\u00f6niga. Tugevdab vol\u00fc\u00fcmilist juuste struktuuri t\u00e4iusliku s\u00e4raga. Loodud pakkuma f\u00f6\u00f6nitamisel \u00f5iget hooldust ja kuumakaitset. RAKENDUSVIIS Pihustage \u00fchtlaselt niisketesse juustesse ja kuivatage f\u00f6\u00f6niga. Hoiatus: Mitte pihustada silma ega lahtisele tulele. Kui toode satub kogemata silma, loputage koheselt veega. V\u00e4ltige toote kokkupuudet lakitud v\u00f5i v\u00e4rvitud pindade ja [&#8230;]\n","protected":false},"featured_media":34658,"comment_status":"open","ping_status":"closed","template":"","meta":[],"product_brand":[],"product_cat":[3089,3093,3135,3298],"product_tag":[],"class_list":{"0":"post-34657","1":"product","2":"type-product","3":"status-publish","4":"has-post-thumbnail","6":"product_cat-matiem-et","7":"product_cat-matu-veidosanai-et","8":"product_cat-zimoli-et","9":"product_cat-wella-et","11":"first","12":"instock","13":"taxable","14":"shipping-taxable","15":"purchasable","16":"product-type-simple"},"yoast_head":"<!-- This site is optimized with the Yoast SEO plugin v27.4 - https:\/\/yoast.com\/product\/yoast-seo-wordpress\/ -->\n<title>WELLA Professionals Eimi Perfect Setting juuksekreem 150 ml | Twinkling<\/title>\n<meta name=\"description\" content=\"KIRJELDUS Wella Professionals Eimi Perfect Setting losjoon juuste kujundamiseks koos f\u00f6\u00f6niga. Tugevdab vol\u00fc\u00fcmilist juuste struktuuri t\u00e4iusliku s\u00e4raga.\" \/>\n<meta name=\"robots\" content=\"index, follow, max-snippet:-1, max-image-preview:large, max-video-preview:-1\" \/>\n<link rel=\"canonical\" href=\"https:\/\/twinkling.lv\/et\/shop\/wella-professionals-eimi-perfect-setting-losjons-matu-apjomam-150-ml\/\" \/>\n<meta property=\"og:locale\" content=\"et_EE\" \/>\n<meta property=\"og:type\" content=\"article\" \/>\n<meta property=\"og:title\" content=\"WELLA Professionals Eimi Perfect Setting juuksekreem 150 ml | Twinkling\" \/>\n<meta property=\"og:description\" content=\"KIRJELDUS Wella Professionals Eimi Perfect Setting losjoon juuste kujundamiseks koos f\u00f6\u00f6niga. Tugevdab vol\u00fc\u00fcmilist juuste struktuuri t\u00e4iusliku s\u00e4raga.\" \/>\n<meta property=\"og:url\" content=\"https:\/\/twinkling.lv\/et\/shop\/wella-professionals-eimi-perfect-setting-losjons-matu-apjomam-150-ml\/\" \/>\n<meta property=\"og:site_name\" content=\"Twinkling\" \/>\n<meta property=\"article:modified_time\" content=\"2025-02-01T21:05:46+00:00\" \/>\n<meta property=\"og:image\" content=\"https:\/\/twinkling.lv\/wp-content\/uploads\/2024\/03\/WELLA-Professionals-Eimi-Perfect-Setting-losjons-matu-apjomam-150-ml.webp\" \/>\n\t<meta property=\"og:image:width\" content=\"1000\" \/>\n\t<meta property=\"og:image:height\" content=\"1000\" \/>\n\t<meta property=\"og:image:type\" content=\"image\/webp\" \/>\n<meta name=\"twitter:card\" content=\"summary_large_image\" \/>\n<script type=\"application\/ld+json\" class=\"yoast-schema-graph\">{\"@context\":\"https:\\\/\\\/schema.org\",\"@graph\":[{\"@type\":\"WebPage\",\"@id\":\"https:\\\/\\\/twinkling.lv\\\/et\\\/shop\\\/wella-professionals-eimi-perfect-setting-losjons-matu-apjomam-150-ml\\\/\",\"url\":\"https:\\\/\\\/twinkling.lv\\\/et\\\/shop\\\/wella-professionals-eimi-perfect-setting-losjons-matu-apjomam-150-ml\\\/\",\"name\":\"WELLA Professionals Eimi Perfect Setting juuksekreem 150 ml | Twinkling\",\"isPartOf\":{\"@id\":\"https:\\\/\\\/twinkling.lv\\\/et\\\/#website\"},\"primaryImageOfPage\":{\"@id\":\"https:\\\/\\\/twinkling.lv\\\/et\\\/shop\\\/wella-professionals-eimi-perfect-setting-losjons-matu-apjomam-150-ml\\\/#primaryimage\"},\"image\":{\"@id\":\"https:\\\/\\\/twinkling.lv\\\/et\\\/shop\\\/wella-professionals-eimi-perfect-setting-losjons-matu-apjomam-150-ml\\\/#primaryimage\"},\"thumbnailUrl\":\"https:\\\/\\\/twinkling.lv\\\/wp-content\\\/uploads\\\/2024\\\/03\\\/WELLA-Professionals-Eimi-Perfect-Setting-losjons-matu-apjomam-150-ml.webp\",\"datePublished\":\"2024-03-22T15:06:04+00:00\",\"dateModified\":\"2025-02-01T21:05:46+00:00\",\"description\":\"KIRJELDUS Wella Professionals Eimi Perfect Setting losjoon juuste kujundamiseks koos f\u00f6\u00f6niga. Tugevdab vol\u00fc\u00fcmilist juuste struktuuri t\u00e4iusliku s\u00e4raga.\",\"breadcrumb\":{\"@id\":\"https:\\\/\\\/twinkling.lv\\\/et\\\/shop\\\/wella-professionals-eimi-perfect-setting-losjons-matu-apjomam-150-ml\\\/#breadcrumb\"},\"inLanguage\":\"et\",\"potentialAction\":[{\"@type\":\"ReadAction\",\"target\":[\"https:\\\/\\\/twinkling.lv\\\/et\\\/shop\\\/wella-professionals-eimi-perfect-setting-losjons-matu-apjomam-150-ml\\\/\"]}]},{\"@type\":\"ImageObject\",\"inLanguage\":\"et\",\"@id\":\"https:\\\/\\\/twinkling.lv\\\/et\\\/shop\\\/wella-professionals-eimi-perfect-setting-losjons-matu-apjomam-150-ml\\\/#primaryimage\",\"url\":\"https:\\\/\\\/twinkling.lv\\\/wp-content\\\/uploads\\\/2024\\\/03\\\/WELLA-Professionals-Eimi-Perfect-Setting-losjons-matu-apjomam-150-ml.webp\",\"contentUrl\":\"https:\\\/\\\/twinkling.lv\\\/wp-content\\\/uploads\\\/2024\\\/03\\\/WELLA-Professionals-Eimi-Perfect-Setting-losjons-matu-apjomam-150-ml.webp\",\"width\":1000,\"height\":1000},{\"@type\":\"BreadcrumbList\",\"@id\":\"https:\\\/\\\/twinkling.lv\\\/et\\\/shop\\\/wella-professionals-eimi-perfect-setting-losjons-matu-apjomam-150-ml\\\/#breadcrumb\",\"itemListElement\":[{\"@type\":\"ListItem\",\"position\":1,\"name\":\"\u0413\u043b\u0430\u0432\u043d\u0430\u044f \u0441\u0442\u0440\u0430\u043d\u0438\u0446\u0430\",\"item\":\"https:\\\/\\\/twinkling.lv\\\/et\\\/\"},{\"@type\":\"ListItem\",\"position\":2,\"name\":\"Pood\",\"item\":\"https:\\\/\\\/twinkling.lv\\\/pood\\\/\"},{\"@type\":\"ListItem\",\"position\":3,\"name\":\"WELLA Professionals Eimi Perfect Setting juuksekreem 150 ml\"}]},{\"@type\":\"WebSite\",\"@id\":\"https:\\\/\\\/twinkling.lv\\\/et\\\/#website\",\"url\":\"https:\\\/\\\/twinkling.lv\\\/et\\\/\",\"name\":\"Twinkling\",\"description\":\"\u041a\u0440\u0430\u0441\u043e\u0442\u0430 \u0438 \u0417\u0434\u043e\u0440\u043e\u0432\u044c\u0435\",\"publisher\":{\"@id\":\"https:\\\/\\\/twinkling.lv\\\/et\\\/#organization\"},\"potentialAction\":[{\"@type\":\"SearchAction\",\"target\":{\"@type\":\"EntryPoint\",\"urlTemplate\":\"https:\\\/\\\/twinkling.lv\\\/et\\\/?s={search_term_string}\"},\"query-input\":{\"@type\":\"PropertyValueSpecification\",\"valueRequired\":true,\"valueName\":\"search_term_string\"}}],\"inLanguage\":\"et\"},{\"@type\":\"Organization\",\"@id\":\"https:\\\/\\\/twinkling.lv\\\/et\\\/#organization\",\"name\":\"SIA TORANS\",\"url\":\"https:\\\/\\\/twinkling.lv\\\/et\\\/\",\"logo\":{\"@type\":\"ImageObject\",\"inLanguage\":\"et\",\"@id\":\"https:\\\/\\\/twinkling.lv\\\/et\\\/#\\\/schema\\\/logo\\\/image\\\/\",\"url\":\"https:\\\/\\\/twinkling.lv\\\/wp-content\\\/uploads\\\/2022\\\/02\\\/twinkling-main-logo.jpg\",\"contentUrl\":\"https:\\\/\\\/twinkling.lv\\\/wp-content\\\/uploads\\\/2022\\\/02\\\/twinkling-main-logo.jpg\",\"width\":250,\"height\":100,\"caption\":\"SIA TORANS\"},\"image\":{\"@id\":\"https:\\\/\\\/twinkling.lv\\\/et\\\/#\\\/schema\\\/logo\\\/image\\\/\"}}]}<\/script>\n<!-- \/ Yoast SEO plugin. -->","yoast_head_json":{"title":"WELLA Professionals Eimi Perfect Setting juuksekreem 150 ml | Twinkling","description":"KIRJELDUS Wella Professionals Eimi Perfect Setting losjoon juuste kujundamiseks koos f\u00f6\u00f6niga. Tugevdab vol\u00fc\u00fcmilist juuste struktuuri t\u00e4iusliku s\u00e4raga.","robots":{"index":"index","follow":"follow","max-snippet":"max-snippet:-1","max-image-preview":"max-image-preview:large","max-video-preview":"max-video-preview:-1"},"canonical":"https:\/\/twinkling.lv\/et\/shop\/wella-professionals-eimi-perfect-setting-losjons-matu-apjomam-150-ml\/","og_locale":"et_EE","og_type":"article","og_title":"WELLA Professionals Eimi Perfect Setting juuksekreem 150 ml | Twinkling","og_description":"KIRJELDUS Wella Professionals Eimi Perfect Setting losjoon juuste kujundamiseks koos f\u00f6\u00f6niga. Tugevdab vol\u00fc\u00fcmilist juuste struktuuri t\u00e4iusliku s\u00e4raga.","og_url":"https:\/\/twinkling.lv\/et\/shop\/wella-professionals-eimi-perfect-setting-losjons-matu-apjomam-150-ml\/","og_site_name":"Twinkling","article_modified_time":"2025-02-01T21:05:46+00:00","og_image":[{"width":1000,"height":1000,"url":"https:\/\/twinkling.lv\/wp-content\/uploads\/2024\/03\/WELLA-Professionals-Eimi-Perfect-Setting-losjons-matu-apjomam-150-ml.webp","type":"image\/webp"}],"twitter_card":"summary_large_image","schema":{"@context":"https:\/\/schema.org","@graph":[{"@type":"WebPage","@id":"https:\/\/twinkling.lv\/et\/shop\/wella-professionals-eimi-perfect-setting-losjons-matu-apjomam-150-ml\/","url":"https:\/\/twinkling.lv\/et\/shop\/wella-professionals-eimi-perfect-setting-losjons-matu-apjomam-150-ml\/","name":"WELLA Professionals Eimi Perfect Setting juuksekreem 150 ml | Twinkling","isPartOf":{"@id":"https:\/\/twinkling.lv\/et\/#website"},"primaryImageOfPage":{"@id":"https:\/\/twinkling.lv\/et\/shop\/wella-professionals-eimi-perfect-setting-losjons-matu-apjomam-150-ml\/#primaryimage"},"image":{"@id":"https:\/\/twinkling.lv\/et\/shop\/wella-professionals-eimi-perfect-setting-losjons-matu-apjomam-150-ml\/#primaryimage"},"thumbnailUrl":"https:\/\/twinkling.lv\/wp-content\/uploads\/2024\/03\/WELLA-Professionals-Eimi-Perfect-Setting-losjons-matu-apjomam-150-ml.webp","datePublished":"2024-03-22T15:06:04+00:00","dateModified":"2025-02-01T21:05:46+00:00","description":"KIRJELDUS Wella Professionals Eimi Perfect Setting losjoon juuste kujundamiseks koos f\u00f6\u00f6niga. Tugevdab vol\u00fc\u00fcmilist juuste struktuuri t\u00e4iusliku s\u00e4raga.","breadcrumb":{"@id":"https:\/\/twinkling.lv\/et\/shop\/wella-professionals-eimi-perfect-setting-losjons-matu-apjomam-150-ml\/#breadcrumb"},"inLanguage":"et","potentialAction":[{"@type":"ReadAction","target":["https:\/\/twinkling.lv\/et\/shop\/wella-professionals-eimi-perfect-setting-losjons-matu-apjomam-150-ml\/"]}]},{"@type":"ImageObject","inLanguage":"et","@id":"https:\/\/twinkling.lv\/et\/shop\/wella-professionals-eimi-perfect-setting-losjons-matu-apjomam-150-ml\/#primaryimage","url":"https:\/\/twinkling.lv\/wp-content\/uploads\/2024\/03\/WELLA-Professionals-Eimi-Perfect-Setting-losjons-matu-apjomam-150-ml.webp","contentUrl":"https:\/\/twinkling.lv\/wp-content\/uploads\/2024\/03\/WELLA-Professionals-Eimi-Perfect-Setting-losjons-matu-apjomam-150-ml.webp","width":1000,"height":1000},{"@type":"BreadcrumbList","@id":"https:\/\/twinkling.lv\/et\/shop\/wella-professionals-eimi-perfect-setting-losjons-matu-apjomam-150-ml\/#breadcrumb","itemListElement":[{"@type":"ListItem","position":1,"name":"\u0413\u043b\u0430\u0432\u043d\u0430\u044f \u0441\u0442\u0440\u0430\u043d\u0438\u0446\u0430","item":"https:\/\/twinkling.lv\/et\/"},{"@type":"ListItem","position":2,"name":"Pood","item":"https:\/\/twinkling.lv\/pood\/"},{"@type":"ListItem","position":3,"name":"WELLA Professionals Eimi Perfect Setting juuksekreem 150 ml"}]},{"@type":"WebSite","@id":"https:\/\/twinkling.lv\/et\/#website","url":"https:\/\/twinkling.lv\/et\/","name":"Twinkling","description":"\u041a\u0440\u0430\u0441\u043e\u0442\u0430 \u0438 \u0417\u0434\u043e\u0440\u043e\u0432\u044c\u0435","publisher":{"@id":"https:\/\/twinkling.lv\/et\/#organization"},"potentialAction":[{"@type":"SearchAction","target":{"@type":"EntryPoint","urlTemplate":"https:\/\/twinkling.lv\/et\/?s={search_term_string}"},"query-input":{"@type":"PropertyValueSpecification","valueRequired":true,"valueName":"search_term_string"}}],"inLanguage":"et"},{"@type":"Organization","@id":"https:\/\/twinkling.lv\/et\/#organization","name":"SIA TORANS","url":"https:\/\/twinkling.lv\/et\/","logo":{"@type":"ImageObject","inLanguage":"et","@id":"https:\/\/twinkling.lv\/et\/#\/schema\/logo\/image\/","url":"https:\/\/twinkling.lv\/wp-content\/uploads\/2022\/02\/twinkling-main-logo.jpg","contentUrl":"https:\/\/twinkling.lv\/wp-content\/uploads\/2022\/02\/twinkling-main-logo.jpg","width":250,"height":100,"caption":"SIA TORANS"},"image":{"@id":"https:\/\/twinkling.lv\/et\/#\/schema\/logo\/image\/"}}]}},"_links":{"self":[{"href":"https:\/\/twinkling.lv\/et\/wp-json\/wp\/v2\/product\/34657","targetHints":{"allow":["GET"]}}],"collection":[{"href":"https:\/\/twinkling.lv\/et\/wp-json\/wp\/v2\/product"}],"about":[{"href":"https:\/\/twinkling.lv\/et\/wp-json\/wp\/v2\/types\/product"}],"replies":[{"embeddable":true,"href":"https:\/\/twinkling.lv\/et\/wp-json\/wp\/v2\/comments?post=34657"}],"wp:featuredmedia":[{"embeddable":true,"href":"https:\/\/twinkling.lv\/et\/wp-json\/wp\/v2\/media\/34658"}],"wp:attachment":[{"href":"https:\/\/twinkling.lv\/et\/wp-json\/wp\/v2\/media?parent=34657"}],"wp:term":[{"taxonomy":"product_brand","embeddable":true,"href":"https:\/\/twinkling.lv\/et\/wp-json\/wp\/v2\/product_brand?post=34657"},{"taxonomy":"product_cat","embeddable":true,"href":"https:\/\/twinkling.lv\/et\/wp-json\/wp\/v2\/product_cat?post=34657"},{"taxonomy":"product_tag","embeddable":true,"href":"https:\/\/twinkling.lv\/et\/wp-json\/wp\/v2\/product_tag?post=34657"}],"curies":[{"name":"wp","href":"https:\/\/api.w.org\/{rel}","templated":true}]}}