{"id":34371,"date":"2024-03-22T18:06:57","date_gmt":"2024-03-22T15:06:57","guid":{"rendered":"https:\/\/twinkling.lv\/shop\/bjorn-axen-cool-silver-sampuns-250-ml\/"},"modified":"2025-02-02T00:07:39","modified_gmt":"2025-02-01T21:07:39","slug":"bjorn-axen-cool-silver-sampuns-250-ml","status":"publish","type":"product","link":"https:\/\/twinkling.lv\/et\/shop\/bjorn-axen-cool-silver-sampuns-250-ml\/","title":{"rendered":"BJORN AXEN Cool Silver \u0161ampoon 250 ml"},"content":{"rendered":"<p><strong>KIRJELDUS<\/strong><\/p>\n<p>Bj\u00f6rn Ax\u00e9n Cool Silver Shampoo on lilla pigmendiga \u0161ampoon, mis loob s\u00e4ra ja v\u00e4hendab edukalt soovimatuid pruune toone blondides ja hallides juustes. Rikastatud nisuproteiini ja E-vitamiiniga, mis niisutab, kaitseb ja toidab juukseid.<\/p>\n<p><strong>RAKENDUSVIIS<\/strong><\/p>\n<p>Kandke niisketele juustele ja peanahale. Masseerige toode rikkalikuks vahuks. Loputage hoolikalt. Parimate tulemuste saavutamiseks pese juukseid kaks korda \u0161ampooniga ja kasuta p\u00e4rast seda alati palsamit.<\/p>\n<p><strong>TOOTE KOOSTIS<\/strong><\/p>\n<p>Aqua, Sodium Laureth Sulfate, Cocamidopropyl Betaine, Parfum, Sodium Cocoamphoacetate, Phenoxyethanol, Glycol Stearate, Glycerin, Caprylyl Glycol, Sodium Chloride, Lactic Acid, Acid Violet 43, CI 60730, Cocamide DEA, Cocamide MEA, Propylene Glycol, Cocodimonium Hydroxypropyl Hydrolyzed Wheat Protein, Tocopheryl Acetate, Benzoic Acid, Dehydroacetic Acid, Sodium Benzoate.<\/p>\n","protected":false},"excerpt":{"rendered":"<p>KIRJELDUS Bj\u00f6rn Ax\u00e9n Cool Silver Shampoo on lilla pigmendiga \u0161ampoon, mis loob s\u00e4ra ja v\u00e4hendab edukalt soovimatuid pruune toone blondides ja hallides juustes. Rikastatud nisuproteiini ja E-vitamiiniga, mis niisutab, kaitseb ja toidab juukseid. RAKENDUSVIIS Kandke niisketele juustele ja peanahale. Masseerige toode rikkalikuks vahuks. Loputage hoolikalt. Parimate tulemuste saavutamiseks pese juukseid kaks korda \u0161ampooniga ja kasuta [&#8230;]\n","protected":false},"featured_media":34372,"comment_status":"open","ping_status":"closed","template":"","meta":[],"product_brand":[],"product_cat":[3152,3089,3135,3094],"product_tag":[],"class_list":{"0":"post-34371","1":"product","2":"type-product","3":"status-publish","4":"has-post-thumbnail","6":"product_cat-bjorn-axen-et","7":"product_cat-matiem-et","8":"product_cat-zimoli-et","9":"product_cat-sampuni-et","11":"first","12":"instock","13":"taxable","14":"shipping-taxable","15":"purchasable","16":"product-type-simple"},"yoast_head":"<!-- This site is optimized with the Yoast SEO plugin v27.4 - https:\/\/yoast.com\/product\/yoast-seo-wordpress\/ -->\n<title>BJORN AXEN Cool Silver \u0161ampoon 250 ml | Twinkling<\/title>\n<meta name=\"description\" content=\"KIRJELDUS Bj\u00f6rn Ax\u00e9n Cool Silver Shampoo on lilla pigmendiga \u0161ampoon, mis loob s\u00e4ra ja v\u00e4hendab edukalt soovimatuid pruune toone blondides ja hallides\" \/>\n<meta name=\"robots\" content=\"index, follow, max-snippet:-1, max-image-preview:large, max-video-preview:-1\" \/>\n<link rel=\"canonical\" href=\"https:\/\/twinkling.lv\/et\/shop\/bjorn-axen-cool-silver-sampuns-250-ml\/\" \/>\n<meta property=\"og:locale\" content=\"et_EE\" \/>\n<meta property=\"og:type\" content=\"article\" \/>\n<meta property=\"og:title\" content=\"BJORN AXEN Cool Silver \u0161ampoon 250 ml | Twinkling\" \/>\n<meta property=\"og:description\" content=\"KIRJELDUS Bj\u00f6rn Ax\u00e9n Cool Silver Shampoo on lilla pigmendiga \u0161ampoon, mis loob s\u00e4ra ja v\u00e4hendab edukalt soovimatuid pruune toone blondides ja hallides\" \/>\n<meta property=\"og:url\" content=\"https:\/\/twinkling.lv\/et\/shop\/bjorn-axen-cool-silver-sampuns-250-ml\/\" \/>\n<meta property=\"og:site_name\" content=\"Twinkling\" \/>\n<meta property=\"article:modified_time\" content=\"2025-02-01T21:07:39+00:00\" \/>\n<meta property=\"og:image\" content=\"https:\/\/twinkling.lv\/wp-content\/uploads\/2024\/03\/BJORN-AXEN-Cool-Silver-sampuns-250-ml.jpg\" \/>\n\t<meta property=\"og:image:width\" content=\"800\" \/>\n\t<meta property=\"og:image:height\" content=\"800\" \/>\n\t<meta property=\"og:image:type\" content=\"image\/jpeg\" \/>\n<meta name=\"twitter:card\" content=\"summary_large_image\" \/>\n<meta name=\"twitter:label1\" content=\"Est. reading time\" \/>\n\t<meta name=\"twitter:data1\" content=\"1 minut\" \/>\n<script type=\"application\/ld+json\" class=\"yoast-schema-graph\">{\"@context\":\"https:\\\/\\\/schema.org\",\"@graph\":[{\"@type\":\"WebPage\",\"@id\":\"https:\\\/\\\/twinkling.lv\\\/et\\\/shop\\\/bjorn-axen-cool-silver-sampuns-250-ml\\\/\",\"url\":\"https:\\\/\\\/twinkling.lv\\\/et\\\/shop\\\/bjorn-axen-cool-silver-sampuns-250-ml\\\/\",\"name\":\"BJORN AXEN Cool Silver \u0161ampoon 250 ml | Twinkling\",\"isPartOf\":{\"@id\":\"https:\\\/\\\/twinkling.lv\\\/et\\\/#website\"},\"primaryImageOfPage\":{\"@id\":\"https:\\\/\\\/twinkling.lv\\\/et\\\/shop\\\/bjorn-axen-cool-silver-sampuns-250-ml\\\/#primaryimage\"},\"image\":{\"@id\":\"https:\\\/\\\/twinkling.lv\\\/et\\\/shop\\\/bjorn-axen-cool-silver-sampuns-250-ml\\\/#primaryimage\"},\"thumbnailUrl\":\"https:\\\/\\\/twinkling.lv\\\/wp-content\\\/uploads\\\/2024\\\/03\\\/BJORN-AXEN-Cool-Silver-sampuns-250-ml.jpg\",\"datePublished\":\"2024-03-22T15:06:57+00:00\",\"dateModified\":\"2025-02-01T21:07:39+00:00\",\"description\":\"KIRJELDUS Bj\u00f6rn Ax\u00e9n Cool Silver Shampoo on lilla pigmendiga \u0161ampoon, mis loob s\u00e4ra ja v\u00e4hendab edukalt soovimatuid pruune toone blondides ja hallides\",\"breadcrumb\":{\"@id\":\"https:\\\/\\\/twinkling.lv\\\/et\\\/shop\\\/bjorn-axen-cool-silver-sampuns-250-ml\\\/#breadcrumb\"},\"inLanguage\":\"et\",\"potentialAction\":[{\"@type\":\"ReadAction\",\"target\":[\"https:\\\/\\\/twinkling.lv\\\/et\\\/shop\\\/bjorn-axen-cool-silver-sampuns-250-ml\\\/\"]}]},{\"@type\":\"ImageObject\",\"inLanguage\":\"et\",\"@id\":\"https:\\\/\\\/twinkling.lv\\\/et\\\/shop\\\/bjorn-axen-cool-silver-sampuns-250-ml\\\/#primaryimage\",\"url\":\"https:\\\/\\\/twinkling.lv\\\/wp-content\\\/uploads\\\/2024\\\/03\\\/BJORN-AXEN-Cool-Silver-sampuns-250-ml.jpg\",\"contentUrl\":\"https:\\\/\\\/twinkling.lv\\\/wp-content\\\/uploads\\\/2024\\\/03\\\/BJORN-AXEN-Cool-Silver-sampuns-250-ml.jpg\",\"width\":800,\"height\":800},{\"@type\":\"BreadcrumbList\",\"@id\":\"https:\\\/\\\/twinkling.lv\\\/et\\\/shop\\\/bjorn-axen-cool-silver-sampuns-250-ml\\\/#breadcrumb\",\"itemListElement\":[{\"@type\":\"ListItem\",\"position\":1,\"name\":\"\u0413\u043b\u0430\u0432\u043d\u0430\u044f \u0441\u0442\u0440\u0430\u043d\u0438\u0446\u0430\",\"item\":\"https:\\\/\\\/twinkling.lv\\\/et\\\/\"},{\"@type\":\"ListItem\",\"position\":2,\"name\":\"Pood\",\"item\":\"https:\\\/\\\/twinkling.lv\\\/pood\\\/\"},{\"@type\":\"ListItem\",\"position\":3,\"name\":\"BJORN AXEN Cool Silver \u0161ampoon 250 ml\"}]},{\"@type\":\"WebSite\",\"@id\":\"https:\\\/\\\/twinkling.lv\\\/et\\\/#website\",\"url\":\"https:\\\/\\\/twinkling.lv\\\/et\\\/\",\"name\":\"Twinkling\",\"description\":\"\u041a\u0440\u0430\u0441\u043e\u0442\u0430 \u0438 \u0417\u0434\u043e\u0440\u043e\u0432\u044c\u0435\",\"publisher\":{\"@id\":\"https:\\\/\\\/twinkling.lv\\\/et\\\/#organization\"},\"potentialAction\":[{\"@type\":\"SearchAction\",\"target\":{\"@type\":\"EntryPoint\",\"urlTemplate\":\"https:\\\/\\\/twinkling.lv\\\/et\\\/?s={search_term_string}\"},\"query-input\":{\"@type\":\"PropertyValueSpecification\",\"valueRequired\":true,\"valueName\":\"search_term_string\"}}],\"inLanguage\":\"et\"},{\"@type\":\"Organization\",\"@id\":\"https:\\\/\\\/twinkling.lv\\\/et\\\/#organization\",\"name\":\"SIA TORANS\",\"url\":\"https:\\\/\\\/twinkling.lv\\\/et\\\/\",\"logo\":{\"@type\":\"ImageObject\",\"inLanguage\":\"et\",\"@id\":\"https:\\\/\\\/twinkling.lv\\\/et\\\/#\\\/schema\\\/logo\\\/image\\\/\",\"url\":\"https:\\\/\\\/twinkling.lv\\\/wp-content\\\/uploads\\\/2022\\\/02\\\/twinkling-main-logo.jpg\",\"contentUrl\":\"https:\\\/\\\/twinkling.lv\\\/wp-content\\\/uploads\\\/2022\\\/02\\\/twinkling-main-logo.jpg\",\"width\":250,\"height\":100,\"caption\":\"SIA TORANS\"},\"image\":{\"@id\":\"https:\\\/\\\/twinkling.lv\\\/et\\\/#\\\/schema\\\/logo\\\/image\\\/\"}}]}<\/script>\n<!-- \/ Yoast SEO plugin. -->","yoast_head_json":{"title":"BJORN AXEN Cool Silver \u0161ampoon 250 ml | Twinkling","description":"KIRJELDUS Bj\u00f6rn Ax\u00e9n Cool Silver Shampoo on lilla pigmendiga \u0161ampoon, mis loob s\u00e4ra ja v\u00e4hendab edukalt soovimatuid pruune toone blondides ja hallides","robots":{"index":"index","follow":"follow","max-snippet":"max-snippet:-1","max-image-preview":"max-image-preview:large","max-video-preview":"max-video-preview:-1"},"canonical":"https:\/\/twinkling.lv\/et\/shop\/bjorn-axen-cool-silver-sampuns-250-ml\/","og_locale":"et_EE","og_type":"article","og_title":"BJORN AXEN Cool Silver \u0161ampoon 250 ml | Twinkling","og_description":"KIRJELDUS Bj\u00f6rn Ax\u00e9n Cool Silver Shampoo on lilla pigmendiga \u0161ampoon, mis loob s\u00e4ra ja v\u00e4hendab edukalt soovimatuid pruune toone blondides ja hallides","og_url":"https:\/\/twinkling.lv\/et\/shop\/bjorn-axen-cool-silver-sampuns-250-ml\/","og_site_name":"Twinkling","article_modified_time":"2025-02-01T21:07:39+00:00","og_image":[{"width":800,"height":800,"url":"https:\/\/twinkling.lv\/wp-content\/uploads\/2024\/03\/BJORN-AXEN-Cool-Silver-sampuns-250-ml.jpg","type":"image\/jpeg"}],"twitter_card":"summary_large_image","twitter_misc":{"Est. reading time":"1 minut"},"schema":{"@context":"https:\/\/schema.org","@graph":[{"@type":"WebPage","@id":"https:\/\/twinkling.lv\/et\/shop\/bjorn-axen-cool-silver-sampuns-250-ml\/","url":"https:\/\/twinkling.lv\/et\/shop\/bjorn-axen-cool-silver-sampuns-250-ml\/","name":"BJORN AXEN Cool Silver \u0161ampoon 250 ml | Twinkling","isPartOf":{"@id":"https:\/\/twinkling.lv\/et\/#website"},"primaryImageOfPage":{"@id":"https:\/\/twinkling.lv\/et\/shop\/bjorn-axen-cool-silver-sampuns-250-ml\/#primaryimage"},"image":{"@id":"https:\/\/twinkling.lv\/et\/shop\/bjorn-axen-cool-silver-sampuns-250-ml\/#primaryimage"},"thumbnailUrl":"https:\/\/twinkling.lv\/wp-content\/uploads\/2024\/03\/BJORN-AXEN-Cool-Silver-sampuns-250-ml.jpg","datePublished":"2024-03-22T15:06:57+00:00","dateModified":"2025-02-01T21:07:39+00:00","description":"KIRJELDUS Bj\u00f6rn Ax\u00e9n Cool Silver Shampoo on lilla pigmendiga \u0161ampoon, mis loob s\u00e4ra ja v\u00e4hendab edukalt soovimatuid pruune toone blondides ja hallides","breadcrumb":{"@id":"https:\/\/twinkling.lv\/et\/shop\/bjorn-axen-cool-silver-sampuns-250-ml\/#breadcrumb"},"inLanguage":"et","potentialAction":[{"@type":"ReadAction","target":["https:\/\/twinkling.lv\/et\/shop\/bjorn-axen-cool-silver-sampuns-250-ml\/"]}]},{"@type":"ImageObject","inLanguage":"et","@id":"https:\/\/twinkling.lv\/et\/shop\/bjorn-axen-cool-silver-sampuns-250-ml\/#primaryimage","url":"https:\/\/twinkling.lv\/wp-content\/uploads\/2024\/03\/BJORN-AXEN-Cool-Silver-sampuns-250-ml.jpg","contentUrl":"https:\/\/twinkling.lv\/wp-content\/uploads\/2024\/03\/BJORN-AXEN-Cool-Silver-sampuns-250-ml.jpg","width":800,"height":800},{"@type":"BreadcrumbList","@id":"https:\/\/twinkling.lv\/et\/shop\/bjorn-axen-cool-silver-sampuns-250-ml\/#breadcrumb","itemListElement":[{"@type":"ListItem","position":1,"name":"\u0413\u043b\u0430\u0432\u043d\u0430\u044f \u0441\u0442\u0440\u0430\u043d\u0438\u0446\u0430","item":"https:\/\/twinkling.lv\/et\/"},{"@type":"ListItem","position":2,"name":"Pood","item":"https:\/\/twinkling.lv\/pood\/"},{"@type":"ListItem","position":3,"name":"BJORN AXEN Cool Silver \u0161ampoon 250 ml"}]},{"@type":"WebSite","@id":"https:\/\/twinkling.lv\/et\/#website","url":"https:\/\/twinkling.lv\/et\/","name":"Twinkling","description":"\u041a\u0440\u0430\u0441\u043e\u0442\u0430 \u0438 \u0417\u0434\u043e\u0440\u043e\u0432\u044c\u0435","publisher":{"@id":"https:\/\/twinkling.lv\/et\/#organization"},"potentialAction":[{"@type":"SearchAction","target":{"@type":"EntryPoint","urlTemplate":"https:\/\/twinkling.lv\/et\/?s={search_term_string}"},"query-input":{"@type":"PropertyValueSpecification","valueRequired":true,"valueName":"search_term_string"}}],"inLanguage":"et"},{"@type":"Organization","@id":"https:\/\/twinkling.lv\/et\/#organization","name":"SIA TORANS","url":"https:\/\/twinkling.lv\/et\/","logo":{"@type":"ImageObject","inLanguage":"et","@id":"https:\/\/twinkling.lv\/et\/#\/schema\/logo\/image\/","url":"https:\/\/twinkling.lv\/wp-content\/uploads\/2022\/02\/twinkling-main-logo.jpg","contentUrl":"https:\/\/twinkling.lv\/wp-content\/uploads\/2022\/02\/twinkling-main-logo.jpg","width":250,"height":100,"caption":"SIA TORANS"},"image":{"@id":"https:\/\/twinkling.lv\/et\/#\/schema\/logo\/image\/"}}]}},"_links":{"self":[{"href":"https:\/\/twinkling.lv\/et\/wp-json\/wp\/v2\/product\/34371","targetHints":{"allow":["GET"]}}],"collection":[{"href":"https:\/\/twinkling.lv\/et\/wp-json\/wp\/v2\/product"}],"about":[{"href":"https:\/\/twinkling.lv\/et\/wp-json\/wp\/v2\/types\/product"}],"replies":[{"embeddable":true,"href":"https:\/\/twinkling.lv\/et\/wp-json\/wp\/v2\/comments?post=34371"}],"wp:featuredmedia":[{"embeddable":true,"href":"https:\/\/twinkling.lv\/et\/wp-json\/wp\/v2\/media\/34372"}],"wp:attachment":[{"href":"https:\/\/twinkling.lv\/et\/wp-json\/wp\/v2\/media?parent=34371"}],"wp:term":[{"taxonomy":"product_brand","embeddable":true,"href":"https:\/\/twinkling.lv\/et\/wp-json\/wp\/v2\/product_brand?post=34371"},{"taxonomy":"product_cat","embeddable":true,"href":"https:\/\/twinkling.lv\/et\/wp-json\/wp\/v2\/product_cat?post=34371"},{"taxonomy":"product_tag","embeddable":true,"href":"https:\/\/twinkling.lv\/et\/wp-json\/wp\/v2\/product_tag?post=34371"}],"curies":[{"name":"wp","href":"https:\/\/api.w.org\/{rel}","templated":true}]}}