{"id":33549,"date":"2024-04-01T02:04:03","date_gmt":"2024-03-31T23:04:03","guid":{"rendered":"https:\/\/twinkling.lv\/shop\/solero-spf30-mitrinoss-kermena-losjons-200-ml\/"},"modified":"2025-02-02T00:13:04","modified_gmt":"2025-02-01T21:13:04","slug":"solero-spf30-mitrinoss-kermena-losjons-200-ml","status":"publish","type":"product","link":"https:\/\/twinkling.lv\/et\/shop\/solero-spf30-mitrinoss-kermena-losjons-200-ml\/","title":{"rendered":"SOLERO SPF30 niisutav kehakreem 200 ml"},"content":{"rendered":"<p><strong>KIRJELDUS<\/strong><\/p>\n<p>Solero SPF30 Moisturizing Sun Lotion niisutav p\u00e4ikesekreem SPF 30 (k\u00f5rge kaitse) E-vitamiiniga. Kookose maitse.<\/p>\n<p>Dermatoloogiliselt testitud ja heaks kiidetud<br \/>\nVeekindel<br \/>\nK\u00f5rge kaitse<br \/>\n24 h niisutus, et nahk oleks niisutatud, pehme ja elastne<br \/>\nEi mingit rasvase naha tunnet<br \/>\nVegan<\/p>\n<p>Eelised<br \/>\nLoodusest inspireeritud p\u00e4ikesekreem, mis niisutab nahka, kaitstes seda kahjulike kiirte eest. Rahustab kuiva nahka, muutes selle pehmeks, elastseks ja niisutatuks. Selle valem on dermatoloogiliselt testitud ja veekindel, soovitatav k\u00f5igile.<\/p>\n<p><strong>RAKENDUSVIIS<\/strong><\/p>\n<p>Enne kasutamist loksutage korralikult. Kandke rohkelt enne p\u00e4ikese k\u00e4tte minekut. V\u00e4iksema koguse kasutamine v\u00e4hendab oluliselt kaitsetaset. Kandke kaitse s\u00e4ilitamiseks aeg-ajalt uuesti peale, eriti p\u00e4rast higistamist, ujumist v\u00f5i k\u00e4ter\u00e4tikute eemaldamist. Hoiatused: v\u00e4ltige intensiivset keskp\u00e4evast p\u00e4ikest. Hoidke imikuid ja v\u00e4ikelapsi otsese p\u00e4ikesevalguse eest ning veenduge, et nad kannaksid kaitseriietust ja kasutaksid k\u00f5rge SPF-iga (>SPF 25) p\u00e4ikesekaitsekreemi. Isegi k\u00f5rge SPF-iga p\u00e4ikesekreemid ei paku 100% kaitset UV-kiirguse eest. \u00c4rge viibige liiga kaua p\u00e4ikese k\u00e4es, isegi p\u00e4ikesekaitsekreemiga. P\u00e4ikesep\u00f5letus kahjustab nahka j\u00e4\u00e4davalt, seega on parem seda v\u00e4ltida. Liigne p\u00e4ikese k\u00e4es viibimine kujutab endast t\u00f5sist terviseriski. V\u00e4ltida silma sattumist. Veenduge, et p\u00e4ikesekaitsekreem oleks t\u00e4ielikult imendunud. V\u00e4ltida kokkupuudet riiete, kangaste ja pindadega. V\u00e4rvimine on v\u00f5imalik ka p\u00e4rast seda, kui p\u00e4ikesekaitsekreem on t\u00e4ielikult imendunud. * P\u00e4rast 40 minutit vees viibimist kaitseb p\u00e4ikesekaitsekreem teie nahka j\u00e4tkuvalt v\u00e4hemalt 50% m\u00e4rgitud SPF-iga.<\/p>\n<p><strong>TOOTE KOOSTIS<\/strong><\/p>\n<p>Aqua, Glycerin, Ethylhexyl Salicylate, Titanium Dioxide (nano), C12-15 Alkyl Benzoate, Diethylamino Hydroxybenzoyl Hexyl Benzoate, Dibutyl Adipate, Coco-Caprylate, Tapioca Starch, Phenylbenzimidazole Sulfonic Acid, Tocopheryl Acetate, Triacontanyl PVP, Caprylyl Glycol, Silica, Panthenol, Diethylhexyl Butamido Triazone, VP\/Hexadecene Copolymer, Cocos Nucifera Fruit Juice, Parfum, Sodium Hydroxide, Acrylates\/C10-30 Alkyl Acrylate Crosspolymer, Decylene Glycol, Xanthan Gum, Dimethicone, Caprylhydroxamic Acid, Disodium EDTA, Citric Acid, Linalool, Sodium Benzoate, Tocopherol, Potassium Sorbate, Helianthus Annuus Seed Oil.<\/p>\n","protected":false},"excerpt":{"rendered":"<p>KIRJELDUS Solero SPF30 Moisturizing Sun Lotion niisutav p\u00e4ikesekreem SPF 30 (k\u00f5rge kaitse) E-vitamiiniga. Kookose maitse. Dermatoloogiliselt testitud ja heaks kiidetud Veekindel K\u00f5rge kaitse 24 h niisutus, et nahk oleks niisutatud, pehme ja elastne Ei mingit rasvase naha tunnet Vegan Eelised Loodusest inspireeritud p\u00e4ikesekreem, mis niisutab nahka, kaitstes seda kahjulike kiirte eest. Rahustab kuiva nahka, muutes [&#8230;]\n","protected":false},"featured_media":33550,"comment_status":"open","ping_status":"closed","template":"","meta":[],"product_brand":[],"product_cat":[3135,3067,3072,3281],"product_tag":[],"class_list":{"0":"post-33549","1":"product","2":"type-product","3":"status-publish","4":"has-post-thumbnail","6":"product_cat-zimoli-et","7":"product_cat-aizsardziba-no-saules-et","8":"product_cat-saules-aizsarglidzekli-et","9":"product_cat-solero-et","11":"first","12":"instock","13":"taxable","14":"shipping-taxable","15":"purchasable","16":"product-type-simple"},"yoast_head":"<!-- This site is optimized with the Yoast SEO plugin v27.4 - https:\/\/yoast.com\/product\/yoast-seo-wordpress\/ -->\n<title>SOLERO SPF30 niisutav kehakreem 200 ml | Twinkling<\/title>\n<meta name=\"description\" content=\"KIRJELDUS Solero SPF30 Moisturizing Sun Lotion niisutav p\u00e4ikesekreem SPF 30 (k\u00f5rge kaitse) E-vitamiiniga. Kookose maitse. Dermatoloogiliselt testitud ja\" \/>\n<meta name=\"robots\" content=\"index, follow, max-snippet:-1, max-image-preview:large, max-video-preview:-1\" \/>\n<link rel=\"canonical\" href=\"https:\/\/twinkling.lv\/et\/shop\/solero-spf30-mitrinoss-kermena-losjons-200-ml\/\" \/>\n<meta property=\"og:locale\" content=\"et_EE\" \/>\n<meta property=\"og:type\" content=\"article\" \/>\n<meta property=\"og:title\" content=\"SOLERO SPF30 niisutav kehakreem 200 ml | Twinkling\" \/>\n<meta property=\"og:description\" content=\"KIRJELDUS Solero SPF30 Moisturizing Sun Lotion niisutav p\u00e4ikesekreem SPF 30 (k\u00f5rge kaitse) E-vitamiiniga. Kookose maitse. Dermatoloogiliselt testitud ja\" \/>\n<meta property=\"og:url\" content=\"https:\/\/twinkling.lv\/et\/shop\/solero-spf30-mitrinoss-kermena-losjons-200-ml\/\" \/>\n<meta property=\"og:site_name\" content=\"Twinkling\" \/>\n<meta property=\"article:modified_time\" content=\"2025-02-01T21:13:04+00:00\" \/>\n<meta property=\"og:image\" content=\"https:\/\/twinkling.lv\/wp-content\/uploads\/2024\/03\/SOLERO-SPF30-mitrinoss-kermena-losjons-200-ml.jpg\" \/>\n\t<meta property=\"og:image:width\" content=\"800\" \/>\n\t<meta property=\"og:image:height\" content=\"800\" \/>\n\t<meta property=\"og:image:type\" content=\"image\/jpeg\" \/>\n<meta name=\"twitter:card\" content=\"summary_large_image\" \/>\n<meta name=\"twitter:label1\" content=\"Est. reading time\" \/>\n\t<meta name=\"twitter:data1\" content=\"2 minutit\" \/>\n<script type=\"application\/ld+json\" class=\"yoast-schema-graph\">{\"@context\":\"https:\\\/\\\/schema.org\",\"@graph\":[{\"@type\":\"WebPage\",\"@id\":\"https:\\\/\\\/twinkling.lv\\\/et\\\/shop\\\/solero-spf30-mitrinoss-kermena-losjons-200-ml\\\/\",\"url\":\"https:\\\/\\\/twinkling.lv\\\/et\\\/shop\\\/solero-spf30-mitrinoss-kermena-losjons-200-ml\\\/\",\"name\":\"SOLERO SPF30 niisutav kehakreem 200 ml | Twinkling\",\"isPartOf\":{\"@id\":\"https:\\\/\\\/twinkling.lv\\\/et\\\/#website\"},\"primaryImageOfPage\":{\"@id\":\"https:\\\/\\\/twinkling.lv\\\/et\\\/shop\\\/solero-spf30-mitrinoss-kermena-losjons-200-ml\\\/#primaryimage\"},\"image\":{\"@id\":\"https:\\\/\\\/twinkling.lv\\\/et\\\/shop\\\/solero-spf30-mitrinoss-kermena-losjons-200-ml\\\/#primaryimage\"},\"thumbnailUrl\":\"https:\\\/\\\/twinkling.lv\\\/wp-content\\\/uploads\\\/2024\\\/03\\\/SOLERO-SPF30-mitrinoss-kermena-losjons-200-ml.jpg\",\"datePublished\":\"2024-03-31T23:04:03+00:00\",\"dateModified\":\"2025-02-01T21:13:04+00:00\",\"description\":\"KIRJELDUS Solero SPF30 Moisturizing Sun Lotion niisutav p\u00e4ikesekreem SPF 30 (k\u00f5rge kaitse) E-vitamiiniga. Kookose maitse. Dermatoloogiliselt testitud ja\",\"breadcrumb\":{\"@id\":\"https:\\\/\\\/twinkling.lv\\\/et\\\/shop\\\/solero-spf30-mitrinoss-kermena-losjons-200-ml\\\/#breadcrumb\"},\"inLanguage\":\"et\",\"potentialAction\":[{\"@type\":\"ReadAction\",\"target\":[\"https:\\\/\\\/twinkling.lv\\\/et\\\/shop\\\/solero-spf30-mitrinoss-kermena-losjons-200-ml\\\/\"]}]},{\"@type\":\"ImageObject\",\"inLanguage\":\"et\",\"@id\":\"https:\\\/\\\/twinkling.lv\\\/et\\\/shop\\\/solero-spf30-mitrinoss-kermena-losjons-200-ml\\\/#primaryimage\",\"url\":\"https:\\\/\\\/twinkling.lv\\\/wp-content\\\/uploads\\\/2024\\\/03\\\/SOLERO-SPF30-mitrinoss-kermena-losjons-200-ml.jpg\",\"contentUrl\":\"https:\\\/\\\/twinkling.lv\\\/wp-content\\\/uploads\\\/2024\\\/03\\\/SOLERO-SPF30-mitrinoss-kermena-losjons-200-ml.jpg\",\"width\":800,\"height\":800},{\"@type\":\"BreadcrumbList\",\"@id\":\"https:\\\/\\\/twinkling.lv\\\/et\\\/shop\\\/solero-spf30-mitrinoss-kermena-losjons-200-ml\\\/#breadcrumb\",\"itemListElement\":[{\"@type\":\"ListItem\",\"position\":1,\"name\":\"\u0413\u043b\u0430\u0432\u043d\u0430\u044f \u0441\u0442\u0440\u0430\u043d\u0438\u0446\u0430\",\"item\":\"https:\\\/\\\/twinkling.lv\\\/et\\\/\"},{\"@type\":\"ListItem\",\"position\":2,\"name\":\"Pood\",\"item\":\"https:\\\/\\\/twinkling.lv\\\/pood\\\/\"},{\"@type\":\"ListItem\",\"position\":3,\"name\":\"SOLERO SPF30 niisutav kehakreem 200 ml\"}]},{\"@type\":\"WebSite\",\"@id\":\"https:\\\/\\\/twinkling.lv\\\/et\\\/#website\",\"url\":\"https:\\\/\\\/twinkling.lv\\\/et\\\/\",\"name\":\"Twinkling\",\"description\":\"\u041a\u0440\u0430\u0441\u043e\u0442\u0430 \u0438 \u0417\u0434\u043e\u0440\u043e\u0432\u044c\u0435\",\"publisher\":{\"@id\":\"https:\\\/\\\/twinkling.lv\\\/et\\\/#organization\"},\"potentialAction\":[{\"@type\":\"SearchAction\",\"target\":{\"@type\":\"EntryPoint\",\"urlTemplate\":\"https:\\\/\\\/twinkling.lv\\\/et\\\/?s={search_term_string}\"},\"query-input\":{\"@type\":\"PropertyValueSpecification\",\"valueRequired\":true,\"valueName\":\"search_term_string\"}}],\"inLanguage\":\"et\"},{\"@type\":\"Organization\",\"@id\":\"https:\\\/\\\/twinkling.lv\\\/et\\\/#organization\",\"name\":\"SIA TORANS\",\"url\":\"https:\\\/\\\/twinkling.lv\\\/et\\\/\",\"logo\":{\"@type\":\"ImageObject\",\"inLanguage\":\"et\",\"@id\":\"https:\\\/\\\/twinkling.lv\\\/et\\\/#\\\/schema\\\/logo\\\/image\\\/\",\"url\":\"https:\\\/\\\/twinkling.lv\\\/wp-content\\\/uploads\\\/2022\\\/02\\\/twinkling-main-logo.jpg\",\"contentUrl\":\"https:\\\/\\\/twinkling.lv\\\/wp-content\\\/uploads\\\/2022\\\/02\\\/twinkling-main-logo.jpg\",\"width\":250,\"height\":100,\"caption\":\"SIA TORANS\"},\"image\":{\"@id\":\"https:\\\/\\\/twinkling.lv\\\/et\\\/#\\\/schema\\\/logo\\\/image\\\/\"}}]}<\/script>\n<!-- \/ Yoast SEO plugin. -->","yoast_head_json":{"title":"SOLERO SPF30 niisutav kehakreem 200 ml | Twinkling","description":"KIRJELDUS Solero SPF30 Moisturizing Sun Lotion niisutav p\u00e4ikesekreem SPF 30 (k\u00f5rge kaitse) E-vitamiiniga. Kookose maitse. Dermatoloogiliselt testitud ja","robots":{"index":"index","follow":"follow","max-snippet":"max-snippet:-1","max-image-preview":"max-image-preview:large","max-video-preview":"max-video-preview:-1"},"canonical":"https:\/\/twinkling.lv\/et\/shop\/solero-spf30-mitrinoss-kermena-losjons-200-ml\/","og_locale":"et_EE","og_type":"article","og_title":"SOLERO SPF30 niisutav kehakreem 200 ml | Twinkling","og_description":"KIRJELDUS Solero SPF30 Moisturizing Sun Lotion niisutav p\u00e4ikesekreem SPF 30 (k\u00f5rge kaitse) E-vitamiiniga. Kookose maitse. Dermatoloogiliselt testitud ja","og_url":"https:\/\/twinkling.lv\/et\/shop\/solero-spf30-mitrinoss-kermena-losjons-200-ml\/","og_site_name":"Twinkling","article_modified_time":"2025-02-01T21:13:04+00:00","og_image":[{"width":800,"height":800,"url":"https:\/\/twinkling.lv\/wp-content\/uploads\/2024\/03\/SOLERO-SPF30-mitrinoss-kermena-losjons-200-ml.jpg","type":"image\/jpeg"}],"twitter_card":"summary_large_image","twitter_misc":{"Est. reading time":"2 minutit"},"schema":{"@context":"https:\/\/schema.org","@graph":[{"@type":"WebPage","@id":"https:\/\/twinkling.lv\/et\/shop\/solero-spf30-mitrinoss-kermena-losjons-200-ml\/","url":"https:\/\/twinkling.lv\/et\/shop\/solero-spf30-mitrinoss-kermena-losjons-200-ml\/","name":"SOLERO SPF30 niisutav kehakreem 200 ml | Twinkling","isPartOf":{"@id":"https:\/\/twinkling.lv\/et\/#website"},"primaryImageOfPage":{"@id":"https:\/\/twinkling.lv\/et\/shop\/solero-spf30-mitrinoss-kermena-losjons-200-ml\/#primaryimage"},"image":{"@id":"https:\/\/twinkling.lv\/et\/shop\/solero-spf30-mitrinoss-kermena-losjons-200-ml\/#primaryimage"},"thumbnailUrl":"https:\/\/twinkling.lv\/wp-content\/uploads\/2024\/03\/SOLERO-SPF30-mitrinoss-kermena-losjons-200-ml.jpg","datePublished":"2024-03-31T23:04:03+00:00","dateModified":"2025-02-01T21:13:04+00:00","description":"KIRJELDUS Solero SPF30 Moisturizing Sun Lotion niisutav p\u00e4ikesekreem SPF 30 (k\u00f5rge kaitse) E-vitamiiniga. Kookose maitse. Dermatoloogiliselt testitud ja","breadcrumb":{"@id":"https:\/\/twinkling.lv\/et\/shop\/solero-spf30-mitrinoss-kermena-losjons-200-ml\/#breadcrumb"},"inLanguage":"et","potentialAction":[{"@type":"ReadAction","target":["https:\/\/twinkling.lv\/et\/shop\/solero-spf30-mitrinoss-kermena-losjons-200-ml\/"]}]},{"@type":"ImageObject","inLanguage":"et","@id":"https:\/\/twinkling.lv\/et\/shop\/solero-spf30-mitrinoss-kermena-losjons-200-ml\/#primaryimage","url":"https:\/\/twinkling.lv\/wp-content\/uploads\/2024\/03\/SOLERO-SPF30-mitrinoss-kermena-losjons-200-ml.jpg","contentUrl":"https:\/\/twinkling.lv\/wp-content\/uploads\/2024\/03\/SOLERO-SPF30-mitrinoss-kermena-losjons-200-ml.jpg","width":800,"height":800},{"@type":"BreadcrumbList","@id":"https:\/\/twinkling.lv\/et\/shop\/solero-spf30-mitrinoss-kermena-losjons-200-ml\/#breadcrumb","itemListElement":[{"@type":"ListItem","position":1,"name":"\u0413\u043b\u0430\u0432\u043d\u0430\u044f \u0441\u0442\u0440\u0430\u043d\u0438\u0446\u0430","item":"https:\/\/twinkling.lv\/et\/"},{"@type":"ListItem","position":2,"name":"Pood","item":"https:\/\/twinkling.lv\/pood\/"},{"@type":"ListItem","position":3,"name":"SOLERO SPF30 niisutav kehakreem 200 ml"}]},{"@type":"WebSite","@id":"https:\/\/twinkling.lv\/et\/#website","url":"https:\/\/twinkling.lv\/et\/","name":"Twinkling","description":"\u041a\u0440\u0430\u0441\u043e\u0442\u0430 \u0438 \u0417\u0434\u043e\u0440\u043e\u0432\u044c\u0435","publisher":{"@id":"https:\/\/twinkling.lv\/et\/#organization"},"potentialAction":[{"@type":"SearchAction","target":{"@type":"EntryPoint","urlTemplate":"https:\/\/twinkling.lv\/et\/?s={search_term_string}"},"query-input":{"@type":"PropertyValueSpecification","valueRequired":true,"valueName":"search_term_string"}}],"inLanguage":"et"},{"@type":"Organization","@id":"https:\/\/twinkling.lv\/et\/#organization","name":"SIA TORANS","url":"https:\/\/twinkling.lv\/et\/","logo":{"@type":"ImageObject","inLanguage":"et","@id":"https:\/\/twinkling.lv\/et\/#\/schema\/logo\/image\/","url":"https:\/\/twinkling.lv\/wp-content\/uploads\/2022\/02\/twinkling-main-logo.jpg","contentUrl":"https:\/\/twinkling.lv\/wp-content\/uploads\/2022\/02\/twinkling-main-logo.jpg","width":250,"height":100,"caption":"SIA TORANS"},"image":{"@id":"https:\/\/twinkling.lv\/et\/#\/schema\/logo\/image\/"}}]}},"_links":{"self":[{"href":"https:\/\/twinkling.lv\/et\/wp-json\/wp\/v2\/product\/33549","targetHints":{"allow":["GET"]}}],"collection":[{"href":"https:\/\/twinkling.lv\/et\/wp-json\/wp\/v2\/product"}],"about":[{"href":"https:\/\/twinkling.lv\/et\/wp-json\/wp\/v2\/types\/product"}],"replies":[{"embeddable":true,"href":"https:\/\/twinkling.lv\/et\/wp-json\/wp\/v2\/comments?post=33549"}],"wp:featuredmedia":[{"embeddable":true,"href":"https:\/\/twinkling.lv\/et\/wp-json\/wp\/v2\/media\/33550"}],"wp:attachment":[{"href":"https:\/\/twinkling.lv\/et\/wp-json\/wp\/v2\/media?parent=33549"}],"wp:term":[{"taxonomy":"product_brand","embeddable":true,"href":"https:\/\/twinkling.lv\/et\/wp-json\/wp\/v2\/product_brand?post=33549"},{"taxonomy":"product_cat","embeddable":true,"href":"https:\/\/twinkling.lv\/et\/wp-json\/wp\/v2\/product_cat?post=33549"},{"taxonomy":"product_tag","embeddable":true,"href":"https:\/\/twinkling.lv\/et\/wp-json\/wp\/v2\/product_tag?post=33549"}],"curies":[{"name":"wp","href":"https:\/\/api.w.org\/{rel}","templated":true}]}}