{"id":33477,"date":"2024-04-01T02:04:18","date_gmt":"2024-03-31T23:04:18","guid":{"rendered":"https:\/\/twinkling.lv\/shop\/dzintars-dizciems-matu-augsanu-stimulejoss-lidzeklis-75-ml\/"},"modified":"2025-02-02T00:13:35","modified_gmt":"2025-02-01T21:13:35","slug":"dzintars-dizciems-matu-augsanu-stimulejoss-lidzeklis-75-ml","status":"publish","type":"product","link":"https:\/\/twinkling.lv\/et\/shop\/dzintars-dizciems-matu-augsanu-stimulejoss-lidzeklis-75-ml\/","title":{"rendered":"DZINTARS Di\u017eciems juuksekasvu stimuleeriv toode 75 ml"},"content":{"rendered":"<p><strong>KIRJELDUS<\/strong><\/p>\n<p>Sibula- ja takjaekstrakti, biotiin-tripeptiidi kompleksi, pat\u0161uli\u00f5li ja kampriga kombineeritud valem stimuleerib juuste kasvu, toniseerib peanahka ja parandab vere mikrotsirkulatsiooni, aidates v\u00e4hendada juuste h\u00f5renemise probleemi. Toode tugevdab juuksekasvu stimuleeriva \u0161ampooni Di\u017eciems toimet.<\/p>\n<p><strong>RAKENDUSVIIS<\/strong><\/p>\n<p>Toodet v\u00f5ib kasutada nii m\u00e4rgadel kui kuivadel juustel enne pesemist. Masseeri toodet \u00f5rnalt s\u00f5rmeotstega peanahasse ja lase m\u00f5juda 2-5 minutit, seej\u00e4rel pese maha. Peske juukseid \u0161ampooniga ja kujundage need nagu tavaliselt. Efekti saavutamiseks kasutatakse toodet 2-3 kuud regulaarselt 1-2 korda n\u00e4dalas enne Di\u017eciemsi juuksekasvu stimuleeriva \u0161ampooni kasutamist. V\u00e4ltige toote silma sattumist. Kaitsta laste eest.<\/p>\n<p><strong>TOOTE KOOSTIS<\/strong><\/p>\n<p>Aqua, Alcohol, Niacinamide, Sodium Polyacryloyldimethyl Taurate, Glycerin, Arctium Lappa Root Extract, Glycolipids, Panthenol, Biotinoyl Tripeptide-1, Camphor, Allium Cepa Bulb Extract, Pogostemon Cablin Leaf Oil, Saccharide Isomerate, PEG-12 Dimethicone, Sodium Benzoate, Potassium Sorbate, Sodium Citrate, Citric Acid.<\/p>\n","protected":false},"excerpt":{"rendered":"<p>KIRJELDUS Sibula- ja takjaekstrakti, biotiin-tripeptiidi kompleksi, pat\u0161uli\u00f5li ja kampriga kombineeritud valem stimuleerib juuste kasvu, toniseerib peanahka ja parandab vere mikrotsirkulatsiooni, aidates v\u00e4hendada juuste h\u00f5renemise probleemi. Toode tugevdab juuksekasvu stimuleeriva \u0161ampooni Di\u017eciems toimet. RAKENDUSVIIS Toodet v\u00f5ib kasutada nii m\u00e4rgadel kui kuivadel juustel enne pesemist. Masseeri toodet \u00f5rnalt s\u00f5rmeotstega peanahasse ja lase m\u00f5juda 2-5 minutit, seej\u00e4rel pese [&#8230;]\n","protected":false},"featured_media":33478,"comment_status":"open","ping_status":"closed","template":"","meta":[],"product_brand":[],"product_cat":[3180,3089,3135,3092],"product_tag":[],"class_list":{"0":"post-33477","1":"product","2":"type-product","3":"status-publish","4":"has-post-thumbnail","6":"product_cat-dzintars-et","7":"product_cat-matiem-et","8":"product_cat-zimoli-et","9":"product_cat-maskas-serumi-et","11":"first","12":"instock","13":"taxable","14":"shipping-taxable","15":"purchasable","16":"product-type-simple"},"yoast_head":"<!-- This site is optimized with the Yoast SEO plugin v27.4 - https:\/\/yoast.com\/product\/yoast-seo-wordpress\/ -->\n<title>DZINTARS Di\u017eciems juuksekasvu stimuleeriv toode 75 ml | Twinkling<\/title>\n<meta name=\"description\" content=\"KIRJELDUS Sibula- ja takjaekstrakti, biotiin-tripeptiidi kompleksi, pat\u0161uli\u00f5li ja kampriga kombineeritud valem stimuleerib juuste kasvu, toniseerib\" \/>\n<meta name=\"robots\" content=\"index, follow, max-snippet:-1, max-image-preview:large, max-video-preview:-1\" \/>\n<link rel=\"canonical\" href=\"https:\/\/twinkling.lv\/et\/shop\/dzintars-dizciems-matu-augsanu-stimulejoss-lidzeklis-75-ml\/\" \/>\n<meta property=\"og:locale\" content=\"et_EE\" \/>\n<meta property=\"og:type\" content=\"article\" \/>\n<meta property=\"og:title\" content=\"DZINTARS Di\u017eciems juuksekasvu stimuleeriv toode 75 ml | Twinkling\" \/>\n<meta property=\"og:description\" content=\"KIRJELDUS Sibula- ja takjaekstrakti, biotiin-tripeptiidi kompleksi, pat\u0161uli\u00f5li ja kampriga kombineeritud valem stimuleerib juuste kasvu, toniseerib\" \/>\n<meta property=\"og:url\" content=\"https:\/\/twinkling.lv\/et\/shop\/dzintars-dizciems-matu-augsanu-stimulejoss-lidzeklis-75-ml\/\" \/>\n<meta property=\"og:site_name\" content=\"Twinkling\" \/>\n<meta property=\"article:modified_time\" content=\"2025-02-01T21:13:35+00:00\" \/>\n<meta property=\"og:image\" content=\"https:\/\/twinkling.lv\/wp-content\/uploads\/2024\/03\/DZINTARS-Dizciems-matu-augsanu-stimulejoss-lidzeklis-75-ml.webp\" \/>\n\t<meta property=\"og:image:width\" content=\"800\" \/>\n\t<meta property=\"og:image:height\" content=\"800\" \/>\n\t<meta property=\"og:image:type\" content=\"image\/webp\" \/>\n<meta name=\"twitter:card\" content=\"summary_large_image\" \/>\n<meta name=\"twitter:label1\" content=\"Est. reading time\" \/>\n\t<meta name=\"twitter:data1\" content=\"1 minut\" \/>\n<script type=\"application\/ld+json\" class=\"yoast-schema-graph\">{\"@context\":\"https:\\\/\\\/schema.org\",\"@graph\":[{\"@type\":\"WebPage\",\"@id\":\"https:\\\/\\\/twinkling.lv\\\/et\\\/shop\\\/dzintars-dizciems-matu-augsanu-stimulejoss-lidzeklis-75-ml\\\/\",\"url\":\"https:\\\/\\\/twinkling.lv\\\/et\\\/shop\\\/dzintars-dizciems-matu-augsanu-stimulejoss-lidzeklis-75-ml\\\/\",\"name\":\"DZINTARS Di\u017eciems juuksekasvu stimuleeriv toode 75 ml | Twinkling\",\"isPartOf\":{\"@id\":\"https:\\\/\\\/twinkling.lv\\\/et\\\/#website\"},\"primaryImageOfPage\":{\"@id\":\"https:\\\/\\\/twinkling.lv\\\/et\\\/shop\\\/dzintars-dizciems-matu-augsanu-stimulejoss-lidzeklis-75-ml\\\/#primaryimage\"},\"image\":{\"@id\":\"https:\\\/\\\/twinkling.lv\\\/et\\\/shop\\\/dzintars-dizciems-matu-augsanu-stimulejoss-lidzeklis-75-ml\\\/#primaryimage\"},\"thumbnailUrl\":\"https:\\\/\\\/twinkling.lv\\\/wp-content\\\/uploads\\\/2024\\\/03\\\/DZINTARS-Dizciems-matu-augsanu-stimulejoss-lidzeklis-75-ml.webp\",\"datePublished\":\"2024-03-31T23:04:18+00:00\",\"dateModified\":\"2025-02-01T21:13:35+00:00\",\"description\":\"KIRJELDUS Sibula- ja takjaekstrakti, biotiin-tripeptiidi kompleksi, pat\u0161uli\u00f5li ja kampriga kombineeritud valem stimuleerib juuste kasvu, toniseerib\",\"breadcrumb\":{\"@id\":\"https:\\\/\\\/twinkling.lv\\\/et\\\/shop\\\/dzintars-dizciems-matu-augsanu-stimulejoss-lidzeklis-75-ml\\\/#breadcrumb\"},\"inLanguage\":\"et\",\"potentialAction\":[{\"@type\":\"ReadAction\",\"target\":[\"https:\\\/\\\/twinkling.lv\\\/et\\\/shop\\\/dzintars-dizciems-matu-augsanu-stimulejoss-lidzeklis-75-ml\\\/\"]}]},{\"@type\":\"ImageObject\",\"inLanguage\":\"et\",\"@id\":\"https:\\\/\\\/twinkling.lv\\\/et\\\/shop\\\/dzintars-dizciems-matu-augsanu-stimulejoss-lidzeklis-75-ml\\\/#primaryimage\",\"url\":\"https:\\\/\\\/twinkling.lv\\\/wp-content\\\/uploads\\\/2024\\\/03\\\/DZINTARS-Dizciems-matu-augsanu-stimulejoss-lidzeklis-75-ml.webp\",\"contentUrl\":\"https:\\\/\\\/twinkling.lv\\\/wp-content\\\/uploads\\\/2024\\\/03\\\/DZINTARS-Dizciems-matu-augsanu-stimulejoss-lidzeklis-75-ml.webp\",\"width\":800,\"height\":800},{\"@type\":\"BreadcrumbList\",\"@id\":\"https:\\\/\\\/twinkling.lv\\\/et\\\/shop\\\/dzintars-dizciems-matu-augsanu-stimulejoss-lidzeklis-75-ml\\\/#breadcrumb\",\"itemListElement\":[{\"@type\":\"ListItem\",\"position\":1,\"name\":\"\u0413\u043b\u0430\u0432\u043d\u0430\u044f \u0441\u0442\u0440\u0430\u043d\u0438\u0446\u0430\",\"item\":\"https:\\\/\\\/twinkling.lv\\\/et\\\/\"},{\"@type\":\"ListItem\",\"position\":2,\"name\":\"Pood\",\"item\":\"https:\\\/\\\/twinkling.lv\\\/pood\\\/\"},{\"@type\":\"ListItem\",\"position\":3,\"name\":\"DZINTARS Di\u017eciems juuksekasvu stimuleeriv toode 75 ml\"}]},{\"@type\":\"WebSite\",\"@id\":\"https:\\\/\\\/twinkling.lv\\\/et\\\/#website\",\"url\":\"https:\\\/\\\/twinkling.lv\\\/et\\\/\",\"name\":\"Twinkling\",\"description\":\"\u041a\u0440\u0430\u0441\u043e\u0442\u0430 \u0438 \u0417\u0434\u043e\u0440\u043e\u0432\u044c\u0435\",\"publisher\":{\"@id\":\"https:\\\/\\\/twinkling.lv\\\/et\\\/#organization\"},\"potentialAction\":[{\"@type\":\"SearchAction\",\"target\":{\"@type\":\"EntryPoint\",\"urlTemplate\":\"https:\\\/\\\/twinkling.lv\\\/et\\\/?s={search_term_string}\"},\"query-input\":{\"@type\":\"PropertyValueSpecification\",\"valueRequired\":true,\"valueName\":\"search_term_string\"}}],\"inLanguage\":\"et\"},{\"@type\":\"Organization\",\"@id\":\"https:\\\/\\\/twinkling.lv\\\/et\\\/#organization\",\"name\":\"SIA TORANS\",\"url\":\"https:\\\/\\\/twinkling.lv\\\/et\\\/\",\"logo\":{\"@type\":\"ImageObject\",\"inLanguage\":\"et\",\"@id\":\"https:\\\/\\\/twinkling.lv\\\/et\\\/#\\\/schema\\\/logo\\\/image\\\/\",\"url\":\"https:\\\/\\\/twinkling.lv\\\/wp-content\\\/uploads\\\/2022\\\/02\\\/twinkling-main-logo.jpg\",\"contentUrl\":\"https:\\\/\\\/twinkling.lv\\\/wp-content\\\/uploads\\\/2022\\\/02\\\/twinkling-main-logo.jpg\",\"width\":250,\"height\":100,\"caption\":\"SIA TORANS\"},\"image\":{\"@id\":\"https:\\\/\\\/twinkling.lv\\\/et\\\/#\\\/schema\\\/logo\\\/image\\\/\"}}]}<\/script>\n<!-- \/ Yoast SEO plugin. -->","yoast_head_json":{"title":"DZINTARS Di\u017eciems juuksekasvu stimuleeriv toode 75 ml | Twinkling","description":"KIRJELDUS Sibula- ja takjaekstrakti, biotiin-tripeptiidi kompleksi, pat\u0161uli\u00f5li ja kampriga kombineeritud valem stimuleerib juuste kasvu, toniseerib","robots":{"index":"index","follow":"follow","max-snippet":"max-snippet:-1","max-image-preview":"max-image-preview:large","max-video-preview":"max-video-preview:-1"},"canonical":"https:\/\/twinkling.lv\/et\/shop\/dzintars-dizciems-matu-augsanu-stimulejoss-lidzeklis-75-ml\/","og_locale":"et_EE","og_type":"article","og_title":"DZINTARS Di\u017eciems juuksekasvu stimuleeriv toode 75 ml | Twinkling","og_description":"KIRJELDUS Sibula- ja takjaekstrakti, biotiin-tripeptiidi kompleksi, pat\u0161uli\u00f5li ja kampriga kombineeritud valem stimuleerib juuste kasvu, toniseerib","og_url":"https:\/\/twinkling.lv\/et\/shop\/dzintars-dizciems-matu-augsanu-stimulejoss-lidzeklis-75-ml\/","og_site_name":"Twinkling","article_modified_time":"2025-02-01T21:13:35+00:00","og_image":[{"width":800,"height":800,"url":"https:\/\/twinkling.lv\/wp-content\/uploads\/2024\/03\/DZINTARS-Dizciems-matu-augsanu-stimulejoss-lidzeklis-75-ml.webp","type":"image\/webp"}],"twitter_card":"summary_large_image","twitter_misc":{"Est. reading time":"1 minut"},"schema":{"@context":"https:\/\/schema.org","@graph":[{"@type":"WebPage","@id":"https:\/\/twinkling.lv\/et\/shop\/dzintars-dizciems-matu-augsanu-stimulejoss-lidzeklis-75-ml\/","url":"https:\/\/twinkling.lv\/et\/shop\/dzintars-dizciems-matu-augsanu-stimulejoss-lidzeklis-75-ml\/","name":"DZINTARS Di\u017eciems juuksekasvu stimuleeriv toode 75 ml | Twinkling","isPartOf":{"@id":"https:\/\/twinkling.lv\/et\/#website"},"primaryImageOfPage":{"@id":"https:\/\/twinkling.lv\/et\/shop\/dzintars-dizciems-matu-augsanu-stimulejoss-lidzeklis-75-ml\/#primaryimage"},"image":{"@id":"https:\/\/twinkling.lv\/et\/shop\/dzintars-dizciems-matu-augsanu-stimulejoss-lidzeklis-75-ml\/#primaryimage"},"thumbnailUrl":"https:\/\/twinkling.lv\/wp-content\/uploads\/2024\/03\/DZINTARS-Dizciems-matu-augsanu-stimulejoss-lidzeklis-75-ml.webp","datePublished":"2024-03-31T23:04:18+00:00","dateModified":"2025-02-01T21:13:35+00:00","description":"KIRJELDUS Sibula- ja takjaekstrakti, biotiin-tripeptiidi kompleksi, pat\u0161uli\u00f5li ja kampriga kombineeritud valem stimuleerib juuste kasvu, toniseerib","breadcrumb":{"@id":"https:\/\/twinkling.lv\/et\/shop\/dzintars-dizciems-matu-augsanu-stimulejoss-lidzeklis-75-ml\/#breadcrumb"},"inLanguage":"et","potentialAction":[{"@type":"ReadAction","target":["https:\/\/twinkling.lv\/et\/shop\/dzintars-dizciems-matu-augsanu-stimulejoss-lidzeklis-75-ml\/"]}]},{"@type":"ImageObject","inLanguage":"et","@id":"https:\/\/twinkling.lv\/et\/shop\/dzintars-dizciems-matu-augsanu-stimulejoss-lidzeklis-75-ml\/#primaryimage","url":"https:\/\/twinkling.lv\/wp-content\/uploads\/2024\/03\/DZINTARS-Dizciems-matu-augsanu-stimulejoss-lidzeklis-75-ml.webp","contentUrl":"https:\/\/twinkling.lv\/wp-content\/uploads\/2024\/03\/DZINTARS-Dizciems-matu-augsanu-stimulejoss-lidzeklis-75-ml.webp","width":800,"height":800},{"@type":"BreadcrumbList","@id":"https:\/\/twinkling.lv\/et\/shop\/dzintars-dizciems-matu-augsanu-stimulejoss-lidzeklis-75-ml\/#breadcrumb","itemListElement":[{"@type":"ListItem","position":1,"name":"\u0413\u043b\u0430\u0432\u043d\u0430\u044f \u0441\u0442\u0440\u0430\u043d\u0438\u0446\u0430","item":"https:\/\/twinkling.lv\/et\/"},{"@type":"ListItem","position":2,"name":"Pood","item":"https:\/\/twinkling.lv\/pood\/"},{"@type":"ListItem","position":3,"name":"DZINTARS Di\u017eciems juuksekasvu stimuleeriv toode 75 ml"}]},{"@type":"WebSite","@id":"https:\/\/twinkling.lv\/et\/#website","url":"https:\/\/twinkling.lv\/et\/","name":"Twinkling","description":"\u041a\u0440\u0430\u0441\u043e\u0442\u0430 \u0438 \u0417\u0434\u043e\u0440\u043e\u0432\u044c\u0435","publisher":{"@id":"https:\/\/twinkling.lv\/et\/#organization"},"potentialAction":[{"@type":"SearchAction","target":{"@type":"EntryPoint","urlTemplate":"https:\/\/twinkling.lv\/et\/?s={search_term_string}"},"query-input":{"@type":"PropertyValueSpecification","valueRequired":true,"valueName":"search_term_string"}}],"inLanguage":"et"},{"@type":"Organization","@id":"https:\/\/twinkling.lv\/et\/#organization","name":"SIA TORANS","url":"https:\/\/twinkling.lv\/et\/","logo":{"@type":"ImageObject","inLanguage":"et","@id":"https:\/\/twinkling.lv\/et\/#\/schema\/logo\/image\/","url":"https:\/\/twinkling.lv\/wp-content\/uploads\/2022\/02\/twinkling-main-logo.jpg","contentUrl":"https:\/\/twinkling.lv\/wp-content\/uploads\/2022\/02\/twinkling-main-logo.jpg","width":250,"height":100,"caption":"SIA TORANS"},"image":{"@id":"https:\/\/twinkling.lv\/et\/#\/schema\/logo\/image\/"}}]}},"_links":{"self":[{"href":"https:\/\/twinkling.lv\/et\/wp-json\/wp\/v2\/product\/33477","targetHints":{"allow":["GET"]}}],"collection":[{"href":"https:\/\/twinkling.lv\/et\/wp-json\/wp\/v2\/product"}],"about":[{"href":"https:\/\/twinkling.lv\/et\/wp-json\/wp\/v2\/types\/product"}],"replies":[{"embeddable":true,"href":"https:\/\/twinkling.lv\/et\/wp-json\/wp\/v2\/comments?post=33477"}],"wp:featuredmedia":[{"embeddable":true,"href":"https:\/\/twinkling.lv\/et\/wp-json\/wp\/v2\/media\/33478"}],"wp:attachment":[{"href":"https:\/\/twinkling.lv\/et\/wp-json\/wp\/v2\/media?parent=33477"}],"wp:term":[{"taxonomy":"product_brand","embeddable":true,"href":"https:\/\/twinkling.lv\/et\/wp-json\/wp\/v2\/product_brand?post=33477"},{"taxonomy":"product_cat","embeddable":true,"href":"https:\/\/twinkling.lv\/et\/wp-json\/wp\/v2\/product_cat?post=33477"},{"taxonomy":"product_tag","embeddable":true,"href":"https:\/\/twinkling.lv\/et\/wp-json\/wp\/v2\/product_tag?post=33477"}],"curies":[{"name":"wp","href":"https:\/\/api.w.org\/{rel}","templated":true}]}}