{"id":111146,"date":"2025-03-02T15:53:20","date_gmt":"2025-03-02T12:53:20","guid":{"rendered":"https:\/\/twinkling.lv\/shop\/vitalharmony-d3-4000ui-mikstas-zelejas-n90\/"},"modified":"2025-03-02T16:08:49","modified_gmt":"2025-03-02T13:08:49","slug":"vitalharmony-d3-4000ui-mikstas-zelejas-n90","status":"publish","type":"product","link":"https:\/\/twinkling.lv\/et\/shop\/vitalharmony-d3-4000ui-mikstas-zelejas-n90\/","title":{"rendered":"VitalHarmony D3 4000ui Pehmed tabletid N90"},"content":{"rendered":"<p><strong>KIRJELDUS<\/strong><\/p>\n<p>VitalHarmony D3 4000 IU 90 pehmekapslit<br \/>\nToetage oma immuuns\u00fcsteemi ja luude tervist VitalHarmony D3-vitamiini pehmekapslitega. Iga pudel sisaldab 90 pehmekapslit, mis sisaldavad 4000 IU D3-vitamiini, muutes lihtsaks vajaliku p\u00e4evase annuse saamise selle olulise vitamiini jaoks.<\/p>\n<p>Mis on D3-vitamiin?<br \/>\nD3-vitamiin, tuntud ka kui kolekaltsiferool, on rasvlahustuv vitamiin, mis m\u00e4ngib olulist rolli paljudes tervise aspektides. See toodetakse nahas, kui see puutub kokku p\u00e4ikesevalgusega, kuid seda saab ka toidulisanditest, eriti juhul, kui p\u00e4ikesevalgust on v\u00e4he. D3-vitamiin on oluline:<\/p>\n<p>Luude tervisele: See aitab kehal kaltsiumi omastada, mis on h\u00e4davajalik tugevate ja tervete luude s\u00e4ilitamiseks.<br \/>\nImmuuns\u00fcsteemi toetamine: D3-vitamiin on tuntud immuuns\u00fcsteemi tugevdaja, aidates kehal v\u00f5idelda infektsioonide ja haigustega.<br \/>\nMeeleolu parandamine: Piisav D3-vitamiini tase v\u00f5ib parandada meeleolu ja v\u00e4hendada depressiooni s\u00fcmptomeid, eriti neil, kellel on hooajaline afektiivne h\u00e4ire (SAD).<br \/>\nKardiovaskulaarne tervis: See toetab s\u00fcdame tervist, reguleerides kaltsiumi taset ja soodustades tervislikke veresooni.<br \/>\nMiks valida D3-vitamiin?<br \/>\nD3-vitamiin on k\u00f5ige t\u00f5husam D-vitamiini vorm, kuna see imendub ja kasutatakse organismis kergesti. See toidulisand annab tugeva annuse 4000 IU \u00fches pehmekapslis, tagades, et saate optimaalse p\u00e4evase koguse, et toetada \u00fcldist tervist, eriti v\u00e4hese p\u00e4ikesevalguse perioodidel.<\/p>\n<p><strong>RAKENDUSVIIS<\/strong><\/p>\n<p>Kasutage 1 pehmekapsel \u00fcks kord p\u00e4evas (portsjon) koos piisava koguse veega.<\/p>\n<p>Hoiatused: Mitte kasutada allergia (\u00fclitundlikkuse) korral toote m\u00f5ne komponendi suhtes. \u00c4rge \u00fcletage soovitatavat \u00f6\u00f6p\u00e4evast annust. Tasakaalustatud toitumine ja tervislik eluviis on organismi korraliku toimimise aluseks. \u00c4rge kasutage toidulisandeid t\u00e4isv\u00e4\u00e4rtusliku ja tasakaalustatud toitumise asendamiseks. Mitte kasutada lastel, rasedatel ega imetavatel naistel.<\/p>\n<p><strong>TOOTE KOOSTIS<\/strong><\/p>\n<p>Oliivi\u00f5li, kapsli kest: \u017eelatiin, niiskuses\u00e4ilitaja: gl\u00fctseriin, puhastatud vesi, D3-vitamiin (kolekaltsiferool, saadud lanoliinist).<\/p>\n","protected":false},"excerpt":{"rendered":"<p><span style=\"color: #0000ff;\"><a style=\"color: #0000ff;\" href=\"https:\/\/pakalpojumi.pvd.gov.lv\/lv\/supplements\/15408\" target=\"_blank\" rel=\"noopener\">Toote \u00fcksikasjad<\/a><\/span><\/p>\n","protected":false},"featured_media":111034,"comment_status":"open","ping_status":"closed","template":"","meta":[],"product_brand":[],"product_cat":[3103,3114,3102,3106,3095,8730],"product_tag":[],"class_list":{"0":"post-111146","1":"product","2":"type-product","3":"status-publish","4":"has-post-thumbnail","6":"product_cat-matiem-adai-un-nagiem-et","7":"product_cat-muskuliem-locitavam-un-kauliem-et","8":"product_cat-skaistumam-et","9":"product_cat-veselibai-et","10":"product_cat-uztura-bagatinataji-et","11":"product_cat-vitalharmony-et","13":"first","14":"instock","15":"taxable","16":"shipping-taxable","17":"purchasable","18":"product-type-simple"},"yoast_head":"<!-- This site is optimized with the Yoast SEO plugin v27.4 - https:\/\/yoast.com\/product\/yoast-seo-wordpress\/ -->\n<title>VitalHarmony D3 4000ui Pehmed tabletid N90 | Twinkling<\/title>\n<meta name=\"description\" content=\"Toote \u00fcksikasjad\" \/>\n<meta name=\"robots\" content=\"index, follow, max-snippet:-1, max-image-preview:large, max-video-preview:-1\" \/>\n<link rel=\"canonical\" href=\"https:\/\/twinkling.lv\/et\/shop\/vitalharmony-d3-4000ui-mikstas-zelejas-n90\/\" \/>\n<meta property=\"og:locale\" content=\"et_EE\" \/>\n<meta property=\"og:type\" content=\"article\" \/>\n<meta property=\"og:title\" content=\"VitalHarmony D3 4000ui Pehmed tabletid N90 | Twinkling\" \/>\n<meta property=\"og:description\" content=\"Toote \u00fcksikasjad\" \/>\n<meta property=\"og:url\" content=\"https:\/\/twinkling.lv\/et\/shop\/vitalharmony-d3-4000ui-mikstas-zelejas-n90\/\" \/>\n<meta property=\"og:site_name\" content=\"Twinkling\" \/>\n<meta property=\"article:modified_time\" content=\"2025-03-02T13:08:49+00:00\" \/>\n<meta property=\"og:image\" content=\"https:\/\/twinkling.lv\/wp-content\/uploads\/2025\/03\/VitalHarmony-D3-4000ui-90-Softgels.jpg\" \/>\n\t<meta property=\"og:image:width\" content=\"1000\" \/>\n\t<meta property=\"og:image:height\" content=\"1000\" \/>\n\t<meta property=\"og:image:type\" content=\"image\/jpeg\" \/>\n<meta name=\"twitter:card\" content=\"summary_large_image\" \/>\n<meta name=\"twitter:label1\" content=\"Est. reading time\" \/>\n\t<meta name=\"twitter:data1\" content=\"1 minut\" \/>\n<script type=\"application\/ld+json\" class=\"yoast-schema-graph\">{\"@context\":\"https:\\\/\\\/schema.org\",\"@graph\":[{\"@type\":\"WebPage\",\"@id\":\"https:\\\/\\\/twinkling.lv\\\/et\\\/shop\\\/vitalharmony-d3-4000ui-mikstas-zelejas-n90\\\/\",\"url\":\"https:\\\/\\\/twinkling.lv\\\/et\\\/shop\\\/vitalharmony-d3-4000ui-mikstas-zelejas-n90\\\/\",\"name\":\"VitalHarmony D3 4000ui Pehmed tabletid N90 | Twinkling\",\"isPartOf\":{\"@id\":\"https:\\\/\\\/twinkling.lv\\\/et\\\/#website\"},\"primaryImageOfPage\":{\"@id\":\"https:\\\/\\\/twinkling.lv\\\/et\\\/shop\\\/vitalharmony-d3-4000ui-mikstas-zelejas-n90\\\/#primaryimage\"},\"image\":{\"@id\":\"https:\\\/\\\/twinkling.lv\\\/et\\\/shop\\\/vitalharmony-d3-4000ui-mikstas-zelejas-n90\\\/#primaryimage\"},\"thumbnailUrl\":\"https:\\\/\\\/twinkling.lv\\\/wp-content\\\/uploads\\\/2025\\\/03\\\/VitalHarmony-D3-4000ui-90-Softgels.jpg\",\"datePublished\":\"2025-03-02T12:53:20+00:00\",\"dateModified\":\"2025-03-02T13:08:49+00:00\",\"description\":\"Toote \u00fcksikasjad\",\"breadcrumb\":{\"@id\":\"https:\\\/\\\/twinkling.lv\\\/et\\\/shop\\\/vitalharmony-d3-4000ui-mikstas-zelejas-n90\\\/#breadcrumb\"},\"inLanguage\":\"et\",\"potentialAction\":[{\"@type\":\"ReadAction\",\"target\":[\"https:\\\/\\\/twinkling.lv\\\/et\\\/shop\\\/vitalharmony-d3-4000ui-mikstas-zelejas-n90\\\/\"]}]},{\"@type\":\"ImageObject\",\"inLanguage\":\"et\",\"@id\":\"https:\\\/\\\/twinkling.lv\\\/et\\\/shop\\\/vitalharmony-d3-4000ui-mikstas-zelejas-n90\\\/#primaryimage\",\"url\":\"https:\\\/\\\/twinkling.lv\\\/wp-content\\\/uploads\\\/2025\\\/03\\\/VitalHarmony-D3-4000ui-90-Softgels.jpg\",\"contentUrl\":\"https:\\\/\\\/twinkling.lv\\\/wp-content\\\/uploads\\\/2025\\\/03\\\/VitalHarmony-D3-4000ui-90-Softgels.jpg\",\"width\":1000,\"height\":1000},{\"@type\":\"BreadcrumbList\",\"@id\":\"https:\\\/\\\/twinkling.lv\\\/et\\\/shop\\\/vitalharmony-d3-4000ui-mikstas-zelejas-n90\\\/#breadcrumb\",\"itemListElement\":[{\"@type\":\"ListItem\",\"position\":1,\"name\":\"\u0413\u043b\u0430\u0432\u043d\u0430\u044f \u0441\u0442\u0440\u0430\u043d\u0438\u0446\u0430\",\"item\":\"https:\\\/\\\/twinkling.lv\\\/et\\\/\"},{\"@type\":\"ListItem\",\"position\":2,\"name\":\"Pood\",\"item\":\"https:\\\/\\\/twinkling.lv\\\/pood\\\/\"},{\"@type\":\"ListItem\",\"position\":3,\"name\":\"VitalHarmony D3 4000ui Pehmed tabletid N90\"}]},{\"@type\":\"WebSite\",\"@id\":\"https:\\\/\\\/twinkling.lv\\\/et\\\/#website\",\"url\":\"https:\\\/\\\/twinkling.lv\\\/et\\\/\",\"name\":\"Twinkling\",\"description\":\"\u041a\u0440\u0430\u0441\u043e\u0442\u0430 \u0438 \u0417\u0434\u043e\u0440\u043e\u0432\u044c\u0435\",\"publisher\":{\"@id\":\"https:\\\/\\\/twinkling.lv\\\/et\\\/#organization\"},\"potentialAction\":[{\"@type\":\"SearchAction\",\"target\":{\"@type\":\"EntryPoint\",\"urlTemplate\":\"https:\\\/\\\/twinkling.lv\\\/et\\\/?s={search_term_string}\"},\"query-input\":{\"@type\":\"PropertyValueSpecification\",\"valueRequired\":true,\"valueName\":\"search_term_string\"}}],\"inLanguage\":\"et\"},{\"@type\":\"Organization\",\"@id\":\"https:\\\/\\\/twinkling.lv\\\/et\\\/#organization\",\"name\":\"SIA TORANS\",\"url\":\"https:\\\/\\\/twinkling.lv\\\/et\\\/\",\"logo\":{\"@type\":\"ImageObject\",\"inLanguage\":\"et\",\"@id\":\"https:\\\/\\\/twinkling.lv\\\/et\\\/#\\\/schema\\\/logo\\\/image\\\/\",\"url\":\"https:\\\/\\\/twinkling.lv\\\/wp-content\\\/uploads\\\/2022\\\/02\\\/twinkling-main-logo.jpg\",\"contentUrl\":\"https:\\\/\\\/twinkling.lv\\\/wp-content\\\/uploads\\\/2022\\\/02\\\/twinkling-main-logo.jpg\",\"width\":250,\"height\":100,\"caption\":\"SIA TORANS\"},\"image\":{\"@id\":\"https:\\\/\\\/twinkling.lv\\\/et\\\/#\\\/schema\\\/logo\\\/image\\\/\"}}]}<\/script>\n<!-- \/ Yoast SEO plugin. -->","yoast_head_json":{"title":"VitalHarmony D3 4000ui Pehmed tabletid N90 | Twinkling","description":"Toote \u00fcksikasjad","robots":{"index":"index","follow":"follow","max-snippet":"max-snippet:-1","max-image-preview":"max-image-preview:large","max-video-preview":"max-video-preview:-1"},"canonical":"https:\/\/twinkling.lv\/et\/shop\/vitalharmony-d3-4000ui-mikstas-zelejas-n90\/","og_locale":"et_EE","og_type":"article","og_title":"VitalHarmony D3 4000ui Pehmed tabletid N90 | Twinkling","og_description":"Toote \u00fcksikasjad","og_url":"https:\/\/twinkling.lv\/et\/shop\/vitalharmony-d3-4000ui-mikstas-zelejas-n90\/","og_site_name":"Twinkling","article_modified_time":"2025-03-02T13:08:49+00:00","og_image":[{"width":1000,"height":1000,"url":"https:\/\/twinkling.lv\/wp-content\/uploads\/2025\/03\/VitalHarmony-D3-4000ui-90-Softgels.jpg","type":"image\/jpeg"}],"twitter_card":"summary_large_image","twitter_misc":{"Est. reading time":"1 minut"},"schema":{"@context":"https:\/\/schema.org","@graph":[{"@type":"WebPage","@id":"https:\/\/twinkling.lv\/et\/shop\/vitalharmony-d3-4000ui-mikstas-zelejas-n90\/","url":"https:\/\/twinkling.lv\/et\/shop\/vitalharmony-d3-4000ui-mikstas-zelejas-n90\/","name":"VitalHarmony D3 4000ui Pehmed tabletid N90 | Twinkling","isPartOf":{"@id":"https:\/\/twinkling.lv\/et\/#website"},"primaryImageOfPage":{"@id":"https:\/\/twinkling.lv\/et\/shop\/vitalharmony-d3-4000ui-mikstas-zelejas-n90\/#primaryimage"},"image":{"@id":"https:\/\/twinkling.lv\/et\/shop\/vitalharmony-d3-4000ui-mikstas-zelejas-n90\/#primaryimage"},"thumbnailUrl":"https:\/\/twinkling.lv\/wp-content\/uploads\/2025\/03\/VitalHarmony-D3-4000ui-90-Softgels.jpg","datePublished":"2025-03-02T12:53:20+00:00","dateModified":"2025-03-02T13:08:49+00:00","description":"Toote \u00fcksikasjad","breadcrumb":{"@id":"https:\/\/twinkling.lv\/et\/shop\/vitalharmony-d3-4000ui-mikstas-zelejas-n90\/#breadcrumb"},"inLanguage":"et","potentialAction":[{"@type":"ReadAction","target":["https:\/\/twinkling.lv\/et\/shop\/vitalharmony-d3-4000ui-mikstas-zelejas-n90\/"]}]},{"@type":"ImageObject","inLanguage":"et","@id":"https:\/\/twinkling.lv\/et\/shop\/vitalharmony-d3-4000ui-mikstas-zelejas-n90\/#primaryimage","url":"https:\/\/twinkling.lv\/wp-content\/uploads\/2025\/03\/VitalHarmony-D3-4000ui-90-Softgels.jpg","contentUrl":"https:\/\/twinkling.lv\/wp-content\/uploads\/2025\/03\/VitalHarmony-D3-4000ui-90-Softgels.jpg","width":1000,"height":1000},{"@type":"BreadcrumbList","@id":"https:\/\/twinkling.lv\/et\/shop\/vitalharmony-d3-4000ui-mikstas-zelejas-n90\/#breadcrumb","itemListElement":[{"@type":"ListItem","position":1,"name":"\u0413\u043b\u0430\u0432\u043d\u0430\u044f \u0441\u0442\u0440\u0430\u043d\u0438\u0446\u0430","item":"https:\/\/twinkling.lv\/et\/"},{"@type":"ListItem","position":2,"name":"Pood","item":"https:\/\/twinkling.lv\/pood\/"},{"@type":"ListItem","position":3,"name":"VitalHarmony D3 4000ui Pehmed tabletid N90"}]},{"@type":"WebSite","@id":"https:\/\/twinkling.lv\/et\/#website","url":"https:\/\/twinkling.lv\/et\/","name":"Twinkling","description":"\u041a\u0440\u0430\u0441\u043e\u0442\u0430 \u0438 \u0417\u0434\u043e\u0440\u043e\u0432\u044c\u0435","publisher":{"@id":"https:\/\/twinkling.lv\/et\/#organization"},"potentialAction":[{"@type":"SearchAction","target":{"@type":"EntryPoint","urlTemplate":"https:\/\/twinkling.lv\/et\/?s={search_term_string}"},"query-input":{"@type":"PropertyValueSpecification","valueRequired":true,"valueName":"search_term_string"}}],"inLanguage":"et"},{"@type":"Organization","@id":"https:\/\/twinkling.lv\/et\/#organization","name":"SIA TORANS","url":"https:\/\/twinkling.lv\/et\/","logo":{"@type":"ImageObject","inLanguage":"et","@id":"https:\/\/twinkling.lv\/et\/#\/schema\/logo\/image\/","url":"https:\/\/twinkling.lv\/wp-content\/uploads\/2022\/02\/twinkling-main-logo.jpg","contentUrl":"https:\/\/twinkling.lv\/wp-content\/uploads\/2022\/02\/twinkling-main-logo.jpg","width":250,"height":100,"caption":"SIA TORANS"},"image":{"@id":"https:\/\/twinkling.lv\/et\/#\/schema\/logo\/image\/"}}]}},"_links":{"self":[{"href":"https:\/\/twinkling.lv\/et\/wp-json\/wp\/v2\/product\/111146","targetHints":{"allow":["GET"]}}],"collection":[{"href":"https:\/\/twinkling.lv\/et\/wp-json\/wp\/v2\/product"}],"about":[{"href":"https:\/\/twinkling.lv\/et\/wp-json\/wp\/v2\/types\/product"}],"replies":[{"embeddable":true,"href":"https:\/\/twinkling.lv\/et\/wp-json\/wp\/v2\/comments?post=111146"}],"wp:featuredmedia":[{"embeddable":true,"href":"https:\/\/twinkling.lv\/et\/wp-json\/wp\/v2\/media\/111034"}],"wp:attachment":[{"href":"https:\/\/twinkling.lv\/et\/wp-json\/wp\/v2\/media?parent=111146"}],"wp:term":[{"taxonomy":"product_brand","embeddable":true,"href":"https:\/\/twinkling.lv\/et\/wp-json\/wp\/v2\/product_brand?post=111146"},{"taxonomy":"product_cat","embeddable":true,"href":"https:\/\/twinkling.lv\/et\/wp-json\/wp\/v2\/product_cat?post=111146"},{"taxonomy":"product_tag","embeddable":true,"href":"https:\/\/twinkling.lv\/et\/wp-json\/wp\/v2\/product_tag?post=111146"}],"curies":[{"name":"wp","href":"https:\/\/api.w.org\/{rel}","templated":true}]}}