{"id":111142,"date":"2025-03-02T15:53:21","date_gmt":"2025-03-02T12:53:21","guid":{"rendered":"https:\/\/twinkling.lv\/shop\/vitalharmony-gaba-700mg-kapsulas-n90\/"},"modified":"2025-03-02T16:08:50","modified_gmt":"2025-03-02T13:08:50","slug":"vitalharmony-gaba-700mg-kapsulas-n90","status":"publish","type":"product","link":"https:\/\/twinkling.lv\/et\/shop\/vitalharmony-gaba-700mg-kapsulas-n90\/","title":{"rendered":"VitalHarmony Gaba 700mg kapslid N90"},"content":{"rendered":"<p><strong>KIRJELDUS<\/strong><\/p>\n<p>VitalHarmony GABA 700 mg 90 kapslit<br \/>\nLooduslik viis toetada l\u00f5\u00f5gastumist ja stressi leevendamist. Iga pudel sisaldab 90 kapslit gamma-aminov\u00f5ihapet (GABA), mis on loodud aitamaks soodustada rahulikku meelt, v\u00e4hendada stressitaset ja parandada une kvaliteeti.<\/p>\n<p>Mis on GABA?<br \/>\nGamma-aminov\u00f5ihape (GABA) on loomulikult esinev neurotransmitter ajus. See vastutab \u00fcliaktiivsete n\u00e4rvisignaalide p\u00e4rssimise eest, aidates kaasa l\u00f5\u00f5gastumisele, \u00e4revuse v\u00e4hendamisele ja une parandamisele. GABA-d kasutatakse sageli j\u00e4rgmistel eesm\u00e4rkidel:<\/p>\n<p>Stressi v\u00e4hendamine: Aitab rahustada n\u00e4rvis\u00fcsteemi, v\u00e4hendades stressi ja \u00e4revust.<br \/>\nUne kvaliteedi parandamine: Soodustades l\u00f5\u00f5gastumist, aitab GABA kiiremini uinuda ja tagab s\u00fcgavama ja rahulikuma une.<br \/>\nMeeleolu reguleerimine: M\u00e4ngib rolli meeleolu tasakaalustamisel, ennetades aju liigset stimuleerimist, mis aitab hallata \u00e4rrituvust ja rahutust.<br \/>\nFookuse ja selguse parandamine: Toetab vaimset selgust, v\u00e4hendades liigset stimuleerimist ja soodustades rahulikku, keskendunud olekut.<br \/>\nMiks valida GABA?<br \/>\nGABA toidulisandid v\u00f5ivad aidata taastada selle neurotransmitteri loomulikku taset, eriti neil, kes kogevad k\u00f5rget stressitaset v\u00f5i kellel on raskusi uinumisega. See GABA vorm on kergesti omastatav ja sobib ideaalselt neile, kes otsivad looduslikku viisi l\u00f5\u00f5gastumise ja vaimse heaolu toetamiseks.<\/p>\n<p><strong>RAKENDUSVIIS<\/strong><\/p>\n<p>T\u00e4iskasvanutele v\u00f5tta 1 kapsel \u00fcks kord p\u00e4evas (portsjon) koos piisava koguse veega.<\/p>\n<p>Hoiatused: Mitte kasutada allergia (\u00fclitundlikkuse) korral toote m\u00f5ne komponendi suhtes. \u00c4rge \u00fcletage soovitatavat \u00f6\u00f6p\u00e4evast annust. Tasakaalustatud toitumine ja tervislik eluviis on organismi korraliku toimimise aluseks. \u00c4rge kasutage toidulisandeid t\u00e4isv\u00e4\u00e4rtusliku ja tasakaalustatud toitumise asendamiseks. Mitte kasutada lastel, rasedatel ega imetavatel naistel.<\/p>\n<p><strong>TOOTE KOOSTIS<\/strong><\/p>\n<p>Gamma-aminov\u00f5ihape (GABA), paakumisvastane aine: r\u00e4nidioksiid, kapsli kest: veise \u017eelatiin, puhastatud vesi.<\/p>\n","protected":false},"excerpt":{"rendered":"<p><span style=\"color: #0000ff;\"><a style=\"color: #0000ff;\" href=\"https:\/\/pakalpojumi.pvd.gov.lv\/lv\/supplements\/15418\" target=\"_blank\" rel=\"noopener\">Toote \u00fcksikasjad<\/a><\/span><\/p>\n","protected":false},"featured_media":111044,"comment_status":"open","ping_status":"closed","template":"","meta":[],"product_brand":[],"product_cat":[3115,3106,3095,8730],"product_tag":[],"class_list":{"0":"post-111142","1":"product","2":"type-product","3":"status-publish","4":"has-post-thumbnail","6":"product_cat-nervu-sistemai-un-miegam-et","7":"product_cat-veselibai-et","8":"product_cat-uztura-bagatinataji-et","9":"product_cat-vitalharmony-et","11":"first","12":"instock","13":"taxable","14":"shipping-taxable","15":"purchasable","16":"product-type-simple"},"yoast_head":"<!-- This site is optimized with the Yoast SEO plugin v27.4 - https:\/\/yoast.com\/product\/yoast-seo-wordpress\/ -->\n<title>VitalHarmony Gaba 700mg kapslid N90 | Twinkling<\/title>\n<meta name=\"description\" content=\"Toote \u00fcksikasjad\" \/>\n<meta name=\"robots\" content=\"index, follow, max-snippet:-1, max-image-preview:large, max-video-preview:-1\" \/>\n<link rel=\"canonical\" href=\"https:\/\/twinkling.lv\/et\/shop\/vitalharmony-gaba-700mg-kapsulas-n90\/\" \/>\n<meta property=\"og:locale\" content=\"et_EE\" \/>\n<meta property=\"og:type\" content=\"article\" \/>\n<meta property=\"og:title\" content=\"VitalHarmony Gaba 700mg kapslid N90 | Twinkling\" \/>\n<meta property=\"og:description\" content=\"Toote \u00fcksikasjad\" \/>\n<meta property=\"og:url\" content=\"https:\/\/twinkling.lv\/et\/shop\/vitalharmony-gaba-700mg-kapsulas-n90\/\" \/>\n<meta property=\"og:site_name\" content=\"Twinkling\" \/>\n<meta property=\"article:modified_time\" content=\"2025-03-02T13:08:50+00:00\" \/>\n<meta property=\"og:image\" content=\"https:\/\/twinkling.lv\/wp-content\/uploads\/2025\/03\/VitalHarmony-Gaba-700mg-90-capsules.jpg\" \/>\n\t<meta property=\"og:image:width\" content=\"1000\" \/>\n\t<meta property=\"og:image:height\" content=\"1000\" \/>\n\t<meta property=\"og:image:type\" content=\"image\/jpeg\" \/>\n<meta name=\"twitter:card\" content=\"summary_large_image\" \/>\n<meta name=\"twitter:label1\" content=\"Est. reading time\" \/>\n\t<meta name=\"twitter:data1\" content=\"1 minut\" \/>\n<script type=\"application\/ld+json\" class=\"yoast-schema-graph\">{\"@context\":\"https:\\\/\\\/schema.org\",\"@graph\":[{\"@type\":\"WebPage\",\"@id\":\"https:\\\/\\\/twinkling.lv\\\/et\\\/shop\\\/vitalharmony-gaba-700mg-kapsulas-n90\\\/\",\"url\":\"https:\\\/\\\/twinkling.lv\\\/et\\\/shop\\\/vitalharmony-gaba-700mg-kapsulas-n90\\\/\",\"name\":\"VitalHarmony Gaba 700mg kapslid N90 | Twinkling\",\"isPartOf\":{\"@id\":\"https:\\\/\\\/twinkling.lv\\\/et\\\/#website\"},\"primaryImageOfPage\":{\"@id\":\"https:\\\/\\\/twinkling.lv\\\/et\\\/shop\\\/vitalharmony-gaba-700mg-kapsulas-n90\\\/#primaryimage\"},\"image\":{\"@id\":\"https:\\\/\\\/twinkling.lv\\\/et\\\/shop\\\/vitalharmony-gaba-700mg-kapsulas-n90\\\/#primaryimage\"},\"thumbnailUrl\":\"https:\\\/\\\/twinkling.lv\\\/wp-content\\\/uploads\\\/2025\\\/03\\\/VitalHarmony-Gaba-700mg-90-capsules.jpg\",\"datePublished\":\"2025-03-02T12:53:21+00:00\",\"dateModified\":\"2025-03-02T13:08:50+00:00\",\"description\":\"Toote \u00fcksikasjad\",\"breadcrumb\":{\"@id\":\"https:\\\/\\\/twinkling.lv\\\/et\\\/shop\\\/vitalharmony-gaba-700mg-kapsulas-n90\\\/#breadcrumb\"},\"inLanguage\":\"et\",\"potentialAction\":[{\"@type\":\"ReadAction\",\"target\":[\"https:\\\/\\\/twinkling.lv\\\/et\\\/shop\\\/vitalharmony-gaba-700mg-kapsulas-n90\\\/\"]}]},{\"@type\":\"ImageObject\",\"inLanguage\":\"et\",\"@id\":\"https:\\\/\\\/twinkling.lv\\\/et\\\/shop\\\/vitalharmony-gaba-700mg-kapsulas-n90\\\/#primaryimage\",\"url\":\"https:\\\/\\\/twinkling.lv\\\/wp-content\\\/uploads\\\/2025\\\/03\\\/VitalHarmony-Gaba-700mg-90-capsules.jpg\",\"contentUrl\":\"https:\\\/\\\/twinkling.lv\\\/wp-content\\\/uploads\\\/2025\\\/03\\\/VitalHarmony-Gaba-700mg-90-capsules.jpg\",\"width\":1000,\"height\":1000},{\"@type\":\"BreadcrumbList\",\"@id\":\"https:\\\/\\\/twinkling.lv\\\/et\\\/shop\\\/vitalharmony-gaba-700mg-kapsulas-n90\\\/#breadcrumb\",\"itemListElement\":[{\"@type\":\"ListItem\",\"position\":1,\"name\":\"\u0413\u043b\u0430\u0432\u043d\u0430\u044f \u0441\u0442\u0440\u0430\u043d\u0438\u0446\u0430\",\"item\":\"https:\\\/\\\/twinkling.lv\\\/et\\\/\"},{\"@type\":\"ListItem\",\"position\":2,\"name\":\"Pood\",\"item\":\"https:\\\/\\\/twinkling.lv\\\/pood\\\/\"},{\"@type\":\"ListItem\",\"position\":3,\"name\":\"VitalHarmony Gaba 700mg kapslid N90\"}]},{\"@type\":\"WebSite\",\"@id\":\"https:\\\/\\\/twinkling.lv\\\/et\\\/#website\",\"url\":\"https:\\\/\\\/twinkling.lv\\\/et\\\/\",\"name\":\"Twinkling\",\"description\":\"\u041a\u0440\u0430\u0441\u043e\u0442\u0430 \u0438 \u0417\u0434\u043e\u0440\u043e\u0432\u044c\u0435\",\"publisher\":{\"@id\":\"https:\\\/\\\/twinkling.lv\\\/et\\\/#organization\"},\"potentialAction\":[{\"@type\":\"SearchAction\",\"target\":{\"@type\":\"EntryPoint\",\"urlTemplate\":\"https:\\\/\\\/twinkling.lv\\\/et\\\/?s={search_term_string}\"},\"query-input\":{\"@type\":\"PropertyValueSpecification\",\"valueRequired\":true,\"valueName\":\"search_term_string\"}}],\"inLanguage\":\"et\"},{\"@type\":\"Organization\",\"@id\":\"https:\\\/\\\/twinkling.lv\\\/et\\\/#organization\",\"name\":\"SIA TORANS\",\"url\":\"https:\\\/\\\/twinkling.lv\\\/et\\\/\",\"logo\":{\"@type\":\"ImageObject\",\"inLanguage\":\"et\",\"@id\":\"https:\\\/\\\/twinkling.lv\\\/et\\\/#\\\/schema\\\/logo\\\/image\\\/\",\"url\":\"https:\\\/\\\/twinkling.lv\\\/wp-content\\\/uploads\\\/2022\\\/02\\\/twinkling-main-logo.jpg\",\"contentUrl\":\"https:\\\/\\\/twinkling.lv\\\/wp-content\\\/uploads\\\/2022\\\/02\\\/twinkling-main-logo.jpg\",\"width\":250,\"height\":100,\"caption\":\"SIA TORANS\"},\"image\":{\"@id\":\"https:\\\/\\\/twinkling.lv\\\/et\\\/#\\\/schema\\\/logo\\\/image\\\/\"}}]}<\/script>\n<!-- \/ Yoast SEO plugin. -->","yoast_head_json":{"title":"VitalHarmony Gaba 700mg kapslid N90 | Twinkling","description":"Toote \u00fcksikasjad","robots":{"index":"index","follow":"follow","max-snippet":"max-snippet:-1","max-image-preview":"max-image-preview:large","max-video-preview":"max-video-preview:-1"},"canonical":"https:\/\/twinkling.lv\/et\/shop\/vitalharmony-gaba-700mg-kapsulas-n90\/","og_locale":"et_EE","og_type":"article","og_title":"VitalHarmony Gaba 700mg kapslid N90 | Twinkling","og_description":"Toote \u00fcksikasjad","og_url":"https:\/\/twinkling.lv\/et\/shop\/vitalharmony-gaba-700mg-kapsulas-n90\/","og_site_name":"Twinkling","article_modified_time":"2025-03-02T13:08:50+00:00","og_image":[{"width":1000,"height":1000,"url":"https:\/\/twinkling.lv\/wp-content\/uploads\/2025\/03\/VitalHarmony-Gaba-700mg-90-capsules.jpg","type":"image\/jpeg"}],"twitter_card":"summary_large_image","twitter_misc":{"Est. reading time":"1 minut"},"schema":{"@context":"https:\/\/schema.org","@graph":[{"@type":"WebPage","@id":"https:\/\/twinkling.lv\/et\/shop\/vitalharmony-gaba-700mg-kapsulas-n90\/","url":"https:\/\/twinkling.lv\/et\/shop\/vitalharmony-gaba-700mg-kapsulas-n90\/","name":"VitalHarmony Gaba 700mg kapslid N90 | Twinkling","isPartOf":{"@id":"https:\/\/twinkling.lv\/et\/#website"},"primaryImageOfPage":{"@id":"https:\/\/twinkling.lv\/et\/shop\/vitalharmony-gaba-700mg-kapsulas-n90\/#primaryimage"},"image":{"@id":"https:\/\/twinkling.lv\/et\/shop\/vitalharmony-gaba-700mg-kapsulas-n90\/#primaryimage"},"thumbnailUrl":"https:\/\/twinkling.lv\/wp-content\/uploads\/2025\/03\/VitalHarmony-Gaba-700mg-90-capsules.jpg","datePublished":"2025-03-02T12:53:21+00:00","dateModified":"2025-03-02T13:08:50+00:00","description":"Toote \u00fcksikasjad","breadcrumb":{"@id":"https:\/\/twinkling.lv\/et\/shop\/vitalharmony-gaba-700mg-kapsulas-n90\/#breadcrumb"},"inLanguage":"et","potentialAction":[{"@type":"ReadAction","target":["https:\/\/twinkling.lv\/et\/shop\/vitalharmony-gaba-700mg-kapsulas-n90\/"]}]},{"@type":"ImageObject","inLanguage":"et","@id":"https:\/\/twinkling.lv\/et\/shop\/vitalharmony-gaba-700mg-kapsulas-n90\/#primaryimage","url":"https:\/\/twinkling.lv\/wp-content\/uploads\/2025\/03\/VitalHarmony-Gaba-700mg-90-capsules.jpg","contentUrl":"https:\/\/twinkling.lv\/wp-content\/uploads\/2025\/03\/VitalHarmony-Gaba-700mg-90-capsules.jpg","width":1000,"height":1000},{"@type":"BreadcrumbList","@id":"https:\/\/twinkling.lv\/et\/shop\/vitalharmony-gaba-700mg-kapsulas-n90\/#breadcrumb","itemListElement":[{"@type":"ListItem","position":1,"name":"\u0413\u043b\u0430\u0432\u043d\u0430\u044f \u0441\u0442\u0440\u0430\u043d\u0438\u0446\u0430","item":"https:\/\/twinkling.lv\/et\/"},{"@type":"ListItem","position":2,"name":"Pood","item":"https:\/\/twinkling.lv\/pood\/"},{"@type":"ListItem","position":3,"name":"VitalHarmony Gaba 700mg kapslid N90"}]},{"@type":"WebSite","@id":"https:\/\/twinkling.lv\/et\/#website","url":"https:\/\/twinkling.lv\/et\/","name":"Twinkling","description":"\u041a\u0440\u0430\u0441\u043e\u0442\u0430 \u0438 \u0417\u0434\u043e\u0440\u043e\u0432\u044c\u0435","publisher":{"@id":"https:\/\/twinkling.lv\/et\/#organization"},"potentialAction":[{"@type":"SearchAction","target":{"@type":"EntryPoint","urlTemplate":"https:\/\/twinkling.lv\/et\/?s={search_term_string}"},"query-input":{"@type":"PropertyValueSpecification","valueRequired":true,"valueName":"search_term_string"}}],"inLanguage":"et"},{"@type":"Organization","@id":"https:\/\/twinkling.lv\/et\/#organization","name":"SIA TORANS","url":"https:\/\/twinkling.lv\/et\/","logo":{"@type":"ImageObject","inLanguage":"et","@id":"https:\/\/twinkling.lv\/et\/#\/schema\/logo\/image\/","url":"https:\/\/twinkling.lv\/wp-content\/uploads\/2022\/02\/twinkling-main-logo.jpg","contentUrl":"https:\/\/twinkling.lv\/wp-content\/uploads\/2022\/02\/twinkling-main-logo.jpg","width":250,"height":100,"caption":"SIA TORANS"},"image":{"@id":"https:\/\/twinkling.lv\/et\/#\/schema\/logo\/image\/"}}]}},"_links":{"self":[{"href":"https:\/\/twinkling.lv\/et\/wp-json\/wp\/v2\/product\/111142","targetHints":{"allow":["GET"]}}],"collection":[{"href":"https:\/\/twinkling.lv\/et\/wp-json\/wp\/v2\/product"}],"about":[{"href":"https:\/\/twinkling.lv\/et\/wp-json\/wp\/v2\/types\/product"}],"replies":[{"embeddable":true,"href":"https:\/\/twinkling.lv\/et\/wp-json\/wp\/v2\/comments?post=111142"}],"wp:featuredmedia":[{"embeddable":true,"href":"https:\/\/twinkling.lv\/et\/wp-json\/wp\/v2\/media\/111044"}],"wp:attachment":[{"href":"https:\/\/twinkling.lv\/et\/wp-json\/wp\/v2\/media?parent=111142"}],"wp:term":[{"taxonomy":"product_brand","embeddable":true,"href":"https:\/\/twinkling.lv\/et\/wp-json\/wp\/v2\/product_brand?post=111142"},{"taxonomy":"product_cat","embeddable":true,"href":"https:\/\/twinkling.lv\/et\/wp-json\/wp\/v2\/product_cat?post=111142"},{"taxonomy":"product_tag","embeddable":true,"href":"https:\/\/twinkling.lv\/et\/wp-json\/wp\/v2\/product_tag?post=111142"}],"curies":[{"name":"wp","href":"https:\/\/api.w.org\/{rel}","templated":true}]}}