{"id":33258,"date":"2024-04-04T14:40:30","date_gmt":"2024-04-04T11:40:30","guid":{"rendered":"https:\/\/twinkling.lv\/tagasipoordumine\/"},"modified":"2024-04-04T14:40:30","modified_gmt":"2024-04-04T11:40:30","slug":"tagasipoordumine","status":"publish","type":"page","link":"https:\/\/twinkling.lv\/et\/tagasipoordumine\/","title":{"rendered":"Tagasip\u00f6\u00f6rdumine"},"content":{"rendered":"\n<h2>Tagasip\u00f6\u00f6rdumine<\/h2>\r\n<ol>\r\n \t<li>Tarbija peab teavitama meid toote tagastamise kavatsusest 14 (neljateistk\u00fcmne) p\u00e4eva jooksul alates toote k\u00e4ttesaamisest, t\u00e4ites tagasimaksevormi.<\/li>\r\n \t<li>Tagastatav kaup peab olema kasutamata, kahjustamata ja kinnises originaalpakendis. (kustutamata ja kahjustamata siltidega, rebenenud kaitsekiledega jne).<\/li>\r\n \t<li>Tagastamise korral kannab saatekulud Tarbija, v\u00e4lja arvatud juhul, kui tagastamise p\u00f5hjuseks on toote mittevastavus tellimusele.<\/li>\r\n \t<li>Tarbija on kohustatud saatma kauba posti v\u00f5i muu postiteenusega tema valikul ja omal kulul m\u00e4rgitud aadressile 14 (neljateistk\u00fcmne) p\u00e4eva jooksul p\u00e4rast kirjaliku keeldumise saatmist. T\u00e4htaeg loetakse t\u00e4idetuks, kui toode tagastatakse 14 p\u00e4eva jooksul.<\/li>\r\n \t<li>TWINKLING.LV on \u00f5igus mitte tagastada Tarbija poolt toote eest tasutud rahasummat enne, kui tarbija on toote tagastanud v\u00f5i TWINKLING.LV on toote k\u00e4ttesaamisel avastanud, et seda on kasutatud v\u00f5i avatud.<\/li>\r\n \t<li>TWINKLING.LV tagastab tarbijale toote v\u00e4\u00e4rtuse, v\u00e4lja arvatud tarnev\u00e4\u00e4rtus, 14 kalendrip\u00e4eva jooksul p\u00e4rast toote k\u00e4ttesaamist. Tagastamine toimub sama maksevahendiga, mida tarbija kasutas algse tehingu tegemisel, kui tarbija ei ole s\u00f5naselgelt teisiti kokku leppinud. Igal juhul ei v\u00f5eta tarbijalt sellise tagasimakse eest tasu. Kui tellimusele m\u00e4\u00e4rati tasuta kohaletoimetamine ja sellisest tellimusest tagastatakse osa v\u00f5i k\u00f5ik tellitud kaubad, j\u00e4tab TWINKLING.LV endale \u00f5iguse tarnekulud maha arvata.<\/li>\r\n<\/ol>\r\n<h2>Taganemis\u00f5igus<\/h2>\r\n<ol>\r\n \t<li>Tarbija ei saa kasutada taganemis\u00f5igust, kui:\r\n<ol>\r\n \t<li>Toode on kiiresti riknev v\u00f5i aegub peagi;<\/li>\r\n \t<li>Tarbija on avanud toote pakendi, mida ei ole v\u00f5imalik tervislikel ja h\u00fcgieenilistel p\u00f5hjustel tagastada;<\/li>\r\n \t<li>Oma omaduste t\u00f5ttu seguneb toode p\u00e4rast tarnimist p\u00f6\u00f6rdumatult muude asjadega;<\/li>\r\n \t<li>Ostetud kaubad on kiiresti riknevad v\u00f5i kiiresti kasutatavad (h\u00fcgieenitooted, kosmeetika);<\/li>\r\n \t<li>Kaup on valmistatud tarbija juhiste j\u00e4rgi v\u00f5i on asi selgelt isikustatud;<\/li>\r\n \t<li>Avatud pakendis kosmeetika- ja parf\u00fc\u00fcmitooted tagastamisele ei kuulu. Samuti ei ole v\u00f5imalik tagastada kaupa, mille kasutamist ei ole v\u00f5imalik kontrollida;<\/li>\r\n \t<li>Toote s\u00e4ilivusaeg on suhteliselt l\u00fchike ja s\u00f5ltub otseselt pakendi avamise p\u00e4evast;<\/li>\r\n \t<li>Toode on kahjustatud;<\/li>\r\n \t<li>Toidulisandid, k\u00e4sim\u00fc\u00fcgiravimid ja meditsiinitarbed, mis Ministrite Kabineti 26. juuni 2007 m\u00e4\u00e4ruse nr 416 &#8220;Ravimite turustamise ja kvaliteedikontrolli kord&#8221; j\u00e4rgi n\u00f5uavad etten\u00e4htud s\u00e4ilitustingimusi (niiskus). , valguse, temperatuuri jne piirangud).<\/li>\r\n<\/ol>\r\n<\/li>\r\n<\/ol>\r\n<ol start=\"2\">\r\n \t<li>Tuletame meelde, et keeldumise reeglid ei kehti juhtudel, kui toode ostetakse juriidilistele isikutele v\u00f5i toode on m\u00f5eldud professionaalseks kasutamiseks.<\/li>\r\n \t<li>V\u00f5imalikud pretensioonid palume saata e-posti aadressile: info@twinkling.lv. Kirjas soovitame v\u00f5imalikult t\u00e4pselt kirjeldada oma pretensiooni p\u00f5hjust, samuti mitte unustada m\u00e4rkida oma kontaktandmeid. V\u00f5tame taotlejaga \u00fchendust 3 t\u00f6\u00f6p\u00e4eva jooksul. Tarbijal on \u00f5igus p\u00f6\u00f6rduda tarbijakaebuste l\u00e4bivaatamise komisjonis asuvasse tarbija\u00f5iguste kaitse osakonna poole, mis tegeleb lepingust tulenevate vaidlustega.<\/li>\r\n<\/ol>\r\n<h2>Tagastamisvorm<\/h2>\r\n\n<div class=\"wpcf7 no-js\" id=\"wpcf7-f33257-o1\" lang=\"en-US\" dir=\"ltr\" data-wpcf7-id=\"33257\">\n<div class=\"screen-reader-response\"><p role=\"status\" aria-live=\"polite\" aria-atomic=\"true\"><\/p> <ul><\/ul><\/div>\n<form action=\"\/et\/wp-json\/wp\/v2\/pages\/33258#wpcf7-f33257-o1\" method=\"post\" class=\"wpcf7-form init\" aria-label=\"Contact form\" novalidate=\"novalidate\" data-status=\"init\">\n<fieldset class=\"hidden-fields-container\"><input type=\"hidden\" name=\"_wpcf7\" value=\"33257\" \/><input type=\"hidden\" name=\"_wpcf7_version\" value=\"6.1.5\" \/><input type=\"hidden\" name=\"_wpcf7_locale\" value=\"en_US\" \/><input type=\"hidden\" name=\"_wpcf7_unit_tag\" value=\"wpcf7-f33257-o1\" \/><input type=\"hidden\" name=\"_wpcf7_container_post\" value=\"0\" \/><input type=\"hidden\" name=\"_wpcf7_posted_data_hash\" value=\"\" \/>\n<\/fieldset>\n<p><label>Nimi<br \/>\n<span class=\"wpcf7-form-control-wrap\" data-name=\"customer-name\"><input size=\"40\" maxlength=\"400\" class=\"wpcf7-form-control wpcf7-text wpcf7-validates-as-required\" aria-required=\"true\" aria-invalid=\"false\" value=\"\" type=\"text\" name=\"customer-name\" \/><\/span><\/label>\n<\/p>\n<p><label>Tellimuse number<br \/>\n<span class=\"wpcf7-form-control-wrap\" data-name=\"order-number\"><input size=\"40\" maxlength=\"400\" class=\"wpcf7-form-control wpcf7-text wpcf7-validates-as-required\" aria-required=\"true\" aria-invalid=\"false\" value=\"\" type=\"text\" name=\"order-number\" \/><\/span><\/label>\n<\/p>\n<p><label>Tagastatava(te) kauba(de) nimi<br \/>\n<span class=\"wpcf7-form-control-wrap\" data-name=\"products\"><input size=\"40\" maxlength=\"400\" class=\"wpcf7-form-control wpcf7-text wpcf7-validates-as-required\" aria-required=\"true\" aria-invalid=\"false\" value=\"\" type=\"text\" name=\"products\" \/><\/span><\/label>\n<\/p>\n<p><label>Kauba tagastamise p\u00f5hjus<br \/>\n<span class=\"wpcf7-form-control-wrap\" data-name=\"refund-reason\"><input size=\"40\" maxlength=\"400\" class=\"wpcf7-form-control wpcf7-text wpcf7-validates-as-required\" aria-required=\"true\" aria-invalid=\"false\" value=\"\" type=\"text\" name=\"refund-reason\" \/><\/span> <\/label>\n<\/p>\n<p><input class=\"wpcf7-form-control wpcf7-submit has-spinner\" type=\"submit\" value=\"Saada\" \/>\n<\/p><div class=\"wpcf7-response-output\" aria-hidden=\"true\"><\/div>\n<\/form>\n<\/div>\n\n","protected":false},"excerpt":{"rendered":"","protected":false},"author":1,"featured_media":0,"parent":0,"menu_order":0,"comment_status":"closed","ping_status":"closed","template":"page-blank-title-center.php","meta":{"footnotes":""},"class_list":["post-33258","page","type-page","status-publish","hentry"],"yoast_head":"<!-- This site is optimized with the Yoast SEO plugin v27.4 - https:\/\/yoast.com\/product\/yoast-seo-wordpress\/ -->\n<title>Tagasip\u00f6\u00f6rdumine | Twinkling<\/title>\n<meta name=\"description\" content=\"Kauba tagastamine on v\u00f5imalik 14 p\u00e4eva jooksul peale kauba k\u00e4ttesaamist. Taganemis\u00f5igust saate kasutada, t\u00e4ites tagastusvormi.\" \/>\n<meta name=\"robots\" content=\"index, follow, max-snippet:-1, max-image-preview:large, max-video-preview:-1\" \/>\n<link rel=\"canonical\" href=\"https:\/\/twinkling.lv\/et\/tagasipoordumine\/\" \/>\n<meta property=\"og:locale\" content=\"et_EE\" \/>\n<meta property=\"og:type\" content=\"article\" \/>\n<meta property=\"og:title\" content=\"Tagasip\u00f6\u00f6rdumine | Twinkling\" \/>\n<meta property=\"og:description\" content=\"Kauba tagastamine on v\u00f5imalik 14 p\u00e4eva jooksul peale kauba k\u00e4ttesaamist. Taganemis\u00f5igust saate kasutada, t\u00e4ites tagastusvormi.\" \/>\n<meta property=\"og:url\" content=\"https:\/\/twinkling.lv\/et\/tagasipoordumine\/\" \/>\n<meta property=\"og:site_name\" content=\"Twinkling\" \/>\n<meta name=\"twitter:card\" content=\"summary_large_image\" \/>\n<meta name=\"twitter:label1\" content=\"Est. reading time\" \/>\n\t<meta name=\"twitter:data1\" content=\"2 minutit\" \/>\n<script type=\"application\/ld+json\" class=\"yoast-schema-graph\">{\"@context\":\"https:\\\/\\\/schema.org\",\"@graph\":[{\"@type\":\"WebPage\",\"@id\":\"https:\\\/\\\/twinkling.lv\\\/et\\\/tagasipoordumine\\\/\",\"url\":\"https:\\\/\\\/twinkling.lv\\\/et\\\/tagasipoordumine\\\/\",\"name\":\"Tagasip\u00f6\u00f6rdumine | Twinkling\",\"isPartOf\":{\"@id\":\"https:\\\/\\\/twinkling.lv\\\/et\\\/#website\"},\"datePublished\":\"2024-04-04T11:40:30+00:00\",\"description\":\"Kauba tagastamine on v\u00f5imalik 14 p\u00e4eva jooksul peale kauba k\u00e4ttesaamist. Taganemis\u00f5igust saate kasutada, t\u00e4ites tagastusvormi.\",\"breadcrumb\":{\"@id\":\"https:\\\/\\\/twinkling.lv\\\/et\\\/tagasipoordumine\\\/#breadcrumb\"},\"inLanguage\":\"et\",\"potentialAction\":[{\"@type\":\"ReadAction\",\"target\":[\"https:\\\/\\\/twinkling.lv\\\/et\\\/tagasipoordumine\\\/\"]}]},{\"@type\":\"BreadcrumbList\",\"@id\":\"https:\\\/\\\/twinkling.lv\\\/et\\\/tagasipoordumine\\\/#breadcrumb\",\"itemListElement\":[{\"@type\":\"ListItem\",\"position\":1,\"name\":\"\u0413\u043b\u0430\u0432\u043d\u0430\u044f \u0441\u0442\u0440\u0430\u043d\u0438\u0446\u0430\",\"item\":\"https:\\\/\\\/twinkling.lv\\\/et\\\/\"},{\"@type\":\"ListItem\",\"position\":2,\"name\":\"Tagasip\u00f6\u00f6rdumine\"}]},{\"@type\":\"WebSite\",\"@id\":\"https:\\\/\\\/twinkling.lv\\\/et\\\/#website\",\"url\":\"https:\\\/\\\/twinkling.lv\\\/et\\\/\",\"name\":\"Twinkling\",\"description\":\"\u041a\u0440\u0430\u0441\u043e\u0442\u0430 \u0438 \u0417\u0434\u043e\u0440\u043e\u0432\u044c\u0435\",\"publisher\":{\"@id\":\"https:\\\/\\\/twinkling.lv\\\/et\\\/#organization\"},\"potentialAction\":[{\"@type\":\"SearchAction\",\"target\":{\"@type\":\"EntryPoint\",\"urlTemplate\":\"https:\\\/\\\/twinkling.lv\\\/et\\\/?s={search_term_string}\"},\"query-input\":{\"@type\":\"PropertyValueSpecification\",\"valueRequired\":true,\"valueName\":\"search_term_string\"}}],\"inLanguage\":\"et\"},{\"@type\":\"Organization\",\"@id\":\"https:\\\/\\\/twinkling.lv\\\/et\\\/#organization\",\"name\":\"SIA TORANS\",\"url\":\"https:\\\/\\\/twinkling.lv\\\/et\\\/\",\"logo\":{\"@type\":\"ImageObject\",\"inLanguage\":\"et\",\"@id\":\"https:\\\/\\\/twinkling.lv\\\/et\\\/#\\\/schema\\\/logo\\\/image\\\/\",\"url\":\"https:\\\/\\\/twinkling.lv\\\/wp-content\\\/uploads\\\/2022\\\/02\\\/twinkling-main-logo.jpg\",\"contentUrl\":\"https:\\\/\\\/twinkling.lv\\\/wp-content\\\/uploads\\\/2022\\\/02\\\/twinkling-main-logo.jpg\",\"width\":250,\"height\":100,\"caption\":\"SIA TORANS\"},\"image\":{\"@id\":\"https:\\\/\\\/twinkling.lv\\\/et\\\/#\\\/schema\\\/logo\\\/image\\\/\"}}]}<\/script>\n<!-- \/ Yoast SEO plugin. -->","yoast_head_json":{"title":"Tagasip\u00f6\u00f6rdumine | Twinkling","description":"Kauba tagastamine on v\u00f5imalik 14 p\u00e4eva jooksul peale kauba k\u00e4ttesaamist. Taganemis\u00f5igust saate kasutada, t\u00e4ites tagastusvormi.","robots":{"index":"index","follow":"follow","max-snippet":"max-snippet:-1","max-image-preview":"max-image-preview:large","max-video-preview":"max-video-preview:-1"},"canonical":"https:\/\/twinkling.lv\/et\/tagasipoordumine\/","og_locale":"et_EE","og_type":"article","og_title":"Tagasip\u00f6\u00f6rdumine | Twinkling","og_description":"Kauba tagastamine on v\u00f5imalik 14 p\u00e4eva jooksul peale kauba k\u00e4ttesaamist. Taganemis\u00f5igust saate kasutada, t\u00e4ites tagastusvormi.","og_url":"https:\/\/twinkling.lv\/et\/tagasipoordumine\/","og_site_name":"Twinkling","twitter_card":"summary_large_image","twitter_misc":{"Est. reading time":"2 minutit"},"schema":{"@context":"https:\/\/schema.org","@graph":[{"@type":"WebPage","@id":"https:\/\/twinkling.lv\/et\/tagasipoordumine\/","url":"https:\/\/twinkling.lv\/et\/tagasipoordumine\/","name":"Tagasip\u00f6\u00f6rdumine | Twinkling","isPartOf":{"@id":"https:\/\/twinkling.lv\/et\/#website"},"datePublished":"2024-04-04T11:40:30+00:00","description":"Kauba tagastamine on v\u00f5imalik 14 p\u00e4eva jooksul peale kauba k\u00e4ttesaamist. Taganemis\u00f5igust saate kasutada, t\u00e4ites tagastusvormi.","breadcrumb":{"@id":"https:\/\/twinkling.lv\/et\/tagasipoordumine\/#breadcrumb"},"inLanguage":"et","potentialAction":[{"@type":"ReadAction","target":["https:\/\/twinkling.lv\/et\/tagasipoordumine\/"]}]},{"@type":"BreadcrumbList","@id":"https:\/\/twinkling.lv\/et\/tagasipoordumine\/#breadcrumb","itemListElement":[{"@type":"ListItem","position":1,"name":"\u0413\u043b\u0430\u0432\u043d\u0430\u044f \u0441\u0442\u0440\u0430\u043d\u0438\u0446\u0430","item":"https:\/\/twinkling.lv\/et\/"},{"@type":"ListItem","position":2,"name":"Tagasip\u00f6\u00f6rdumine"}]},{"@type":"WebSite","@id":"https:\/\/twinkling.lv\/et\/#website","url":"https:\/\/twinkling.lv\/et\/","name":"Twinkling","description":"\u041a\u0440\u0430\u0441\u043e\u0442\u0430 \u0438 \u0417\u0434\u043e\u0440\u043e\u0432\u044c\u0435","publisher":{"@id":"https:\/\/twinkling.lv\/et\/#organization"},"potentialAction":[{"@type":"SearchAction","target":{"@type":"EntryPoint","urlTemplate":"https:\/\/twinkling.lv\/et\/?s={search_term_string}"},"query-input":{"@type":"PropertyValueSpecification","valueRequired":true,"valueName":"search_term_string"}}],"inLanguage":"et"},{"@type":"Organization","@id":"https:\/\/twinkling.lv\/et\/#organization","name":"SIA TORANS","url":"https:\/\/twinkling.lv\/et\/","logo":{"@type":"ImageObject","inLanguage":"et","@id":"https:\/\/twinkling.lv\/et\/#\/schema\/logo\/image\/","url":"https:\/\/twinkling.lv\/wp-content\/uploads\/2022\/02\/twinkling-main-logo.jpg","contentUrl":"https:\/\/twinkling.lv\/wp-content\/uploads\/2022\/02\/twinkling-main-logo.jpg","width":250,"height":100,"caption":"SIA TORANS"},"image":{"@id":"https:\/\/twinkling.lv\/et\/#\/schema\/logo\/image\/"}}]}},"_links":{"self":[{"href":"https:\/\/twinkling.lv\/et\/wp-json\/wp\/v2\/pages\/33258","targetHints":{"allow":["GET"]}}],"collection":[{"href":"https:\/\/twinkling.lv\/et\/wp-json\/wp\/v2\/pages"}],"about":[{"href":"https:\/\/twinkling.lv\/et\/wp-json\/wp\/v2\/types\/page"}],"author":[{"embeddable":true,"href":"https:\/\/twinkling.lv\/et\/wp-json\/wp\/v2\/users\/1"}],"replies":[{"embeddable":true,"href":"https:\/\/twinkling.lv\/et\/wp-json\/wp\/v2\/comments?post=33258"}],"version-history":[{"count":0,"href":"https:\/\/twinkling.lv\/et\/wp-json\/wp\/v2\/pages\/33258\/revisions"}],"wp:attachment":[{"href":"https:\/\/twinkling.lv\/et\/wp-json\/wp\/v2\/media?parent=33258"}],"curies":[{"name":"wp","href":"https:\/\/api.w.org\/{rel}","templated":true}]}}