{"id":32562,"date":"2024-04-01T02:04:24","date_gmt":"2024-03-31T23:04:24","guid":{"rendered":"https:\/\/twinkling.lv\/shop\/dzintars-dunte-nostiprinoss-krems-kaklam-un-dekolte-ar-c-un-f-vitaminiem-75-ml\/"},"modified":"2025-02-01T23:18:09","modified_gmt":"2025-02-01T20:18:09","slug":"dzintars-dunte-nostiprinoss-krems-kaklam-un-dekolte-ar-c-un-f-vitaminiem-75-ml","status":"publish","type":"product","link":"https:\/\/twinkling.lv\/en\/shop\/dzintars-dunte-nostiprinoss-krems-kaklam-un-dekolte-ar-c-un-f-vitaminiem-75-ml\/","title":{"rendered":"DZINTARS Dunte firming cream for neck and d\u00e9collet\u00e9 with vitamins C and F 75 ml"},"content":{"rendered":"<p><strong>DESCRIPTION<\/strong><\/p>\n<p>A firming cream for the neck and d\u00e9collet\u00e9 area restores skin elasticity, thus reducing the appearance of horizontal lines in the neck and d\u00e9collet\u00e9 area. Made with active ingredients that work on all signs of skin fatigue. HOW IT WORKS: Ensures a healthy and youthful appearance of the skin: C and F vitamins, silicone fillers. Stimulates and regenerates: royal jelly, honey. Improves elasticity and barrier function: shea butter, squalane.<\/p>\n<p><strong>USAGE<\/strong><\/p>\n<p>Apply the cream to the cleansed neck and d\u00e9collet\u00e9 area, gently massaging until it is absorbed. Repeat the application process in the morning and evening.<\/p>\n<p><strong>INGREDIENTS<\/strong><\/p>\n<p>Aqua, Glycerin, Caprylic\/Capric Triglyceride, Dicaprylyl Ether, Pentylene Glycol, Cetearyl Alcohol, Hydrogenated Vegetable Oil, Polymethylsilsesquioxane, Squalane, Glyceryl Stearate, Jojoba Esters, Inositol, Betaine, Butyrospermum Parkii Butter, Saccharide Isomerate, Caprylyl Glycol, Parfum, Octyldodecanol, Helianthus Annuus Seed Cera, Sodium Stearoyl Glutamate, Sodium Polyacrylate, Mel, Ascorbyl Tetraisopalmitate, Acrylates\/C10-30 Alkyl Acrylate Crosspolymer, Potassium Sorbate, Sodium Gluconate, Xanthan Gum, Lecithin, Succinic Acid, BHT, Polyglycerin-3, Arachidyl Propionate, Retinyl Palmitate, Tocopherol, Ethyl Linolenate, Citric Acid, Sodium Citrate, Ethyl Linoleate, Royal Jelly, Ethyl Oleate, Alpha-Isomethyl Ionone, Benzyl Salicylate, Citronellol, Eugenol, Geraniol, Hydroxycitronellal, Linalool.<\/p>\n","protected":false},"excerpt":{"rendered":"<p>DESCRIPTION A firming cream for the neck and d\u00e9collet\u00e9 area restores skin elasticity, thus reducing the appearance of horizontal lines in the neck and d\u00e9collet\u00e9 area. Made with active ingredients that work on all signs of skin fatigue. HOW IT WORKS: Ensures a healthy and youthful appearance of the skin: C and F vitamins, silicone [&#8230;]\n","protected":false},"featured_media":30917,"comment_status":"open","ping_status":"closed","template":"","meta":[],"product_brand":[],"product_cat":[1143,1109,3015,1125],"product_tag":[],"class_list":{"0":"post-32562","1":"product","2":"type-product","3":"status-publish","4":"has-post-thumbnail","6":"product_cat-kermenis-en","7":"product_cat-zimoli-en","8":"product_cat-dzintars-en","9":"product_cat-adas-kopsana-en","11":"first","12":"instock","13":"taxable","14":"shipping-taxable","15":"purchasable","16":"product-type-simple"},"yoast_head":"<!-- This site is optimized with the Yoast SEO plugin v27.4 - https:\/\/yoast.com\/product\/yoast-seo-wordpress\/ -->\n<title>DZINTARS Dunte firming cream for neck and d\u00e9collet\u00e9 with vitamins C and F 75 ml | Twinkling<\/title>\n<meta name=\"description\" content=\"DESCRIPTION A firming cream for the neck and d\u00e9collet\u00e9 area restores skin elasticity, thus reducing the appearance of horizontal lines in the neck and\" \/>\n<meta name=\"robots\" content=\"index, follow, max-snippet:-1, max-image-preview:large, max-video-preview:-1\" \/>\n<link rel=\"canonical\" href=\"https:\/\/twinkling.lv\/en\/shop\/dzintars-dunte-nostiprinoss-krems-kaklam-un-dekolte-ar-c-un-f-vitaminiem-75-ml\/\" \/>\n<meta property=\"og:locale\" content=\"en_US\" \/>\n<meta property=\"og:type\" content=\"article\" \/>\n<meta property=\"og:title\" content=\"DZINTARS Dunte firming cream for neck and d\u00e9collet\u00e9 with vitamins C and F 75 ml | Twinkling\" \/>\n<meta property=\"og:description\" content=\"DESCRIPTION A firming cream for the neck and d\u00e9collet\u00e9 area restores skin elasticity, thus reducing the appearance of horizontal lines in the neck and\" \/>\n<meta property=\"og:url\" content=\"https:\/\/twinkling.lv\/en\/shop\/dzintars-dunte-nostiprinoss-krems-kaklam-un-dekolte-ar-c-un-f-vitaminiem-75-ml\/\" \/>\n<meta property=\"og:site_name\" content=\"Twinkling\" \/>\n<meta property=\"article:modified_time\" content=\"2025-02-01T20:18:09+00:00\" \/>\n<meta property=\"og:image\" content=\"https:\/\/twinkling.lv\/wp-content\/uploads\/2024\/03\/DZINTARS-Dunte-nostiprinoss-krems-kaklam-un-dekolte-ar-C-un-F-vitaminiem-75-ml.jpg\" \/>\n\t<meta property=\"og:image:width\" content=\"800\" \/>\n\t<meta property=\"og:image:height\" content=\"800\" \/>\n\t<meta property=\"og:image:type\" content=\"image\/jpeg\" \/>\n<meta name=\"twitter:card\" content=\"summary_large_image\" \/>\n<meta name=\"twitter:label1\" content=\"Est. reading time\" \/>\n\t<meta name=\"twitter:data1\" content=\"1 minute\" \/>\n<script type=\"application\/ld+json\" class=\"yoast-schema-graph\">{\"@context\":\"https:\\\/\\\/schema.org\",\"@graph\":[{\"@type\":\"WebPage\",\"@id\":\"https:\\\/\\\/twinkling.lv\\\/en\\\/shop\\\/dzintars-dunte-nostiprinoss-krems-kaklam-un-dekolte-ar-c-un-f-vitaminiem-75-ml\\\/\",\"url\":\"https:\\\/\\\/twinkling.lv\\\/en\\\/shop\\\/dzintars-dunte-nostiprinoss-krems-kaklam-un-dekolte-ar-c-un-f-vitaminiem-75-ml\\\/\",\"name\":\"DZINTARS Dunte firming cream for neck and d\u00e9collet\u00e9 with vitamins C and F 75 ml | Twinkling\",\"isPartOf\":{\"@id\":\"https:\\\/\\\/twinkling.lv\\\/en\\\/#website\"},\"primaryImageOfPage\":{\"@id\":\"https:\\\/\\\/twinkling.lv\\\/en\\\/shop\\\/dzintars-dunte-nostiprinoss-krems-kaklam-un-dekolte-ar-c-un-f-vitaminiem-75-ml\\\/#primaryimage\"},\"image\":{\"@id\":\"https:\\\/\\\/twinkling.lv\\\/en\\\/shop\\\/dzintars-dunte-nostiprinoss-krems-kaklam-un-dekolte-ar-c-un-f-vitaminiem-75-ml\\\/#primaryimage\"},\"thumbnailUrl\":\"https:\\\/\\\/twinkling.lv\\\/wp-content\\\/uploads\\\/2024\\\/03\\\/DZINTARS-Dunte-nostiprinoss-krems-kaklam-un-dekolte-ar-C-un-F-vitaminiem-75-ml.jpg\",\"datePublished\":\"2024-03-31T23:04:24+00:00\",\"dateModified\":\"2025-02-01T20:18:09+00:00\",\"description\":\"DESCRIPTION A firming cream for the neck and d\u00e9collet\u00e9 area restores skin elasticity, thus reducing the appearance of horizontal lines in the neck and\",\"breadcrumb\":{\"@id\":\"https:\\\/\\\/twinkling.lv\\\/en\\\/shop\\\/dzintars-dunte-nostiprinoss-krems-kaklam-un-dekolte-ar-c-un-f-vitaminiem-75-ml\\\/#breadcrumb\"},\"inLanguage\":\"en-US\",\"potentialAction\":[{\"@type\":\"ReadAction\",\"target\":[\"https:\\\/\\\/twinkling.lv\\\/en\\\/shop\\\/dzintars-dunte-nostiprinoss-krems-kaklam-un-dekolte-ar-c-un-f-vitaminiem-75-ml\\\/\"]}]},{\"@type\":\"ImageObject\",\"inLanguage\":\"en-US\",\"@id\":\"https:\\\/\\\/twinkling.lv\\\/en\\\/shop\\\/dzintars-dunte-nostiprinoss-krems-kaklam-un-dekolte-ar-c-un-f-vitaminiem-75-ml\\\/#primaryimage\",\"url\":\"https:\\\/\\\/twinkling.lv\\\/wp-content\\\/uploads\\\/2024\\\/03\\\/DZINTARS-Dunte-nostiprinoss-krems-kaklam-un-dekolte-ar-C-un-F-vitaminiem-75-ml.jpg\",\"contentUrl\":\"https:\\\/\\\/twinkling.lv\\\/wp-content\\\/uploads\\\/2024\\\/03\\\/DZINTARS-Dunte-nostiprinoss-krems-kaklam-un-dekolte-ar-C-un-F-vitaminiem-75-ml.jpg\",\"width\":800,\"height\":800},{\"@type\":\"BreadcrumbList\",\"@id\":\"https:\\\/\\\/twinkling.lv\\\/en\\\/shop\\\/dzintars-dunte-nostiprinoss-krems-kaklam-un-dekolte-ar-c-un-f-vitaminiem-75-ml\\\/#breadcrumb\",\"itemListElement\":[{\"@type\":\"ListItem\",\"position\":1,\"name\":\"\u0413\u043b\u0430\u0432\u043d\u0430\u044f \u0441\u0442\u0440\u0430\u043d\u0438\u0446\u0430\",\"item\":\"https:\\\/\\\/twinkling.lv\\\/en\\\/\"},{\"@type\":\"ListItem\",\"position\":2,\"name\":\"Shop\",\"item\":\"https:\\\/\\\/twinkling.lv\\\/en\\\/shop\\\/\"},{\"@type\":\"ListItem\",\"position\":3,\"name\":\"DZINTARS Dunte firming cream for neck and d\u00e9collet\u00e9 with vitamins C and F 75 ml\"}]},{\"@type\":\"WebSite\",\"@id\":\"https:\\\/\\\/twinkling.lv\\\/en\\\/#website\",\"url\":\"https:\\\/\\\/twinkling.lv\\\/en\\\/\",\"name\":\"Twinkling\",\"description\":\"Vesel\u012bba un Skaistums\",\"publisher\":{\"@id\":\"https:\\\/\\\/twinkling.lv\\\/en\\\/#organization\"},\"potentialAction\":[{\"@type\":\"SearchAction\",\"target\":{\"@type\":\"EntryPoint\",\"urlTemplate\":\"https:\\\/\\\/twinkling.lv\\\/en\\\/?s={search_term_string}\"},\"query-input\":{\"@type\":\"PropertyValueSpecification\",\"valueRequired\":true,\"valueName\":\"search_term_string\"}}],\"inLanguage\":\"en-US\"},{\"@type\":\"Organization\",\"@id\":\"https:\\\/\\\/twinkling.lv\\\/en\\\/#organization\",\"name\":\"SIA TORANS\",\"url\":\"https:\\\/\\\/twinkling.lv\\\/en\\\/\",\"logo\":{\"@type\":\"ImageObject\",\"inLanguage\":\"en-US\",\"@id\":\"https:\\\/\\\/twinkling.lv\\\/en\\\/#\\\/schema\\\/logo\\\/image\\\/\",\"url\":\"https:\\\/\\\/twinkling.lv\\\/wp-content\\\/uploads\\\/2022\\\/02\\\/twinkling-main-logo.jpg\",\"contentUrl\":\"https:\\\/\\\/twinkling.lv\\\/wp-content\\\/uploads\\\/2022\\\/02\\\/twinkling-main-logo.jpg\",\"width\":250,\"height\":100,\"caption\":\"SIA TORANS\"},\"image\":{\"@id\":\"https:\\\/\\\/twinkling.lv\\\/en\\\/#\\\/schema\\\/logo\\\/image\\\/\"}}]}<\/script>\n<!-- \/ Yoast SEO plugin. -->","yoast_head_json":{"title":"DZINTARS Dunte firming cream for neck and d\u00e9collet\u00e9 with vitamins C and F 75 ml | Twinkling","description":"DESCRIPTION A firming cream for the neck and d\u00e9collet\u00e9 area restores skin elasticity, thus reducing the appearance of horizontal lines in the neck and","robots":{"index":"index","follow":"follow","max-snippet":"max-snippet:-1","max-image-preview":"max-image-preview:large","max-video-preview":"max-video-preview:-1"},"canonical":"https:\/\/twinkling.lv\/en\/shop\/dzintars-dunte-nostiprinoss-krems-kaklam-un-dekolte-ar-c-un-f-vitaminiem-75-ml\/","og_locale":"en_US","og_type":"article","og_title":"DZINTARS Dunte firming cream for neck and d\u00e9collet\u00e9 with vitamins C and F 75 ml | Twinkling","og_description":"DESCRIPTION A firming cream for the neck and d\u00e9collet\u00e9 area restores skin elasticity, thus reducing the appearance of horizontal lines in the neck and","og_url":"https:\/\/twinkling.lv\/en\/shop\/dzintars-dunte-nostiprinoss-krems-kaklam-un-dekolte-ar-c-un-f-vitaminiem-75-ml\/","og_site_name":"Twinkling","article_modified_time":"2025-02-01T20:18:09+00:00","og_image":[{"width":800,"height":800,"url":"https:\/\/twinkling.lv\/wp-content\/uploads\/2024\/03\/DZINTARS-Dunte-nostiprinoss-krems-kaklam-un-dekolte-ar-C-un-F-vitaminiem-75-ml.jpg","type":"image\/jpeg"}],"twitter_card":"summary_large_image","twitter_misc":{"Est. reading time":"1 minute"},"schema":{"@context":"https:\/\/schema.org","@graph":[{"@type":"WebPage","@id":"https:\/\/twinkling.lv\/en\/shop\/dzintars-dunte-nostiprinoss-krems-kaklam-un-dekolte-ar-c-un-f-vitaminiem-75-ml\/","url":"https:\/\/twinkling.lv\/en\/shop\/dzintars-dunte-nostiprinoss-krems-kaklam-un-dekolte-ar-c-un-f-vitaminiem-75-ml\/","name":"DZINTARS Dunte firming cream for neck and d\u00e9collet\u00e9 with vitamins C and F 75 ml | Twinkling","isPartOf":{"@id":"https:\/\/twinkling.lv\/en\/#website"},"primaryImageOfPage":{"@id":"https:\/\/twinkling.lv\/en\/shop\/dzintars-dunte-nostiprinoss-krems-kaklam-un-dekolte-ar-c-un-f-vitaminiem-75-ml\/#primaryimage"},"image":{"@id":"https:\/\/twinkling.lv\/en\/shop\/dzintars-dunte-nostiprinoss-krems-kaklam-un-dekolte-ar-c-un-f-vitaminiem-75-ml\/#primaryimage"},"thumbnailUrl":"https:\/\/twinkling.lv\/wp-content\/uploads\/2024\/03\/DZINTARS-Dunte-nostiprinoss-krems-kaklam-un-dekolte-ar-C-un-F-vitaminiem-75-ml.jpg","datePublished":"2024-03-31T23:04:24+00:00","dateModified":"2025-02-01T20:18:09+00:00","description":"DESCRIPTION A firming cream for the neck and d\u00e9collet\u00e9 area restores skin elasticity, thus reducing the appearance of horizontal lines in the neck and","breadcrumb":{"@id":"https:\/\/twinkling.lv\/en\/shop\/dzintars-dunte-nostiprinoss-krems-kaklam-un-dekolte-ar-c-un-f-vitaminiem-75-ml\/#breadcrumb"},"inLanguage":"en-US","potentialAction":[{"@type":"ReadAction","target":["https:\/\/twinkling.lv\/en\/shop\/dzintars-dunte-nostiprinoss-krems-kaklam-un-dekolte-ar-c-un-f-vitaminiem-75-ml\/"]}]},{"@type":"ImageObject","inLanguage":"en-US","@id":"https:\/\/twinkling.lv\/en\/shop\/dzintars-dunte-nostiprinoss-krems-kaklam-un-dekolte-ar-c-un-f-vitaminiem-75-ml\/#primaryimage","url":"https:\/\/twinkling.lv\/wp-content\/uploads\/2024\/03\/DZINTARS-Dunte-nostiprinoss-krems-kaklam-un-dekolte-ar-C-un-F-vitaminiem-75-ml.jpg","contentUrl":"https:\/\/twinkling.lv\/wp-content\/uploads\/2024\/03\/DZINTARS-Dunte-nostiprinoss-krems-kaklam-un-dekolte-ar-C-un-F-vitaminiem-75-ml.jpg","width":800,"height":800},{"@type":"BreadcrumbList","@id":"https:\/\/twinkling.lv\/en\/shop\/dzintars-dunte-nostiprinoss-krems-kaklam-un-dekolte-ar-c-un-f-vitaminiem-75-ml\/#breadcrumb","itemListElement":[{"@type":"ListItem","position":1,"name":"\u0413\u043b\u0430\u0432\u043d\u0430\u044f \u0441\u0442\u0440\u0430\u043d\u0438\u0446\u0430","item":"https:\/\/twinkling.lv\/en\/"},{"@type":"ListItem","position":2,"name":"Shop","item":"https:\/\/twinkling.lv\/en\/shop\/"},{"@type":"ListItem","position":3,"name":"DZINTARS Dunte firming cream for neck and d\u00e9collet\u00e9 with vitamins C and F 75 ml"}]},{"@type":"WebSite","@id":"https:\/\/twinkling.lv\/en\/#website","url":"https:\/\/twinkling.lv\/en\/","name":"Twinkling","description":"Vesel\u012bba un Skaistums","publisher":{"@id":"https:\/\/twinkling.lv\/en\/#organization"},"potentialAction":[{"@type":"SearchAction","target":{"@type":"EntryPoint","urlTemplate":"https:\/\/twinkling.lv\/en\/?s={search_term_string}"},"query-input":{"@type":"PropertyValueSpecification","valueRequired":true,"valueName":"search_term_string"}}],"inLanguage":"en-US"},{"@type":"Organization","@id":"https:\/\/twinkling.lv\/en\/#organization","name":"SIA TORANS","url":"https:\/\/twinkling.lv\/en\/","logo":{"@type":"ImageObject","inLanguage":"en-US","@id":"https:\/\/twinkling.lv\/en\/#\/schema\/logo\/image\/","url":"https:\/\/twinkling.lv\/wp-content\/uploads\/2022\/02\/twinkling-main-logo.jpg","contentUrl":"https:\/\/twinkling.lv\/wp-content\/uploads\/2022\/02\/twinkling-main-logo.jpg","width":250,"height":100,"caption":"SIA TORANS"},"image":{"@id":"https:\/\/twinkling.lv\/en\/#\/schema\/logo\/image\/"}}]}},"_links":{"self":[{"href":"https:\/\/twinkling.lv\/en\/wp-json\/wp\/v2\/product\/32562","targetHints":{"allow":["GET"]}}],"collection":[{"href":"https:\/\/twinkling.lv\/en\/wp-json\/wp\/v2\/product"}],"about":[{"href":"https:\/\/twinkling.lv\/en\/wp-json\/wp\/v2\/types\/product"}],"replies":[{"embeddable":true,"href":"https:\/\/twinkling.lv\/en\/wp-json\/wp\/v2\/comments?post=32562"}],"wp:featuredmedia":[{"embeddable":true,"href":"https:\/\/twinkling.lv\/en\/wp-json\/wp\/v2\/media\/30917"}],"wp:attachment":[{"href":"https:\/\/twinkling.lv\/en\/wp-json\/wp\/v2\/media?parent=32562"}],"wp:term":[{"taxonomy":"product_brand","embeddable":true,"href":"https:\/\/twinkling.lv\/en\/wp-json\/wp\/v2\/product_brand?post=32562"},{"taxonomy":"product_cat","embeddable":true,"href":"https:\/\/twinkling.lv\/en\/wp-json\/wp\/v2\/product_cat?post=32562"},{"taxonomy":"product_tag","embeddable":true,"href":"https:\/\/twinkling.lv\/en\/wp-json\/wp\/v2\/product_tag?post=32562"}],"curies":[{"name":"wp","href":"https:\/\/api.w.org\/{rel}","templated":true}]}}