{"id":11619,"date":"2021-06-17T15:05:53","date_gmt":"2021-06-17T12:05:53","guid":{"rendered":"https:\/\/twinkling.lv\/shop\/institut-esthederm-photo-reverse-tonets-loti-augstas-aizsardzibas-fluids-sejai-ar-pigmentacijas-plankumiem-50-ml\/"},"modified":"2025-02-01T22:41:10","modified_gmt":"2025-02-01T19:41:10","slug":"institut-esthederm-photo-reverse-tonets-loti-augstas-aizsardzibas-fluids-sejai-ar-pigmentacijas-plankumiem-50-ml","status":"publish","type":"product","link":"https:\/\/twinkling.lv\/en\/shop\/institut-esthederm-photo-reverse-tonets-loti-augstas-aizsardzibas-fluids-sejai-ar-pigmentacijas-plankumiem-50-ml\/","title":{"rendered":"Institut Esthederm Photo Reverse C tone &#8211; fluid with a very high level of sun protection for facial skin impaired 50 ml"},"content":{"rendered":"<p><strong>DESCRIPTION<\/strong><\/p>\n<p>Photo Reverse with tone is simultaneously sunscreen, care and decorative skin for the skin. This is a universal daily cream, specially created for women trying to avoid pigmented spots and want to maintain the opportunity to safely take sunbathing (prone to solid intolerance and allergies undergoing therapy with photosensitizing medicines after aesthetic procedures). A decorative cosmetic product that acts as a light base and provides an uniform effect of cream powder, while being a factor in the sun protection.<\/p>\n<p><strong>USAGE<\/strong><\/p>\n<p>Apply to the skin of the face and neck 20 minutes before the sun. Repeat the application every 2 hours.<\/p>\n<p><strong>INGREDIENTS<\/strong><\/p>\n<p>AQUA\/WATER\/EAU*, ETHYLHEXYL METHOXYCINNAMATE, ETHYLHEXYL METHOXYCRYLENE, ETHYLHEXYL SALICYLATE, GLYCERIN, HOMOSALATE, TRIBEHENIN PEG-20 ESTERS, STYRENE\/ACRYLATES COPOLYMER,BUTYL METHOXYDIBENZOYLMETHANE, BUTYLOCTYL SALICYLATE, DIPROPYLENEGLYCOL, DICAPRYLYL CARBONATE, CAPRYLYL METHICONE, TOCOPHERYL ACETATE, VP\/EICOSENE COPOLYMER, C20-22 ALKYL PHOSPHATE, CREATINE, GLYCERYL STEARATE, GLYCYRRHETINIC ACID, MANNITOL, PEG-100 STEARATE, PENTYLENE GLYCOL, METHYL METHACRYLATE CROSSPOLYMER, C20-22 ALCOHOLS, HYDROXYETHYL ACRYLATE\/SODIUM ACRYLOYLDIMETHYL TAURATECOPOLYMER, PEG-8 LAURATE, CAPRYLYL GLYCOL, 1,2 -HEXANEDIOL, CERIUM OXIDE, BUTYLENE GLYCOL, XANTHAN GUM, BENZOTRIAZOLYL DODECYL P-CRESOL, DISODIUM EDTA, SODIUM DEXTRAN SULFATE, SQUALANE, PALMARIAPALMATA EXTRACT, HYDROLYZED SOY PROTEIN, PARAFFINUM LIQUIDUM \/ MINERAL OIL \/ HUILE MINERALE, HYDROLYZED WHEAT PROTEIN, PHENOX-YETHANOL, POTASSIUM SORBATE, ANDROGRAPHIS PANICULATA LEAF EXTRACT,SODIUM HYDROXIDE, POLYSORBATE 60, PROPYLENE GLYCOL, AMINOETHA-NESULFINIC ACID, SILICA, BHT, CARNOSINE, ARTEMIA EXTRACT, DISODIUM ADENOSINE TRIPHOSPHATE, LAMINARIA DIGITATA EXTRACT, TOCOPHEROL, RED 33 (CI 17200), HEXAPEPTIDE-2. [ES874]*CELLULAR WATER (AQUA\/DISODIUM ADENOSINE TRIPHOSPHATE\/CARNOSINE\/MINERAL SALTS)<\/p>\n","protected":false},"excerpt":{"rendered":"<p>DESCRIPTION Photo Reverse with tone is simultaneously sunscreen, care and decorative skin for the skin. This is a universal daily cream, specially created for women trying to avoid pigmented spots and want to maintain the opportunity to safely take sunbathing (prone to solid intolerance and allergies undergoing therapy with photosensitizing medicines after aesthetic procedures). A [&#8230;]\n","protected":false},"featured_media":8979,"comment_status":"closed","ping_status":"closed","template":"","meta":[],"product_brand":[],"product_cat":[1109,1118,1054,1060],"product_tag":[],"class_list":{"0":"post-11619","1":"product","2":"type-product","3":"status-publish","4":"has-post-thumbnail","6":"product_cat-zimoli-en","7":"product_cat-institut-esthederm-en","8":"product_cat-aizsardziba-no-saules-en","9":"product_cat-saules-aizsarglidzekli-en","10":"pa_adas-tips-sausa-en","11":"pa_adas-tips-normala-en","13":"first","14":"outofstock","15":"taxable","16":"shipping-taxable","17":"purchasable","18":"product-type-simple"},"yoast_head":"<!-- This site is optimized with the Yoast SEO plugin v27.4 - https:\/\/yoast.com\/product\/yoast-seo-wordpress\/ -->\n<title>Institut Esthederm Photo Reverse C tone - fluid with a very high level of sun protection for facial skin impaired 50 ml | Twinkling<\/title>\n<meta name=\"description\" content=\"DESCRIPTION Photo Reverse with tone is simultaneously sunscreen, care and decorative skin for the skin. This is a universal daily cream, specially created\" \/>\n<meta name=\"robots\" content=\"index, follow, max-snippet:-1, max-image-preview:large, max-video-preview:-1\" \/>\n<link rel=\"canonical\" href=\"https:\/\/twinkling.lv\/en\/shop\/institut-esthederm-photo-reverse-tonets-loti-augstas-aizsardzibas-fluids-sejai-ar-pigmentacijas-plankumiem-50-ml\/\" \/>\n<meta property=\"og:locale\" content=\"en_US\" \/>\n<meta property=\"og:type\" content=\"article\" \/>\n<meta property=\"og:title\" content=\"Institut Esthederm Photo Reverse C tone - fluid with a very high level of sun protection for facial skin impaired 50 ml | Twinkling\" \/>\n<meta property=\"og:description\" content=\"DESCRIPTION Photo Reverse with tone is simultaneously sunscreen, care and decorative skin for the skin. This is a universal daily cream, specially created\" \/>\n<meta property=\"og:url\" content=\"https:\/\/twinkling.lv\/en\/shop\/institut-esthederm-photo-reverse-tonets-loti-augstas-aizsardzibas-fluids-sejai-ar-pigmentacijas-plankumiem-50-ml\/\" \/>\n<meta property=\"og:site_name\" content=\"Twinkling\" \/>\n<meta property=\"article:modified_time\" content=\"2025-02-01T19:41:10+00:00\" \/>\n<meta property=\"og:image\" content=\"https:\/\/twinkling.lv\/wp-content\/uploads\/2021\/06\/Institut-Esthederm-Photo-Reverse-Tonets-loti-augstas-aizsardzibas-fluids-sejai-ar-pigmentacijas-plankumiem-50-ml.jpg\" \/>\n\t<meta property=\"og:image:width\" content=\"1000\" \/>\n\t<meta property=\"og:image:height\" content=\"1000\" \/>\n\t<meta property=\"og:image:type\" content=\"image\/jpeg\" \/>\n<meta name=\"twitter:card\" content=\"summary_large_image\" \/>\n<meta name=\"twitter:label1\" content=\"Est. reading time\" \/>\n\t<meta name=\"twitter:data1\" content=\"1 minute\" \/>\n<script type=\"application\/ld+json\" class=\"yoast-schema-graph\">{\"@context\":\"https:\\\/\\\/schema.org\",\"@graph\":[{\"@type\":\"WebPage\",\"@id\":\"https:\\\/\\\/twinkling.lv\\\/en\\\/shop\\\/institut-esthederm-photo-reverse-tonets-loti-augstas-aizsardzibas-fluids-sejai-ar-pigmentacijas-plankumiem-50-ml\\\/\",\"url\":\"https:\\\/\\\/twinkling.lv\\\/en\\\/shop\\\/institut-esthederm-photo-reverse-tonets-loti-augstas-aizsardzibas-fluids-sejai-ar-pigmentacijas-plankumiem-50-ml\\\/\",\"name\":\"Institut Esthederm Photo Reverse C tone - fluid with a very high level of sun protection for facial skin impaired 50 ml | Twinkling\",\"isPartOf\":{\"@id\":\"https:\\\/\\\/twinkling.lv\\\/en\\\/#website\"},\"primaryImageOfPage\":{\"@id\":\"https:\\\/\\\/twinkling.lv\\\/en\\\/shop\\\/institut-esthederm-photo-reverse-tonets-loti-augstas-aizsardzibas-fluids-sejai-ar-pigmentacijas-plankumiem-50-ml\\\/#primaryimage\"},\"image\":{\"@id\":\"https:\\\/\\\/twinkling.lv\\\/en\\\/shop\\\/institut-esthederm-photo-reverse-tonets-loti-augstas-aizsardzibas-fluids-sejai-ar-pigmentacijas-plankumiem-50-ml\\\/#primaryimage\"},\"thumbnailUrl\":\"https:\\\/\\\/twinkling.lv\\\/wp-content\\\/uploads\\\/2021\\\/06\\\/Institut-Esthederm-Photo-Reverse-Tonets-loti-augstas-aizsardzibas-fluids-sejai-ar-pigmentacijas-plankumiem-50-ml.jpg\",\"datePublished\":\"2021-06-17T12:05:53+00:00\",\"dateModified\":\"2025-02-01T19:41:10+00:00\",\"description\":\"DESCRIPTION Photo Reverse with tone is simultaneously sunscreen, care and decorative skin for the skin. This is a universal daily cream, specially created\",\"breadcrumb\":{\"@id\":\"https:\\\/\\\/twinkling.lv\\\/en\\\/shop\\\/institut-esthederm-photo-reverse-tonets-loti-augstas-aizsardzibas-fluids-sejai-ar-pigmentacijas-plankumiem-50-ml\\\/#breadcrumb\"},\"inLanguage\":\"en-US\",\"potentialAction\":[{\"@type\":\"ReadAction\",\"target\":[\"https:\\\/\\\/twinkling.lv\\\/en\\\/shop\\\/institut-esthederm-photo-reverse-tonets-loti-augstas-aizsardzibas-fluids-sejai-ar-pigmentacijas-plankumiem-50-ml\\\/\"]}]},{\"@type\":\"ImageObject\",\"inLanguage\":\"en-US\",\"@id\":\"https:\\\/\\\/twinkling.lv\\\/en\\\/shop\\\/institut-esthederm-photo-reverse-tonets-loti-augstas-aizsardzibas-fluids-sejai-ar-pigmentacijas-plankumiem-50-ml\\\/#primaryimage\",\"url\":\"https:\\\/\\\/twinkling.lv\\\/wp-content\\\/uploads\\\/2021\\\/06\\\/Institut-Esthederm-Photo-Reverse-Tonets-loti-augstas-aizsardzibas-fluids-sejai-ar-pigmentacijas-plankumiem-50-ml.jpg\",\"contentUrl\":\"https:\\\/\\\/twinkling.lv\\\/wp-content\\\/uploads\\\/2021\\\/06\\\/Institut-Esthederm-Photo-Reverse-Tonets-loti-augstas-aizsardzibas-fluids-sejai-ar-pigmentacijas-plankumiem-50-ml.jpg\",\"width\":1000,\"height\":1000,\"caption\":\"Institut Esthederm Photo Reverse Ton\u0113ts \u013coti augstas aizsardz\u012bbas flu\u012bds sejai ar pigment\u0101cijas plankumiem 50 ml\"},{\"@type\":\"BreadcrumbList\",\"@id\":\"https:\\\/\\\/twinkling.lv\\\/en\\\/shop\\\/institut-esthederm-photo-reverse-tonets-loti-augstas-aizsardzibas-fluids-sejai-ar-pigmentacijas-plankumiem-50-ml\\\/#breadcrumb\",\"itemListElement\":[{\"@type\":\"ListItem\",\"position\":1,\"name\":\"\u0413\u043b\u0430\u0432\u043d\u0430\u044f \u0441\u0442\u0440\u0430\u043d\u0438\u0446\u0430\",\"item\":\"https:\\\/\\\/twinkling.lv\\\/en\\\/\"},{\"@type\":\"ListItem\",\"position\":2,\"name\":\"Shop\",\"item\":\"https:\\\/\\\/twinkling.lv\\\/en\\\/shop\\\/\"},{\"@type\":\"ListItem\",\"position\":3,\"name\":\"Institut Esthederm Photo Reverse C tone &#8211; fluid with a very high level of sun protection for facial skin impaired 50 ml\"}]},{\"@type\":\"WebSite\",\"@id\":\"https:\\\/\\\/twinkling.lv\\\/en\\\/#website\",\"url\":\"https:\\\/\\\/twinkling.lv\\\/en\\\/\",\"name\":\"Twinkling\",\"description\":\"Vesel\u012bba un Skaistums\",\"publisher\":{\"@id\":\"https:\\\/\\\/twinkling.lv\\\/en\\\/#organization\"},\"potentialAction\":[{\"@type\":\"SearchAction\",\"target\":{\"@type\":\"EntryPoint\",\"urlTemplate\":\"https:\\\/\\\/twinkling.lv\\\/en\\\/?s={search_term_string}\"},\"query-input\":{\"@type\":\"PropertyValueSpecification\",\"valueRequired\":true,\"valueName\":\"search_term_string\"}}],\"inLanguage\":\"en-US\"},{\"@type\":\"Organization\",\"@id\":\"https:\\\/\\\/twinkling.lv\\\/en\\\/#organization\",\"name\":\"SIA TORANS\",\"url\":\"https:\\\/\\\/twinkling.lv\\\/en\\\/\",\"logo\":{\"@type\":\"ImageObject\",\"inLanguage\":\"en-US\",\"@id\":\"https:\\\/\\\/twinkling.lv\\\/en\\\/#\\\/schema\\\/logo\\\/image\\\/\",\"url\":\"https:\\\/\\\/twinkling.lv\\\/wp-content\\\/uploads\\\/2022\\\/02\\\/twinkling-main-logo.jpg\",\"contentUrl\":\"https:\\\/\\\/twinkling.lv\\\/wp-content\\\/uploads\\\/2022\\\/02\\\/twinkling-main-logo.jpg\",\"width\":250,\"height\":100,\"caption\":\"SIA TORANS\"},\"image\":{\"@id\":\"https:\\\/\\\/twinkling.lv\\\/en\\\/#\\\/schema\\\/logo\\\/image\\\/\"}}]}<\/script>\n<!-- \/ Yoast SEO plugin. -->","yoast_head_json":{"title":"Institut Esthederm Photo Reverse C tone - fluid with a very high level of sun protection for facial skin impaired 50 ml | Twinkling","description":"DESCRIPTION Photo Reverse with tone is simultaneously sunscreen, care and decorative skin for the skin. This is a universal daily cream, specially created","robots":{"index":"index","follow":"follow","max-snippet":"max-snippet:-1","max-image-preview":"max-image-preview:large","max-video-preview":"max-video-preview:-1"},"canonical":"https:\/\/twinkling.lv\/en\/shop\/institut-esthederm-photo-reverse-tonets-loti-augstas-aizsardzibas-fluids-sejai-ar-pigmentacijas-plankumiem-50-ml\/","og_locale":"en_US","og_type":"article","og_title":"Institut Esthederm Photo Reverse C tone - fluid with a very high level of sun protection for facial skin impaired 50 ml | Twinkling","og_description":"DESCRIPTION Photo Reverse with tone is simultaneously sunscreen, care and decorative skin for the skin. This is a universal daily cream, specially created","og_url":"https:\/\/twinkling.lv\/en\/shop\/institut-esthederm-photo-reverse-tonets-loti-augstas-aizsardzibas-fluids-sejai-ar-pigmentacijas-plankumiem-50-ml\/","og_site_name":"Twinkling","article_modified_time":"2025-02-01T19:41:10+00:00","og_image":[{"width":1000,"height":1000,"url":"https:\/\/twinkling.lv\/wp-content\/uploads\/2021\/06\/Institut-Esthederm-Photo-Reverse-Tonets-loti-augstas-aizsardzibas-fluids-sejai-ar-pigmentacijas-plankumiem-50-ml.jpg","type":"image\/jpeg"}],"twitter_card":"summary_large_image","twitter_misc":{"Est. reading time":"1 minute"},"schema":{"@context":"https:\/\/schema.org","@graph":[{"@type":"WebPage","@id":"https:\/\/twinkling.lv\/en\/shop\/institut-esthederm-photo-reverse-tonets-loti-augstas-aizsardzibas-fluids-sejai-ar-pigmentacijas-plankumiem-50-ml\/","url":"https:\/\/twinkling.lv\/en\/shop\/institut-esthederm-photo-reverse-tonets-loti-augstas-aizsardzibas-fluids-sejai-ar-pigmentacijas-plankumiem-50-ml\/","name":"Institut Esthederm Photo Reverse C tone - fluid with a very high level of sun protection for facial skin impaired 50 ml | Twinkling","isPartOf":{"@id":"https:\/\/twinkling.lv\/en\/#website"},"primaryImageOfPage":{"@id":"https:\/\/twinkling.lv\/en\/shop\/institut-esthederm-photo-reverse-tonets-loti-augstas-aizsardzibas-fluids-sejai-ar-pigmentacijas-plankumiem-50-ml\/#primaryimage"},"image":{"@id":"https:\/\/twinkling.lv\/en\/shop\/institut-esthederm-photo-reverse-tonets-loti-augstas-aizsardzibas-fluids-sejai-ar-pigmentacijas-plankumiem-50-ml\/#primaryimage"},"thumbnailUrl":"https:\/\/twinkling.lv\/wp-content\/uploads\/2021\/06\/Institut-Esthederm-Photo-Reverse-Tonets-loti-augstas-aizsardzibas-fluids-sejai-ar-pigmentacijas-plankumiem-50-ml.jpg","datePublished":"2021-06-17T12:05:53+00:00","dateModified":"2025-02-01T19:41:10+00:00","description":"DESCRIPTION Photo Reverse with tone is simultaneously sunscreen, care and decorative skin for the skin. This is a universal daily cream, specially created","breadcrumb":{"@id":"https:\/\/twinkling.lv\/en\/shop\/institut-esthederm-photo-reverse-tonets-loti-augstas-aizsardzibas-fluids-sejai-ar-pigmentacijas-plankumiem-50-ml\/#breadcrumb"},"inLanguage":"en-US","potentialAction":[{"@type":"ReadAction","target":["https:\/\/twinkling.lv\/en\/shop\/institut-esthederm-photo-reverse-tonets-loti-augstas-aizsardzibas-fluids-sejai-ar-pigmentacijas-plankumiem-50-ml\/"]}]},{"@type":"ImageObject","inLanguage":"en-US","@id":"https:\/\/twinkling.lv\/en\/shop\/institut-esthederm-photo-reverse-tonets-loti-augstas-aizsardzibas-fluids-sejai-ar-pigmentacijas-plankumiem-50-ml\/#primaryimage","url":"https:\/\/twinkling.lv\/wp-content\/uploads\/2021\/06\/Institut-Esthederm-Photo-Reverse-Tonets-loti-augstas-aizsardzibas-fluids-sejai-ar-pigmentacijas-plankumiem-50-ml.jpg","contentUrl":"https:\/\/twinkling.lv\/wp-content\/uploads\/2021\/06\/Institut-Esthederm-Photo-Reverse-Tonets-loti-augstas-aizsardzibas-fluids-sejai-ar-pigmentacijas-plankumiem-50-ml.jpg","width":1000,"height":1000,"caption":"Institut Esthederm Photo Reverse Ton\u0113ts \u013coti augstas aizsardz\u012bbas flu\u012bds sejai ar pigment\u0101cijas plankumiem 50 ml"},{"@type":"BreadcrumbList","@id":"https:\/\/twinkling.lv\/en\/shop\/institut-esthederm-photo-reverse-tonets-loti-augstas-aizsardzibas-fluids-sejai-ar-pigmentacijas-plankumiem-50-ml\/#breadcrumb","itemListElement":[{"@type":"ListItem","position":1,"name":"\u0413\u043b\u0430\u0432\u043d\u0430\u044f \u0441\u0442\u0440\u0430\u043d\u0438\u0446\u0430","item":"https:\/\/twinkling.lv\/en\/"},{"@type":"ListItem","position":2,"name":"Shop","item":"https:\/\/twinkling.lv\/en\/shop\/"},{"@type":"ListItem","position":3,"name":"Institut Esthederm Photo Reverse C tone &#8211; fluid with a very high level of sun protection for facial skin impaired 50 ml"}]},{"@type":"WebSite","@id":"https:\/\/twinkling.lv\/en\/#website","url":"https:\/\/twinkling.lv\/en\/","name":"Twinkling","description":"Vesel\u012bba un Skaistums","publisher":{"@id":"https:\/\/twinkling.lv\/en\/#organization"},"potentialAction":[{"@type":"SearchAction","target":{"@type":"EntryPoint","urlTemplate":"https:\/\/twinkling.lv\/en\/?s={search_term_string}"},"query-input":{"@type":"PropertyValueSpecification","valueRequired":true,"valueName":"search_term_string"}}],"inLanguage":"en-US"},{"@type":"Organization","@id":"https:\/\/twinkling.lv\/en\/#organization","name":"SIA TORANS","url":"https:\/\/twinkling.lv\/en\/","logo":{"@type":"ImageObject","inLanguage":"en-US","@id":"https:\/\/twinkling.lv\/en\/#\/schema\/logo\/image\/","url":"https:\/\/twinkling.lv\/wp-content\/uploads\/2022\/02\/twinkling-main-logo.jpg","contentUrl":"https:\/\/twinkling.lv\/wp-content\/uploads\/2022\/02\/twinkling-main-logo.jpg","width":250,"height":100,"caption":"SIA TORANS"},"image":{"@id":"https:\/\/twinkling.lv\/en\/#\/schema\/logo\/image\/"}}]}},"_links":{"self":[{"href":"https:\/\/twinkling.lv\/en\/wp-json\/wp\/v2\/product\/11619","targetHints":{"allow":["GET"]}}],"collection":[{"href":"https:\/\/twinkling.lv\/en\/wp-json\/wp\/v2\/product"}],"about":[{"href":"https:\/\/twinkling.lv\/en\/wp-json\/wp\/v2\/types\/product"}],"replies":[{"embeddable":true,"href":"https:\/\/twinkling.lv\/en\/wp-json\/wp\/v2\/comments?post=11619"}],"wp:featuredmedia":[{"embeddable":true,"href":"https:\/\/twinkling.lv\/en\/wp-json\/wp\/v2\/media\/8979"}],"wp:attachment":[{"href":"https:\/\/twinkling.lv\/en\/wp-json\/wp\/v2\/media?parent=11619"}],"wp:term":[{"taxonomy":"product_brand","embeddable":true,"href":"https:\/\/twinkling.lv\/en\/wp-json\/wp\/v2\/product_brand?post=11619"},{"taxonomy":"product_cat","embeddable":true,"href":"https:\/\/twinkling.lv\/en\/wp-json\/wp\/v2\/product_cat?post=11619"},{"taxonomy":"product_tag","embeddable":true,"href":"https:\/\/twinkling.lv\/en\/wp-json\/wp\/v2\/product_tag?post=11619"}],"curies":[{"name":"wp","href":"https:\/\/api.w.org\/{rel}","templated":true}]}}